{"id":99998,"date":"2026-01-29T12:03:23","date_gmt":"2026-01-29T11:03:23","guid":{"rendered":"https:\/\/www.editorialjuventud.es\/el-nino-ballena-9788426149534\/"},"modified":"2026-02-24T13:05:43","modified_gmt":"2026-02-24T12:05:43","slug":"el-nino-ballena-9788426149534","status":"publish","type":"product","link":"https:\/\/www.editorialjuventud.es\/ca\/el-nino-ballena-9788426149534\/","title":{"rendered":"El ni\u00f1o ballena"},"content":{"rendered":"<p>Roger tiene una ballena dentro, y esto hace que sea un poco distinto a sus compa\u00f1eros. A estos les encanta hablar y re\u00edr ruidosamente, pero Roger prefiere el silencio y la calma. Como una ballena dentro del mar. Cuando llega su cumplea\u00f1os, Roger busca refugio del mundo exterior dentro de s\u00ed, acompa\u00f1ado de su gran amiga. Pero un regalo inesperado lo invita a salir a la superficie y empezar a presentar su ballena a amigos y compa\u00f1eros. Desde entonces, su mar ha crecido.<br \/>\nEl ni\u00f1o ballena es una invitaci\u00f3n a conocer el mundo interior de Roger, y de muchos otros ni\u00f1os y ni\u00f1as como \u00e9l. Con una aguda sensibilidad, tanto el breve, pero potente texto, como las magn\u00edficas y evocadoras ilustraciones que lo acompa\u00f1an nos hacen viajar a trav\u00e9s de las olas, para acercarnos a la experiencia de la neurodivergencia.<\/p>\n","protected":false},"excerpt":{"rendered":"Roger tiene una ballena dentro, y esto hace que sea un poco distinto a sus compa\u00f1eros. A estos les encanta hablar y re\u00edr ruidosamente, pero Roger prefiere el silencio y la calma. Como una ballena dentro del mar. Cuando llega [&hellip;]","protected":false},"featured_media":100836,"template":"","meta":{"_acf_changed":false,"_exactmetrics_skip_tracking":false,"_exactmetrics_sitenote_active":false,"_exactmetrics_sitenote_note":"","_exactmetrics_sitenote_category":0},"product_brand":[],"product_cat":[900,1121,1136,1220,1163,1285,1173,909,1193,910],"product_tag":[],"coleccion":[928,998],"class_list":{"0":"post-99998","1":"product","2":"type-product","3":"status-publish","4":"has-post-thumbnail","6":"product_cat-a-partir-de-5-anos","7":"product_cat-albumes-ilustrados","8":"product_cat-amistad","9":"product_cat-convivencia-relaciones-interculturales","10":"product_cat-discapacidad-diversidad-funcional","11":"product_cat-diversidad-integracion","12":"product_cat-escuela","13":"product_cat-este-mes","14":"product_cat-mar-oceano","15":"product_cat-ultimas-novedades","16":"coleccion-albumes-ilustrados","17":"coleccion-para-hablar-en-familia","19":"first","20":"instock","21":"taxable","22":"shipping-taxable","23":"purchasable","24":"product-type-simple"},"acf":{"autor":"Lima, Lulu; Gregorini, Nat\u00e1lia","codart":"4953","ediciones":"1","encuadernacion":"Carton\u00e9","fecha_de_publicacion":"01\/02\/2026","novedad":"0","paginas":"76","subtitulo":"","texto_web_adicional":"","texto_web_novedad":"","orden":"999","portada":"0","texto_web_resaltado":"","autores-libros":[99996],"ilustradores-libros":[99997],"traductores-libros":[99995],"descripcion_corta":"","recomendamos":"","mas_vendido":"","indice":"","idioma-libro":"","fecha_de_reimpresion":"","color":false,"formato":"","mas_informacion_del_producto":false,"premios":false,"deshabilitar_compra":[],"texto_enlace_cubierta":"","enlace_cubierta":false,"texto_enlace_ficha_tecnica":"","enlace_ficha_tecnica":{"ID":101584,"id":101584,"title":"Ficha_elni\u00f1oballena","filename":"Ficha_elninoballena.pdf","filesize":2244718,"url":"https:\/\/www.editorialjuventud.es\/wp-content\/uploads\/Ficha_elninoballena.pdf","link":"https:\/\/www.editorialjuventud.es\/ca\/?attachment_id=101584","alt":"","author":"1519","description":"","caption":"","name":"ficha_elninoballena","status":"inherit","uploaded_to":99998,"date":"2026-02-10 09:58:41","modified":"2026-02-10 09:58:41","menu_order":0,"mime_type":"application\/pdf","type":"application","subtype":"pdf","icon":"https:\/\/www.editorialjuventud.es\/wp-includes\/images\/media\/document.png"},"ficheros":false,"titulo-fr":"","texto-fr":""},"yoast_head":"<!-- This site is optimized with the Yoast SEO plugin v27.3 - https:\/\/yoast.com\/product\/yoast-seo-wordpress\/ -->\n<title>El ni\u00f1o ballena - Editorial Juventud<\/title>\n<meta name=\"description\" content=\"Roger tiene una ballena dentro, y esto hace que sea un poco distinto a sus compa\u00f1eros. A estos les encanta hablar y re\u00edr ruidosamente, pero Roger prefiere\" \/>\n<meta name=\"robots\" content=\"index, follow, max-snippet:-1, max-image-preview:large, max-video-preview:-1\" \/>\n<link rel=\"canonical\" href=\"https:\/\/www.editorialjuventud.es\/el-nino-ballena-9788426149534\/\" \/>\n<meta property=\"og:locale\" content=\"ca_ES\" \/>\n<meta property=\"og:type\" content=\"article\" \/>\n<meta property=\"og:title\" content=\"El ni\u00f1o ballena - Editorial Juventud\" \/>\n<meta property=\"og:description\" content=\"Roger tiene una ballena dentro, y esto hace que sea un poco distinto a sus compa\u00f1eros. A estos les encanta hablar y re\u00edr ruidosamente, pero Roger prefiere\" \/>\n<meta property=\"og:url\" content=\"https:\/\/www.editorialjuventud.es\/el-nino-ballena-9788426149534\/\" \/>\n<meta property=\"og:site_name\" content=\"Editorial Juventud\" \/>\n<meta property=\"article:modified_time\" content=\"2026-02-24T12:05:43+00:00\" \/>\n<meta property=\"og:image\" content=\"https:\/\/www.editorialjuventud.es\/wp-content\/uploads\/9788426149534-1.jpg\" \/>\n\t<meta property=\"og:image:width\" content=\"2000\" \/>\n\t<meta property=\"og:image:height\" content=\"1510\" \/>\n\t<meta property=\"og:image:type\" content=\"image\/jpeg\" \/>\n<meta name=\"twitter:card\" content=\"summary_large_image\" \/>\n<meta name=\"twitter:label1\" content=\"Temps estimat de lectura\" \/>\n\t<meta name=\"twitter:data1\" content=\"1 minut\" \/>\n<script type=\"application\/ld+json\" class=\"yoast-schema-graph\">{\"@context\":\"https:\\\/\\\/schema.org\",\"@graph\":[{\"@type\":\"WebPage\",\"@id\":\"https:\\\/\\\/www.editorialjuventud.es\\\/el-nino-ballena-9788426149534\\\/\",\"url\":\"https:\\\/\\\/www.editorialjuventud.es\\\/el-nino-ballena-9788426149534\\\/\",\"name\":\"El ni\u00f1o ballena - Editorial Juventud\",\"isPartOf\":{\"@id\":\"https:\\\/\\\/www.editorialjuventud.es\\\/#website\"},\"primaryImageOfPage\":{\"@id\":\"https:\\\/\\\/www.editorialjuventud.es\\\/el-nino-ballena-9788426149534\\\/#primaryimage\"},\"image\":{\"@id\":\"https:\\\/\\\/www.editorialjuventud.es\\\/el-nino-ballena-9788426149534\\\/#primaryimage\"},\"thumbnailUrl\":\"https:\\\/\\\/www.editorialjuventud.es\\\/wp-content\\\/uploads\\\/9788426149534-1.jpg\",\"datePublished\":\"2026-01-29T11:03:23+00:00\",\"dateModified\":\"2026-02-24T12:05:43+00:00\",\"description\":\"Roger tiene una ballena dentro, y esto hace que sea un poco distinto a sus compa\u00f1eros. A estos les encanta hablar y re\u00edr ruidosamente, pero Roger prefiere\",\"breadcrumb\":{\"@id\":\"https:\\\/\\\/www.editorialjuventud.es\\\/el-nino-ballena-9788426149534\\\/#breadcrumb\"},\"inLanguage\":\"ca\",\"potentialAction\":[{\"@type\":\"ReadAction\",\"target\":[\"https:\\\/\\\/www.editorialjuventud.es\\\/el-nino-ballena-9788426149534\\\/\"]}]},{\"@type\":\"ImageObject\",\"inLanguage\":\"ca\",\"@id\":\"https:\\\/\\\/www.editorialjuventud.es\\\/el-nino-ballena-9788426149534\\\/#primaryimage\",\"url\":\"https:\\\/\\\/www.editorialjuventud.es\\\/wp-content\\\/uploads\\\/9788426149534-1.jpg\",\"contentUrl\":\"https:\\\/\\\/www.editorialjuventud.es\\\/wp-content\\\/uploads\\\/9788426149534-1.jpg\",\"width\":2000,\"height\":1510,\"caption\":\"9788426149534.jpg\"},{\"@type\":\"BreadcrumbList\",\"@id\":\"https:\\\/\\\/www.editorialjuventud.es\\\/el-nino-ballena-9788426149534\\\/#breadcrumb\",\"itemListElement\":[{\"@type\":\"ListItem\",\"position\":1,\"name\":\"Portada\",\"item\":\"https:\\\/\\\/www.editorialjuventud.es\\\/\"},{\"@type\":\"ListItem\",\"position\":2,\"name\":\"cat\u00e1logo\",\"item\":\"https:\\\/\\\/www.editorialjuventud.es\\\/coleccion\\\/catalogo\\\/\"},{\"@type\":\"ListItem\",\"position\":3,\"name\":\"castellano\",\"item\":\"https:\\\/\\\/www.editorialjuventud.es\\\/coleccion\\\/castellano\\\/\"},{\"@type\":\"ListItem\",\"position\":4,\"name\":\"\u00c1lbumes Ilustrados\",\"item\":\"https:\\\/\\\/www.editorialjuventud.es\\\/coleccion\\\/albumes-ilustrados\\\/\"},{\"@type\":\"ListItem\",\"position\":5,\"name\":\"Para Hablar en Familia\",\"item\":\"https:\\\/\\\/www.editorialjuventud.es\\\/coleccion\\\/para-hablar-en-familia\\\/\"},{\"@type\":\"ListItem\",\"position\":6,\"name\":\"El ni\u00f1o ballena\"}]},{\"@type\":\"WebSite\",\"@id\":\"https:\\\/\\\/www.editorialjuventud.es\\\/#website\",\"url\":\"https:\\\/\\\/www.editorialjuventud.es\\\/\",\"name\":\"Editorial Juventud\",\"description\":\"\",\"potentialAction\":[{\"@type\":\"SearchAction\",\"target\":{\"@type\":\"EntryPoint\",\"urlTemplate\":\"https:\\\/\\\/www.editorialjuventud.es\\\/?s={search_term_string}\"},\"query-input\":{\"@type\":\"PropertyValueSpecification\",\"valueRequired\":true,\"valueName\":\"search_term_string\"}}],\"inLanguage\":\"ca\"}]}<\/script>\n<!-- \/ Yoast SEO plugin. -->","yoast_head_json":{"title":"El ni\u00f1o ballena - Editorial Juventud","description":"Roger tiene una ballena dentro, y esto hace que sea un poco distinto a sus compa\u00f1eros. A estos les encanta hablar y re\u00edr ruidosamente, pero Roger prefiere","robots":{"index":"index","follow":"follow","max-snippet":"max-snippet:-1","max-image-preview":"max-image-preview:large","max-video-preview":"max-video-preview:-1"},"canonical":"https:\/\/www.editorialjuventud.es\/el-nino-ballena-9788426149534\/","og_locale":"ca_ES","og_type":"article","og_title":"El ni\u00f1o ballena - Editorial Juventud","og_description":"Roger tiene una ballena dentro, y esto hace que sea un poco distinto a sus compa\u00f1eros. A estos les encanta hablar y re\u00edr ruidosamente, pero Roger prefiere","og_url":"https:\/\/www.editorialjuventud.es\/el-nino-ballena-9788426149534\/","og_site_name":"Editorial Juventud","article_modified_time":"2026-02-24T12:05:43+00:00","og_image":[{"url":"https:\/\/www.editorialjuventud.es\/wp-content\/uploads\/9788426149534-1.jpg","width":2000,"height":1510,"type":"image\/jpeg"}],"twitter_card":"summary_large_image","twitter_misc":{"Temps estimat de lectura":"1 minut"},"schema":{"@context":"https:\/\/schema.org","@graph":[{"@type":"WebPage","@id":"https:\/\/www.editorialjuventud.es\/el-nino-ballena-9788426149534\/","url":"https:\/\/www.editorialjuventud.es\/el-nino-ballena-9788426149534\/","name":"El ni\u00f1o ballena - Editorial Juventud","isPartOf":{"@id":"https:\/\/www.editorialjuventud.es\/#website"},"primaryImageOfPage":{"@id":"https:\/\/www.editorialjuventud.es\/el-nino-ballena-9788426149534\/#primaryimage"},"image":{"@id":"https:\/\/www.editorialjuventud.es\/el-nino-ballena-9788426149534\/#primaryimage"},"thumbnailUrl":"https:\/\/www.editorialjuventud.es\/wp-content\/uploads\/9788426149534-1.jpg","datePublished":"2026-01-29T11:03:23+00:00","dateModified":"2026-02-24T12:05:43+00:00","description":"Roger tiene una ballena dentro, y esto hace que sea un poco distinto a sus compa\u00f1eros. A estos les encanta hablar y re\u00edr ruidosamente, pero Roger prefiere","breadcrumb":{"@id":"https:\/\/www.editorialjuventud.es\/el-nino-ballena-9788426149534\/#breadcrumb"},"inLanguage":"ca","potentialAction":[{"@type":"ReadAction","target":["https:\/\/www.editorialjuventud.es\/el-nino-ballena-9788426149534\/"]}]},{"@type":"ImageObject","inLanguage":"ca","@id":"https:\/\/www.editorialjuventud.es\/el-nino-ballena-9788426149534\/#primaryimage","url":"https:\/\/www.editorialjuventud.es\/wp-content\/uploads\/9788426149534-1.jpg","contentUrl":"https:\/\/www.editorialjuventud.es\/wp-content\/uploads\/9788426149534-1.jpg","width":2000,"height":1510,"caption":"9788426149534.jpg"},{"@type":"BreadcrumbList","@id":"https:\/\/www.editorialjuventud.es\/el-nino-ballena-9788426149534\/#breadcrumb","itemListElement":[{"@type":"ListItem","position":1,"name":"Portada","item":"https:\/\/www.editorialjuventud.es\/"},{"@type":"ListItem","position":2,"name":"cat\u00e1logo","item":"https:\/\/www.editorialjuventud.es\/coleccion\/catalogo\/"},{"@type":"ListItem","position":3,"name":"castellano","item":"https:\/\/www.editorialjuventud.es\/coleccion\/castellano\/"},{"@type":"ListItem","position":4,"name":"\u00c1lbumes Ilustrados","item":"https:\/\/www.editorialjuventud.es\/coleccion\/albumes-ilustrados\/"},{"@type":"ListItem","position":5,"name":"Para Hablar en Familia","item":"https:\/\/www.editorialjuventud.es\/coleccion\/para-hablar-en-familia\/"},{"@type":"ListItem","position":6,"name":"El ni\u00f1o ballena"}]},{"@type":"WebSite","@id":"https:\/\/www.editorialjuventud.es\/#website","url":"https:\/\/www.editorialjuventud.es\/","name":"Editorial Juventud","description":"","potentialAction":[{"@type":"SearchAction","target":{"@type":"EntryPoint","urlTemplate":"https:\/\/www.editorialjuventud.es\/?s={search_term_string}"},"query-input":{"@type":"PropertyValueSpecification","valueRequired":true,"valueName":"search_term_string"}}],"inLanguage":"ca"}]}},"_links":{"self":[{"href":"https:\/\/www.editorialjuventud.es\/ca\/wp-json\/wp\/v2\/product\/99998","targetHints":{"allow":["GET"]}}],"collection":[{"href":"https:\/\/www.editorialjuventud.es\/ca\/wp-json\/wp\/v2\/product"}],"about":[{"href":"https:\/\/www.editorialjuventud.es\/ca\/wp-json\/wp\/v2\/types\/product"}],"wp:featuredmedia":[{"embeddable":true,"href":"https:\/\/www.editorialjuventud.es\/ca\/wp-json\/wp\/v2\/media\/100836"}],"wp:attachment":[{"href":"https:\/\/www.editorialjuventud.es\/ca\/wp-json\/wp\/v2\/media?parent=99998"}],"wp:term":[{"taxonomy":"product_brand","embeddable":true,"href":"https:\/\/www.editorialjuventud.es\/ca\/wp-json\/wp\/v2\/product_brand?post=99998"},{"taxonomy":"product_cat","embeddable":true,"href":"https:\/\/www.editorialjuventud.es\/ca\/wp-json\/wp\/v2\/product_cat?post=99998"},{"taxonomy":"product_tag","embeddable":true,"href":"https:\/\/www.editorialjuventud.es\/ca\/wp-json\/wp\/v2\/product_tag?post=99998"},{"taxonomy":"coleccion","embeddable":true,"href":"https:\/\/www.editorialjuventud.es\/ca\/wp-json\/wp\/v2\/coleccion?post=99998"}],"curies":[{"name":"wp","href":"https:\/\/api.w.org\/{rel}","templated":true}]}}