{"id":97803,"date":"2025-10-27T09:25:41","date_gmt":"2025-10-27T08:25:41","guid":{"rendered":"https:\/\/www.editorialjuventud.es\/heroes-del-hospital-al-rescate-9788426149572\/"},"modified":"2026-03-24T08:35:44","modified_gmt":"2026-03-24T07:35:44","slug":"heroes-del-hospital-al-rescate-9788426149572","status":"publish","type":"product","link":"https:\/\/www.editorialjuventud.es\/ca\/heroes-del-hospital-al-rescate-9788426149572\/","title":{"rendered":"\u00a1H\u00e9roes del hospital al rescate!"},"content":{"rendered":"<p>\u00a1Empieza una nueva jornada en Valle Alegre! Es el d\u00eda antes del Gran Desfile, donde actuar\u00e1 el asombroso L\u00e9mur orquesta, y Valle Alegre se est\u00e1 preparando; pero \u00a1cuidado! Riiing-riiing, niiinoo- niiinooo, suenan los tel\u00e9fonos y las alarmas, y las ambulancias salen r\u00e1pidamente a buscar al paciente. \u00a1Oh, no! Es L\u00e9mur, \u00bfahora qu\u00e9 pasar\u00e1 con el Gran Desfile?<br \/>\nEn esta segunda entrega de la serie Valle Alegre en acci\u00f3n, seguimos a todo el equipo m\u00e9dico del hospital, y a trav\u00e9s de ilustraciones muy ricas en detalles, conoceremos todo el material, las herramientas, el vestuario y las infraestructuras que utiliza el personal sanitario , mediante un hilo narrativo que hace avanzar la historia. El libro tambi\u00e9n cuenta con unas p\u00e1ginas interactivas al final.<\/p>\n","protected":false},"excerpt":{"rendered":"\u00a1Empieza una nueva jornada en Valle Alegre! Es el d\u00eda antes del Gran Desfile, donde actuar\u00e1 el asombroso L\u00e9mur orquesta, y Valle Alegre se est\u00e1 preparando; pero \u00a1cuidado! Riiing-riiing, niiinoo- niiinooo, suenan los tel\u00e9fonos y las alarmas, y las ambulancias [&hellip;]","protected":false},"featured_media":97804,"template":"","meta":{"_acf_changed":false,"_exactmetrics_skip_tracking":false,"_exactmetrics_sitenote_active":false,"_exactmetrics_sitenote_note":"","_exactmetrics_sitenote_category":0},"product_brand":[],"product_cat":[900,1121,1138,1156,909,1177,1215,1227,910],"product_tag":[],"coleccion":[928,916,987],"class_list":{"0":"post-97803","1":"product","2":"type-product","3":"status-publish","4":"has-post-thumbnail","6":"product_cat-a-partir-de-5-anos","7":"product_cat-albumes-ilustrados","8":"product_cat-animales","9":"product_cat-cooperacion","10":"product_cat-este-mes","11":"product_cat-funcionamiento-de-las-cosas","12":"product_cat-profesiones-trabajo","13":"product_cat-transportes","14":"product_cat-ultimas-novedades","15":"coleccion-albumes-ilustrados","16":"coleccion-castellano","17":"coleccion-conocer-y-comprender","19":"first","20":"instock","21":"taxable","22":"shipping-taxable","23":"purchasable","24":"product-type-simple"},"acf":{"autor":"Alley, R.W.","codart":"4957","ediciones":"1","encuadernacion":"Carton\u00e9","fecha_de_publicacion":"01\/11\/2025","novedad":"0","paginas":"40","subtitulo":"","texto_web_adicional":"","texto_web_novedad":"","orden":"999","portada":"0","texto_web_resaltado":"","autores-libros":[79899],"traductores-libros":[58414],"descripcion_corta":"","recomendamos":"","mas_vendido":"","indice":"","ilustradores-libros":"","idioma-libro":"","fecha_de_reimpresion":"","color":false,"formato":"","mas_informacion_del_producto":false,"premios":false,"deshabilitar_compra":[],"texto_enlace_cubierta":"","enlace_cubierta":false,"texto_enlace_ficha_tecnica":"","enlace_ficha_tecnica":{"ID":99414,"id":99414,"title":"Heroes del hospital al rescate_CAST","filename":"Heroes-del-hospital-al-rescate_CAST.pdf","filesize":2860711,"url":"https:\/\/www.editorialjuventud.es\/wp-content\/uploads\/Heroes-del-hospital-al-rescate_CAST.pdf","link":"https:\/\/www.editorialjuventud.es\/ca\/?attachment_id=99414","alt":"","author":"1519","description":"","caption":"","name":"heroes-del-hospital-al-rescate_cast","status":"inherit","uploaded_to":97803,"date":"2025-11-03 11:49:43","modified":"2025-11-03 11:49:43","menu_order":0,"mime_type":"application\/pdf","type":"application","subtype":"pdf","icon":"https:\/\/www.editorialjuventud.es\/wp-includes\/images\/media\/document.png"},"ficheros":false,"titulo-fr":"","texto-fr":""},"yoast_head":"<!-- This site is optimized with the Yoast SEO plugin v27.3 - https:\/\/yoast.com\/product\/yoast-seo-wordpress\/ -->\n<title>\u00a1H\u00e9roes del hospital al rescate! - Editorial Juventud<\/title>\n<meta name=\"description\" content=\"\u00a1Empieza una nueva jornada en Valle Alegre! Es el d\u00eda antes del Gran Desfile, donde actuar\u00e1 el asombroso L\u00e9mur orquesta, y Valle Alegre se est\u00e1\" \/>\n<meta name=\"robots\" content=\"index, follow, max-snippet:-1, max-image-preview:large, max-video-preview:-1\" \/>\n<link rel=\"canonical\" href=\"https:\/\/www.editorialjuventud.es\/heroes-del-hospital-al-rescate-9788426149572\/\" \/>\n<meta property=\"og:locale\" content=\"ca_ES\" \/>\n<meta property=\"og:type\" content=\"article\" \/>\n<meta property=\"og:title\" content=\"\u00a1H\u00e9roes del hospital al rescate! - Editorial Juventud\" \/>\n<meta property=\"og:description\" content=\"\u00a1Empieza una nueva jornada en Valle Alegre! Es el d\u00eda antes del Gran Desfile, donde actuar\u00e1 el asombroso L\u00e9mur orquesta, y Valle Alegre se est\u00e1\" \/>\n<meta property=\"og:url\" content=\"https:\/\/www.editorialjuventud.es\/heroes-del-hospital-al-rescate-9788426149572\/\" \/>\n<meta property=\"og:site_name\" content=\"Editorial Juventud\" \/>\n<meta property=\"article:modified_time\" content=\"2026-03-24T07:35:44+00:00\" \/>\n<meta property=\"og:image\" content=\"https:\/\/www.editorialjuventud.es\/wp-content\/uploads\/9788426149572.jpg\" \/>\n\t<meta property=\"og:image:width\" content=\"1539\" \/>\n\t<meta property=\"og:image:height\" content=\"2000\" \/>\n\t<meta property=\"og:image:type\" content=\"image\/jpeg\" \/>\n<meta name=\"twitter:card\" content=\"summary_large_image\" \/>\n<meta name=\"twitter:label1\" content=\"Temps estimat de lectura\" \/>\n\t<meta name=\"twitter:data1\" content=\"1 minut\" \/>\n<script type=\"application\/ld+json\" class=\"yoast-schema-graph\">{\"@context\":\"https:\\\/\\\/schema.org\",\"@graph\":[{\"@type\":\"WebPage\",\"@id\":\"https:\\\/\\\/www.editorialjuventud.es\\\/heroes-del-hospital-al-rescate-9788426149572\\\/\",\"url\":\"https:\\\/\\\/www.editorialjuventud.es\\\/heroes-del-hospital-al-rescate-9788426149572\\\/\",\"name\":\"\u00a1H\u00e9roes del hospital al rescate! - Editorial Juventud\",\"isPartOf\":{\"@id\":\"https:\\\/\\\/www.editorialjuventud.es\\\/#website\"},\"primaryImageOfPage\":{\"@id\":\"https:\\\/\\\/www.editorialjuventud.es\\\/heroes-del-hospital-al-rescate-9788426149572\\\/#primaryimage\"},\"image\":{\"@id\":\"https:\\\/\\\/www.editorialjuventud.es\\\/heroes-del-hospital-al-rescate-9788426149572\\\/#primaryimage\"},\"thumbnailUrl\":\"https:\\\/\\\/www.editorialjuventud.es\\\/wp-content\\\/uploads\\\/9788426149572.jpg\",\"datePublished\":\"2025-10-27T08:25:41+00:00\",\"dateModified\":\"2026-03-24T07:35:44+00:00\",\"description\":\"\u00a1Empieza una nueva jornada en Valle Alegre! Es el d\u00eda antes del Gran Desfile, donde actuar\u00e1 el asombroso L\u00e9mur orquesta, y Valle Alegre se est\u00e1\",\"breadcrumb\":{\"@id\":\"https:\\\/\\\/www.editorialjuventud.es\\\/heroes-del-hospital-al-rescate-9788426149572\\\/#breadcrumb\"},\"inLanguage\":\"ca\",\"potentialAction\":[{\"@type\":\"ReadAction\",\"target\":[\"https:\\\/\\\/www.editorialjuventud.es\\\/heroes-del-hospital-al-rescate-9788426149572\\\/\"]}]},{\"@type\":\"ImageObject\",\"inLanguage\":\"ca\",\"@id\":\"https:\\\/\\\/www.editorialjuventud.es\\\/heroes-del-hospital-al-rescate-9788426149572\\\/#primaryimage\",\"url\":\"https:\\\/\\\/www.editorialjuventud.es\\\/wp-content\\\/uploads\\\/9788426149572.jpg\",\"contentUrl\":\"https:\\\/\\\/www.editorialjuventud.es\\\/wp-content\\\/uploads\\\/9788426149572.jpg\",\"width\":1539,\"height\":2000,\"caption\":\"9788426149572.jpg\"},{\"@type\":\"BreadcrumbList\",\"@id\":\"https:\\\/\\\/www.editorialjuventud.es\\\/heroes-del-hospital-al-rescate-9788426149572\\\/#breadcrumb\",\"itemListElement\":[{\"@type\":\"ListItem\",\"position\":1,\"name\":\"Portada\",\"item\":\"https:\\\/\\\/www.editorialjuventud.es\\\/\"},{\"@type\":\"ListItem\",\"position\":2,\"name\":\"cat\u00e1logo\",\"item\":\"https:\\\/\\\/www.editorialjuventud.es\\\/coleccion\\\/catalogo\\\/\"},{\"@type\":\"ListItem\",\"position\":3,\"name\":\"castellano\",\"item\":\"https:\\\/\\\/www.editorialjuventud.es\\\/coleccion\\\/castellano\\\/\"},{\"@type\":\"ListItem\",\"position\":4,\"name\":\"\u00c1lbumes Ilustrados\",\"item\":\"https:\\\/\\\/www.editorialjuventud.es\\\/coleccion\\\/albumes-ilustrados\\\/\"},{\"@type\":\"ListItem\",\"position\":5,\"name\":\"Conocer y Comprender\",\"item\":\"https:\\\/\\\/www.editorialjuventud.es\\\/coleccion\\\/conocer-y-comprender\\\/\"},{\"@type\":\"ListItem\",\"position\":6,\"name\":\"\u00a1H\u00e9roes del hospital al rescate!\"}]},{\"@type\":\"WebSite\",\"@id\":\"https:\\\/\\\/www.editorialjuventud.es\\\/#website\",\"url\":\"https:\\\/\\\/www.editorialjuventud.es\\\/\",\"name\":\"Editorial Juventud\",\"description\":\"\",\"potentialAction\":[{\"@type\":\"SearchAction\",\"target\":{\"@type\":\"EntryPoint\",\"urlTemplate\":\"https:\\\/\\\/www.editorialjuventud.es\\\/?s={search_term_string}\"},\"query-input\":{\"@type\":\"PropertyValueSpecification\",\"valueRequired\":true,\"valueName\":\"search_term_string\"}}],\"inLanguage\":\"ca\"}]}<\/script>\n<!-- \/ Yoast SEO plugin. -->","yoast_head_json":{"title":"\u00a1H\u00e9roes del hospital al rescate! - Editorial Juventud","description":"\u00a1Empieza una nueva jornada en Valle Alegre! Es el d\u00eda antes del Gran Desfile, donde actuar\u00e1 el asombroso L\u00e9mur orquesta, y Valle Alegre se est\u00e1","robots":{"index":"index","follow":"follow","max-snippet":"max-snippet:-1","max-image-preview":"max-image-preview:large","max-video-preview":"max-video-preview:-1"},"canonical":"https:\/\/www.editorialjuventud.es\/heroes-del-hospital-al-rescate-9788426149572\/","og_locale":"ca_ES","og_type":"article","og_title":"\u00a1H\u00e9roes del hospital al rescate! - Editorial Juventud","og_description":"\u00a1Empieza una nueva jornada en Valle Alegre! Es el d\u00eda antes del Gran Desfile, donde actuar\u00e1 el asombroso L\u00e9mur orquesta, y Valle Alegre se est\u00e1","og_url":"https:\/\/www.editorialjuventud.es\/heroes-del-hospital-al-rescate-9788426149572\/","og_site_name":"Editorial Juventud","article_modified_time":"2026-03-24T07:35:44+00:00","og_image":[{"width":1539,"height":2000,"url":"https:\/\/www.editorialjuventud.es\/wp-content\/uploads\/9788426149572.jpg","type":"image\/jpeg"}],"twitter_card":"summary_large_image","twitter_misc":{"Temps estimat de lectura":"1 minut"},"schema":{"@context":"https:\/\/schema.org","@graph":[{"@type":"WebPage","@id":"https:\/\/www.editorialjuventud.es\/heroes-del-hospital-al-rescate-9788426149572\/","url":"https:\/\/www.editorialjuventud.es\/heroes-del-hospital-al-rescate-9788426149572\/","name":"\u00a1H\u00e9roes del hospital al rescate! - Editorial Juventud","isPartOf":{"@id":"https:\/\/www.editorialjuventud.es\/#website"},"primaryImageOfPage":{"@id":"https:\/\/www.editorialjuventud.es\/heroes-del-hospital-al-rescate-9788426149572\/#primaryimage"},"image":{"@id":"https:\/\/www.editorialjuventud.es\/heroes-del-hospital-al-rescate-9788426149572\/#primaryimage"},"thumbnailUrl":"https:\/\/www.editorialjuventud.es\/wp-content\/uploads\/9788426149572.jpg","datePublished":"2025-10-27T08:25:41+00:00","dateModified":"2026-03-24T07:35:44+00:00","description":"\u00a1Empieza una nueva jornada en Valle Alegre! Es el d\u00eda antes del Gran Desfile, donde actuar\u00e1 el asombroso L\u00e9mur orquesta, y Valle Alegre se est\u00e1","breadcrumb":{"@id":"https:\/\/www.editorialjuventud.es\/heroes-del-hospital-al-rescate-9788426149572\/#breadcrumb"},"inLanguage":"ca","potentialAction":[{"@type":"ReadAction","target":["https:\/\/www.editorialjuventud.es\/heroes-del-hospital-al-rescate-9788426149572\/"]}]},{"@type":"ImageObject","inLanguage":"ca","@id":"https:\/\/www.editorialjuventud.es\/heroes-del-hospital-al-rescate-9788426149572\/#primaryimage","url":"https:\/\/www.editorialjuventud.es\/wp-content\/uploads\/9788426149572.jpg","contentUrl":"https:\/\/www.editorialjuventud.es\/wp-content\/uploads\/9788426149572.jpg","width":1539,"height":2000,"caption":"9788426149572.jpg"},{"@type":"BreadcrumbList","@id":"https:\/\/www.editorialjuventud.es\/heroes-del-hospital-al-rescate-9788426149572\/#breadcrumb","itemListElement":[{"@type":"ListItem","position":1,"name":"Portada","item":"https:\/\/www.editorialjuventud.es\/"},{"@type":"ListItem","position":2,"name":"cat\u00e1logo","item":"https:\/\/www.editorialjuventud.es\/coleccion\/catalogo\/"},{"@type":"ListItem","position":3,"name":"castellano","item":"https:\/\/www.editorialjuventud.es\/coleccion\/castellano\/"},{"@type":"ListItem","position":4,"name":"\u00c1lbumes Ilustrados","item":"https:\/\/www.editorialjuventud.es\/coleccion\/albumes-ilustrados\/"},{"@type":"ListItem","position":5,"name":"Conocer y Comprender","item":"https:\/\/www.editorialjuventud.es\/coleccion\/conocer-y-comprender\/"},{"@type":"ListItem","position":6,"name":"\u00a1H\u00e9roes del hospital al rescate!"}]},{"@type":"WebSite","@id":"https:\/\/www.editorialjuventud.es\/#website","url":"https:\/\/www.editorialjuventud.es\/","name":"Editorial Juventud","description":"","potentialAction":[{"@type":"SearchAction","target":{"@type":"EntryPoint","urlTemplate":"https:\/\/www.editorialjuventud.es\/?s={search_term_string}"},"query-input":{"@type":"PropertyValueSpecification","valueRequired":true,"valueName":"search_term_string"}}],"inLanguage":"ca"}]}},"_links":{"self":[{"href":"https:\/\/www.editorialjuventud.es\/ca\/wp-json\/wp\/v2\/product\/97803","targetHints":{"allow":["GET"]}}],"collection":[{"href":"https:\/\/www.editorialjuventud.es\/ca\/wp-json\/wp\/v2\/product"}],"about":[{"href":"https:\/\/www.editorialjuventud.es\/ca\/wp-json\/wp\/v2\/types\/product"}],"wp:featuredmedia":[{"embeddable":true,"href":"https:\/\/www.editorialjuventud.es\/ca\/wp-json\/wp\/v2\/media\/97804"}],"wp:attachment":[{"href":"https:\/\/www.editorialjuventud.es\/ca\/wp-json\/wp\/v2\/media?parent=97803"}],"wp:term":[{"taxonomy":"product_brand","embeddable":true,"href":"https:\/\/www.editorialjuventud.es\/ca\/wp-json\/wp\/v2\/product_brand?post=97803"},{"taxonomy":"product_cat","embeddable":true,"href":"https:\/\/www.editorialjuventud.es\/ca\/wp-json\/wp\/v2\/product_cat?post=97803"},{"taxonomy":"product_tag","embeddable":true,"href":"https:\/\/www.editorialjuventud.es\/ca\/wp-json\/wp\/v2\/product_tag?post=97803"},{"taxonomy":"coleccion","embeddable":true,"href":"https:\/\/www.editorialjuventud.es\/ca\/wp-json\/wp\/v2\/coleccion?post=97803"}],"curies":[{"name":"wp","href":"https:\/\/api.w.org\/{rel}","templated":true}]}}