{"id":92193,"date":"2025-09-26T09:25:35","date_gmt":"2025-09-26T07:25:35","guid":{"rendered":"https:\/\/www.editorialjuventud.es\/mesuramania-9788426149466\/"},"modified":"2026-03-24T08:35:28","modified_gmt":"2026-03-24T07:35:28","slug":"mesuramania-9788426149466","status":"publish","type":"product","link":"https:\/\/www.editorialjuventud.es\/ca\/mesuramania-9788426149466\/","title":{"rendered":"Mesuramania"},"content":{"rendered":"<p>Al llarg de la hist\u00f2ria, els humans hem sentit una profunda fascinaci\u00f3 per entendre i explicar el que passa al nostre voltant. Aix\u00f2 \u00e9s justament el que busca fer la ci\u00e8ncia, trobar mesures universals que ens ajudin a donar sentit al m\u00f3n que ens rodeja. Segur que coneixes b\u00e9 el sistema m\u00e8tric, o les mesures del temps, per\u00f2 saps com es mesura el pes digital? I la llum i el color? En aquest complet i extraordinari llibre descobrir\u00e0s com tot, absolutament tot, es pot mesurar d&#8217;alguna manera!<br \/>\nKiko S\u00e1nchez ens ofereix una guia extensa i comprensiva, des de les principals mesures del m\u00f3n fins a les m\u00e9s sorprenents i singulars, repassant curiositats del m\u00f3n que ens envolta.<\/p>\n","protected":false},"excerpt":{"rendered":"Al llarg de la hist\u00f2ria, els humans hem sentit una profunda fascinaci\u00f3 per entendre i explicar el que passa al nostre voltant. Aix\u00f2 \u00e9s justament el que busca fer la ci\u00e8ncia, trobar mesures universals que ens ajudin a donar sentit [&hellip;]","protected":false},"featured_media":92194,"template":"","meta":{"_acf_changed":false,"_exactmetrics_skip_tracking":false,"_exactmetrics_sitenote_active":false,"_exactmetrics_sitenote_note":"","_exactmetrics_sitenote_category":0},"product_brand":[],"product_cat":[902,1121,1149,1283,909,1177,1293,910],"product_tag":[],"coleccion":[917,915,946],"class_list":{"0":"post-92193","1":"product","2":"type-product","3":"status-publish","4":"has-post-thumbnail","6":"product_cat-a-partir-de-7-anos","7":"product_cat-albumes-ilustrados","8":"product_cat-ciencia","9":"product_cat-ciencias-naturales","10":"product_cat-este-mes","11":"product_cat-funcionamiento-de-las-cosas","12":"product_cat-tecnologia","13":"product_cat-ultimas-novedades","14":"coleccion-albums-illustrats","15":"coleccion-catala","16":"coleccion-com-i-per-que","18":"first","19":"instock","20":"taxable","21":"shipping-taxable","22":"purchasable","23":"product-type-simple"},"acf":{"autor":"S\u00e1nchez, Kiko","codart":"4946","ediciones":"0","encuadernacion":"Carton\u00e9","fecha_de_publicacion":"01\/10\/2025","novedad":"0","paginas":"48","subtitulo":"Un llibre per prendre mesures!","texto_web_adicional":"","texto_web_novedad":"","orden":"999","portada":"0","texto_web_resaltado":"","autores-libros":[76320],"descripcion_corta":"","recomendamos":"","mas_vendido":"","indice":"","ilustradores-libros":"","traductores-libros":[92197],"idioma-libro":"","fecha_de_reimpresion":"","color":false,"formato":"","mas_informacion_del_producto":false,"premios":false,"deshabilitar_compra":[],"texto_enlace_cubierta":"","enlace_cubierta":{"ID":92194,"id":92194,"title":"9788426149466.jpg","filename":"9788426149466.jpg","filesize":3816884,"url":"https:\/\/www.editorialjuventud.es\/wp-content\/uploads\/9788426149466.jpg","link":"https:\/\/www.editorialjuventud.es\/ca\/?attachment_id=92194","alt":"9788426149466.jpg","author":"2","description":"","caption":"","name":"v2_cover_medida_mania_es-indd-2","status":"inherit","uploaded_to":92193,"date":"2025-09-26 07:25:36","modified":"2025-09-26 07:25:40","menu_order":0,"mime_type":"image\/jpeg","type":"image","subtype":"jpeg","icon":"https:\/\/www.editorialjuventud.es\/wp-includes\/images\/media\/default.png","width":1357,"height":2000,"sizes":{"thumbnail":"https:\/\/www.editorialjuventud.es\/wp-content\/uploads\/9788426149466-200x200.jpg","thumbnail-width":200,"thumbnail-height":200,"medium":"https:\/\/www.editorialjuventud.es\/wp-content\/uploads\/9788426149466.jpg","medium-width":1357,"medium-height":2000,"medium_large":"https:\/\/www.editorialjuventud.es\/wp-content\/uploads\/9788426149466-768x1132.jpg","medium_large-width":768,"medium_large-height":1132,"large":"https:\/\/www.editorialjuventud.es\/wp-content\/uploads\/9788426149466.jpg","large-width":1357,"large-height":2000,"1536x1536":"https:\/\/www.editorialjuventud.es\/wp-content\/uploads\/9788426149466-1042x1536.jpg","1536x1536-width":1042,"1536x1536-height":1536,"2048x2048":"https:\/\/www.editorialjuventud.es\/wp-content\/uploads\/9788426149466.jpg","2048x2048-width":1357,"2048x2048-height":2000,"woocommerce_thumbnail":"https:\/\/www.editorialjuventud.es\/wp-content\/uploads\/9788426149466-350x516.jpg","woocommerce_thumbnail-width":350,"woocommerce_thumbnail-height":516,"woocommerce_single":"https:\/\/www.editorialjuventud.es\/wp-content\/uploads\/9788426149466-900x1326.jpg","woocommerce_single-width":900,"woocommerce_single-height":1326,"woocommerce_gallery_thumbnail":"https:\/\/www.editorialjuventud.es\/wp-content\/uploads\/9788426149466-100x100.jpg","woocommerce_gallery_thumbnail-width":100,"woocommerce_gallery_thumbnail-height":100,"ppec_logo_image_size":"https:\/\/www.editorialjuventud.es\/wp-content\/uploads\/9788426149466.jpg","ppec_logo_image_size-width":41,"ppec_logo_image_size-height":60,"ppec_header_image_size":"https:\/\/www.editorialjuventud.es\/wp-content\/uploads\/9788426149466.jpg","ppec_header_image_size-width":61,"ppec_header_image_size-height":90}},"texto_enlace_ficha_tecnica":"","enlace_ficha_tecnica":{"ID":94579,"id":94579,"title":"Mesuramania_CAT","filename":"Mesuramania_CAT.pdf","filesize":3211899,"url":"https:\/\/www.editorialjuventud.es\/wp-content\/uploads\/Mesuramania_CAT.pdf","link":"https:\/\/www.editorialjuventud.es\/ca\/?attachment_id=94579","alt":"","author":"1519","description":"","caption":"","name":"mesuramania_cat","status":"inherit","uploaded_to":92184,"date":"2025-10-16 07:16:12","modified":"2025-10-16 07:16:12","menu_order":0,"mime_type":"application\/pdf","type":"application","subtype":"pdf","icon":"https:\/\/www.editorialjuventud.es\/wp-includes\/images\/media\/document.png"},"ficheros":false,"titulo-fr":"","texto-fr":""},"yoast_head":"<!-- This site is optimized with the Yoast SEO plugin v27.3 - https:\/\/yoast.com\/product\/yoast-seo-wordpress\/ -->\n<title>Mesuramania - Editorial Juventud<\/title>\n<meta name=\"description\" content=\"Al llarg de la hist\u00f2ria, els humans hem sentit una profunda fascinaci\u00f3 per entendre i explicar el que passa al nostre voltant. Aix\u00f2 \u00e9s justament el que\" \/>\n<meta name=\"robots\" content=\"index, follow, max-snippet:-1, max-image-preview:large, max-video-preview:-1\" \/>\n<link rel=\"canonical\" href=\"https:\/\/www.editorialjuventud.es\/mesuramania-9788426149466\/\" \/>\n<meta property=\"og:locale\" content=\"ca_ES\" \/>\n<meta property=\"og:type\" content=\"article\" \/>\n<meta property=\"og:title\" content=\"Mesuramania - Editorial Juventud\" \/>\n<meta property=\"og:description\" content=\"Al llarg de la hist\u00f2ria, els humans hem sentit una profunda fascinaci\u00f3 per entendre i explicar el que passa al nostre voltant. Aix\u00f2 \u00e9s justament el que\" \/>\n<meta property=\"og:url\" content=\"https:\/\/www.editorialjuventud.es\/mesuramania-9788426149466\/\" \/>\n<meta property=\"og:site_name\" content=\"Editorial Juventud\" \/>\n<meta property=\"article:modified_time\" content=\"2026-03-24T07:35:28+00:00\" \/>\n<meta property=\"og:image\" content=\"https:\/\/www.editorialjuventud.es\/wp-content\/uploads\/9788426149466.jpg\" \/>\n\t<meta property=\"og:image:width\" content=\"1357\" \/>\n\t<meta property=\"og:image:height\" content=\"2000\" \/>\n\t<meta property=\"og:image:type\" content=\"image\/jpeg\" \/>\n<meta name=\"twitter:card\" content=\"summary_large_image\" \/>\n<meta name=\"twitter:label1\" content=\"Temps estimat de lectura\" \/>\n\t<meta name=\"twitter:data1\" content=\"1 minut\" \/>\n<script type=\"application\/ld+json\" class=\"yoast-schema-graph\">{\"@context\":\"https:\\\/\\\/schema.org\",\"@graph\":[{\"@type\":\"WebPage\",\"@id\":\"https:\\\/\\\/www.editorialjuventud.es\\\/mesuramania-9788426149466\\\/\",\"url\":\"https:\\\/\\\/www.editorialjuventud.es\\\/mesuramania-9788426149466\\\/\",\"name\":\"Mesuramania - Editorial Juventud\",\"isPartOf\":{\"@id\":\"https:\\\/\\\/www.editorialjuventud.es\\\/#website\"},\"primaryImageOfPage\":{\"@id\":\"https:\\\/\\\/www.editorialjuventud.es\\\/mesuramania-9788426149466\\\/#primaryimage\"},\"image\":{\"@id\":\"https:\\\/\\\/www.editorialjuventud.es\\\/mesuramania-9788426149466\\\/#primaryimage\"},\"thumbnailUrl\":\"https:\\\/\\\/www.editorialjuventud.es\\\/wp-content\\\/uploads\\\/9788426149466.jpg\",\"datePublished\":\"2025-09-26T07:25:35+00:00\",\"dateModified\":\"2026-03-24T07:35:28+00:00\",\"description\":\"Al llarg de la hist\u00f2ria, els humans hem sentit una profunda fascinaci\u00f3 per entendre i explicar el que passa al nostre voltant. Aix\u00f2 \u00e9s justament el que\",\"breadcrumb\":{\"@id\":\"https:\\\/\\\/www.editorialjuventud.es\\\/mesuramania-9788426149466\\\/#breadcrumb\"},\"inLanguage\":\"ca\",\"potentialAction\":[{\"@type\":\"ReadAction\",\"target\":[\"https:\\\/\\\/www.editorialjuventud.es\\\/mesuramania-9788426149466\\\/\"]}]},{\"@type\":\"ImageObject\",\"inLanguage\":\"ca\",\"@id\":\"https:\\\/\\\/www.editorialjuventud.es\\\/mesuramania-9788426149466\\\/#primaryimage\",\"url\":\"https:\\\/\\\/www.editorialjuventud.es\\\/wp-content\\\/uploads\\\/9788426149466.jpg\",\"contentUrl\":\"https:\\\/\\\/www.editorialjuventud.es\\\/wp-content\\\/uploads\\\/9788426149466.jpg\",\"width\":1357,\"height\":2000,\"caption\":\"9788426149466.jpg\"},{\"@type\":\"BreadcrumbList\",\"@id\":\"https:\\\/\\\/www.editorialjuventud.es\\\/mesuramania-9788426149466\\\/#breadcrumb\",\"itemListElement\":[{\"@type\":\"ListItem\",\"position\":1,\"name\":\"Portada\",\"item\":\"https:\\\/\\\/www.editorialjuventud.es\\\/\"},{\"@type\":\"ListItem\",\"position\":2,\"name\":\"cat\u00e1logo\",\"item\":\"https:\\\/\\\/www.editorialjuventud.es\\\/coleccion\\\/catalogo\\\/\"},{\"@type\":\"ListItem\",\"position\":3,\"name\":\"catal\u00e0\",\"item\":\"https:\\\/\\\/www.editorialjuventud.es\\\/coleccion\\\/catala\\\/\"},{\"@type\":\"ListItem\",\"position\":4,\"name\":\"\u00c0lbums Il\u00b7lustrats\",\"item\":\"https:\\\/\\\/www.editorialjuventud.es\\\/coleccion\\\/albums-il%c2%b7lustrats\\\/\"},{\"@type\":\"ListItem\",\"position\":5,\"name\":\"Com i Per qu\u00e8\",\"item\":\"https:\\\/\\\/www.editorialjuventud.es\\\/coleccion\\\/com-i-per-que\\\/\"},{\"@type\":\"ListItem\",\"position\":6,\"name\":\"Mesuramania\"}]},{\"@type\":\"WebSite\",\"@id\":\"https:\\\/\\\/www.editorialjuventud.es\\\/#website\",\"url\":\"https:\\\/\\\/www.editorialjuventud.es\\\/\",\"name\":\"Editorial Juventud\",\"description\":\"\",\"potentialAction\":[{\"@type\":\"SearchAction\",\"target\":{\"@type\":\"EntryPoint\",\"urlTemplate\":\"https:\\\/\\\/www.editorialjuventud.es\\\/?s={search_term_string}\"},\"query-input\":{\"@type\":\"PropertyValueSpecification\",\"valueRequired\":true,\"valueName\":\"search_term_string\"}}],\"inLanguage\":\"ca\"}]}<\/script>\n<!-- \/ Yoast SEO plugin. -->","yoast_head_json":{"title":"Mesuramania - Editorial Juventud","description":"Al llarg de la hist\u00f2ria, els humans hem sentit una profunda fascinaci\u00f3 per entendre i explicar el que passa al nostre voltant. Aix\u00f2 \u00e9s justament el que","robots":{"index":"index","follow":"follow","max-snippet":"max-snippet:-1","max-image-preview":"max-image-preview:large","max-video-preview":"max-video-preview:-1"},"canonical":"https:\/\/www.editorialjuventud.es\/mesuramania-9788426149466\/","og_locale":"ca_ES","og_type":"article","og_title":"Mesuramania - Editorial Juventud","og_description":"Al llarg de la hist\u00f2ria, els humans hem sentit una profunda fascinaci\u00f3 per entendre i explicar el que passa al nostre voltant. Aix\u00f2 \u00e9s justament el que","og_url":"https:\/\/www.editorialjuventud.es\/mesuramania-9788426149466\/","og_site_name":"Editorial Juventud","article_modified_time":"2026-03-24T07:35:28+00:00","og_image":[{"url":"https:\/\/www.editorialjuventud.es\/wp-content\/uploads\/9788426149466.jpg","width":1357,"height":2000,"type":"image\/jpeg"}],"twitter_card":"summary_large_image","twitter_misc":{"Temps estimat de lectura":"1 minut"},"schema":{"@context":"https:\/\/schema.org","@graph":[{"@type":"WebPage","@id":"https:\/\/www.editorialjuventud.es\/mesuramania-9788426149466\/","url":"https:\/\/www.editorialjuventud.es\/mesuramania-9788426149466\/","name":"Mesuramania - Editorial Juventud","isPartOf":{"@id":"https:\/\/www.editorialjuventud.es\/#website"},"primaryImageOfPage":{"@id":"https:\/\/www.editorialjuventud.es\/mesuramania-9788426149466\/#primaryimage"},"image":{"@id":"https:\/\/www.editorialjuventud.es\/mesuramania-9788426149466\/#primaryimage"},"thumbnailUrl":"https:\/\/www.editorialjuventud.es\/wp-content\/uploads\/9788426149466.jpg","datePublished":"2025-09-26T07:25:35+00:00","dateModified":"2026-03-24T07:35:28+00:00","description":"Al llarg de la hist\u00f2ria, els humans hem sentit una profunda fascinaci\u00f3 per entendre i explicar el que passa al nostre voltant. Aix\u00f2 \u00e9s justament el que","breadcrumb":{"@id":"https:\/\/www.editorialjuventud.es\/mesuramania-9788426149466\/#breadcrumb"},"inLanguage":"ca","potentialAction":[{"@type":"ReadAction","target":["https:\/\/www.editorialjuventud.es\/mesuramania-9788426149466\/"]}]},{"@type":"ImageObject","inLanguage":"ca","@id":"https:\/\/www.editorialjuventud.es\/mesuramania-9788426149466\/#primaryimage","url":"https:\/\/www.editorialjuventud.es\/wp-content\/uploads\/9788426149466.jpg","contentUrl":"https:\/\/www.editorialjuventud.es\/wp-content\/uploads\/9788426149466.jpg","width":1357,"height":2000,"caption":"9788426149466.jpg"},{"@type":"BreadcrumbList","@id":"https:\/\/www.editorialjuventud.es\/mesuramania-9788426149466\/#breadcrumb","itemListElement":[{"@type":"ListItem","position":1,"name":"Portada","item":"https:\/\/www.editorialjuventud.es\/"},{"@type":"ListItem","position":2,"name":"cat\u00e1logo","item":"https:\/\/www.editorialjuventud.es\/coleccion\/catalogo\/"},{"@type":"ListItem","position":3,"name":"catal\u00e0","item":"https:\/\/www.editorialjuventud.es\/coleccion\/catala\/"},{"@type":"ListItem","position":4,"name":"\u00c0lbums Il\u00b7lustrats","item":"https:\/\/www.editorialjuventud.es\/coleccion\/albums-il%c2%b7lustrats\/"},{"@type":"ListItem","position":5,"name":"Com i Per qu\u00e8","item":"https:\/\/www.editorialjuventud.es\/coleccion\/com-i-per-que\/"},{"@type":"ListItem","position":6,"name":"Mesuramania"}]},{"@type":"WebSite","@id":"https:\/\/www.editorialjuventud.es\/#website","url":"https:\/\/www.editorialjuventud.es\/","name":"Editorial Juventud","description":"","potentialAction":[{"@type":"SearchAction","target":{"@type":"EntryPoint","urlTemplate":"https:\/\/www.editorialjuventud.es\/?s={search_term_string}"},"query-input":{"@type":"PropertyValueSpecification","valueRequired":true,"valueName":"search_term_string"}}],"inLanguage":"ca"}]}},"_links":{"self":[{"href":"https:\/\/www.editorialjuventud.es\/ca\/wp-json\/wp\/v2\/product\/92193","targetHints":{"allow":["GET"]}}],"collection":[{"href":"https:\/\/www.editorialjuventud.es\/ca\/wp-json\/wp\/v2\/product"}],"about":[{"href":"https:\/\/www.editorialjuventud.es\/ca\/wp-json\/wp\/v2\/types\/product"}],"wp:featuredmedia":[{"embeddable":true,"href":"https:\/\/www.editorialjuventud.es\/ca\/wp-json\/wp\/v2\/media\/92194"}],"wp:attachment":[{"href":"https:\/\/www.editorialjuventud.es\/ca\/wp-json\/wp\/v2\/media?parent=92193"}],"wp:term":[{"taxonomy":"product_brand","embeddable":true,"href":"https:\/\/www.editorialjuventud.es\/ca\/wp-json\/wp\/v2\/product_brand?post=92193"},{"taxonomy":"product_cat","embeddable":true,"href":"https:\/\/www.editorialjuventud.es\/ca\/wp-json\/wp\/v2\/product_cat?post=92193"},{"taxonomy":"product_tag","embeddable":true,"href":"https:\/\/www.editorialjuventud.es\/ca\/wp-json\/wp\/v2\/product_tag?post=92193"},{"taxonomy":"coleccion","embeddable":true,"href":"https:\/\/www.editorialjuventud.es\/ca\/wp-json\/wp\/v2\/coleccion?post=92193"}],"curies":[{"name":"wp","href":"https:\/\/api.w.org\/{rel}","templated":true}]}}