{"id":92190,"date":"2025-09-26T09:25:27","date_gmt":"2025-09-26T07:25:27","guid":{"rendered":"https:\/\/www.editorialjuventud.es\/medidamania-9788426149459\/"},"modified":"2026-03-24T08:35:23","modified_gmt":"2026-03-24T07:35:23","slug":"medidamania-9788426149459","status":"publish","type":"product","link":"https:\/\/www.editorialjuventud.es\/ca\/medidamania-9788426149459\/","title":{"rendered":"Medidaman\u00eda"},"content":{"rendered":"<p>A lo largo de la historia, los humanos hemos sentido una profunda fascinaci\u00f3n por entender y explicar lo que pasa a nuestro alrededor. Esto es justamente lo que busca hacer la ciencia, encontrar medidas universales que nos ayuden a dar sentido al mundo que nos rodea. Seguro que conoces bien el sistema m\u00e9trico o las medidas del tiempo, pero \u00bfsabes c\u00f3mo se mide el peso digital? \u00bfY la luz y el color? \u00a1En este completo y extraordinario libro descubrir\u00e1s c\u00f3mo todo, absolutamente todo, se puede medir de alguna forma!<br \/>\nKiko S\u00e1nchez nos ofrece una gu\u00eda extensa y comprensiva, desde las principales medidas del mundo hasta las m\u00e1s sorprendentes y singulares, repasando curiosidades del mundo que nos rodea.<\/p>\n","protected":false},"excerpt":{"rendered":"A lo largo de la historia, los humanos hemos sentido una profunda fascinaci\u00f3n por entender y explicar lo que pasa a nuestro alrededor. Esto es justamente lo que busca hacer la ciencia, encontrar medidas universales que nos ayuden a dar [&hellip;]","protected":false},"featured_media":92191,"template":"","meta":{"_acf_changed":false,"_exactmetrics_skip_tracking":false,"_exactmetrics_sitenote_active":false,"_exactmetrics_sitenote_note":"","_exactmetrics_sitenote_category":0},"product_brand":[],"product_cat":[902,1121,1149,1283,909,1177,1293,910],"product_tag":[],"coleccion":[928,987],"class_list":{"0":"post-92190","1":"product","2":"type-product","3":"status-publish","4":"has-post-thumbnail","6":"product_cat-a-partir-de-7-anos","7":"product_cat-albumes-ilustrados","8":"product_cat-ciencia","9":"product_cat-ciencias-naturales","10":"product_cat-este-mes","11":"product_cat-funcionamiento-de-las-cosas","12":"product_cat-tecnologia","13":"product_cat-ultimas-novedades","14":"coleccion-albumes-ilustrados","15":"coleccion-conocer-y-comprender","17":"first","18":"instock","19":"taxable","20":"shipping-taxable","21":"purchasable","22":"product-type-simple"},"acf":{"autor":"S\u00e1nchez, Kiko","codart":"4945","ediciones":"0","encuadernacion":"Carton\u00e9","fecha_de_publicacion":"01\/10\/2025","novedad":"0","paginas":"48","subtitulo":"\u00a1Un libro para tomar medidas!","texto_web_adicional":"","texto_web_novedad":"","orden":"999","portada":"0","texto_web_resaltado":"","autores-libros":[76320],"descripcion_corta":"","recomendamos":"","mas_vendido":"","indice":"","ilustradores-libros":"","traductores-libros":"","idioma-libro":"","fecha_de_reimpresion":"","color":false,"formato":"","mas_informacion_del_producto":false,"premios":false,"deshabilitar_compra":[],"texto_enlace_cubierta":"","enlace_cubierta":{"ID":92191,"id":92191,"title":"9788426149459.jpg","filename":"9788426149459.jpg","filesize":3900551,"url":"https:\/\/www.editorialjuventud.es\/wp-content\/uploads\/9788426149459.jpg","link":"https:\/\/www.editorialjuventud.es\/ca\/?attachment_id=92191","alt":"9788426149459.jpg","author":"2","description":"","caption":"","name":"v2_cover_medida_mania_es-indd","status":"inherit","uploaded_to":92190,"date":"2025-09-26 07:25:28","modified":"2025-09-26 07:25:31","menu_order":0,"mime_type":"image\/jpeg","type":"image","subtype":"jpeg","icon":"https:\/\/www.editorialjuventud.es\/wp-includes\/images\/media\/default.png","width":1358,"height":2000,"sizes":{"thumbnail":"https:\/\/www.editorialjuventud.es\/wp-content\/uploads\/9788426149459-200x200.jpg","thumbnail-width":200,"thumbnail-height":200,"medium":"https:\/\/www.editorialjuventud.es\/wp-content\/uploads\/9788426149459.jpg","medium-width":1358,"medium-height":2000,"medium_large":"https:\/\/www.editorialjuventud.es\/wp-content\/uploads\/9788426149459-768x1131.jpg","medium_large-width":768,"medium_large-height":1131,"large":"https:\/\/www.editorialjuventud.es\/wp-content\/uploads\/9788426149459.jpg","large-width":1358,"large-height":2000,"1536x1536":"https:\/\/www.editorialjuventud.es\/wp-content\/uploads\/9788426149459-1043x1536.jpg","1536x1536-width":1043,"1536x1536-height":1536,"2048x2048":"https:\/\/www.editorialjuventud.es\/wp-content\/uploads\/9788426149459.jpg","2048x2048-width":1358,"2048x2048-height":2000,"woocommerce_thumbnail":"https:\/\/www.editorialjuventud.es\/wp-content\/uploads\/9788426149459-350x515.jpg","woocommerce_thumbnail-width":350,"woocommerce_thumbnail-height":515,"woocommerce_single":"https:\/\/www.editorialjuventud.es\/wp-content\/uploads\/9788426149459-900x1325.jpg","woocommerce_single-width":900,"woocommerce_single-height":1325,"woocommerce_gallery_thumbnail":"https:\/\/www.editorialjuventud.es\/wp-content\/uploads\/9788426149459-100x100.jpg","woocommerce_gallery_thumbnail-width":100,"woocommerce_gallery_thumbnail-height":100,"ppec_logo_image_size":"https:\/\/www.editorialjuventud.es\/wp-content\/uploads\/9788426149459.jpg","ppec_logo_image_size-width":41,"ppec_logo_image_size-height":60,"ppec_header_image_size":"https:\/\/www.editorialjuventud.es\/wp-content\/uploads\/9788426149459.jpg","ppec_header_image_size-width":61,"ppec_header_image_size-height":90}},"texto_enlace_ficha_tecnica":"","enlace_ficha_tecnica":{"ID":94577,"id":94577,"title":"Medidamania_CAST","filename":"Medidamania_CAST.pdf","filesize":3234152,"url":"https:\/\/www.editorialjuventud.es\/wp-content\/uploads\/Medidamania_CAST.pdf","link":"https:\/\/www.editorialjuventud.es\/ca\/?attachment_id=94577","alt":"","author":"1519","description":"","caption":"","name":"medidamania_cast","status":"inherit","uploaded_to":92184,"date":"2025-10-16 07:16:11","modified":"2025-10-16 07:16:11","menu_order":0,"mime_type":"application\/pdf","type":"application","subtype":"pdf","icon":"https:\/\/www.editorialjuventud.es\/wp-includes\/images\/media\/document.png"},"ficheros":false,"titulo-fr":"","texto-fr":""},"yoast_head":"<!-- This site is optimized with the Yoast SEO plugin v27.3 - https:\/\/yoast.com\/product\/yoast-seo-wordpress\/ -->\n<title>Medidaman\u00eda - Editorial Juventud<\/title>\n<meta name=\"description\" content=\"A lo largo de la historia, los humanos hemos sentido una profunda fascinaci\u00f3n por entender y explicar lo que pasa a nuestro alrededor. Esto es justamente\" \/>\n<meta name=\"robots\" content=\"index, follow, max-snippet:-1, max-image-preview:large, max-video-preview:-1\" \/>\n<link rel=\"canonical\" href=\"https:\/\/www.editorialjuventud.es\/medidamania-9788426149459\/\" \/>\n<meta property=\"og:locale\" content=\"ca_ES\" \/>\n<meta property=\"og:type\" content=\"article\" \/>\n<meta property=\"og:title\" content=\"Medidaman\u00eda - Editorial Juventud\" \/>\n<meta property=\"og:description\" content=\"A lo largo de la historia, los humanos hemos sentido una profunda fascinaci\u00f3n por entender y explicar lo que pasa a nuestro alrededor. Esto es justamente\" \/>\n<meta property=\"og:url\" content=\"https:\/\/www.editorialjuventud.es\/medidamania-9788426149459\/\" \/>\n<meta property=\"og:site_name\" content=\"Editorial Juventud\" \/>\n<meta property=\"article:modified_time\" content=\"2026-03-24T07:35:23+00:00\" \/>\n<meta property=\"og:image\" content=\"https:\/\/www.editorialjuventud.es\/wp-content\/uploads\/9788426149459.jpg\" \/>\n\t<meta property=\"og:image:width\" content=\"1358\" \/>\n\t<meta property=\"og:image:height\" content=\"2000\" \/>\n\t<meta property=\"og:image:type\" content=\"image\/jpeg\" \/>\n<meta name=\"twitter:card\" content=\"summary_large_image\" \/>\n<meta name=\"twitter:label1\" content=\"Temps estimat de lectura\" \/>\n\t<meta name=\"twitter:data1\" content=\"1 minut\" \/>\n<script type=\"application\/ld+json\" class=\"yoast-schema-graph\">{\"@context\":\"https:\\\/\\\/schema.org\",\"@graph\":[{\"@type\":\"WebPage\",\"@id\":\"https:\\\/\\\/www.editorialjuventud.es\\\/medidamania-9788426149459\\\/\",\"url\":\"https:\\\/\\\/www.editorialjuventud.es\\\/medidamania-9788426149459\\\/\",\"name\":\"Medidaman\u00eda - Editorial Juventud\",\"isPartOf\":{\"@id\":\"https:\\\/\\\/www.editorialjuventud.es\\\/#website\"},\"primaryImageOfPage\":{\"@id\":\"https:\\\/\\\/www.editorialjuventud.es\\\/medidamania-9788426149459\\\/#primaryimage\"},\"image\":{\"@id\":\"https:\\\/\\\/www.editorialjuventud.es\\\/medidamania-9788426149459\\\/#primaryimage\"},\"thumbnailUrl\":\"https:\\\/\\\/www.editorialjuventud.es\\\/wp-content\\\/uploads\\\/9788426149459.jpg\",\"datePublished\":\"2025-09-26T07:25:27+00:00\",\"dateModified\":\"2026-03-24T07:35:23+00:00\",\"description\":\"A lo largo de la historia, los humanos hemos sentido una profunda fascinaci\u00f3n por entender y explicar lo que pasa a nuestro alrededor. Esto es justamente\",\"breadcrumb\":{\"@id\":\"https:\\\/\\\/www.editorialjuventud.es\\\/medidamania-9788426149459\\\/#breadcrumb\"},\"inLanguage\":\"ca\",\"potentialAction\":[{\"@type\":\"ReadAction\",\"target\":[\"https:\\\/\\\/www.editorialjuventud.es\\\/medidamania-9788426149459\\\/\"]}]},{\"@type\":\"ImageObject\",\"inLanguage\":\"ca\",\"@id\":\"https:\\\/\\\/www.editorialjuventud.es\\\/medidamania-9788426149459\\\/#primaryimage\",\"url\":\"https:\\\/\\\/www.editorialjuventud.es\\\/wp-content\\\/uploads\\\/9788426149459.jpg\",\"contentUrl\":\"https:\\\/\\\/www.editorialjuventud.es\\\/wp-content\\\/uploads\\\/9788426149459.jpg\",\"width\":1358,\"height\":2000,\"caption\":\"9788426149459.jpg\"},{\"@type\":\"BreadcrumbList\",\"@id\":\"https:\\\/\\\/www.editorialjuventud.es\\\/medidamania-9788426149459\\\/#breadcrumb\",\"itemListElement\":[{\"@type\":\"ListItem\",\"position\":1,\"name\":\"Portada\",\"item\":\"https:\\\/\\\/www.editorialjuventud.es\\\/\"},{\"@type\":\"ListItem\",\"position\":2,\"name\":\"cat\u00e1logo\",\"item\":\"https:\\\/\\\/www.editorialjuventud.es\\\/coleccion\\\/catalogo\\\/\"},{\"@type\":\"ListItem\",\"position\":3,\"name\":\"castellano\",\"item\":\"https:\\\/\\\/www.editorialjuventud.es\\\/coleccion\\\/castellano\\\/\"},{\"@type\":\"ListItem\",\"position\":4,\"name\":\"\u00c1lbumes Ilustrados\",\"item\":\"https:\\\/\\\/www.editorialjuventud.es\\\/coleccion\\\/albumes-ilustrados\\\/\"},{\"@type\":\"ListItem\",\"position\":5,\"name\":\"Conocer y Comprender\",\"item\":\"https:\\\/\\\/www.editorialjuventud.es\\\/coleccion\\\/conocer-y-comprender\\\/\"},{\"@type\":\"ListItem\",\"position\":6,\"name\":\"Medidaman\u00eda\"}]},{\"@type\":\"WebSite\",\"@id\":\"https:\\\/\\\/www.editorialjuventud.es\\\/#website\",\"url\":\"https:\\\/\\\/www.editorialjuventud.es\\\/\",\"name\":\"Editorial Juventud\",\"description\":\"\",\"potentialAction\":[{\"@type\":\"SearchAction\",\"target\":{\"@type\":\"EntryPoint\",\"urlTemplate\":\"https:\\\/\\\/www.editorialjuventud.es\\\/?s={search_term_string}\"},\"query-input\":{\"@type\":\"PropertyValueSpecification\",\"valueRequired\":true,\"valueName\":\"search_term_string\"}}],\"inLanguage\":\"ca\"}]}<\/script>\n<!-- \/ Yoast SEO plugin. -->","yoast_head_json":{"title":"Medidaman\u00eda - Editorial Juventud","description":"A lo largo de la historia, los humanos hemos sentido una profunda fascinaci\u00f3n por entender y explicar lo que pasa a nuestro alrededor. Esto es justamente","robots":{"index":"index","follow":"follow","max-snippet":"max-snippet:-1","max-image-preview":"max-image-preview:large","max-video-preview":"max-video-preview:-1"},"canonical":"https:\/\/www.editorialjuventud.es\/medidamania-9788426149459\/","og_locale":"ca_ES","og_type":"article","og_title":"Medidaman\u00eda - Editorial Juventud","og_description":"A lo largo de la historia, los humanos hemos sentido una profunda fascinaci\u00f3n por entender y explicar lo que pasa a nuestro alrededor. Esto es justamente","og_url":"https:\/\/www.editorialjuventud.es\/medidamania-9788426149459\/","og_site_name":"Editorial Juventud","article_modified_time":"2026-03-24T07:35:23+00:00","og_image":[{"url":"https:\/\/www.editorialjuventud.es\/wp-content\/uploads\/9788426149459.jpg","width":1358,"height":2000,"type":"image\/jpeg"}],"twitter_card":"summary_large_image","twitter_misc":{"Temps estimat de lectura":"1 minut"},"schema":{"@context":"https:\/\/schema.org","@graph":[{"@type":"WebPage","@id":"https:\/\/www.editorialjuventud.es\/medidamania-9788426149459\/","url":"https:\/\/www.editorialjuventud.es\/medidamania-9788426149459\/","name":"Medidaman\u00eda - Editorial Juventud","isPartOf":{"@id":"https:\/\/www.editorialjuventud.es\/#website"},"primaryImageOfPage":{"@id":"https:\/\/www.editorialjuventud.es\/medidamania-9788426149459\/#primaryimage"},"image":{"@id":"https:\/\/www.editorialjuventud.es\/medidamania-9788426149459\/#primaryimage"},"thumbnailUrl":"https:\/\/www.editorialjuventud.es\/wp-content\/uploads\/9788426149459.jpg","datePublished":"2025-09-26T07:25:27+00:00","dateModified":"2026-03-24T07:35:23+00:00","description":"A lo largo de la historia, los humanos hemos sentido una profunda fascinaci\u00f3n por entender y explicar lo que pasa a nuestro alrededor. Esto es justamente","breadcrumb":{"@id":"https:\/\/www.editorialjuventud.es\/medidamania-9788426149459\/#breadcrumb"},"inLanguage":"ca","potentialAction":[{"@type":"ReadAction","target":["https:\/\/www.editorialjuventud.es\/medidamania-9788426149459\/"]}]},{"@type":"ImageObject","inLanguage":"ca","@id":"https:\/\/www.editorialjuventud.es\/medidamania-9788426149459\/#primaryimage","url":"https:\/\/www.editorialjuventud.es\/wp-content\/uploads\/9788426149459.jpg","contentUrl":"https:\/\/www.editorialjuventud.es\/wp-content\/uploads\/9788426149459.jpg","width":1358,"height":2000,"caption":"9788426149459.jpg"},{"@type":"BreadcrumbList","@id":"https:\/\/www.editorialjuventud.es\/medidamania-9788426149459\/#breadcrumb","itemListElement":[{"@type":"ListItem","position":1,"name":"Portada","item":"https:\/\/www.editorialjuventud.es\/"},{"@type":"ListItem","position":2,"name":"cat\u00e1logo","item":"https:\/\/www.editorialjuventud.es\/coleccion\/catalogo\/"},{"@type":"ListItem","position":3,"name":"castellano","item":"https:\/\/www.editorialjuventud.es\/coleccion\/castellano\/"},{"@type":"ListItem","position":4,"name":"\u00c1lbumes Ilustrados","item":"https:\/\/www.editorialjuventud.es\/coleccion\/albumes-ilustrados\/"},{"@type":"ListItem","position":5,"name":"Conocer y Comprender","item":"https:\/\/www.editorialjuventud.es\/coleccion\/conocer-y-comprender\/"},{"@type":"ListItem","position":6,"name":"Medidaman\u00eda"}]},{"@type":"WebSite","@id":"https:\/\/www.editorialjuventud.es\/#website","url":"https:\/\/www.editorialjuventud.es\/","name":"Editorial Juventud","description":"","potentialAction":[{"@type":"SearchAction","target":{"@type":"EntryPoint","urlTemplate":"https:\/\/www.editorialjuventud.es\/?s={search_term_string}"},"query-input":{"@type":"PropertyValueSpecification","valueRequired":true,"valueName":"search_term_string"}}],"inLanguage":"ca"}]}},"_links":{"self":[{"href":"https:\/\/www.editorialjuventud.es\/ca\/wp-json\/wp\/v2\/product\/92190","targetHints":{"allow":["GET"]}}],"collection":[{"href":"https:\/\/www.editorialjuventud.es\/ca\/wp-json\/wp\/v2\/product"}],"about":[{"href":"https:\/\/www.editorialjuventud.es\/ca\/wp-json\/wp\/v2\/types\/product"}],"wp:featuredmedia":[{"embeddable":true,"href":"https:\/\/www.editorialjuventud.es\/ca\/wp-json\/wp\/v2\/media\/92191"}],"wp:attachment":[{"href":"https:\/\/www.editorialjuventud.es\/ca\/wp-json\/wp\/v2\/media?parent=92190"}],"wp:term":[{"taxonomy":"product_brand","embeddable":true,"href":"https:\/\/www.editorialjuventud.es\/ca\/wp-json\/wp\/v2\/product_brand?post=92190"},{"taxonomy":"product_cat","embeddable":true,"href":"https:\/\/www.editorialjuventud.es\/ca\/wp-json\/wp\/v2\/product_cat?post=92190"},{"taxonomy":"product_tag","embeddable":true,"href":"https:\/\/www.editorialjuventud.es\/ca\/wp-json\/wp\/v2\/product_tag?post=92190"},{"taxonomy":"coleccion","embeddable":true,"href":"https:\/\/www.editorialjuventud.es\/ca\/wp-json\/wp\/v2\/coleccion?post=92190"}],"curies":[{"name":"wp","href":"https:\/\/api.w.org\/{rel}","templated":true}]}}