{"id":91027,"date":"2026-01-01T11:05:07","date_gmt":"2026-01-01T10:05:07","guid":{"rendered":"https:\/\/www.editorialjuventud.es\/buenas-noches-pequeno-cocodrilo-9788426149510\/"},"modified":"2026-01-15T09:46:02","modified_gmt":"2026-01-15T08:46:02","slug":"buenas-noches-pequeno-cocodrilo-9788426149510","status":"publish","type":"product","link":"https:\/\/www.editorialjuventud.es\/ca\/buenas-noches-pequeno-cocodrilo-9788426149510\/","title":{"rendered":"\u00a1Buenas noches, peque\u00f1o cocodrilo!"},"content":{"rendered":"<p>Los vasos hacen CHIN CHIN, el avi\u00f3n hace FIUUU, el cepillo de dientes hace FRUS FRUS FRUS, la nana dice ESTRELLITA, D\u00d3NDE EST\u00c1S\u2026 \u00bfY el peque\u00f1o Cocodrilo? BUAAA, BUAAA\u2026<\/p>\n<p>Despu\u00e9s de cenar y despedirse de los abuelos, empieza el ritual de antes de irse a dormir: jugar un poquito m\u00e1s, ir al ba\u00f1o a lavarse los dientes, ponerse el pijama y\u2026 \u00a1a la cama! Pero el Peque\u00f1o Cocodrilo no est\u00e1 del todo contento\u2026 al menos hasta que Mam\u00e1 Cocodrilo le lee un cuento y el peque\u00f1o se duerme con los sue\u00f1os m\u00e1s dulces.<\/p>\n<p>Acompa\u00f1a al Peque\u00f1o Cocodrilo en el momento de irse a dormir en un libro lleno de onomatopeyas ideal para ser le\u00eddo en voz alta, escrito en may\u00fasculas para introducir la lectura a los m\u00e1s peque\u00f1os. Adem\u00e1s, gracias al c\u00f3digo QR en su interior, \u00a1podr\u00e9is disfrutar de su versi\u00f3n narrada en audiolibro!<\/p>\n<h3>\u00a1Escucha el audiolibro!<\/h3>\n<p>A continuaci\u00f3n pod\u00e9is reproducir la<em><strong>\u00a0narraci\u00f3n oral<\/strong><\/em> de <em><strong>\u00a1Buenas noches, peque\u00f1o cocodrilo!<\/strong><\/em> realizada por Natalia Espa\u00f1a:<\/p>\n<p><audio controls=\"controls\"><source src=\"https:\/\/www.editorialjuventud.es\/wp-content\/uploads\/Buenas-noches-esp-master.mp3\" type=\"audio\/mpeg\" \/>Tu navegador no soporta el elemento de audio.<\/audio><\/p>\n<p>&nbsp;<\/p>\n<p><strong>Y si buscas una actividad del Peque\u00f1o Cocodrilo, la encontrar\u00e1s\u00a0<a href=\"https:\/\/www.editorialjuventud.es\/que-oye-el-cocodrilo\/\">AQU\u00cd<\/a>.<\/strong><\/p>\n","protected":false},"excerpt":{"rendered":"Los vasos hacen CHIN CHIN, el avi\u00f3n hace FIUUU, el cepillo de dientes hace FRUS FRUS FRUS, la nana dice ESTRELLITA, D\u00d3NDE EST\u00c1S\u2026 \u00bfY el peque\u00f1o Cocodrilo? BUAAA, BUAAA\u2026 Despu\u00e9s de cenar y despedirse de los abuelos, empieza el ritual [&hellip;]","protected":false},"featured_media":99512,"template":"","meta":{"_acf_changed":false,"_exactmetrics_skip_tracking":false,"_exactmetrics_sitenote_active":false,"_exactmetrics_sitenote_note":"","_exactmetrics_sitenote_category":0},"product_brand":[],"product_cat":[898,1281,1165,909,1181,1122,910],"product_tag":[],"coleccion":[1313,916],"class_list":{"0":"post-91027","1":"product","2":"type-product","3":"status-publish","4":"has-post-thumbnail","6":"product_cat-a-partir-de-2-anos","7":"product_cat-aprendizaje","8":"product_cat-dormir-sueno","9":"product_cat-este-mes","10":"product_cat-habitos","11":"product_cat-libros-de-carton","12":"product_cat-ultimas-novedades","13":"coleccion-que-hace-el-cocodrilo","14":"coleccion-castellano","16":"first","17":"instock","18":"taxable","19":"shipping-taxable","20":"purchasable","21":"product-type-simple"},"acf":{"autor":"Montanari, Eva","codart":"4951","ediciones":"1","encuadernacion":"Cart\u00f3n","fecha_de_publicacion":"01\/01\/2026","novedad":"0","paginas":"36","subtitulo":"","texto_web_adicional":"","texto_web_novedad":"","orden":"999","portada":"0","texto_web_resaltado":"","descripcion_corta":"","recomendamos":"","mas_vendido":"","indice":"","autores-libros":[38012],"ilustradores-libros":[38012],"traductores-libros":[99811],"idioma-libro":"","fecha_de_reimpresion":"","color":false,"formato":"","mas_informacion_del_producto":false,"premios":false,"deshabilitar_compra":[],"texto_enlace_cubierta":"","enlace_cubierta":false,"texto_enlace_ficha_tecnica":"","enlace_ficha_tecnica":{"ID":99867,"id":99867,"title":"Buenas noches cocodrilo ES","filename":"Buenas-noches-cocodrilo-ES.pdf","filesize":1481236,"url":"https:\/\/www.editorialjuventud.es\/wp-content\/uploads\/Buenas-noches-cocodrilo-ES.pdf","link":"https:\/\/www.editorialjuventud.es\/ca\/?attachment_id=99867","alt":"","author":"1519","description":"","caption":"","name":"buenas-noches-cocodrilo-es","status":"inherit","uploaded_to":91022,"date":"2025-12-19 10:07:17","modified":"2025-12-19 10:07:17","menu_order":0,"mime_type":"application\/pdf","type":"application","subtype":"pdf","icon":"https:\/\/www.editorialjuventud.es\/wp-includes\/images\/media\/document.png"},"ficheros":false,"titulo-fr":"","texto-fr":""},"yoast_head":"<!-- This site is optimized with the Yoast SEO plugin v27.3 - https:\/\/yoast.com\/product\/yoast-seo-wordpress\/ -->\n<title>\u00a1Buenas noches, peque\u00f1o cocodrilo! - Editorial Juventud<\/title>\n<meta name=\"description\" content=\"Los vasos hacen CHIN CHIN, el avi\u00f3n hace FIUUU, el cepillo de dientes hace FRUS FRUS FRUS, la nana dice ESTRELLITA, D\u00d3NDE EST\u00c1S\u2026 \u00bfY el peque\u00f1o Cocodrilo?\" \/>\n<meta name=\"robots\" content=\"index, follow, max-snippet:-1, max-image-preview:large, max-video-preview:-1\" \/>\n<link rel=\"canonical\" href=\"https:\/\/www.editorialjuventud.es\/buenas-noches-pequeno-cocodrilo-9788426149510\/\" \/>\n<meta property=\"og:locale\" content=\"ca_ES\" \/>\n<meta property=\"og:type\" content=\"article\" \/>\n<meta property=\"og:title\" content=\"\u00a1Buenas noches, peque\u00f1o cocodrilo! - Editorial Juventud\" \/>\n<meta property=\"og:description\" content=\"Los vasos hacen CHIN CHIN, el avi\u00f3n hace FIUUU, el cepillo de dientes hace FRUS FRUS FRUS, la nana dice ESTRELLITA, D\u00d3NDE EST\u00c1S\u2026 \u00bfY el peque\u00f1o Cocodrilo?\" \/>\n<meta property=\"og:url\" content=\"https:\/\/www.editorialjuventud.es\/buenas-noches-pequeno-cocodrilo-9788426149510\/\" \/>\n<meta property=\"og:site_name\" content=\"Editorial Juventud\" \/>\n<meta property=\"article:modified_time\" content=\"2026-01-15T08:46:02+00:00\" \/>\n<meta property=\"og:image\" content=\"https:\/\/www.editorialjuventud.es\/wp-content\/uploads\/9788426149510.jpg\" \/>\n\t<meta property=\"og:image:width\" content=\"2000\" \/>\n\t<meta property=\"og:image:height\" content=\"1327\" \/>\n\t<meta property=\"og:image:type\" content=\"image\/jpeg\" \/>\n<meta name=\"twitter:card\" content=\"summary_large_image\" \/>\n<meta name=\"twitter:label1\" content=\"Temps estimat de lectura\" \/>\n\t<meta name=\"twitter:data1\" content=\"2 minuts\" \/>\n<script type=\"application\/ld+json\" class=\"yoast-schema-graph\">{\"@context\":\"https:\\\/\\\/schema.org\",\"@graph\":[{\"@type\":\"WebPage\",\"@id\":\"https:\\\/\\\/www.editorialjuventud.es\\\/buenas-noches-pequeno-cocodrilo-9788426149510\\\/\",\"url\":\"https:\\\/\\\/www.editorialjuventud.es\\\/buenas-noches-pequeno-cocodrilo-9788426149510\\\/\",\"name\":\"\u00a1Buenas noches, peque\u00f1o cocodrilo! - Editorial Juventud\",\"isPartOf\":{\"@id\":\"https:\\\/\\\/www.editorialjuventud.es\\\/#website\"},\"primaryImageOfPage\":{\"@id\":\"https:\\\/\\\/www.editorialjuventud.es\\\/buenas-noches-pequeno-cocodrilo-9788426149510\\\/#primaryimage\"},\"image\":{\"@id\":\"https:\\\/\\\/www.editorialjuventud.es\\\/buenas-noches-pequeno-cocodrilo-9788426149510\\\/#primaryimage\"},\"thumbnailUrl\":\"https:\\\/\\\/www.editorialjuventud.es\\\/wp-content\\\/uploads\\\/9788426149510.jpg\",\"datePublished\":\"2026-01-01T10:05:07+00:00\",\"dateModified\":\"2026-01-15T08:46:02+00:00\",\"description\":\"Los vasos hacen CHIN CHIN, el avi\u00f3n hace FIUUU, el cepillo de dientes hace FRUS FRUS FRUS, la nana dice ESTRELLITA, D\u00d3NDE EST\u00c1S\u2026 \u00bfY el peque\u00f1o Cocodrilo?\",\"breadcrumb\":{\"@id\":\"https:\\\/\\\/www.editorialjuventud.es\\\/buenas-noches-pequeno-cocodrilo-9788426149510\\\/#breadcrumb\"},\"inLanguage\":\"ca\",\"potentialAction\":[{\"@type\":\"ReadAction\",\"target\":[\"https:\\\/\\\/www.editorialjuventud.es\\\/buenas-noches-pequeno-cocodrilo-9788426149510\\\/\"]}]},{\"@type\":\"ImageObject\",\"inLanguage\":\"ca\",\"@id\":\"https:\\\/\\\/www.editorialjuventud.es\\\/buenas-noches-pequeno-cocodrilo-9788426149510\\\/#primaryimage\",\"url\":\"https:\\\/\\\/www.editorialjuventud.es\\\/wp-content\\\/uploads\\\/9788426149510.jpg\",\"contentUrl\":\"https:\\\/\\\/www.editorialjuventud.es\\\/wp-content\\\/uploads\\\/9788426149510.jpg\",\"width\":2000,\"height\":1327,\"caption\":\"9788426149510.jpg\"},{\"@type\":\"BreadcrumbList\",\"@id\":\"https:\\\/\\\/www.editorialjuventud.es\\\/buenas-noches-pequeno-cocodrilo-9788426149510\\\/#breadcrumb\",\"itemListElement\":[{\"@type\":\"ListItem\",\"position\":1,\"name\":\"Portada\",\"item\":\"https:\\\/\\\/www.editorialjuventud.es\\\/\"},{\"@type\":\"ListItem\",\"position\":2,\"name\":\"cat\u00e1logo\",\"item\":\"https:\\\/\\\/www.editorialjuventud.es\\\/coleccion\\\/catalogo\\\/\"},{\"@type\":\"ListItem\",\"position\":3,\"name\":\"castellano\",\"item\":\"https:\\\/\\\/www.editorialjuventud.es\\\/coleccion\\\/castellano\\\/\"},{\"@type\":\"ListItem\",\"position\":4,\"name\":\"Mis Primeros Libros\",\"item\":\"https:\\\/\\\/www.editorialjuventud.es\\\/coleccion\\\/mis-primeros-libros\\\/\"},{\"@type\":\"ListItem\",\"position\":5,\"name\":\"\u00bfQu\u00e9 hace el cocodrilo?\",\"item\":\"https:\\\/\\\/www.editorialjuventud.es\\\/coleccion\\\/que-hace-el-cocodrilo\\\/\"},{\"@type\":\"ListItem\",\"position\":6,\"name\":\"\u00a1Buenas noches, peque\u00f1o cocodrilo!\"}]},{\"@type\":\"WebSite\",\"@id\":\"https:\\\/\\\/www.editorialjuventud.es\\\/#website\",\"url\":\"https:\\\/\\\/www.editorialjuventud.es\\\/\",\"name\":\"Editorial Juventud\",\"description\":\"\",\"potentialAction\":[{\"@type\":\"SearchAction\",\"target\":{\"@type\":\"EntryPoint\",\"urlTemplate\":\"https:\\\/\\\/www.editorialjuventud.es\\\/?s={search_term_string}\"},\"query-input\":{\"@type\":\"PropertyValueSpecification\",\"valueRequired\":true,\"valueName\":\"search_term_string\"}}],\"inLanguage\":\"ca\"}]}<\/script>\n<!-- \/ Yoast SEO plugin. -->","yoast_head_json":{"title":"\u00a1Buenas noches, peque\u00f1o cocodrilo! - Editorial Juventud","description":"Los vasos hacen CHIN CHIN, el avi\u00f3n hace FIUUU, el cepillo de dientes hace FRUS FRUS FRUS, la nana dice ESTRELLITA, D\u00d3NDE EST\u00c1S\u2026 \u00bfY el peque\u00f1o Cocodrilo?","robots":{"index":"index","follow":"follow","max-snippet":"max-snippet:-1","max-image-preview":"max-image-preview:large","max-video-preview":"max-video-preview:-1"},"canonical":"https:\/\/www.editorialjuventud.es\/buenas-noches-pequeno-cocodrilo-9788426149510\/","og_locale":"ca_ES","og_type":"article","og_title":"\u00a1Buenas noches, peque\u00f1o cocodrilo! - Editorial Juventud","og_description":"Los vasos hacen CHIN CHIN, el avi\u00f3n hace FIUUU, el cepillo de dientes hace FRUS FRUS FRUS, la nana dice ESTRELLITA, D\u00d3NDE EST\u00c1S\u2026 \u00bfY el peque\u00f1o Cocodrilo?","og_url":"https:\/\/www.editorialjuventud.es\/buenas-noches-pequeno-cocodrilo-9788426149510\/","og_site_name":"Editorial Juventud","article_modified_time":"2026-01-15T08:46:02+00:00","og_image":[{"width":2000,"height":1327,"url":"https:\/\/www.editorialjuventud.es\/wp-content\/uploads\/9788426149510.jpg","type":"image\/jpeg"}],"twitter_card":"summary_large_image","twitter_misc":{"Temps estimat de lectura":"2 minuts"},"schema":{"@context":"https:\/\/schema.org","@graph":[{"@type":"WebPage","@id":"https:\/\/www.editorialjuventud.es\/buenas-noches-pequeno-cocodrilo-9788426149510\/","url":"https:\/\/www.editorialjuventud.es\/buenas-noches-pequeno-cocodrilo-9788426149510\/","name":"\u00a1Buenas noches, peque\u00f1o cocodrilo! - Editorial Juventud","isPartOf":{"@id":"https:\/\/www.editorialjuventud.es\/#website"},"primaryImageOfPage":{"@id":"https:\/\/www.editorialjuventud.es\/buenas-noches-pequeno-cocodrilo-9788426149510\/#primaryimage"},"image":{"@id":"https:\/\/www.editorialjuventud.es\/buenas-noches-pequeno-cocodrilo-9788426149510\/#primaryimage"},"thumbnailUrl":"https:\/\/www.editorialjuventud.es\/wp-content\/uploads\/9788426149510.jpg","datePublished":"2026-01-01T10:05:07+00:00","dateModified":"2026-01-15T08:46:02+00:00","description":"Los vasos hacen CHIN CHIN, el avi\u00f3n hace FIUUU, el cepillo de dientes hace FRUS FRUS FRUS, la nana dice ESTRELLITA, D\u00d3NDE EST\u00c1S\u2026 \u00bfY el peque\u00f1o Cocodrilo?","breadcrumb":{"@id":"https:\/\/www.editorialjuventud.es\/buenas-noches-pequeno-cocodrilo-9788426149510\/#breadcrumb"},"inLanguage":"ca","potentialAction":[{"@type":"ReadAction","target":["https:\/\/www.editorialjuventud.es\/buenas-noches-pequeno-cocodrilo-9788426149510\/"]}]},{"@type":"ImageObject","inLanguage":"ca","@id":"https:\/\/www.editorialjuventud.es\/buenas-noches-pequeno-cocodrilo-9788426149510\/#primaryimage","url":"https:\/\/www.editorialjuventud.es\/wp-content\/uploads\/9788426149510.jpg","contentUrl":"https:\/\/www.editorialjuventud.es\/wp-content\/uploads\/9788426149510.jpg","width":2000,"height":1327,"caption":"9788426149510.jpg"},{"@type":"BreadcrumbList","@id":"https:\/\/www.editorialjuventud.es\/buenas-noches-pequeno-cocodrilo-9788426149510\/#breadcrumb","itemListElement":[{"@type":"ListItem","position":1,"name":"Portada","item":"https:\/\/www.editorialjuventud.es\/"},{"@type":"ListItem","position":2,"name":"cat\u00e1logo","item":"https:\/\/www.editorialjuventud.es\/coleccion\/catalogo\/"},{"@type":"ListItem","position":3,"name":"castellano","item":"https:\/\/www.editorialjuventud.es\/coleccion\/castellano\/"},{"@type":"ListItem","position":4,"name":"Mis Primeros Libros","item":"https:\/\/www.editorialjuventud.es\/coleccion\/mis-primeros-libros\/"},{"@type":"ListItem","position":5,"name":"\u00bfQu\u00e9 hace el cocodrilo?","item":"https:\/\/www.editorialjuventud.es\/coleccion\/que-hace-el-cocodrilo\/"},{"@type":"ListItem","position":6,"name":"\u00a1Buenas noches, peque\u00f1o cocodrilo!"}]},{"@type":"WebSite","@id":"https:\/\/www.editorialjuventud.es\/#website","url":"https:\/\/www.editorialjuventud.es\/","name":"Editorial Juventud","description":"","potentialAction":[{"@type":"SearchAction","target":{"@type":"EntryPoint","urlTemplate":"https:\/\/www.editorialjuventud.es\/?s={search_term_string}"},"query-input":{"@type":"PropertyValueSpecification","valueRequired":true,"valueName":"search_term_string"}}],"inLanguage":"ca"}]}},"_links":{"self":[{"href":"https:\/\/www.editorialjuventud.es\/ca\/wp-json\/wp\/v2\/product\/91027","targetHints":{"allow":["GET"]}}],"collection":[{"href":"https:\/\/www.editorialjuventud.es\/ca\/wp-json\/wp\/v2\/product"}],"about":[{"href":"https:\/\/www.editorialjuventud.es\/ca\/wp-json\/wp\/v2\/types\/product"}],"wp:featuredmedia":[{"embeddable":true,"href":"https:\/\/www.editorialjuventud.es\/ca\/wp-json\/wp\/v2\/media\/99512"}],"wp:attachment":[{"href":"https:\/\/www.editorialjuventud.es\/ca\/wp-json\/wp\/v2\/media?parent=91027"}],"wp:term":[{"taxonomy":"product_brand","embeddable":true,"href":"https:\/\/www.editorialjuventud.es\/ca\/wp-json\/wp\/v2\/product_brand?post=91027"},{"taxonomy":"product_cat","embeddable":true,"href":"https:\/\/www.editorialjuventud.es\/ca\/wp-json\/wp\/v2\/product_cat?post=91027"},{"taxonomy":"product_tag","embeddable":true,"href":"https:\/\/www.editorialjuventud.es\/ca\/wp-json\/wp\/v2\/product_tag?post=91027"},{"taxonomy":"coleccion","embeddable":true,"href":"https:\/\/www.editorialjuventud.es\/ca\/wp-json\/wp\/v2\/coleccion?post=91027"}],"curies":[{"name":"wp","href":"https:\/\/api.w.org\/{rel}","templated":true}]}}