{"id":91022,"date":"2026-01-01T10:55:11","date_gmt":"2026-01-01T09:55:11","guid":{"rendered":"https:\/\/www.editorialjuventud.es\/bona-nit-petit-cocodril-9788426149527\/"},"modified":"2026-01-08T10:35:17","modified_gmt":"2026-01-08T09:35:17","slug":"bona-nit-petit-cocodril-9788426149527","status":"publish","type":"product","link":"https:\/\/www.editorialjuventud.es\/ca\/bona-nit-petit-cocodril-9788426149527\/","title":{"rendered":"Bona nit, petit cocodril!"},"content":{"rendered":"<p>Els gots fan TXIN-TXIN, l\u2019avi\u00f3 fa FIUUU, el raspall de dents fa FRUS FRUS FRUS, la can\u00e7\u00f3 de bressol fa SON, SONETA, VINE AQU\u00cd\u2026 I el Petit Cocodril? U\u00c0\u00c0\u00c0\u00c0, U\u00c0\u00c0\u00c0\u00c0\u2026<\/p>\n<p>Despr\u00e9s de sopar i acomiadar-se dels avis, comen\u00e7a el ritual d\u2019abans de dormir: jugar una estoneta m\u00e9s, anar al lavabo i rentar-se molt b\u00e9 les dents, posar-se el pijama i\u2026 al llit! Per\u00f2 al Petit Cocodril sembla que no li fa massa il\u00b7lusi\u00f3\u2026 almenys fins que la Mama Cocodril li llegeix un conte ben bonic i el petit\u00f3 s\u2019adorm amb els somnis m\u00e9s dol\u00e7os.<\/p>\n<p>Acompanya el Petit Cocodril en el moment d\u2019anar-se\u2019n a dormir, en un llibre ple d\u2019onomatopeies ideal per ser llegit en veu alta i escrit en lletres maj\u00fascules per introduir els m\u00e9s petits a la lectura. A m\u00e9s, gr\u00e0cies al codi QR del seu interior podreu gaudir de la seva versi\u00f3 narrada en audiollibre!<\/p>\n<h3>Escolta l&#8217;audiollibre!<\/h3>\n<p>A continuaci\u00f3 podeu reproduir la<em><strong> narraci\u00f3 oral <\/strong><\/em>de<em><strong> Bona nit, petit cocodril!;<\/strong><\/em> lectura d&#8217;Irene Garr\u00e9s i producci\u00f3 de Natalia Espa\u00f1a:<\/p>\n<p><audio controls=\"controls\"><source src=\"https:\/\/www.editorialjuventud.es\/wp-content\/uploads\/Buenas-noches-cat-master.mp3\" type=\"audio\/mpeg\" \/>El seu navegador no suporta audio<\/audio><\/p>\n","protected":false},"excerpt":{"rendered":"Els gots fan TXIN-TXIN, l\u2019avi\u00f3 fa FIUUU, el raspall de dents fa FRUS FRUS FRUS, la can\u00e7\u00f3 de bressol fa SON, SONETA, VINE AQU\u00cd\u2026 I el Petit Cocodril? U\u00c0\u00c0\u00c0\u00c0, U\u00c0\u00c0\u00c0\u00c0\u2026 Despr\u00e9s de sopar i acomiadar-se dels avis, comen\u00e7a el ritual [&hellip;]","protected":false},"featured_media":99514,"template":"","meta":{"_acf_changed":false,"_exactmetrics_skip_tracking":false,"_exactmetrics_sitenote_active":false,"_exactmetrics_sitenote_note":"","_exactmetrics_sitenote_category":0},"product_brand":[],"product_cat":[898,1281,1165,909,1181,1122,910],"product_tag":[],"coleccion":[915,920,1329],"class_list":{"0":"post-91022","1":"product","2":"type-product","3":"status-publish","4":"has-post-thumbnail","6":"product_cat-a-partir-de-2-anos","7":"product_cat-aprendizaje","8":"product_cat-dormir-sueno","9":"product_cat-este-mes","10":"product_cat-habitos","11":"product_cat-libros-de-carton","12":"product_cat-ultimas-novedades","13":"coleccion-catala","14":"coleccion-els-meus-primers-llibres","15":"coleccion-que-fa-el-cocodril","17":"first","18":"instock","19":"taxable","20":"shipping-taxable","21":"purchasable","22":"product-type-simple"},"acf":{"autor":"Montanari, Eva","codart":"4952","ediciones":"1","encuadernacion":"Cart\u00f3n","fecha_de_publicacion":"01\/01\/2026","novedad":"0","paginas":"36","subtitulo":"","texto_web_adicional":"","texto_web_novedad":"","orden":"999","portada":"0","texto_web_resaltado":"","descripcion_corta":"","recomendamos":"","mas_vendido":"","indice":"","autores-libros":[38012],"ilustradores-libros":[38012],"traductores-libros":[99811],"idioma-libro":"","fecha_de_reimpresion":"","color":false,"formato":"","mas_informacion_del_producto":false,"premios":false,"deshabilitar_compra":[],"texto_enlace_cubierta":"","enlace_cubierta":false,"texto_enlace_ficha_tecnica":"","enlace_ficha_tecnica":{"ID":99865,"id":99865,"title":"Bona nit Cocodril CAT","filename":"Bona-nit-Cocodril-CAT.pdf","filesize":1482659,"url":"https:\/\/www.editorialjuventud.es\/wp-content\/uploads\/Bona-nit-Cocodril-CAT.pdf","link":"https:\/\/www.editorialjuventud.es\/ca\/?attachment_id=99865","alt":"","author":"1519","description":"","caption":"","name":"bona-nit-cocodril-cat","status":"inherit","uploaded_to":91022,"date":"2025-12-19 10:07:15","modified":"2025-12-19 10:07:15","menu_order":0,"mime_type":"application\/pdf","type":"application","subtype":"pdf","icon":"https:\/\/www.editorialjuventud.es\/wp-includes\/images\/media\/document.png"},"ficheros":false,"titulo-fr":"","texto-fr":""},"yoast_head":"<!-- This site is optimized with the Yoast SEO plugin v27.3 - https:\/\/yoast.com\/product\/yoast-seo-wordpress\/ -->\n<title>Bona nit, petit cocodril! - Editorial Juventud<\/title>\n<meta name=\"description\" content=\"Els gots fan TXIN-TXIN, l\u2019avi\u00f3 fa FIUUU, el raspall de dents fa FRUS FRUS FRUS, la can\u00e7\u00f3 de bressol fa SON, SONETA, VINE AQU\u00cd\u2026 I el Petit Cocodril? U\u00c0\u00c0\u00c0\u00c0,\" \/>\n<meta name=\"robots\" content=\"index, follow, max-snippet:-1, max-image-preview:large, max-video-preview:-1\" \/>\n<link rel=\"canonical\" href=\"https:\/\/www.editorialjuventud.es\/bona-nit-petit-cocodril-9788426149527\/\" \/>\n<meta property=\"og:locale\" content=\"ca_ES\" \/>\n<meta property=\"og:type\" content=\"article\" \/>\n<meta property=\"og:title\" content=\"Bona nit, petit cocodril! - Editorial Juventud\" \/>\n<meta property=\"og:description\" content=\"Els gots fan TXIN-TXIN, l\u2019avi\u00f3 fa FIUUU, el raspall de dents fa FRUS FRUS FRUS, la can\u00e7\u00f3 de bressol fa SON, SONETA, VINE AQU\u00cd\u2026 I el Petit Cocodril? U\u00c0\u00c0\u00c0\u00c0,\" \/>\n<meta property=\"og:url\" content=\"https:\/\/www.editorialjuventud.es\/bona-nit-petit-cocodril-9788426149527\/\" \/>\n<meta property=\"og:site_name\" content=\"Editorial Juventud\" \/>\n<meta property=\"article:modified_time\" content=\"2026-01-08T09:35:17+00:00\" \/>\n<meta property=\"og:image\" content=\"https:\/\/www.editorialjuventud.es\/wp-content\/uploads\/9788426149527.jpg\" \/>\n\t<meta property=\"og:image:width\" content=\"2000\" \/>\n\t<meta property=\"og:image:height\" content=\"1332\" \/>\n\t<meta property=\"og:image:type\" content=\"image\/jpeg\" \/>\n<meta name=\"twitter:card\" content=\"summary_large_image\" \/>\n<meta name=\"twitter:label1\" content=\"Temps estimat de lectura\" \/>\n\t<meta name=\"twitter:data1\" content=\"2 minuts\" \/>\n<script type=\"application\/ld+json\" class=\"yoast-schema-graph\">{\"@context\":\"https:\\\/\\\/schema.org\",\"@graph\":[{\"@type\":\"WebPage\",\"@id\":\"https:\\\/\\\/www.editorialjuventud.es\\\/bona-nit-petit-cocodril-9788426149527\\\/\",\"url\":\"https:\\\/\\\/www.editorialjuventud.es\\\/bona-nit-petit-cocodril-9788426149527\\\/\",\"name\":\"Bona nit, petit cocodril! - Editorial Juventud\",\"isPartOf\":{\"@id\":\"https:\\\/\\\/www.editorialjuventud.es\\\/#website\"},\"primaryImageOfPage\":{\"@id\":\"https:\\\/\\\/www.editorialjuventud.es\\\/bona-nit-petit-cocodril-9788426149527\\\/#primaryimage\"},\"image\":{\"@id\":\"https:\\\/\\\/www.editorialjuventud.es\\\/bona-nit-petit-cocodril-9788426149527\\\/#primaryimage\"},\"thumbnailUrl\":\"https:\\\/\\\/www.editorialjuventud.es\\\/wp-content\\\/uploads\\\/9788426149527.jpg\",\"datePublished\":\"2026-01-01T09:55:11+00:00\",\"dateModified\":\"2026-01-08T09:35:17+00:00\",\"description\":\"Els gots fan TXIN-TXIN, l\u2019avi\u00f3 fa FIUUU, el raspall de dents fa FRUS FRUS FRUS, la can\u00e7\u00f3 de bressol fa SON, SONETA, VINE AQU\u00cd\u2026 I el Petit Cocodril? U\u00c0\u00c0\u00c0\u00c0,\",\"breadcrumb\":{\"@id\":\"https:\\\/\\\/www.editorialjuventud.es\\\/bona-nit-petit-cocodril-9788426149527\\\/#breadcrumb\"},\"inLanguage\":\"ca\",\"potentialAction\":[{\"@type\":\"ReadAction\",\"target\":[\"https:\\\/\\\/www.editorialjuventud.es\\\/bona-nit-petit-cocodril-9788426149527\\\/\"]}]},{\"@type\":\"ImageObject\",\"inLanguage\":\"ca\",\"@id\":\"https:\\\/\\\/www.editorialjuventud.es\\\/bona-nit-petit-cocodril-9788426149527\\\/#primaryimage\",\"url\":\"https:\\\/\\\/www.editorialjuventud.es\\\/wp-content\\\/uploads\\\/9788426149527.jpg\",\"contentUrl\":\"https:\\\/\\\/www.editorialjuventud.es\\\/wp-content\\\/uploads\\\/9788426149527.jpg\",\"width\":2000,\"height\":1332,\"caption\":\"9788426149527.jpg\"},{\"@type\":\"BreadcrumbList\",\"@id\":\"https:\\\/\\\/www.editorialjuventud.es\\\/bona-nit-petit-cocodril-9788426149527\\\/#breadcrumb\",\"itemListElement\":[{\"@type\":\"ListItem\",\"position\":1,\"name\":\"Portada\",\"item\":\"https:\\\/\\\/www.editorialjuventud.es\\\/\"},{\"@type\":\"ListItem\",\"position\":2,\"name\":\"cat\u00e1logo\",\"item\":\"https:\\\/\\\/www.editorialjuventud.es\\\/coleccion\\\/catalogo\\\/\"},{\"@type\":\"ListItem\",\"position\":3,\"name\":\"catal\u00e0\",\"item\":\"https:\\\/\\\/www.editorialjuventud.es\\\/coleccion\\\/catala\\\/\"},{\"@type\":\"ListItem\",\"position\":4,\"name\":\"Els Meus Primers Llibres\",\"item\":\"https:\\\/\\\/www.editorialjuventud.es\\\/ca\\\/coleccion\\\/els-meus-primers-llibres\\\/\"},{\"@type\":\"ListItem\",\"position\":5,\"name\":\"Qu\u00e8 fa el cocodril?\",\"item\":\"https:\\\/\\\/www.editorialjuventud.es\\\/ca\\\/coleccion\\\/que-fa-el-cocodril\\\/\"},{\"@type\":\"ListItem\",\"position\":6,\"name\":\"Bona nit, petit cocodril!\"}]},{\"@type\":\"WebSite\",\"@id\":\"https:\\\/\\\/www.editorialjuventud.es\\\/#website\",\"url\":\"https:\\\/\\\/www.editorialjuventud.es\\\/\",\"name\":\"Editorial Juventud\",\"description\":\"\",\"potentialAction\":[{\"@type\":\"SearchAction\",\"target\":{\"@type\":\"EntryPoint\",\"urlTemplate\":\"https:\\\/\\\/www.editorialjuventud.es\\\/?s={search_term_string}\"},\"query-input\":{\"@type\":\"PropertyValueSpecification\",\"valueRequired\":true,\"valueName\":\"search_term_string\"}}],\"inLanguage\":\"ca\"}]}<\/script>\n<!-- \/ Yoast SEO plugin. -->","yoast_head_json":{"title":"Bona nit, petit cocodril! - Editorial Juventud","description":"Els gots fan TXIN-TXIN, l\u2019avi\u00f3 fa FIUUU, el raspall de dents fa FRUS FRUS FRUS, la can\u00e7\u00f3 de bressol fa SON, SONETA, VINE AQU\u00cd\u2026 I el Petit Cocodril? U\u00c0\u00c0\u00c0\u00c0,","robots":{"index":"index","follow":"follow","max-snippet":"max-snippet:-1","max-image-preview":"max-image-preview:large","max-video-preview":"max-video-preview:-1"},"canonical":"https:\/\/www.editorialjuventud.es\/bona-nit-petit-cocodril-9788426149527\/","og_locale":"ca_ES","og_type":"article","og_title":"Bona nit, petit cocodril! - Editorial Juventud","og_description":"Els gots fan TXIN-TXIN, l\u2019avi\u00f3 fa FIUUU, el raspall de dents fa FRUS FRUS FRUS, la can\u00e7\u00f3 de bressol fa SON, SONETA, VINE AQU\u00cd\u2026 I el Petit Cocodril? U\u00c0\u00c0\u00c0\u00c0,","og_url":"https:\/\/www.editorialjuventud.es\/bona-nit-petit-cocodril-9788426149527\/","og_site_name":"Editorial Juventud","article_modified_time":"2026-01-08T09:35:17+00:00","og_image":[{"width":2000,"height":1332,"url":"https:\/\/www.editorialjuventud.es\/wp-content\/uploads\/9788426149527.jpg","type":"image\/jpeg"}],"twitter_card":"summary_large_image","twitter_misc":{"Temps estimat de lectura":"2 minuts"},"schema":{"@context":"https:\/\/schema.org","@graph":[{"@type":"WebPage","@id":"https:\/\/www.editorialjuventud.es\/bona-nit-petit-cocodril-9788426149527\/","url":"https:\/\/www.editorialjuventud.es\/bona-nit-petit-cocodril-9788426149527\/","name":"Bona nit, petit cocodril! - Editorial Juventud","isPartOf":{"@id":"https:\/\/www.editorialjuventud.es\/#website"},"primaryImageOfPage":{"@id":"https:\/\/www.editorialjuventud.es\/bona-nit-petit-cocodril-9788426149527\/#primaryimage"},"image":{"@id":"https:\/\/www.editorialjuventud.es\/bona-nit-petit-cocodril-9788426149527\/#primaryimage"},"thumbnailUrl":"https:\/\/www.editorialjuventud.es\/wp-content\/uploads\/9788426149527.jpg","datePublished":"2026-01-01T09:55:11+00:00","dateModified":"2026-01-08T09:35:17+00:00","description":"Els gots fan TXIN-TXIN, l\u2019avi\u00f3 fa FIUUU, el raspall de dents fa FRUS FRUS FRUS, la can\u00e7\u00f3 de bressol fa SON, SONETA, VINE AQU\u00cd\u2026 I el Petit Cocodril? U\u00c0\u00c0\u00c0\u00c0,","breadcrumb":{"@id":"https:\/\/www.editorialjuventud.es\/bona-nit-petit-cocodril-9788426149527\/#breadcrumb"},"inLanguage":"ca","potentialAction":[{"@type":"ReadAction","target":["https:\/\/www.editorialjuventud.es\/bona-nit-petit-cocodril-9788426149527\/"]}]},{"@type":"ImageObject","inLanguage":"ca","@id":"https:\/\/www.editorialjuventud.es\/bona-nit-petit-cocodril-9788426149527\/#primaryimage","url":"https:\/\/www.editorialjuventud.es\/wp-content\/uploads\/9788426149527.jpg","contentUrl":"https:\/\/www.editorialjuventud.es\/wp-content\/uploads\/9788426149527.jpg","width":2000,"height":1332,"caption":"9788426149527.jpg"},{"@type":"BreadcrumbList","@id":"https:\/\/www.editorialjuventud.es\/bona-nit-petit-cocodril-9788426149527\/#breadcrumb","itemListElement":[{"@type":"ListItem","position":1,"name":"Portada","item":"https:\/\/www.editorialjuventud.es\/"},{"@type":"ListItem","position":2,"name":"cat\u00e1logo","item":"https:\/\/www.editorialjuventud.es\/coleccion\/catalogo\/"},{"@type":"ListItem","position":3,"name":"catal\u00e0","item":"https:\/\/www.editorialjuventud.es\/coleccion\/catala\/"},{"@type":"ListItem","position":4,"name":"Els Meus Primers Llibres","item":"https:\/\/www.editorialjuventud.es\/ca\/coleccion\/els-meus-primers-llibres\/"},{"@type":"ListItem","position":5,"name":"Qu\u00e8 fa el cocodril?","item":"https:\/\/www.editorialjuventud.es\/ca\/coleccion\/que-fa-el-cocodril\/"},{"@type":"ListItem","position":6,"name":"Bona nit, petit cocodril!"}]},{"@type":"WebSite","@id":"https:\/\/www.editorialjuventud.es\/#website","url":"https:\/\/www.editorialjuventud.es\/","name":"Editorial Juventud","description":"","potentialAction":[{"@type":"SearchAction","target":{"@type":"EntryPoint","urlTemplate":"https:\/\/www.editorialjuventud.es\/?s={search_term_string}"},"query-input":{"@type":"PropertyValueSpecification","valueRequired":true,"valueName":"search_term_string"}}],"inLanguage":"ca"}]}},"_links":{"self":[{"href":"https:\/\/www.editorialjuventud.es\/ca\/wp-json\/wp\/v2\/product\/91022","targetHints":{"allow":["GET"]}}],"collection":[{"href":"https:\/\/www.editorialjuventud.es\/ca\/wp-json\/wp\/v2\/product"}],"about":[{"href":"https:\/\/www.editorialjuventud.es\/ca\/wp-json\/wp\/v2\/types\/product"}],"wp:featuredmedia":[{"embeddable":true,"href":"https:\/\/www.editorialjuventud.es\/ca\/wp-json\/wp\/v2\/media\/99514"}],"wp:attachment":[{"href":"https:\/\/www.editorialjuventud.es\/ca\/wp-json\/wp\/v2\/media?parent=91022"}],"wp:term":[{"taxonomy":"product_brand","embeddable":true,"href":"https:\/\/www.editorialjuventud.es\/ca\/wp-json\/wp\/v2\/product_brand?post=91022"},{"taxonomy":"product_cat","embeddable":true,"href":"https:\/\/www.editorialjuventud.es\/ca\/wp-json\/wp\/v2\/product_cat?post=91022"},{"taxonomy":"product_tag","embeddable":true,"href":"https:\/\/www.editorialjuventud.es\/ca\/wp-json\/wp\/v2\/product_tag?post=91022"},{"taxonomy":"coleccion","embeddable":true,"href":"https:\/\/www.editorialjuventud.es\/ca\/wp-json\/wp\/v2\/coleccion?post=91022"}],"curies":[{"name":"wp","href":"https:\/\/api.w.org\/{rel}","templated":true}]}}