{"id":88037,"date":"2025-08-05T16:35:34","date_gmt":"2025-08-05T14:35:34","guid":{"rendered":"https:\/\/www.editorialjuventud.es\/este-libro-es-un-peligro-9788426149367\/"},"modified":"2026-03-30T12:34:39","modified_gmt":"2026-03-30T10:34:39","slug":"este-libro-es-un-peligro-9788426149367","status":"publish","type":"product","link":"https:\/\/www.editorialjuventud.es\/ca\/este-libro-es-un-peligro-9788426149367\/","title":{"rendered":"\u00a1Este libro es un peligro!"},"content":{"rendered":"<p>\u00bfQu\u00e9 dices? \u00bfQue este libro es peligroso? A Medu no le va NADA lo peligroso&#8230; \u00bfPuedes ayudarla a salir? Sobre todo, no hagas movimientos bruscos ni ruidos fuertes&#8230; \u00a1Y no toques nada!<br \/>\nNuestra querida (y a menudo angustiada) Medu protagoniza este \u00e1lbum interactivo de nuevo formato y repleto de peligros. El lector podr\u00e1 ayudar (o no) a Medu a escaparse de serpientes marinas, de toda clase de objetos punzantes y de alg\u00fan que otro mordisco. Pero \u00a1cuidado! \u00a1Que este \u00e1lbum es peligros&#8230;amente divertido!<br \/>\nOtra aventura para los fans m\u00e1s consolidados de la pareja marina, o para que nuevos lectores puedan sumergirse en este universo tan narval\u00e1stico.<\/p>\n<p><img loading=\"lazy\" decoding=\"async\" class=\"alignnone  wp-image-101828\" src=\"https:\/\/www.editorialjuventud.es\/wp-content\/uploads\/Logo_Suport_ICEC-2.jpg\" alt=\"\" width=\"574\" height=\"150\" srcset=\"https:\/\/www.editorialjuventud.es\/wp-content\/uploads\/Logo_Suport_ICEC-2.jpg 1237w, https:\/\/www.editorialjuventud.es\/wp-content\/uploads\/Logo_Suport_ICEC-2-768x201.jpg 768w, https:\/\/www.editorialjuventud.es\/wp-content\/uploads\/Logo_Suport_ICEC-2-350x92.jpg 350w, https:\/\/www.editorialjuventud.es\/wp-content\/uploads\/Logo_Suport_ICEC-2-900x236.jpg 900w, https:\/\/www.editorialjuventud.es\/wp-content\/uploads\/Logo_Suport_ICEC-2-190x50.jpg 190w, https:\/\/www.editorialjuventud.es\/wp-content\/uploads\/Logo_Suport_ICEC-2-344x90.jpg 344w\" sizes=\"auto, (max-width: 574px) 100vw, 574px\" \/><\/p>\n","protected":false},"excerpt":{"rendered":"\u00bfQu\u00e9 dices? \u00bfQue este libro es peligroso? A Medu no le va NADA lo peligroso&#8230; \u00bfPuedes ayudarla a salir? Sobre todo, no hagas movimientos bruscos ni ruidos fuertes&#8230; \u00a1Y no toques nada! Nuestra querida (y a menudo angustiada) Medu protagoniza [&hellip;]","protected":false},"featured_media":88038,"template":"","meta":{"_acf_changed":false,"_exactmetrics_skip_tracking":false,"_exactmetrics_sitenote_active":false,"_exactmetrics_sitenote_note":"","_exactmetrics_sitenote_category":0},"product_brand":[],"product_cat":[900,1121,1142,909,1184,1291,910],"product_tag":[],"coleccion":[916,996],"class_list":{"0":"post-88037","1":"product","2":"type-product","3":"status-publish","4":"has-post-thumbnail","6":"product_cat-a-partir-de-5-anos","7":"product_cat-albumes-ilustrados","8":"product_cat-aventura","9":"product_cat-este-mes","10":"product_cat-humor","11":"product_cat-libro-juego","12":"product_cat-ultimas-novedades","13":"coleccion-castellano","14":"coleccion-mar-de-fantasia-albumes-ilustrados","16":"first","17":"instock","18":"taxable","19":"shipping-taxable","20":"purchasable","21":"product-type-simple"},"acf":{"autor":"Clanton, Ben","codart":"4936","ediciones":"1","encuadernacion":"Carton\u00e9","fecha_de_publicacion":"01\/09\/2025","novedad":"0","paginas":"44","subtitulo":"","texto_web_adicional":"","texto_web_novedad":"","orden":"999","portada":"0","texto_web_resaltado":"","autores-libros":[16284],"traductores-libros":[58414],"descripcion_corta":"","recomendamos":"","mas_vendido":"","indice":"","ilustradores-libros":"","idioma-libro":"","fecha_de_reimpresion":"","color":false,"formato":"","mas_informacion_del_producto":false,"premios":false,"deshabilitar_compra":[],"texto_enlace_cubierta":"","enlace_cubierta":{"ID":91936,"id":91936,"title":"Estelibroesunpeligro_CAST","filename":"Estelibroesunpeligro_CAST.jpg","filesize":926995,"url":"https:\/\/www.editorialjuventud.es\/wp-content\/uploads\/Estelibroesunpeligro_CAST.jpg","link":"https:\/\/www.editorialjuventud.es\/ca\/?attachment_id=91936","alt":"","author":"50","description":"","caption":"","name":"estelibroesunpeligro_cast","status":"inherit","uploaded_to":88037,"date":"2025-09-01 11:17:22","modified":"2025-09-01 11:17:22","menu_order":0,"mime_type":"image\/jpeg","type":"image","subtype":"jpeg","icon":"https:\/\/www.editorialjuventud.es\/wp-includes\/images\/media\/default.png","width":1999,"height":2000,"sizes":{"thumbnail":"https:\/\/www.editorialjuventud.es\/wp-content\/uploads\/Estelibroesunpeligro_CAST-200x200.jpg","thumbnail-width":200,"thumbnail-height":200,"medium":"https:\/\/www.editorialjuventud.es\/wp-content\/uploads\/Estelibroesunpeligro_CAST.jpg","medium-width":1999,"medium-height":2000,"medium_large":"https:\/\/www.editorialjuventud.es\/wp-content\/uploads\/Estelibroesunpeligro_CAST-768x768.jpg","medium_large-width":768,"medium_large-height":768,"large":"https:\/\/www.editorialjuventud.es\/wp-content\/uploads\/Estelibroesunpeligro_CAST.jpg","large-width":1999,"large-height":2000,"1536x1536":"https:\/\/www.editorialjuventud.es\/wp-content\/uploads\/Estelibroesunpeligro_CAST-1536x1536.jpg","1536x1536-width":1536,"1536x1536-height":1536,"2048x2048":"https:\/\/www.editorialjuventud.es\/wp-content\/uploads\/Estelibroesunpeligro_CAST.jpg","2048x2048-width":1999,"2048x2048-height":2000,"woocommerce_thumbnail":"https:\/\/www.editorialjuventud.es\/wp-content\/uploads\/Estelibroesunpeligro_CAST-350x350.jpg","woocommerce_thumbnail-width":350,"woocommerce_thumbnail-height":350,"woocommerce_single":"https:\/\/www.editorialjuventud.es\/wp-content\/uploads\/Estelibroesunpeligro_CAST-900x900.jpg","woocommerce_single-width":900,"woocommerce_single-height":900,"woocommerce_gallery_thumbnail":"https:\/\/www.editorialjuventud.es\/wp-content\/uploads\/Estelibroesunpeligro_CAST-100x100.jpg","woocommerce_gallery_thumbnail-width":100,"woocommerce_gallery_thumbnail-height":100,"ppec_logo_image_size":"https:\/\/www.editorialjuventud.es\/wp-content\/uploads\/Estelibroesunpeligro_CAST-60x60.jpg","ppec_logo_image_size-width":60,"ppec_logo_image_size-height":60,"ppec_header_image_size":"https:\/\/www.editorialjuventud.es\/wp-content\/uploads\/Estelibroesunpeligro_CAST-90x90.jpg","ppec_header_image_size-width":90,"ppec_header_image_size-height":90}},"texto_enlace_ficha_tecnica":"","enlace_ficha_tecnica":{"ID":92166,"id":92166,"title":"Este libro es un peligro","filename":"Este-libro-es-un-peligro.pdf","filesize":3123217,"url":"https:\/\/www.editorialjuventud.es\/wp-content\/uploads\/Este-libro-es-un-peligro.pdf","link":"https:\/\/www.editorialjuventud.es\/ca\/?attachment_id=92166","alt":"","author":"1519","description":"","caption":"","name":"este-libro-es-un-peligro","status":"inherit","uploaded_to":88031,"date":"2025-09-19 11:50:59","modified":"2025-09-19 11:50:59","menu_order":0,"mime_type":"application\/pdf","type":"application","subtype":"pdf","icon":"https:\/\/www.editorialjuventud.es\/wp-includes\/images\/media\/document.png"},"ficheros":false,"titulo-fr":"","texto-fr":""},"yoast_head":"<!-- This site is optimized with the Yoast SEO plugin v27.3 - https:\/\/yoast.com\/product\/yoast-seo-wordpress\/ -->\n<title>\u00a1Este libro es un peligro! - Editorial Juventud<\/title>\n<meta name=\"description\" content=\"\u00bfQu\u00e9 dices? \u00bfQue este libro es peligroso? A Medu no le va NADA lo peligroso... \u00bfPuedes ayudarla a salir? Sobre todo, no hagas movimientos bruscos ni\" \/>\n<meta name=\"robots\" content=\"index, follow, max-snippet:-1, max-image-preview:large, max-video-preview:-1\" \/>\n<link rel=\"canonical\" href=\"https:\/\/www.editorialjuventud.es\/este-libro-es-un-peligro-9788426149367\/\" \/>\n<meta property=\"og:locale\" content=\"ca_ES\" \/>\n<meta property=\"og:type\" content=\"article\" \/>\n<meta property=\"og:title\" content=\"\u00a1Este libro es un peligro! - Editorial Juventud\" \/>\n<meta property=\"og:description\" content=\"\u00bfQu\u00e9 dices? \u00bfQue este libro es peligroso? A Medu no le va NADA lo peligroso... \u00bfPuedes ayudarla a salir? Sobre todo, no hagas movimientos bruscos ni\" \/>\n<meta property=\"og:url\" content=\"https:\/\/www.editorialjuventud.es\/este-libro-es-un-peligro-9788426149367\/\" \/>\n<meta property=\"og:site_name\" content=\"Editorial Juventud\" \/>\n<meta property=\"article:modified_time\" content=\"2026-03-30T10:34:39+00:00\" \/>\n<meta property=\"og:image\" content=\"https:\/\/www.editorialjuventud.es\/wp-content\/uploads\/9788426149367.jpg\" \/>\n\t<meta property=\"og:image:width\" content=\"1999\" \/>\n\t<meta property=\"og:image:height\" content=\"2000\" \/>\n\t<meta property=\"og:image:type\" content=\"image\/jpeg\" \/>\n<meta name=\"twitter:card\" content=\"summary_large_image\" \/>\n<meta name=\"twitter:label1\" content=\"Temps estimat de lectura\" \/>\n\t<meta name=\"twitter:data1\" content=\"1 minut\" \/>\n<script type=\"application\/ld+json\" class=\"yoast-schema-graph\">{\"@context\":\"https:\\\/\\\/schema.org\",\"@graph\":[{\"@type\":\"WebPage\",\"@id\":\"https:\\\/\\\/www.editorialjuventud.es\\\/este-libro-es-un-peligro-9788426149367\\\/\",\"url\":\"https:\\\/\\\/www.editorialjuventud.es\\\/este-libro-es-un-peligro-9788426149367\\\/\",\"name\":\"\u00a1Este libro es un peligro! - Editorial Juventud\",\"isPartOf\":{\"@id\":\"https:\\\/\\\/www.editorialjuventud.es\\\/#website\"},\"primaryImageOfPage\":{\"@id\":\"https:\\\/\\\/www.editorialjuventud.es\\\/este-libro-es-un-peligro-9788426149367\\\/#primaryimage\"},\"image\":{\"@id\":\"https:\\\/\\\/www.editorialjuventud.es\\\/este-libro-es-un-peligro-9788426149367\\\/#primaryimage\"},\"thumbnailUrl\":\"https:\\\/\\\/www.editorialjuventud.es\\\/wp-content\\\/uploads\\\/9788426149367.jpg\",\"datePublished\":\"2025-08-05T14:35:34+00:00\",\"dateModified\":\"2026-03-30T10:34:39+00:00\",\"description\":\"\u00bfQu\u00e9 dices? \u00bfQue este libro es peligroso? A Medu no le va NADA lo peligroso... \u00bfPuedes ayudarla a salir? Sobre todo, no hagas movimientos bruscos ni\",\"breadcrumb\":{\"@id\":\"https:\\\/\\\/www.editorialjuventud.es\\\/este-libro-es-un-peligro-9788426149367\\\/#breadcrumb\"},\"inLanguage\":\"ca\",\"potentialAction\":[{\"@type\":\"ReadAction\",\"target\":[\"https:\\\/\\\/www.editorialjuventud.es\\\/este-libro-es-un-peligro-9788426149367\\\/\"]}]},{\"@type\":\"ImageObject\",\"inLanguage\":\"ca\",\"@id\":\"https:\\\/\\\/www.editorialjuventud.es\\\/este-libro-es-un-peligro-9788426149367\\\/#primaryimage\",\"url\":\"https:\\\/\\\/www.editorialjuventud.es\\\/wp-content\\\/uploads\\\/9788426149367.jpg\",\"contentUrl\":\"https:\\\/\\\/www.editorialjuventud.es\\\/wp-content\\\/uploads\\\/9788426149367.jpg\",\"width\":1999,\"height\":2000,\"caption\":\"9788426149367.jpg\"},{\"@type\":\"BreadcrumbList\",\"@id\":\"https:\\\/\\\/www.editorialjuventud.es\\\/este-libro-es-un-peligro-9788426149367\\\/#breadcrumb\",\"itemListElement\":[{\"@type\":\"ListItem\",\"position\":1,\"name\":\"Portada\",\"item\":\"https:\\\/\\\/www.editorialjuventud.es\\\/\"},{\"@type\":\"ListItem\",\"position\":2,\"name\":\"cat\u00e1logo\",\"item\":\"https:\\\/\\\/www.editorialjuventud.es\\\/coleccion\\\/catalogo\\\/\"},{\"@type\":\"ListItem\",\"position\":3,\"name\":\"castellano\",\"item\":\"https:\\\/\\\/www.editorialjuventud.es\\\/coleccion\\\/castellano\\\/\"},{\"@type\":\"ListItem\",\"position\":4,\"name\":\"\u00c1lbumes Ilustrados\",\"item\":\"https:\\\/\\\/www.editorialjuventud.es\\\/coleccion\\\/albumes-ilustrados\\\/\"},{\"@type\":\"ListItem\",\"position\":5,\"name\":\"Mar de Fantas\u00eda\",\"item\":\"https:\\\/\\\/www.editorialjuventud.es\\\/coleccion\\\/mar-de-fantasia-albumes-ilustrados\\\/\"},{\"@type\":\"ListItem\",\"position\":6,\"name\":\"\u00a1Este libro es un peligro!\"}]},{\"@type\":\"WebSite\",\"@id\":\"https:\\\/\\\/www.editorialjuventud.es\\\/#website\",\"url\":\"https:\\\/\\\/www.editorialjuventud.es\\\/\",\"name\":\"Editorial Juventud\",\"description\":\"\",\"potentialAction\":[{\"@type\":\"SearchAction\",\"target\":{\"@type\":\"EntryPoint\",\"urlTemplate\":\"https:\\\/\\\/www.editorialjuventud.es\\\/?s={search_term_string}\"},\"query-input\":{\"@type\":\"PropertyValueSpecification\",\"valueRequired\":true,\"valueName\":\"search_term_string\"}}],\"inLanguage\":\"ca\"}]}<\/script>\n<!-- \/ Yoast SEO plugin. -->","yoast_head_json":{"title":"\u00a1Este libro es un peligro! - Editorial Juventud","description":"\u00bfQu\u00e9 dices? \u00bfQue este libro es peligroso? A Medu no le va NADA lo peligroso... \u00bfPuedes ayudarla a salir? Sobre todo, no hagas movimientos bruscos ni","robots":{"index":"index","follow":"follow","max-snippet":"max-snippet:-1","max-image-preview":"max-image-preview:large","max-video-preview":"max-video-preview:-1"},"canonical":"https:\/\/www.editorialjuventud.es\/este-libro-es-un-peligro-9788426149367\/","og_locale":"ca_ES","og_type":"article","og_title":"\u00a1Este libro es un peligro! - Editorial Juventud","og_description":"\u00bfQu\u00e9 dices? \u00bfQue este libro es peligroso? A Medu no le va NADA lo peligroso... \u00bfPuedes ayudarla a salir? Sobre todo, no hagas movimientos bruscos ni","og_url":"https:\/\/www.editorialjuventud.es\/este-libro-es-un-peligro-9788426149367\/","og_site_name":"Editorial Juventud","article_modified_time":"2026-03-30T10:34:39+00:00","og_image":[{"width":1999,"height":2000,"url":"https:\/\/www.editorialjuventud.es\/wp-content\/uploads\/9788426149367.jpg","type":"image\/jpeg"}],"twitter_card":"summary_large_image","twitter_misc":{"Temps estimat de lectura":"1 minut"},"schema":{"@context":"https:\/\/schema.org","@graph":[{"@type":"WebPage","@id":"https:\/\/www.editorialjuventud.es\/este-libro-es-un-peligro-9788426149367\/","url":"https:\/\/www.editorialjuventud.es\/este-libro-es-un-peligro-9788426149367\/","name":"\u00a1Este libro es un peligro! - Editorial Juventud","isPartOf":{"@id":"https:\/\/www.editorialjuventud.es\/#website"},"primaryImageOfPage":{"@id":"https:\/\/www.editorialjuventud.es\/este-libro-es-un-peligro-9788426149367\/#primaryimage"},"image":{"@id":"https:\/\/www.editorialjuventud.es\/este-libro-es-un-peligro-9788426149367\/#primaryimage"},"thumbnailUrl":"https:\/\/www.editorialjuventud.es\/wp-content\/uploads\/9788426149367.jpg","datePublished":"2025-08-05T14:35:34+00:00","dateModified":"2026-03-30T10:34:39+00:00","description":"\u00bfQu\u00e9 dices? \u00bfQue este libro es peligroso? A Medu no le va NADA lo peligroso... \u00bfPuedes ayudarla a salir? Sobre todo, no hagas movimientos bruscos ni","breadcrumb":{"@id":"https:\/\/www.editorialjuventud.es\/este-libro-es-un-peligro-9788426149367\/#breadcrumb"},"inLanguage":"ca","potentialAction":[{"@type":"ReadAction","target":["https:\/\/www.editorialjuventud.es\/este-libro-es-un-peligro-9788426149367\/"]}]},{"@type":"ImageObject","inLanguage":"ca","@id":"https:\/\/www.editorialjuventud.es\/este-libro-es-un-peligro-9788426149367\/#primaryimage","url":"https:\/\/www.editorialjuventud.es\/wp-content\/uploads\/9788426149367.jpg","contentUrl":"https:\/\/www.editorialjuventud.es\/wp-content\/uploads\/9788426149367.jpg","width":1999,"height":2000,"caption":"9788426149367.jpg"},{"@type":"BreadcrumbList","@id":"https:\/\/www.editorialjuventud.es\/este-libro-es-un-peligro-9788426149367\/#breadcrumb","itemListElement":[{"@type":"ListItem","position":1,"name":"Portada","item":"https:\/\/www.editorialjuventud.es\/"},{"@type":"ListItem","position":2,"name":"cat\u00e1logo","item":"https:\/\/www.editorialjuventud.es\/coleccion\/catalogo\/"},{"@type":"ListItem","position":3,"name":"castellano","item":"https:\/\/www.editorialjuventud.es\/coleccion\/castellano\/"},{"@type":"ListItem","position":4,"name":"\u00c1lbumes Ilustrados","item":"https:\/\/www.editorialjuventud.es\/coleccion\/albumes-ilustrados\/"},{"@type":"ListItem","position":5,"name":"Mar de Fantas\u00eda","item":"https:\/\/www.editorialjuventud.es\/coleccion\/mar-de-fantasia-albumes-ilustrados\/"},{"@type":"ListItem","position":6,"name":"\u00a1Este libro es un peligro!"}]},{"@type":"WebSite","@id":"https:\/\/www.editorialjuventud.es\/#website","url":"https:\/\/www.editorialjuventud.es\/","name":"Editorial Juventud","description":"","potentialAction":[{"@type":"SearchAction","target":{"@type":"EntryPoint","urlTemplate":"https:\/\/www.editorialjuventud.es\/?s={search_term_string}"},"query-input":{"@type":"PropertyValueSpecification","valueRequired":true,"valueName":"search_term_string"}}],"inLanguage":"ca"}]}},"_links":{"self":[{"href":"https:\/\/www.editorialjuventud.es\/ca\/wp-json\/wp\/v2\/product\/88037","targetHints":{"allow":["GET"]}}],"collection":[{"href":"https:\/\/www.editorialjuventud.es\/ca\/wp-json\/wp\/v2\/product"}],"about":[{"href":"https:\/\/www.editorialjuventud.es\/ca\/wp-json\/wp\/v2\/types\/product"}],"wp:featuredmedia":[{"embeddable":true,"href":"https:\/\/www.editorialjuventud.es\/ca\/wp-json\/wp\/v2\/media\/88038"}],"wp:attachment":[{"href":"https:\/\/www.editorialjuventud.es\/ca\/wp-json\/wp\/v2\/media?parent=88037"}],"wp:term":[{"taxonomy":"product_brand","embeddable":true,"href":"https:\/\/www.editorialjuventud.es\/ca\/wp-json\/wp\/v2\/product_brand?post=88037"},{"taxonomy":"product_cat","embeddable":true,"href":"https:\/\/www.editorialjuventud.es\/ca\/wp-json\/wp\/v2\/product_cat?post=88037"},{"taxonomy":"product_tag","embeddable":true,"href":"https:\/\/www.editorialjuventud.es\/ca\/wp-json\/wp\/v2\/product_tag?post=88037"},{"taxonomy":"coleccion","embeddable":true,"href":"https:\/\/www.editorialjuventud.es\/ca\/wp-json\/wp\/v2\/coleccion?post=88037"}],"curies":[{"name":"wp","href":"https:\/\/api.w.org\/{rel}","templated":true}]}}