{"id":88034,"date":"2025-08-05T16:35:24","date_gmt":"2025-08-05T14:35:24","guid":{"rendered":"https:\/\/www.editorialjuventud.es\/aquest-llibre-es-un-perill-9788426149374\/"},"modified":"2026-03-30T12:35:39","modified_gmt":"2026-03-30T10:35:39","slug":"aquest-llibre-es-un-perill-9788426149374","status":"publish","type":"product","link":"https:\/\/www.editorialjuventud.es\/ca\/aquest-llibre-es-un-perill-9788426149374\/","title":{"rendered":"Aquest llibre \u00e9s un perill!"},"content":{"rendered":"<p>Qu\u00e8 dius? Que aquest llibre \u00e9s perill\u00f3s? A la Medu no li agrada GENS res que sigui perill\u00f3s&#8230; Pots ajudar-la a sortir d&#8217;aquest embolic? Sobretot, no facis moviments bruscos ni sorolls forts&#8230; I no toquis res!<br \/>\nLa nostra estimada (i sovint angoixada) Medu protagonitza aquest \u00e0lbum interactiu de nou format i replet de perills. El lector podr\u00e0 ajudar (o no) la Medu a escapar de serps marines, de tota classe d&#8217;objectes punxants i d&#8217;alguna queixalada. Per\u00f2 compte! Que aquest \u00e0lbum \u00e9s perillosa&#8230;ment divertit!<br \/>\nUna altra aventura per als fans m\u00e9s consolidats de la parella marina, o b\u00e9 perqu\u00e8 nous lectors puguin submergir-se en aquest univers tan narval\u00e0stic!<\/p>\n<p><img loading=\"lazy\" decoding=\"async\" class=\"alignnone  wp-image-101828\" src=\"https:\/\/www.editorialjuventud.es\/wp-content\/uploads\/Logo_Suport_ICEC-2.jpg\" alt=\"\" width=\"578\" height=\"151\" srcset=\"https:\/\/www.editorialjuventud.es\/wp-content\/uploads\/Logo_Suport_ICEC-2.jpg 1237w, https:\/\/www.editorialjuventud.es\/wp-content\/uploads\/Logo_Suport_ICEC-2-768x201.jpg 768w, https:\/\/www.editorialjuventud.es\/wp-content\/uploads\/Logo_Suport_ICEC-2-350x92.jpg 350w, https:\/\/www.editorialjuventud.es\/wp-content\/uploads\/Logo_Suport_ICEC-2-900x236.jpg 900w, https:\/\/www.editorialjuventud.es\/wp-content\/uploads\/Logo_Suport_ICEC-2-190x50.jpg 190w, https:\/\/www.editorialjuventud.es\/wp-content\/uploads\/Logo_Suport_ICEC-2-344x90.jpg 344w\" sizes=\"auto, (max-width: 578px) 100vw, 578px\" \/><\/p>\n","protected":false},"excerpt":{"rendered":"Qu\u00e8 dius? Que aquest llibre \u00e9s perill\u00f3s? A la Medu no li agrada GENS res que sigui perill\u00f3s&#8230; Pots ajudar-la a sortir d&#8217;aquest embolic? Sobretot, no facis moviments bruscos ni sorolls forts&#8230; I no toquis res! La nostra estimada (i [&hellip;]","protected":false},"featured_media":88035,"template":"","meta":{"_acf_changed":false,"_exactmetrics_skip_tracking":false,"_exactmetrics_sitenote_active":false,"_exactmetrics_sitenote_note":"","_exactmetrics_sitenote_category":0},"product_brand":[],"product_cat":[900,1121,1142,909,1184,1291,910],"product_tag":[],"coleccion":[957],"class_list":{"0":"post-88034","1":"product","2":"type-product","3":"status-publish","4":"has-post-thumbnail","6":"product_cat-a-partir-de-5-anos","7":"product_cat-albumes-ilustrados","8":"product_cat-aventura","9":"product_cat-este-mes","10":"product_cat-humor","11":"product_cat-libro-juego","12":"product_cat-ultimas-novedades","13":"coleccion-mar-de-fantasia","15":"first","16":"instock","17":"taxable","18":"shipping-taxable","19":"purchasable","20":"product-type-simple"},"acf":{"autor":"Clanton, Ben","codart":"4937","ediciones":"1","encuadernacion":"Carton\u00e9","fecha_de_publicacion":"01\/09\/2025","novedad":"0","paginas":"44","subtitulo":"","texto_web_adicional":"","texto_web_novedad":"","orden":"999","portada":"0","texto_web_resaltado":"","autores-libros":[16284],"traductores-libros":[58414],"descripcion_corta":"","recomendamos":"","mas_vendido":"","indice":"","ilustradores-libros":"","idioma-libro":"","fecha_de_reimpresion":"","color":false,"formato":"","mas_informacion_del_producto":false,"premios":false,"deshabilitar_compra":[],"texto_enlace_cubierta":"","enlace_cubierta":{"ID":91954,"id":91954,"title":"AquestLlibreesunperill_CAT","filename":"AquestLlibreesunperill_CAT.jpg","filesize":915345,"url":"https:\/\/www.editorialjuventud.es\/wp-content\/uploads\/AquestLlibreesunperill_CAT.jpg","link":"https:\/\/www.editorialjuventud.es\/ca\/?attachment_id=91954","alt":"","author":"50","description":"","caption":"","name":"aquestllibreesunperill_cat","status":"inherit","uploaded_to":88034,"date":"2025-09-01 11:24:12","modified":"2025-09-01 11:24:12","menu_order":0,"mime_type":"image\/jpeg","type":"image","subtype":"jpeg","icon":"https:\/\/www.editorialjuventud.es\/wp-includes\/images\/media\/default.png","width":1997,"height":2000,"sizes":{"thumbnail":"https:\/\/www.editorialjuventud.es\/wp-content\/uploads\/AquestLlibreesunperill_CAT-200x200.jpg","thumbnail-width":200,"thumbnail-height":200,"medium":"https:\/\/www.editorialjuventud.es\/wp-content\/uploads\/AquestLlibreesunperill_CAT.jpg","medium-width":1997,"medium-height":2000,"medium_large":"https:\/\/www.editorialjuventud.es\/wp-content\/uploads\/AquestLlibreesunperill_CAT-768x769.jpg","medium_large-width":768,"medium_large-height":769,"large":"https:\/\/www.editorialjuventud.es\/wp-content\/uploads\/AquestLlibreesunperill_CAT.jpg","large-width":1997,"large-height":2000,"1536x1536":"https:\/\/www.editorialjuventud.es\/wp-content\/uploads\/AquestLlibreesunperill_CAT-1534x1536.jpg","1536x1536-width":1534,"1536x1536-height":1536,"2048x2048":"https:\/\/www.editorialjuventud.es\/wp-content\/uploads\/AquestLlibreesunperill_CAT.jpg","2048x2048-width":1997,"2048x2048-height":2000,"woocommerce_thumbnail":"https:\/\/www.editorialjuventud.es\/wp-content\/uploads\/AquestLlibreesunperill_CAT-350x351.jpg","woocommerce_thumbnail-width":350,"woocommerce_thumbnail-height":351,"woocommerce_single":"https:\/\/www.editorialjuventud.es\/wp-content\/uploads\/AquestLlibreesunperill_CAT-900x901.jpg","woocommerce_single-width":900,"woocommerce_single-height":901,"woocommerce_gallery_thumbnail":"https:\/\/www.editorialjuventud.es\/wp-content\/uploads\/AquestLlibreesunperill_CAT-100x100.jpg","woocommerce_gallery_thumbnail-width":100,"woocommerce_gallery_thumbnail-height":100,"ppec_logo_image_size":"https:\/\/www.editorialjuventud.es\/wp-content\/uploads\/AquestLlibreesunperill_CAT-60x60.jpg","ppec_logo_image_size-width":60,"ppec_logo_image_size-height":60,"ppec_header_image_size":"https:\/\/www.editorialjuventud.es\/wp-content\/uploads\/AquestLlibreesunperill_CAT-90x90.jpg","ppec_header_image_size-width":90,"ppec_header_image_size-height":90}},"texto_enlace_ficha_tecnica":"","enlace_ficha_tecnica":{"ID":92164,"id":92164,"title":"Aquest llibre \u00e9s un perill","filename":"Aquest-llibre-es-un-perill.pdf","filesize":3187835,"url":"https:\/\/www.editorialjuventud.es\/wp-content\/uploads\/Aquest-llibre-es-un-perill.pdf","link":"https:\/\/www.editorialjuventud.es\/ca\/?attachment_id=92164","alt":"","author":"1519","description":"","caption":"","name":"aquest-llibre-es-un-perill","status":"inherit","uploaded_to":88031,"date":"2025-09-19 11:50:55","modified":"2025-09-19 11:50:55","menu_order":0,"mime_type":"application\/pdf","type":"application","subtype":"pdf","icon":"https:\/\/www.editorialjuventud.es\/wp-includes\/images\/media\/document.png"},"ficheros":false,"titulo-fr":"","texto-fr":""},"yoast_head":"<!-- This site is optimized with the Yoast SEO plugin v27.3 - https:\/\/yoast.com\/product\/yoast-seo-wordpress\/ -->\n<title>Aquest llibre \u00e9s un perill! - Editorial Juventud<\/title>\n<meta name=\"description\" content=\"Qu\u00e8 dius? Que aquest llibre \u00e9s perill\u00f3s? A la Medu no li agrada GENS res que sigui perill\u00f3s... Pots ajudar-la a sortir d&#039;aquest embolic? Sobretot, no\" \/>\n<meta name=\"robots\" content=\"index, follow, max-snippet:-1, max-image-preview:large, max-video-preview:-1\" \/>\n<link rel=\"canonical\" href=\"https:\/\/www.editorialjuventud.es\/aquest-llibre-es-un-perill-9788426149374\/\" \/>\n<meta property=\"og:locale\" content=\"ca_ES\" \/>\n<meta property=\"og:type\" content=\"article\" \/>\n<meta property=\"og:title\" content=\"Aquest llibre \u00e9s un perill! - Editorial Juventud\" \/>\n<meta property=\"og:description\" content=\"Qu\u00e8 dius? Que aquest llibre \u00e9s perill\u00f3s? A la Medu no li agrada GENS res que sigui perill\u00f3s... Pots ajudar-la a sortir d&#039;aquest embolic? Sobretot, no\" \/>\n<meta property=\"og:url\" content=\"https:\/\/www.editorialjuventud.es\/aquest-llibre-es-un-perill-9788426149374\/\" \/>\n<meta property=\"og:site_name\" content=\"Editorial Juventud\" \/>\n<meta property=\"article:modified_time\" content=\"2026-03-30T10:35:39+00:00\" \/>\n<meta property=\"og:image\" content=\"https:\/\/www.editorialjuventud.es\/wp-content\/uploads\/9788426149374.jpg\" \/>\n\t<meta property=\"og:image:width\" content=\"1997\" \/>\n\t<meta property=\"og:image:height\" content=\"2000\" \/>\n\t<meta property=\"og:image:type\" content=\"image\/jpeg\" \/>\n<meta name=\"twitter:card\" content=\"summary_large_image\" \/>\n<meta name=\"twitter:label1\" content=\"Temps estimat de lectura\" \/>\n\t<meta name=\"twitter:data1\" content=\"1 minut\" \/>\n<script type=\"application\/ld+json\" class=\"yoast-schema-graph\">{\"@context\":\"https:\\\/\\\/schema.org\",\"@graph\":[{\"@type\":\"WebPage\",\"@id\":\"https:\\\/\\\/www.editorialjuventud.es\\\/aquest-llibre-es-un-perill-9788426149374\\\/\",\"url\":\"https:\\\/\\\/www.editorialjuventud.es\\\/aquest-llibre-es-un-perill-9788426149374\\\/\",\"name\":\"Aquest llibre \u00e9s un perill! - Editorial Juventud\",\"isPartOf\":{\"@id\":\"https:\\\/\\\/www.editorialjuventud.es\\\/#website\"},\"primaryImageOfPage\":{\"@id\":\"https:\\\/\\\/www.editorialjuventud.es\\\/aquest-llibre-es-un-perill-9788426149374\\\/#primaryimage\"},\"image\":{\"@id\":\"https:\\\/\\\/www.editorialjuventud.es\\\/aquest-llibre-es-un-perill-9788426149374\\\/#primaryimage\"},\"thumbnailUrl\":\"https:\\\/\\\/www.editorialjuventud.es\\\/wp-content\\\/uploads\\\/9788426149374.jpg\",\"datePublished\":\"2025-08-05T14:35:24+00:00\",\"dateModified\":\"2026-03-30T10:35:39+00:00\",\"description\":\"Qu\u00e8 dius? Que aquest llibre \u00e9s perill\u00f3s? A la Medu no li agrada GENS res que sigui perill\u00f3s... Pots ajudar-la a sortir d'aquest embolic? Sobretot, no\",\"breadcrumb\":{\"@id\":\"https:\\\/\\\/www.editorialjuventud.es\\\/aquest-llibre-es-un-perill-9788426149374\\\/#breadcrumb\"},\"inLanguage\":\"ca\",\"potentialAction\":[{\"@type\":\"ReadAction\",\"target\":[\"https:\\\/\\\/www.editorialjuventud.es\\\/aquest-llibre-es-un-perill-9788426149374\\\/\"]}]},{\"@type\":\"ImageObject\",\"inLanguage\":\"ca\",\"@id\":\"https:\\\/\\\/www.editorialjuventud.es\\\/aquest-llibre-es-un-perill-9788426149374\\\/#primaryimage\",\"url\":\"https:\\\/\\\/www.editorialjuventud.es\\\/wp-content\\\/uploads\\\/9788426149374.jpg\",\"contentUrl\":\"https:\\\/\\\/www.editorialjuventud.es\\\/wp-content\\\/uploads\\\/9788426149374.jpg\",\"width\":1997,\"height\":2000,\"caption\":\"9788426149374.jpg\"},{\"@type\":\"BreadcrumbList\",\"@id\":\"https:\\\/\\\/www.editorialjuventud.es\\\/aquest-llibre-es-un-perill-9788426149374\\\/#breadcrumb\",\"itemListElement\":[{\"@type\":\"ListItem\",\"position\":1,\"name\":\"Portada\",\"item\":\"https:\\\/\\\/www.editorialjuventud.es\\\/\"},{\"@type\":\"ListItem\",\"position\":2,\"name\":\"cat\u00e1logo\",\"item\":\"https:\\\/\\\/www.editorialjuventud.es\\\/coleccion\\\/catalogo\\\/\"},{\"@type\":\"ListItem\",\"position\":3,\"name\":\"catal\u00e0\",\"item\":\"https:\\\/\\\/www.editorialjuventud.es\\\/coleccion\\\/catala\\\/\"},{\"@type\":\"ListItem\",\"position\":4,\"name\":\"\u00c0lbums Il\u00b7lustrats\",\"item\":\"https:\\\/\\\/www.editorialjuventud.es\\\/coleccion\\\/albums-il%c2%b7lustrats\\\/\"},{\"@type\":\"ListItem\",\"position\":5,\"name\":\"Mar de Fantasia\",\"item\":\"https:\\\/\\\/www.editorialjuventud.es\\\/coleccion\\\/mar-de-fantasia\\\/\"},{\"@type\":\"ListItem\",\"position\":6,\"name\":\"Aquest llibre \u00e9s un perill!\"}]},{\"@type\":\"WebSite\",\"@id\":\"https:\\\/\\\/www.editorialjuventud.es\\\/#website\",\"url\":\"https:\\\/\\\/www.editorialjuventud.es\\\/\",\"name\":\"Editorial Juventud\",\"description\":\"\",\"potentialAction\":[{\"@type\":\"SearchAction\",\"target\":{\"@type\":\"EntryPoint\",\"urlTemplate\":\"https:\\\/\\\/www.editorialjuventud.es\\\/?s={search_term_string}\"},\"query-input\":{\"@type\":\"PropertyValueSpecification\",\"valueRequired\":true,\"valueName\":\"search_term_string\"}}],\"inLanguage\":\"ca\"}]}<\/script>\n<!-- \/ Yoast SEO plugin. -->","yoast_head_json":{"title":"Aquest llibre \u00e9s un perill! - Editorial Juventud","description":"Qu\u00e8 dius? Que aquest llibre \u00e9s perill\u00f3s? A la Medu no li agrada GENS res que sigui perill\u00f3s... Pots ajudar-la a sortir d'aquest embolic? Sobretot, no","robots":{"index":"index","follow":"follow","max-snippet":"max-snippet:-1","max-image-preview":"max-image-preview:large","max-video-preview":"max-video-preview:-1"},"canonical":"https:\/\/www.editorialjuventud.es\/aquest-llibre-es-un-perill-9788426149374\/","og_locale":"ca_ES","og_type":"article","og_title":"Aquest llibre \u00e9s un perill! - Editorial Juventud","og_description":"Qu\u00e8 dius? Que aquest llibre \u00e9s perill\u00f3s? A la Medu no li agrada GENS res que sigui perill\u00f3s... Pots ajudar-la a sortir d'aquest embolic? Sobretot, no","og_url":"https:\/\/www.editorialjuventud.es\/aquest-llibre-es-un-perill-9788426149374\/","og_site_name":"Editorial Juventud","article_modified_time":"2026-03-30T10:35:39+00:00","og_image":[{"width":1997,"height":2000,"url":"https:\/\/www.editorialjuventud.es\/wp-content\/uploads\/9788426149374.jpg","type":"image\/jpeg"}],"twitter_card":"summary_large_image","twitter_misc":{"Temps estimat de lectura":"1 minut"},"schema":{"@context":"https:\/\/schema.org","@graph":[{"@type":"WebPage","@id":"https:\/\/www.editorialjuventud.es\/aquest-llibre-es-un-perill-9788426149374\/","url":"https:\/\/www.editorialjuventud.es\/aquest-llibre-es-un-perill-9788426149374\/","name":"Aquest llibre \u00e9s un perill! - Editorial Juventud","isPartOf":{"@id":"https:\/\/www.editorialjuventud.es\/#website"},"primaryImageOfPage":{"@id":"https:\/\/www.editorialjuventud.es\/aquest-llibre-es-un-perill-9788426149374\/#primaryimage"},"image":{"@id":"https:\/\/www.editorialjuventud.es\/aquest-llibre-es-un-perill-9788426149374\/#primaryimage"},"thumbnailUrl":"https:\/\/www.editorialjuventud.es\/wp-content\/uploads\/9788426149374.jpg","datePublished":"2025-08-05T14:35:24+00:00","dateModified":"2026-03-30T10:35:39+00:00","description":"Qu\u00e8 dius? Que aquest llibre \u00e9s perill\u00f3s? A la Medu no li agrada GENS res que sigui perill\u00f3s... Pots ajudar-la a sortir d'aquest embolic? Sobretot, no","breadcrumb":{"@id":"https:\/\/www.editorialjuventud.es\/aquest-llibre-es-un-perill-9788426149374\/#breadcrumb"},"inLanguage":"ca","potentialAction":[{"@type":"ReadAction","target":["https:\/\/www.editorialjuventud.es\/aquest-llibre-es-un-perill-9788426149374\/"]}]},{"@type":"ImageObject","inLanguage":"ca","@id":"https:\/\/www.editorialjuventud.es\/aquest-llibre-es-un-perill-9788426149374\/#primaryimage","url":"https:\/\/www.editorialjuventud.es\/wp-content\/uploads\/9788426149374.jpg","contentUrl":"https:\/\/www.editorialjuventud.es\/wp-content\/uploads\/9788426149374.jpg","width":1997,"height":2000,"caption":"9788426149374.jpg"},{"@type":"BreadcrumbList","@id":"https:\/\/www.editorialjuventud.es\/aquest-llibre-es-un-perill-9788426149374\/#breadcrumb","itemListElement":[{"@type":"ListItem","position":1,"name":"Portada","item":"https:\/\/www.editorialjuventud.es\/"},{"@type":"ListItem","position":2,"name":"cat\u00e1logo","item":"https:\/\/www.editorialjuventud.es\/coleccion\/catalogo\/"},{"@type":"ListItem","position":3,"name":"catal\u00e0","item":"https:\/\/www.editorialjuventud.es\/coleccion\/catala\/"},{"@type":"ListItem","position":4,"name":"\u00c0lbums Il\u00b7lustrats","item":"https:\/\/www.editorialjuventud.es\/coleccion\/albums-il%c2%b7lustrats\/"},{"@type":"ListItem","position":5,"name":"Mar de Fantasia","item":"https:\/\/www.editorialjuventud.es\/coleccion\/mar-de-fantasia\/"},{"@type":"ListItem","position":6,"name":"Aquest llibre \u00e9s un perill!"}]},{"@type":"WebSite","@id":"https:\/\/www.editorialjuventud.es\/#website","url":"https:\/\/www.editorialjuventud.es\/","name":"Editorial Juventud","description":"","potentialAction":[{"@type":"SearchAction","target":{"@type":"EntryPoint","urlTemplate":"https:\/\/www.editorialjuventud.es\/?s={search_term_string}"},"query-input":{"@type":"PropertyValueSpecification","valueRequired":true,"valueName":"search_term_string"}}],"inLanguage":"ca"}]}},"_links":{"self":[{"href":"https:\/\/www.editorialjuventud.es\/ca\/wp-json\/wp\/v2\/product\/88034","targetHints":{"allow":["GET"]}}],"collection":[{"href":"https:\/\/www.editorialjuventud.es\/ca\/wp-json\/wp\/v2\/product"}],"about":[{"href":"https:\/\/www.editorialjuventud.es\/ca\/wp-json\/wp\/v2\/types\/product"}],"wp:featuredmedia":[{"embeddable":true,"href":"https:\/\/www.editorialjuventud.es\/ca\/wp-json\/wp\/v2\/media\/88035"}],"wp:attachment":[{"href":"https:\/\/www.editorialjuventud.es\/ca\/wp-json\/wp\/v2\/media?parent=88034"}],"wp:term":[{"taxonomy":"product_brand","embeddable":true,"href":"https:\/\/www.editorialjuventud.es\/ca\/wp-json\/wp\/v2\/product_brand?post=88034"},{"taxonomy":"product_cat","embeddable":true,"href":"https:\/\/www.editorialjuventud.es\/ca\/wp-json\/wp\/v2\/product_cat?post=88034"},{"taxonomy":"product_tag","embeddable":true,"href":"https:\/\/www.editorialjuventud.es\/ca\/wp-json\/wp\/v2\/product_tag?post=88034"},{"taxonomy":"coleccion","embeddable":true,"href":"https:\/\/www.editorialjuventud.es\/ca\/wp-json\/wp\/v2\/coleccion?post=88034"}],"curies":[{"name":"wp","href":"https:\/\/api.w.org\/{rel}","templated":true}]}}