{"id":82299,"date":"2025-06-27T09:40:28","date_gmt":"2025-06-27T07:40:28","guid":{"rendered":"https:\/\/www.editorialjuventud.es\/misteri-al-museu-9788426149336\/"},"modified":"2026-03-30T12:21:01","modified_gmt":"2026-03-30T10:21:01","slug":"misteri-al-museu-9788426149336","status":"publish","type":"product","link":"https:\/\/www.editorialjuventud.es\/ca\/misteri-al-museu-9788426149336\/","title":{"rendered":"Misteri al museu"},"content":{"rendered":"<p>Un nou museu obre les portes al poble de Kirrin! Per\u00f2 els Cinc descobreixen un quadre sospit\u00f3s de ser una imitaci\u00f3&#8230; Podran resoldre aquest misteri abans de la gran inauguraci\u00f3?<br \/>\nEn Juli, en Dick, la Jordi, l&#8217;Anna i el Tim delecten als seus lectors des de fa 80 anys. Aquests relats in\u00e8dits de l&#8217;Enid Blyton, amb noves il\u00b7lustracions a tot color, s\u00f3n una introducci\u00f3 perfecta per als nous lectors, i una forma fant\u00e0stica de gaudir de les seves hist\u00f2ries cl\u00e0ssiques per als fans incondicionals del Club dels Cinc. La maquetaci\u00f3, amb un joc tipogr\u00e0fic que accentua les paraules segons la import\u00e0ncia i amb un cos de lletra gran, facilita la feina a aquells que emprenen el cam\u00ed cap a la lectura aut\u00f2noma.<\/p>\n<p><img loading=\"lazy\" decoding=\"async\" class=\"alignnone  wp-image-101828\" src=\"https:\/\/www.editorialjuventud.es\/wp-content\/uploads\/Logo_Suport_ICEC-2.jpg\" alt=\"\" width=\"574\" height=\"150\" srcset=\"https:\/\/www.editorialjuventud.es\/wp-content\/uploads\/Logo_Suport_ICEC-2.jpg 1237w, https:\/\/www.editorialjuventud.es\/wp-content\/uploads\/Logo_Suport_ICEC-2-768x201.jpg 768w, https:\/\/www.editorialjuventud.es\/wp-content\/uploads\/Logo_Suport_ICEC-2-350x92.jpg 350w, https:\/\/www.editorialjuventud.es\/wp-content\/uploads\/Logo_Suport_ICEC-2-900x236.jpg 900w, https:\/\/www.editorialjuventud.es\/wp-content\/uploads\/Logo_Suport_ICEC-2-190x50.jpg 190w, https:\/\/www.editorialjuventud.es\/wp-content\/uploads\/Logo_Suport_ICEC-2-344x90.jpg 344w\" sizes=\"auto, (max-width: 574px) 100vw, 574px\" \/><\/p>\n","protected":false},"excerpt":{"rendered":"Un nou museu obre les portes al poble de Kirrin! Per\u00f2 els Cinc descobreixen un quadre sospit\u00f3s de ser una imitaci\u00f3&#8230; Podran resoldre aquest misteri abans de la gran inauguraci\u00f3? En Juli, en Dick, la Jordi, l&#8217;Anna i el Tim [&hellip;]","protected":false},"featured_media":82300,"template":"","meta":{"_acf_changed":false,"_exactmetrics_skip_tracking":false,"_exactmetrics_sitenote_active":false,"_exactmetrics_sitenote_note":"","_exactmetrics_sitenote_category":0},"product_brand":[],"product_cat":[902,1142,909,1119,910],"product_tag":[],"coleccion":[915,982,926],"class_list":{"0":"post-82299","1":"product","2":"type-product","3":"status-publish","4":"has-post-thumbnail","6":"product_cat-a-partir-de-7-anos","7":"product_cat-aventura","8":"product_cat-este-mes","9":"product_cat-narrativa-juvenil","10":"product_cat-ultimas-novedades","11":"coleccion-catala","12":"coleccion-histories-curtes-dels-cinc","13":"coleccion-narrativa-juvenil","15":"first","16":"instock","17":"taxable","18":"shipping-taxable","19":"purchasable","20":"product-type-simple"},"acf":{"autor":"Blyton, Enid; Ahmed, Sufiya","codart":"4933","ediciones":"1","encuadernacion":"R\u00fastica","fecha_de_publicacion":"01\/06\/2025","novedad":"0","paginas":"80","subtitulo":"","texto_web_adicional":"","texto_web_novedad":"","orden":"999","portada":"0","texto_web_resaltado":"","autores-libros":[78349,16237],"traductores-libros":[58414],"descripcion_corta":"","recomendamos":"","mas_vendido":"","indice":"","ilustradores-libros":[92085],"idioma-libro":"","fecha_de_reimpresion":"","color":false,"formato":"","mas_informacion_del_producto":false,"premios":false,"deshabilitar_compra":[],"texto_enlace_cubierta":"","enlace_cubierta":{"ID":82941,"id":82941,"title":"Misteri Museu_cover_CAT","filename":"Misteri-Museu_cover_CAT.jpg","filesize":622984,"url":"https:\/\/www.editorialjuventud.es\/wp-content\/uploads\/Misteri-Museu_cover_CAT.jpg","link":"https:\/\/www.editorialjuventud.es\/ca\/?attachment_id=82941","alt":"","author":"50","description":"","caption":"","name":"misteri-museu_cover_cat","status":"inherit","uploaded_to":82299,"date":"2025-07-01 13:12:28","modified":"2025-07-01 13:12:28","menu_order":0,"mime_type":"image\/jpeg","type":"image","subtype":"jpeg","icon":"https:\/\/www.editorialjuventud.es\/wp-includes\/images\/media\/default.png","width":1301,"height":2000,"sizes":{"thumbnail":"https:\/\/www.editorialjuventud.es\/wp-content\/uploads\/Misteri-Museu_cover_CAT-200x200.jpg","thumbnail-width":200,"thumbnail-height":200,"medium":"https:\/\/www.editorialjuventud.es\/wp-content\/uploads\/Misteri-Museu_cover_CAT.jpg","medium-width":1301,"medium-height":2000,"medium_large":"https:\/\/www.editorialjuventud.es\/wp-content\/uploads\/Misteri-Museu_cover_CAT-768x1181.jpg","medium_large-width":768,"medium_large-height":1181,"large":"https:\/\/www.editorialjuventud.es\/wp-content\/uploads\/Misteri-Museu_cover_CAT.jpg","large-width":1301,"large-height":2000,"1536x1536":"https:\/\/www.editorialjuventud.es\/wp-content\/uploads\/Misteri-Museu_cover_CAT-999x1536.jpg","1536x1536-width":999,"1536x1536-height":1536,"2048x2048":"https:\/\/www.editorialjuventud.es\/wp-content\/uploads\/Misteri-Museu_cover_CAT.jpg","2048x2048-width":1301,"2048x2048-height":2000,"woocommerce_thumbnail":"https:\/\/www.editorialjuventud.es\/wp-content\/uploads\/Misteri-Museu_cover_CAT-350x538.jpg","woocommerce_thumbnail-width":350,"woocommerce_thumbnail-height":538,"woocommerce_single":"https:\/\/www.editorialjuventud.es\/wp-content\/uploads\/Misteri-Museu_cover_CAT-900x1384.jpg","woocommerce_single-width":900,"woocommerce_single-height":1384,"woocommerce_gallery_thumbnail":"https:\/\/www.editorialjuventud.es\/wp-content\/uploads\/Misteri-Museu_cover_CAT-100x100.jpg","woocommerce_gallery_thumbnail-width":100,"woocommerce_gallery_thumbnail-height":100,"ppec_logo_image_size":"https:\/\/www.editorialjuventud.es\/wp-content\/uploads\/Misteri-Museu_cover_CAT-39x60.jpg","ppec_logo_image_size-width":39,"ppec_logo_image_size-height":60,"ppec_header_image_size":"https:\/\/www.editorialjuventud.es\/wp-content\/uploads\/Misteri-Museu_cover_CAT-59x90.jpg","ppec_header_image_size-width":59,"ppec_header_image_size-height":90}},"texto_enlace_ficha_tecnica":"","enlace_ficha_tecnica":{"ID":84384,"id":84384,"title":"El Club dels Cinc_CAT","filename":"El-Club-dels-Cinc_CAT.pdf","filesize":9980273,"url":"https:\/\/www.editorialjuventud.es\/wp-content\/uploads\/El-Club-dels-Cinc_CAT.pdf","link":"https:\/\/www.editorialjuventud.es\/ca\/?attachment_id=84384","alt":"","author":"50","description":"","caption":"","name":"el-club-dels-cinc_cat","status":"inherit","uploaded_to":82302,"date":"2025-07-11 12:02:33","modified":"2025-07-11 12:02:33","menu_order":0,"mime_type":"application\/pdf","type":"application","subtype":"pdf","icon":"https:\/\/www.editorialjuventud.es\/wp-includes\/images\/media\/document.png"},"ficheros":false,"titulo-fr":"","texto-fr":""},"yoast_head":"<!-- This site is optimized with the Yoast SEO plugin v27.5 - https:\/\/yoast.com\/product\/yoast-seo-wordpress\/ -->\n<title>Misteri al museu - Editorial Juventud<\/title>\n<meta name=\"description\" content=\"Un nou museu obre les portes al poble de Kirrin! Per\u00f2 els Cinc descobreixen un quadre sospit\u00f3s de ser una imitaci\u00f3... Podran resoldre aquest misteri abans\" \/>\n<meta name=\"robots\" content=\"index, follow, max-snippet:-1, max-image-preview:large, max-video-preview:-1\" \/>\n<link rel=\"canonical\" href=\"https:\/\/www.editorialjuventud.es\/misteri-al-museu-9788426149336\/\" \/>\n<meta property=\"og:locale\" content=\"ca_ES\" \/>\n<meta property=\"og:type\" content=\"article\" \/>\n<meta property=\"og:title\" content=\"Misteri al museu - Editorial Juventud\" \/>\n<meta property=\"og:description\" content=\"Un nou museu obre les portes al poble de Kirrin! Per\u00f2 els Cinc descobreixen un quadre sospit\u00f3s de ser una imitaci\u00f3... Podran resoldre aquest misteri abans\" \/>\n<meta property=\"og:url\" content=\"https:\/\/www.editorialjuventud.es\/misteri-al-museu-9788426149336\/\" \/>\n<meta property=\"og:site_name\" content=\"Editorial Juventud\" \/>\n<meta property=\"article:modified_time\" content=\"2026-03-30T10:21:01+00:00\" \/>\n<meta property=\"og:image\" content=\"https:\/\/www.editorialjuventud.es\/wp-content\/uploads\/9788426149336.jpg\" \/>\n\t<meta property=\"og:image:width\" content=\"1301\" \/>\n\t<meta property=\"og:image:height\" content=\"2000\" \/>\n\t<meta property=\"og:image:type\" content=\"image\/jpeg\" \/>\n<meta name=\"twitter:card\" content=\"summary_large_image\" \/>\n<meta name=\"twitter:label1\" content=\"Temps estimat de lectura\" \/>\n\t<meta name=\"twitter:data1\" content=\"1 minut\" \/>\n<script type=\"application\/ld+json\" class=\"yoast-schema-graph\">{\"@context\":\"https:\\\/\\\/schema.org\",\"@graph\":[{\"@type\":\"WebPage\",\"@id\":\"https:\\\/\\\/www.editorialjuventud.es\\\/misteri-al-museu-9788426149336\\\/\",\"url\":\"https:\\\/\\\/www.editorialjuventud.es\\\/misteri-al-museu-9788426149336\\\/\",\"name\":\"Misteri al museu - Editorial Juventud\",\"isPartOf\":{\"@id\":\"https:\\\/\\\/www.editorialjuventud.es\\\/#website\"},\"primaryImageOfPage\":{\"@id\":\"https:\\\/\\\/www.editorialjuventud.es\\\/misteri-al-museu-9788426149336\\\/#primaryimage\"},\"image\":{\"@id\":\"https:\\\/\\\/www.editorialjuventud.es\\\/misteri-al-museu-9788426149336\\\/#primaryimage\"},\"thumbnailUrl\":\"https:\\\/\\\/www.editorialjuventud.es\\\/wp-content\\\/uploads\\\/9788426149336.jpg\",\"datePublished\":\"2025-06-27T07:40:28+00:00\",\"dateModified\":\"2026-03-30T10:21:01+00:00\",\"description\":\"Un nou museu obre les portes al poble de Kirrin! Per\u00f2 els Cinc descobreixen un quadre sospit\u00f3s de ser una imitaci\u00f3... Podran resoldre aquest misteri abans\",\"breadcrumb\":{\"@id\":\"https:\\\/\\\/www.editorialjuventud.es\\\/misteri-al-museu-9788426149336\\\/#breadcrumb\"},\"inLanguage\":\"ca\",\"potentialAction\":[{\"@type\":\"ReadAction\",\"target\":[\"https:\\\/\\\/www.editorialjuventud.es\\\/misteri-al-museu-9788426149336\\\/\"]}]},{\"@type\":\"ImageObject\",\"inLanguage\":\"ca\",\"@id\":\"https:\\\/\\\/www.editorialjuventud.es\\\/misteri-al-museu-9788426149336\\\/#primaryimage\",\"url\":\"https:\\\/\\\/www.editorialjuventud.es\\\/wp-content\\\/uploads\\\/9788426149336.jpg\",\"contentUrl\":\"https:\\\/\\\/www.editorialjuventud.es\\\/wp-content\\\/uploads\\\/9788426149336.jpg\",\"width\":1301,\"height\":2000,\"caption\":\"9788426149336.jpg\"},{\"@type\":\"BreadcrumbList\",\"@id\":\"https:\\\/\\\/www.editorialjuventud.es\\\/misteri-al-museu-9788426149336\\\/#breadcrumb\",\"itemListElement\":[{\"@type\":\"ListItem\",\"position\":1,\"name\":\"Portada\",\"item\":\"https:\\\/\\\/www.editorialjuventud.es\\\/\"},{\"@type\":\"ListItem\",\"position\":2,\"name\":\"cat\u00e1logo\",\"item\":\"https:\\\/\\\/www.editorialjuventud.es\\\/coleccion\\\/catalogo\\\/\"},{\"@type\":\"ListItem\",\"position\":3,\"name\":\"catal\u00e0\",\"item\":\"https:\\\/\\\/www.editorialjuventud.es\\\/coleccion\\\/catala\\\/\"},{\"@type\":\"ListItem\",\"position\":4,\"name\":\"Narrativa Juvenil\",\"item\":\"https:\\\/\\\/www.editorialjuventud.es\\\/ca\\\/coleccion\\\/narrativa-juvenil\\\/\"},{\"@type\":\"ListItem\",\"position\":5,\"name\":\"Hist\u00f2ries Curtes dels Cinc\",\"item\":\"https:\\\/\\\/www.editorialjuventud.es\\\/ca\\\/coleccion\\\/histories-curtes-dels-cinc\\\/\"},{\"@type\":\"ListItem\",\"position\":6,\"name\":\"Misteri al museu\"}]},{\"@type\":\"WebSite\",\"@id\":\"https:\\\/\\\/www.editorialjuventud.es\\\/#website\",\"url\":\"https:\\\/\\\/www.editorialjuventud.es\\\/\",\"name\":\"Editorial Juventud\",\"description\":\"\",\"potentialAction\":[{\"@type\":\"SearchAction\",\"target\":{\"@type\":\"EntryPoint\",\"urlTemplate\":\"https:\\\/\\\/www.editorialjuventud.es\\\/?s={search_term_string}\"},\"query-input\":{\"@type\":\"PropertyValueSpecification\",\"valueRequired\":true,\"valueName\":\"search_term_string\"}}],\"inLanguage\":\"ca\"}]}<\/script>\n<!-- \/ Yoast SEO plugin. -->","yoast_head_json":{"title":"Misteri al museu - Editorial Juventud","description":"Un nou museu obre les portes al poble de Kirrin! Per\u00f2 els Cinc descobreixen un quadre sospit\u00f3s de ser una imitaci\u00f3... Podran resoldre aquest misteri abans","robots":{"index":"index","follow":"follow","max-snippet":"max-snippet:-1","max-image-preview":"max-image-preview:large","max-video-preview":"max-video-preview:-1"},"canonical":"https:\/\/www.editorialjuventud.es\/misteri-al-museu-9788426149336\/","og_locale":"ca_ES","og_type":"article","og_title":"Misteri al museu - Editorial Juventud","og_description":"Un nou museu obre les portes al poble de Kirrin! Per\u00f2 els Cinc descobreixen un quadre sospit\u00f3s de ser una imitaci\u00f3... Podran resoldre aquest misteri abans","og_url":"https:\/\/www.editorialjuventud.es\/misteri-al-museu-9788426149336\/","og_site_name":"Editorial Juventud","article_modified_time":"2026-03-30T10:21:01+00:00","og_image":[{"width":1301,"height":2000,"url":"https:\/\/www.editorialjuventud.es\/wp-content\/uploads\/9788426149336.jpg","type":"image\/jpeg"}],"twitter_card":"summary_large_image","twitter_misc":{"Temps estimat de lectura":"1 minut"},"schema":{"@context":"https:\/\/schema.org","@graph":[{"@type":"WebPage","@id":"https:\/\/www.editorialjuventud.es\/misteri-al-museu-9788426149336\/","url":"https:\/\/www.editorialjuventud.es\/misteri-al-museu-9788426149336\/","name":"Misteri al museu - Editorial Juventud","isPartOf":{"@id":"https:\/\/www.editorialjuventud.es\/#website"},"primaryImageOfPage":{"@id":"https:\/\/www.editorialjuventud.es\/misteri-al-museu-9788426149336\/#primaryimage"},"image":{"@id":"https:\/\/www.editorialjuventud.es\/misteri-al-museu-9788426149336\/#primaryimage"},"thumbnailUrl":"https:\/\/www.editorialjuventud.es\/wp-content\/uploads\/9788426149336.jpg","datePublished":"2025-06-27T07:40:28+00:00","dateModified":"2026-03-30T10:21:01+00:00","description":"Un nou museu obre les portes al poble de Kirrin! Per\u00f2 els Cinc descobreixen un quadre sospit\u00f3s de ser una imitaci\u00f3... Podran resoldre aquest misteri abans","breadcrumb":{"@id":"https:\/\/www.editorialjuventud.es\/misteri-al-museu-9788426149336\/#breadcrumb"},"inLanguage":"ca","potentialAction":[{"@type":"ReadAction","target":["https:\/\/www.editorialjuventud.es\/misteri-al-museu-9788426149336\/"]}]},{"@type":"ImageObject","inLanguage":"ca","@id":"https:\/\/www.editorialjuventud.es\/misteri-al-museu-9788426149336\/#primaryimage","url":"https:\/\/www.editorialjuventud.es\/wp-content\/uploads\/9788426149336.jpg","contentUrl":"https:\/\/www.editorialjuventud.es\/wp-content\/uploads\/9788426149336.jpg","width":1301,"height":2000,"caption":"9788426149336.jpg"},{"@type":"BreadcrumbList","@id":"https:\/\/www.editorialjuventud.es\/misteri-al-museu-9788426149336\/#breadcrumb","itemListElement":[{"@type":"ListItem","position":1,"name":"Portada","item":"https:\/\/www.editorialjuventud.es\/"},{"@type":"ListItem","position":2,"name":"cat\u00e1logo","item":"https:\/\/www.editorialjuventud.es\/coleccion\/catalogo\/"},{"@type":"ListItem","position":3,"name":"catal\u00e0","item":"https:\/\/www.editorialjuventud.es\/coleccion\/catala\/"},{"@type":"ListItem","position":4,"name":"Narrativa Juvenil","item":"https:\/\/www.editorialjuventud.es\/ca\/coleccion\/narrativa-juvenil\/"},{"@type":"ListItem","position":5,"name":"Hist\u00f2ries Curtes dels Cinc","item":"https:\/\/www.editorialjuventud.es\/ca\/coleccion\/histories-curtes-dels-cinc\/"},{"@type":"ListItem","position":6,"name":"Misteri al museu"}]},{"@type":"WebSite","@id":"https:\/\/www.editorialjuventud.es\/#website","url":"https:\/\/www.editorialjuventud.es\/","name":"Editorial Juventud","description":"","potentialAction":[{"@type":"SearchAction","target":{"@type":"EntryPoint","urlTemplate":"https:\/\/www.editorialjuventud.es\/?s={search_term_string}"},"query-input":{"@type":"PropertyValueSpecification","valueRequired":true,"valueName":"search_term_string"}}],"inLanguage":"ca"}]}},"_links":{"self":[{"href":"https:\/\/www.editorialjuventud.es\/ca\/wp-json\/wp\/v2\/product\/82299","targetHints":{"allow":["GET"]}}],"collection":[{"href":"https:\/\/www.editorialjuventud.es\/ca\/wp-json\/wp\/v2\/product"}],"about":[{"href":"https:\/\/www.editorialjuventud.es\/ca\/wp-json\/wp\/v2\/types\/product"}],"wp:featuredmedia":[{"embeddable":true,"href":"https:\/\/www.editorialjuventud.es\/ca\/wp-json\/wp\/v2\/media\/82300"}],"wp:attachment":[{"href":"https:\/\/www.editorialjuventud.es\/ca\/wp-json\/wp\/v2\/media?parent=82299"}],"wp:term":[{"taxonomy":"product_brand","embeddable":true,"href":"https:\/\/www.editorialjuventud.es\/ca\/wp-json\/wp\/v2\/product_brand?post=82299"},{"taxonomy":"product_cat","embeddable":true,"href":"https:\/\/www.editorialjuventud.es\/ca\/wp-json\/wp\/v2\/product_cat?post=82299"},{"taxonomy":"product_tag","embeddable":true,"href":"https:\/\/www.editorialjuventud.es\/ca\/wp-json\/wp\/v2\/product_tag?post=82299"},{"taxonomy":"coleccion","embeddable":true,"href":"https:\/\/www.editorialjuventud.es\/ca\/wp-json\/wp\/v2\/coleccion?post=82299"}],"curies":[{"name":"wp","href":"https:\/\/api.w.org\/{rel}","templated":true}]}}