{"id":82293,"date":"2025-06-27T09:38:25","date_gmt":"2025-06-27T07:38:25","guid":{"rendered":"https:\/\/www.editorialjuventud.es\/problemas-en-la-granja-9788426149343\/"},"modified":"2026-03-30T12:18:10","modified_gmt":"2026-03-30T10:18:10","slug":"problemas-en-la-granja-9788426149343","status":"publish","type":"product","link":"https:\/\/www.editorialjuventud.es\/ca\/problemas-en-la-granja-9788426149343\/","title":{"rendered":"Problemas en la granja"},"content":{"rendered":"<p>Los Cinco est\u00e1n muy contentos de ayudar en la granja Sanders, \u00a1pero pronto descubren que hay un ladr\u00f3n suelto! \u00bfConseguir\u00e1n atraparlo antes de que robe todas las deliciosas verduras?<br \/>\nJuli\u00e1n, Dick, Jorge, Ana y Tim deleitan a sus lectores desde hace 80 a\u00f1os. Estos relatos in\u00e9ditos basados en las historias cl\u00e1sicas de Enid Blyton con ilustraciones a todo color, son una introducci\u00f3n perfecta para nuevos lectores, y una forma fant\u00e1stica de disfrutar de las historias cl\u00e1sicas para fans incondicionales del Club de los Cinco. La maquetaci\u00f3n, con un juego tipogr\u00e1fico que acent\u00faa las palabras seg\u00fan la importancia y con un cuerpo de letra grande, facilita el trabajo a aquellos que emprenden el camino hacia la lectura aut\u00f3noma.<\/p>\n<p><img loading=\"lazy\" decoding=\"async\" class=\"alignnone  wp-image-101828\" src=\"https:\/\/www.editorialjuventud.es\/wp-content\/uploads\/Logo_Suport_ICEC-2.jpg\" alt=\"\" width=\"570\" height=\"149\" srcset=\"https:\/\/www.editorialjuventud.es\/wp-content\/uploads\/Logo_Suport_ICEC-2.jpg 1237w, https:\/\/www.editorialjuventud.es\/wp-content\/uploads\/Logo_Suport_ICEC-2-768x201.jpg 768w, https:\/\/www.editorialjuventud.es\/wp-content\/uploads\/Logo_Suport_ICEC-2-350x92.jpg 350w, https:\/\/www.editorialjuventud.es\/wp-content\/uploads\/Logo_Suport_ICEC-2-900x236.jpg 900w, https:\/\/www.editorialjuventud.es\/wp-content\/uploads\/Logo_Suport_ICEC-2-190x50.jpg 190w, https:\/\/www.editorialjuventud.es\/wp-content\/uploads\/Logo_Suport_ICEC-2-344x90.jpg 344w\" sizes=\"auto, (max-width: 570px) 100vw, 570px\" \/><\/p>\n","protected":false},"excerpt":{"rendered":"Los Cinco est\u00e1n muy contentos de ayudar en la granja Sanders, \u00a1pero pronto descubren que hay un ladr\u00f3n suelto! \u00bfConseguir\u00e1n atraparlo antes de que robe todas las deliciosas verduras? Juli\u00e1n, Dick, Jorge, Ana y Tim deleitan a sus lectores desde [&hellip;]","protected":false},"featured_media":82294,"template":"","meta":{"_acf_changed":false,"_exactmetrics_skip_tracking":false,"_exactmetrics_sitenote_active":false,"_exactmetrics_sitenote_note":"","_exactmetrics_sitenote_category":0},"product_brand":[],"product_cat":[902,1142,909,1119,910],"product_tag":[],"coleccion":[916,1026,1086],"class_list":{"0":"post-82293","1":"product","2":"type-product","3":"status-publish","4":"has-post-thumbnail","6":"product_cat-a-partir-de-7-anos","7":"product_cat-aventura","8":"product_cat-este-mes","9":"product_cat-narrativa-juvenil","10":"product_cat-ultimas-novedades","11":"coleccion-castellano","12":"coleccion-historias-cortas-de-los-cinco","13":"coleccion-narrativa-juvenil-castellano","15":"first","16":"instock","17":"taxable","18":"shipping-taxable","19":"purchasable","20":"product-type-simple"},"acf":{"autor":"Blyton, Enid; Ahmed, Sufiya","codart":"4934","ediciones":"1","encuadernacion":"R\u00fastica","fecha_de_publicacion":"01\/06\/2025","novedad":"0","paginas":"80","subtitulo":"","texto_web_adicional":"","texto_web_novedad":"","orden":"999","portada":"0","texto_web_resaltado":"","autores-libros":[78349,16237],"traductores-libros":[58414],"descripcion_corta":"","recomendamos":"","mas_vendido":"","indice":"","ilustradores-libros":[92085],"idioma-libro":"","fecha_de_reimpresion":"","color":false,"formato":"","mas_informacion_del_producto":false,"premios":false,"deshabilitar_compra":[],"texto_enlace_cubierta":"","enlace_cubierta":{"ID":82949,"id":82949,"title":"Problemas Granja_cover_ES","filename":"Problemas-Granja_cover_ES-1.jpg","filesize":654858,"url":"https:\/\/www.editorialjuventud.es\/wp-content\/uploads\/Problemas-Granja_cover_ES-1.jpg","link":"https:\/\/www.editorialjuventud.es\/ca\/?attachment_id=82949","alt":"","author":"50","description":"","caption":"","name":"problemas-granja_cover_es-2","status":"inherit","uploaded_to":82293,"date":"2025-07-01 13:13:09","modified":"2025-07-01 13:13:09","menu_order":0,"mime_type":"image\/jpeg","type":"image","subtype":"jpeg","icon":"https:\/\/www.editorialjuventud.es\/wp-includes\/images\/media\/default.png","width":1302,"height":2000,"sizes":{"thumbnail":"https:\/\/www.editorialjuventud.es\/wp-content\/uploads\/Problemas-Granja_cover_ES-1-200x200.jpg","thumbnail-width":200,"thumbnail-height":200,"medium":"https:\/\/www.editorialjuventud.es\/wp-content\/uploads\/Problemas-Granja_cover_ES-1.jpg","medium-width":1302,"medium-height":2000,"medium_large":"https:\/\/www.editorialjuventud.es\/wp-content\/uploads\/Problemas-Granja_cover_ES-1-768x1180.jpg","medium_large-width":768,"medium_large-height":1180,"large":"https:\/\/www.editorialjuventud.es\/wp-content\/uploads\/Problemas-Granja_cover_ES-1.jpg","large-width":1302,"large-height":2000,"1536x1536":"https:\/\/www.editorialjuventud.es\/wp-content\/uploads\/Problemas-Granja_cover_ES-1-1000x1536.jpg","1536x1536-width":1000,"1536x1536-height":1536,"2048x2048":"https:\/\/www.editorialjuventud.es\/wp-content\/uploads\/Problemas-Granja_cover_ES-1.jpg","2048x2048-width":1302,"2048x2048-height":2000,"woocommerce_thumbnail":"https:\/\/www.editorialjuventud.es\/wp-content\/uploads\/Problemas-Granja_cover_ES-1-350x538.jpg","woocommerce_thumbnail-width":350,"woocommerce_thumbnail-height":538,"woocommerce_single":"https:\/\/www.editorialjuventud.es\/wp-content\/uploads\/Problemas-Granja_cover_ES-1-900x1382.jpg","woocommerce_single-width":900,"woocommerce_single-height":1382,"woocommerce_gallery_thumbnail":"https:\/\/www.editorialjuventud.es\/wp-content\/uploads\/Problemas-Granja_cover_ES-1-100x100.jpg","woocommerce_gallery_thumbnail-width":100,"woocommerce_gallery_thumbnail-height":100,"ppec_logo_image_size":"https:\/\/www.editorialjuventud.es\/wp-content\/uploads\/Problemas-Granja_cover_ES-1-39x60.jpg","ppec_logo_image_size-width":39,"ppec_logo_image_size-height":60,"ppec_header_image_size":"https:\/\/www.editorialjuventud.es\/wp-content\/uploads\/Problemas-Granja_cover_ES-1-59x90.jpg","ppec_header_image_size-width":59,"ppec_header_image_size-height":90}},"texto_enlace_ficha_tecnica":"","enlace_ficha_tecnica":{"ID":84382,"id":84382,"title":"Los Cinco_CAST","filename":"Los-Cinco_CAST.pdf","filesize":9928563,"url":"https:\/\/www.editorialjuventud.es\/wp-content\/uploads\/Los-Cinco_CAST.pdf","link":"https:\/\/www.editorialjuventud.es\/ca\/?attachment_id=84382","alt":"","author":"50","description":"","caption":"","name":"los-cinco_cast","status":"inherit","uploaded_to":82293,"date":"2025-07-11 12:00:37","modified":"2025-07-11 12:00:37","menu_order":0,"mime_type":"application\/pdf","type":"application","subtype":"pdf","icon":"https:\/\/www.editorialjuventud.es\/wp-includes\/images\/media\/document.png"},"ficheros":false,"titulo-fr":"","texto-fr":""},"yoast_head":"<!-- This site is optimized with the Yoast SEO plugin v27.5 - https:\/\/yoast.com\/product\/yoast-seo-wordpress\/ -->\n<title>Problemas en la granja - Editorial Juventud<\/title>\n<meta name=\"description\" content=\"Los Cinco est\u00e1n muy contentos de ayudar en la granja Sanders, \u00a1pero pronto descubren que hay un ladr\u00f3n suelto! \u00bfConseguir\u00e1n atraparlo antes de que robe\" \/>\n<meta name=\"robots\" content=\"index, follow, max-snippet:-1, max-image-preview:large, max-video-preview:-1\" \/>\n<link rel=\"canonical\" href=\"https:\/\/www.editorialjuventud.es\/problemas-en-la-granja-9788426149343\/\" \/>\n<meta property=\"og:locale\" content=\"ca_ES\" \/>\n<meta property=\"og:type\" content=\"article\" \/>\n<meta property=\"og:title\" content=\"Problemas en la granja - Editorial Juventud\" \/>\n<meta property=\"og:description\" content=\"Los Cinco est\u00e1n muy contentos de ayudar en la granja Sanders, \u00a1pero pronto descubren que hay un ladr\u00f3n suelto! \u00bfConseguir\u00e1n atraparlo antes de que robe\" \/>\n<meta property=\"og:url\" content=\"https:\/\/www.editorialjuventud.es\/problemas-en-la-granja-9788426149343\/\" \/>\n<meta property=\"og:site_name\" content=\"Editorial Juventud\" \/>\n<meta property=\"article:modified_time\" content=\"2026-03-30T10:18:10+00:00\" \/>\n<meta property=\"og:image\" content=\"https:\/\/www.editorialjuventud.es\/wp-content\/uploads\/9788426149343.jpg\" \/>\n\t<meta property=\"og:image:width\" content=\"1302\" \/>\n\t<meta property=\"og:image:height\" content=\"2000\" \/>\n\t<meta property=\"og:image:type\" content=\"image\/jpeg\" \/>\n<meta name=\"twitter:card\" content=\"summary_large_image\" \/>\n<meta name=\"twitter:label1\" content=\"Temps estimat de lectura\" \/>\n\t<meta name=\"twitter:data1\" content=\"1 minut\" \/>\n<script type=\"application\/ld+json\" class=\"yoast-schema-graph\">{\"@context\":\"https:\\\/\\\/schema.org\",\"@graph\":[{\"@type\":\"WebPage\",\"@id\":\"https:\\\/\\\/www.editorialjuventud.es\\\/problemas-en-la-granja-9788426149343\\\/\",\"url\":\"https:\\\/\\\/www.editorialjuventud.es\\\/problemas-en-la-granja-9788426149343\\\/\",\"name\":\"Problemas en la granja - Editorial Juventud\",\"isPartOf\":{\"@id\":\"https:\\\/\\\/www.editorialjuventud.es\\\/#website\"},\"primaryImageOfPage\":{\"@id\":\"https:\\\/\\\/www.editorialjuventud.es\\\/problemas-en-la-granja-9788426149343\\\/#primaryimage\"},\"image\":{\"@id\":\"https:\\\/\\\/www.editorialjuventud.es\\\/problemas-en-la-granja-9788426149343\\\/#primaryimage\"},\"thumbnailUrl\":\"https:\\\/\\\/www.editorialjuventud.es\\\/wp-content\\\/uploads\\\/9788426149343.jpg\",\"datePublished\":\"2025-06-27T07:38:25+00:00\",\"dateModified\":\"2026-03-30T10:18:10+00:00\",\"description\":\"Los Cinco est\u00e1n muy contentos de ayudar en la granja Sanders, \u00a1pero pronto descubren que hay un ladr\u00f3n suelto! \u00bfConseguir\u00e1n atraparlo antes de que robe\",\"breadcrumb\":{\"@id\":\"https:\\\/\\\/www.editorialjuventud.es\\\/problemas-en-la-granja-9788426149343\\\/#breadcrumb\"},\"inLanguage\":\"ca\",\"potentialAction\":[{\"@type\":\"ReadAction\",\"target\":[\"https:\\\/\\\/www.editorialjuventud.es\\\/problemas-en-la-granja-9788426149343\\\/\"]}]},{\"@type\":\"ImageObject\",\"inLanguage\":\"ca\",\"@id\":\"https:\\\/\\\/www.editorialjuventud.es\\\/problemas-en-la-granja-9788426149343\\\/#primaryimage\",\"url\":\"https:\\\/\\\/www.editorialjuventud.es\\\/wp-content\\\/uploads\\\/9788426149343.jpg\",\"contentUrl\":\"https:\\\/\\\/www.editorialjuventud.es\\\/wp-content\\\/uploads\\\/9788426149343.jpg\",\"width\":1302,\"height\":2000,\"caption\":\"9788426149343.jpg\"},{\"@type\":\"BreadcrumbList\",\"@id\":\"https:\\\/\\\/www.editorialjuventud.es\\\/problemas-en-la-granja-9788426149343\\\/#breadcrumb\",\"itemListElement\":[{\"@type\":\"ListItem\",\"position\":1,\"name\":\"Portada\",\"item\":\"https:\\\/\\\/www.editorialjuventud.es\\\/\"},{\"@type\":\"ListItem\",\"position\":2,\"name\":\"cat\u00e1logo\",\"item\":\"https:\\\/\\\/www.editorialjuventud.es\\\/coleccion\\\/catalogo\\\/\"},{\"@type\":\"ListItem\",\"position\":3,\"name\":\"castellano\",\"item\":\"https:\\\/\\\/www.editorialjuventud.es\\\/coleccion\\\/castellano\\\/\"},{\"@type\":\"ListItem\",\"position\":4,\"name\":\"Narrativa Juvenil\",\"item\":\"https:\\\/\\\/www.editorialjuventud.es\\\/coleccion\\\/narrativa-juvenil-castellano\\\/\"},{\"@type\":\"ListItem\",\"position\":5,\"name\":\"Historias Cortas de los Cinco\",\"item\":\"https:\\\/\\\/www.editorialjuventud.es\\\/coleccion\\\/historias-cortas-de-los-cinco\\\/\"},{\"@type\":\"ListItem\",\"position\":6,\"name\":\"Problemas en la granja\"}]},{\"@type\":\"WebSite\",\"@id\":\"https:\\\/\\\/www.editorialjuventud.es\\\/#website\",\"url\":\"https:\\\/\\\/www.editorialjuventud.es\\\/\",\"name\":\"Editorial Juventud\",\"description\":\"\",\"potentialAction\":[{\"@type\":\"SearchAction\",\"target\":{\"@type\":\"EntryPoint\",\"urlTemplate\":\"https:\\\/\\\/www.editorialjuventud.es\\\/?s={search_term_string}\"},\"query-input\":{\"@type\":\"PropertyValueSpecification\",\"valueRequired\":true,\"valueName\":\"search_term_string\"}}],\"inLanguage\":\"ca\"}]}<\/script>\n<!-- \/ Yoast SEO plugin. -->","yoast_head_json":{"title":"Problemas en la granja - Editorial Juventud","description":"Los Cinco est\u00e1n muy contentos de ayudar en la granja Sanders, \u00a1pero pronto descubren que hay un ladr\u00f3n suelto! \u00bfConseguir\u00e1n atraparlo antes de que robe","robots":{"index":"index","follow":"follow","max-snippet":"max-snippet:-1","max-image-preview":"max-image-preview:large","max-video-preview":"max-video-preview:-1"},"canonical":"https:\/\/www.editorialjuventud.es\/problemas-en-la-granja-9788426149343\/","og_locale":"ca_ES","og_type":"article","og_title":"Problemas en la granja - Editorial Juventud","og_description":"Los Cinco est\u00e1n muy contentos de ayudar en la granja Sanders, \u00a1pero pronto descubren que hay un ladr\u00f3n suelto! \u00bfConseguir\u00e1n atraparlo antes de que robe","og_url":"https:\/\/www.editorialjuventud.es\/problemas-en-la-granja-9788426149343\/","og_site_name":"Editorial Juventud","article_modified_time":"2026-03-30T10:18:10+00:00","og_image":[{"width":1302,"height":2000,"url":"https:\/\/www.editorialjuventud.es\/wp-content\/uploads\/9788426149343.jpg","type":"image\/jpeg"}],"twitter_card":"summary_large_image","twitter_misc":{"Temps estimat de lectura":"1 minut"},"schema":{"@context":"https:\/\/schema.org","@graph":[{"@type":"WebPage","@id":"https:\/\/www.editorialjuventud.es\/problemas-en-la-granja-9788426149343\/","url":"https:\/\/www.editorialjuventud.es\/problemas-en-la-granja-9788426149343\/","name":"Problemas en la granja - Editorial Juventud","isPartOf":{"@id":"https:\/\/www.editorialjuventud.es\/#website"},"primaryImageOfPage":{"@id":"https:\/\/www.editorialjuventud.es\/problemas-en-la-granja-9788426149343\/#primaryimage"},"image":{"@id":"https:\/\/www.editorialjuventud.es\/problemas-en-la-granja-9788426149343\/#primaryimage"},"thumbnailUrl":"https:\/\/www.editorialjuventud.es\/wp-content\/uploads\/9788426149343.jpg","datePublished":"2025-06-27T07:38:25+00:00","dateModified":"2026-03-30T10:18:10+00:00","description":"Los Cinco est\u00e1n muy contentos de ayudar en la granja Sanders, \u00a1pero pronto descubren que hay un ladr\u00f3n suelto! \u00bfConseguir\u00e1n atraparlo antes de que robe","breadcrumb":{"@id":"https:\/\/www.editorialjuventud.es\/problemas-en-la-granja-9788426149343\/#breadcrumb"},"inLanguage":"ca","potentialAction":[{"@type":"ReadAction","target":["https:\/\/www.editorialjuventud.es\/problemas-en-la-granja-9788426149343\/"]}]},{"@type":"ImageObject","inLanguage":"ca","@id":"https:\/\/www.editorialjuventud.es\/problemas-en-la-granja-9788426149343\/#primaryimage","url":"https:\/\/www.editorialjuventud.es\/wp-content\/uploads\/9788426149343.jpg","contentUrl":"https:\/\/www.editorialjuventud.es\/wp-content\/uploads\/9788426149343.jpg","width":1302,"height":2000,"caption":"9788426149343.jpg"},{"@type":"BreadcrumbList","@id":"https:\/\/www.editorialjuventud.es\/problemas-en-la-granja-9788426149343\/#breadcrumb","itemListElement":[{"@type":"ListItem","position":1,"name":"Portada","item":"https:\/\/www.editorialjuventud.es\/"},{"@type":"ListItem","position":2,"name":"cat\u00e1logo","item":"https:\/\/www.editorialjuventud.es\/coleccion\/catalogo\/"},{"@type":"ListItem","position":3,"name":"castellano","item":"https:\/\/www.editorialjuventud.es\/coleccion\/castellano\/"},{"@type":"ListItem","position":4,"name":"Narrativa Juvenil","item":"https:\/\/www.editorialjuventud.es\/coleccion\/narrativa-juvenil-castellano\/"},{"@type":"ListItem","position":5,"name":"Historias Cortas de los Cinco","item":"https:\/\/www.editorialjuventud.es\/coleccion\/historias-cortas-de-los-cinco\/"},{"@type":"ListItem","position":6,"name":"Problemas en la granja"}]},{"@type":"WebSite","@id":"https:\/\/www.editorialjuventud.es\/#website","url":"https:\/\/www.editorialjuventud.es\/","name":"Editorial Juventud","description":"","potentialAction":[{"@type":"SearchAction","target":{"@type":"EntryPoint","urlTemplate":"https:\/\/www.editorialjuventud.es\/?s={search_term_string}"},"query-input":{"@type":"PropertyValueSpecification","valueRequired":true,"valueName":"search_term_string"}}],"inLanguage":"ca"}]}},"_links":{"self":[{"href":"https:\/\/www.editorialjuventud.es\/ca\/wp-json\/wp\/v2\/product\/82293","targetHints":{"allow":["GET"]}}],"collection":[{"href":"https:\/\/www.editorialjuventud.es\/ca\/wp-json\/wp\/v2\/product"}],"about":[{"href":"https:\/\/www.editorialjuventud.es\/ca\/wp-json\/wp\/v2\/types\/product"}],"wp:featuredmedia":[{"embeddable":true,"href":"https:\/\/www.editorialjuventud.es\/ca\/wp-json\/wp\/v2\/media\/82294"}],"wp:attachment":[{"href":"https:\/\/www.editorialjuventud.es\/ca\/wp-json\/wp\/v2\/media?parent=82293"}],"wp:term":[{"taxonomy":"product_brand","embeddable":true,"href":"https:\/\/www.editorialjuventud.es\/ca\/wp-json\/wp\/v2\/product_brand?post=82293"},{"taxonomy":"product_cat","embeddable":true,"href":"https:\/\/www.editorialjuventud.es\/ca\/wp-json\/wp\/v2\/product_cat?post=82293"},{"taxonomy":"product_tag","embeddable":true,"href":"https:\/\/www.editorialjuventud.es\/ca\/wp-json\/wp\/v2\/product_tag?post=82293"},{"taxonomy":"coleccion","embeddable":true,"href":"https:\/\/www.editorialjuventud.es\/ca\/wp-json\/wp\/v2\/coleccion?post=82293"}],"curies":[{"name":"wp","href":"https:\/\/api.w.org\/{rel}","templated":true}]}}