{"id":81972,"date":"2025-04-30T12:15:03","date_gmt":"2025-04-30T10:15:03","guid":{"rendered":"https:\/\/www.editorialjuventud.es\/el-tren-fantasma-9788426149251\/"},"modified":"2026-03-30T12:10:01","modified_gmt":"2026-03-30T10:10:01","slug":"el-tren-fantasma-9788426149251","status":"publish","type":"product","link":"https:\/\/www.editorialjuventud.es\/ca\/el-tren-fantasma-9788426149251\/","title":{"rendered":"El tren fantasma"},"content":{"rendered":"<p>En esta ocasi\u00f3n, Lillebror se entera de que hay rumores sobre un tren fantasma que da vueltas por el bosque encantado y, como no se puede quedar de brazos cruzados, decide investigarlo. Cuando lo encuentra y se sube, resulta que queda atrapado. La maldici\u00f3n de este tren es que, una vez que te subes, no puedes bajar. Pero \u00bfde d\u00f3nde sale exactamente esta maldici\u00f3n? \u00bfY podr\u00e1n Lillebror y todos sus compa\u00f1eros de a bordo bajarse del tren en alg\u00fan momento?<br \/>\nEsta es la segunda entrega de una maravillosa colecci\u00f3n de \u00e1lbumes de misterio, que acercan el g\u00e9nero negro a los lectores m\u00e1s peque\u00f1os y valientes.<\/p>\n<p><img loading=\"lazy\" decoding=\"async\" class=\"alignnone  wp-image-101828\" src=\"https:\/\/www.editorialjuventud.es\/wp-content\/uploads\/Logo_Suport_ICEC-2.jpg\" alt=\"\" width=\"578\" height=\"151\" srcset=\"https:\/\/www.editorialjuventud.es\/wp-content\/uploads\/Logo_Suport_ICEC-2.jpg 1237w, https:\/\/www.editorialjuventud.es\/wp-content\/uploads\/Logo_Suport_ICEC-2-768x201.jpg 768w, https:\/\/www.editorialjuventud.es\/wp-content\/uploads\/Logo_Suport_ICEC-2-350x92.jpg 350w, https:\/\/www.editorialjuventud.es\/wp-content\/uploads\/Logo_Suport_ICEC-2-900x236.jpg 900w, https:\/\/www.editorialjuventud.es\/wp-content\/uploads\/Logo_Suport_ICEC-2-190x50.jpg 190w, https:\/\/www.editorialjuventud.es\/wp-content\/uploads\/Logo_Suport_ICEC-2-344x90.jpg 344w\" sizes=\"auto, (max-width: 578px) 100vw, 578px\" \/><\/p>\n","protected":false},"excerpt":{"rendered":"En esta ocasi\u00f3n, Lillebror se entera de que hay rumores sobre un tren fantasma que da vueltas por el bosque encantado y, como no se puede quedar de brazos cruzados, decide investigarlo. Cuando lo encuentra y se sube, resulta que [&hellip;]","protected":false},"featured_media":81973,"template":"","meta":{"_acf_changed":false,"_exactmetrics_skip_tracking":false,"_exactmetrics_sitenote_active":false,"_exactmetrics_sitenote_note":"","_exactmetrics_sitenote_category":0},"product_brand":[],"product_cat":[901,1121,1142,909,1184,1196,1209,1225,1227,910],"product_tag":[],"coleccion":[993,1379],"class_list":{"0":"post-81972","1":"product","2":"type-product","3":"status-publish","4":"has-post-thumbnail","6":"product_cat-a-partir-de-6-meses","7":"product_cat-albumes-ilustrados","8":"product_cat-aventura","9":"product_cat-este-mes","10":"product_cat-humor","11":"product_cat-miedo-valentia","12":"product_cat-picardia-astucia","13":"product_cat-terror","14":"product_cat-transportes","15":"product_cat-ultimas-novedades","16":"coleccion-leer-entre-risas","17":"coleccion-los-misterios-de-la-familia-conejo","19":"first","20":"instock","21":"taxable","22":"shipping-taxable","23":"purchasable","24":"product-type-simple"},"acf":{"autor":"Bj\u00f6rnstjerna, Jonna","codart":"4925","ediciones":"1","encuadernacion":"Carton\u00e9","fecha_de_publicacion":"01\/05\/2025","novedad":"0","paginas":"32","subtitulo":"","texto_web_adicional":"","texto_web_novedad":"","orden":"999","portada":"0","texto_web_resaltado":"","autores-libros":[80138],"traductores-libros":[17909],"descripcion_corta":"","recomendamos":"","mas_vendido":"","indice":"","ilustradores-libros":"","idioma-libro":"","fecha_de_reimpresion":"","color":false,"formato":"","mas_informacion_del_producto":false,"premios":false,"deshabilitar_compra":[],"texto_enlace_cubierta":"","enlace_cubierta":{"ID":82037,"id":82037,"title":"Sagan om den underbara familjen Kanin och Sp\u00f6kt\u00e5get","filename":"AAFF-cover-EL-TREN-FANTASMA_es-scaled.jpg","filesize":1607380,"url":"https:\/\/www.editorialjuventud.es\/wp-content\/uploads\/AAFF-cover-EL-TREN-FANTASMA_es-scaled.jpg","link":"https:\/\/www.editorialjuventud.es\/ca\/?attachment_id=82037","alt":"","author":"50","description":"","caption":"","name":"sagan-om-den-underbara-familjen-kanin-och-spoktaget-4","status":"inherit","uploaded_to":81972,"date":"2025-05-19 18:50:09","modified":"2025-05-19 18:50:09","menu_order":0,"mime_type":"image\/jpeg","type":"image","subtype":"jpeg","icon":"https:\/\/www.editorialjuventud.es\/wp-includes\/images\/media\/default.png","width":1895,"height":2560,"sizes":{"thumbnail":"https:\/\/www.editorialjuventud.es\/wp-content\/uploads\/AAFF-cover-EL-TREN-FANTASMA_es-200x200.jpg","thumbnail-width":200,"thumbnail-height":200,"medium":"https:\/\/www.editorialjuventud.es\/wp-content\/uploads\/AAFF-cover-EL-TREN-FANTASMA_es-scaled.jpg","medium-width":1895,"medium-height":2560,"medium_large":"https:\/\/www.editorialjuventud.es\/wp-content\/uploads\/AAFF-cover-EL-TREN-FANTASMA_es-768x1038.jpg","medium_large-width":768,"medium_large-height":1038,"large":"https:\/\/www.editorialjuventud.es\/wp-content\/uploads\/AAFF-cover-EL-TREN-FANTASMA_es-scaled.jpg","large-width":1895,"large-height":2560,"1536x1536":"https:\/\/www.editorialjuventud.es\/wp-content\/uploads\/AAFF-cover-EL-TREN-FANTASMA_es-1137x1536.jpg","1536x1536-width":1137,"1536x1536-height":1536,"2048x2048":"https:\/\/www.editorialjuventud.es\/wp-content\/uploads\/AAFF-cover-EL-TREN-FANTASMA_es-1516x2048.jpg","2048x2048-width":1516,"2048x2048-height":2048,"woocommerce_thumbnail":"https:\/\/www.editorialjuventud.es\/wp-content\/uploads\/AAFF-cover-EL-TREN-FANTASMA_es-350x473.jpg","woocommerce_thumbnail-width":350,"woocommerce_thumbnail-height":473,"woocommerce_single":"https:\/\/www.editorialjuventud.es\/wp-content\/uploads\/AAFF-cover-EL-TREN-FANTASMA_es-900x1216.jpg","woocommerce_single-width":900,"woocommerce_single-height":1216,"woocommerce_gallery_thumbnail":"https:\/\/www.editorialjuventud.es\/wp-content\/uploads\/AAFF-cover-EL-TREN-FANTASMA_es-100x100.jpg","woocommerce_gallery_thumbnail-width":100,"woocommerce_gallery_thumbnail-height":100,"ppec_logo_image_size":"https:\/\/www.editorialjuventud.es\/wp-content\/uploads\/AAFF-cover-EL-TREN-FANTASMA_es-44x60.jpg","ppec_logo_image_size-width":44,"ppec_logo_image_size-height":60,"ppec_header_image_size":"https:\/\/www.editorialjuventud.es\/wp-content\/uploads\/AAFF-cover-EL-TREN-FANTASMA_es-67x90.jpg","ppec_header_image_size-width":67,"ppec_header_image_size-height":90}},"texto_enlace_ficha_tecnica":"","enlace_ficha_tecnica":{"ID":82031,"id":82031,"title":"EL TREN FANTASMA_CAST","filename":"EL-TREN-FANTASMA_CAST.pdf","filesize":735524,"url":"https:\/\/www.editorialjuventud.es\/wp-content\/uploads\/EL-TREN-FANTASMA_CAST.pdf","link":"https:\/\/www.editorialjuventud.es\/ca\/?attachment_id=82031","alt":"","author":"50","description":"","caption":"","name":"el-tren-fantasma_cast","status":"inherit","uploaded_to":81975,"date":"2025-05-19 18:46:40","modified":"2025-05-19 18:46:40","menu_order":0,"mime_type":"application\/pdf","type":"application","subtype":"pdf","icon":"https:\/\/www.editorialjuventud.es\/wp-includes\/images\/media\/document.png"},"ficheros":false,"titulo-fr":"","texto-fr":""},"yoast_head":"<!-- This site is optimized with the Yoast SEO plugin v27.5 - https:\/\/yoast.com\/product\/yoast-seo-wordpress\/ -->\n<title>El tren fantasma - Editorial Juventud<\/title>\n<meta name=\"description\" content=\"En esta ocasi\u00f3n, Lillebror se entera de que hay rumores sobre un tren fantasma que da vueltas por el bosque encantado y, como no se puede quedar de brazos\" \/>\n<meta name=\"robots\" content=\"index, follow, max-snippet:-1, max-image-preview:large, max-video-preview:-1\" \/>\n<link rel=\"canonical\" href=\"https:\/\/www.editorialjuventud.es\/el-tren-fantasma-9788426149251\/\" \/>\n<meta property=\"og:locale\" content=\"ca_ES\" \/>\n<meta property=\"og:type\" content=\"article\" \/>\n<meta property=\"og:title\" content=\"El tren fantasma - Editorial Juventud\" \/>\n<meta property=\"og:description\" content=\"En esta ocasi\u00f3n, Lillebror se entera de que hay rumores sobre un tren fantasma que da vueltas por el bosque encantado y, como no se puede quedar de brazos\" \/>\n<meta property=\"og:url\" content=\"https:\/\/www.editorialjuventud.es\/el-tren-fantasma-9788426149251\/\" \/>\n<meta property=\"og:site_name\" content=\"Editorial Juventud\" \/>\n<meta property=\"article:modified_time\" content=\"2026-03-30T10:10:01+00:00\" \/>\n<meta property=\"og:image\" content=\"https:\/\/www.editorialjuventud.es\/wp-content\/uploads\/9788426149251.jpg\" \/>\n\t<meta property=\"og:image:width\" content=\"1480\" \/>\n\t<meta property=\"og:image:height\" content=\"2000\" \/>\n\t<meta property=\"og:image:type\" content=\"image\/jpeg\" \/>\n<meta name=\"twitter:card\" content=\"summary_large_image\" \/>\n<meta name=\"twitter:label1\" content=\"Temps estimat de lectura\" \/>\n\t<meta name=\"twitter:data1\" content=\"1 minut\" \/>\n<script type=\"application\/ld+json\" class=\"yoast-schema-graph\">{\"@context\":\"https:\\\/\\\/schema.org\",\"@graph\":[{\"@type\":\"WebPage\",\"@id\":\"https:\\\/\\\/www.editorialjuventud.es\\\/el-tren-fantasma-9788426149251\\\/\",\"url\":\"https:\\\/\\\/www.editorialjuventud.es\\\/el-tren-fantasma-9788426149251\\\/\",\"name\":\"El tren fantasma - Editorial Juventud\",\"isPartOf\":{\"@id\":\"https:\\\/\\\/www.editorialjuventud.es\\\/#website\"},\"primaryImageOfPage\":{\"@id\":\"https:\\\/\\\/www.editorialjuventud.es\\\/el-tren-fantasma-9788426149251\\\/#primaryimage\"},\"image\":{\"@id\":\"https:\\\/\\\/www.editorialjuventud.es\\\/el-tren-fantasma-9788426149251\\\/#primaryimage\"},\"thumbnailUrl\":\"https:\\\/\\\/www.editorialjuventud.es\\\/wp-content\\\/uploads\\\/9788426149251.jpg\",\"datePublished\":\"2025-04-30T10:15:03+00:00\",\"dateModified\":\"2026-03-30T10:10:01+00:00\",\"description\":\"En esta ocasi\u00f3n, Lillebror se entera de que hay rumores sobre un tren fantasma que da vueltas por el bosque encantado y, como no se puede quedar de brazos\",\"breadcrumb\":{\"@id\":\"https:\\\/\\\/www.editorialjuventud.es\\\/el-tren-fantasma-9788426149251\\\/#breadcrumb\"},\"inLanguage\":\"ca\",\"potentialAction\":[{\"@type\":\"ReadAction\",\"target\":[\"https:\\\/\\\/www.editorialjuventud.es\\\/el-tren-fantasma-9788426149251\\\/\"]}]},{\"@type\":\"ImageObject\",\"inLanguage\":\"ca\",\"@id\":\"https:\\\/\\\/www.editorialjuventud.es\\\/el-tren-fantasma-9788426149251\\\/#primaryimage\",\"url\":\"https:\\\/\\\/www.editorialjuventud.es\\\/wp-content\\\/uploads\\\/9788426149251.jpg\",\"contentUrl\":\"https:\\\/\\\/www.editorialjuventud.es\\\/wp-content\\\/uploads\\\/9788426149251.jpg\",\"width\":1480,\"height\":2000,\"caption\":\"9788426149251.jpg\"},{\"@type\":\"BreadcrumbList\",\"@id\":\"https:\\\/\\\/www.editorialjuventud.es\\\/el-tren-fantasma-9788426149251\\\/#breadcrumb\",\"itemListElement\":[{\"@type\":\"ListItem\",\"position\":1,\"name\":\"Portada\",\"item\":\"https:\\\/\\\/www.editorialjuventud.es\\\/\"},{\"@type\":\"ListItem\",\"position\":2,\"name\":\"cat\u00e1logo\",\"item\":\"https:\\\/\\\/www.editorialjuventud.es\\\/coleccion\\\/catalogo\\\/\"},{\"@type\":\"ListItem\",\"position\":3,\"name\":\"castellano\",\"item\":\"https:\\\/\\\/www.editorialjuventud.es\\\/coleccion\\\/castellano\\\/\"},{\"@type\":\"ListItem\",\"position\":4,\"name\":\"\u00c1lbumes Ilustrados\",\"item\":\"https:\\\/\\\/www.editorialjuventud.es\\\/coleccion\\\/albumes-ilustrados\\\/\"},{\"@type\":\"ListItem\",\"position\":5,\"name\":\"Mis Primeros Cuentos\",\"item\":\"https:\\\/\\\/www.editorialjuventud.es\\\/coleccion\\\/mis-primeros-cuentos\\\/\"},{\"@type\":\"ListItem\",\"position\":6,\"name\":\"Los Misterios de la familia Conejo\",\"item\":\"https:\\\/\\\/www.editorialjuventud.es\\\/coleccion\\\/los-misterios-de-la-familia-conejo\\\/\"},{\"@type\":\"ListItem\",\"position\":7,\"name\":\"El tren fantasma\"}]},{\"@type\":\"WebSite\",\"@id\":\"https:\\\/\\\/www.editorialjuventud.es\\\/#website\",\"url\":\"https:\\\/\\\/www.editorialjuventud.es\\\/\",\"name\":\"Editorial Juventud\",\"description\":\"\",\"potentialAction\":[{\"@type\":\"SearchAction\",\"target\":{\"@type\":\"EntryPoint\",\"urlTemplate\":\"https:\\\/\\\/www.editorialjuventud.es\\\/?s={search_term_string}\"},\"query-input\":{\"@type\":\"PropertyValueSpecification\",\"valueRequired\":true,\"valueName\":\"search_term_string\"}}],\"inLanguage\":\"ca\"}]}<\/script>\n<!-- \/ Yoast SEO plugin. -->","yoast_head_json":{"title":"El tren fantasma - Editorial Juventud","description":"En esta ocasi\u00f3n, Lillebror se entera de que hay rumores sobre un tren fantasma que da vueltas por el bosque encantado y, como no se puede quedar de brazos","robots":{"index":"index","follow":"follow","max-snippet":"max-snippet:-1","max-image-preview":"max-image-preview:large","max-video-preview":"max-video-preview:-1"},"canonical":"https:\/\/www.editorialjuventud.es\/el-tren-fantasma-9788426149251\/","og_locale":"ca_ES","og_type":"article","og_title":"El tren fantasma - Editorial Juventud","og_description":"En esta ocasi\u00f3n, Lillebror se entera de que hay rumores sobre un tren fantasma que da vueltas por el bosque encantado y, como no se puede quedar de brazos","og_url":"https:\/\/www.editorialjuventud.es\/el-tren-fantasma-9788426149251\/","og_site_name":"Editorial Juventud","article_modified_time":"2026-03-30T10:10:01+00:00","og_image":[{"url":"https:\/\/www.editorialjuventud.es\/wp-content\/uploads\/9788426149251.jpg","width":1480,"height":2000,"type":"image\/jpeg"}],"twitter_card":"summary_large_image","twitter_misc":{"Temps estimat de lectura":"1 minut"},"schema":{"@context":"https:\/\/schema.org","@graph":[{"@type":"WebPage","@id":"https:\/\/www.editorialjuventud.es\/el-tren-fantasma-9788426149251\/","url":"https:\/\/www.editorialjuventud.es\/el-tren-fantasma-9788426149251\/","name":"El tren fantasma - Editorial Juventud","isPartOf":{"@id":"https:\/\/www.editorialjuventud.es\/#website"},"primaryImageOfPage":{"@id":"https:\/\/www.editorialjuventud.es\/el-tren-fantasma-9788426149251\/#primaryimage"},"image":{"@id":"https:\/\/www.editorialjuventud.es\/el-tren-fantasma-9788426149251\/#primaryimage"},"thumbnailUrl":"https:\/\/www.editorialjuventud.es\/wp-content\/uploads\/9788426149251.jpg","datePublished":"2025-04-30T10:15:03+00:00","dateModified":"2026-03-30T10:10:01+00:00","description":"En esta ocasi\u00f3n, Lillebror se entera de que hay rumores sobre un tren fantasma que da vueltas por el bosque encantado y, como no se puede quedar de brazos","breadcrumb":{"@id":"https:\/\/www.editorialjuventud.es\/el-tren-fantasma-9788426149251\/#breadcrumb"},"inLanguage":"ca","potentialAction":[{"@type":"ReadAction","target":["https:\/\/www.editorialjuventud.es\/el-tren-fantasma-9788426149251\/"]}]},{"@type":"ImageObject","inLanguage":"ca","@id":"https:\/\/www.editorialjuventud.es\/el-tren-fantasma-9788426149251\/#primaryimage","url":"https:\/\/www.editorialjuventud.es\/wp-content\/uploads\/9788426149251.jpg","contentUrl":"https:\/\/www.editorialjuventud.es\/wp-content\/uploads\/9788426149251.jpg","width":1480,"height":2000,"caption":"9788426149251.jpg"},{"@type":"BreadcrumbList","@id":"https:\/\/www.editorialjuventud.es\/el-tren-fantasma-9788426149251\/#breadcrumb","itemListElement":[{"@type":"ListItem","position":1,"name":"Portada","item":"https:\/\/www.editorialjuventud.es\/"},{"@type":"ListItem","position":2,"name":"cat\u00e1logo","item":"https:\/\/www.editorialjuventud.es\/coleccion\/catalogo\/"},{"@type":"ListItem","position":3,"name":"castellano","item":"https:\/\/www.editorialjuventud.es\/coleccion\/castellano\/"},{"@type":"ListItem","position":4,"name":"\u00c1lbumes Ilustrados","item":"https:\/\/www.editorialjuventud.es\/coleccion\/albumes-ilustrados\/"},{"@type":"ListItem","position":5,"name":"Mis Primeros Cuentos","item":"https:\/\/www.editorialjuventud.es\/coleccion\/mis-primeros-cuentos\/"},{"@type":"ListItem","position":6,"name":"Los Misterios de la familia Conejo","item":"https:\/\/www.editorialjuventud.es\/coleccion\/los-misterios-de-la-familia-conejo\/"},{"@type":"ListItem","position":7,"name":"El tren fantasma"}]},{"@type":"WebSite","@id":"https:\/\/www.editorialjuventud.es\/#website","url":"https:\/\/www.editorialjuventud.es\/","name":"Editorial Juventud","description":"","potentialAction":[{"@type":"SearchAction","target":{"@type":"EntryPoint","urlTemplate":"https:\/\/www.editorialjuventud.es\/?s={search_term_string}"},"query-input":{"@type":"PropertyValueSpecification","valueRequired":true,"valueName":"search_term_string"}}],"inLanguage":"ca"}]}},"_links":{"self":[{"href":"https:\/\/www.editorialjuventud.es\/ca\/wp-json\/wp\/v2\/product\/81972","targetHints":{"allow":["GET"]}}],"collection":[{"href":"https:\/\/www.editorialjuventud.es\/ca\/wp-json\/wp\/v2\/product"}],"about":[{"href":"https:\/\/www.editorialjuventud.es\/ca\/wp-json\/wp\/v2\/types\/product"}],"wp:featuredmedia":[{"embeddable":true,"href":"https:\/\/www.editorialjuventud.es\/ca\/wp-json\/wp\/v2\/media\/81973"}],"wp:attachment":[{"href":"https:\/\/www.editorialjuventud.es\/ca\/wp-json\/wp\/v2\/media?parent=81972"}],"wp:term":[{"taxonomy":"product_brand","embeddable":true,"href":"https:\/\/www.editorialjuventud.es\/ca\/wp-json\/wp\/v2\/product_brand?post=81972"},{"taxonomy":"product_cat","embeddable":true,"href":"https:\/\/www.editorialjuventud.es\/ca\/wp-json\/wp\/v2\/product_cat?post=81972"},{"taxonomy":"product_tag","embeddable":true,"href":"https:\/\/www.editorialjuventud.es\/ca\/wp-json\/wp\/v2\/product_tag?post=81972"},{"taxonomy":"coleccion","embeddable":true,"href":"https:\/\/www.editorialjuventud.es\/ca\/wp-json\/wp\/v2\/coleccion?post=81972"}],"curies":[{"name":"wp","href":"https:\/\/api.w.org\/{rel}","templated":true}]}}