{"id":80128,"date":"2025-03-25T10:15:15","date_gmt":"2025-03-25T09:15:15","guid":{"rendered":"https:\/\/www.editorialjuventud.es\/earhart-el-increible-vuelo-alrrededor-del-mundo-de-una-topillo-9788426149152\/"},"modified":"2025-05-20T17:58:27","modified_gmt":"2025-05-20T15:58:27","slug":"earhart-el-increible-vuelo-alrededor-del-mundo-de-una-topillo-9788426149152","status":"publish","type":"product","link":"https:\/\/www.editorialjuventud.es\/ca\/earhart-el-increible-vuelo-alrededor-del-mundo-de-una-topillo-9788426149152\/","title":{"rendered":"Earhart. El incre\u00edble vuelo alrededor del mundo de una topillo"},"content":{"rendered":"<p>Para los topillos, las vallas de los jardines suelen ser los confines del mundo. Pero un d\u00eda, una topillo descubre un sello con la imagen de un gato gigante africano, cosa que le despierta la voluntad no solamente de llegar a \u00c1frica, sino de dar la vuelta al mundo. Su aventura la reunir\u00e1 con el conocido rat\u00f3n que atraves\u00f3 el Atl\u00e1ntico y con una mujer que comparte su pasi\u00f3n por volar. \u00bfLo conseguir\u00e1?<br \/>\nCon el quinto volumen de la serie Ratones Aventureros, de ilustraciones y estilo muy reconocidos, Torben Kuhlmann crea un monumento a la pionera de la aviaci\u00f3n Amelia Earhart. Adem\u00e1s de ser conocida por sus hitos de la aviaci\u00f3n, Earhart tambi\u00e9n hizo campa\u00f1a dentro del movimiento de la liberaci\u00f3n de las mujeres en su momento. Hoy en d\u00eda sigue siendo un referente en la lucha por los derechos de las mujeres.<br \/>\nCon esta quinta entrega de la colecci\u00f3n, tambi\u00e9n se celebran diez a\u00f1os de la publicaci\u00f3n del primer t\u00edtulo: Lindbergh. La incre\u00edble historia de un rat\u00f3n volador.<\/p>\n","protected":false},"excerpt":{"rendered":"Para los topillos, las vallas de los jardines suelen ser los confines del mundo. Pero un d\u00eda, una topillo descubre un sello con la imagen de un gato gigante africano, cosa que le despierta la voluntad no solamente de llegar [&hellip;]","protected":false},"featured_media":80129,"template":"","meta":{"_acf_changed":false,"_exactmetrics_skip_tracking":false,"_exactmetrics_sitenote_active":false,"_exactmetrics_sitenote_note":"","_exactmetrics_sitenote_category":0},"product_brand":[],"product_cat":[904,1132,1121,1142,909,1348,1288,1207,1227,910,1229],"product_tag":[],"coleccion":[984,928,1248],"class_list":{"0":"post-80128","1":"product","2":"type-product","3":"status-publish","4":"has-post-thumbnail","6":"product_cat-a-partir-de-9-anos","7":"product_cat-africa","8":"product_cat-albumes-ilustrados","9":"product_cat-aventura","10":"product_cat-este-mes","11":"product_cat-imaginacion","12":"product_cat-inventores","13":"product_cat-personajes-reales","14":"product_cat-transportes","15":"product_cat-ultimas-novedades","16":"product_cat-vacaciones-viajes","17":"coleccion-ya-leo-solo","18":"coleccion-albumes-ilustrados","19":"coleccion-ratones-aventureros","21":"first","22":"instock","23":"taxable","24":"shipping-taxable","25":"purchasable","26":"product-type-simple"},"acf":{"autor":"Kuhlmann, Torben","codart":"4915","ediciones":"1","encuadernacion":"Carton\u00e9","fecha_de_publicacion":"01\/04\/2025","novedad":"0","paginas":"128","subtitulo":"","texto_web_adicional":"","texto_web_novedad":"","orden":"999","portada":"0","texto_web_resaltado":"","autores-libros":[16448],"traductores-libros":[78348],"descripcion_corta":"La incre\u00edble historia de un rat\u00f3n volador","recomendamos":"","mas_vendido":"","indice":"","ilustradores-libros":"","idioma-libro":"","fecha_de_reimpresion":"","color":false,"formato":"","mas_informacion_del_producto":false,"premios":false,"deshabilitar_compra":[],"texto_enlace_cubierta":"","enlace_cubierta":{"ID":80171,"id":80171,"title":"cover EARHART (2 idiomas).indd","filename":"9788426149152-1.jpg","filesize":3629489,"url":"https:\/\/www.editorialjuventud.es\/wp-content\/uploads\/9788426149152-1.jpg","link":"https:\/\/www.editorialjuventud.es\/ca\/?attachment_id=80171","alt":"","author":"50","description":"","caption":"","name":"cover-earhart-2-idiomas-indd-3","status":"inherit","uploaded_to":80128,"date":"2025-03-31 13:55:07","modified":"2025-03-31 13:55:07","menu_order":0,"mime_type":"image\/jpeg","type":"image","subtype":"jpeg","icon":"https:\/\/www.editorialjuventud.es\/wp-includes\/images\/media\/default.png","width":1542,"height":2000,"sizes":{"thumbnail":"https:\/\/www.editorialjuventud.es\/wp-content\/uploads\/9788426149152-1-200x200.jpg","thumbnail-width":200,"thumbnail-height":200,"medium":"https:\/\/www.editorialjuventud.es\/wp-content\/uploads\/9788426149152-1.jpg","medium-width":1542,"medium-height":2000,"medium_large":"https:\/\/www.editorialjuventud.es\/wp-content\/uploads\/9788426149152-1-768x996.jpg","medium_large-width":768,"medium_large-height":996,"large":"https:\/\/www.editorialjuventud.es\/wp-content\/uploads\/9788426149152-1.jpg","large-width":1542,"large-height":2000,"1536x1536":"https:\/\/www.editorialjuventud.es\/wp-content\/uploads\/9788426149152-1-1184x1536.jpg","1536x1536-width":1184,"1536x1536-height":1536,"2048x2048":"https:\/\/www.editorialjuventud.es\/wp-content\/uploads\/9788426149152-1.jpg","2048x2048-width":1542,"2048x2048-height":2000,"woocommerce_thumbnail":"https:\/\/www.editorialjuventud.es\/wp-content\/uploads\/9788426149152-1-350x454.jpg","woocommerce_thumbnail-width":350,"woocommerce_thumbnail-height":454,"woocommerce_single":"https:\/\/www.editorialjuventud.es\/wp-content\/uploads\/9788426149152-1-900x1167.jpg","woocommerce_single-width":900,"woocommerce_single-height":1167,"woocommerce_gallery_thumbnail":"https:\/\/www.editorialjuventud.es\/wp-content\/uploads\/9788426149152-1-100x100.jpg","woocommerce_gallery_thumbnail-width":100,"woocommerce_gallery_thumbnail-height":100,"ppec_logo_image_size":"https:\/\/www.editorialjuventud.es\/wp-content\/uploads\/9788426149152-1-46x60.jpg","ppec_logo_image_size-width":46,"ppec_logo_image_size-height":60,"ppec_header_image_size":"https:\/\/www.editorialjuventud.es\/wp-content\/uploads\/9788426149152-1-69x90.jpg","ppec_header_image_size-width":69,"ppec_header_image_size-height":90}},"texto_enlace_ficha_tecnica":"","enlace_ficha_tecnica":{"ID":82055,"id":82055,"title":"EARHART_CAST","filename":"EARHART_CAST.pdf","filesize":3293870,"url":"https:\/\/www.editorialjuventud.es\/wp-content\/uploads\/EARHART_CAST.pdf","link":"https:\/\/www.editorialjuventud.es\/ca\/?attachment_id=82055","alt":"","author":"50","description":"","caption":"","name":"earhart_cast","status":"inherit","uploaded_to":80128,"date":"2025-05-20 15:53:50","modified":"2025-05-20 15:53:50","menu_order":0,"mime_type":"application\/pdf","type":"application","subtype":"pdf","icon":"https:\/\/www.editorialjuventud.es\/wp-includes\/images\/media\/document.png"},"ficheros":false,"titulo-fr":"","texto-fr":""},"yoast_head":"<!-- This site is optimized with the Yoast SEO plugin v27.5 - https:\/\/yoast.com\/product\/yoast-seo-wordpress\/ -->\n<title>Earhart. El incre\u00edble vuelo alrededor del mundo de una topillo - Editorial Juventud<\/title>\n<meta name=\"description\" content=\"Para los topillos, las vallas de los jardines suelen ser los confines del mundo. Pero un d\u00eda, una topillo descubre un sello con la imagen de un gato\" \/>\n<meta name=\"robots\" content=\"index, follow, max-snippet:-1, max-image-preview:large, max-video-preview:-1\" \/>\n<link rel=\"canonical\" href=\"https:\/\/www.editorialjuventud.es\/earhart-el-increible-vuelo-alrededor-del-mundo-de-una-topillo-9788426149152\/\" \/>\n<meta property=\"og:locale\" content=\"ca_ES\" \/>\n<meta property=\"og:type\" content=\"article\" \/>\n<meta property=\"og:title\" content=\"Earhart. El incre\u00edble vuelo alrededor del mundo de una topillo - Editorial Juventud\" \/>\n<meta property=\"og:description\" content=\"Para los topillos, las vallas de los jardines suelen ser los confines del mundo. Pero un d\u00eda, una topillo descubre un sello con la imagen de un gato\" \/>\n<meta property=\"og:url\" content=\"https:\/\/www.editorialjuventud.es\/earhart-el-increible-vuelo-alrededor-del-mundo-de-una-topillo-9788426149152\/\" \/>\n<meta property=\"og:site_name\" content=\"Editorial Juventud\" \/>\n<meta property=\"article:modified_time\" content=\"2025-05-20T15:58:27+00:00\" \/>\n<meta property=\"og:image\" content=\"https:\/\/www.editorialjuventud.es\/wp-content\/uploads\/9788426149152.jpg\" \/>\n\t<meta property=\"og:image:width\" content=\"1542\" \/>\n\t<meta property=\"og:image:height\" content=\"2000\" \/>\n\t<meta property=\"og:image:type\" content=\"image\/jpeg\" \/>\n<meta name=\"twitter:card\" content=\"summary_large_image\" \/>\n<meta name=\"twitter:label1\" content=\"Temps estimat de lectura\" \/>\n\t<meta name=\"twitter:data1\" content=\"1 minut\" \/>\n<script type=\"application\/ld+json\" class=\"yoast-schema-graph\">{\"@context\":\"https:\\\/\\\/schema.org\",\"@graph\":[{\"@type\":\"WebPage\",\"@id\":\"https:\\\/\\\/www.editorialjuventud.es\\\/earhart-el-increible-vuelo-alrededor-del-mundo-de-una-topillo-9788426149152\\\/\",\"url\":\"https:\\\/\\\/www.editorialjuventud.es\\\/earhart-el-increible-vuelo-alrededor-del-mundo-de-una-topillo-9788426149152\\\/\",\"name\":\"Earhart. El incre\u00edble vuelo alrededor del mundo de una topillo - Editorial Juventud\",\"isPartOf\":{\"@id\":\"https:\\\/\\\/www.editorialjuventud.es\\\/#website\"},\"primaryImageOfPage\":{\"@id\":\"https:\\\/\\\/www.editorialjuventud.es\\\/earhart-el-increible-vuelo-alrededor-del-mundo-de-una-topillo-9788426149152\\\/#primaryimage\"},\"image\":{\"@id\":\"https:\\\/\\\/www.editorialjuventud.es\\\/earhart-el-increible-vuelo-alrededor-del-mundo-de-una-topillo-9788426149152\\\/#primaryimage\"},\"thumbnailUrl\":\"https:\\\/\\\/www.editorialjuventud.es\\\/wp-content\\\/uploads\\\/9788426149152.jpg\",\"datePublished\":\"2025-03-25T09:15:15+00:00\",\"dateModified\":\"2025-05-20T15:58:27+00:00\",\"description\":\"Para los topillos, las vallas de los jardines suelen ser los confines del mundo. Pero un d\u00eda, una topillo descubre un sello con la imagen de un gato\",\"breadcrumb\":{\"@id\":\"https:\\\/\\\/www.editorialjuventud.es\\\/earhart-el-increible-vuelo-alrededor-del-mundo-de-una-topillo-9788426149152\\\/#breadcrumb\"},\"inLanguage\":\"ca\",\"potentialAction\":[{\"@type\":\"ReadAction\",\"target\":[\"https:\\\/\\\/www.editorialjuventud.es\\\/earhart-el-increible-vuelo-alrededor-del-mundo-de-una-topillo-9788426149152\\\/\"]}]},{\"@type\":\"ImageObject\",\"inLanguage\":\"ca\",\"@id\":\"https:\\\/\\\/www.editorialjuventud.es\\\/earhart-el-increible-vuelo-alrededor-del-mundo-de-una-topillo-9788426149152\\\/#primaryimage\",\"url\":\"https:\\\/\\\/www.editorialjuventud.es\\\/wp-content\\\/uploads\\\/9788426149152.jpg\",\"contentUrl\":\"https:\\\/\\\/www.editorialjuventud.es\\\/wp-content\\\/uploads\\\/9788426149152.jpg\",\"width\":1542,\"height\":2000,\"caption\":\"9788426149152.jpg\"},{\"@type\":\"BreadcrumbList\",\"@id\":\"https:\\\/\\\/www.editorialjuventud.es\\\/earhart-el-increible-vuelo-alrededor-del-mundo-de-una-topillo-9788426149152\\\/#breadcrumb\",\"itemListElement\":[{\"@type\":\"ListItem\",\"position\":1,\"name\":\"Portada\",\"item\":\"https:\\\/\\\/www.editorialjuventud.es\\\/\"},{\"@type\":\"ListItem\",\"position\":2,\"name\":\"cat\u00e1logo\",\"item\":\"https:\\\/\\\/www.editorialjuventud.es\\\/coleccion\\\/catalogo\\\/\"},{\"@type\":\"ListItem\",\"position\":3,\"name\":\"castellano\",\"item\":\"https:\\\/\\\/www.editorialjuventud.es\\\/coleccion\\\/castellano\\\/\"},{\"@type\":\"ListItem\",\"position\":4,\"name\":\"\u00c1lbumes Ilustrados\",\"item\":\"https:\\\/\\\/www.editorialjuventud.es\\\/coleccion\\\/albumes-ilustrados\\\/\"},{\"@type\":\"ListItem\",\"position\":5,\"name\":\"\u00a1Ya Leo Solo!\",\"item\":\"https:\\\/\\\/www.editorialjuventud.es\\\/coleccion\\\/ya-leo-solo\\\/\"},{\"@type\":\"ListItem\",\"position\":6,\"name\":\"Ratones Aventureros\",\"item\":\"https:\\\/\\\/www.editorialjuventud.es\\\/coleccion\\\/ratones-aventureros\\\/\"},{\"@type\":\"ListItem\",\"position\":7,\"name\":\"Earhart. El incre\u00edble vuelo alrededor del mundo de una topillo\"}]},{\"@type\":\"WebSite\",\"@id\":\"https:\\\/\\\/www.editorialjuventud.es\\\/#website\",\"url\":\"https:\\\/\\\/www.editorialjuventud.es\\\/\",\"name\":\"Editorial Juventud\",\"description\":\"\",\"potentialAction\":[{\"@type\":\"SearchAction\",\"target\":{\"@type\":\"EntryPoint\",\"urlTemplate\":\"https:\\\/\\\/www.editorialjuventud.es\\\/?s={search_term_string}\"},\"query-input\":{\"@type\":\"PropertyValueSpecification\",\"valueRequired\":true,\"valueName\":\"search_term_string\"}}],\"inLanguage\":\"ca\"}]}<\/script>\n<!-- \/ Yoast SEO plugin. -->","yoast_head_json":{"title":"Earhart. El incre\u00edble vuelo alrededor del mundo de una topillo - Editorial Juventud","description":"Para los topillos, las vallas de los jardines suelen ser los confines del mundo. Pero un d\u00eda, una topillo descubre un sello con la imagen de un gato","robots":{"index":"index","follow":"follow","max-snippet":"max-snippet:-1","max-image-preview":"max-image-preview:large","max-video-preview":"max-video-preview:-1"},"canonical":"https:\/\/www.editorialjuventud.es\/earhart-el-increible-vuelo-alrededor-del-mundo-de-una-topillo-9788426149152\/","og_locale":"ca_ES","og_type":"article","og_title":"Earhart. El incre\u00edble vuelo alrededor del mundo de una topillo - Editorial Juventud","og_description":"Para los topillos, las vallas de los jardines suelen ser los confines del mundo. Pero un d\u00eda, una topillo descubre un sello con la imagen de un gato","og_url":"https:\/\/www.editorialjuventud.es\/earhart-el-increible-vuelo-alrededor-del-mundo-de-una-topillo-9788426149152\/","og_site_name":"Editorial Juventud","article_modified_time":"2025-05-20T15:58:27+00:00","og_image":[{"url":"https:\/\/www.editorialjuventud.es\/wp-content\/uploads\/9788426149152.jpg","width":1542,"height":2000,"type":"image\/jpeg"}],"twitter_card":"summary_large_image","twitter_misc":{"Temps estimat de lectura":"1 minut"},"schema":{"@context":"https:\/\/schema.org","@graph":[{"@type":"WebPage","@id":"https:\/\/www.editorialjuventud.es\/earhart-el-increible-vuelo-alrededor-del-mundo-de-una-topillo-9788426149152\/","url":"https:\/\/www.editorialjuventud.es\/earhart-el-increible-vuelo-alrededor-del-mundo-de-una-topillo-9788426149152\/","name":"Earhart. El incre\u00edble vuelo alrededor del mundo de una topillo - Editorial Juventud","isPartOf":{"@id":"https:\/\/www.editorialjuventud.es\/#website"},"primaryImageOfPage":{"@id":"https:\/\/www.editorialjuventud.es\/earhart-el-increible-vuelo-alrededor-del-mundo-de-una-topillo-9788426149152\/#primaryimage"},"image":{"@id":"https:\/\/www.editorialjuventud.es\/earhart-el-increible-vuelo-alrededor-del-mundo-de-una-topillo-9788426149152\/#primaryimage"},"thumbnailUrl":"https:\/\/www.editorialjuventud.es\/wp-content\/uploads\/9788426149152.jpg","datePublished":"2025-03-25T09:15:15+00:00","dateModified":"2025-05-20T15:58:27+00:00","description":"Para los topillos, las vallas de los jardines suelen ser los confines del mundo. Pero un d\u00eda, una topillo descubre un sello con la imagen de un gato","breadcrumb":{"@id":"https:\/\/www.editorialjuventud.es\/earhart-el-increible-vuelo-alrededor-del-mundo-de-una-topillo-9788426149152\/#breadcrumb"},"inLanguage":"ca","potentialAction":[{"@type":"ReadAction","target":["https:\/\/www.editorialjuventud.es\/earhart-el-increible-vuelo-alrededor-del-mundo-de-una-topillo-9788426149152\/"]}]},{"@type":"ImageObject","inLanguage":"ca","@id":"https:\/\/www.editorialjuventud.es\/earhart-el-increible-vuelo-alrededor-del-mundo-de-una-topillo-9788426149152\/#primaryimage","url":"https:\/\/www.editorialjuventud.es\/wp-content\/uploads\/9788426149152.jpg","contentUrl":"https:\/\/www.editorialjuventud.es\/wp-content\/uploads\/9788426149152.jpg","width":1542,"height":2000,"caption":"9788426149152.jpg"},{"@type":"BreadcrumbList","@id":"https:\/\/www.editorialjuventud.es\/earhart-el-increible-vuelo-alrededor-del-mundo-de-una-topillo-9788426149152\/#breadcrumb","itemListElement":[{"@type":"ListItem","position":1,"name":"Portada","item":"https:\/\/www.editorialjuventud.es\/"},{"@type":"ListItem","position":2,"name":"cat\u00e1logo","item":"https:\/\/www.editorialjuventud.es\/coleccion\/catalogo\/"},{"@type":"ListItem","position":3,"name":"castellano","item":"https:\/\/www.editorialjuventud.es\/coleccion\/castellano\/"},{"@type":"ListItem","position":4,"name":"\u00c1lbumes Ilustrados","item":"https:\/\/www.editorialjuventud.es\/coleccion\/albumes-ilustrados\/"},{"@type":"ListItem","position":5,"name":"\u00a1Ya Leo Solo!","item":"https:\/\/www.editorialjuventud.es\/coleccion\/ya-leo-solo\/"},{"@type":"ListItem","position":6,"name":"Ratones Aventureros","item":"https:\/\/www.editorialjuventud.es\/coleccion\/ratones-aventureros\/"},{"@type":"ListItem","position":7,"name":"Earhart. El incre\u00edble vuelo alrededor del mundo de una topillo"}]},{"@type":"WebSite","@id":"https:\/\/www.editorialjuventud.es\/#website","url":"https:\/\/www.editorialjuventud.es\/","name":"Editorial Juventud","description":"","potentialAction":[{"@type":"SearchAction","target":{"@type":"EntryPoint","urlTemplate":"https:\/\/www.editorialjuventud.es\/?s={search_term_string}"},"query-input":{"@type":"PropertyValueSpecification","valueRequired":true,"valueName":"search_term_string"}}],"inLanguage":"ca"}]}},"_links":{"self":[{"href":"https:\/\/www.editorialjuventud.es\/ca\/wp-json\/wp\/v2\/product\/80128","targetHints":{"allow":["GET"]}}],"collection":[{"href":"https:\/\/www.editorialjuventud.es\/ca\/wp-json\/wp\/v2\/product"}],"about":[{"href":"https:\/\/www.editorialjuventud.es\/ca\/wp-json\/wp\/v2\/types\/product"}],"wp:featuredmedia":[{"embeddable":true,"href":"https:\/\/www.editorialjuventud.es\/ca\/wp-json\/wp\/v2\/media\/80129"}],"wp:attachment":[{"href":"https:\/\/www.editorialjuventud.es\/ca\/wp-json\/wp\/v2\/media?parent=80128"}],"wp:term":[{"taxonomy":"product_brand","embeddable":true,"href":"https:\/\/www.editorialjuventud.es\/ca\/wp-json\/wp\/v2\/product_brand?post=80128"},{"taxonomy":"product_cat","embeddable":true,"href":"https:\/\/www.editorialjuventud.es\/ca\/wp-json\/wp\/v2\/product_cat?post=80128"},{"taxonomy":"product_tag","embeddable":true,"href":"https:\/\/www.editorialjuventud.es\/ca\/wp-json\/wp\/v2\/product_tag?post=80128"},{"taxonomy":"coleccion","embeddable":true,"href":"https:\/\/www.editorialjuventud.es\/ca\/wp-json\/wp\/v2\/coleccion?post=80128"}],"curies":[{"name":"wp","href":"https:\/\/api.w.org\/{rel}","templated":true}]}}