{"id":80125,"date":"2025-03-25T10:15:03","date_gmt":"2025-03-25T09:15:03","guid":{"rendered":"https:\/\/www.editorialjuventud.es\/earhart-lincreible-vol-al-voltant-del-mon-duna-talponeta-9788426149169\/"},"modified":"2025-05-20T17:57:02","modified_gmt":"2025-05-20T15:57:02","slug":"earhart-lincreible-vol-al-voltant-del-mon-duna-talponeta-9788426149169","status":"publish","type":"product","link":"https:\/\/www.editorialjuventud.es\/ca\/earhart-lincreible-vol-al-voltant-del-mon-duna-talponeta-9788426149169\/","title":{"rendered":"Earhart. L&#8217;incre\u00efble vol al voltant del m\u00f3n d&#8217;una talponeta"},"content":{"rendered":"<p>Per als talponets, les tanques dels jardins solen ser els confins del m\u00f3n. Per\u00f2 un dia, una talponeta descobreix un segell amb la imatge d&#8217;un gat gegant afric\u00e0, cosa que li desperta la voluntat no nom\u00e9s d&#8217;arribar a l&#8217;\u00c0frica, sin\u00f3 de fer la volta al m\u00f3n. La seva aventura la reunir\u00e0 amb el reconegut ratol\u00ed que va travessar l&#8217;Atl\u00e0ntic i amb una dona que comparteix la seva passi\u00f3 per volar. Ho aconseguir\u00e0?<br \/>\nAmb el cinqu\u00e8 volum de la s\u00e8rie Ratolins Aventurers, d&#8217;il\u00b7lustracions i estil ja molt caracter\u00edstics, Torben Kuhlmann crea un monument a la pionera de l&#8217;aviaci\u00f3 Amelia Earhart. A m\u00e9s de ser coneguda per les seves fites de l&#8217;aviaci\u00f3, Earhart tamb\u00e9 per fer campanya dins el moviment d&#8217;alliberaci\u00f3 de les dones del seu moment. Avui en dia, continua sent un referent en la lluita pels drets de les dones.<br \/>\nAmb aquesta cinquena entrega de la col\u00b7lecci\u00f3, tamb\u00e9 se celebren deu anys de la publicaci\u00f3 del primer t\u00edtol: Lindbergh. L&#8217;agosarada hist\u00f2ria d&#8217;un ratol\u00ed volador.<\/p>\n","protected":false},"excerpt":{"rendered":"Per als talponets, les tanques dels jardins solen ser els confins del m\u00f3n. Per\u00f2 un dia, una talponeta descobreix un segell amb la imatge d&#8217;un gat gegant afric\u00e0, cosa que li desperta la voluntat no nom\u00e9s d&#8217;arribar a l&#8217;\u00c0frica, sin\u00f3 [&hellip;]","protected":false},"featured_media":80126,"template":"","meta":{"_acf_changed":false,"_exactmetrics_skip_tracking":false,"_exactmetrics_sitenote_active":false,"_exactmetrics_sitenote_note":"","_exactmetrics_sitenote_category":0},"product_brand":[],"product_cat":[904,1132,1121,1142,909,1348,1288,1207,1227,910,1229],"product_tag":[],"coleccion":[952,1247],"class_list":{"0":"post-80125","1":"product","2":"type-product","3":"status-publish","4":"has-post-thumbnail","6":"product_cat-a-partir-de-9-anos","7":"product_cat-africa","8":"product_cat-albumes-ilustrados","9":"product_cat-aventura","10":"product_cat-este-mes","11":"product_cat-imaginacion","12":"product_cat-inventores","13":"product_cat-personajes-reales","14":"product_cat-transportes","15":"product_cat-ultimas-novedades","16":"product_cat-vacaciones-viajes","17":"coleccion-ja-llegeixo-sol","18":"coleccion-ratolins-aventurers","20":"first","21":"instock","22":"taxable","23":"shipping-taxable","24":"purchasable","25":"product-type-simple"},"acf":{"autor":"Kuhlmann, Torben","codart":"4916","ediciones":"1","encuadernacion":"Carton\u00e9","fecha_de_publicacion":"01\/04\/2025","novedad":"0","paginas":"128","subtitulo":"","texto_web_adicional":"","texto_web_novedad":"","orden":"999","portada":"0","texto_web_resaltado":"","autores-libros":[16448],"traductores-libros":[78347],"descripcion_corta":"L'agosarada hist\u00f2ria d'un ratol\u00ed volador.","recomendamos":"","mas_vendido":"","indice":"","ilustradores-libros":"","idioma-libro":"","fecha_de_reimpresion":"","color":false,"formato":"","mas_informacion_del_producto":false,"premios":false,"deshabilitar_compra":[],"texto_enlace_cubierta":"","enlace_cubierta":{"ID":80187,"id":80187,"title":"cover EARHART (2 idiomas).indd","filename":"9788426149169-1.jpg","filesize":3624820,"url":"https:\/\/www.editorialjuventud.es\/wp-content\/uploads\/9788426149169-1.jpg","link":"https:\/\/www.editorialjuventud.es\/ca\/?attachment_id=80187","alt":"","author":"50","description":"","caption":"","name":"cover-earhart-2-idiomas-indd-4","status":"inherit","uploaded_to":80125,"date":"2025-03-31 13:58:17","modified":"2025-03-31 13:58:17","menu_order":0,"mime_type":"image\/jpeg","type":"image","subtype":"jpeg","icon":"https:\/\/www.editorialjuventud.es\/wp-includes\/images\/media\/default.png","width":1541,"height":2000,"sizes":{"thumbnail":"https:\/\/www.editorialjuventud.es\/wp-content\/uploads\/9788426149169-1-200x200.jpg","thumbnail-width":200,"thumbnail-height":200,"medium":"https:\/\/www.editorialjuventud.es\/wp-content\/uploads\/9788426149169-1.jpg","medium-width":1541,"medium-height":2000,"medium_large":"https:\/\/www.editorialjuventud.es\/wp-content\/uploads\/9788426149169-1-768x997.jpg","medium_large-width":768,"medium_large-height":997,"large":"https:\/\/www.editorialjuventud.es\/wp-content\/uploads\/9788426149169-1.jpg","large-width":1541,"large-height":2000,"1536x1536":"https:\/\/www.editorialjuventud.es\/wp-content\/uploads\/9788426149169-1-1183x1536.jpg","1536x1536-width":1183,"1536x1536-height":1536,"2048x2048":"https:\/\/www.editorialjuventud.es\/wp-content\/uploads\/9788426149169-1.jpg","2048x2048-width":1541,"2048x2048-height":2000,"woocommerce_thumbnail":"https:\/\/www.editorialjuventud.es\/wp-content\/uploads\/9788426149169-1-350x454.jpg","woocommerce_thumbnail-width":350,"woocommerce_thumbnail-height":454,"woocommerce_single":"https:\/\/www.editorialjuventud.es\/wp-content\/uploads\/9788426149169-1-900x1168.jpg","woocommerce_single-width":900,"woocommerce_single-height":1168,"woocommerce_gallery_thumbnail":"https:\/\/www.editorialjuventud.es\/wp-content\/uploads\/9788426149169-1-100x100.jpg","woocommerce_gallery_thumbnail-width":100,"woocommerce_gallery_thumbnail-height":100,"ppec_logo_image_size":"https:\/\/www.editorialjuventud.es\/wp-content\/uploads\/9788426149169-1-46x60.jpg","ppec_logo_image_size-width":46,"ppec_logo_image_size-height":60,"ppec_header_image_size":"https:\/\/www.editorialjuventud.es\/wp-content\/uploads\/9788426149169-1-69x90.jpg","ppec_header_image_size-width":69,"ppec_header_image_size-height":90}},"texto_enlace_ficha_tecnica":"","enlace_ficha_tecnica":{"ID":82059,"id":82059,"title":"EARHART_CAT","filename":"EARHART_CAT.pdf","filesize":3291928,"url":"https:\/\/www.editorialjuventud.es\/wp-content\/uploads\/EARHART_CAT.pdf","link":"https:\/\/www.editorialjuventud.es\/ca\/?attachment_id=82059","alt":"","author":"50","description":"","caption":"","name":"earhart_cat","status":"inherit","uploaded_to":80125,"date":"2025-05-20 15:55:27","modified":"2025-05-20 15:55:27","menu_order":0,"mime_type":"application\/pdf","type":"application","subtype":"pdf","icon":"https:\/\/www.editorialjuventud.es\/wp-includes\/images\/media\/document.png"},"ficheros":false,"titulo-fr":"","texto-fr":""},"yoast_head":"<!-- This site is optimized with the Yoast SEO plugin v27.5 - https:\/\/yoast.com\/product\/yoast-seo-wordpress\/ -->\n<title>Earhart. L&#039;incre\u00efble vol al voltant del m\u00f3n d&#039;una talponeta - Editorial Juventud<\/title>\n<meta name=\"description\" content=\"Per als talponets, les tanques dels jardins solen ser els confins del m\u00f3n. Per\u00f2 un dia, una talponeta descobreix un segell amb la imatge d&#039;un gat gegant\" \/>\n<meta name=\"robots\" content=\"index, follow, max-snippet:-1, max-image-preview:large, max-video-preview:-1\" \/>\n<link rel=\"canonical\" href=\"https:\/\/www.editorialjuventud.es\/earhart-lincreible-vol-al-voltant-del-mon-duna-talponeta-9788426149169\/\" \/>\n<meta property=\"og:locale\" content=\"ca_ES\" \/>\n<meta property=\"og:type\" content=\"article\" \/>\n<meta property=\"og:title\" content=\"Earhart. L&#039;incre\u00efble vol al voltant del m\u00f3n d&#039;una talponeta - Editorial Juventud\" \/>\n<meta property=\"og:description\" content=\"Per als talponets, les tanques dels jardins solen ser els confins del m\u00f3n. Per\u00f2 un dia, una talponeta descobreix un segell amb la imatge d&#039;un gat gegant\" \/>\n<meta property=\"og:url\" content=\"https:\/\/www.editorialjuventud.es\/earhart-lincreible-vol-al-voltant-del-mon-duna-talponeta-9788426149169\/\" \/>\n<meta property=\"og:site_name\" content=\"Editorial Juventud\" \/>\n<meta property=\"article:modified_time\" content=\"2025-05-20T15:57:02+00:00\" \/>\n<meta property=\"og:image\" content=\"https:\/\/www.editorialjuventud.es\/wp-content\/uploads\/9788426149169.jpg\" \/>\n\t<meta property=\"og:image:width\" content=\"1541\" \/>\n\t<meta property=\"og:image:height\" content=\"2000\" \/>\n\t<meta property=\"og:image:type\" content=\"image\/jpeg\" \/>\n<meta name=\"twitter:card\" content=\"summary_large_image\" \/>\n<meta name=\"twitter:label1\" content=\"Temps estimat de lectura\" \/>\n\t<meta name=\"twitter:data1\" content=\"1 minut\" \/>\n<script type=\"application\/ld+json\" class=\"yoast-schema-graph\">{\"@context\":\"https:\\\/\\\/schema.org\",\"@graph\":[{\"@type\":\"WebPage\",\"@id\":\"https:\\\/\\\/www.editorialjuventud.es\\\/earhart-lincreible-vol-al-voltant-del-mon-duna-talponeta-9788426149169\\\/\",\"url\":\"https:\\\/\\\/www.editorialjuventud.es\\\/earhart-lincreible-vol-al-voltant-del-mon-duna-talponeta-9788426149169\\\/\",\"name\":\"Earhart. L'incre\u00efble vol al voltant del m\u00f3n d'una talponeta - Editorial Juventud\",\"isPartOf\":{\"@id\":\"https:\\\/\\\/www.editorialjuventud.es\\\/#website\"},\"primaryImageOfPage\":{\"@id\":\"https:\\\/\\\/www.editorialjuventud.es\\\/earhart-lincreible-vol-al-voltant-del-mon-duna-talponeta-9788426149169\\\/#primaryimage\"},\"image\":{\"@id\":\"https:\\\/\\\/www.editorialjuventud.es\\\/earhart-lincreible-vol-al-voltant-del-mon-duna-talponeta-9788426149169\\\/#primaryimage\"},\"thumbnailUrl\":\"https:\\\/\\\/www.editorialjuventud.es\\\/wp-content\\\/uploads\\\/9788426149169.jpg\",\"datePublished\":\"2025-03-25T09:15:03+00:00\",\"dateModified\":\"2025-05-20T15:57:02+00:00\",\"description\":\"Per als talponets, les tanques dels jardins solen ser els confins del m\u00f3n. Per\u00f2 un dia, una talponeta descobreix un segell amb la imatge d'un gat gegant\",\"breadcrumb\":{\"@id\":\"https:\\\/\\\/www.editorialjuventud.es\\\/earhart-lincreible-vol-al-voltant-del-mon-duna-talponeta-9788426149169\\\/#breadcrumb\"},\"inLanguage\":\"ca\",\"potentialAction\":[{\"@type\":\"ReadAction\",\"target\":[\"https:\\\/\\\/www.editorialjuventud.es\\\/earhart-lincreible-vol-al-voltant-del-mon-duna-talponeta-9788426149169\\\/\"]}]},{\"@type\":\"ImageObject\",\"inLanguage\":\"ca\",\"@id\":\"https:\\\/\\\/www.editorialjuventud.es\\\/earhart-lincreible-vol-al-voltant-del-mon-duna-talponeta-9788426149169\\\/#primaryimage\",\"url\":\"https:\\\/\\\/www.editorialjuventud.es\\\/wp-content\\\/uploads\\\/9788426149169.jpg\",\"contentUrl\":\"https:\\\/\\\/www.editorialjuventud.es\\\/wp-content\\\/uploads\\\/9788426149169.jpg\",\"width\":1541,\"height\":2000,\"caption\":\"9788426149169.jpg\"},{\"@type\":\"BreadcrumbList\",\"@id\":\"https:\\\/\\\/www.editorialjuventud.es\\\/earhart-lincreible-vol-al-voltant-del-mon-duna-talponeta-9788426149169\\\/#breadcrumb\",\"itemListElement\":[{\"@type\":\"ListItem\",\"position\":1,\"name\":\"Portada\",\"item\":\"https:\\\/\\\/www.editorialjuventud.es\\\/\"},{\"@type\":\"ListItem\",\"position\":2,\"name\":\"cat\u00e1logo\",\"item\":\"https:\\\/\\\/www.editorialjuventud.es\\\/coleccion\\\/catalogo\\\/\"},{\"@type\":\"ListItem\",\"position\":3,\"name\":\"catal\u00e0\",\"item\":\"https:\\\/\\\/www.editorialjuventud.es\\\/coleccion\\\/catala\\\/\"},{\"@type\":\"ListItem\",\"position\":4,\"name\":\"\u00c0lbums Il\u00b7lustrats\",\"item\":\"https:\\\/\\\/www.editorialjuventud.es\\\/coleccion\\\/albums-il%c2%b7lustrats\\\/\"},{\"@type\":\"ListItem\",\"position\":5,\"name\":\"Ja Llegeixo Sol!\",\"item\":\"https:\\\/\\\/www.editorialjuventud.es\\\/coleccion\\\/ja-llegeixo-sol\\\/\"},{\"@type\":\"ListItem\",\"position\":6,\"name\":\"Ratolins Aventurers\",\"item\":\"https:\\\/\\\/www.editorialjuventud.es\\\/coleccion\\\/ratolins-aventurers\\\/\"},{\"@type\":\"ListItem\",\"position\":7,\"name\":\"Earhart. L'incre\u00efble vol al voltant del m\u00f3n d'una talponeta\"}]},{\"@type\":\"WebSite\",\"@id\":\"https:\\\/\\\/www.editorialjuventud.es\\\/#website\",\"url\":\"https:\\\/\\\/www.editorialjuventud.es\\\/\",\"name\":\"Editorial Juventud\",\"description\":\"\",\"potentialAction\":[{\"@type\":\"SearchAction\",\"target\":{\"@type\":\"EntryPoint\",\"urlTemplate\":\"https:\\\/\\\/www.editorialjuventud.es\\\/?s={search_term_string}\"},\"query-input\":{\"@type\":\"PropertyValueSpecification\",\"valueRequired\":true,\"valueName\":\"search_term_string\"}}],\"inLanguage\":\"ca\"}]}<\/script>\n<!-- \/ Yoast SEO plugin. -->","yoast_head_json":{"title":"Earhart. L'incre\u00efble vol al voltant del m\u00f3n d'una talponeta - Editorial Juventud","description":"Per als talponets, les tanques dels jardins solen ser els confins del m\u00f3n. Per\u00f2 un dia, una talponeta descobreix un segell amb la imatge d'un gat gegant","robots":{"index":"index","follow":"follow","max-snippet":"max-snippet:-1","max-image-preview":"max-image-preview:large","max-video-preview":"max-video-preview:-1"},"canonical":"https:\/\/www.editorialjuventud.es\/earhart-lincreible-vol-al-voltant-del-mon-duna-talponeta-9788426149169\/","og_locale":"ca_ES","og_type":"article","og_title":"Earhart. L'incre\u00efble vol al voltant del m\u00f3n d'una talponeta - Editorial Juventud","og_description":"Per als talponets, les tanques dels jardins solen ser els confins del m\u00f3n. Per\u00f2 un dia, una talponeta descobreix un segell amb la imatge d'un gat gegant","og_url":"https:\/\/www.editorialjuventud.es\/earhart-lincreible-vol-al-voltant-del-mon-duna-talponeta-9788426149169\/","og_site_name":"Editorial Juventud","article_modified_time":"2025-05-20T15:57:02+00:00","og_image":[{"url":"https:\/\/www.editorialjuventud.es\/wp-content\/uploads\/9788426149169.jpg","width":1541,"height":2000,"type":"image\/jpeg"}],"twitter_card":"summary_large_image","twitter_misc":{"Temps estimat de lectura":"1 minut"},"schema":{"@context":"https:\/\/schema.org","@graph":[{"@type":"WebPage","@id":"https:\/\/www.editorialjuventud.es\/earhart-lincreible-vol-al-voltant-del-mon-duna-talponeta-9788426149169\/","url":"https:\/\/www.editorialjuventud.es\/earhart-lincreible-vol-al-voltant-del-mon-duna-talponeta-9788426149169\/","name":"Earhart. L'incre\u00efble vol al voltant del m\u00f3n d'una talponeta - Editorial Juventud","isPartOf":{"@id":"https:\/\/www.editorialjuventud.es\/#website"},"primaryImageOfPage":{"@id":"https:\/\/www.editorialjuventud.es\/earhart-lincreible-vol-al-voltant-del-mon-duna-talponeta-9788426149169\/#primaryimage"},"image":{"@id":"https:\/\/www.editorialjuventud.es\/earhart-lincreible-vol-al-voltant-del-mon-duna-talponeta-9788426149169\/#primaryimage"},"thumbnailUrl":"https:\/\/www.editorialjuventud.es\/wp-content\/uploads\/9788426149169.jpg","datePublished":"2025-03-25T09:15:03+00:00","dateModified":"2025-05-20T15:57:02+00:00","description":"Per als talponets, les tanques dels jardins solen ser els confins del m\u00f3n. Per\u00f2 un dia, una talponeta descobreix un segell amb la imatge d'un gat gegant","breadcrumb":{"@id":"https:\/\/www.editorialjuventud.es\/earhart-lincreible-vol-al-voltant-del-mon-duna-talponeta-9788426149169\/#breadcrumb"},"inLanguage":"ca","potentialAction":[{"@type":"ReadAction","target":["https:\/\/www.editorialjuventud.es\/earhart-lincreible-vol-al-voltant-del-mon-duna-talponeta-9788426149169\/"]}]},{"@type":"ImageObject","inLanguage":"ca","@id":"https:\/\/www.editorialjuventud.es\/earhart-lincreible-vol-al-voltant-del-mon-duna-talponeta-9788426149169\/#primaryimage","url":"https:\/\/www.editorialjuventud.es\/wp-content\/uploads\/9788426149169.jpg","contentUrl":"https:\/\/www.editorialjuventud.es\/wp-content\/uploads\/9788426149169.jpg","width":1541,"height":2000,"caption":"9788426149169.jpg"},{"@type":"BreadcrumbList","@id":"https:\/\/www.editorialjuventud.es\/earhart-lincreible-vol-al-voltant-del-mon-duna-talponeta-9788426149169\/#breadcrumb","itemListElement":[{"@type":"ListItem","position":1,"name":"Portada","item":"https:\/\/www.editorialjuventud.es\/"},{"@type":"ListItem","position":2,"name":"cat\u00e1logo","item":"https:\/\/www.editorialjuventud.es\/coleccion\/catalogo\/"},{"@type":"ListItem","position":3,"name":"catal\u00e0","item":"https:\/\/www.editorialjuventud.es\/coleccion\/catala\/"},{"@type":"ListItem","position":4,"name":"\u00c0lbums Il\u00b7lustrats","item":"https:\/\/www.editorialjuventud.es\/coleccion\/albums-il%c2%b7lustrats\/"},{"@type":"ListItem","position":5,"name":"Ja Llegeixo Sol!","item":"https:\/\/www.editorialjuventud.es\/coleccion\/ja-llegeixo-sol\/"},{"@type":"ListItem","position":6,"name":"Ratolins Aventurers","item":"https:\/\/www.editorialjuventud.es\/coleccion\/ratolins-aventurers\/"},{"@type":"ListItem","position":7,"name":"Earhart. L'incre\u00efble vol al voltant del m\u00f3n d'una talponeta"}]},{"@type":"WebSite","@id":"https:\/\/www.editorialjuventud.es\/#website","url":"https:\/\/www.editorialjuventud.es\/","name":"Editorial Juventud","description":"","potentialAction":[{"@type":"SearchAction","target":{"@type":"EntryPoint","urlTemplate":"https:\/\/www.editorialjuventud.es\/?s={search_term_string}"},"query-input":{"@type":"PropertyValueSpecification","valueRequired":true,"valueName":"search_term_string"}}],"inLanguage":"ca"}]}},"_links":{"self":[{"href":"https:\/\/www.editorialjuventud.es\/ca\/wp-json\/wp\/v2\/product\/80125","targetHints":{"allow":["GET"]}}],"collection":[{"href":"https:\/\/www.editorialjuventud.es\/ca\/wp-json\/wp\/v2\/product"}],"about":[{"href":"https:\/\/www.editorialjuventud.es\/ca\/wp-json\/wp\/v2\/types\/product"}],"wp:featuredmedia":[{"embeddable":true,"href":"https:\/\/www.editorialjuventud.es\/ca\/wp-json\/wp\/v2\/media\/80126"}],"wp:attachment":[{"href":"https:\/\/www.editorialjuventud.es\/ca\/wp-json\/wp\/v2\/media?parent=80125"}],"wp:term":[{"taxonomy":"product_brand","embeddable":true,"href":"https:\/\/www.editorialjuventud.es\/ca\/wp-json\/wp\/v2\/product_brand?post=80125"},{"taxonomy":"product_cat","embeddable":true,"href":"https:\/\/www.editorialjuventud.es\/ca\/wp-json\/wp\/v2\/product_cat?post=80125"},{"taxonomy":"product_tag","embeddable":true,"href":"https:\/\/www.editorialjuventud.es\/ca\/wp-json\/wp\/v2\/product_tag?post=80125"},{"taxonomy":"coleccion","embeddable":true,"href":"https:\/\/www.editorialjuventud.es\/ca\/wp-json\/wp\/v2\/coleccion?post=80125"}],"curies":[{"name":"wp","href":"https:\/\/api.w.org\/{rel}","templated":true}]}}