{"id":80011,"date":"2025-02-17T13:25:10","date_gmt":"2025-02-17T12:25:10","guid":{"rendered":"https:\/\/www.editorialjuventud.es\/loficina-den-walter-9788426149220\/"},"modified":"2025-07-22T14:41:14","modified_gmt":"2025-07-22T12:41:14","slug":"loficina-den-walter-9788426149220","status":"publish","type":"product","link":"https:\/\/www.editorialjuventud.es\/ca\/loficina-den-walter-9788426149220\/","title":{"rendered":"L&#8217;oficina d&#8217;en Walter"},"content":{"rendered":"<p>En Walter \u00e9s un cuc que es dedica a ajudar la comunitat: t\u00e9 una de les millors oficines d&#8217;objectes perduts del m\u00f3n, i un gran talent per trobar tot all\u00f2 que s&#8217;ha extraviat. Per\u00f2 un dia passa una cosa inimaginable: en Walter perd la seva gorra preferida! I sembla que trobar-la no li \u00e9s tan f\u00e0cil com podr\u00edem pensar. De fet, no sap si es veur\u00e0 amb cor d&#8217;obrir l&#8217;oficina si ell mateix no \u00e9s capa\u00e7 de trobar la seva gorra&#8230;<br \/>\nJule Wellerdiek, amb d&#8217;aquest \u00e0lbum tan tendre, ens fa viatjar a trav\u00e9s del proc\u00e9s d&#8217;acceptar la p\u00e8rdua, acompanyar amics afligits, i celebrar l&#8217;alegria del retrobament; tot aix\u00f2 amb tocs d&#8217;humor meravellosos.<\/p>\n","protected":false},"excerpt":{"rendered":"En Walter \u00e9s un cuc que es dedica a ajudar la comunitat: t\u00e9 una de les millors oficines d&#8217;objectes perduts del m\u00f3n, i un gran talent per trobar tot all\u00f2 que s&#8217;ha extraviat. Per\u00f2 un dia passa una cosa inimaginable: [&hellip;]","protected":false},"featured_media":80012,"template":"","meta":{"_acf_changed":false,"_exactmetrics_skip_tracking":false,"_exactmetrics_sitenote_active":false,"_exactmetrics_sitenote_note":"","_exactmetrics_sitenote_category":0},"product_brand":[],"product_cat":[900,1121,1136,1138,1156,909,1184,1215,910],"product_tag":[],"coleccion":[917,915,960],"class_list":{"0":"post-80011","1":"product","2":"type-product","3":"status-publish","4":"has-post-thumbnail","6":"product_cat-a-partir-de-5-anos","7":"product_cat-albumes-ilustrados","8":"product_cat-amistad","9":"product_cat-animales","10":"product_cat-cooperacion","11":"product_cat-este-mes","12":"product_cat-humor","13":"product_cat-profesiones-trabajo","14":"product_cat-ultimas-novedades","15":"coleccion-albums-illustrats","16":"coleccion-catala","17":"coleccion-un-milio-damics","19":"first","20":"instock","21":"taxable","22":"shipping-taxable","23":"purchasable","24":"product-type-simple"},"acf":{"autor":"Wellerdiek, Jule","codart":"4922","ediciones":"1","encuadernacion":"Carton\u00e9","fecha_de_publicacion":"01\/03\/2025","novedad":"0","paginas":"32","subtitulo":"","texto_web_adicional":"","texto_web_novedad":"","orden":"999","portada":"0","texto_web_resaltado":"","descripcion_corta":"Ajudar la comunita","recomendamos":"","mas_vendido":"","indice":"","autores-libros":[80019],"ilustradores-libros":"","traductores-libros":[80018],"idioma-libro":"","fecha_de_reimpresion":"","color":false,"formato":"","mas_informacion_del_producto":false,"premios":false,"deshabilitar_compra":[],"texto_enlace_cubierta":"","enlace_cubierta":{"ID":80071,"id":80071,"title":"cover LA OFICINA DE WALTER_CA.indd","filename":"LOFICINA-DEN-WALTER_Cover_CAT.jpg","filesize":3495571,"url":"https:\/\/www.editorialjuventud.es\/wp-content\/uploads\/LOFICINA-DEN-WALTER_Cover_CAT.jpg","link":"https:\/\/www.editorialjuventud.es\/ca\/?attachment_id=80071","alt":"","author":"50","description":"","caption":"","name":"cover-la-oficina-de-walter_ca-indd-2","status":"inherit","uploaded_to":80011,"date":"2025-03-05 16:46:39","modified":"2025-03-05 16:46:39","menu_order":0,"mime_type":"image\/jpeg","type":"image","subtype":"jpeg","icon":"https:\/\/www.editorialjuventud.es\/wp-includes\/images\/media\/default.png","width":1541,"height":2000,"sizes":{"thumbnail":"https:\/\/www.editorialjuventud.es\/wp-content\/uploads\/LOFICINA-DEN-WALTER_Cover_CAT-200x200.jpg","thumbnail-width":200,"thumbnail-height":200,"medium":"https:\/\/www.editorialjuventud.es\/wp-content\/uploads\/LOFICINA-DEN-WALTER_Cover_CAT.jpg","medium-width":1541,"medium-height":2000,"medium_large":"https:\/\/www.editorialjuventud.es\/wp-content\/uploads\/LOFICINA-DEN-WALTER_Cover_CAT-768x997.jpg","medium_large-width":768,"medium_large-height":997,"large":"https:\/\/www.editorialjuventud.es\/wp-content\/uploads\/LOFICINA-DEN-WALTER_Cover_CAT.jpg","large-width":1541,"large-height":2000,"1536x1536":"https:\/\/www.editorialjuventud.es\/wp-content\/uploads\/LOFICINA-DEN-WALTER_Cover_CAT-1183x1536.jpg","1536x1536-width":1183,"1536x1536-height":1536,"2048x2048":"https:\/\/www.editorialjuventud.es\/wp-content\/uploads\/LOFICINA-DEN-WALTER_Cover_CAT.jpg","2048x2048-width":1541,"2048x2048-height":2000,"woocommerce_thumbnail":"https:\/\/www.editorialjuventud.es\/wp-content\/uploads\/LOFICINA-DEN-WALTER_Cover_CAT-350x454.jpg","woocommerce_thumbnail-width":350,"woocommerce_thumbnail-height":454,"woocommerce_single":"https:\/\/www.editorialjuventud.es\/wp-content\/uploads\/LOFICINA-DEN-WALTER_Cover_CAT-900x1168.jpg","woocommerce_single-width":900,"woocommerce_single-height":1168,"woocommerce_gallery_thumbnail":"https:\/\/www.editorialjuventud.es\/wp-content\/uploads\/LOFICINA-DEN-WALTER_Cover_CAT-100x100.jpg","woocommerce_gallery_thumbnail-width":100,"woocommerce_gallery_thumbnail-height":100,"ppec_logo_image_size":"https:\/\/www.editorialjuventud.es\/wp-content\/uploads\/LOFICINA-DEN-WALTER_Cover_CAT-46x60.jpg","ppec_logo_image_size-width":46,"ppec_logo_image_size-height":60,"ppec_header_image_size":"https:\/\/www.editorialjuventud.es\/wp-content\/uploads\/LOFICINA-DEN-WALTER_Cover_CAT-69x90.jpg","ppec_header_image_size-width":69,"ppec_header_image_size-height":90}},"texto_enlace_ficha_tecnica":"","enlace_ficha_tecnica":{"ID":80079,"id":80079,"title":"L'OFICINA D'EN WALTER_CAT","filename":"LOFICINA-DEN-WALTER_CAT.pdf","filesize":832217,"url":"https:\/\/www.editorialjuventud.es\/wp-content\/uploads\/LOFICINA-DEN-WALTER_CAT.pdf","link":"https:\/\/www.editorialjuventud.es\/ca\/?attachment_id=80079","alt":"","author":"50","description":"","caption":"","name":"loficina-den-walter_cat","status":"inherit","uploaded_to":80011,"date":"2025-03-06 10:24:55","modified":"2025-03-06 10:24:55","menu_order":0,"mime_type":"application\/pdf","type":"application","subtype":"pdf","icon":"https:\/\/www.editorialjuventud.es\/wp-includes\/images\/media\/document.png"},"ficheros":false,"titulo-fr":"","texto-fr":""},"yoast_head":"<!-- This site is optimized with the Yoast SEO plugin v27.5 - https:\/\/yoast.com\/product\/yoast-seo-wordpress\/ -->\n<title>L&#039;oficina d&#039;en Walter - Editorial Juventud<\/title>\n<meta name=\"description\" content=\"En Walter \u00e9s un cuc que es dedica a ajudar la comunitat: t\u00e9 una de les millors oficines d&#039;objectes perduts del m\u00f3n, i un gran talent per trobar tot all\u00f2\" \/>\n<meta name=\"robots\" content=\"index, follow, max-snippet:-1, max-image-preview:large, max-video-preview:-1\" \/>\n<link rel=\"canonical\" href=\"https:\/\/www.editorialjuventud.es\/loficina-den-walter-9788426149220\/\" \/>\n<meta property=\"og:locale\" content=\"ca_ES\" \/>\n<meta property=\"og:type\" content=\"article\" \/>\n<meta property=\"og:title\" content=\"L&#039;oficina d&#039;en Walter - Editorial Juventud\" \/>\n<meta property=\"og:description\" content=\"En Walter \u00e9s un cuc que es dedica a ajudar la comunitat: t\u00e9 una de les millors oficines d&#039;objectes perduts del m\u00f3n, i un gran talent per trobar tot all\u00f2\" \/>\n<meta property=\"og:url\" content=\"https:\/\/www.editorialjuventud.es\/loficina-den-walter-9788426149220\/\" \/>\n<meta property=\"og:site_name\" content=\"Editorial Juventud\" \/>\n<meta property=\"article:modified_time\" content=\"2025-07-22T12:41:14+00:00\" \/>\n<meta property=\"og:image\" content=\"https:\/\/www.editorialjuventud.es\/wp-content\/uploads\/9788426149220.jpg\" \/>\n\t<meta property=\"og:image:width\" content=\"1541\" \/>\n\t<meta property=\"og:image:height\" content=\"2000\" \/>\n\t<meta property=\"og:image:type\" content=\"image\/jpeg\" \/>\n<meta name=\"twitter:card\" content=\"summary_large_image\" \/>\n<meta name=\"twitter:label1\" content=\"Temps estimat de lectura\" \/>\n\t<meta name=\"twitter:data1\" content=\"1 minut\" \/>\n<script type=\"application\/ld+json\" class=\"yoast-schema-graph\">{\"@context\":\"https:\\\/\\\/schema.org\",\"@graph\":[{\"@type\":\"WebPage\",\"@id\":\"https:\\\/\\\/www.editorialjuventud.es\\\/loficina-den-walter-9788426149220\\\/\",\"url\":\"https:\\\/\\\/www.editorialjuventud.es\\\/loficina-den-walter-9788426149220\\\/\",\"name\":\"L'oficina d'en Walter - Editorial Juventud\",\"isPartOf\":{\"@id\":\"https:\\\/\\\/www.editorialjuventud.es\\\/#website\"},\"primaryImageOfPage\":{\"@id\":\"https:\\\/\\\/www.editorialjuventud.es\\\/loficina-den-walter-9788426149220\\\/#primaryimage\"},\"image\":{\"@id\":\"https:\\\/\\\/www.editorialjuventud.es\\\/loficina-den-walter-9788426149220\\\/#primaryimage\"},\"thumbnailUrl\":\"https:\\\/\\\/www.editorialjuventud.es\\\/wp-content\\\/uploads\\\/9788426149220.jpg\",\"datePublished\":\"2025-02-17T12:25:10+00:00\",\"dateModified\":\"2025-07-22T12:41:14+00:00\",\"description\":\"En Walter \u00e9s un cuc que es dedica a ajudar la comunitat: t\u00e9 una de les millors oficines d'objectes perduts del m\u00f3n, i un gran talent per trobar tot all\u00f2\",\"breadcrumb\":{\"@id\":\"https:\\\/\\\/www.editorialjuventud.es\\\/loficina-den-walter-9788426149220\\\/#breadcrumb\"},\"inLanguage\":\"ca\",\"potentialAction\":[{\"@type\":\"ReadAction\",\"target\":[\"https:\\\/\\\/www.editorialjuventud.es\\\/loficina-den-walter-9788426149220\\\/\"]}]},{\"@type\":\"ImageObject\",\"inLanguage\":\"ca\",\"@id\":\"https:\\\/\\\/www.editorialjuventud.es\\\/loficina-den-walter-9788426149220\\\/#primaryimage\",\"url\":\"https:\\\/\\\/www.editorialjuventud.es\\\/wp-content\\\/uploads\\\/9788426149220.jpg\",\"contentUrl\":\"https:\\\/\\\/www.editorialjuventud.es\\\/wp-content\\\/uploads\\\/9788426149220.jpg\",\"width\":1541,\"height\":2000,\"caption\":\"9788426149220.jpg\"},{\"@type\":\"BreadcrumbList\",\"@id\":\"https:\\\/\\\/www.editorialjuventud.es\\\/loficina-den-walter-9788426149220\\\/#breadcrumb\",\"itemListElement\":[{\"@type\":\"ListItem\",\"position\":1,\"name\":\"Portada\",\"item\":\"https:\\\/\\\/www.editorialjuventud.es\\\/\"},{\"@type\":\"ListItem\",\"position\":2,\"name\":\"cat\u00e1logo\",\"item\":\"https:\\\/\\\/www.editorialjuventud.es\\\/coleccion\\\/catalogo\\\/\"},{\"@type\":\"ListItem\",\"position\":3,\"name\":\"catal\u00e0\",\"item\":\"https:\\\/\\\/www.editorialjuventud.es\\\/coleccion\\\/catala\\\/\"},{\"@type\":\"ListItem\",\"position\":4,\"name\":\"\u00c0lbums Il\u00b7lustrats\",\"item\":\"https:\\\/\\\/www.editorialjuventud.es\\\/coleccion\\\/albums-il%c2%b7lustrats\\\/\"},{\"@type\":\"ListItem\",\"position\":5,\"name\":\"Un Mili\u00f3 d'Amics\",\"item\":\"https:\\\/\\\/www.editorialjuventud.es\\\/coleccion\\\/un-milio-damics\\\/\"},{\"@type\":\"ListItem\",\"position\":6,\"name\":\"L'oficina d'en Walter\"}]},{\"@type\":\"WebSite\",\"@id\":\"https:\\\/\\\/www.editorialjuventud.es\\\/#website\",\"url\":\"https:\\\/\\\/www.editorialjuventud.es\\\/\",\"name\":\"Editorial Juventud\",\"description\":\"\",\"potentialAction\":[{\"@type\":\"SearchAction\",\"target\":{\"@type\":\"EntryPoint\",\"urlTemplate\":\"https:\\\/\\\/www.editorialjuventud.es\\\/?s={search_term_string}\"},\"query-input\":{\"@type\":\"PropertyValueSpecification\",\"valueRequired\":true,\"valueName\":\"search_term_string\"}}],\"inLanguage\":\"ca\"}]}<\/script>\n<!-- \/ Yoast SEO plugin. -->","yoast_head_json":{"title":"L'oficina d'en Walter - Editorial Juventud","description":"En Walter \u00e9s un cuc que es dedica a ajudar la comunitat: t\u00e9 una de les millors oficines d'objectes perduts del m\u00f3n, i un gran talent per trobar tot all\u00f2","robots":{"index":"index","follow":"follow","max-snippet":"max-snippet:-1","max-image-preview":"max-image-preview:large","max-video-preview":"max-video-preview:-1"},"canonical":"https:\/\/www.editorialjuventud.es\/loficina-den-walter-9788426149220\/","og_locale":"ca_ES","og_type":"article","og_title":"L'oficina d'en Walter - Editorial Juventud","og_description":"En Walter \u00e9s un cuc que es dedica a ajudar la comunitat: t\u00e9 una de les millors oficines d'objectes perduts del m\u00f3n, i un gran talent per trobar tot all\u00f2","og_url":"https:\/\/www.editorialjuventud.es\/loficina-den-walter-9788426149220\/","og_site_name":"Editorial Juventud","article_modified_time":"2025-07-22T12:41:14+00:00","og_image":[{"url":"https:\/\/www.editorialjuventud.es\/wp-content\/uploads\/9788426149220.jpg","width":1541,"height":2000,"type":"image\/jpeg"}],"twitter_card":"summary_large_image","twitter_misc":{"Temps estimat de lectura":"1 minut"},"schema":{"@context":"https:\/\/schema.org","@graph":[{"@type":"WebPage","@id":"https:\/\/www.editorialjuventud.es\/loficina-den-walter-9788426149220\/","url":"https:\/\/www.editorialjuventud.es\/loficina-den-walter-9788426149220\/","name":"L'oficina d'en Walter - Editorial Juventud","isPartOf":{"@id":"https:\/\/www.editorialjuventud.es\/#website"},"primaryImageOfPage":{"@id":"https:\/\/www.editorialjuventud.es\/loficina-den-walter-9788426149220\/#primaryimage"},"image":{"@id":"https:\/\/www.editorialjuventud.es\/loficina-den-walter-9788426149220\/#primaryimage"},"thumbnailUrl":"https:\/\/www.editorialjuventud.es\/wp-content\/uploads\/9788426149220.jpg","datePublished":"2025-02-17T12:25:10+00:00","dateModified":"2025-07-22T12:41:14+00:00","description":"En Walter \u00e9s un cuc que es dedica a ajudar la comunitat: t\u00e9 una de les millors oficines d'objectes perduts del m\u00f3n, i un gran talent per trobar tot all\u00f2","breadcrumb":{"@id":"https:\/\/www.editorialjuventud.es\/loficina-den-walter-9788426149220\/#breadcrumb"},"inLanguage":"ca","potentialAction":[{"@type":"ReadAction","target":["https:\/\/www.editorialjuventud.es\/loficina-den-walter-9788426149220\/"]}]},{"@type":"ImageObject","inLanguage":"ca","@id":"https:\/\/www.editorialjuventud.es\/loficina-den-walter-9788426149220\/#primaryimage","url":"https:\/\/www.editorialjuventud.es\/wp-content\/uploads\/9788426149220.jpg","contentUrl":"https:\/\/www.editorialjuventud.es\/wp-content\/uploads\/9788426149220.jpg","width":1541,"height":2000,"caption":"9788426149220.jpg"},{"@type":"BreadcrumbList","@id":"https:\/\/www.editorialjuventud.es\/loficina-den-walter-9788426149220\/#breadcrumb","itemListElement":[{"@type":"ListItem","position":1,"name":"Portada","item":"https:\/\/www.editorialjuventud.es\/"},{"@type":"ListItem","position":2,"name":"cat\u00e1logo","item":"https:\/\/www.editorialjuventud.es\/coleccion\/catalogo\/"},{"@type":"ListItem","position":3,"name":"catal\u00e0","item":"https:\/\/www.editorialjuventud.es\/coleccion\/catala\/"},{"@type":"ListItem","position":4,"name":"\u00c0lbums Il\u00b7lustrats","item":"https:\/\/www.editorialjuventud.es\/coleccion\/albums-il%c2%b7lustrats\/"},{"@type":"ListItem","position":5,"name":"Un Mili\u00f3 d'Amics","item":"https:\/\/www.editorialjuventud.es\/coleccion\/un-milio-damics\/"},{"@type":"ListItem","position":6,"name":"L'oficina d'en Walter"}]},{"@type":"WebSite","@id":"https:\/\/www.editorialjuventud.es\/#website","url":"https:\/\/www.editorialjuventud.es\/","name":"Editorial Juventud","description":"","potentialAction":[{"@type":"SearchAction","target":{"@type":"EntryPoint","urlTemplate":"https:\/\/www.editorialjuventud.es\/?s={search_term_string}"},"query-input":{"@type":"PropertyValueSpecification","valueRequired":true,"valueName":"search_term_string"}}],"inLanguage":"ca"}]}},"_links":{"self":[{"href":"https:\/\/www.editorialjuventud.es\/ca\/wp-json\/wp\/v2\/product\/80011","targetHints":{"allow":["GET"]}}],"collection":[{"href":"https:\/\/www.editorialjuventud.es\/ca\/wp-json\/wp\/v2\/product"}],"about":[{"href":"https:\/\/www.editorialjuventud.es\/ca\/wp-json\/wp\/v2\/types\/product"}],"wp:featuredmedia":[{"embeddable":true,"href":"https:\/\/www.editorialjuventud.es\/ca\/wp-json\/wp\/v2\/media\/80012"}],"wp:attachment":[{"href":"https:\/\/www.editorialjuventud.es\/ca\/wp-json\/wp\/v2\/media?parent=80011"}],"wp:term":[{"taxonomy":"product_brand","embeddable":true,"href":"https:\/\/www.editorialjuventud.es\/ca\/wp-json\/wp\/v2\/product_brand?post=80011"},{"taxonomy":"product_cat","embeddable":true,"href":"https:\/\/www.editorialjuventud.es\/ca\/wp-json\/wp\/v2\/product_cat?post=80011"},{"taxonomy":"product_tag","embeddable":true,"href":"https:\/\/www.editorialjuventud.es\/ca\/wp-json\/wp\/v2\/product_tag?post=80011"},{"taxonomy":"coleccion","embeddable":true,"href":"https:\/\/www.editorialjuventud.es\/ca\/wp-json\/wp\/v2\/coleccion?post=80011"}],"curies":[{"name":"wp","href":"https:\/\/api.w.org\/{rel}","templated":true}]}}