{"id":79657,"date":"2024-11-26T09:15:03","date_gmt":"2024-11-26T08:15:03","guid":{"rendered":"https:\/\/www.editorialjuventud.es\/belzi-el-sincuernos-2-un-cole-infernal-9788426149114\/"},"modified":"2025-09-22T11:20:12","modified_gmt":"2025-09-22T09:20:12","slug":"belzi-el-sincuernos-2-un-cole-infernal-9788426149114","status":"publish","type":"product","link":"https:\/\/www.editorialjuventud.es\/ca\/belzi-el-sincuernos-2-un-cole-infernal-9788426149114\/","title":{"rendered":"Belzi el Sincuernos 2. Un cole infernal"},"content":{"rendered":"<p>Belzi sigue en el mundo de los humanos buscando formas de volver al Inframundo, cuando a sus amigos Alex y Vera se les ocurre la mejor (o la peor) de las ideas: \u00a1llevarse a Belzi al cole! Porque\u2026 \u00bfQu\u00e9 mejor sitio que la escuela para hacer travesuras? Aunque colar a un peque\u00f1o demonio en una escuela de humanos no es tan f\u00e1cil como parece, los verdaderos problemas llegan con Aniquilaci\u00f3n y Destrucci\u00f3n. \u00bfPodr\u00e1n Belzi y sus amigos plantarles cara? \u00bfPodr\u00e1 por fin Belzi regresar al Inframundo?<br \/>\n\u00a1Ya est\u00e1 aqu\u00ed el esperado segundo volumen de Belzi el Sincuernos! Este c\u00f3mic de producci\u00f3n propia ha gustado mucho tanto al p\u00fablico como a la cr\u00edtica, y todos ten\u00edamos ganas de m\u00e1s. Una segunda parte igual de gamberra, que potencia la lectura aut\u00f3noma con su texto en may\u00fasculas y que divertir\u00e1 a todos sus lectores.<\/p>\n<p><img loading=\"lazy\" decoding=\"async\" class=\"alignnone size-full wp-image-80020\" src=\"https:\/\/www.editorialjuventud.es\/wp-content\/uploads\/Logo_Suport_ICEC-1-e1740049385653.jpg\" alt=\"\" width=\"500\" height=\"131\" \/><\/p>\n","protected":false},"excerpt":{"rendered":"Belzi sigue en el mundo de los humanos buscando formas de volver al Inframundo, cuando a sus amigos Alex y Vera se les ocurre la mejor (o la peor) de las ideas: \u00a1llevarse a Belzi al cole! Porque\u2026 \u00bfQu\u00e9 mejor [&hellip;]","protected":false},"featured_media":79658,"template":"","meta":{"_acf_changed":false,"_exactmetrics_skip_tracking":false,"_exactmetrics_sitenote_active":false,"_exactmetrics_sitenote_note":"","_exactmetrics_sitenote_category":0},"product_brand":[],"product_cat":[902,1136,1142,1127,1173,1182,1184,910],"product_tag":[],"coleccion":[916,935],"class_list":{"0":"post-79657","1":"product","2":"type-product","3":"status-publish","4":"has-post-thumbnail","6":"product_cat-a-partir-de-7-anos","7":"product_cat-amistad","8":"product_cat-aventura","9":"product_cat-comic","10":"product_cat-escuela","11":"product_cat-hermanos","12":"product_cat-humor","13":"product_cat-ultimas-novedades","14":"coleccion-castellano","15":"coleccion-juventud-comic","17":"first","18":"instock","19":"taxable","20":"shipping-taxable","21":"purchasable","22":"product-type-simple"},"acf":{"autor":"Brie, Gemma ; Richardson, Vincas","codart":"4911","ediciones":"1","encuadernacion":"Carton\u00e9","fecha_de_publicacion":"01\/12\/2024","novedad":"0","paginas":"144","subtitulo":"","texto_web_adicional":"","texto_web_novedad":"","orden":"999","portada":"0","texto_web_resaltado":"","autores-libros":[77887,77888],"ilustradores-libros":[77889],"descripcion_corta":"","recomendamos":"","mas_vendido":"","indice":"","traductores-libros":"","idioma-libro":"","fecha_de_reimpresion":"","color":false,"formato":"","mas_informacion_del_producto":false,"premios":false,"deshabilitar_compra":[],"texto_enlace_cubierta":"","enlace_cubierta":{"ID":79752,"id":79752,"title":"cover TAPA DURA_vol2 BELZI.indd","filename":"BELZI_V2_Cover_CAST.jpg","filesize":2671987,"url":"https:\/\/www.editorialjuventud.es\/wp-content\/uploads\/BELZI_V2_Cover_CAST.jpg","link":"https:\/\/www.editorialjuventud.es\/ca\/?attachment_id=79752","alt":"","author":"50","description":"","caption":"","name":"cover-tapa-dura_vol2-belzi-indd-4","status":"inherit","uploaded_to":79657,"date":"2024-12-03 12:05:34","modified":"2024-12-03 12:05:34","menu_order":0,"mime_type":"image\/jpeg","type":"image","subtype":"jpeg","icon":"https:\/\/www.editorialjuventud.es\/wp-includes\/images\/media\/default.png","width":1872,"height":2535,"sizes":{"thumbnail":"https:\/\/www.editorialjuventud.es\/wp-content\/uploads\/BELZI_V2_Cover_CAST-200x200.jpg","thumbnail-width":200,"thumbnail-height":200,"medium":"https:\/\/www.editorialjuventud.es\/wp-content\/uploads\/BELZI_V2_Cover_CAST.jpg","medium-width":1872,"medium-height":2535,"medium_large":"https:\/\/www.editorialjuventud.es\/wp-content\/uploads\/BELZI_V2_Cover_CAST-768x1040.jpg","medium_large-width":768,"medium_large-height":1040,"large":"https:\/\/www.editorialjuventud.es\/wp-content\/uploads\/BELZI_V2_Cover_CAST.jpg","large-width":1872,"large-height":2535,"1536x1536":"https:\/\/www.editorialjuventud.es\/wp-content\/uploads\/BELZI_V2_Cover_CAST-1134x1536.jpg","1536x1536-width":1134,"1536x1536-height":1536,"2048x2048":"https:\/\/www.editorialjuventud.es\/wp-content\/uploads\/BELZI_V2_Cover_CAST-1512x2048.jpg","2048x2048-width":1512,"2048x2048-height":2048,"woocommerce_thumbnail":"https:\/\/www.editorialjuventud.es\/wp-content\/uploads\/BELZI_V2_Cover_CAST-350x474.jpg","woocommerce_thumbnail-width":350,"woocommerce_thumbnail-height":474,"woocommerce_single":"https:\/\/www.editorialjuventud.es\/wp-content\/uploads\/BELZI_V2_Cover_CAST-900x1219.jpg","woocommerce_single-width":900,"woocommerce_single-height":1219,"woocommerce_gallery_thumbnail":"https:\/\/www.editorialjuventud.es\/wp-content\/uploads\/BELZI_V2_Cover_CAST-100x100.jpg","woocommerce_gallery_thumbnail-width":100,"woocommerce_gallery_thumbnail-height":100,"ppec_logo_image_size":"https:\/\/www.editorialjuventud.es\/wp-content\/uploads\/BELZI_V2_Cover_CAST-44x60.jpg","ppec_logo_image_size-width":44,"ppec_logo_image_size-height":60,"ppec_header_image_size":"https:\/\/www.editorialjuventud.es\/wp-content\/uploads\/BELZI_V2_Cover_CAST-66x90.jpg","ppec_header_image_size-width":66,"ppec_header_image_size-height":90}},"texto_enlace_ficha_tecnica":"","enlace_ficha_tecnica":{"ID":79746,"id":79746,"title":"Belzi el Sincuernos 2. Un cole infernal_CAST","filename":"Belzi-el-Sincuernos-2.-Un-cole-infernal_CAST.pdf","filesize":933277,"url":"https:\/\/www.editorialjuventud.es\/wp-content\/uploads\/Belzi-el-Sincuernos-2.-Un-cole-infernal_CAST.pdf","link":"https:\/\/www.editorialjuventud.es\/ca\/?attachment_id=79746","alt":"","author":"50","description":"","caption":"","name":"belzi-el-sincuernos-2-un-cole-infernal_cast","status":"inherit","uploaded_to":79657,"date":"2024-12-03 11:58:45","modified":"2024-12-03 11:58:45","menu_order":0,"mime_type":"application\/pdf","type":"application","subtype":"pdf","icon":"https:\/\/www.editorialjuventud.es\/wp-includes\/images\/media\/document.png"},"ficheros":false,"titulo-fr":"Hornless Belzi: The infernal school (2)","texto-fr":"<p class=\"x_MsoNormal\"><span lang=\"EN-GB\" data-olk-copy-source=\"MessageBody\">Belzi is still in the world of humans looking for ways to return to the Underworld, when his friends Alex and Vera come up with the best (or the worst) idea: to take Belzi to school!<\/span><\/p>\n<p class=\"x_MsoNormal\"><span lang=\"EN-GB\">Because&#8230; what better place than school to get into mischief? Although sneaking a little demon into a human school is not as easy as it seems, the real problems come with Annihilation and Destruction.<\/span><\/p>\n<p class=\"x_MsoNormal\"><span lang=\"EN-GB\">Will Belzi and his friends be able to stand up to them? Will Belzi finally be able to return to the Underworld?<\/span><\/p>\n<p class=\"x_MsoNormal\"><span lang=\"EN-GB\">The long-awaited second volume of Belzi the Hornless is here! This self-produced comic has been well received by both the public and the critics, and we were all looking forward to more.<\/span><\/p>\n<p class=\"x_MsoNormal\"><span lang=\"EN-GB\">A second part that enhances the autonomous reading with its text in capital letters and that will amuse all its readers.<\/span><\/p>\n<p><span style=\"color: #008080;\"><em>\u203a Rights sold: German<\/em><\/span><\/p>\n"},"yoast_head":"<!-- This site is optimized with the Yoast SEO plugin v27.3 - https:\/\/yoast.com\/product\/yoast-seo-wordpress\/ -->\n<title>Belzi el Sincuernos 2. Un cole infernal - Editorial Juventud<\/title>\n<meta name=\"description\" content=\"Belzi sigue en el mundo de los humanos buscando formas de volver al Inframundo, cuando a sus amigos Alex y Vera se les ocurre la mejor (o la peor) de las\" \/>\n<meta name=\"robots\" content=\"index, follow, max-snippet:-1, max-image-preview:large, max-video-preview:-1\" \/>\n<link rel=\"canonical\" href=\"https:\/\/www.editorialjuventud.es\/belzi-el-sincuernos-2-un-cole-infernal-9788426149114\/\" \/>\n<meta property=\"og:locale\" content=\"ca_ES\" \/>\n<meta property=\"og:type\" content=\"article\" \/>\n<meta property=\"og:title\" content=\"Belzi el Sincuernos 2. Un cole infernal - Editorial Juventud\" \/>\n<meta property=\"og:description\" content=\"Belzi sigue en el mundo de los humanos buscando formas de volver al Inframundo, cuando a sus amigos Alex y Vera se les ocurre la mejor (o la peor) de las\" \/>\n<meta property=\"og:url\" content=\"https:\/\/www.editorialjuventud.es\/belzi-el-sincuernos-2-un-cole-infernal-9788426149114\/\" \/>\n<meta property=\"og:site_name\" content=\"Editorial Juventud\" \/>\n<meta property=\"article:modified_time\" content=\"2025-09-22T09:20:12+00:00\" \/>\n<meta property=\"og:image\" content=\"https:\/\/www.editorialjuventud.es\/wp-content\/uploads\/9788426149114.jpg\" \/>\n\t<meta property=\"og:image:width\" content=\"624\" \/>\n\t<meta property=\"og:image:height\" content=\"845\" \/>\n\t<meta property=\"og:image:type\" content=\"image\/jpeg\" \/>\n<meta name=\"twitter:card\" content=\"summary_large_image\" \/>\n<meta name=\"twitter:label1\" content=\"Temps estimat de lectura\" \/>\n\t<meta name=\"twitter:data1\" content=\"1 minut\" \/>\n<script type=\"application\/ld+json\" class=\"yoast-schema-graph\">{\"@context\":\"https:\\\/\\\/schema.org\",\"@graph\":[{\"@type\":\"WebPage\",\"@id\":\"https:\\\/\\\/www.editorialjuventud.es\\\/belzi-el-sincuernos-2-un-cole-infernal-9788426149114\\\/\",\"url\":\"https:\\\/\\\/www.editorialjuventud.es\\\/belzi-el-sincuernos-2-un-cole-infernal-9788426149114\\\/\",\"name\":\"Belzi el Sincuernos 2. Un cole infernal - Editorial Juventud\",\"isPartOf\":{\"@id\":\"https:\\\/\\\/www.editorialjuventud.es\\\/#website\"},\"primaryImageOfPage\":{\"@id\":\"https:\\\/\\\/www.editorialjuventud.es\\\/belzi-el-sincuernos-2-un-cole-infernal-9788426149114\\\/#primaryimage\"},\"image\":{\"@id\":\"https:\\\/\\\/www.editorialjuventud.es\\\/belzi-el-sincuernos-2-un-cole-infernal-9788426149114\\\/#primaryimage\"},\"thumbnailUrl\":\"https:\\\/\\\/www.editorialjuventud.es\\\/wp-content\\\/uploads\\\/9788426149114.jpg\",\"datePublished\":\"2024-11-26T08:15:03+00:00\",\"dateModified\":\"2025-09-22T09:20:12+00:00\",\"description\":\"Belzi sigue en el mundo de los humanos buscando formas de volver al Inframundo, cuando a sus amigos Alex y Vera se les ocurre la mejor (o la peor) de las\",\"breadcrumb\":{\"@id\":\"https:\\\/\\\/www.editorialjuventud.es\\\/belzi-el-sincuernos-2-un-cole-infernal-9788426149114\\\/#breadcrumb\"},\"inLanguage\":\"ca\",\"potentialAction\":[{\"@type\":\"ReadAction\",\"target\":[\"https:\\\/\\\/www.editorialjuventud.es\\\/belzi-el-sincuernos-2-un-cole-infernal-9788426149114\\\/\"]}]},{\"@type\":\"ImageObject\",\"inLanguage\":\"ca\",\"@id\":\"https:\\\/\\\/www.editorialjuventud.es\\\/belzi-el-sincuernos-2-un-cole-infernal-9788426149114\\\/#primaryimage\",\"url\":\"https:\\\/\\\/www.editorialjuventud.es\\\/wp-content\\\/uploads\\\/9788426149114.jpg\",\"contentUrl\":\"https:\\\/\\\/www.editorialjuventud.es\\\/wp-content\\\/uploads\\\/9788426149114.jpg\",\"width\":624,\"height\":845,\"caption\":\"9788426149114.jpg\"},{\"@type\":\"BreadcrumbList\",\"@id\":\"https:\\\/\\\/www.editorialjuventud.es\\\/belzi-el-sincuernos-2-un-cole-infernal-9788426149114\\\/#breadcrumb\",\"itemListElement\":[{\"@type\":\"ListItem\",\"position\":1,\"name\":\"Portada\",\"item\":\"https:\\\/\\\/www.editorialjuventud.es\\\/\"},{\"@type\":\"ListItem\",\"position\":2,\"name\":\"cat\u00e1logo\",\"item\":\"https:\\\/\\\/www.editorialjuventud.es\\\/coleccion\\\/catalogo\\\/\"},{\"@type\":\"ListItem\",\"position\":3,\"name\":\"castellano\",\"item\":\"https:\\\/\\\/www.editorialjuventud.es\\\/coleccion\\\/castellano\\\/\"},{\"@type\":\"ListItem\",\"position\":4,\"name\":\"Juventud C\u00f3mic\",\"item\":\"https:\\\/\\\/www.editorialjuventud.es\\\/coleccion\\\/juventud-comic\\\/\"},{\"@type\":\"ListItem\",\"position\":5,\"name\":\"Belzi el Sincuernos 2. Un cole infernal\"}]},{\"@type\":\"WebSite\",\"@id\":\"https:\\\/\\\/www.editorialjuventud.es\\\/#website\",\"url\":\"https:\\\/\\\/www.editorialjuventud.es\\\/\",\"name\":\"Editorial Juventud\",\"description\":\"\",\"potentialAction\":[{\"@type\":\"SearchAction\",\"target\":{\"@type\":\"EntryPoint\",\"urlTemplate\":\"https:\\\/\\\/www.editorialjuventud.es\\\/?s={search_term_string}\"},\"query-input\":{\"@type\":\"PropertyValueSpecification\",\"valueRequired\":true,\"valueName\":\"search_term_string\"}}],\"inLanguage\":\"ca\"}]}<\/script>\n<!-- \/ Yoast SEO plugin. -->","yoast_head_json":{"title":"Belzi el Sincuernos 2. Un cole infernal - Editorial Juventud","description":"Belzi sigue en el mundo de los humanos buscando formas de volver al Inframundo, cuando a sus amigos Alex y Vera se les ocurre la mejor (o la peor) de las","robots":{"index":"index","follow":"follow","max-snippet":"max-snippet:-1","max-image-preview":"max-image-preview:large","max-video-preview":"max-video-preview:-1"},"canonical":"https:\/\/www.editorialjuventud.es\/belzi-el-sincuernos-2-un-cole-infernal-9788426149114\/","og_locale":"ca_ES","og_type":"article","og_title":"Belzi el Sincuernos 2. Un cole infernal - Editorial Juventud","og_description":"Belzi sigue en el mundo de los humanos buscando formas de volver al Inframundo, cuando a sus amigos Alex y Vera se les ocurre la mejor (o la peor) de las","og_url":"https:\/\/www.editorialjuventud.es\/belzi-el-sincuernos-2-un-cole-infernal-9788426149114\/","og_site_name":"Editorial Juventud","article_modified_time":"2025-09-22T09:20:12+00:00","og_image":[{"width":624,"height":845,"url":"https:\/\/www.editorialjuventud.es\/wp-content\/uploads\/9788426149114.jpg","type":"image\/jpeg"}],"twitter_card":"summary_large_image","twitter_misc":{"Temps estimat de lectura":"1 minut"},"schema":{"@context":"https:\/\/schema.org","@graph":[{"@type":"WebPage","@id":"https:\/\/www.editorialjuventud.es\/belzi-el-sincuernos-2-un-cole-infernal-9788426149114\/","url":"https:\/\/www.editorialjuventud.es\/belzi-el-sincuernos-2-un-cole-infernal-9788426149114\/","name":"Belzi el Sincuernos 2. Un cole infernal - Editorial Juventud","isPartOf":{"@id":"https:\/\/www.editorialjuventud.es\/#website"},"primaryImageOfPage":{"@id":"https:\/\/www.editorialjuventud.es\/belzi-el-sincuernos-2-un-cole-infernal-9788426149114\/#primaryimage"},"image":{"@id":"https:\/\/www.editorialjuventud.es\/belzi-el-sincuernos-2-un-cole-infernal-9788426149114\/#primaryimage"},"thumbnailUrl":"https:\/\/www.editorialjuventud.es\/wp-content\/uploads\/9788426149114.jpg","datePublished":"2024-11-26T08:15:03+00:00","dateModified":"2025-09-22T09:20:12+00:00","description":"Belzi sigue en el mundo de los humanos buscando formas de volver al Inframundo, cuando a sus amigos Alex y Vera se les ocurre la mejor (o la peor) de las","breadcrumb":{"@id":"https:\/\/www.editorialjuventud.es\/belzi-el-sincuernos-2-un-cole-infernal-9788426149114\/#breadcrumb"},"inLanguage":"ca","potentialAction":[{"@type":"ReadAction","target":["https:\/\/www.editorialjuventud.es\/belzi-el-sincuernos-2-un-cole-infernal-9788426149114\/"]}]},{"@type":"ImageObject","inLanguage":"ca","@id":"https:\/\/www.editorialjuventud.es\/belzi-el-sincuernos-2-un-cole-infernal-9788426149114\/#primaryimage","url":"https:\/\/www.editorialjuventud.es\/wp-content\/uploads\/9788426149114.jpg","contentUrl":"https:\/\/www.editorialjuventud.es\/wp-content\/uploads\/9788426149114.jpg","width":624,"height":845,"caption":"9788426149114.jpg"},{"@type":"BreadcrumbList","@id":"https:\/\/www.editorialjuventud.es\/belzi-el-sincuernos-2-un-cole-infernal-9788426149114\/#breadcrumb","itemListElement":[{"@type":"ListItem","position":1,"name":"Portada","item":"https:\/\/www.editorialjuventud.es\/"},{"@type":"ListItem","position":2,"name":"cat\u00e1logo","item":"https:\/\/www.editorialjuventud.es\/coleccion\/catalogo\/"},{"@type":"ListItem","position":3,"name":"castellano","item":"https:\/\/www.editorialjuventud.es\/coleccion\/castellano\/"},{"@type":"ListItem","position":4,"name":"Juventud C\u00f3mic","item":"https:\/\/www.editorialjuventud.es\/coleccion\/juventud-comic\/"},{"@type":"ListItem","position":5,"name":"Belzi el Sincuernos 2. Un cole infernal"}]},{"@type":"WebSite","@id":"https:\/\/www.editorialjuventud.es\/#website","url":"https:\/\/www.editorialjuventud.es\/","name":"Editorial Juventud","description":"","potentialAction":[{"@type":"SearchAction","target":{"@type":"EntryPoint","urlTemplate":"https:\/\/www.editorialjuventud.es\/?s={search_term_string}"},"query-input":{"@type":"PropertyValueSpecification","valueRequired":true,"valueName":"search_term_string"}}],"inLanguage":"ca"}]}},"_links":{"self":[{"href":"https:\/\/www.editorialjuventud.es\/ca\/wp-json\/wp\/v2\/product\/79657","targetHints":{"allow":["GET"]}}],"collection":[{"href":"https:\/\/www.editorialjuventud.es\/ca\/wp-json\/wp\/v2\/product"}],"about":[{"href":"https:\/\/www.editorialjuventud.es\/ca\/wp-json\/wp\/v2\/types\/product"}],"wp:featuredmedia":[{"embeddable":true,"href":"https:\/\/www.editorialjuventud.es\/ca\/wp-json\/wp\/v2\/media\/79658"}],"wp:attachment":[{"href":"https:\/\/www.editorialjuventud.es\/ca\/wp-json\/wp\/v2\/media?parent=79657"}],"wp:term":[{"taxonomy":"product_brand","embeddable":true,"href":"https:\/\/www.editorialjuventud.es\/ca\/wp-json\/wp\/v2\/product_brand?post=79657"},{"taxonomy":"product_cat","embeddable":true,"href":"https:\/\/www.editorialjuventud.es\/ca\/wp-json\/wp\/v2\/product_cat?post=79657"},{"taxonomy":"product_tag","embeddable":true,"href":"https:\/\/www.editorialjuventud.es\/ca\/wp-json\/wp\/v2\/product_tag?post=79657"},{"taxonomy":"coleccion","embeddable":true,"href":"https:\/\/www.editorialjuventud.es\/ca\/wp-json\/wp\/v2\/coleccion?post=79657"}],"curies":[{"name":"wp","href":"https:\/\/api.w.org\/{rel}","templated":true}]}}