{"id":79476,"date":"2024-10-25T12:40:19","date_gmt":"2024-10-25T10:40:19","guid":{"rendered":"https:\/\/www.editorialjuventud.es\/el-camino-de-las-estrellas-9788426149053\/"},"modified":"2025-09-26T14:13:10","modified_gmt":"2025-09-26T12:13:10","slug":"el-camino-de-las-estrellas-9788426149053","status":"publish","type":"product","link":"https:\/\/www.editorialjuventud.es\/ca\/el-camino-de-las-estrellas-9788426149053\/","title":{"rendered":"El camino de las estrellas"},"content":{"rendered":"<p>A Andr\u00e9s le cuesta dormir \u00faltimamente. Al caer la noche empieza a pensar en todas las cosas que se pueden estar escondiendo bajo su cama o dentro de su armario. Cuando se atreve a mirar debajo de sus s\u00e1banas descubre un cielo estrellado precioso. Como no tiene sue\u00f1o, se aventura a seguir el camino que las estrellas le marcan&#8230;<br \/>\nUn \u00e1lbum precioso que rinde homenaje a Maurice Sendak, y acompa\u00f1ar\u00e1 a los peque\u00f1os a trav\u00e9s de un viaje que acabar\u00e1 con un sue\u00f1o pl\u00e1cido y alguna que otra aventura estrellada.<\/p>\n<p><img loading=\"lazy\" decoding=\"async\" class=\"alignnone size-full wp-image-80020\" src=\"https:\/\/www.editorialjuventud.es\/wp-content\/uploads\/Logo_Suport_ICEC-1-e1740049385653.jpg\" alt=\"\" width=\"500\" height=\"131\" \/><\/p>\n","protected":false},"excerpt":{"rendered":"A Andr\u00e9s le cuesta dormir \u00faltimamente. Al caer la noche empieza a pensar en todas las cosas que se pueden estar escondiendo bajo su cama o dentro de su armario. Cuando se atreve a mirar debajo de sus s\u00e1banas descubre [&hellip;]","protected":false},"featured_media":79477,"template":"","meta":{"_acf_changed":false,"_exactmetrics_skip_tracking":false,"_exactmetrics_sitenote_active":false,"_exactmetrics_sitenote_note":"","_exactmetrics_sitenote_category":0},"product_brand":[],"product_cat":[900,1121,1142,1165,909,1196,910],"product_tag":[],"coleccion":[916,990],"class_list":{"0":"post-79476","1":"product","2":"type-product","3":"status-publish","4":"has-post-thumbnail","6":"product_cat-a-partir-de-5-anos","7":"product_cat-albumes-ilustrados","8":"product_cat-aventura","9":"product_cat-dormir-sueno","10":"product_cat-este-mes","11":"product_cat-miedo-valentia","12":"product_cat-ultimas-novedades","13":"coleccion-castellano","14":"coleccion-cuentos-para-ir-a-la-cama","16":"first","17":"instock","18":"taxable","19":"shipping-taxable","20":"purchasable","21":"product-type-simple"},"acf":{"autor":"Blair, Landis","codart":"4905","ediciones":"1","encuadernacion":"Carton\u00e9","fecha_de_publicacion":"01\/11\/2024","novedad":"0","paginas":"40","subtitulo":"","texto_web_adicional":"","texto_web_novedad":"","orden":"999","portada":"0","texto_web_resaltado":"","traductores-libros":[58414],"descripcion_corta":"","recomendamos":"","mas_vendido":"","indice":"","autores-libros":[79490],"ilustradores-libros":[79490],"idioma-libro":"","fecha_de_reimpresion":"","color":false,"formato":"","mas_informacion_del_producto":false,"premios":false,"deshabilitar_compra":[],"texto_enlace_cubierta":"","enlace_cubierta":{"ID":79582,"id":79582,"title":"cover The Night Tent (2 idiomas).indd","filename":"EL-CAMINO-DE-LAS-ESTRELLAS_ES-scaled.jpg","filesize":2716276,"url":"https:\/\/www.editorialjuventud.es\/wp-content\/uploads\/EL-CAMINO-DE-LAS-ESTRELLAS_ES-scaled.jpg","link":"https:\/\/www.editorialjuventud.es\/ca\/?attachment_id=79582","alt":"","author":"50","description":"","caption":"","name":"cover-the-night-tent-2-idiomas-indd-3","status":"inherit","uploaded_to":79476,"date":"2024-11-11 09:45:57","modified":"2024-11-11 09:45:57","menu_order":0,"mime_type":"image\/jpeg","type":"image","subtype":"jpeg","icon":"https:\/\/www.editorialjuventud.es\/wp-includes\/images\/media\/default.png","width":1990,"height":2560,"sizes":{"thumbnail":"https:\/\/www.editorialjuventud.es\/wp-content\/uploads\/EL-CAMINO-DE-LAS-ESTRELLAS_ES-200x200.jpg","thumbnail-width":200,"thumbnail-height":200,"medium":"https:\/\/www.editorialjuventud.es\/wp-content\/uploads\/EL-CAMINO-DE-LAS-ESTRELLAS_ES-scaled.jpg","medium-width":1990,"medium-height":2560,"medium_large":"https:\/\/www.editorialjuventud.es\/wp-content\/uploads\/EL-CAMINO-DE-LAS-ESTRELLAS_ES-768x988.jpg","medium_large-width":768,"medium_large-height":988,"large":"https:\/\/www.editorialjuventud.es\/wp-content\/uploads\/EL-CAMINO-DE-LAS-ESTRELLAS_ES-scaled.jpg","large-width":1990,"large-height":2560,"1536x1536":"https:\/\/www.editorialjuventud.es\/wp-content\/uploads\/EL-CAMINO-DE-LAS-ESTRELLAS_ES-1194x1536.jpg","1536x1536-width":1194,"1536x1536-height":1536,"2048x2048":"https:\/\/www.editorialjuventud.es\/wp-content\/uploads\/EL-CAMINO-DE-LAS-ESTRELLAS_ES-1592x2048.jpg","2048x2048-width":1592,"2048x2048-height":2048,"woocommerce_thumbnail":"https:\/\/www.editorialjuventud.es\/wp-content\/uploads\/EL-CAMINO-DE-LAS-ESTRELLAS_ES-350x450.jpg","woocommerce_thumbnail-width":350,"woocommerce_thumbnail-height":450,"woocommerce_single":"https:\/\/www.editorialjuventud.es\/wp-content\/uploads\/EL-CAMINO-DE-LAS-ESTRELLAS_ES-900x1158.jpg","woocommerce_single-width":900,"woocommerce_single-height":1158,"woocommerce_gallery_thumbnail":"https:\/\/www.editorialjuventud.es\/wp-content\/uploads\/EL-CAMINO-DE-LAS-ESTRELLAS_ES-100x100.jpg","woocommerce_gallery_thumbnail-width":100,"woocommerce_gallery_thumbnail-height":100,"ppec_logo_image_size":"https:\/\/www.editorialjuventud.es\/wp-content\/uploads\/EL-CAMINO-DE-LAS-ESTRELLAS_ES-47x60.jpg","ppec_logo_image_size-width":47,"ppec_logo_image_size-height":60,"ppec_header_image_size":"https:\/\/www.editorialjuventud.es\/wp-content\/uploads\/EL-CAMINO-DE-LAS-ESTRELLAS_ES-70x90.jpg","ppec_header_image_size-width":70,"ppec_header_image_size-height":90}},"texto_enlace_ficha_tecnica":"","enlace_ficha_tecnica":{"ID":79632,"id":79632,"title":"EL CAMINO DE LAS ESTRELLAS_CAST","filename":"EL-CAMINO-DE-LAS-ESTRELLAS_CAST.pdf","filesize":2629699,"url":"https:\/\/www.editorialjuventud.es\/wp-content\/uploads\/EL-CAMINO-DE-LAS-ESTRELLAS_CAST.pdf","link":"https:\/\/www.editorialjuventud.es\/ca\/?attachment_id=79632","alt":"","author":"50","description":"","caption":"","name":"el-camino-de-las-estrellas_cast","status":"inherit","uploaded_to":79476,"date":"2024-11-17 19:55:45","modified":"2024-11-17 19:55:45","menu_order":0,"mime_type":"application\/pdf","type":"application","subtype":"pdf","icon":"https:\/\/www.editorialjuventud.es\/wp-includes\/images\/media\/document.png"},"ficheros":false,"titulo-fr":"","texto-fr":""},"yoast_head":"<!-- This site is optimized with the Yoast SEO plugin v27.5 - https:\/\/yoast.com\/product\/yoast-seo-wordpress\/ -->\n<title>El camino de las estrellas - Editorial Juventud<\/title>\n<meta name=\"description\" content=\"A Andr\u00e9s le cuesta dormir \u00faltimamente. Al caer la noche empieza a pensar en todas las cosas que se pueden estar escondiendo bajo su cama o dentro de su\" \/>\n<meta name=\"robots\" content=\"index, follow, max-snippet:-1, max-image-preview:large, max-video-preview:-1\" \/>\n<link rel=\"canonical\" href=\"https:\/\/www.editorialjuventud.es\/el-camino-de-las-estrellas-9788426149053\/\" \/>\n<meta property=\"og:locale\" content=\"ca_ES\" \/>\n<meta property=\"og:type\" content=\"article\" \/>\n<meta property=\"og:title\" content=\"El camino de las estrellas - Editorial Juventud\" \/>\n<meta property=\"og:description\" content=\"A Andr\u00e9s le cuesta dormir \u00faltimamente. Al caer la noche empieza a pensar en todas las cosas que se pueden estar escondiendo bajo su cama o dentro de su\" \/>\n<meta property=\"og:url\" content=\"https:\/\/www.editorialjuventud.es\/el-camino-de-las-estrellas-9788426149053\/\" \/>\n<meta property=\"og:site_name\" content=\"Editorial Juventud\" \/>\n<meta property=\"article:modified_time\" content=\"2025-09-26T12:13:10+00:00\" \/>\n<meta property=\"og:image\" content=\"https:\/\/www.editorialjuventud.es\/wp-content\/uploads\/9788426149053.jpg\" \/>\n\t<meta property=\"og:image:width\" content=\"629\" \/>\n\t<meta property=\"og:image:height\" content=\"810\" \/>\n\t<meta property=\"og:image:type\" content=\"image\/jpeg\" \/>\n<meta name=\"twitter:card\" content=\"summary_large_image\" \/>\n<meta name=\"twitter:label1\" content=\"Temps estimat de lectura\" \/>\n\t<meta name=\"twitter:data1\" content=\"1 minut\" \/>\n<script type=\"application\/ld+json\" class=\"yoast-schema-graph\">{\"@context\":\"https:\\\/\\\/schema.org\",\"@graph\":[{\"@type\":\"WebPage\",\"@id\":\"https:\\\/\\\/www.editorialjuventud.es\\\/el-camino-de-las-estrellas-9788426149053\\\/\",\"url\":\"https:\\\/\\\/www.editorialjuventud.es\\\/el-camino-de-las-estrellas-9788426149053\\\/\",\"name\":\"El camino de las estrellas - Editorial Juventud\",\"isPartOf\":{\"@id\":\"https:\\\/\\\/www.editorialjuventud.es\\\/#website\"},\"primaryImageOfPage\":{\"@id\":\"https:\\\/\\\/www.editorialjuventud.es\\\/el-camino-de-las-estrellas-9788426149053\\\/#primaryimage\"},\"image\":{\"@id\":\"https:\\\/\\\/www.editorialjuventud.es\\\/el-camino-de-las-estrellas-9788426149053\\\/#primaryimage\"},\"thumbnailUrl\":\"https:\\\/\\\/www.editorialjuventud.es\\\/wp-content\\\/uploads\\\/9788426149053.jpg\",\"datePublished\":\"2024-10-25T10:40:19+00:00\",\"dateModified\":\"2025-09-26T12:13:10+00:00\",\"description\":\"A Andr\u00e9s le cuesta dormir \u00faltimamente. Al caer la noche empieza a pensar en todas las cosas que se pueden estar escondiendo bajo su cama o dentro de su\",\"breadcrumb\":{\"@id\":\"https:\\\/\\\/www.editorialjuventud.es\\\/el-camino-de-las-estrellas-9788426149053\\\/#breadcrumb\"},\"inLanguage\":\"ca\",\"potentialAction\":[{\"@type\":\"ReadAction\",\"target\":[\"https:\\\/\\\/www.editorialjuventud.es\\\/el-camino-de-las-estrellas-9788426149053\\\/\"]}]},{\"@type\":\"ImageObject\",\"inLanguage\":\"ca\",\"@id\":\"https:\\\/\\\/www.editorialjuventud.es\\\/el-camino-de-las-estrellas-9788426149053\\\/#primaryimage\",\"url\":\"https:\\\/\\\/www.editorialjuventud.es\\\/wp-content\\\/uploads\\\/9788426149053.jpg\",\"contentUrl\":\"https:\\\/\\\/www.editorialjuventud.es\\\/wp-content\\\/uploads\\\/9788426149053.jpg\",\"width\":629,\"height\":810,\"caption\":\"9788426149053.jpg\"},{\"@type\":\"BreadcrumbList\",\"@id\":\"https:\\\/\\\/www.editorialjuventud.es\\\/el-camino-de-las-estrellas-9788426149053\\\/#breadcrumb\",\"itemListElement\":[{\"@type\":\"ListItem\",\"position\":1,\"name\":\"Portada\",\"item\":\"https:\\\/\\\/www.editorialjuventud.es\\\/\"},{\"@type\":\"ListItem\",\"position\":2,\"name\":\"cat\u00e1logo\",\"item\":\"https:\\\/\\\/www.editorialjuventud.es\\\/coleccion\\\/catalogo\\\/\"},{\"@type\":\"ListItem\",\"position\":3,\"name\":\"castellano\",\"item\":\"https:\\\/\\\/www.editorialjuventud.es\\\/coleccion\\\/castellano\\\/\"},{\"@type\":\"ListItem\",\"position\":4,\"name\":\"\u00c1lbumes Ilustrados\",\"item\":\"https:\\\/\\\/www.editorialjuventud.es\\\/coleccion\\\/albumes-ilustrados\\\/\"},{\"@type\":\"ListItem\",\"position\":5,\"name\":\"Cuentos para Ir a la Cama\",\"item\":\"https:\\\/\\\/www.editorialjuventud.es\\\/coleccion\\\/cuentos-para-ir-a-la-cama\\\/\"},{\"@type\":\"ListItem\",\"position\":6,\"name\":\"El camino de las estrellas\"}]},{\"@type\":\"WebSite\",\"@id\":\"https:\\\/\\\/www.editorialjuventud.es\\\/#website\",\"url\":\"https:\\\/\\\/www.editorialjuventud.es\\\/\",\"name\":\"Editorial Juventud\",\"description\":\"\",\"potentialAction\":[{\"@type\":\"SearchAction\",\"target\":{\"@type\":\"EntryPoint\",\"urlTemplate\":\"https:\\\/\\\/www.editorialjuventud.es\\\/?s={search_term_string}\"},\"query-input\":{\"@type\":\"PropertyValueSpecification\",\"valueRequired\":true,\"valueName\":\"search_term_string\"}}],\"inLanguage\":\"ca\"}]}<\/script>\n<!-- \/ Yoast SEO plugin. -->","yoast_head_json":{"title":"El camino de las estrellas - Editorial Juventud","description":"A Andr\u00e9s le cuesta dormir \u00faltimamente. Al caer la noche empieza a pensar en todas las cosas que se pueden estar escondiendo bajo su cama o dentro de su","robots":{"index":"index","follow":"follow","max-snippet":"max-snippet:-1","max-image-preview":"max-image-preview:large","max-video-preview":"max-video-preview:-1"},"canonical":"https:\/\/www.editorialjuventud.es\/el-camino-de-las-estrellas-9788426149053\/","og_locale":"ca_ES","og_type":"article","og_title":"El camino de las estrellas - Editorial Juventud","og_description":"A Andr\u00e9s le cuesta dormir \u00faltimamente. Al caer la noche empieza a pensar en todas las cosas que se pueden estar escondiendo bajo su cama o dentro de su","og_url":"https:\/\/www.editorialjuventud.es\/el-camino-de-las-estrellas-9788426149053\/","og_site_name":"Editorial Juventud","article_modified_time":"2025-09-26T12:13:10+00:00","og_image":[{"width":629,"height":810,"url":"https:\/\/www.editorialjuventud.es\/wp-content\/uploads\/9788426149053.jpg","type":"image\/jpeg"}],"twitter_card":"summary_large_image","twitter_misc":{"Temps estimat de lectura":"1 minut"},"schema":{"@context":"https:\/\/schema.org","@graph":[{"@type":"WebPage","@id":"https:\/\/www.editorialjuventud.es\/el-camino-de-las-estrellas-9788426149053\/","url":"https:\/\/www.editorialjuventud.es\/el-camino-de-las-estrellas-9788426149053\/","name":"El camino de las estrellas - Editorial Juventud","isPartOf":{"@id":"https:\/\/www.editorialjuventud.es\/#website"},"primaryImageOfPage":{"@id":"https:\/\/www.editorialjuventud.es\/el-camino-de-las-estrellas-9788426149053\/#primaryimage"},"image":{"@id":"https:\/\/www.editorialjuventud.es\/el-camino-de-las-estrellas-9788426149053\/#primaryimage"},"thumbnailUrl":"https:\/\/www.editorialjuventud.es\/wp-content\/uploads\/9788426149053.jpg","datePublished":"2024-10-25T10:40:19+00:00","dateModified":"2025-09-26T12:13:10+00:00","description":"A Andr\u00e9s le cuesta dormir \u00faltimamente. Al caer la noche empieza a pensar en todas las cosas que se pueden estar escondiendo bajo su cama o dentro de su","breadcrumb":{"@id":"https:\/\/www.editorialjuventud.es\/el-camino-de-las-estrellas-9788426149053\/#breadcrumb"},"inLanguage":"ca","potentialAction":[{"@type":"ReadAction","target":["https:\/\/www.editorialjuventud.es\/el-camino-de-las-estrellas-9788426149053\/"]}]},{"@type":"ImageObject","inLanguage":"ca","@id":"https:\/\/www.editorialjuventud.es\/el-camino-de-las-estrellas-9788426149053\/#primaryimage","url":"https:\/\/www.editorialjuventud.es\/wp-content\/uploads\/9788426149053.jpg","contentUrl":"https:\/\/www.editorialjuventud.es\/wp-content\/uploads\/9788426149053.jpg","width":629,"height":810,"caption":"9788426149053.jpg"},{"@type":"BreadcrumbList","@id":"https:\/\/www.editorialjuventud.es\/el-camino-de-las-estrellas-9788426149053\/#breadcrumb","itemListElement":[{"@type":"ListItem","position":1,"name":"Portada","item":"https:\/\/www.editorialjuventud.es\/"},{"@type":"ListItem","position":2,"name":"cat\u00e1logo","item":"https:\/\/www.editorialjuventud.es\/coleccion\/catalogo\/"},{"@type":"ListItem","position":3,"name":"castellano","item":"https:\/\/www.editorialjuventud.es\/coleccion\/castellano\/"},{"@type":"ListItem","position":4,"name":"\u00c1lbumes Ilustrados","item":"https:\/\/www.editorialjuventud.es\/coleccion\/albumes-ilustrados\/"},{"@type":"ListItem","position":5,"name":"Cuentos para Ir a la Cama","item":"https:\/\/www.editorialjuventud.es\/coleccion\/cuentos-para-ir-a-la-cama\/"},{"@type":"ListItem","position":6,"name":"El camino de las estrellas"}]},{"@type":"WebSite","@id":"https:\/\/www.editorialjuventud.es\/#website","url":"https:\/\/www.editorialjuventud.es\/","name":"Editorial Juventud","description":"","potentialAction":[{"@type":"SearchAction","target":{"@type":"EntryPoint","urlTemplate":"https:\/\/www.editorialjuventud.es\/?s={search_term_string}"},"query-input":{"@type":"PropertyValueSpecification","valueRequired":true,"valueName":"search_term_string"}}],"inLanguage":"ca"}]}},"_links":{"self":[{"href":"https:\/\/www.editorialjuventud.es\/ca\/wp-json\/wp\/v2\/product\/79476","targetHints":{"allow":["GET"]}}],"collection":[{"href":"https:\/\/www.editorialjuventud.es\/ca\/wp-json\/wp\/v2\/product"}],"about":[{"href":"https:\/\/www.editorialjuventud.es\/ca\/wp-json\/wp\/v2\/types\/product"}],"wp:featuredmedia":[{"embeddable":true,"href":"https:\/\/www.editorialjuventud.es\/ca\/wp-json\/wp\/v2\/media\/79477"}],"wp:attachment":[{"href":"https:\/\/www.editorialjuventud.es\/ca\/wp-json\/wp\/v2\/media?parent=79476"}],"wp:term":[{"taxonomy":"product_brand","embeddable":true,"href":"https:\/\/www.editorialjuventud.es\/ca\/wp-json\/wp\/v2\/product_brand?post=79476"},{"taxonomy":"product_cat","embeddable":true,"href":"https:\/\/www.editorialjuventud.es\/ca\/wp-json\/wp\/v2\/product_cat?post=79476"},{"taxonomy":"product_tag","embeddable":true,"href":"https:\/\/www.editorialjuventud.es\/ca\/wp-json\/wp\/v2\/product_tag?post=79476"},{"taxonomy":"coleccion","embeddable":true,"href":"https:\/\/www.editorialjuventud.es\/ca\/wp-json\/wp\/v2\/coleccion?post=79476"}],"curies":[{"name":"wp","href":"https:\/\/api.w.org\/{rel}","templated":true}]}}