{"id":79409,"date":"2024-10-15T12:12:39","date_gmt":"2024-10-15T10:12:39","guid":{"rendered":"https:\/\/www.editorialjuventud.es\/narval-dolc-ullal-9788426149107\/"},"modified":"2026-01-20T18:20:56","modified_gmt":"2026-01-20T17:20:56","slug":"narval-dolc-ullal-9788426149107","status":"publish","type":"product","link":"https:\/\/www.editorialjuventud.es\/ca\/narval-dolc-ullal-9788426149107\/","title":{"rendered":"Narval Dol\u00e7 Ullal"},"content":{"rendered":"<p>N\u00famero 9<br \/>\nEn Narval i la Medu han tornat! Tots sabem com li agraden els dol\u00e7os a en Narval, per\u00f2 la Medu es comen\u00e7a a preocupar quan veu esquerdat i groguenc l&#8217;ullal d&#8217;en Narval&#8230; Per sort, el seu amic Taur\u00f3 en sap molt\u00edssim d&#8217;higiene bucodental, amb les seves set files de dents. Mentrestant, la Medu i el Cranc volen demostrar-li a en Narval que \u00e9s normal tenir alguns dies dolents&#8230; El podran conv\u00e8ncer que no cal estar sempre content?<br \/>\nUna nova aventura narval\u00e0stica del nostre duo preferit, amb aparicions de personatges ja ben coneguts. Es mant\u00e9 l&#8217;humor tan caracter\u00edstic de la s\u00e8rie, i les dades informatives que van apareixent al llarg del llibre.<\/p>\n<p><img loading=\"lazy\" decoding=\"async\" class=\"alignnone size-full wp-image-80020\" src=\"https:\/\/www.editorialjuventud.es\/wp-content\/uploads\/Logo_Suport_ICEC-1-e1740049385653.jpg\" alt=\"\" width=\"500\" height=\"131\" \/><\/p>\n","protected":false},"excerpt":{"rendered":"N\u00famero 9 En Narval i la Medu han tornat! Tots sabem com li agraden els dol\u00e7os a en Narval, per\u00f2 la Medu es comen\u00e7a a preocupar quan veu esquerdat i groguenc l&#8217;ullal d&#8217;en Narval&#8230; Per sort, el seu amic Taur\u00f3 [&hellip;]","protected":false},"featured_media":79507,"template":"","meta":{"_acf_changed":false,"_exactmetrics_skip_tracking":false,"_exactmetrics_sitenote_active":false,"_exactmetrics_sitenote_note":"","_exactmetrics_sitenote_category":0},"product_brand":[],"product_cat":[900,1141,1127,1284,1172,909,1181,1184,910],"product_tag":[],"coleccion":[915,977],"class_list":{"0":"post-79409","1":"product","2":"type-product","3":"status-publish","4":"has-post-thumbnail","6":"product_cat-a-partir-de-5-anos","7":"product_cat-autoestima","8":"product_cat-comic","9":"product_cat-comic-tematica","10":"product_cat-emociones","11":"product_cat-este-mes","12":"product_cat-habitos","13":"product_cat-humor","14":"product_cat-ultimas-novedades","15":"coleccion-catala","16":"coleccion-llibres-de-narval-i-medu","18":"first","19":"instock","20":"taxable","21":"shipping-taxable","22":"purchasable","23":"product-type-simple"},"acf":{"autor":"Clanton, Ben","codart":"4910","ediciones":"1","encuadernacion":"Carton\u00e9","fecha_de_publicacion":"01\/11\/2024","novedad":"0","paginas":"80","subtitulo":"","texto_web_adicional":"","texto_web_novedad":"","orden":"999","portada":"0","texto_web_resaltado":"","autores-libros":[16284],"descripcion_corta":"","recomendamos":"","mas_vendido":"","indice":"","ilustradores-libros":[16284],"traductores-libros":[58414],"idioma-libro":"","fecha_de_reimpresion":"","color":false,"formato":"","mas_informacion_del_producto":false,"premios":false,"deshabilitar_compra":[],"texto_enlace_cubierta":"","enlace_cubierta":{"ID":79598,"id":79598,"title":"v.2 cover NARVAL DULCE_DIENTE (2 idiomas).indd","filename":"NARVAL-DOLC-ULLAL_CA.jpg","filesize":3458906,"url":"https:\/\/www.editorialjuventud.es\/wp-content\/uploads\/NARVAL-DOLC-ULLAL_CA.jpg","link":"https:\/\/www.editorialjuventud.es\/ca\/?attachment_id=79598","alt":"","author":"50","description":"","caption":"","name":"v-2-cover-narval-dulce_diente-2-idiomas-indd-4","status":"inherit","uploaded_to":79409,"date":"2024-11-11 09:53:53","modified":"2024-11-11 09:53:53","menu_order":0,"mime_type":"image\/jpeg","type":"image","subtype":"jpeg","icon":"https:\/\/www.editorialjuventud.es\/wp-includes\/images\/media\/default.png","width":1873,"height":2550,"sizes":{"thumbnail":"https:\/\/www.editorialjuventud.es\/wp-content\/uploads\/NARVAL-DOLC-ULLAL_CA-200x200.jpg","thumbnail-width":200,"thumbnail-height":200,"medium":"https:\/\/www.editorialjuventud.es\/wp-content\/uploads\/NARVAL-DOLC-ULLAL_CA.jpg","medium-width":1873,"medium-height":2550,"medium_large":"https:\/\/www.editorialjuventud.es\/wp-content\/uploads\/NARVAL-DOLC-ULLAL_CA-768x1046.jpg","medium_large-width":768,"medium_large-height":1046,"large":"https:\/\/www.editorialjuventud.es\/wp-content\/uploads\/NARVAL-DOLC-ULLAL_CA.jpg","large-width":1873,"large-height":2550,"1536x1536":"https:\/\/www.editorialjuventud.es\/wp-content\/uploads\/NARVAL-DOLC-ULLAL_CA-1128x1536.jpg","1536x1536-width":1128,"1536x1536-height":1536,"2048x2048":"https:\/\/www.editorialjuventud.es\/wp-content\/uploads\/NARVAL-DOLC-ULLAL_CA-1504x2048.jpg","2048x2048-width":1504,"2048x2048-height":2048,"woocommerce_thumbnail":"https:\/\/www.editorialjuventud.es\/wp-content\/uploads\/NARVAL-DOLC-ULLAL_CA-350x477.jpg","woocommerce_thumbnail-width":350,"woocommerce_thumbnail-height":477,"woocommerce_single":"https:\/\/www.editorialjuventud.es\/wp-content\/uploads\/NARVAL-DOLC-ULLAL_CA-900x1225.jpg","woocommerce_single-width":900,"woocommerce_single-height":1225,"woocommerce_gallery_thumbnail":"https:\/\/www.editorialjuventud.es\/wp-content\/uploads\/NARVAL-DOLC-ULLAL_CA-100x100.jpg","woocommerce_gallery_thumbnail-width":100,"woocommerce_gallery_thumbnail-height":100,"ppec_logo_image_size":"https:\/\/www.editorialjuventud.es\/wp-content\/uploads\/NARVAL-DOLC-ULLAL_CA-44x60.jpg","ppec_logo_image_size-width":44,"ppec_logo_image_size-height":60,"ppec_header_image_size":"https:\/\/www.editorialjuventud.es\/wp-content\/uploads\/NARVAL-DOLC-ULLAL_CA-66x90.jpg","ppec_header_image_size-width":66,"ppec_header_image_size-height":90}},"texto_enlace_ficha_tecnica":"","enlace_ficha_tecnica":{"ID":79638,"id":79638,"title":"NARVAL DOL\u00c7 DENT_CAT","filename":"NARVAL-DOLC-DENT_CAT.pdf","filesize":1445500,"url":"https:\/\/www.editorialjuventud.es\/wp-content\/uploads\/NARVAL-DOLC-DENT_CAT.pdf","link":"https:\/\/www.editorialjuventud.es\/ca\/?attachment_id=79638","alt":"","author":"50","description":"","caption":"","name":"narval-dolc-dent_cat","status":"inherit","uploaded_to":79409,"date":"2024-11-17 19:57:55","modified":"2024-11-17 19:57:55","menu_order":0,"mime_type":"application\/pdf","type":"application","subtype":"pdf","icon":"https:\/\/www.editorialjuventud.es\/wp-includes\/images\/media\/document.png"},"ficheros":false,"titulo-fr":"","texto-fr":""},"yoast_head":"<!-- This site is optimized with the Yoast SEO plugin v27.3 - https:\/\/yoast.com\/product\/yoast-seo-wordpress\/ -->\n<title>Narval Dol\u00e7 Ullal - Editorial Juventud<\/title>\n<meta name=\"description\" content=\"N\u00famero 9 En Narval i la Medu han tornat! Tots sabem com li agraden els dol\u00e7os a en Narval, per\u00f2 la Medu es comen\u00e7a a preocupar quan veu esquerdat i\" \/>\n<meta name=\"robots\" content=\"index, follow, max-snippet:-1, max-image-preview:large, max-video-preview:-1\" \/>\n<link rel=\"canonical\" href=\"https:\/\/www.editorialjuventud.es\/narval-dolc-ullal-9788426149107\/\" \/>\n<meta property=\"og:locale\" content=\"ca_ES\" \/>\n<meta property=\"og:type\" content=\"article\" \/>\n<meta property=\"og:title\" content=\"Narval Dol\u00e7 Ullal - Editorial Juventud\" \/>\n<meta property=\"og:description\" content=\"N\u00famero 9 En Narval i la Medu han tornat! Tots sabem com li agraden els dol\u00e7os a en Narval, per\u00f2 la Medu es comen\u00e7a a preocupar quan veu esquerdat i\" \/>\n<meta property=\"og:url\" content=\"https:\/\/www.editorialjuventud.es\/narval-dolc-ullal-9788426149107\/\" \/>\n<meta property=\"og:site_name\" content=\"Editorial Juventud\" \/>\n<meta property=\"article:modified_time\" content=\"2026-01-20T17:20:56+00:00\" \/>\n<meta property=\"og:image\" content=\"https:\/\/www.editorialjuventud.es\/wp-content\/uploads\/9788426149107.jpg\" \/>\n\t<meta property=\"og:image:width\" content=\"624\" \/>\n\t<meta property=\"og:image:height\" content=\"850\" \/>\n\t<meta property=\"og:image:type\" content=\"image\/jpeg\" \/>\n<meta name=\"twitter:card\" content=\"summary_large_image\" \/>\n<meta name=\"twitter:label1\" content=\"Temps estimat de lectura\" \/>\n\t<meta name=\"twitter:data1\" content=\"1 minut\" \/>\n<script type=\"application\/ld+json\" class=\"yoast-schema-graph\">{\"@context\":\"https:\\\/\\\/schema.org\",\"@graph\":[{\"@type\":\"WebPage\",\"@id\":\"https:\\\/\\\/www.editorialjuventud.es\\\/narval-dolc-ullal-9788426149107\\\/\",\"url\":\"https:\\\/\\\/www.editorialjuventud.es\\\/narval-dolc-ullal-9788426149107\\\/\",\"name\":\"Narval Dol\u00e7 Ullal - Editorial Juventud\",\"isPartOf\":{\"@id\":\"https:\\\/\\\/www.editorialjuventud.es\\\/#website\"},\"primaryImageOfPage\":{\"@id\":\"https:\\\/\\\/www.editorialjuventud.es\\\/narval-dolc-ullal-9788426149107\\\/#primaryimage\"},\"image\":{\"@id\":\"https:\\\/\\\/www.editorialjuventud.es\\\/narval-dolc-ullal-9788426149107\\\/#primaryimage\"},\"thumbnailUrl\":\"https:\\\/\\\/www.editorialjuventud.es\\\/wp-content\\\/uploads\\\/9788426149107.jpg\",\"datePublished\":\"2024-10-15T10:12:39+00:00\",\"dateModified\":\"2026-01-20T17:20:56+00:00\",\"description\":\"N\u00famero 9 En Narval i la Medu han tornat! Tots sabem com li agraden els dol\u00e7os a en Narval, per\u00f2 la Medu es comen\u00e7a a preocupar quan veu esquerdat i\",\"breadcrumb\":{\"@id\":\"https:\\\/\\\/www.editorialjuventud.es\\\/narval-dolc-ullal-9788426149107\\\/#breadcrumb\"},\"inLanguage\":\"ca\",\"potentialAction\":[{\"@type\":\"ReadAction\",\"target\":[\"https:\\\/\\\/www.editorialjuventud.es\\\/narval-dolc-ullal-9788426149107\\\/\"]}]},{\"@type\":\"ImageObject\",\"inLanguage\":\"ca\",\"@id\":\"https:\\\/\\\/www.editorialjuventud.es\\\/narval-dolc-ullal-9788426149107\\\/#primaryimage\",\"url\":\"https:\\\/\\\/www.editorialjuventud.es\\\/wp-content\\\/uploads\\\/9788426149107.jpg\",\"contentUrl\":\"https:\\\/\\\/www.editorialjuventud.es\\\/wp-content\\\/uploads\\\/9788426149107.jpg\",\"width\":624,\"height\":850,\"caption\":\"9788426149107.jpg\"},{\"@type\":\"BreadcrumbList\",\"@id\":\"https:\\\/\\\/www.editorialjuventud.es\\\/narval-dolc-ullal-9788426149107\\\/#breadcrumb\",\"itemListElement\":[{\"@type\":\"ListItem\",\"position\":1,\"name\":\"Portada\",\"item\":\"https:\\\/\\\/www.editorialjuventud.es\\\/\"},{\"@type\":\"ListItem\",\"position\":2,\"name\":\"cat\u00e1logo\",\"item\":\"https:\\\/\\\/www.editorialjuventud.es\\\/coleccion\\\/catalogo\\\/\"},{\"@type\":\"ListItem\",\"position\":3,\"name\":\"catal\u00e0\",\"item\":\"https:\\\/\\\/www.editorialjuventud.es\\\/coleccion\\\/catala\\\/\"},{\"@type\":\"ListItem\",\"position\":4,\"name\":\"Joventut C\u00f2mic\",\"item\":\"https:\\\/\\\/www.editorialjuventud.es\\\/ca\\\/coleccion\\\/joventut-comic\\\/\"},{\"@type\":\"ListItem\",\"position\":5,\"name\":\"Llibres de Narval i Medu\",\"item\":\"https:\\\/\\\/www.editorialjuventud.es\\\/ca\\\/coleccion\\\/llibres-de-narval-i-medu\\\/\"},{\"@type\":\"ListItem\",\"position\":6,\"name\":\"Narval Dol\u00e7 Ullal\"}]},{\"@type\":\"WebSite\",\"@id\":\"https:\\\/\\\/www.editorialjuventud.es\\\/#website\",\"url\":\"https:\\\/\\\/www.editorialjuventud.es\\\/\",\"name\":\"Editorial Juventud\",\"description\":\"\",\"potentialAction\":[{\"@type\":\"SearchAction\",\"target\":{\"@type\":\"EntryPoint\",\"urlTemplate\":\"https:\\\/\\\/www.editorialjuventud.es\\\/?s={search_term_string}\"},\"query-input\":{\"@type\":\"PropertyValueSpecification\",\"valueRequired\":true,\"valueName\":\"search_term_string\"}}],\"inLanguage\":\"ca\"}]}<\/script>\n<!-- \/ Yoast SEO plugin. -->","yoast_head_json":{"title":"Narval Dol\u00e7 Ullal - Editorial Juventud","description":"N\u00famero 9 En Narval i la Medu han tornat! Tots sabem com li agraden els dol\u00e7os a en Narval, per\u00f2 la Medu es comen\u00e7a a preocupar quan veu esquerdat i","robots":{"index":"index","follow":"follow","max-snippet":"max-snippet:-1","max-image-preview":"max-image-preview:large","max-video-preview":"max-video-preview:-1"},"canonical":"https:\/\/www.editorialjuventud.es\/narval-dolc-ullal-9788426149107\/","og_locale":"ca_ES","og_type":"article","og_title":"Narval Dol\u00e7 Ullal - Editorial Juventud","og_description":"N\u00famero 9 En Narval i la Medu han tornat! Tots sabem com li agraden els dol\u00e7os a en Narval, per\u00f2 la Medu es comen\u00e7a a preocupar quan veu esquerdat i","og_url":"https:\/\/www.editorialjuventud.es\/narval-dolc-ullal-9788426149107\/","og_site_name":"Editorial Juventud","article_modified_time":"2026-01-20T17:20:56+00:00","og_image":[{"width":624,"height":850,"url":"https:\/\/www.editorialjuventud.es\/wp-content\/uploads\/9788426149107.jpg","type":"image\/jpeg"}],"twitter_card":"summary_large_image","twitter_misc":{"Temps estimat de lectura":"1 minut"},"schema":{"@context":"https:\/\/schema.org","@graph":[{"@type":"WebPage","@id":"https:\/\/www.editorialjuventud.es\/narval-dolc-ullal-9788426149107\/","url":"https:\/\/www.editorialjuventud.es\/narval-dolc-ullal-9788426149107\/","name":"Narval Dol\u00e7 Ullal - Editorial Juventud","isPartOf":{"@id":"https:\/\/www.editorialjuventud.es\/#website"},"primaryImageOfPage":{"@id":"https:\/\/www.editorialjuventud.es\/narval-dolc-ullal-9788426149107\/#primaryimage"},"image":{"@id":"https:\/\/www.editorialjuventud.es\/narval-dolc-ullal-9788426149107\/#primaryimage"},"thumbnailUrl":"https:\/\/www.editorialjuventud.es\/wp-content\/uploads\/9788426149107.jpg","datePublished":"2024-10-15T10:12:39+00:00","dateModified":"2026-01-20T17:20:56+00:00","description":"N\u00famero 9 En Narval i la Medu han tornat! Tots sabem com li agraden els dol\u00e7os a en Narval, per\u00f2 la Medu es comen\u00e7a a preocupar quan veu esquerdat i","breadcrumb":{"@id":"https:\/\/www.editorialjuventud.es\/narval-dolc-ullal-9788426149107\/#breadcrumb"},"inLanguage":"ca","potentialAction":[{"@type":"ReadAction","target":["https:\/\/www.editorialjuventud.es\/narval-dolc-ullal-9788426149107\/"]}]},{"@type":"ImageObject","inLanguage":"ca","@id":"https:\/\/www.editorialjuventud.es\/narval-dolc-ullal-9788426149107\/#primaryimage","url":"https:\/\/www.editorialjuventud.es\/wp-content\/uploads\/9788426149107.jpg","contentUrl":"https:\/\/www.editorialjuventud.es\/wp-content\/uploads\/9788426149107.jpg","width":624,"height":850,"caption":"9788426149107.jpg"},{"@type":"BreadcrumbList","@id":"https:\/\/www.editorialjuventud.es\/narval-dolc-ullal-9788426149107\/#breadcrumb","itemListElement":[{"@type":"ListItem","position":1,"name":"Portada","item":"https:\/\/www.editorialjuventud.es\/"},{"@type":"ListItem","position":2,"name":"cat\u00e1logo","item":"https:\/\/www.editorialjuventud.es\/coleccion\/catalogo\/"},{"@type":"ListItem","position":3,"name":"catal\u00e0","item":"https:\/\/www.editorialjuventud.es\/coleccion\/catala\/"},{"@type":"ListItem","position":4,"name":"Joventut C\u00f2mic","item":"https:\/\/www.editorialjuventud.es\/ca\/coleccion\/joventut-comic\/"},{"@type":"ListItem","position":5,"name":"Llibres de Narval i Medu","item":"https:\/\/www.editorialjuventud.es\/ca\/coleccion\/llibres-de-narval-i-medu\/"},{"@type":"ListItem","position":6,"name":"Narval Dol\u00e7 Ullal"}]},{"@type":"WebSite","@id":"https:\/\/www.editorialjuventud.es\/#website","url":"https:\/\/www.editorialjuventud.es\/","name":"Editorial Juventud","description":"","potentialAction":[{"@type":"SearchAction","target":{"@type":"EntryPoint","urlTemplate":"https:\/\/www.editorialjuventud.es\/?s={search_term_string}"},"query-input":{"@type":"PropertyValueSpecification","valueRequired":true,"valueName":"search_term_string"}}],"inLanguage":"ca"}]}},"_links":{"self":[{"href":"https:\/\/www.editorialjuventud.es\/ca\/wp-json\/wp\/v2\/product\/79409","targetHints":{"allow":["GET"]}}],"collection":[{"href":"https:\/\/www.editorialjuventud.es\/ca\/wp-json\/wp\/v2\/product"}],"about":[{"href":"https:\/\/www.editorialjuventud.es\/ca\/wp-json\/wp\/v2\/types\/product"}],"wp:featuredmedia":[{"embeddable":true,"href":"https:\/\/www.editorialjuventud.es\/ca\/wp-json\/wp\/v2\/media\/79507"}],"wp:attachment":[{"href":"https:\/\/www.editorialjuventud.es\/ca\/wp-json\/wp\/v2\/media?parent=79409"}],"wp:term":[{"taxonomy":"product_brand","embeddable":true,"href":"https:\/\/www.editorialjuventud.es\/ca\/wp-json\/wp\/v2\/product_brand?post=79409"},{"taxonomy":"product_cat","embeddable":true,"href":"https:\/\/www.editorialjuventud.es\/ca\/wp-json\/wp\/v2\/product_cat?post=79409"},{"taxonomy":"product_tag","embeddable":true,"href":"https:\/\/www.editorialjuventud.es\/ca\/wp-json\/wp\/v2\/product_tag?post=79409"},{"taxonomy":"coleccion","embeddable":true,"href":"https:\/\/www.editorialjuventud.es\/ca\/wp-json\/wp\/v2\/coleccion?post=79409"}],"curies":[{"name":"wp","href":"https:\/\/api.w.org\/{rel}","templated":true}]}}