{"id":79200,"date":"2024-09-10T12:39:20","date_gmt":"2024-09-10T10:39:20","guid":{"rendered":"https:\/\/www.editorialjuventud.es\/tintin-i-la-lluna-9788426149176\/"},"modified":"2025-09-22T11:24:44","modified_gmt":"2025-09-22T09:24:44","slug":"tintin-i-la-lluna-9788426149176","status":"publish","type":"product","link":"https:\/\/www.editorialjuventud.es\/ca\/tintin-i-la-lluna-9788426149176\/","title":{"rendered":"Tint\u00edn i la Lluna"},"content":{"rendered":"<p>Aquesta edici\u00f3, amb una espectacular i in\u00e8dita coberta, reuneix en un sol volum els dos episodis de l&#8217;aventura lunar imaginada per Herg\u00e9: Objectiu: la Lluna i Hem trepitjat la Lluna. Van ser publicats per primer cop al 1953 i 1954, \u00e9s a dir, quinze anys abans de la missi\u00f3 Apol\u00b7lo 11 (1969), i fins i tot abans del primer sat\u00e8l\u00b7lit Sputnik (1957).<br \/>\nAquesta obra va comen\u00e7ar a publicar-se al setmanari Tintin a partir del 30 de mar\u00e7 del 1950, dinou anys abans de l&#8217;arribada de l&#8217;home a la Lluna. No es tracta de ci\u00e8ncia-ficci\u00f3, sin\u00f3 d&#8217;una anticipaci\u00f3 tan precisa com li va ser possible a l&#8217;autor. Herg\u00e9 es va posar en contacte amb el doctor Bernard Heuvelmans, autor del llibre L&#8217;homme parmis les \u00e9toiles (L&#8217;home entre les estrelles), especialista en el tema, que va col\u00b7laborar amb l&#8217;equip.<br \/>\nEs va realitzar una maqueta extraordin\u00e0ria del coet, que va ser sotmesa a l&#8217;aprovaci\u00f3 d&#8217;Ananolf, autor del llibre L&#8217;astron\u00e0utica. Era totalment desmuntable i permetia en tot moment al jove Bob de Moor, responsable principal dels decorats, saber en quin lloc de la nau espacial es trobaven els personatges. Herg\u00e9 t\u00e9 la gr\u00e0cia de donar un toc humor\u00edstic a totes les escenes d&#8217;explicacions cient\u00edfiques que podrien avorrir al lector. Aix\u00ed, quan Wolff i Tornasol expliquen elements m\u00e9s o menys complicats, all\u00e0 est\u00e0 el capit\u00e0 Haddock per treure&#8217;ns un somriure amb les seves r\u00e8pliques.<\/p>\n<p><img loading=\"lazy\" decoding=\"async\" class=\"alignnone size-full wp-image-80020\" src=\"https:\/\/www.editorialjuventud.es\/wp-content\/uploads\/Logo_Suport_ICEC-1-e1740049385653.jpg\" alt=\"\" width=\"500\" height=\"131\" \/><\/p>\n","protected":false},"excerpt":{"rendered":"Aquesta edici\u00f3, amb una espectacular i in\u00e8dita coberta, reuneix en un sol volum els dos episodis de l&#8217;aventura lunar imaginada per Herg\u00e9: Objectiu: la Lluna i Hem trepitjat la Lluna. Van ser publicats per primer cop al 1953 i 1954, [&hellip;]","protected":false},"featured_media":79203,"template":"","meta":{"_acf_changed":false,"_exactmetrics_skip_tracking":false,"_exactmetrics_sitenote_active":false,"_exactmetrics_sitenote_note":"","_exactmetrics_sitenote_category":0},"product_brand":[],"product_cat":[902,1142,1127,909,910,1228],"product_tag":[],"coleccion":[1087,925],"class_list":{"0":"post-79200","1":"product","2":"type-product","3":"status-publish","4":"has-post-thumbnail","6":"product_cat-a-partir-de-7-anos","7":"product_cat-aventura","8":"product_cat-comic","9":"product_cat-este-mes","10":"product_cat-ultimas-novedades","11":"product_cat-universo-espacio","12":"coleccion-les-aventures-de-tintin-llibres-de-tintin","13":"coleccion-llibres-de-tintin","15":"first","16":"instock","17":"taxable","18":"shipping-taxable","19":"purchasable","20":"product-type-simple"},"acf":{"indice":"","autor":"Herg\u00e9","codart":"4917","ediciones":"1","encuadernacion":"Carton\u00e9","fecha_de_publicacion":"01\/09\/2024","fecha_de_reimpresion":"","novedad":"0","paginas":"128","subtitulo":"","texto_web_adicional":"","autores-libros":[16407],"ilustradores-libros":[16407],"texto_web_novedad":"","orden":"999","portada":"0","texto_web_resaltado":"","traductores-libros":[18322],"descripcion_corta":"","recomendamos":"","mas_vendido":"","idioma-libro":"","color":false,"formato":"","mas_informacion_del_producto":false,"premios":false,"deshabilitar_compra":[],"titulo-fr":"","texto-fr":"","texto_enlace_cubierta":"","enlace_cubierta":false,"texto_enlace_ficha_tecnica":"","enlace_ficha_tecnica":{"ID":92162,"id":92162,"title":"Tintin i la Lluna_CAT","filename":"Tintin-i-la-Lluna_CAT.pdf","filesize":882429,"url":"https:\/\/www.editorialjuventud.es\/wp-content\/uploads\/Tintin-i-la-Lluna_CAT.pdf","link":"https:\/\/www.editorialjuventud.es\/ca\/?attachment_id=92162","alt":"","author":"1519","description":"","caption":"","name":"tintin-i-la-lluna_cat","status":"inherit","uploaded_to":79200,"date":"2025-09-19 11:49:27","modified":"2025-09-19 11:49:27","menu_order":0,"mime_type":"application\/pdf","type":"application","subtype":"pdf","icon":"https:\/\/www.editorialjuventud.es\/wp-includes\/images\/media\/document.png"},"ficheros":false},"yoast_head":"<!-- This site is optimized with the Yoast SEO plugin v27.3 - https:\/\/yoast.com\/product\/yoast-seo-wordpress\/ -->\n<title>Tint\u00edn i la Lluna - Editorial Juventud<\/title>\n<meta name=\"description\" content=\"Aquesta edici\u00f3, amb una espectacular i in\u00e8dita coberta, reuneix en un sol volum els dos episodis de l&#039;aventura lunar imaginada per Herg\u00e9: Objectiu: la\" \/>\n<meta name=\"robots\" content=\"index, follow, max-snippet:-1, max-image-preview:large, max-video-preview:-1\" \/>\n<link rel=\"canonical\" href=\"https:\/\/www.editorialjuventud.es\/tintin-i-la-lluna-9788426149176\/\" \/>\n<meta property=\"og:locale\" content=\"ca_ES\" \/>\n<meta property=\"og:type\" content=\"article\" \/>\n<meta property=\"og:title\" content=\"Tint\u00edn i la Lluna - Editorial Juventud\" \/>\n<meta property=\"og:description\" content=\"Aquesta edici\u00f3, amb una espectacular i in\u00e8dita coberta, reuneix en un sol volum els dos episodis de l&#039;aventura lunar imaginada per Herg\u00e9: Objectiu: la\" \/>\n<meta property=\"og:url\" content=\"https:\/\/www.editorialjuventud.es\/tintin-i-la-lluna-9788426149176\/\" \/>\n<meta property=\"og:site_name\" content=\"Editorial Juventud\" \/>\n<meta property=\"article:modified_time\" content=\"2025-09-22T09:24:44+00:00\" \/>\n<meta property=\"og:image\" content=\"https:\/\/www.editorialjuventud.es\/wp-content\/uploads\/9788426149176-1.jpg\" \/>\n\t<meta property=\"og:image:width\" content=\"610\" \/>\n\t<meta property=\"og:image:height\" content=\"817\" \/>\n\t<meta property=\"og:image:type\" content=\"image\/jpeg\" \/>\n<meta name=\"twitter:card\" content=\"summary_large_image\" \/>\n<meta name=\"twitter:label1\" content=\"Temps estimat de lectura\" \/>\n\t<meta name=\"twitter:data1\" content=\"2 minuts\" \/>\n<script type=\"application\/ld+json\" class=\"yoast-schema-graph\">{\"@context\":\"https:\\\/\\\/schema.org\",\"@graph\":[{\"@type\":\"WebPage\",\"@id\":\"https:\\\/\\\/www.editorialjuventud.es\\\/tintin-i-la-lluna-9788426149176\\\/\",\"url\":\"https:\\\/\\\/www.editorialjuventud.es\\\/tintin-i-la-lluna-9788426149176\\\/\",\"name\":\"Tint\u00edn i la Lluna - Editorial Juventud\",\"isPartOf\":{\"@id\":\"https:\\\/\\\/www.editorialjuventud.es\\\/#website\"},\"primaryImageOfPage\":{\"@id\":\"https:\\\/\\\/www.editorialjuventud.es\\\/tintin-i-la-lluna-9788426149176\\\/#primaryimage\"},\"image\":{\"@id\":\"https:\\\/\\\/www.editorialjuventud.es\\\/tintin-i-la-lluna-9788426149176\\\/#primaryimage\"},\"thumbnailUrl\":\"https:\\\/\\\/www.editorialjuventud.es\\\/wp-content\\\/uploads\\\/9788426149176-1.jpg\",\"datePublished\":\"2024-09-10T10:39:20+00:00\",\"dateModified\":\"2025-09-22T09:24:44+00:00\",\"description\":\"Aquesta edici\u00f3, amb una espectacular i in\u00e8dita coberta, reuneix en un sol volum els dos episodis de l'aventura lunar imaginada per Herg\u00e9: Objectiu: la\",\"breadcrumb\":{\"@id\":\"https:\\\/\\\/www.editorialjuventud.es\\\/tintin-i-la-lluna-9788426149176\\\/#breadcrumb\"},\"inLanguage\":\"ca\",\"potentialAction\":[{\"@type\":\"ReadAction\",\"target\":[\"https:\\\/\\\/www.editorialjuventud.es\\\/tintin-i-la-lluna-9788426149176\\\/\"]}]},{\"@type\":\"ImageObject\",\"inLanguage\":\"ca\",\"@id\":\"https:\\\/\\\/www.editorialjuventud.es\\\/tintin-i-la-lluna-9788426149176\\\/#primaryimage\",\"url\":\"https:\\\/\\\/www.editorialjuventud.es\\\/wp-content\\\/uploads\\\/9788426149176-1.jpg\",\"contentUrl\":\"https:\\\/\\\/www.editorialjuventud.es\\\/wp-content\\\/uploads\\\/9788426149176-1.jpg\",\"width\":610,\"height\":817,\"caption\":\"9788426149176.jpg\"},{\"@type\":\"BreadcrumbList\",\"@id\":\"https:\\\/\\\/www.editorialjuventud.es\\\/tintin-i-la-lluna-9788426149176\\\/#breadcrumb\",\"itemListElement\":[{\"@type\":\"ListItem\",\"position\":1,\"name\":\"Portada\",\"item\":\"https:\\\/\\\/www.editorialjuventud.es\\\/\"},{\"@type\":\"ListItem\",\"position\":2,\"name\":\"cat\u00e1logo\",\"item\":\"https:\\\/\\\/www.editorialjuventud.es\\\/coleccion\\\/catalogo\\\/\"},{\"@type\":\"ListItem\",\"position\":3,\"name\":\"catal\u00e0\",\"item\":\"https:\\\/\\\/www.editorialjuventud.es\\\/coleccion\\\/catala\\\/\"},{\"@type\":\"ListItem\",\"position\":4,\"name\":\"Llibres de Tint\u00edn\",\"item\":\"https:\\\/\\\/www.editorialjuventud.es\\\/ca\\\/coleccion\\\/llibres-de-tintin\\\/\"},{\"@type\":\"ListItem\",\"position\":5,\"name\":\"Les Aventures de Tint\u00edn\",\"item\":\"https:\\\/\\\/www.editorialjuventud.es\\\/ca\\\/coleccion\\\/les-aventures-de-tintin-llibres-de-tintin\\\/\"},{\"@type\":\"ListItem\",\"position\":6,\"name\":\"Tint\u00edn i la Lluna\"}]},{\"@type\":\"WebSite\",\"@id\":\"https:\\\/\\\/www.editorialjuventud.es\\\/#website\",\"url\":\"https:\\\/\\\/www.editorialjuventud.es\\\/\",\"name\":\"Editorial Juventud\",\"description\":\"\",\"potentialAction\":[{\"@type\":\"SearchAction\",\"target\":{\"@type\":\"EntryPoint\",\"urlTemplate\":\"https:\\\/\\\/www.editorialjuventud.es\\\/?s={search_term_string}\"},\"query-input\":{\"@type\":\"PropertyValueSpecification\",\"valueRequired\":true,\"valueName\":\"search_term_string\"}}],\"inLanguage\":\"ca\"}]}<\/script>\n<!-- \/ Yoast SEO plugin. -->","yoast_head_json":{"title":"Tint\u00edn i la Lluna - Editorial Juventud","description":"Aquesta edici\u00f3, amb una espectacular i in\u00e8dita coberta, reuneix en un sol volum els dos episodis de l'aventura lunar imaginada per Herg\u00e9: Objectiu: la","robots":{"index":"index","follow":"follow","max-snippet":"max-snippet:-1","max-image-preview":"max-image-preview:large","max-video-preview":"max-video-preview:-1"},"canonical":"https:\/\/www.editorialjuventud.es\/tintin-i-la-lluna-9788426149176\/","og_locale":"ca_ES","og_type":"article","og_title":"Tint\u00edn i la Lluna - Editorial Juventud","og_description":"Aquesta edici\u00f3, amb una espectacular i in\u00e8dita coberta, reuneix en un sol volum els dos episodis de l'aventura lunar imaginada per Herg\u00e9: Objectiu: la","og_url":"https:\/\/www.editorialjuventud.es\/tintin-i-la-lluna-9788426149176\/","og_site_name":"Editorial Juventud","article_modified_time":"2025-09-22T09:24:44+00:00","og_image":[{"width":610,"height":817,"url":"https:\/\/www.editorialjuventud.es\/wp-content\/uploads\/9788426149176-1.jpg","type":"image\/jpeg"}],"twitter_card":"summary_large_image","twitter_misc":{"Temps estimat de lectura":"2 minuts"},"schema":{"@context":"https:\/\/schema.org","@graph":[{"@type":"WebPage","@id":"https:\/\/www.editorialjuventud.es\/tintin-i-la-lluna-9788426149176\/","url":"https:\/\/www.editorialjuventud.es\/tintin-i-la-lluna-9788426149176\/","name":"Tint\u00edn i la Lluna - Editorial Juventud","isPartOf":{"@id":"https:\/\/www.editorialjuventud.es\/#website"},"primaryImageOfPage":{"@id":"https:\/\/www.editorialjuventud.es\/tintin-i-la-lluna-9788426149176\/#primaryimage"},"image":{"@id":"https:\/\/www.editorialjuventud.es\/tintin-i-la-lluna-9788426149176\/#primaryimage"},"thumbnailUrl":"https:\/\/www.editorialjuventud.es\/wp-content\/uploads\/9788426149176-1.jpg","datePublished":"2024-09-10T10:39:20+00:00","dateModified":"2025-09-22T09:24:44+00:00","description":"Aquesta edici\u00f3, amb una espectacular i in\u00e8dita coberta, reuneix en un sol volum els dos episodis de l'aventura lunar imaginada per Herg\u00e9: Objectiu: la","breadcrumb":{"@id":"https:\/\/www.editorialjuventud.es\/tintin-i-la-lluna-9788426149176\/#breadcrumb"},"inLanguage":"ca","potentialAction":[{"@type":"ReadAction","target":["https:\/\/www.editorialjuventud.es\/tintin-i-la-lluna-9788426149176\/"]}]},{"@type":"ImageObject","inLanguage":"ca","@id":"https:\/\/www.editorialjuventud.es\/tintin-i-la-lluna-9788426149176\/#primaryimage","url":"https:\/\/www.editorialjuventud.es\/wp-content\/uploads\/9788426149176-1.jpg","contentUrl":"https:\/\/www.editorialjuventud.es\/wp-content\/uploads\/9788426149176-1.jpg","width":610,"height":817,"caption":"9788426149176.jpg"},{"@type":"BreadcrumbList","@id":"https:\/\/www.editorialjuventud.es\/tintin-i-la-lluna-9788426149176\/#breadcrumb","itemListElement":[{"@type":"ListItem","position":1,"name":"Portada","item":"https:\/\/www.editorialjuventud.es\/"},{"@type":"ListItem","position":2,"name":"cat\u00e1logo","item":"https:\/\/www.editorialjuventud.es\/coleccion\/catalogo\/"},{"@type":"ListItem","position":3,"name":"catal\u00e0","item":"https:\/\/www.editorialjuventud.es\/coleccion\/catala\/"},{"@type":"ListItem","position":4,"name":"Llibres de Tint\u00edn","item":"https:\/\/www.editorialjuventud.es\/ca\/coleccion\/llibres-de-tintin\/"},{"@type":"ListItem","position":5,"name":"Les Aventures de Tint\u00edn","item":"https:\/\/www.editorialjuventud.es\/ca\/coleccion\/les-aventures-de-tintin-llibres-de-tintin\/"},{"@type":"ListItem","position":6,"name":"Tint\u00edn i la Lluna"}]},{"@type":"WebSite","@id":"https:\/\/www.editorialjuventud.es\/#website","url":"https:\/\/www.editorialjuventud.es\/","name":"Editorial Juventud","description":"","potentialAction":[{"@type":"SearchAction","target":{"@type":"EntryPoint","urlTemplate":"https:\/\/www.editorialjuventud.es\/?s={search_term_string}"},"query-input":{"@type":"PropertyValueSpecification","valueRequired":true,"valueName":"search_term_string"}}],"inLanguage":"ca"}]}},"_links":{"self":[{"href":"https:\/\/www.editorialjuventud.es\/ca\/wp-json\/wp\/v2\/product\/79200","targetHints":{"allow":["GET"]}}],"collection":[{"href":"https:\/\/www.editorialjuventud.es\/ca\/wp-json\/wp\/v2\/product"}],"about":[{"href":"https:\/\/www.editorialjuventud.es\/ca\/wp-json\/wp\/v2\/types\/product"}],"wp:featuredmedia":[{"embeddable":true,"href":"https:\/\/www.editorialjuventud.es\/ca\/wp-json\/wp\/v2\/media\/79203"}],"wp:attachment":[{"href":"https:\/\/www.editorialjuventud.es\/ca\/wp-json\/wp\/v2\/media?parent=79200"}],"wp:term":[{"taxonomy":"product_brand","embeddable":true,"href":"https:\/\/www.editorialjuventud.es\/ca\/wp-json\/wp\/v2\/product_brand?post=79200"},{"taxonomy":"product_cat","embeddable":true,"href":"https:\/\/www.editorialjuventud.es\/ca\/wp-json\/wp\/v2\/product_cat?post=79200"},{"taxonomy":"product_tag","embeddable":true,"href":"https:\/\/www.editorialjuventud.es\/ca\/wp-json\/wp\/v2\/product_tag?post=79200"},{"taxonomy":"coleccion","embeddable":true,"href":"https:\/\/www.editorialjuventud.es\/ca\/wp-json\/wp\/v2\/coleccion?post=79200"}],"curies":[{"name":"wp","href":"https:\/\/api.w.org\/{rel}","templated":true}]}}