{"id":79094,"date":"2024-08-08T18:30:18","date_gmt":"2024-08-08T16:30:18","guid":{"rendered":"https:\/\/www.editorialjuventud.es\/contes-de-patates-2-el-rei-del-mon-9788426149046\/"},"modified":"2025-09-22T11:22:23","modified_gmt":"2025-09-22T09:22:23","slug":"contes-de-patates-2-el-rei-del-mon-9788426149046","status":"publish","type":"product","link":"https:\/\/www.editorialjuventud.es\/ca\/contes-de-patates-2-el-rei-del-mon-9788426149046\/","title":{"rendered":"Contes de patates 2. El Rei del m\u00f3n!"},"content":{"rendered":"<p>En aquesta nova entrega de Contes de Patates, en Rot est\u00e0 for\u00e7a enfadat perqu\u00e8 ning\u00fa vol aventurar-se amb ell a fer espatatologia (l&#8217;espeleologia que fan les patates mutants, \u00e9s clar). Sembla que tothom t\u00e9 millors coses a fer, aix\u00ed que decideix anar-hi tot sol. La seva sort canvia quan troba una corona enterrada que fa que quan hom se la posa, se senti poder\u00f3s&#8230; se senti invencible&#8230; se senti el Rei del M\u00f3n! Quan porta aquesta corona al cap, tothom ha de fer el que ell diu, cosa que el Rot li agrada molt, per\u00f2 al final s&#8217;adona que nom\u00e9s ell s&#8217;ho passa b\u00e9, i que, potser, els poders d&#8217;aquesta corona li han pujat al cap&#8230;<br \/>\nJa tenim aqu\u00ed una nova entrega de Contes de Patates de Ben Clanton! Aquesta s\u00e8rie barreja la novel\u00b7la gr\u00e0fica amb els contes per cap\u00edtols, i els di\u00e0legs estan escrits en lletres maj\u00fascules, un format pensat per a potenciar la lectura aut\u00f2noma. A m\u00e9s, el carisma, la tendresa i l&#8217;humor (i el mal humor) d&#8217;aquest trio de patates mantindr\u00e0 els lectors rient, cantant i animant-los des de la primera p\u00e0gina fins a l&#8217;\u00faltima.<\/p>\n<p><img loading=\"lazy\" decoding=\"async\" class=\"alignnone size-full wp-image-80020\" src=\"https:\/\/www.editorialjuventud.es\/wp-content\/uploads\/Logo_Suport_ICEC-1-e1740049385653.jpg\" alt=\"\" width=\"500\" height=\"131\" \/><\/p>\n","protected":false},"excerpt":{"rendered":"En aquesta nova entrega de Contes de Patates, en Rot est\u00e0 for\u00e7a enfadat perqu\u00e8 ning\u00fa vol aventurar-se amb ell a fer espatatologia (l&#8217;espeleologia que fan les patates mutants, \u00e9s clar). Sembla que tothom t\u00e9 millors coses a fer, aix\u00ed que [&hellip;]","protected":false},"featured_media":79095,"template":"","meta":{"_acf_changed":false,"_exactmetrics_skip_tracking":false,"_exactmetrics_sitenote_active":false,"_exactmetrics_sitenote_note":"","_exactmetrics_sitenote_category":0},"product_brand":[],"product_cat":[900,1136,1146,1127,909,1182,1184,910],"product_tag":[],"coleccion":[1370,922],"class_list":{"0":"post-79094","1":"product","2":"type-product","3":"status-publish","4":"has-post-thumbnail","6":"product_cat-a-partir-de-5-anos","7":"product_cat-amistad","8":"product_cat-celos","9":"product_cat-comic","10":"product_cat-este-mes","11":"product_cat-hermanos","12":"product_cat-humor","13":"product_cat-ultimas-novedades","14":"coleccion-contes-de-patates","15":"coleccion-joventut-comic","17":"first","18":"instock","19":"taxable","20":"shipping-taxable","21":"purchasable","22":"product-type-simple"},"acf":{"indice":"","autor":"Clanton, Ben","codart":"4904","ediciones":"1","encuadernacion":"Carton\u00e9","fecha_de_publicacion":"01\/09\/2024","fecha_de_reimpresion":"","novedad":"0","paginas":"88","subtitulo":"","texto_web_adicional":"","autores-libros":[16284],"ilustradores-libros":"","texto_web_novedad":"","orden":"999","portada":"0","texto_web_resaltado":"","traductores-libros":[58414],"descripcion_corta":"","recomendamos":"","mas_vendido":"","idioma-libro":"","color":false,"formato":"","mas_informacion_del_producto":false,"premios":false,"deshabilitar_compra":[],"titulo-fr":"","texto-fr":"","texto_enlace_cubierta":"","enlace_cubierta":{"ID":79127,"id":79127,"title":"EL REI DE MON_CAT","filename":"EL-REI-DE-MON_CAT.tif","filesize":31034600,"url":"https:\/\/www.editorialjuventud.es\/wp-content\/uploads\/EL-REI-DE-MON_CAT.tif","link":"https:\/\/www.editorialjuventud.es\/ca\/?attachment_id=79127","alt":"","author":"50","description":"","caption":"","name":"el-rei-de-mon_cat","status":"inherit","uploaded_to":79094,"date":"2024-08-09 09:53:42","modified":"2024-08-09 09:53:42","menu_order":0,"mime_type":"image\/tiff","type":"image","subtype":"tiff","icon":"https:\/\/www.editorialjuventud.es\/wp-includes\/images\/media\/default.png","width":0,"height":0,"sizes":{"thumbnail":"https:\/\/www.editorialjuventud.es\/wp-content\/uploads\/EL-REI-DE-MON_CAT.tif","thumbnail-width":1,"thumbnail-height":1,"medium":"https:\/\/www.editorialjuventud.es\/wp-content\/uploads\/EL-REI-DE-MON_CAT.tif","medium-width":0,"medium-height":0,"medium_large":"https:\/\/www.editorialjuventud.es\/wp-content\/uploads\/EL-REI-DE-MON_CAT.tif","medium_large-width":1,"medium_large-height":1,"large":"https:\/\/www.editorialjuventud.es\/wp-content\/uploads\/EL-REI-DE-MON_CAT.tif","large-width":0,"large-height":0,"1536x1536":"https:\/\/www.editorialjuventud.es\/wp-content\/uploads\/EL-REI-DE-MON_CAT.tif","1536x1536-width":1,"1536x1536-height":1,"2048x2048":"https:\/\/www.editorialjuventud.es\/wp-content\/uploads\/EL-REI-DE-MON_CAT.tif","2048x2048-width":1,"2048x2048-height":1,"woocommerce_thumbnail":"https:\/\/www.editorialjuventud.es\/wp-content\/uploads\/EL-REI-DE-MON_CAT.tif","woocommerce_thumbnail-width":1,"woocommerce_thumbnail-height":1,"woocommerce_single":"https:\/\/www.editorialjuventud.es\/wp-content\/uploads\/EL-REI-DE-MON_CAT.tif","woocommerce_single-width":1,"woocommerce_single-height":1,"woocommerce_gallery_thumbnail":"https:\/\/www.editorialjuventud.es\/wp-content\/uploads\/EL-REI-DE-MON_CAT.tif","woocommerce_gallery_thumbnail-width":1,"woocommerce_gallery_thumbnail-height":1,"ppec_logo_image_size":"https:\/\/www.editorialjuventud.es\/wp-content\/uploads\/EL-REI-DE-MON_CAT.tif","ppec_logo_image_size-width":1,"ppec_logo_image_size-height":1,"ppec_header_image_size":"https:\/\/www.editorialjuventud.es\/wp-content\/uploads\/EL-REI-DE-MON_CAT.tif","ppec_header_image_size-width":1,"ppec_header_image_size-height":1}},"texto_enlace_ficha_tecnica":"","enlace_ficha_tecnica":{"ID":79123,"id":79123,"title":"El Rei del mon_CAT","filename":"El-Rei-del-mon_CAT.pdf","filesize":12264456,"url":"https:\/\/www.editorialjuventud.es\/wp-content\/uploads\/El-Rei-del-mon_CAT.pdf","link":"https:\/\/www.editorialjuventud.es\/ca\/?attachment_id=79123","alt":"","author":"50","description":"","caption":"","name":"el-rei-del-mon_cat","status":"inherit","uploaded_to":79094,"date":"2024-08-09 09:42:08","modified":"2024-08-09 09:42:08","menu_order":0,"mime_type":"application\/pdf","type":"application","subtype":"pdf","icon":"https:\/\/www.editorialjuventud.es\/wp-includes\/images\/media\/document.png"},"ficheros":false},"yoast_head":"<!-- This site is optimized with the Yoast SEO plugin v27.3 - https:\/\/yoast.com\/product\/yoast-seo-wordpress\/ -->\n<title>Contes de patates 2. El Rei del m\u00f3n! - Editorial Juventud<\/title>\n<meta name=\"description\" content=\"En aquesta nova entrega de Contes de Patates, en Rot est\u00e0 for\u00e7a enfadat perqu\u00e8 ning\u00fa vol aventurar-se amb ell a fer espatatologia (l&#039;espeleologia que fan\" \/>\n<meta name=\"robots\" content=\"index, follow, max-snippet:-1, max-image-preview:large, max-video-preview:-1\" \/>\n<link rel=\"canonical\" href=\"https:\/\/www.editorialjuventud.es\/contes-de-patates-2-el-rei-del-mon-9788426149046\/\" \/>\n<meta property=\"og:locale\" content=\"ca_ES\" \/>\n<meta property=\"og:type\" content=\"article\" \/>\n<meta property=\"og:title\" content=\"Contes de patates 2. El Rei del m\u00f3n! - Editorial Juventud\" \/>\n<meta property=\"og:description\" content=\"En aquesta nova entrega de Contes de Patates, en Rot est\u00e0 for\u00e7a enfadat perqu\u00e8 ning\u00fa vol aventurar-se amb ell a fer espatatologia (l&#039;espeleologia que fan\" \/>\n<meta property=\"og:url\" content=\"https:\/\/www.editorialjuventud.es\/contes-de-patates-2-el-rei-del-mon-9788426149046\/\" \/>\n<meta property=\"og:site_name\" content=\"Editorial Juventud\" \/>\n<meta property=\"article:modified_time\" content=\"2025-09-22T09:22:23+00:00\" \/>\n<meta property=\"og:image\" content=\"https:\/\/www.editorialjuventud.es\/wp-content\/uploads\/9788426149046.jpg\" \/>\n\t<meta property=\"og:image:width\" content=\"610\" \/>\n\t<meta property=\"og:image:height\" content=\"850\" \/>\n\t<meta property=\"og:image:type\" content=\"image\/jpeg\" \/>\n<meta name=\"twitter:card\" content=\"summary_large_image\" \/>\n<meta name=\"twitter:label1\" content=\"Temps estimat de lectura\" \/>\n\t<meta name=\"twitter:data1\" content=\"2 minuts\" \/>\n<script type=\"application\/ld+json\" class=\"yoast-schema-graph\">{\"@context\":\"https:\\\/\\\/schema.org\",\"@graph\":[{\"@type\":\"WebPage\",\"@id\":\"https:\\\/\\\/www.editorialjuventud.es\\\/contes-de-patates-2-el-rei-del-mon-9788426149046\\\/\",\"url\":\"https:\\\/\\\/www.editorialjuventud.es\\\/contes-de-patates-2-el-rei-del-mon-9788426149046\\\/\",\"name\":\"Contes de patates 2. El Rei del m\u00f3n! - Editorial Juventud\",\"isPartOf\":{\"@id\":\"https:\\\/\\\/www.editorialjuventud.es\\\/#website\"},\"primaryImageOfPage\":{\"@id\":\"https:\\\/\\\/www.editorialjuventud.es\\\/contes-de-patates-2-el-rei-del-mon-9788426149046\\\/#primaryimage\"},\"image\":{\"@id\":\"https:\\\/\\\/www.editorialjuventud.es\\\/contes-de-patates-2-el-rei-del-mon-9788426149046\\\/#primaryimage\"},\"thumbnailUrl\":\"https:\\\/\\\/www.editorialjuventud.es\\\/wp-content\\\/uploads\\\/9788426149046.jpg\",\"datePublished\":\"2024-08-08T16:30:18+00:00\",\"dateModified\":\"2025-09-22T09:22:23+00:00\",\"description\":\"En aquesta nova entrega de Contes de Patates, en Rot est\u00e0 for\u00e7a enfadat perqu\u00e8 ning\u00fa vol aventurar-se amb ell a fer espatatologia (l'espeleologia que fan\",\"breadcrumb\":{\"@id\":\"https:\\\/\\\/www.editorialjuventud.es\\\/contes-de-patates-2-el-rei-del-mon-9788426149046\\\/#breadcrumb\"},\"inLanguage\":\"ca\",\"potentialAction\":[{\"@type\":\"ReadAction\",\"target\":[\"https:\\\/\\\/www.editorialjuventud.es\\\/contes-de-patates-2-el-rei-del-mon-9788426149046\\\/\"]}]},{\"@type\":\"ImageObject\",\"inLanguage\":\"ca\",\"@id\":\"https:\\\/\\\/www.editorialjuventud.es\\\/contes-de-patates-2-el-rei-del-mon-9788426149046\\\/#primaryimage\",\"url\":\"https:\\\/\\\/www.editorialjuventud.es\\\/wp-content\\\/uploads\\\/9788426149046.jpg\",\"contentUrl\":\"https:\\\/\\\/www.editorialjuventud.es\\\/wp-content\\\/uploads\\\/9788426149046.jpg\",\"width\":610,\"height\":850,\"caption\":\"9788426149046.jpg\"},{\"@type\":\"BreadcrumbList\",\"@id\":\"https:\\\/\\\/www.editorialjuventud.es\\\/contes-de-patates-2-el-rei-del-mon-9788426149046\\\/#breadcrumb\",\"itemListElement\":[{\"@type\":\"ListItem\",\"position\":1,\"name\":\"Portada\",\"item\":\"https:\\\/\\\/www.editorialjuventud.es\\\/\"},{\"@type\":\"ListItem\",\"position\":2,\"name\":\"cat\u00e1logo\",\"item\":\"https:\\\/\\\/www.editorialjuventud.es\\\/coleccion\\\/catalogo\\\/\"},{\"@type\":\"ListItem\",\"position\":3,\"name\":\"catal\u00e0\",\"item\":\"https:\\\/\\\/www.editorialjuventud.es\\\/coleccion\\\/catala\\\/\"},{\"@type\":\"ListItem\",\"position\":4,\"name\":\"Joventut C\u00f2mic\",\"item\":\"https:\\\/\\\/www.editorialjuventud.es\\\/ca\\\/coleccion\\\/joventut-comic\\\/\"},{\"@type\":\"ListItem\",\"position\":5,\"name\":\"Contes de Patates\",\"item\":\"https:\\\/\\\/www.editorialjuventud.es\\\/ca\\\/coleccion\\\/contes-de-patates\\\/\"},{\"@type\":\"ListItem\",\"position\":6,\"name\":\"Contes de patates 2. El Rei del m\u00f3n!\"}]},{\"@type\":\"WebSite\",\"@id\":\"https:\\\/\\\/www.editorialjuventud.es\\\/#website\",\"url\":\"https:\\\/\\\/www.editorialjuventud.es\\\/\",\"name\":\"Editorial Juventud\",\"description\":\"\",\"potentialAction\":[{\"@type\":\"SearchAction\",\"target\":{\"@type\":\"EntryPoint\",\"urlTemplate\":\"https:\\\/\\\/www.editorialjuventud.es\\\/?s={search_term_string}\"},\"query-input\":{\"@type\":\"PropertyValueSpecification\",\"valueRequired\":true,\"valueName\":\"search_term_string\"}}],\"inLanguage\":\"ca\"}]}<\/script>\n<!-- \/ Yoast SEO plugin. -->","yoast_head_json":{"title":"Contes de patates 2. El Rei del m\u00f3n! - Editorial Juventud","description":"En aquesta nova entrega de Contes de Patates, en Rot est\u00e0 for\u00e7a enfadat perqu\u00e8 ning\u00fa vol aventurar-se amb ell a fer espatatologia (l'espeleologia que fan","robots":{"index":"index","follow":"follow","max-snippet":"max-snippet:-1","max-image-preview":"max-image-preview:large","max-video-preview":"max-video-preview:-1"},"canonical":"https:\/\/www.editorialjuventud.es\/contes-de-patates-2-el-rei-del-mon-9788426149046\/","og_locale":"ca_ES","og_type":"article","og_title":"Contes de patates 2. El Rei del m\u00f3n! - Editorial Juventud","og_description":"En aquesta nova entrega de Contes de Patates, en Rot est\u00e0 for\u00e7a enfadat perqu\u00e8 ning\u00fa vol aventurar-se amb ell a fer espatatologia (l'espeleologia que fan","og_url":"https:\/\/www.editorialjuventud.es\/contes-de-patates-2-el-rei-del-mon-9788426149046\/","og_site_name":"Editorial Juventud","article_modified_time":"2025-09-22T09:22:23+00:00","og_image":[{"width":610,"height":850,"url":"https:\/\/www.editorialjuventud.es\/wp-content\/uploads\/9788426149046.jpg","type":"image\/jpeg"}],"twitter_card":"summary_large_image","twitter_misc":{"Temps estimat de lectura":"2 minuts"},"schema":{"@context":"https:\/\/schema.org","@graph":[{"@type":"WebPage","@id":"https:\/\/www.editorialjuventud.es\/contes-de-patates-2-el-rei-del-mon-9788426149046\/","url":"https:\/\/www.editorialjuventud.es\/contes-de-patates-2-el-rei-del-mon-9788426149046\/","name":"Contes de patates 2. El Rei del m\u00f3n! - Editorial Juventud","isPartOf":{"@id":"https:\/\/www.editorialjuventud.es\/#website"},"primaryImageOfPage":{"@id":"https:\/\/www.editorialjuventud.es\/contes-de-patates-2-el-rei-del-mon-9788426149046\/#primaryimage"},"image":{"@id":"https:\/\/www.editorialjuventud.es\/contes-de-patates-2-el-rei-del-mon-9788426149046\/#primaryimage"},"thumbnailUrl":"https:\/\/www.editorialjuventud.es\/wp-content\/uploads\/9788426149046.jpg","datePublished":"2024-08-08T16:30:18+00:00","dateModified":"2025-09-22T09:22:23+00:00","description":"En aquesta nova entrega de Contes de Patates, en Rot est\u00e0 for\u00e7a enfadat perqu\u00e8 ning\u00fa vol aventurar-se amb ell a fer espatatologia (l'espeleologia que fan","breadcrumb":{"@id":"https:\/\/www.editorialjuventud.es\/contes-de-patates-2-el-rei-del-mon-9788426149046\/#breadcrumb"},"inLanguage":"ca","potentialAction":[{"@type":"ReadAction","target":["https:\/\/www.editorialjuventud.es\/contes-de-patates-2-el-rei-del-mon-9788426149046\/"]}]},{"@type":"ImageObject","inLanguage":"ca","@id":"https:\/\/www.editorialjuventud.es\/contes-de-patates-2-el-rei-del-mon-9788426149046\/#primaryimage","url":"https:\/\/www.editorialjuventud.es\/wp-content\/uploads\/9788426149046.jpg","contentUrl":"https:\/\/www.editorialjuventud.es\/wp-content\/uploads\/9788426149046.jpg","width":610,"height":850,"caption":"9788426149046.jpg"},{"@type":"BreadcrumbList","@id":"https:\/\/www.editorialjuventud.es\/contes-de-patates-2-el-rei-del-mon-9788426149046\/#breadcrumb","itemListElement":[{"@type":"ListItem","position":1,"name":"Portada","item":"https:\/\/www.editorialjuventud.es\/"},{"@type":"ListItem","position":2,"name":"cat\u00e1logo","item":"https:\/\/www.editorialjuventud.es\/coleccion\/catalogo\/"},{"@type":"ListItem","position":3,"name":"catal\u00e0","item":"https:\/\/www.editorialjuventud.es\/coleccion\/catala\/"},{"@type":"ListItem","position":4,"name":"Joventut C\u00f2mic","item":"https:\/\/www.editorialjuventud.es\/ca\/coleccion\/joventut-comic\/"},{"@type":"ListItem","position":5,"name":"Contes de Patates","item":"https:\/\/www.editorialjuventud.es\/ca\/coleccion\/contes-de-patates\/"},{"@type":"ListItem","position":6,"name":"Contes de patates 2. El Rei del m\u00f3n!"}]},{"@type":"WebSite","@id":"https:\/\/www.editorialjuventud.es\/#website","url":"https:\/\/www.editorialjuventud.es\/","name":"Editorial Juventud","description":"","potentialAction":[{"@type":"SearchAction","target":{"@type":"EntryPoint","urlTemplate":"https:\/\/www.editorialjuventud.es\/?s={search_term_string}"},"query-input":{"@type":"PropertyValueSpecification","valueRequired":true,"valueName":"search_term_string"}}],"inLanguage":"ca"}]}},"_links":{"self":[{"href":"https:\/\/www.editorialjuventud.es\/ca\/wp-json\/wp\/v2\/product\/79094","targetHints":{"allow":["GET"]}}],"collection":[{"href":"https:\/\/www.editorialjuventud.es\/ca\/wp-json\/wp\/v2\/product"}],"about":[{"href":"https:\/\/www.editorialjuventud.es\/ca\/wp-json\/wp\/v2\/types\/product"}],"wp:featuredmedia":[{"embeddable":true,"href":"https:\/\/www.editorialjuventud.es\/ca\/wp-json\/wp\/v2\/media\/79095"}],"wp:attachment":[{"href":"https:\/\/www.editorialjuventud.es\/ca\/wp-json\/wp\/v2\/media?parent=79094"}],"wp:term":[{"taxonomy":"product_brand","embeddable":true,"href":"https:\/\/www.editorialjuventud.es\/ca\/wp-json\/wp\/v2\/product_brand?post=79094"},{"taxonomy":"product_cat","embeddable":true,"href":"https:\/\/www.editorialjuventud.es\/ca\/wp-json\/wp\/v2\/product_cat?post=79094"},{"taxonomy":"product_tag","embeddable":true,"href":"https:\/\/www.editorialjuventud.es\/ca\/wp-json\/wp\/v2\/product_tag?post=79094"},{"taxonomy":"coleccion","embeddable":true,"href":"https:\/\/www.editorialjuventud.es\/ca\/wp-json\/wp\/v2\/coleccion?post=79094"}],"curies":[{"name":"wp","href":"https:\/\/api.w.org\/{rel}","templated":true}]}}