{"id":78900,"date":"2024-06-28T14:36:46","date_gmt":"2024-06-28T10:36:46","guid":{"rendered":"https:\/\/www.editorialjuventud.es\/?post_type=product&#038;p=78900"},"modified":"2025-03-18T14:08:44","modified_gmt":"2025-03-18T13:08:44","slug":"la-granota-va-a-la-platja-9788426148803","status":"publish","type":"product","link":"https:\/\/www.editorialjuventud.es\/ca\/la-granota-va-a-la-platja-9788426148803\/","title":{"rendered":"La granota va a la platja"},"content":{"rendered":"<p>Al Bosc de la Gla sempre hi ha molta activitat! La Granota vol anar a passar el dia a la platja. Qu\u00e8 creus que necessitar\u00e0? Aixeca les solapes i ho sabr\u00e0s! Aquests llibres de cartr\u00f3 estan dissenyats per facilitar la introducci\u00f3 a la lectura al m\u00e9s menuts. Els textos rimats, ideals per a ser llegits en veu alta, van acompanyats de magn\u00edfiques il\u00b7lustracions que estimularan la imaginaci\u00f3 dels petits al mateix temps que els ajudar\u00e0 a entrar en la hist\u00f2ria. Aquesta obra, dels guardonats autors d&#8217;El Gr\u00fafal, far\u00e0 que els adults gaudeixin veient els m\u00e9s petits xalant de la lectura i descobrint el que s&#8217;amaga darrere les solapes del llibre.<\/p>\n<p><img loading=\"lazy\" decoding=\"async\" class=\"alignnone size-full wp-image-80020\" src=\"https:\/\/www.editorialjuventud.es\/wp-content\/uploads\/Logo_Suport_ICEC-1-e1740049385653.jpg\" alt=\"\" width=\"500\" height=\"131\" \/><\/p>\n","protected":false},"excerpt":{"rendered":"Al Bosc de la Gla sempre hi ha molta activitat! La Granota vol anar a passar el dia a la platja. Qu\u00e8 creus que necessitar\u00e0? Aixeca les solapes i ho sabr\u00e0s! Aquests llibres de cartr\u00f3 estan dissenyats per facilitar la [&hellip;]","protected":false},"featured_media":78907,"template":"","meta":{"_acf_changed":false,"_exactmetrics_skip_tracking":false,"_exactmetrics_sitenote_active":false,"_exactmetrics_sitenote_note":"","_exactmetrics_sitenote_category":0},"product_brand":[],"product_cat":[898,1121,1136,1138,1281,892,1115,893,1128,910],"product_tag":[],"coleccion":[915,963,920],"class_list":{"0":"post-78900","1":"product","2":"type-product","3":"status-publish","4":"has-post-thumbnail","6":"product_cat-a-partir-de-2-anos","7":"product_cat-albumes-ilustrados","8":"product_cat-amistad","9":"product_cat-animales","10":"product_cat-aprendizaje","11":"product_cat-edades","12":"product_cat-generos","13":"product_cat-novedades","14":"product_cat-tematica","15":"product_cat-ultimas-novedades","16":"coleccion-catala","17":"coleccion-contes-del-bosc-de-la-gla","18":"coleccion-els-meus-primers-llibres","20":"first","21":"instock","22":"taxable","23":"shipping-taxable","24":"purchasable","25":"product-type-simple"},"acf":{"descripcion_corta":"","portada":"0","orden":"999","novedad":"0","codart":"4880","recomendamos":"","mas_vendido":"","subtitulo":"","indice":"","autor":"Donaldson, Julia","autores-libros":[16329],"ilustradores-libros":[18092],"traductores-libros":[58416],"idioma-libro":"","fecha_de_publicacion":"01\/07\/2024","fecha_de_reimpresion":"","color":false,"paginas":"14","encuadernacion":"Cart\u00f3n","ediciones":"1","formato":"","mas_informacion_del_producto":false,"premios":false,"texto_web_resaltado":"","texto_web_novedad":"","texto_web_adicional":"","deshabilitar_compra":[],"texto_enlace_cubierta":"","enlace_cubierta":{"ID":78972,"id":78972,"title":"Exterior Frogs Day Out v3-traz.indd","filename":"La-grenota-va-a-la-plate_Cover_CAT-scaled.jpg","filesize":593342,"url":"https:\/\/www.editorialjuventud.es\/wp-content\/uploads\/La-grenota-va-a-la-plate_Cover_CAT-scaled.jpg","link":"https:\/\/www.editorialjuventud.es\/ca\/?attachment_id=78972","alt":"","author":"50","description":"","caption":"","name":"exterior-frogs-day-out-v3-traz-indd-5","status":"inherit","uploaded_to":78900,"date":"2024-07-01 08:30:13","modified":"2024-07-01 08:30:13","menu_order":0,"mime_type":"image\/jpeg","type":"image","subtype":"jpeg","icon":"https:\/\/www.editorialjuventud.es\/wp-includes\/images\/media\/default.png","width":2560,"height":2086,"sizes":{"thumbnail":"https:\/\/www.editorialjuventud.es\/wp-content\/uploads\/La-grenota-va-a-la-plate_Cover_CAT-200x200.jpg","thumbnail-width":200,"thumbnail-height":200,"medium":"https:\/\/www.editorialjuventud.es\/wp-content\/uploads\/La-grenota-va-a-la-plate_Cover_CAT-scaled.jpg","medium-width":2560,"medium-height":2086,"medium_large":"https:\/\/www.editorialjuventud.es\/wp-content\/uploads\/La-grenota-va-a-la-plate_Cover_CAT-768x626.jpg","medium_large-width":768,"medium_large-height":626,"large":"https:\/\/www.editorialjuventud.es\/wp-content\/uploads\/La-grenota-va-a-la-plate_Cover_CAT-scaled.jpg","large-width":2560,"large-height":2086,"1536x1536":"https:\/\/www.editorialjuventud.es\/wp-content\/uploads\/La-grenota-va-a-la-plate_Cover_CAT-1536x1252.jpg","1536x1536-width":1536,"1536x1536-height":1252,"2048x2048":"https:\/\/www.editorialjuventud.es\/wp-content\/uploads\/La-grenota-va-a-la-plate_Cover_CAT-2048x1669.jpg","2048x2048-width":2048,"2048x2048-height":1669,"woocommerce_thumbnail":"https:\/\/www.editorialjuventud.es\/wp-content\/uploads\/La-grenota-va-a-la-plate_Cover_CAT-350x285.jpg","woocommerce_thumbnail-width":350,"woocommerce_thumbnail-height":285,"woocommerce_single":"https:\/\/www.editorialjuventud.es\/wp-content\/uploads\/La-grenota-va-a-la-plate_Cover_CAT-900x733.jpg","woocommerce_single-width":900,"woocommerce_single-height":733,"woocommerce_gallery_thumbnail":"https:\/\/www.editorialjuventud.es\/wp-content\/uploads\/La-grenota-va-a-la-plate_Cover_CAT-100x100.jpg","woocommerce_gallery_thumbnail-width":100,"woocommerce_gallery_thumbnail-height":100,"ppec_logo_image_size":"https:\/\/www.editorialjuventud.es\/wp-content\/uploads\/La-grenota-va-a-la-plate_Cover_CAT-74x60.jpg","ppec_logo_image_size-width":74,"ppec_logo_image_size-height":60,"ppec_header_image_size":"https:\/\/www.editorialjuventud.es\/wp-content\/uploads\/La-grenota-va-a-la-plate_Cover_CAT-110x90.jpg","ppec_header_image_size-width":110,"ppec_header_image_size-height":90}},"texto_enlace_ficha_tecnica":"","enlace_ficha_tecnica":{"ID":79611,"id":79611,"title":"GranotaLiro_Fitxe_CAT","filename":"GranotaLiro_Fitxe_CAT-2.pdf","filesize":1540439,"url":"https:\/\/www.editorialjuventud.es\/wp-content\/uploads\/GranotaLiro_Fitxe_CAT-2.pdf","link":"https:\/\/www.editorialjuventud.es\/ca\/?attachment_id=79611","alt":"","author":"1519","description":"","caption":"","name":"granotaliro_fitxe_cat-3","status":"inherit","uploaded_to":78900,"date":"2024-11-14 11:17:14","modified":"2024-11-14 11:17:14","menu_order":0,"mime_type":"application\/pdf","type":"application","subtype":"pdf","icon":"https:\/\/www.editorialjuventud.es\/wp-includes\/images\/media\/document.png"},"ficheros":false,"titulo-fr":"","texto-fr":""},"yoast_head":"<!-- This site is optimized with the Yoast SEO plugin v27.5 - https:\/\/yoast.com\/product\/yoast-seo-wordpress\/ -->\n<title>La granota va a la platja - Editorial Juventud<\/title>\n<meta name=\"description\" content=\"Al Bosc de la Gla sempre hi ha molta activitat! La Granota vol anar a passar el dia a la platja. Qu\u00e8 creus que necessitar\u00e0? Aixeca les solapes i ho\" \/>\n<meta name=\"robots\" content=\"index, follow, max-snippet:-1, max-image-preview:large, max-video-preview:-1\" \/>\n<link rel=\"canonical\" href=\"https:\/\/www.editorialjuventud.es\/la-granota-va-a-la-platja-9788426148803\/\" \/>\n<meta property=\"og:locale\" content=\"ca_ES\" \/>\n<meta property=\"og:type\" content=\"article\" \/>\n<meta property=\"og:title\" content=\"La granota va a la platja - Editorial Juventud\" \/>\n<meta property=\"og:description\" content=\"Al Bosc de la Gla sempre hi ha molta activitat! La Granota vol anar a passar el dia a la platja. Qu\u00e8 creus que necessitar\u00e0? Aixeca les solapes i ho\" \/>\n<meta property=\"og:url\" content=\"https:\/\/www.editorialjuventud.es\/la-granota-va-a-la-platja-9788426148803\/\" \/>\n<meta property=\"og:site_name\" content=\"Editorial Juventud\" \/>\n<meta property=\"article:modified_time\" content=\"2025-03-18T13:08:44+00:00\" \/>\n<meta property=\"og:image\" content=\"https:\/\/www.editorialjuventud.es\/wp-content\/uploads\/9788426148803-1.jpg\" \/>\n\t<meta property=\"og:image:width\" content=\"567\" \/>\n\t<meta property=\"og:image:height\" content=\"462\" \/>\n\t<meta property=\"og:image:type\" content=\"image\/jpeg\" \/>\n<meta name=\"twitter:card\" content=\"summary_large_image\" \/>\n<meta name=\"twitter:label1\" content=\"Temps estimat de lectura\" \/>\n\t<meta name=\"twitter:data1\" content=\"1 minut\" \/>\n<script type=\"application\/ld+json\" class=\"yoast-schema-graph\">{\"@context\":\"https:\\\/\\\/schema.org\",\"@graph\":[{\"@type\":\"WebPage\",\"@id\":\"https:\\\/\\\/www.editorialjuventud.es\\\/la-granota-va-a-la-platja-9788426148803\\\/\",\"url\":\"https:\\\/\\\/www.editorialjuventud.es\\\/la-granota-va-a-la-platja-9788426148803\\\/\",\"name\":\"La granota va a la platja - Editorial Juventud\",\"isPartOf\":{\"@id\":\"https:\\\/\\\/www.editorialjuventud.es\\\/#website\"},\"primaryImageOfPage\":{\"@id\":\"https:\\\/\\\/www.editorialjuventud.es\\\/la-granota-va-a-la-platja-9788426148803\\\/#primaryimage\"},\"image\":{\"@id\":\"https:\\\/\\\/www.editorialjuventud.es\\\/la-granota-va-a-la-platja-9788426148803\\\/#primaryimage\"},\"thumbnailUrl\":\"https:\\\/\\\/www.editorialjuventud.es\\\/wp-content\\\/uploads\\\/9788426148803-1.jpg\",\"datePublished\":\"2024-06-28T10:36:46+00:00\",\"dateModified\":\"2025-03-18T13:08:44+00:00\",\"description\":\"Al Bosc de la Gla sempre hi ha molta activitat! La Granota vol anar a passar el dia a la platja. Qu\u00e8 creus que necessitar\u00e0? Aixeca les solapes i ho\",\"breadcrumb\":{\"@id\":\"https:\\\/\\\/www.editorialjuventud.es\\\/la-granota-va-a-la-platja-9788426148803\\\/#breadcrumb\"},\"inLanguage\":\"ca\",\"potentialAction\":[{\"@type\":\"ReadAction\",\"target\":[\"https:\\\/\\\/www.editorialjuventud.es\\\/la-granota-va-a-la-platja-9788426148803\\\/\"]}]},{\"@type\":\"ImageObject\",\"inLanguage\":\"ca\",\"@id\":\"https:\\\/\\\/www.editorialjuventud.es\\\/la-granota-va-a-la-platja-9788426148803\\\/#primaryimage\",\"url\":\"https:\\\/\\\/www.editorialjuventud.es\\\/wp-content\\\/uploads\\\/9788426148803-1.jpg\",\"contentUrl\":\"https:\\\/\\\/www.editorialjuventud.es\\\/wp-content\\\/uploads\\\/9788426148803-1.jpg\",\"width\":567,\"height\":462},{\"@type\":\"BreadcrumbList\",\"@id\":\"https:\\\/\\\/www.editorialjuventud.es\\\/la-granota-va-a-la-platja-9788426148803\\\/#breadcrumb\",\"itemListElement\":[{\"@type\":\"ListItem\",\"position\":1,\"name\":\"Portada\",\"item\":\"https:\\\/\\\/www.editorialjuventud.es\\\/\"},{\"@type\":\"ListItem\",\"position\":2,\"name\":\"cat\u00e1logo\",\"item\":\"https:\\\/\\\/www.editorialjuventud.es\\\/coleccion\\\/catalogo\\\/\"},{\"@type\":\"ListItem\",\"position\":3,\"name\":\"catal\u00e0\",\"item\":\"https:\\\/\\\/www.editorialjuventud.es\\\/coleccion\\\/catala\\\/\"},{\"@type\":\"ListItem\",\"position\":4,\"name\":\"Els Meus Primers Llibres\",\"item\":\"https:\\\/\\\/www.editorialjuventud.es\\\/ca\\\/coleccion\\\/els-meus-primers-llibres\\\/\"},{\"@type\":\"ListItem\",\"position\":5,\"name\":\"Contes del Bosc de la Gla\",\"item\":\"https:\\\/\\\/www.editorialjuventud.es\\\/ca\\\/coleccion\\\/contes-del-bosc-de-la-gla\\\/\"},{\"@type\":\"ListItem\",\"position\":6,\"name\":\"La granota va a la platja\"}]},{\"@type\":\"WebSite\",\"@id\":\"https:\\\/\\\/www.editorialjuventud.es\\\/#website\",\"url\":\"https:\\\/\\\/www.editorialjuventud.es\\\/\",\"name\":\"Editorial Juventud\",\"description\":\"\",\"potentialAction\":[{\"@type\":\"SearchAction\",\"target\":{\"@type\":\"EntryPoint\",\"urlTemplate\":\"https:\\\/\\\/www.editorialjuventud.es\\\/?s={search_term_string}\"},\"query-input\":{\"@type\":\"PropertyValueSpecification\",\"valueRequired\":true,\"valueName\":\"search_term_string\"}}],\"inLanguage\":\"ca\"}]}<\/script>\n<!-- \/ Yoast SEO plugin. -->","yoast_head_json":{"title":"La granota va a la platja - Editorial Juventud","description":"Al Bosc de la Gla sempre hi ha molta activitat! La Granota vol anar a passar el dia a la platja. Qu\u00e8 creus que necessitar\u00e0? Aixeca les solapes i ho","robots":{"index":"index","follow":"follow","max-snippet":"max-snippet:-1","max-image-preview":"max-image-preview:large","max-video-preview":"max-video-preview:-1"},"canonical":"https:\/\/www.editorialjuventud.es\/la-granota-va-a-la-platja-9788426148803\/","og_locale":"ca_ES","og_type":"article","og_title":"La granota va a la platja - Editorial Juventud","og_description":"Al Bosc de la Gla sempre hi ha molta activitat! La Granota vol anar a passar el dia a la platja. Qu\u00e8 creus que necessitar\u00e0? Aixeca les solapes i ho","og_url":"https:\/\/www.editorialjuventud.es\/la-granota-va-a-la-platja-9788426148803\/","og_site_name":"Editorial Juventud","article_modified_time":"2025-03-18T13:08:44+00:00","og_image":[{"width":567,"height":462,"url":"https:\/\/www.editorialjuventud.es\/wp-content\/uploads\/9788426148803-1.jpg","type":"image\/jpeg"}],"twitter_card":"summary_large_image","twitter_misc":{"Temps estimat de lectura":"1 minut"},"schema":{"@context":"https:\/\/schema.org","@graph":[{"@type":"WebPage","@id":"https:\/\/www.editorialjuventud.es\/la-granota-va-a-la-platja-9788426148803\/","url":"https:\/\/www.editorialjuventud.es\/la-granota-va-a-la-platja-9788426148803\/","name":"La granota va a la platja - Editorial Juventud","isPartOf":{"@id":"https:\/\/www.editorialjuventud.es\/#website"},"primaryImageOfPage":{"@id":"https:\/\/www.editorialjuventud.es\/la-granota-va-a-la-platja-9788426148803\/#primaryimage"},"image":{"@id":"https:\/\/www.editorialjuventud.es\/la-granota-va-a-la-platja-9788426148803\/#primaryimage"},"thumbnailUrl":"https:\/\/www.editorialjuventud.es\/wp-content\/uploads\/9788426148803-1.jpg","datePublished":"2024-06-28T10:36:46+00:00","dateModified":"2025-03-18T13:08:44+00:00","description":"Al Bosc de la Gla sempre hi ha molta activitat! La Granota vol anar a passar el dia a la platja. Qu\u00e8 creus que necessitar\u00e0? Aixeca les solapes i ho","breadcrumb":{"@id":"https:\/\/www.editorialjuventud.es\/la-granota-va-a-la-platja-9788426148803\/#breadcrumb"},"inLanguage":"ca","potentialAction":[{"@type":"ReadAction","target":["https:\/\/www.editorialjuventud.es\/la-granota-va-a-la-platja-9788426148803\/"]}]},{"@type":"ImageObject","inLanguage":"ca","@id":"https:\/\/www.editorialjuventud.es\/la-granota-va-a-la-platja-9788426148803\/#primaryimage","url":"https:\/\/www.editorialjuventud.es\/wp-content\/uploads\/9788426148803-1.jpg","contentUrl":"https:\/\/www.editorialjuventud.es\/wp-content\/uploads\/9788426148803-1.jpg","width":567,"height":462},{"@type":"BreadcrumbList","@id":"https:\/\/www.editorialjuventud.es\/la-granota-va-a-la-platja-9788426148803\/#breadcrumb","itemListElement":[{"@type":"ListItem","position":1,"name":"Portada","item":"https:\/\/www.editorialjuventud.es\/"},{"@type":"ListItem","position":2,"name":"cat\u00e1logo","item":"https:\/\/www.editorialjuventud.es\/coleccion\/catalogo\/"},{"@type":"ListItem","position":3,"name":"catal\u00e0","item":"https:\/\/www.editorialjuventud.es\/coleccion\/catala\/"},{"@type":"ListItem","position":4,"name":"Els Meus Primers Llibres","item":"https:\/\/www.editorialjuventud.es\/ca\/coleccion\/els-meus-primers-llibres\/"},{"@type":"ListItem","position":5,"name":"Contes del Bosc de la Gla","item":"https:\/\/www.editorialjuventud.es\/ca\/coleccion\/contes-del-bosc-de-la-gla\/"},{"@type":"ListItem","position":6,"name":"La granota va a la platja"}]},{"@type":"WebSite","@id":"https:\/\/www.editorialjuventud.es\/#website","url":"https:\/\/www.editorialjuventud.es\/","name":"Editorial Juventud","description":"","potentialAction":[{"@type":"SearchAction","target":{"@type":"EntryPoint","urlTemplate":"https:\/\/www.editorialjuventud.es\/?s={search_term_string}"},"query-input":{"@type":"PropertyValueSpecification","valueRequired":true,"valueName":"search_term_string"}}],"inLanguage":"ca"}]}},"_links":{"self":[{"href":"https:\/\/www.editorialjuventud.es\/ca\/wp-json\/wp\/v2\/product\/78900","targetHints":{"allow":["GET"]}}],"collection":[{"href":"https:\/\/www.editorialjuventud.es\/ca\/wp-json\/wp\/v2\/product"}],"about":[{"href":"https:\/\/www.editorialjuventud.es\/ca\/wp-json\/wp\/v2\/types\/product"}],"wp:featuredmedia":[{"embeddable":true,"href":"https:\/\/www.editorialjuventud.es\/ca\/wp-json\/wp\/v2\/media\/78907"}],"wp:attachment":[{"href":"https:\/\/www.editorialjuventud.es\/ca\/wp-json\/wp\/v2\/media?parent=78900"}],"wp:term":[{"taxonomy":"product_brand","embeddable":true,"href":"https:\/\/www.editorialjuventud.es\/ca\/wp-json\/wp\/v2\/product_brand?post=78900"},{"taxonomy":"product_cat","embeddable":true,"href":"https:\/\/www.editorialjuventud.es\/ca\/wp-json\/wp\/v2\/product_cat?post=78900"},{"taxonomy":"product_tag","embeddable":true,"href":"https:\/\/www.editorialjuventud.es\/ca\/wp-json\/wp\/v2\/product_tag?post=78900"},{"taxonomy":"coleccion","embeddable":true,"href":"https:\/\/www.editorialjuventud.es\/ca\/wp-json\/wp\/v2\/coleccion?post=78900"}],"curies":[{"name":"wp","href":"https:\/\/api.w.org\/{rel}","templated":true}]}}