{"id":78891,"date":"2024-06-28T12:00:28","date_gmt":"2024-06-28T10:00:28","guid":{"rendered":"https:\/\/www.editorialjuventud.es\/?post_type=product&#038;p=78891"},"modified":"2025-06-20T09:28:25","modified_gmt":"2025-06-20T07:28:25","slug":"la-rana-va-a-la-playa-9788426148797","status":"publish","type":"product","link":"https:\/\/www.editorialjuventud.es\/ca\/la-rana-va-a-la-playa-9788426148797\/","title":{"rendered":"La rana va a la playa"},"content":{"rendered":"<p>\u00a1En el Bosque de la Bellota siempre hay mucha actividad! La Rana quiere ir a pasar el d\u00eda en la playa. \u00bfQu\u00e9 crees que va a necesitar? \u00a1Levanta las solapas y lo sabr\u00e1s!<br \/>\nEstos libros de cart\u00f3n est\u00e1n dise\u00f1ados para facilitar la introducci\u00f3n a la lectura a edades tempranas. Los textos rimados, ideales para leer en voz alta, van acompa\u00f1ados de magn\u00edficas ilustraciones que estimulan la imaginaci\u00f3n de los peque\u00f1os a la par que les ayudan a volcarse en la historia. Esta obra, de los galardonados autores de El Gr\u00fafalo, har\u00e1 que los adultos disfruten al ver a los m\u00e1s peque\u00f1os gozar de la lectura y descubriendo qu\u00e9 se esconde debajo de sus solapas.<\/p>\n<p><img loading=\"lazy\" decoding=\"async\" class=\"alignnone size-full wp-image-80020\" src=\"https:\/\/www.editorialjuventud.es\/wp-content\/uploads\/Logo_Suport_ICEC-1-e1740049385653.jpg\" alt=\"\" width=\"500\" height=\"131\" \/><\/p>\n","protected":false},"excerpt":{"rendered":"\u00a1En el Bosque de la Bellota siempre hay mucha actividad! La Rana quiere ir a pasar el d\u00eda en la playa. \u00bfQu\u00e9 crees que va a necesitar? \u00a1Levanta las solapas y lo sabr\u00e1s! Estos libros de cart\u00f3n est\u00e1n dise\u00f1ados para [&hellip;]","protected":false},"featured_media":78905,"template":"","meta":{"_acf_changed":false,"_exactmetrics_skip_tracking":false,"_exactmetrics_sitenote_active":false,"_exactmetrics_sitenote_note":"","_exactmetrics_sitenote_category":0},"product_brand":[],"product_cat":[898,1121,1136,1138,1281,893,910],"product_tag":[],"coleccion":[1015,1296],"class_list":{"0":"post-78891","1":"product","2":"type-product","3":"status-publish","4":"has-post-thumbnail","6":"product_cat-a-partir-de-2-anos","7":"product_cat-albumes-ilustrados","8":"product_cat-amistad","9":"product_cat-animales","10":"product_cat-aprendizaje","11":"product_cat-novedades","12":"product_cat-ultimas-novedades","13":"coleccion-cuentos-del-bosque-de-la-bellota","14":"coleccion-mis-primeros-libros","16":"first","17":"instock","18":"taxable","19":"shipping-taxable","20":"purchasable","21":"product-type-simple"},"acf":{"descripcion_corta":"","portada":"0","orden":"999","novedad":"0","codart":"4879","recomendamos":"","mas_vendido":"","subtitulo":"","indice":"","autor":"Donalson, J. \/ Scheffler, A.","autores-libros":[16329],"ilustradores-libros":[18092],"traductores-libros":"","idioma-libro":"","fecha_de_publicacion":"01\/07\/2024","fecha_de_reimpresion":"","color":false,"paginas":"24","encuadernacion":"Cart\u00f3n","ediciones":"1","formato":"","mas_informacion_del_producto":false,"premios":false,"texto_web_resaltado":"","texto_web_novedad":"","texto_web_adicional":"","deshabilitar_compra":["deshabilitar"],"texto_enlace_cubierta":"","enlace_cubierta":{"ID":78974,"id":78974,"title":"Exterior Frogs Day Out v3-traz.indd","filename":"La-Rana-va-a-la-playa_Cover_ES-scaled.jpg","filesize":591335,"url":"https:\/\/www.editorialjuventud.es\/wp-content\/uploads\/La-Rana-va-a-la-playa_Cover_ES-scaled.jpg","link":"https:\/\/www.editorialjuventud.es\/ca\/?attachment_id=78974","alt":"","author":"50","description":"","caption":"","name":"exterior-frogs-day-out-v3-traz-indd-6","status":"inherit","uploaded_to":78891,"date":"2024-07-01 08:30:59","modified":"2024-07-01 08:30:59","menu_order":0,"mime_type":"image\/jpeg","type":"image","subtype":"jpeg","icon":"https:\/\/www.editorialjuventud.es\/wp-includes\/images\/media\/default.png","width":2560,"height":2086,"sizes":{"thumbnail":"https:\/\/www.editorialjuventud.es\/wp-content\/uploads\/La-Rana-va-a-la-playa_Cover_ES-200x200.jpg","thumbnail-width":200,"thumbnail-height":200,"medium":"https:\/\/www.editorialjuventud.es\/wp-content\/uploads\/La-Rana-va-a-la-playa_Cover_ES-scaled.jpg","medium-width":2560,"medium-height":2086,"medium_large":"https:\/\/www.editorialjuventud.es\/wp-content\/uploads\/La-Rana-va-a-la-playa_Cover_ES-768x626.jpg","medium_large-width":768,"medium_large-height":626,"large":"https:\/\/www.editorialjuventud.es\/wp-content\/uploads\/La-Rana-va-a-la-playa_Cover_ES-scaled.jpg","large-width":2560,"large-height":2086,"1536x1536":"https:\/\/www.editorialjuventud.es\/wp-content\/uploads\/La-Rana-va-a-la-playa_Cover_ES-1536x1252.jpg","1536x1536-width":1536,"1536x1536-height":1252,"2048x2048":"https:\/\/www.editorialjuventud.es\/wp-content\/uploads\/La-Rana-va-a-la-playa_Cover_ES-2048x1669.jpg","2048x2048-width":2048,"2048x2048-height":1669,"woocommerce_thumbnail":"https:\/\/www.editorialjuventud.es\/wp-content\/uploads\/La-Rana-va-a-la-playa_Cover_ES-350x285.jpg","woocommerce_thumbnail-width":350,"woocommerce_thumbnail-height":285,"woocommerce_single":"https:\/\/www.editorialjuventud.es\/wp-content\/uploads\/La-Rana-va-a-la-playa_Cover_ES-900x733.jpg","woocommerce_single-width":900,"woocommerce_single-height":733,"woocommerce_gallery_thumbnail":"https:\/\/www.editorialjuventud.es\/wp-content\/uploads\/La-Rana-va-a-la-playa_Cover_ES-100x100.jpg","woocommerce_gallery_thumbnail-width":100,"woocommerce_gallery_thumbnail-height":100,"ppec_logo_image_size":"https:\/\/www.editorialjuventud.es\/wp-content\/uploads\/La-Rana-va-a-la-playa_Cover_ES-74x60.jpg","ppec_logo_image_size-width":74,"ppec_logo_image_size-height":60,"ppec_header_image_size":"https:\/\/www.editorialjuventud.es\/wp-content\/uploads\/La-Rana-va-a-la-playa_Cover_ES-110x90.jpg","ppec_header_image_size-width":110,"ppec_header_image_size-height":90}},"texto_enlace_ficha_tecnica":"","enlace_ficha_tecnica":{"ID":79617,"id":79617,"title":"RanaLiron_Fichas_CAST-1","filename":"RanaLiron_Fichas_CAST-1-1.pdf","filesize":1556819,"url":"https:\/\/www.editorialjuventud.es\/wp-content\/uploads\/RanaLiron_Fichas_CAST-1-1.pdf","link":"https:\/\/www.editorialjuventud.es\/ca\/?attachment_id=79617","alt":"","author":"1519","description":"","caption":"","name":"ranaliron_fichas_cast-1","status":"inherit","uploaded_to":78890,"date":"2024-11-14 11:25:13","modified":"2024-11-14 11:25:13","menu_order":0,"mime_type":"application\/pdf","type":"application","subtype":"pdf","icon":"https:\/\/www.editorialjuventud.es\/wp-includes\/images\/media\/document.png"},"ficheros":false,"titulo-fr":"","texto-fr":""},"yoast_head":"<!-- This site is optimized with the Yoast SEO plugin v27.5 - https:\/\/yoast.com\/product\/yoast-seo-wordpress\/ -->\n<title>La rana va a la playa - Editorial Juventud<\/title>\n<meta name=\"description\" content=\"\u00a1En el Bosque de la Bellota siempre hay mucha actividad! La Rana quiere ir a pasar el d\u00eda en la playa. \u00bfQu\u00e9 crees que va a necesitar? \u00a1Levanta las solapas\" \/>\n<meta name=\"robots\" content=\"index, follow, max-snippet:-1, max-image-preview:large, max-video-preview:-1\" \/>\n<link rel=\"canonical\" href=\"https:\/\/www.editorialjuventud.es\/la-rana-va-a-la-playa-9788426148797\/\" \/>\n<meta property=\"og:locale\" content=\"ca_ES\" \/>\n<meta property=\"og:type\" content=\"article\" \/>\n<meta property=\"og:title\" content=\"La rana va a la playa - Editorial Juventud\" \/>\n<meta property=\"og:description\" content=\"\u00a1En el Bosque de la Bellota siempre hay mucha actividad! La Rana quiere ir a pasar el d\u00eda en la playa. \u00bfQu\u00e9 crees que va a necesitar? \u00a1Levanta las solapas\" \/>\n<meta property=\"og:url\" content=\"https:\/\/www.editorialjuventud.es\/la-rana-va-a-la-playa-9788426148797\/\" \/>\n<meta property=\"og:site_name\" content=\"Editorial Juventud\" \/>\n<meta property=\"article:modified_time\" content=\"2025-06-20T07:28:25+00:00\" \/>\n<meta property=\"og:image\" content=\"https:\/\/www.editorialjuventud.es\/wp-content\/uploads\/9788426148797-1.jpg\" \/>\n\t<meta property=\"og:image:width\" content=\"567\" \/>\n\t<meta property=\"og:image:height\" content=\"462\" \/>\n\t<meta property=\"og:image:type\" content=\"image\/jpeg\" \/>\n<meta name=\"twitter:card\" content=\"summary_large_image\" \/>\n<meta name=\"twitter:label1\" content=\"Temps estimat de lectura\" \/>\n\t<meta name=\"twitter:data1\" content=\"1 minut\" \/>\n<script type=\"application\/ld+json\" class=\"yoast-schema-graph\">{\"@context\":\"https:\\\/\\\/schema.org\",\"@graph\":[{\"@type\":\"WebPage\",\"@id\":\"https:\\\/\\\/www.editorialjuventud.es\\\/la-rana-va-a-la-playa-9788426148797\\\/\",\"url\":\"https:\\\/\\\/www.editorialjuventud.es\\\/la-rana-va-a-la-playa-9788426148797\\\/\",\"name\":\"La rana va a la playa - Editorial Juventud\",\"isPartOf\":{\"@id\":\"https:\\\/\\\/www.editorialjuventud.es\\\/#website\"},\"primaryImageOfPage\":{\"@id\":\"https:\\\/\\\/www.editorialjuventud.es\\\/la-rana-va-a-la-playa-9788426148797\\\/#primaryimage\"},\"image\":{\"@id\":\"https:\\\/\\\/www.editorialjuventud.es\\\/la-rana-va-a-la-playa-9788426148797\\\/#primaryimage\"},\"thumbnailUrl\":\"https:\\\/\\\/www.editorialjuventud.es\\\/wp-content\\\/uploads\\\/9788426148797-1.jpg\",\"datePublished\":\"2024-06-28T10:00:28+00:00\",\"dateModified\":\"2025-06-20T07:28:25+00:00\",\"description\":\"\u00a1En el Bosque de la Bellota siempre hay mucha actividad! La Rana quiere ir a pasar el d\u00eda en la playa. \u00bfQu\u00e9 crees que va a necesitar? \u00a1Levanta las solapas\",\"breadcrumb\":{\"@id\":\"https:\\\/\\\/www.editorialjuventud.es\\\/la-rana-va-a-la-playa-9788426148797\\\/#breadcrumb\"},\"inLanguage\":\"ca\",\"potentialAction\":[{\"@type\":\"ReadAction\",\"target\":[\"https:\\\/\\\/www.editorialjuventud.es\\\/la-rana-va-a-la-playa-9788426148797\\\/\"]}]},{\"@type\":\"ImageObject\",\"inLanguage\":\"ca\",\"@id\":\"https:\\\/\\\/www.editorialjuventud.es\\\/la-rana-va-a-la-playa-9788426148797\\\/#primaryimage\",\"url\":\"https:\\\/\\\/www.editorialjuventud.es\\\/wp-content\\\/uploads\\\/9788426148797-1.jpg\",\"contentUrl\":\"https:\\\/\\\/www.editorialjuventud.es\\\/wp-content\\\/uploads\\\/9788426148797-1.jpg\",\"width\":567,\"height\":462},{\"@type\":\"BreadcrumbList\",\"@id\":\"https:\\\/\\\/www.editorialjuventud.es\\\/la-rana-va-a-la-playa-9788426148797\\\/#breadcrumb\",\"itemListElement\":[{\"@type\":\"ListItem\",\"position\":1,\"name\":\"Portada\",\"item\":\"https:\\\/\\\/www.editorialjuventud.es\\\/\"},{\"@type\":\"ListItem\",\"position\":2,\"name\":\"cat\u00e1logo\",\"item\":\"https:\\\/\\\/www.editorialjuventud.es\\\/coleccion\\\/catalogo\\\/\"},{\"@type\":\"ListItem\",\"position\":3,\"name\":\"castellano\",\"item\":\"https:\\\/\\\/www.editorialjuventud.es\\\/coleccion\\\/castellano\\\/\"},{\"@type\":\"ListItem\",\"position\":4,\"name\":\"Mis Primeros Libros\",\"item\":\"https:\\\/\\\/www.editorialjuventud.es\\\/coleccion\\\/mis-primeros-libros\\\/\"},{\"@type\":\"ListItem\",\"position\":5,\"name\":\"Cuentos del Bosque de la Bellota\",\"item\":\"https:\\\/\\\/www.editorialjuventud.es\\\/coleccion\\\/cuentos-del-bosque-de-la-bellota\\\/\"},{\"@type\":\"ListItem\",\"position\":6,\"name\":\"La rana va a la playa\"}]},{\"@type\":\"WebSite\",\"@id\":\"https:\\\/\\\/www.editorialjuventud.es\\\/#website\",\"url\":\"https:\\\/\\\/www.editorialjuventud.es\\\/\",\"name\":\"Editorial Juventud\",\"description\":\"\",\"potentialAction\":[{\"@type\":\"SearchAction\",\"target\":{\"@type\":\"EntryPoint\",\"urlTemplate\":\"https:\\\/\\\/www.editorialjuventud.es\\\/?s={search_term_string}\"},\"query-input\":{\"@type\":\"PropertyValueSpecification\",\"valueRequired\":true,\"valueName\":\"search_term_string\"}}],\"inLanguage\":\"ca\"}]}<\/script>\n<!-- \/ Yoast SEO plugin. -->","yoast_head_json":{"title":"La rana va a la playa - Editorial Juventud","description":"\u00a1En el Bosque de la Bellota siempre hay mucha actividad! La Rana quiere ir a pasar el d\u00eda en la playa. \u00bfQu\u00e9 crees que va a necesitar? \u00a1Levanta las solapas","robots":{"index":"index","follow":"follow","max-snippet":"max-snippet:-1","max-image-preview":"max-image-preview:large","max-video-preview":"max-video-preview:-1"},"canonical":"https:\/\/www.editorialjuventud.es\/la-rana-va-a-la-playa-9788426148797\/","og_locale":"ca_ES","og_type":"article","og_title":"La rana va a la playa - Editorial Juventud","og_description":"\u00a1En el Bosque de la Bellota siempre hay mucha actividad! La Rana quiere ir a pasar el d\u00eda en la playa. \u00bfQu\u00e9 crees que va a necesitar? \u00a1Levanta las solapas","og_url":"https:\/\/www.editorialjuventud.es\/la-rana-va-a-la-playa-9788426148797\/","og_site_name":"Editorial Juventud","article_modified_time":"2025-06-20T07:28:25+00:00","og_image":[{"width":567,"height":462,"url":"https:\/\/www.editorialjuventud.es\/wp-content\/uploads\/9788426148797-1.jpg","type":"image\/jpeg"}],"twitter_card":"summary_large_image","twitter_misc":{"Temps estimat de lectura":"1 minut"},"schema":{"@context":"https:\/\/schema.org","@graph":[{"@type":"WebPage","@id":"https:\/\/www.editorialjuventud.es\/la-rana-va-a-la-playa-9788426148797\/","url":"https:\/\/www.editorialjuventud.es\/la-rana-va-a-la-playa-9788426148797\/","name":"La rana va a la playa - Editorial Juventud","isPartOf":{"@id":"https:\/\/www.editorialjuventud.es\/#website"},"primaryImageOfPage":{"@id":"https:\/\/www.editorialjuventud.es\/la-rana-va-a-la-playa-9788426148797\/#primaryimage"},"image":{"@id":"https:\/\/www.editorialjuventud.es\/la-rana-va-a-la-playa-9788426148797\/#primaryimage"},"thumbnailUrl":"https:\/\/www.editorialjuventud.es\/wp-content\/uploads\/9788426148797-1.jpg","datePublished":"2024-06-28T10:00:28+00:00","dateModified":"2025-06-20T07:28:25+00:00","description":"\u00a1En el Bosque de la Bellota siempre hay mucha actividad! La Rana quiere ir a pasar el d\u00eda en la playa. \u00bfQu\u00e9 crees que va a necesitar? \u00a1Levanta las solapas","breadcrumb":{"@id":"https:\/\/www.editorialjuventud.es\/la-rana-va-a-la-playa-9788426148797\/#breadcrumb"},"inLanguage":"ca","potentialAction":[{"@type":"ReadAction","target":["https:\/\/www.editorialjuventud.es\/la-rana-va-a-la-playa-9788426148797\/"]}]},{"@type":"ImageObject","inLanguage":"ca","@id":"https:\/\/www.editorialjuventud.es\/la-rana-va-a-la-playa-9788426148797\/#primaryimage","url":"https:\/\/www.editorialjuventud.es\/wp-content\/uploads\/9788426148797-1.jpg","contentUrl":"https:\/\/www.editorialjuventud.es\/wp-content\/uploads\/9788426148797-1.jpg","width":567,"height":462},{"@type":"BreadcrumbList","@id":"https:\/\/www.editorialjuventud.es\/la-rana-va-a-la-playa-9788426148797\/#breadcrumb","itemListElement":[{"@type":"ListItem","position":1,"name":"Portada","item":"https:\/\/www.editorialjuventud.es\/"},{"@type":"ListItem","position":2,"name":"cat\u00e1logo","item":"https:\/\/www.editorialjuventud.es\/coleccion\/catalogo\/"},{"@type":"ListItem","position":3,"name":"castellano","item":"https:\/\/www.editorialjuventud.es\/coleccion\/castellano\/"},{"@type":"ListItem","position":4,"name":"Mis Primeros Libros","item":"https:\/\/www.editorialjuventud.es\/coleccion\/mis-primeros-libros\/"},{"@type":"ListItem","position":5,"name":"Cuentos del Bosque de la Bellota","item":"https:\/\/www.editorialjuventud.es\/coleccion\/cuentos-del-bosque-de-la-bellota\/"},{"@type":"ListItem","position":6,"name":"La rana va a la playa"}]},{"@type":"WebSite","@id":"https:\/\/www.editorialjuventud.es\/#website","url":"https:\/\/www.editorialjuventud.es\/","name":"Editorial Juventud","description":"","potentialAction":[{"@type":"SearchAction","target":{"@type":"EntryPoint","urlTemplate":"https:\/\/www.editorialjuventud.es\/?s={search_term_string}"},"query-input":{"@type":"PropertyValueSpecification","valueRequired":true,"valueName":"search_term_string"}}],"inLanguage":"ca"}]}},"_links":{"self":[{"href":"https:\/\/www.editorialjuventud.es\/ca\/wp-json\/wp\/v2\/product\/78891","targetHints":{"allow":["GET"]}}],"collection":[{"href":"https:\/\/www.editorialjuventud.es\/ca\/wp-json\/wp\/v2\/product"}],"about":[{"href":"https:\/\/www.editorialjuventud.es\/ca\/wp-json\/wp\/v2\/types\/product"}],"wp:featuredmedia":[{"embeddable":true,"href":"https:\/\/www.editorialjuventud.es\/ca\/wp-json\/wp\/v2\/media\/78905"}],"wp:attachment":[{"href":"https:\/\/www.editorialjuventud.es\/ca\/wp-json\/wp\/v2\/media?parent=78891"}],"wp:term":[{"taxonomy":"product_brand","embeddable":true,"href":"https:\/\/www.editorialjuventud.es\/ca\/wp-json\/wp\/v2\/product_brand?post=78891"},{"taxonomy":"product_cat","embeddable":true,"href":"https:\/\/www.editorialjuventud.es\/ca\/wp-json\/wp\/v2\/product_cat?post=78891"},{"taxonomy":"product_tag","embeddable":true,"href":"https:\/\/www.editorialjuventud.es\/ca\/wp-json\/wp\/v2\/product_tag?post=78891"},{"taxonomy":"coleccion","embeddable":true,"href":"https:\/\/www.editorialjuventud.es\/ca\/wp-json\/wp\/v2\/coleccion?post=78891"}],"curies":[{"name":"wp","href":"https:\/\/api.w.org\/{rel}","templated":true}]}}