{"id":78793,"date":"2024-06-06T17:34:03","date_gmt":"2024-06-06T15:34:03","guid":{"rendered":"https:\/\/www.editorialjuventud.es\/?post_type=product&#038;p=78793"},"modified":"2026-04-14T15:55:15","modified_gmt":"2026-04-14T13:55:15","slug":"lhora-del-conte-9788426148926","status":"publish","type":"product","link":"https:\/\/www.editorialjuventud.es\/ca\/lhora-del-conte-9788426148926\/","title":{"rendered":"L&#8217;hora del conte"},"content":{"rendered":"<p>\u00c9s l&#8217;hora del conte, l&#8217;hora preferida de tothom! El nen est\u00e0 preparat per llegir a tots els seus amics, i cap s&#8217;ho vol perdre, per\u00f2 les interrupcions no s&#8217;acaben! El peix vol seure al mig, la cigonya encara no ha arribat, el gat vol un coix\u00ed,&#8230; Una hist\u00f2ria divertida sobre la lectura en veu alta.<br \/>\nUna altra entrega dels llibres de cart\u00f3 de la m\u00e0 experta de Susanne Stra\u00dfer. Forma part de la col\u00b7lecci\u00f3 Millor amb Amics, i mant\u00e9 el patr\u00f3 de conte acumulatiu que tant agrada als nens d&#8217;aquestes edats. Aconseguiran arribar a llegir el conte tots junts? Una nova dosi de diversi\u00f3 assegurada en un llibre ideal per a llegir en veu alta.<\/p>\n<p><img loading=\"lazy\" decoding=\"async\" class=\"alignnone size-full wp-image-80020\" src=\"https:\/\/www.editorialjuventud.es\/wp-content\/uploads\/Logo_Suport_ICEC-1-e1740049385653.jpg\" alt=\"\" width=\"500\" height=\"131\" \/><\/p>\n","protected":false},"excerpt":{"rendered":"\u00c9s l&#8217;hora del conte, l&#8217;hora preferida de tothom! El nen est\u00e0 preparat per llegir a tots els seus amics, i cap s&#8217;ho vol perdre, per\u00f2 les interrupcions no s&#8217;acaben! El peix vol seure al mig, la cigonya encara no ha [&hellip;]","protected":false},"featured_media":101870,"template":"","meta":{"_acf_changed":false,"_exactmetrics_skip_tracking":false,"_exactmetrics_sitenote_active":false,"_exactmetrics_sitenote_note":"","_exactmetrics_sitenote_category":0},"product_brand":[],"product_cat":[898,1121,1136,1156,1184,910],"product_tag":[],"coleccion":[917,915,920,972],"class_list":{"0":"post-78793","1":"product","2":"type-product","3":"status-publish","4":"has-post-thumbnail","6":"product_cat-a-partir-de-2-anos","7":"product_cat-albumes-ilustrados","8":"product_cat-amistad","9":"product_cat-cooperacion","10":"product_cat-humor","11":"product_cat-ultimas-novedades","12":"coleccion-albums-illustrats","13":"coleccion-catala","14":"coleccion-els-meus-primers-llibres","15":"coleccion-millor-amb-amics","17":"first","18":"instock","19":"taxable","20":"shipping-taxable","21":"purchasable","22":"product-type-simple"},"acf":{"descripcion_corta":"","portada":"0","orden":"999","novedad":"0","codart":"4892","recomendamos":"","mas_vendido":"","subtitulo":"","indice":"","autor":"Stra\u00dfe, Susanne","autores-libros":[16631],"ilustradores-libros":"","traductores-libros":[17811],"idioma-libro":"","fecha_de_publicacion":"01\/06\/2024","fecha_de_reimpresion":"","color":false,"paginas":"24","encuadernacion":"Cart\u00f3n","ediciones":"2","formato":"","mas_informacion_del_producto":false,"premios":false,"texto_web_resaltado":"","texto_web_novedad":"","texto_web_adicional":"","deshabilitar_compra":["deshabilitar"],"texto_enlace_cubierta":"","enlace_cubierta":{"ID":78821,"id":78821,"title":"La hora del cuento_Cover_CA","filename":"La-hora-del-cuento_Cover_CA.tif","filesize":39817976,"url":"https:\/\/www.editorialjuventud.es\/wp-content\/uploads\/La-hora-del-cuento_Cover_CA.tif","link":"https:\/\/www.editorialjuventud.es\/ca\/?attachment_id=78821","alt":"","author":"50","description":"","caption":"","name":"la-hora-del-cuento_cover_ca","status":"inherit","uploaded_to":78793,"date":"2024-06-10 07:38:10","modified":"2024-06-10 07:38:10","menu_order":0,"mime_type":"image\/tiff","type":"image","subtype":"tiff","icon":"https:\/\/www.editorialjuventud.es\/wp-includes\/images\/media\/default.png","width":0,"height":0,"sizes":{"thumbnail":"https:\/\/www.editorialjuventud.es\/wp-content\/uploads\/La-hora-del-cuento_Cover_CA.tif","thumbnail-width":1,"thumbnail-height":1,"medium":"https:\/\/www.editorialjuventud.es\/wp-content\/uploads\/La-hora-del-cuento_Cover_CA.tif","medium-width":0,"medium-height":0,"medium_large":"https:\/\/www.editorialjuventud.es\/wp-content\/uploads\/La-hora-del-cuento_Cover_CA.tif","medium_large-width":1,"medium_large-height":1,"large":"https:\/\/www.editorialjuventud.es\/wp-content\/uploads\/La-hora-del-cuento_Cover_CA.tif","large-width":0,"large-height":0,"1536x1536":"https:\/\/www.editorialjuventud.es\/wp-content\/uploads\/La-hora-del-cuento_Cover_CA.tif","1536x1536-width":1,"1536x1536-height":1,"2048x2048":"https:\/\/www.editorialjuventud.es\/wp-content\/uploads\/La-hora-del-cuento_Cover_CA.tif","2048x2048-width":1,"2048x2048-height":1,"woocommerce_thumbnail":"https:\/\/www.editorialjuventud.es\/wp-content\/uploads\/La-hora-del-cuento_Cover_CA.tif","woocommerce_thumbnail-width":1,"woocommerce_thumbnail-height":1,"woocommerce_single":"https:\/\/www.editorialjuventud.es\/wp-content\/uploads\/La-hora-del-cuento_Cover_CA.tif","woocommerce_single-width":1,"woocommerce_single-height":1,"woocommerce_gallery_thumbnail":"https:\/\/www.editorialjuventud.es\/wp-content\/uploads\/La-hora-del-cuento_Cover_CA.tif","woocommerce_gallery_thumbnail-width":1,"woocommerce_gallery_thumbnail-height":1,"ppec_logo_image_size":"https:\/\/www.editorialjuventud.es\/wp-content\/uploads\/La-hora-del-cuento_Cover_CA.tif","ppec_logo_image_size-width":1,"ppec_logo_image_size-height":1,"ppec_header_image_size":"https:\/\/www.editorialjuventud.es\/wp-content\/uploads\/La-hora-del-cuento_Cover_CA.tif","ppec_header_image_size-width":1,"ppec_header_image_size-height":1}},"texto_enlace_ficha_tecnica":"","enlace_ficha_tecnica":{"ID":78865,"id":78865,"title":"L'hora del conte_CAT","filename":"Lhora-del-conte_CAT.pdf","filesize":631776,"url":"https:\/\/www.editorialjuventud.es\/wp-content\/uploads\/Lhora-del-conte_CAT.pdf","link":"https:\/\/www.editorialjuventud.es\/ca\/?attachment_id=78865","alt":"","author":"50","description":"","caption":"","name":"lhora-del-conte_cat","status":"inherit","uploaded_to":78793,"date":"2024-06-11 16:31:18","modified":"2024-06-11 16:31:18","menu_order":0,"mime_type":"application\/pdf","type":"application","subtype":"pdf","icon":"https:\/\/www.editorialjuventud.es\/wp-includes\/images\/media\/document.png"},"ficheros":false,"titulo-fr":"","texto-fr":""},"yoast_head":"<!-- This site is optimized with the Yoast SEO plugin v27.5 - https:\/\/yoast.com\/product\/yoast-seo-wordpress\/ -->\n<title>L&#039;hora del conte - Editorial Juventud<\/title>\n<meta name=\"description\" content=\"\u00c9s l&#039;hora del conte, l&#039;hora preferida de tothom! El nen est\u00e0 preparat per llegir a tots els seus amics, i cap s&#039;ho vol perdre, per\u00f2 les interrupcions no\" \/>\n<meta name=\"robots\" content=\"index, follow, max-snippet:-1, max-image-preview:large, max-video-preview:-1\" \/>\n<link rel=\"canonical\" href=\"https:\/\/www.editorialjuventud.es\/lhora-del-conte-9788426148926\/\" \/>\n<meta property=\"og:locale\" content=\"ca_ES\" \/>\n<meta property=\"og:type\" content=\"article\" \/>\n<meta property=\"og:title\" content=\"L&#039;hora del conte - Editorial Juventud\" \/>\n<meta property=\"og:description\" content=\"\u00c9s l&#039;hora del conte, l&#039;hora preferida de tothom! El nen est\u00e0 preparat per llegir a tots els seus amics, i cap s&#039;ho vol perdre, per\u00f2 les interrupcions no\" \/>\n<meta property=\"og:url\" content=\"https:\/\/www.editorialjuventud.es\/lhora-del-conte-9788426148926\/\" \/>\n<meta property=\"og:site_name\" content=\"Editorial Juventud\" \/>\n<meta property=\"article:modified_time\" content=\"2026-04-14T13:55:15+00:00\" \/>\n<meta property=\"og:image\" content=\"https:\/\/www.editorialjuventud.es\/wp-content\/uploads\/9788426148926-3.jpg\" \/>\n\t<meta property=\"og:image:width\" content=\"710\" \/>\n\t<meta property=\"og:image:height\" content=\"745\" \/>\n\t<meta property=\"og:image:type\" content=\"image\/jpeg\" \/>\n<meta name=\"twitter:card\" content=\"summary_large_image\" \/>\n<meta name=\"twitter:label1\" content=\"Temps estimat de lectura\" \/>\n\t<meta name=\"twitter:data1\" content=\"1 minut\" \/>\n<script type=\"application\/ld+json\" class=\"yoast-schema-graph\">{\"@context\":\"https:\\\/\\\/schema.org\",\"@graph\":[{\"@type\":\"WebPage\",\"@id\":\"https:\\\/\\\/www.editorialjuventud.es\\\/lhora-del-conte-9788426148926\\\/\",\"url\":\"https:\\\/\\\/www.editorialjuventud.es\\\/lhora-del-conte-9788426148926\\\/\",\"name\":\"L'hora del conte - Editorial Juventud\",\"isPartOf\":{\"@id\":\"https:\\\/\\\/www.editorialjuventud.es\\\/#website\"},\"primaryImageOfPage\":{\"@id\":\"https:\\\/\\\/www.editorialjuventud.es\\\/lhora-del-conte-9788426148926\\\/#primaryimage\"},\"image\":{\"@id\":\"https:\\\/\\\/www.editorialjuventud.es\\\/lhora-del-conte-9788426148926\\\/#primaryimage\"},\"thumbnailUrl\":\"https:\\\/\\\/www.editorialjuventud.es\\\/wp-content\\\/uploads\\\/9788426148926-3.jpg\",\"datePublished\":\"2024-06-06T15:34:03+00:00\",\"dateModified\":\"2026-04-14T13:55:15+00:00\",\"description\":\"\u00c9s l'hora del conte, l'hora preferida de tothom! El nen est\u00e0 preparat per llegir a tots els seus amics, i cap s'ho vol perdre, per\u00f2 les interrupcions no\",\"breadcrumb\":{\"@id\":\"https:\\\/\\\/www.editorialjuventud.es\\\/lhora-del-conte-9788426148926\\\/#breadcrumb\"},\"inLanguage\":\"ca\",\"potentialAction\":[{\"@type\":\"ReadAction\",\"target\":[\"https:\\\/\\\/www.editorialjuventud.es\\\/lhora-del-conte-9788426148926\\\/\"]}]},{\"@type\":\"ImageObject\",\"inLanguage\":\"ca\",\"@id\":\"https:\\\/\\\/www.editorialjuventud.es\\\/lhora-del-conte-9788426148926\\\/#primaryimage\",\"url\":\"https:\\\/\\\/www.editorialjuventud.es\\\/wp-content\\\/uploads\\\/9788426148926-3.jpg\",\"contentUrl\":\"https:\\\/\\\/www.editorialjuventud.es\\\/wp-content\\\/uploads\\\/9788426148926-3.jpg\",\"width\":710,\"height\":745,\"caption\":\"9788426148926.jpg\"},{\"@type\":\"BreadcrumbList\",\"@id\":\"https:\\\/\\\/www.editorialjuventud.es\\\/lhora-del-conte-9788426148926\\\/#breadcrumb\",\"itemListElement\":[{\"@type\":\"ListItem\",\"position\":1,\"name\":\"Portada\",\"item\":\"https:\\\/\\\/www.editorialjuventud.es\\\/\"},{\"@type\":\"ListItem\",\"position\":2,\"name\":\"cat\u00e1logo\",\"item\":\"https:\\\/\\\/www.editorialjuventud.es\\\/coleccion\\\/catalogo\\\/\"},{\"@type\":\"ListItem\",\"position\":3,\"name\":\"catal\u00e0\",\"item\":\"https:\\\/\\\/www.editorialjuventud.es\\\/coleccion\\\/catala\\\/\"},{\"@type\":\"ListItem\",\"position\":4,\"name\":\"L'hora del conte\"}]},{\"@type\":\"WebSite\",\"@id\":\"https:\\\/\\\/www.editorialjuventud.es\\\/#website\",\"url\":\"https:\\\/\\\/www.editorialjuventud.es\\\/\",\"name\":\"Editorial Juventud\",\"description\":\"\",\"potentialAction\":[{\"@type\":\"SearchAction\",\"target\":{\"@type\":\"EntryPoint\",\"urlTemplate\":\"https:\\\/\\\/www.editorialjuventud.es\\\/?s={search_term_string}\"},\"query-input\":{\"@type\":\"PropertyValueSpecification\",\"valueRequired\":true,\"valueName\":\"search_term_string\"}}],\"inLanguage\":\"ca\"}]}<\/script>\n<!-- \/ Yoast SEO plugin. -->","yoast_head_json":{"title":"L'hora del conte - Editorial Juventud","description":"\u00c9s l'hora del conte, l'hora preferida de tothom! El nen est\u00e0 preparat per llegir a tots els seus amics, i cap s'ho vol perdre, per\u00f2 les interrupcions no","robots":{"index":"index","follow":"follow","max-snippet":"max-snippet:-1","max-image-preview":"max-image-preview:large","max-video-preview":"max-video-preview:-1"},"canonical":"https:\/\/www.editorialjuventud.es\/lhora-del-conte-9788426148926\/","og_locale":"ca_ES","og_type":"article","og_title":"L'hora del conte - Editorial Juventud","og_description":"\u00c9s l'hora del conte, l'hora preferida de tothom! El nen est\u00e0 preparat per llegir a tots els seus amics, i cap s'ho vol perdre, per\u00f2 les interrupcions no","og_url":"https:\/\/www.editorialjuventud.es\/lhora-del-conte-9788426148926\/","og_site_name":"Editorial Juventud","article_modified_time":"2026-04-14T13:55:15+00:00","og_image":[{"width":710,"height":745,"url":"https:\/\/www.editorialjuventud.es\/wp-content\/uploads\/9788426148926-3.jpg","type":"image\/jpeg"}],"twitter_card":"summary_large_image","twitter_misc":{"Temps estimat de lectura":"1 minut"},"schema":{"@context":"https:\/\/schema.org","@graph":[{"@type":"WebPage","@id":"https:\/\/www.editorialjuventud.es\/lhora-del-conte-9788426148926\/","url":"https:\/\/www.editorialjuventud.es\/lhora-del-conte-9788426148926\/","name":"L'hora del conte - Editorial Juventud","isPartOf":{"@id":"https:\/\/www.editorialjuventud.es\/#website"},"primaryImageOfPage":{"@id":"https:\/\/www.editorialjuventud.es\/lhora-del-conte-9788426148926\/#primaryimage"},"image":{"@id":"https:\/\/www.editorialjuventud.es\/lhora-del-conte-9788426148926\/#primaryimage"},"thumbnailUrl":"https:\/\/www.editorialjuventud.es\/wp-content\/uploads\/9788426148926-3.jpg","datePublished":"2024-06-06T15:34:03+00:00","dateModified":"2026-04-14T13:55:15+00:00","description":"\u00c9s l'hora del conte, l'hora preferida de tothom! El nen est\u00e0 preparat per llegir a tots els seus amics, i cap s'ho vol perdre, per\u00f2 les interrupcions no","breadcrumb":{"@id":"https:\/\/www.editorialjuventud.es\/lhora-del-conte-9788426148926\/#breadcrumb"},"inLanguage":"ca","potentialAction":[{"@type":"ReadAction","target":["https:\/\/www.editorialjuventud.es\/lhora-del-conte-9788426148926\/"]}]},{"@type":"ImageObject","inLanguage":"ca","@id":"https:\/\/www.editorialjuventud.es\/lhora-del-conte-9788426148926\/#primaryimage","url":"https:\/\/www.editorialjuventud.es\/wp-content\/uploads\/9788426148926-3.jpg","contentUrl":"https:\/\/www.editorialjuventud.es\/wp-content\/uploads\/9788426148926-3.jpg","width":710,"height":745,"caption":"9788426148926.jpg"},{"@type":"BreadcrumbList","@id":"https:\/\/www.editorialjuventud.es\/lhora-del-conte-9788426148926\/#breadcrumb","itemListElement":[{"@type":"ListItem","position":1,"name":"Portada","item":"https:\/\/www.editorialjuventud.es\/"},{"@type":"ListItem","position":2,"name":"cat\u00e1logo","item":"https:\/\/www.editorialjuventud.es\/coleccion\/catalogo\/"},{"@type":"ListItem","position":3,"name":"catal\u00e0","item":"https:\/\/www.editorialjuventud.es\/coleccion\/catala\/"},{"@type":"ListItem","position":4,"name":"L'hora del conte"}]},{"@type":"WebSite","@id":"https:\/\/www.editorialjuventud.es\/#website","url":"https:\/\/www.editorialjuventud.es\/","name":"Editorial Juventud","description":"","potentialAction":[{"@type":"SearchAction","target":{"@type":"EntryPoint","urlTemplate":"https:\/\/www.editorialjuventud.es\/?s={search_term_string}"},"query-input":{"@type":"PropertyValueSpecification","valueRequired":true,"valueName":"search_term_string"}}],"inLanguage":"ca"}]}},"_links":{"self":[{"href":"https:\/\/www.editorialjuventud.es\/ca\/wp-json\/wp\/v2\/product\/78793","targetHints":{"allow":["GET"]}}],"collection":[{"href":"https:\/\/www.editorialjuventud.es\/ca\/wp-json\/wp\/v2\/product"}],"about":[{"href":"https:\/\/www.editorialjuventud.es\/ca\/wp-json\/wp\/v2\/types\/product"}],"wp:featuredmedia":[{"embeddable":true,"href":"https:\/\/www.editorialjuventud.es\/ca\/wp-json\/wp\/v2\/media\/101870"}],"wp:attachment":[{"href":"https:\/\/www.editorialjuventud.es\/ca\/wp-json\/wp\/v2\/media?parent=78793"}],"wp:term":[{"taxonomy":"product_brand","embeddable":true,"href":"https:\/\/www.editorialjuventud.es\/ca\/wp-json\/wp\/v2\/product_brand?post=78793"},{"taxonomy":"product_cat","embeddable":true,"href":"https:\/\/www.editorialjuventud.es\/ca\/wp-json\/wp\/v2\/product_cat?post=78793"},{"taxonomy":"product_tag","embeddable":true,"href":"https:\/\/www.editorialjuventud.es\/ca\/wp-json\/wp\/v2\/product_tag?post=78793"},{"taxonomy":"coleccion","embeddable":true,"href":"https:\/\/www.editorialjuventud.es\/ca\/wp-json\/wp\/v2\/coleccion?post=78793"}],"curies":[{"name":"wp","href":"https:\/\/api.w.org\/{rel}","templated":true}]}}