{"id":78643,"date":"2024-05-06T05:05:24","date_gmt":"2024-05-06T03:05:24","guid":{"rendered":"https:\/\/www.editorialjuventud.es\/alimenta-els-teus-superpoders-9788426148988\/"},"modified":"2025-02-05T13:45:14","modified_gmt":"2025-02-05T12:45:14","slug":"alimenta-els-teus-superpoders-9788426148988","status":"publish","type":"product","link":"https:\/\/www.editorialjuventud.es\/ca\/alimenta-els-teus-superpoders-9788426148988\/","title":{"rendered":"Alimenta els teus superpoders"},"content":{"rendered":"<p>Des del ra\u00efm i la remolatxa, als anacards i el blat, aquesta obra de refer\u00e8ncia explica els beneficis i propietats de 25 fruites, verdures, fruits secs i cereals, agrupats per colors! Amb frases curtes i il\u00b7lustracions encantadores, aquest llibre \u00e9s perfecte perqu\u00e8 els m\u00e9s petits de casa (i tamb\u00e9 els no tan petits) coneguin els atributs m\u00e9s beneficiosos dels aliments que formen la nostra dieta. Fa venir ganes de menjar-se&#8217;ls tots per aconseguir els seus superpoders!<\/p>\n<p>De la combinaci\u00f3 estel\u00b7lar entre l&#8217;autora Toni Buzzeo i l&#8217;il\u00b7lustrador Serge Bloch neix aquest \u00e0lbum ideal per introduir el tema dels aliments saludables als petits de casa. El nivell i el format de la informaci\u00f3 fan que sigui accessible i alhora enriquidor. Un tema que de vegades pot ser dif\u00edcil, presentat de manera divertida i amena!<\/p>\n","protected":false},"excerpt":{"rendered":"Des del ra\u00efm i la remolatxa, als anacards i el blat, aquesta obra de refer\u00e8ncia explica els beneficis i propietats de 25 fruites, verdures, fruits secs i cereals, agrupats per colors! Amb frases curtes i il\u00b7lustracions encantadores, aquest llibre \u00e9s [&hellip;]","protected":false},"featured_media":78650,"template":"","meta":{"_acf_changed":false,"_exactmetrics_skip_tracking":false,"_exactmetrics_sitenote_active":false,"_exactmetrics_sitenote_note":"","_exactmetrics_sitenote_category":0},"product_brand":[],"product_cat":[900,1153,1123,910],"product_tag":[],"coleccion":[946],"class_list":{"0":"post-78643","1":"product","2":"type-product","3":"status-publish","4":"has-post-thumbnail","6":"product_cat-a-partir-de-5-anos","7":"product_cat-comida-alimentacion","8":"product_cat-libros-informativos-infantil","9":"product_cat-ultimas-novedades","10":"coleccion-com-i-per-que","12":"first","13":"instock","14":"taxable","15":"shipping-taxable","16":"purchasable","17":"product-type-simple"},"acf":{"descripcion_corta":"","portada":"0","orden":"999","novedad":"0","codart":"4898","recomendamos":"","mas_vendido":"","subtitulo":"","indice":"","autor":"Buzzeo, Toni","autores-libros":[79497],"ilustradores-libros":[17395],"traductores-libros":[58414],"idioma-libro":"","fecha_de_publicacion":"01\/05\/2024","fecha_de_reimpresion":"","color":false,"paginas":"80","encuadernacion":"Carton\u00e9","ediciones":"1","formato":"","mas_informacion_del_producto":false,"premios":false,"texto_web_resaltado":"","texto_web_novedad":"","texto_web_adicional":"","deshabilitar_compra":[],"texto_enlace_cubierta":"","enlace_cubierta":{"ID":78694,"id":78694,"title":"SUPERPODERS_cover_CAT","filename":"SUPERPODERS_cover_CAT.tif","filesize":26982540,"url":"https:\/\/www.editorialjuventud.es\/wp-content\/uploads\/SUPERPODERS_cover_CAT.tif","link":"https:\/\/www.editorialjuventud.es\/ca\/?attachment_id=78694","alt":"","author":"50","description":"","caption":"","name":"superpoders_cover_cat","status":"inherit","uploaded_to":78643,"date":"2024-05-07 08:55:20","modified":"2024-05-07 08:55:20","menu_order":0,"mime_type":"image\/tiff","type":"image","subtype":"tiff","icon":"https:\/\/www.editorialjuventud.es\/wp-includes\/images\/media\/default.png","width":0,"height":0,"sizes":{"thumbnail":"https:\/\/www.editorialjuventud.es\/wp-content\/uploads\/SUPERPODERS_cover_CAT.tif","thumbnail-width":1,"thumbnail-height":1,"medium":"https:\/\/www.editorialjuventud.es\/wp-content\/uploads\/SUPERPODERS_cover_CAT.tif","medium-width":0,"medium-height":0,"medium_large":"https:\/\/www.editorialjuventud.es\/wp-content\/uploads\/SUPERPODERS_cover_CAT.tif","medium_large-width":1,"medium_large-height":1,"large":"https:\/\/www.editorialjuventud.es\/wp-content\/uploads\/SUPERPODERS_cover_CAT.tif","large-width":0,"large-height":0,"1536x1536":"https:\/\/www.editorialjuventud.es\/wp-content\/uploads\/SUPERPODERS_cover_CAT.tif","1536x1536-width":1,"1536x1536-height":1,"2048x2048":"https:\/\/www.editorialjuventud.es\/wp-content\/uploads\/SUPERPODERS_cover_CAT.tif","2048x2048-width":1,"2048x2048-height":1,"woocommerce_thumbnail":"https:\/\/www.editorialjuventud.es\/wp-content\/uploads\/SUPERPODERS_cover_CAT.tif","woocommerce_thumbnail-width":1,"woocommerce_thumbnail-height":1,"woocommerce_single":"https:\/\/www.editorialjuventud.es\/wp-content\/uploads\/SUPERPODERS_cover_CAT.tif","woocommerce_single-width":1,"woocommerce_single-height":1,"woocommerce_gallery_thumbnail":"https:\/\/www.editorialjuventud.es\/wp-content\/uploads\/SUPERPODERS_cover_CAT.tif","woocommerce_gallery_thumbnail-width":1,"woocommerce_gallery_thumbnail-height":1,"ppec_logo_image_size":"https:\/\/www.editorialjuventud.es\/wp-content\/uploads\/SUPERPODERS_cover_CAT.tif","ppec_logo_image_size-width":1,"ppec_logo_image_size-height":1,"ppec_header_image_size":"https:\/\/www.editorialjuventud.es\/wp-content\/uploads\/SUPERPODERS_cover_CAT.tif","ppec_header_image_size-width":1,"ppec_header_image_size-height":1}},"texto_enlace_ficha_tecnica":"","enlace_ficha_tecnica":{"ID":78758,"id":78758,"title":"ALIMENTA ELS TEUS SUPERPODERS","filename":"ALIMENTA-ELS-TEUS-SUPERPODERS.pdf","filesize":645436,"url":"https:\/\/www.editorialjuventud.es\/wp-content\/uploads\/ALIMENTA-ELS-TEUS-SUPERPODERS.pdf","link":"https:\/\/www.editorialjuventud.es\/ca\/?attachment_id=78758","alt":"","author":"50","description":"","caption":"","name":"alimenta-els-teus-superpoders","status":"inherit","uploaded_to":78643,"date":"2024-05-13 12:18:15","modified":"2024-05-13 12:18:15","menu_order":0,"mime_type":"application\/pdf","type":"application","subtype":"pdf","icon":"https:\/\/www.editorialjuventud.es\/wp-includes\/images\/media\/document.png"},"ficheros":false,"titulo-fr":"","texto-fr":""},"yoast_head":"<!-- This site is optimized with the Yoast SEO plugin v27.5 - https:\/\/yoast.com\/product\/yoast-seo-wordpress\/ -->\n<title>Alimenta els teus superpoders - Editorial Juventud<\/title>\n<meta name=\"description\" content=\"Des del ra\u00efm i la remolatxa, als anacards i el blat, aquesta obra de refer\u00e8ncia explica els beneficis i propietats de 25 fruites, verdures, fruits secs i\" \/>\n<meta name=\"robots\" content=\"index, follow, max-snippet:-1, max-image-preview:large, max-video-preview:-1\" \/>\n<link rel=\"canonical\" href=\"https:\/\/www.editorialjuventud.es\/alimenta-els-teus-superpoders-9788426148988\/\" \/>\n<meta property=\"og:locale\" content=\"ca_ES\" \/>\n<meta property=\"og:type\" content=\"article\" \/>\n<meta property=\"og:title\" content=\"Alimenta els teus superpoders - Editorial Juventud\" \/>\n<meta property=\"og:description\" content=\"Des del ra\u00efm i la remolatxa, als anacards i el blat, aquesta obra de refer\u00e8ncia explica els beneficis i propietats de 25 fruites, verdures, fruits secs i\" \/>\n<meta property=\"og:url\" content=\"https:\/\/www.editorialjuventud.es\/alimenta-els-teus-superpoders-9788426148988\/\" \/>\n<meta property=\"og:site_name\" content=\"Editorial Juventud\" \/>\n<meta property=\"article:modified_time\" content=\"2025-02-05T12:45:14+00:00\" \/>\n<meta property=\"og:image\" content=\"https:\/\/www.editorialjuventud.es\/wp-content\/uploads\/9788426148988.jpg\" \/>\n\t<meta property=\"og:image:width\" content=\"710\" \/>\n\t<meta property=\"og:image:height\" content=\"939\" \/>\n\t<meta property=\"og:image:type\" content=\"image\/jpeg\" \/>\n<meta name=\"twitter:card\" content=\"summary_large_image\" \/>\n<meta name=\"twitter:label1\" content=\"Temps estimat de lectura\" \/>\n\t<meta name=\"twitter:data1\" content=\"1 minut\" \/>\n<script type=\"application\/ld+json\" class=\"yoast-schema-graph\">{\"@context\":\"https:\\\/\\\/schema.org\",\"@graph\":[{\"@type\":\"WebPage\",\"@id\":\"https:\\\/\\\/www.editorialjuventud.es\\\/alimenta-els-teus-superpoders-9788426148988\\\/\",\"url\":\"https:\\\/\\\/www.editorialjuventud.es\\\/alimenta-els-teus-superpoders-9788426148988\\\/\",\"name\":\"Alimenta els teus superpoders - Editorial Juventud\",\"isPartOf\":{\"@id\":\"https:\\\/\\\/www.editorialjuventud.es\\\/#website\"},\"primaryImageOfPage\":{\"@id\":\"https:\\\/\\\/www.editorialjuventud.es\\\/alimenta-els-teus-superpoders-9788426148988\\\/#primaryimage\"},\"image\":{\"@id\":\"https:\\\/\\\/www.editorialjuventud.es\\\/alimenta-els-teus-superpoders-9788426148988\\\/#primaryimage\"},\"thumbnailUrl\":\"https:\\\/\\\/www.editorialjuventud.es\\\/wp-content\\\/uploads\\\/9788426148988.jpg\",\"datePublished\":\"2024-05-06T03:05:24+00:00\",\"dateModified\":\"2025-02-05T12:45:14+00:00\",\"description\":\"Des del ra\u00efm i la remolatxa, als anacards i el blat, aquesta obra de refer\u00e8ncia explica els beneficis i propietats de 25 fruites, verdures, fruits secs i\",\"breadcrumb\":{\"@id\":\"https:\\\/\\\/www.editorialjuventud.es\\\/alimenta-els-teus-superpoders-9788426148988\\\/#breadcrumb\"},\"inLanguage\":\"ca\",\"potentialAction\":[{\"@type\":\"ReadAction\",\"target\":[\"https:\\\/\\\/www.editorialjuventud.es\\\/alimenta-els-teus-superpoders-9788426148988\\\/\"]}]},{\"@type\":\"ImageObject\",\"inLanguage\":\"ca\",\"@id\":\"https:\\\/\\\/www.editorialjuventud.es\\\/alimenta-els-teus-superpoders-9788426148988\\\/#primaryimage\",\"url\":\"https:\\\/\\\/www.editorialjuventud.es\\\/wp-content\\\/uploads\\\/9788426148988.jpg\",\"contentUrl\":\"https:\\\/\\\/www.editorialjuventud.es\\\/wp-content\\\/uploads\\\/9788426148988.jpg\",\"width\":710,\"height\":939},{\"@type\":\"BreadcrumbList\",\"@id\":\"https:\\\/\\\/www.editorialjuventud.es\\\/alimenta-els-teus-superpoders-9788426148988\\\/#breadcrumb\",\"itemListElement\":[{\"@type\":\"ListItem\",\"position\":1,\"name\":\"Portada\",\"item\":\"https:\\\/\\\/www.editorialjuventud.es\\\/\"},{\"@type\":\"ListItem\",\"position\":2,\"name\":\"cat\u00e1logo\",\"item\":\"https:\\\/\\\/www.editorialjuventud.es\\\/coleccion\\\/catalogo\\\/\"},{\"@type\":\"ListItem\",\"position\":3,\"name\":\"Alimenta els teus superpoders\"}]},{\"@type\":\"WebSite\",\"@id\":\"https:\\\/\\\/www.editorialjuventud.es\\\/#website\",\"url\":\"https:\\\/\\\/www.editorialjuventud.es\\\/\",\"name\":\"Editorial Juventud\",\"description\":\"\",\"potentialAction\":[{\"@type\":\"SearchAction\",\"target\":{\"@type\":\"EntryPoint\",\"urlTemplate\":\"https:\\\/\\\/www.editorialjuventud.es\\\/?s={search_term_string}\"},\"query-input\":{\"@type\":\"PropertyValueSpecification\",\"valueRequired\":true,\"valueName\":\"search_term_string\"}}],\"inLanguage\":\"ca\"}]}<\/script>\n<!-- \/ Yoast SEO plugin. -->","yoast_head_json":{"title":"Alimenta els teus superpoders - Editorial Juventud","description":"Des del ra\u00efm i la remolatxa, als anacards i el blat, aquesta obra de refer\u00e8ncia explica els beneficis i propietats de 25 fruites, verdures, fruits secs i","robots":{"index":"index","follow":"follow","max-snippet":"max-snippet:-1","max-image-preview":"max-image-preview:large","max-video-preview":"max-video-preview:-1"},"canonical":"https:\/\/www.editorialjuventud.es\/alimenta-els-teus-superpoders-9788426148988\/","og_locale":"ca_ES","og_type":"article","og_title":"Alimenta els teus superpoders - Editorial Juventud","og_description":"Des del ra\u00efm i la remolatxa, als anacards i el blat, aquesta obra de refer\u00e8ncia explica els beneficis i propietats de 25 fruites, verdures, fruits secs i","og_url":"https:\/\/www.editorialjuventud.es\/alimenta-els-teus-superpoders-9788426148988\/","og_site_name":"Editorial Juventud","article_modified_time":"2025-02-05T12:45:14+00:00","og_image":[{"width":710,"height":939,"url":"https:\/\/www.editorialjuventud.es\/wp-content\/uploads\/9788426148988.jpg","type":"image\/jpeg"}],"twitter_card":"summary_large_image","twitter_misc":{"Temps estimat de lectura":"1 minut"},"schema":{"@context":"https:\/\/schema.org","@graph":[{"@type":"WebPage","@id":"https:\/\/www.editorialjuventud.es\/alimenta-els-teus-superpoders-9788426148988\/","url":"https:\/\/www.editorialjuventud.es\/alimenta-els-teus-superpoders-9788426148988\/","name":"Alimenta els teus superpoders - Editorial Juventud","isPartOf":{"@id":"https:\/\/www.editorialjuventud.es\/#website"},"primaryImageOfPage":{"@id":"https:\/\/www.editorialjuventud.es\/alimenta-els-teus-superpoders-9788426148988\/#primaryimage"},"image":{"@id":"https:\/\/www.editorialjuventud.es\/alimenta-els-teus-superpoders-9788426148988\/#primaryimage"},"thumbnailUrl":"https:\/\/www.editorialjuventud.es\/wp-content\/uploads\/9788426148988.jpg","datePublished":"2024-05-06T03:05:24+00:00","dateModified":"2025-02-05T12:45:14+00:00","description":"Des del ra\u00efm i la remolatxa, als anacards i el blat, aquesta obra de refer\u00e8ncia explica els beneficis i propietats de 25 fruites, verdures, fruits secs i","breadcrumb":{"@id":"https:\/\/www.editorialjuventud.es\/alimenta-els-teus-superpoders-9788426148988\/#breadcrumb"},"inLanguage":"ca","potentialAction":[{"@type":"ReadAction","target":["https:\/\/www.editorialjuventud.es\/alimenta-els-teus-superpoders-9788426148988\/"]}]},{"@type":"ImageObject","inLanguage":"ca","@id":"https:\/\/www.editorialjuventud.es\/alimenta-els-teus-superpoders-9788426148988\/#primaryimage","url":"https:\/\/www.editorialjuventud.es\/wp-content\/uploads\/9788426148988.jpg","contentUrl":"https:\/\/www.editorialjuventud.es\/wp-content\/uploads\/9788426148988.jpg","width":710,"height":939},{"@type":"BreadcrumbList","@id":"https:\/\/www.editorialjuventud.es\/alimenta-els-teus-superpoders-9788426148988\/#breadcrumb","itemListElement":[{"@type":"ListItem","position":1,"name":"Portada","item":"https:\/\/www.editorialjuventud.es\/"},{"@type":"ListItem","position":2,"name":"cat\u00e1logo","item":"https:\/\/www.editorialjuventud.es\/coleccion\/catalogo\/"},{"@type":"ListItem","position":3,"name":"Alimenta els teus superpoders"}]},{"@type":"WebSite","@id":"https:\/\/www.editorialjuventud.es\/#website","url":"https:\/\/www.editorialjuventud.es\/","name":"Editorial Juventud","description":"","potentialAction":[{"@type":"SearchAction","target":{"@type":"EntryPoint","urlTemplate":"https:\/\/www.editorialjuventud.es\/?s={search_term_string}"},"query-input":{"@type":"PropertyValueSpecification","valueRequired":true,"valueName":"search_term_string"}}],"inLanguage":"ca"}]}},"_links":{"self":[{"href":"https:\/\/www.editorialjuventud.es\/ca\/wp-json\/wp\/v2\/product\/78643","targetHints":{"allow":["GET"]}}],"collection":[{"href":"https:\/\/www.editorialjuventud.es\/ca\/wp-json\/wp\/v2\/product"}],"about":[{"href":"https:\/\/www.editorialjuventud.es\/ca\/wp-json\/wp\/v2\/types\/product"}],"wp:featuredmedia":[{"embeddable":true,"href":"https:\/\/www.editorialjuventud.es\/ca\/wp-json\/wp\/v2\/media\/78650"}],"wp:attachment":[{"href":"https:\/\/www.editorialjuventud.es\/ca\/wp-json\/wp\/v2\/media?parent=78643"}],"wp:term":[{"taxonomy":"product_brand","embeddable":true,"href":"https:\/\/www.editorialjuventud.es\/ca\/wp-json\/wp\/v2\/product_brand?post=78643"},{"taxonomy":"product_cat","embeddable":true,"href":"https:\/\/www.editorialjuventud.es\/ca\/wp-json\/wp\/v2\/product_cat?post=78643"},{"taxonomy":"product_tag","embeddable":true,"href":"https:\/\/www.editorialjuventud.es\/ca\/wp-json\/wp\/v2\/product_tag?post=78643"},{"taxonomy":"coleccion","embeddable":true,"href":"https:\/\/www.editorialjuventud.es\/ca\/wp-json\/wp\/v2\/coleccion?post=78643"}],"curies":[{"name":"wp","href":"https:\/\/api.w.org\/{rel}","templated":true}]}}