{"id":78636,"date":"2024-04-30T15:21:27","date_gmt":"2024-04-30T13:21:27","guid":{"rendered":"https:\/\/www.editorialjuventud.es\/el-carter-de-lespai-3-una-fam-sideral-9788426148940\/"},"modified":"2025-02-05T14:25:12","modified_gmt":"2025-02-05T13:25:12","slug":"el-carter-de-lespai-3-una-fam-sideral-9788426148940","status":"publish","type":"product","link":"https:\/\/www.editorialjuventud.es\/ca\/el-carter-de-lespai-3-una-fam-sideral-9788426148940\/","title":{"rendered":"El carter de l&#8217;espai 3. Una fam sideral"},"content":{"rendered":"<p>En Bob, el nostre carter de l&#8217;espai, es mor de fam aquest mat\u00ed&#8230; Tothom sap que l&#8217;esmorzar \u00e9s l&#8217;\u00e0pat m\u00e9s important del dia, i avui no l&#8217;ha pogut fer. Per\u00f2 el correu \u00e9s sagrat! Aix\u00ed que li toca comen\u00e7ar la ruta amb els budells rugint de gana&#8230; Ara b\u00e9, el que no s&#8217;imagina \u00e9s que aquest ser\u00e0 el menor dels seus problemes en la jornada tan rocambolesca que li espera. Ja tenim aqu\u00ed la tercera entrega de les aventures del nostre carter preferit!<\/p>\n<p>En aquest esperat tercer volum del Carter de l&#8217;Espai, en Bob es veu obligat a enfrontar-se amb endevinalles, forats negres, i un cantautor una mica exc\u00e8ntric. De totes maneres, aconsegueix mantenir-se professional i impertorbable&#8230; la major part del temps. Perreault ens ofereix un altre c\u00f2mic ple d&#8217;humor, acci\u00f3 i les aventures que tant ens agraden, seguint el seu estil d&#8217;il\u00b7lustracions detallistes amb infinitat de refer\u00e8ncies a altres obres i aventures anteriors del mateix carter.<\/p>\n","protected":false},"excerpt":{"rendered":"En Bob, el nostre carter de l&#8217;espai, es mor de fam aquest mat\u00ed&#8230; Tothom sap que l&#8217;esmorzar \u00e9s l&#8217;\u00e0pat m\u00e9s important del dia, i avui no l&#8217;ha pogut fer. Per\u00f2 el correu \u00e9s sagrat! Aix\u00ed que li toca comen\u00e7ar la [&hellip;]","protected":false},"featured_media":78646,"template":"","meta":{"_acf_changed":false,"_exactmetrics_skip_tracking":false,"_exactmetrics_sitenote_active":false,"_exactmetrics_sitenote_note":"","_exactmetrics_sitenote_category":0},"product_brand":[],"product_cat":[904,1142,1150,1127,1184,910,1228],"product_tag":[],"coleccion":[1304],"class_list":{"0":"post-78636","1":"product","2":"type-product","3":"status-publish","4":"has-post-thumbnail","6":"product_cat-a-partir-de-9-anos","7":"product_cat-aventura","8":"product_cat-ciencia-ficcion","9":"product_cat-comic","10":"product_cat-humor","11":"product_cat-ultimas-novedades","12":"product_cat-universo-espacio","13":"coleccion-el-carter-de-lespai","15":"first","16":"instock","17":"taxable","18":"shipping-taxable","19":"purchasable","20":"product-type-simple"},"acf":{"descripcion_corta":"tercer volum del Carter de l'Espai","portada":"0","orden":"999","novedad":"0","codart":"4894","recomendamos":"","mas_vendido":"","subtitulo":"","indice":"","autor":"Perreault, Guillaume","autores-libros":[16547],"ilustradores-libros":[16547],"traductores-libros":[58414],"idioma-libro":[78635],"fecha_de_publicacion":"01\/05\/2024","fecha_de_reimpresion":"","color":false,"paginas":"160","encuadernacion":"R\u00fastica","ediciones":"1","formato":"","mas_informacion_del_producto":false,"premios":false,"texto_web_resaltado":"","texto_web_novedad":"","texto_web_adicional":"","deshabilitar_compra":[],"texto_enlace_cubierta":"","enlace_cubierta":{"ID":78678,"id":78678,"title":"ElCARTEROdelEspacio_Cover_CAT","filename":"ElCARTEROdelEspacio_Cover_CAT.tif","filesize":9687408,"url":"https:\/\/www.editorialjuventud.es\/wp-content\/uploads\/ElCARTEROdelEspacio_Cover_CAT.tif","link":"https:\/\/www.editorialjuventud.es\/ca\/?attachment_id=78678","alt":"","author":"50","description":"","caption":"","name":"elcarterodelespacio_cover_cat","status":"inherit","uploaded_to":78636,"date":"2024-05-06 13:51:31","modified":"2024-05-06 13:51:31","menu_order":0,"mime_type":"image\/tiff","type":"image","subtype":"tiff","icon":"https:\/\/www.editorialjuventud.es\/wp-includes\/images\/media\/default.png","width":0,"height":0,"sizes":{"thumbnail":"https:\/\/www.editorialjuventud.es\/wp-content\/uploads\/ElCARTEROdelEspacio_Cover_CAT.tif","thumbnail-width":1,"thumbnail-height":1,"medium":"https:\/\/www.editorialjuventud.es\/wp-content\/uploads\/ElCARTEROdelEspacio_Cover_CAT.tif","medium-width":0,"medium-height":0,"medium_large":"https:\/\/www.editorialjuventud.es\/wp-content\/uploads\/ElCARTEROdelEspacio_Cover_CAT.tif","medium_large-width":1,"medium_large-height":1,"large":"https:\/\/www.editorialjuventud.es\/wp-content\/uploads\/ElCARTEROdelEspacio_Cover_CAT.tif","large-width":0,"large-height":0,"1536x1536":"https:\/\/www.editorialjuventud.es\/wp-content\/uploads\/ElCARTEROdelEspacio_Cover_CAT.tif","1536x1536-width":1,"1536x1536-height":1,"2048x2048":"https:\/\/www.editorialjuventud.es\/wp-content\/uploads\/ElCARTEROdelEspacio_Cover_CAT.tif","2048x2048-width":1,"2048x2048-height":1,"woocommerce_thumbnail":"https:\/\/www.editorialjuventud.es\/wp-content\/uploads\/ElCARTEROdelEspacio_Cover_CAT.tif","woocommerce_thumbnail-width":1,"woocommerce_thumbnail-height":1,"woocommerce_single":"https:\/\/www.editorialjuventud.es\/wp-content\/uploads\/ElCARTEROdelEspacio_Cover_CAT.tif","woocommerce_single-width":1,"woocommerce_single-height":1,"woocommerce_gallery_thumbnail":"https:\/\/www.editorialjuventud.es\/wp-content\/uploads\/ElCARTEROdelEspacio_Cover_CAT.tif","woocommerce_gallery_thumbnail-width":1,"woocommerce_gallery_thumbnail-height":1,"ppec_logo_image_size":"https:\/\/www.editorialjuventud.es\/wp-content\/uploads\/ElCARTEROdelEspacio_Cover_CAT.tif","ppec_logo_image_size-width":1,"ppec_logo_image_size-height":1,"ppec_header_image_size":"https:\/\/www.editorialjuventud.es\/wp-content\/uploads\/ElCARTEROdelEspacio_Cover_CAT.tif","ppec_header_image_size-width":1,"ppec_header_image_size-height":1}},"texto_enlace_ficha_tecnica":"","enlace_ficha_tecnica":{"ID":78754,"id":78754,"title":"El Carter de l'espai Vol3","filename":"El-Carter-de-lespai-Vol3.pdf","filesize":987113,"url":"https:\/\/www.editorialjuventud.es\/wp-content\/uploads\/El-Carter-de-lespai-Vol3.pdf","link":"https:\/\/www.editorialjuventud.es\/ca\/?attachment_id=78754","alt":"","author":"50","description":"","caption":"","name":"el-carter-de-lespai-vol3","status":"inherit","uploaded_to":78636,"date":"2024-05-13 12:15:34","modified":"2024-05-13 12:15:34","menu_order":0,"mime_type":"application\/pdf","type":"application","subtype":"pdf","icon":"https:\/\/www.editorialjuventud.es\/wp-includes\/images\/media\/document.png"},"ficheros":false,"titulo-fr":"","texto-fr":""},"yoast_head":"<!-- This site is optimized with the Yoast SEO plugin v27.3 - https:\/\/yoast.com\/product\/yoast-seo-wordpress\/ -->\n<title>El carter de l&#039;espai 3. Una fam sideral - Editorial Juventud<\/title>\n<meta name=\"description\" content=\"En Bob, el nostre carter de l&#039;espai, es mor de fam aquest mat\u00ed... Tothom sap que l&#039;esmorzar \u00e9s l&#039;\u00e0pat m\u00e9s important del dia, i avui no l&#039;ha pogut fer.\" \/>\n<meta name=\"robots\" content=\"index, follow, max-snippet:-1, max-image-preview:large, max-video-preview:-1\" \/>\n<link rel=\"canonical\" href=\"https:\/\/www.editorialjuventud.es\/el-carter-de-lespai-3-una-fam-sideral-9788426148940\/\" \/>\n<meta property=\"og:locale\" content=\"ca_ES\" \/>\n<meta property=\"og:type\" content=\"article\" \/>\n<meta property=\"og:title\" content=\"El carter de l&#039;espai 3. Una fam sideral - Editorial Juventud\" \/>\n<meta property=\"og:description\" content=\"En Bob, el nostre carter de l&#039;espai, es mor de fam aquest mat\u00ed... Tothom sap que l&#039;esmorzar \u00e9s l&#039;\u00e0pat m\u00e9s important del dia, i avui no l&#039;ha pogut fer.\" \/>\n<meta property=\"og:url\" content=\"https:\/\/www.editorialjuventud.es\/el-carter-de-lespai-3-una-fam-sideral-9788426148940\/\" \/>\n<meta property=\"og:site_name\" content=\"Editorial Juventud\" \/>\n<meta property=\"article:modified_time\" content=\"2025-02-05T13:25:12+00:00\" \/>\n<meta property=\"og:image\" content=\"https:\/\/www.editorialjuventud.es\/wp-content\/uploads\/9788426148940.jpg\" \/>\n\t<meta property=\"og:image:width\" content=\"710\" \/>\n\t<meta property=\"og:image:height\" content=\"891\" \/>\n\t<meta property=\"og:image:type\" content=\"image\/jpeg\" \/>\n<meta name=\"twitter:card\" content=\"summary_large_image\" \/>\n<meta name=\"twitter:label1\" content=\"Temps estimat de lectura\" \/>\n\t<meta name=\"twitter:data1\" content=\"1 minut\" \/>\n<script type=\"application\/ld+json\" class=\"yoast-schema-graph\">{\"@context\":\"https:\\\/\\\/schema.org\",\"@graph\":[{\"@type\":\"WebPage\",\"@id\":\"https:\\\/\\\/www.editorialjuventud.es\\\/el-carter-de-lespai-3-una-fam-sideral-9788426148940\\\/\",\"url\":\"https:\\\/\\\/www.editorialjuventud.es\\\/el-carter-de-lespai-3-una-fam-sideral-9788426148940\\\/\",\"name\":\"El carter de l'espai 3. Una fam sideral - Editorial Juventud\",\"isPartOf\":{\"@id\":\"https:\\\/\\\/www.editorialjuventud.es\\\/#website\"},\"primaryImageOfPage\":{\"@id\":\"https:\\\/\\\/www.editorialjuventud.es\\\/el-carter-de-lespai-3-una-fam-sideral-9788426148940\\\/#primaryimage\"},\"image\":{\"@id\":\"https:\\\/\\\/www.editorialjuventud.es\\\/el-carter-de-lespai-3-una-fam-sideral-9788426148940\\\/#primaryimage\"},\"thumbnailUrl\":\"https:\\\/\\\/www.editorialjuventud.es\\\/wp-content\\\/uploads\\\/9788426148940.jpg\",\"datePublished\":\"2024-04-30T13:21:27+00:00\",\"dateModified\":\"2025-02-05T13:25:12+00:00\",\"description\":\"En Bob, el nostre carter de l'espai, es mor de fam aquest mat\u00ed... Tothom sap que l'esmorzar \u00e9s l'\u00e0pat m\u00e9s important del dia, i avui no l'ha pogut fer.\",\"breadcrumb\":{\"@id\":\"https:\\\/\\\/www.editorialjuventud.es\\\/el-carter-de-lespai-3-una-fam-sideral-9788426148940\\\/#breadcrumb\"},\"inLanguage\":\"ca\",\"potentialAction\":[{\"@type\":\"ReadAction\",\"target\":[\"https:\\\/\\\/www.editorialjuventud.es\\\/el-carter-de-lespai-3-una-fam-sideral-9788426148940\\\/\"]}]},{\"@type\":\"ImageObject\",\"inLanguage\":\"ca\",\"@id\":\"https:\\\/\\\/www.editorialjuventud.es\\\/el-carter-de-lespai-3-una-fam-sideral-9788426148940\\\/#primaryimage\",\"url\":\"https:\\\/\\\/www.editorialjuventud.es\\\/wp-content\\\/uploads\\\/9788426148940.jpg\",\"contentUrl\":\"https:\\\/\\\/www.editorialjuventud.es\\\/wp-content\\\/uploads\\\/9788426148940.jpg\",\"width\":710,\"height\":891},{\"@type\":\"BreadcrumbList\",\"@id\":\"https:\\\/\\\/www.editorialjuventud.es\\\/el-carter-de-lespai-3-una-fam-sideral-9788426148940\\\/#breadcrumb\",\"itemListElement\":[{\"@type\":\"ListItem\",\"position\":1,\"name\":\"Portada\",\"item\":\"https:\\\/\\\/www.editorialjuventud.es\\\/\"},{\"@type\":\"ListItem\",\"position\":2,\"name\":\"cat\u00e1logo\",\"item\":\"https:\\\/\\\/www.editorialjuventud.es\\\/coleccion\\\/catalogo\\\/\"},{\"@type\":\"ListItem\",\"position\":3,\"name\":\"El carter de l'espai 3. Una fam sideral\"}]},{\"@type\":\"WebSite\",\"@id\":\"https:\\\/\\\/www.editorialjuventud.es\\\/#website\",\"url\":\"https:\\\/\\\/www.editorialjuventud.es\\\/\",\"name\":\"Editorial Juventud\",\"description\":\"\",\"potentialAction\":[{\"@type\":\"SearchAction\",\"target\":{\"@type\":\"EntryPoint\",\"urlTemplate\":\"https:\\\/\\\/www.editorialjuventud.es\\\/?s={search_term_string}\"},\"query-input\":{\"@type\":\"PropertyValueSpecification\",\"valueRequired\":true,\"valueName\":\"search_term_string\"}}],\"inLanguage\":\"ca\"}]}<\/script>\n<!-- \/ Yoast SEO plugin. -->","yoast_head_json":{"title":"El carter de l'espai 3. Una fam sideral - Editorial Juventud","description":"En Bob, el nostre carter de l'espai, es mor de fam aquest mat\u00ed... Tothom sap que l'esmorzar \u00e9s l'\u00e0pat m\u00e9s important del dia, i avui no l'ha pogut fer.","robots":{"index":"index","follow":"follow","max-snippet":"max-snippet:-1","max-image-preview":"max-image-preview:large","max-video-preview":"max-video-preview:-1"},"canonical":"https:\/\/www.editorialjuventud.es\/el-carter-de-lespai-3-una-fam-sideral-9788426148940\/","og_locale":"ca_ES","og_type":"article","og_title":"El carter de l'espai 3. Una fam sideral - Editorial Juventud","og_description":"En Bob, el nostre carter de l'espai, es mor de fam aquest mat\u00ed... Tothom sap que l'esmorzar \u00e9s l'\u00e0pat m\u00e9s important del dia, i avui no l'ha pogut fer.","og_url":"https:\/\/www.editorialjuventud.es\/el-carter-de-lespai-3-una-fam-sideral-9788426148940\/","og_site_name":"Editorial Juventud","article_modified_time":"2025-02-05T13:25:12+00:00","og_image":[{"width":710,"height":891,"url":"https:\/\/www.editorialjuventud.es\/wp-content\/uploads\/9788426148940.jpg","type":"image\/jpeg"}],"twitter_card":"summary_large_image","twitter_misc":{"Temps estimat de lectura":"1 minut"},"schema":{"@context":"https:\/\/schema.org","@graph":[{"@type":"WebPage","@id":"https:\/\/www.editorialjuventud.es\/el-carter-de-lespai-3-una-fam-sideral-9788426148940\/","url":"https:\/\/www.editorialjuventud.es\/el-carter-de-lespai-3-una-fam-sideral-9788426148940\/","name":"El carter de l'espai 3. Una fam sideral - Editorial Juventud","isPartOf":{"@id":"https:\/\/www.editorialjuventud.es\/#website"},"primaryImageOfPage":{"@id":"https:\/\/www.editorialjuventud.es\/el-carter-de-lespai-3-una-fam-sideral-9788426148940\/#primaryimage"},"image":{"@id":"https:\/\/www.editorialjuventud.es\/el-carter-de-lespai-3-una-fam-sideral-9788426148940\/#primaryimage"},"thumbnailUrl":"https:\/\/www.editorialjuventud.es\/wp-content\/uploads\/9788426148940.jpg","datePublished":"2024-04-30T13:21:27+00:00","dateModified":"2025-02-05T13:25:12+00:00","description":"En Bob, el nostre carter de l'espai, es mor de fam aquest mat\u00ed... Tothom sap que l'esmorzar \u00e9s l'\u00e0pat m\u00e9s important del dia, i avui no l'ha pogut fer.","breadcrumb":{"@id":"https:\/\/www.editorialjuventud.es\/el-carter-de-lespai-3-una-fam-sideral-9788426148940\/#breadcrumb"},"inLanguage":"ca","potentialAction":[{"@type":"ReadAction","target":["https:\/\/www.editorialjuventud.es\/el-carter-de-lespai-3-una-fam-sideral-9788426148940\/"]}]},{"@type":"ImageObject","inLanguage":"ca","@id":"https:\/\/www.editorialjuventud.es\/el-carter-de-lespai-3-una-fam-sideral-9788426148940\/#primaryimage","url":"https:\/\/www.editorialjuventud.es\/wp-content\/uploads\/9788426148940.jpg","contentUrl":"https:\/\/www.editorialjuventud.es\/wp-content\/uploads\/9788426148940.jpg","width":710,"height":891},{"@type":"BreadcrumbList","@id":"https:\/\/www.editorialjuventud.es\/el-carter-de-lespai-3-una-fam-sideral-9788426148940\/#breadcrumb","itemListElement":[{"@type":"ListItem","position":1,"name":"Portada","item":"https:\/\/www.editorialjuventud.es\/"},{"@type":"ListItem","position":2,"name":"cat\u00e1logo","item":"https:\/\/www.editorialjuventud.es\/coleccion\/catalogo\/"},{"@type":"ListItem","position":3,"name":"El carter de l'espai 3. Una fam sideral"}]},{"@type":"WebSite","@id":"https:\/\/www.editorialjuventud.es\/#website","url":"https:\/\/www.editorialjuventud.es\/","name":"Editorial Juventud","description":"","potentialAction":[{"@type":"SearchAction","target":{"@type":"EntryPoint","urlTemplate":"https:\/\/www.editorialjuventud.es\/?s={search_term_string}"},"query-input":{"@type":"PropertyValueSpecification","valueRequired":true,"valueName":"search_term_string"}}],"inLanguage":"ca"}]}},"_links":{"self":[{"href":"https:\/\/www.editorialjuventud.es\/ca\/wp-json\/wp\/v2\/product\/78636","targetHints":{"allow":["GET"]}}],"collection":[{"href":"https:\/\/www.editorialjuventud.es\/ca\/wp-json\/wp\/v2\/product"}],"about":[{"href":"https:\/\/www.editorialjuventud.es\/ca\/wp-json\/wp\/v2\/types\/product"}],"wp:featuredmedia":[{"embeddable":true,"href":"https:\/\/www.editorialjuventud.es\/ca\/wp-json\/wp\/v2\/media\/78646"}],"wp:attachment":[{"href":"https:\/\/www.editorialjuventud.es\/ca\/wp-json\/wp\/v2\/media?parent=78636"}],"wp:term":[{"taxonomy":"product_brand","embeddable":true,"href":"https:\/\/www.editorialjuventud.es\/ca\/wp-json\/wp\/v2\/product_brand?post=78636"},{"taxonomy":"product_cat","embeddable":true,"href":"https:\/\/www.editorialjuventud.es\/ca\/wp-json\/wp\/v2\/product_cat?post=78636"},{"taxonomy":"product_tag","embeddable":true,"href":"https:\/\/www.editorialjuventud.es\/ca\/wp-json\/wp\/v2\/product_tag?post=78636"},{"taxonomy":"coleccion","embeddable":true,"href":"https:\/\/www.editorialjuventud.es\/ca\/wp-json\/wp\/v2\/coleccion?post=78636"}],"curies":[{"name":"wp","href":"https:\/\/api.w.org\/{rel}","templated":true}]}}