{"id":78379,"date":"2024-04-05T15:00:29","date_gmt":"2024-04-05T11:00:29","guid":{"rendered":"https:\/\/www.editorialjuventud.es\/missatge-en-una-ampolla-9788426148766\/"},"modified":"2025-03-18T14:00:49","modified_gmt":"2025-03-18T13:00:49","slug":"missatge-en-una-ampolla-9788426148766","status":"publish","type":"product","link":"https:\/\/www.editorialjuventud.es\/ca\/missatge-en-una-ampolla-9788426148766\/","title":{"rendered":"Missatge en una ampolla"},"content":{"rendered":"<p>Els Cinc troben un missatge en una ampolla i es llancen a la recerca d&#8217;un tresor. Aviat es trobaran en una profunda cova totalment perduts! Qui buscar\u00e0 a en Tim i els seus amics?<\/p>\n<p>En Juli, en Dick, la Jordi, l&#8217;Anna i el Tim delecten als seus lectors des de fa 80 anys. Aquests relats in\u00e8dits de l&#8217;Enid Blyton, amb noves il\u00b7lustracions a tot color, s\u00f3n una introducci\u00f3 perfecta per als nous lectors, i una forma fant\u00e0stica de gaudir de les seves hist\u00f2ries cl\u00e0ssiques per als fans incondicionals del Club dels Cinc. La seva maquetaci\u00f3 amb un joc tipogr\u00e0fic que accentua les paraules segons la import\u00e0ncia i amb un cos de lletra gran, faciliten la feina a aquells que emprenen per primer cop el cam\u00ed cap a la lectura aut\u00f2noma.<\/p>\n<p><img loading=\"lazy\" decoding=\"async\" class=\"alignnone size-full wp-image-80020\" src=\"https:\/\/www.editorialjuventud.es\/wp-content\/uploads\/Logo_Suport_ICEC-1-e1740049385653.jpg\" alt=\"\" width=\"500\" height=\"131\" \/><\/p>\n","protected":false},"excerpt":{"rendered":"Els Cinc troben un missatge en una ampolla i es llancen a la recerca d&#8217;un tresor. Aviat es trobaran en una profunda cova totalment perduts! Qui buscar\u00e0 a en Tim i els seus amics? En Juli, en Dick, la Jordi, [&hellip;]","protected":false},"featured_media":78380,"template":"","meta":{"_acf_changed":false,"_exactmetrics_skip_tracking":false,"_exactmetrics_sitenote_active":false,"_exactmetrics_sitenote_note":"","_exactmetrics_sitenote_category":0},"product_brand":[],"product_cat":[902,1142,892,1115,1119,893,1128,910],"product_tag":[],"coleccion":[915,982,926],"class_list":{"0":"post-78379","1":"product","2":"type-product","3":"status-publish","4":"has-post-thumbnail","6":"product_cat-a-partir-de-7-anos","7":"product_cat-aventura","8":"product_cat-edades","9":"product_cat-generos","10":"product_cat-narrativa-juvenil","11":"product_cat-novedades","12":"product_cat-tematica","13":"product_cat-ultimas-novedades","14":"coleccion-catala","15":"coleccion-histories-curtes-dels-cinc","16":"coleccion-narrativa-juvenil","18":"first","19":"instock","20":"taxable","21":"shipping-taxable","22":"purchasable","23":"product-type-simple"},"acf":{"indice":"","autor":"Blyton, Enid ; Ahmed, Sufiya","codart":"4876","ediciones":"1","encuadernacion":"R\u00fastica","fecha_de_publicacion":"01\/04\/2024","fecha_de_reimpresion":"","novedad":"0","paginas":"80","subtitulo":"","texto_web_adicional":"","autores-libros":[78349,16237],"ilustradores-libros":[46349],"texto_web_novedad":"","orden":"999","portada":"0","texto_web_resaltado":"","traductores-libros":[58414],"descripcion_corta":"","recomendamos":"","mas_vendido":"","idioma-libro":"","color":false,"formato":"","mas_informacion_del_producto":false,"premios":false,"deshabilitar_compra":[],"titulo-fr":"","texto-fr":"","texto_enlace_cubierta":"","enlace_cubierta":{"ID":78482,"id":78482,"title":"Cinc_MissatgeAmpolla_cover_CAT","filename":"Cinc_MissatgeAmpolla_cover_CAT.tif","filesize":6424520,"url":"https:\/\/www.editorialjuventud.es\/wp-content\/uploads\/Cinc_MissatgeAmpolla_cover_CAT.tif","link":"https:\/\/www.editorialjuventud.es\/ca\/?attachment_id=78482","alt":"","author":"50","description":"","caption":"","name":"cinc_missatgeampolla_cover_cat","status":"inherit","uploaded_to":78379,"date":"2024-04-08 09:47:12","modified":"2024-04-08 09:47:12","menu_order":0,"mime_type":"image\/tiff","type":"image","subtype":"tiff","icon":"https:\/\/www.editorialjuventud.es\/wp-includes\/images\/media\/default.png","width":0,"height":0,"sizes":{"thumbnail":"https:\/\/www.editorialjuventud.es\/wp-content\/uploads\/Cinc_MissatgeAmpolla_cover_CAT.tif","thumbnail-width":1,"thumbnail-height":1,"medium":"https:\/\/www.editorialjuventud.es\/wp-content\/uploads\/Cinc_MissatgeAmpolla_cover_CAT.tif","medium-width":0,"medium-height":0,"medium_large":"https:\/\/www.editorialjuventud.es\/wp-content\/uploads\/Cinc_MissatgeAmpolla_cover_CAT.tif","medium_large-width":1,"medium_large-height":1,"large":"https:\/\/www.editorialjuventud.es\/wp-content\/uploads\/Cinc_MissatgeAmpolla_cover_CAT.tif","large-width":0,"large-height":0,"1536x1536":"https:\/\/www.editorialjuventud.es\/wp-content\/uploads\/Cinc_MissatgeAmpolla_cover_CAT.tif","1536x1536-width":1,"1536x1536-height":1,"2048x2048":"https:\/\/www.editorialjuventud.es\/wp-content\/uploads\/Cinc_MissatgeAmpolla_cover_CAT.tif","2048x2048-width":1,"2048x2048-height":1,"woocommerce_thumbnail":"https:\/\/www.editorialjuventud.es\/wp-content\/uploads\/Cinc_MissatgeAmpolla_cover_CAT.tif","woocommerce_thumbnail-width":1,"woocommerce_thumbnail-height":1,"woocommerce_single":"https:\/\/www.editorialjuventud.es\/wp-content\/uploads\/Cinc_MissatgeAmpolla_cover_CAT.tif","woocommerce_single-width":1,"woocommerce_single-height":1,"woocommerce_gallery_thumbnail":"https:\/\/www.editorialjuventud.es\/wp-content\/uploads\/Cinc_MissatgeAmpolla_cover_CAT.tif","woocommerce_gallery_thumbnail-width":1,"woocommerce_gallery_thumbnail-height":1,"ppec_logo_image_size":"https:\/\/www.editorialjuventud.es\/wp-content\/uploads\/Cinc_MissatgeAmpolla_cover_CAT.tif","ppec_logo_image_size-width":1,"ppec_logo_image_size-height":1,"ppec_header_image_size":"https:\/\/www.editorialjuventud.es\/wp-content\/uploads\/Cinc_MissatgeAmpolla_cover_CAT.tif","ppec_header_image_size-width":1,"ppec_header_image_size-height":1}},"texto_enlace_ficha_tecnica":"","enlace_ficha_tecnica":{"ID":78605,"id":78605,"title":"El Cinc-Missatge Ampolla_CA","filename":"El-Cinc-Missatge-Ampolla_CA.pdf","filesize":747052,"url":"https:\/\/www.editorialjuventud.es\/wp-content\/uploads\/El-Cinc-Missatge-Ampolla_CA.pdf","link":"https:\/\/www.editorialjuventud.es\/ca\/?attachment_id=78605","alt":"","author":"50","description":"","caption":"","name":"el-cinc-missatge-ampolla_ca","status":"inherit","uploaded_to":78379,"date":"2024-04-22 15:59:35","modified":"2024-04-22 15:59:35","menu_order":0,"mime_type":"application\/pdf","type":"application","subtype":"pdf","icon":"https:\/\/www.editorialjuventud.es\/wp-includes\/images\/media\/document.png"},"ficheros":false},"yoast_head":"<!-- This site is optimized with the Yoast SEO plugin v27.5 - https:\/\/yoast.com\/product\/yoast-seo-wordpress\/ -->\n<title>Missatge en una ampolla - Editorial Juventud<\/title>\n<meta name=\"description\" content=\"Els Cinc troben un missatge en una ampolla i es llancen a la recerca d&#039;un tresor. Aviat es trobaran en una profunda cova totalment perduts! Qui buscar\u00e0 a\" \/>\n<meta name=\"robots\" content=\"index, follow, max-snippet:-1, max-image-preview:large, max-video-preview:-1\" \/>\n<link rel=\"canonical\" href=\"https:\/\/www.editorialjuventud.es\/missatge-en-una-ampolla-9788426148766\/\" \/>\n<meta property=\"og:locale\" content=\"ca_ES\" \/>\n<meta property=\"og:type\" content=\"article\" \/>\n<meta property=\"og:title\" content=\"Missatge en una ampolla - Editorial Juventud\" \/>\n<meta property=\"og:description\" content=\"Els Cinc troben un missatge en una ampolla i es llancen a la recerca d&#039;un tresor. Aviat es trobaran en una profunda cova totalment perduts! Qui buscar\u00e0 a\" \/>\n<meta property=\"og:url\" content=\"https:\/\/www.editorialjuventud.es\/missatge-en-una-ampolla-9788426148766\/\" \/>\n<meta property=\"og:site_name\" content=\"Editorial Juventud\" \/>\n<meta property=\"article:modified_time\" content=\"2025-03-18T13:00:49+00:00\" \/>\n<meta property=\"og:image\" content=\"https:\/\/www.editorialjuventud.es\/wp-content\/uploads\/9788426148766.jpg\" \/>\n\t<meta property=\"og:image:width\" content=\"637\" \/>\n\t<meta property=\"og:image:height\" content=\"980\" \/>\n\t<meta property=\"og:image:type\" content=\"image\/jpeg\" \/>\n<meta name=\"twitter:card\" content=\"summary_large_image\" \/>\n<meta name=\"twitter:label1\" content=\"Temps estimat de lectura\" \/>\n\t<meta name=\"twitter:data1\" content=\"1 minut\" \/>\n<script type=\"application\/ld+json\" class=\"yoast-schema-graph\">{\"@context\":\"https:\\\/\\\/schema.org\",\"@graph\":[{\"@type\":\"WebPage\",\"@id\":\"https:\\\/\\\/www.editorialjuventud.es\\\/missatge-en-una-ampolla-9788426148766\\\/\",\"url\":\"https:\\\/\\\/www.editorialjuventud.es\\\/missatge-en-una-ampolla-9788426148766\\\/\",\"name\":\"Missatge en una ampolla - Editorial Juventud\",\"isPartOf\":{\"@id\":\"https:\\\/\\\/www.editorialjuventud.es\\\/#website\"},\"primaryImageOfPage\":{\"@id\":\"https:\\\/\\\/www.editorialjuventud.es\\\/missatge-en-una-ampolla-9788426148766\\\/#primaryimage\"},\"image\":{\"@id\":\"https:\\\/\\\/www.editorialjuventud.es\\\/missatge-en-una-ampolla-9788426148766\\\/#primaryimage\"},\"thumbnailUrl\":\"https:\\\/\\\/www.editorialjuventud.es\\\/wp-content\\\/uploads\\\/9788426148766.jpg\",\"datePublished\":\"2024-04-05T11:00:29+00:00\",\"dateModified\":\"2025-03-18T13:00:49+00:00\",\"description\":\"Els Cinc troben un missatge en una ampolla i es llancen a la recerca d'un tresor. Aviat es trobaran en una profunda cova totalment perduts! Qui buscar\u00e0 a\",\"breadcrumb\":{\"@id\":\"https:\\\/\\\/www.editorialjuventud.es\\\/missatge-en-una-ampolla-9788426148766\\\/#breadcrumb\"},\"inLanguage\":\"ca\",\"potentialAction\":[{\"@type\":\"ReadAction\",\"target\":[\"https:\\\/\\\/www.editorialjuventud.es\\\/missatge-en-una-ampolla-9788426148766\\\/\"]}]},{\"@type\":\"ImageObject\",\"inLanguage\":\"ca\",\"@id\":\"https:\\\/\\\/www.editorialjuventud.es\\\/missatge-en-una-ampolla-9788426148766\\\/#primaryimage\",\"url\":\"https:\\\/\\\/www.editorialjuventud.es\\\/wp-content\\\/uploads\\\/9788426148766.jpg\",\"contentUrl\":\"https:\\\/\\\/www.editorialjuventud.es\\\/wp-content\\\/uploads\\\/9788426148766.jpg\",\"width\":637,\"height\":980,\"caption\":\"9788426148766.jpg\"},{\"@type\":\"BreadcrumbList\",\"@id\":\"https:\\\/\\\/www.editorialjuventud.es\\\/missatge-en-una-ampolla-9788426148766\\\/#breadcrumb\",\"itemListElement\":[{\"@type\":\"ListItem\",\"position\":1,\"name\":\"Portada\",\"item\":\"https:\\\/\\\/www.editorialjuventud.es\\\/\"},{\"@type\":\"ListItem\",\"position\":2,\"name\":\"cat\u00e1logo\",\"item\":\"https:\\\/\\\/www.editorialjuventud.es\\\/coleccion\\\/catalogo\\\/\"},{\"@type\":\"ListItem\",\"position\":3,\"name\":\"catal\u00e0\",\"item\":\"https:\\\/\\\/www.editorialjuventud.es\\\/coleccion\\\/catala\\\/\"},{\"@type\":\"ListItem\",\"position\":4,\"name\":\"Narrativa Juvenil\",\"item\":\"https:\\\/\\\/www.editorialjuventud.es\\\/ca\\\/coleccion\\\/narrativa-juvenil\\\/\"},{\"@type\":\"ListItem\",\"position\":5,\"name\":\"Hist\u00f2ries Curtes dels Cinc\",\"item\":\"https:\\\/\\\/www.editorialjuventud.es\\\/ca\\\/coleccion\\\/histories-curtes-dels-cinc\\\/\"},{\"@type\":\"ListItem\",\"position\":6,\"name\":\"Missatge en una ampolla\"}]},{\"@type\":\"WebSite\",\"@id\":\"https:\\\/\\\/www.editorialjuventud.es\\\/#website\",\"url\":\"https:\\\/\\\/www.editorialjuventud.es\\\/\",\"name\":\"Editorial Juventud\",\"description\":\"\",\"potentialAction\":[{\"@type\":\"SearchAction\",\"target\":{\"@type\":\"EntryPoint\",\"urlTemplate\":\"https:\\\/\\\/www.editorialjuventud.es\\\/?s={search_term_string}\"},\"query-input\":{\"@type\":\"PropertyValueSpecification\",\"valueRequired\":true,\"valueName\":\"search_term_string\"}}],\"inLanguage\":\"ca\"}]}<\/script>\n<!-- \/ Yoast SEO plugin. -->","yoast_head_json":{"title":"Missatge en una ampolla - Editorial Juventud","description":"Els Cinc troben un missatge en una ampolla i es llancen a la recerca d'un tresor. Aviat es trobaran en una profunda cova totalment perduts! Qui buscar\u00e0 a","robots":{"index":"index","follow":"follow","max-snippet":"max-snippet:-1","max-image-preview":"max-image-preview:large","max-video-preview":"max-video-preview:-1"},"canonical":"https:\/\/www.editorialjuventud.es\/missatge-en-una-ampolla-9788426148766\/","og_locale":"ca_ES","og_type":"article","og_title":"Missatge en una ampolla - Editorial Juventud","og_description":"Els Cinc troben un missatge en una ampolla i es llancen a la recerca d'un tresor. Aviat es trobaran en una profunda cova totalment perduts! Qui buscar\u00e0 a","og_url":"https:\/\/www.editorialjuventud.es\/missatge-en-una-ampolla-9788426148766\/","og_site_name":"Editorial Juventud","article_modified_time":"2025-03-18T13:00:49+00:00","og_image":[{"width":637,"height":980,"url":"https:\/\/www.editorialjuventud.es\/wp-content\/uploads\/9788426148766.jpg","type":"image\/jpeg"}],"twitter_card":"summary_large_image","twitter_misc":{"Temps estimat de lectura":"1 minut"},"schema":{"@context":"https:\/\/schema.org","@graph":[{"@type":"WebPage","@id":"https:\/\/www.editorialjuventud.es\/missatge-en-una-ampolla-9788426148766\/","url":"https:\/\/www.editorialjuventud.es\/missatge-en-una-ampolla-9788426148766\/","name":"Missatge en una ampolla - Editorial Juventud","isPartOf":{"@id":"https:\/\/www.editorialjuventud.es\/#website"},"primaryImageOfPage":{"@id":"https:\/\/www.editorialjuventud.es\/missatge-en-una-ampolla-9788426148766\/#primaryimage"},"image":{"@id":"https:\/\/www.editorialjuventud.es\/missatge-en-una-ampolla-9788426148766\/#primaryimage"},"thumbnailUrl":"https:\/\/www.editorialjuventud.es\/wp-content\/uploads\/9788426148766.jpg","datePublished":"2024-04-05T11:00:29+00:00","dateModified":"2025-03-18T13:00:49+00:00","description":"Els Cinc troben un missatge en una ampolla i es llancen a la recerca d'un tresor. Aviat es trobaran en una profunda cova totalment perduts! Qui buscar\u00e0 a","breadcrumb":{"@id":"https:\/\/www.editorialjuventud.es\/missatge-en-una-ampolla-9788426148766\/#breadcrumb"},"inLanguage":"ca","potentialAction":[{"@type":"ReadAction","target":["https:\/\/www.editorialjuventud.es\/missatge-en-una-ampolla-9788426148766\/"]}]},{"@type":"ImageObject","inLanguage":"ca","@id":"https:\/\/www.editorialjuventud.es\/missatge-en-una-ampolla-9788426148766\/#primaryimage","url":"https:\/\/www.editorialjuventud.es\/wp-content\/uploads\/9788426148766.jpg","contentUrl":"https:\/\/www.editorialjuventud.es\/wp-content\/uploads\/9788426148766.jpg","width":637,"height":980,"caption":"9788426148766.jpg"},{"@type":"BreadcrumbList","@id":"https:\/\/www.editorialjuventud.es\/missatge-en-una-ampolla-9788426148766\/#breadcrumb","itemListElement":[{"@type":"ListItem","position":1,"name":"Portada","item":"https:\/\/www.editorialjuventud.es\/"},{"@type":"ListItem","position":2,"name":"cat\u00e1logo","item":"https:\/\/www.editorialjuventud.es\/coleccion\/catalogo\/"},{"@type":"ListItem","position":3,"name":"catal\u00e0","item":"https:\/\/www.editorialjuventud.es\/coleccion\/catala\/"},{"@type":"ListItem","position":4,"name":"Narrativa Juvenil","item":"https:\/\/www.editorialjuventud.es\/ca\/coleccion\/narrativa-juvenil\/"},{"@type":"ListItem","position":5,"name":"Hist\u00f2ries Curtes dels Cinc","item":"https:\/\/www.editorialjuventud.es\/ca\/coleccion\/histories-curtes-dels-cinc\/"},{"@type":"ListItem","position":6,"name":"Missatge en una ampolla"}]},{"@type":"WebSite","@id":"https:\/\/www.editorialjuventud.es\/#website","url":"https:\/\/www.editorialjuventud.es\/","name":"Editorial Juventud","description":"","potentialAction":[{"@type":"SearchAction","target":{"@type":"EntryPoint","urlTemplate":"https:\/\/www.editorialjuventud.es\/?s={search_term_string}"},"query-input":{"@type":"PropertyValueSpecification","valueRequired":true,"valueName":"search_term_string"}}],"inLanguage":"ca"}]}},"_links":{"self":[{"href":"https:\/\/www.editorialjuventud.es\/ca\/wp-json\/wp\/v2\/product\/78379","targetHints":{"allow":["GET"]}}],"collection":[{"href":"https:\/\/www.editorialjuventud.es\/ca\/wp-json\/wp\/v2\/product"}],"about":[{"href":"https:\/\/www.editorialjuventud.es\/ca\/wp-json\/wp\/v2\/types\/product"}],"wp:featuredmedia":[{"embeddable":true,"href":"https:\/\/www.editorialjuventud.es\/ca\/wp-json\/wp\/v2\/media\/78380"}],"wp:attachment":[{"href":"https:\/\/www.editorialjuventud.es\/ca\/wp-json\/wp\/v2\/media?parent=78379"}],"wp:term":[{"taxonomy":"product_brand","embeddable":true,"href":"https:\/\/www.editorialjuventud.es\/ca\/wp-json\/wp\/v2\/product_brand?post=78379"},{"taxonomy":"product_cat","embeddable":true,"href":"https:\/\/www.editorialjuventud.es\/ca\/wp-json\/wp\/v2\/product_cat?post=78379"},{"taxonomy":"product_tag","embeddable":true,"href":"https:\/\/www.editorialjuventud.es\/ca\/wp-json\/wp\/v2\/product_tag?post=78379"},{"taxonomy":"coleccion","embeddable":true,"href":"https:\/\/www.editorialjuventud.es\/ca\/wp-json\/wp\/v2\/coleccion?post=78379"}],"curies":[{"name":"wp","href":"https:\/\/api.w.org\/{rel}","templated":true}]}}