{"id":78186,"date":"2024-03-08T13:45:12","date_gmt":"2024-03-08T12:45:12","guid":{"rendered":"https:\/\/www.editorialjuventud.es\/contes-de-patates-1-el-millor-del-mon-9788426148865\/"},"modified":"2025-02-05T12:05:07","modified_gmt":"2025-02-05T11:05:07","slug":"contes-de-patates-1-el-millor-del-mon-9788426148865","status":"publish","type":"product","link":"https:\/\/www.editorialjuventud.es\/ca\/contes-de-patates-1-el-millor-del-mon-9788426148865\/","title":{"rendered":"Contes de Patates 1. El millor del m\u00f3n!"},"content":{"rendered":"<p>El Rot \u00e9s una patata mutant i se sent molt b\u00e9. Fins i tot&#8230; el millor del m\u00f3n!<\/p>\n<p>El seu germ\u00e0, el Moc, tamb\u00e9 \u00e9s una patata mutant, per\u00f2 se sent empipat. Potser&#8230; el m\u00e9s empipat del m\u00f3n. Se sentin b\u00e9 o empipades, a la majoria de les patates mutants els agrada el fang, cantar, i especialment, els CONCURSOS \u00c8PICS. Aix\u00ed que quan el Moc desafia el Rot a un concurs \u00e8pic per determinar qui \u00e9s realment el millor del m\u00f3n, el Rot accepta de bon grat.<\/p>\n<p>Per\u00f2 a mesura que s&#8217;enfronten en una cursa de sacs pudents, en el joc del tur\u00f3 de la patata calenta i en un concurs molt seri\u00f3s de rialles -amb la seva es-patata-rrant germana Tot com a jutgessa-, la seva rivalitat es va descontrolant r\u00e0pidament.<\/p>\n<p>Podr\u00e0 aquest trio de patates determinar MAI qui \u00e9s el millor del m\u00f3n?<\/p>\n<p>La patata mutant Rot Tub Ercle, que ja ha aparegut en dos \u00e0lbums il\u00b7lustrats, protagonitza ara el primer volum d&#8217;una nova s\u00e8rie amb el segell inconfusible de Ben Clanton, autor dels Llibres de Narval i Medu. Aquesta s\u00e8rie barreja la novel\u00b7la gr\u00e0fica amb els contes per cap\u00edtols, els di\u00e0legs dels quals estan escrits en lletres maj\u00fascules, un format pensat per a potenciar la lectura aut\u00f2noma. A m\u00e9s, el carisma i la tendresa d&#8217;aquest trio de patates mutants amants de l&#8217;humor absurd, del fang i dels concursos \u00e8pics, mantindr\u00e0 els lectors rient, cantant i animant-los des de la primera p\u00e0gina fins a l&#8217;\u00faltima.<\/p>\n<p>Ben Clanton \u00e9s un autor i il\u00b7lustrador amb mooolta imaginaci\u00f3. Prova d&#8217;aix\u00f2 \u00e9s l&#8217;extraordinari m\u00f3n submar\u00ed que ha creat per als Llibres de Narval i Medu, el primer volum dels quals va guanyar el premi Eisner al Millor C\u00f2mic per a Primers Lectors.   <\/p>\n","protected":false},"excerpt":{"rendered":"El Rot \u00e9s una patata mutant i se sent molt b\u00e9. Fins i tot&#8230; el millor del m\u00f3n! El seu germ\u00e0, el Moc, tamb\u00e9 \u00e9s una patata mutant, per\u00f2 se sent empipat. Potser&#8230; el m\u00e9s empipat del m\u00f3n. Se sentin [&hellip;]","protected":false},"featured_media":78250,"template":"","meta":{"_acf_changed":false,"_exactmetrics_skip_tracking":false,"_exactmetrics_sitenote_active":false,"_exactmetrics_sitenote_note":"","_exactmetrics_sitenote_category":0},"product_brand":[],"product_cat":[900,1136,1146,1127,1182,1184,910],"product_tag":[],"coleccion":[1370],"class_list":{"0":"post-78186","1":"product","2":"type-product","3":"status-publish","4":"has-post-thumbnail","6":"product_cat-a-partir-de-5-anos","7":"product_cat-amistad","8":"product_cat-celos","9":"product_cat-comic","10":"product_cat-hermanos","11":"product_cat-humor","12":"product_cat-ultimas-novedades","13":"coleccion-contes-de-patates","15":"first","16":"instock","17":"taxable","18":"shipping-taxable","19":"purchasable","20":"product-type-simple"},"acf":{"indice":"","autor":"Clanton, Ben","codart":"4886","ediciones":"1","encuadernacion":"Carton\u00e9","fecha_de_publicacion":"01\/03\/2024","fecha_de_reimpresion":"","novedad":"0","paginas":"84","subtitulo":"","texto_web_adicional":"","autores-libros":[16284],"ilustradores-libros":"","texto_web_novedad":"","orden":"999","portada":"0","texto_web_resaltado":"","traductores-libros":[17378],"descripcion_corta":"","recomendamos":"","mas_vendido":"","idioma-libro":"","color":false,"formato":"","mas_informacion_del_producto":false,"premios":false,"deshabilitar_compra":[],"titulo-fr":"","texto-fr":"","texto_enlace_cubierta":"","enlace_cubierta":{"ID":78252,"id":78252,"title":"EL MILLOR DEL MON_cover_CA","filename":"EL-MILLOR-DEL-MON_cover_CA.tif","filesize":28105892,"url":"https:\/\/www.editorialjuventud.es\/wp-content\/uploads\/EL-MILLOR-DEL-MON_cover_CA.tif","link":"https:\/\/www.editorialjuventud.es\/ca\/?attachment_id=78252","alt":"","author":"50","description":"","caption":"","name":"el-millor-del-mon_cover_ca","status":"inherit","uploaded_to":78186,"date":"2024-03-13 17:13:41","modified":"2024-03-13 17:13:41","menu_order":0,"mime_type":"image\/tiff","type":"image","subtype":"tiff","icon":"https:\/\/www.editorialjuventud.es\/wp-includes\/images\/media\/default.png","width":0,"height":0,"sizes":{"thumbnail":"https:\/\/www.editorialjuventud.es\/wp-content\/uploads\/EL-MILLOR-DEL-MON_cover_CA.tif","thumbnail-width":1,"thumbnail-height":1,"medium":"https:\/\/www.editorialjuventud.es\/wp-content\/uploads\/EL-MILLOR-DEL-MON_cover_CA.tif","medium-width":0,"medium-height":0,"medium_large":"https:\/\/www.editorialjuventud.es\/wp-content\/uploads\/EL-MILLOR-DEL-MON_cover_CA.tif","medium_large-width":1,"medium_large-height":1,"large":"https:\/\/www.editorialjuventud.es\/wp-content\/uploads\/EL-MILLOR-DEL-MON_cover_CA.tif","large-width":0,"large-height":0,"1536x1536":"https:\/\/www.editorialjuventud.es\/wp-content\/uploads\/EL-MILLOR-DEL-MON_cover_CA.tif","1536x1536-width":1,"1536x1536-height":1,"2048x2048":"https:\/\/www.editorialjuventud.es\/wp-content\/uploads\/EL-MILLOR-DEL-MON_cover_CA.tif","2048x2048-width":1,"2048x2048-height":1,"woocommerce_thumbnail":"https:\/\/www.editorialjuventud.es\/wp-content\/uploads\/EL-MILLOR-DEL-MON_cover_CA.tif","woocommerce_thumbnail-width":1,"woocommerce_thumbnail-height":1,"woocommerce_single":"https:\/\/www.editorialjuventud.es\/wp-content\/uploads\/EL-MILLOR-DEL-MON_cover_CA.tif","woocommerce_single-width":1,"woocommerce_single-height":1,"woocommerce_gallery_thumbnail":"https:\/\/www.editorialjuventud.es\/wp-content\/uploads\/EL-MILLOR-DEL-MON_cover_CA.tif","woocommerce_gallery_thumbnail-width":1,"woocommerce_gallery_thumbnail-height":1,"ppec_logo_image_size":"https:\/\/www.editorialjuventud.es\/wp-content\/uploads\/EL-MILLOR-DEL-MON_cover_CA.tif","ppec_logo_image_size-width":1,"ppec_logo_image_size-height":1,"ppec_header_image_size":"https:\/\/www.editorialjuventud.es\/wp-content\/uploads\/EL-MILLOR-DEL-MON_cover_CA.tif","ppec_header_image_size-width":1,"ppec_header_image_size-height":1}},"texto_enlace_ficha_tecnica":"","enlace_ficha_tecnica":{"ID":78283,"id":78283,"title":"EL MILLOR DEL MON","filename":"EL-MILLOR-DEL-MON.pdf","filesize":1237194,"url":"https:\/\/www.editorialjuventud.es\/wp-content\/uploads\/EL-MILLOR-DEL-MON.pdf","link":"https:\/\/www.editorialjuventud.es\/ca\/?attachment_id=78283","alt":"","author":"50","description":"","caption":"","name":"el-millor-del-mon","status":"inherit","uploaded_to":78186,"date":"2024-03-18 14:15:23","modified":"2024-03-18 14:15:23","menu_order":0,"mime_type":"application\/pdf","type":"application","subtype":"pdf","icon":"https:\/\/www.editorialjuventud.es\/wp-includes\/images\/media\/document.png"},"ficheros":false},"yoast_head":"<!-- This site is optimized with the Yoast SEO plugin v27.3 - https:\/\/yoast.com\/product\/yoast-seo-wordpress\/ -->\n<title>Contes de Patates 1. El millor del m\u00f3n! - Editorial Juventud<\/title>\n<meta name=\"description\" content=\"El Rot \u00e9s una patata mutant i se sent molt b\u00e9. Fins i tot... el millor del m\u00f3n!El seu germ\u00e0, el Moc, tamb\u00e9 \u00e9s una patata mutant, per\u00f2 se sent empipat.\" \/>\n<meta name=\"robots\" content=\"index, follow, max-snippet:-1, max-image-preview:large, max-video-preview:-1\" \/>\n<link rel=\"canonical\" href=\"https:\/\/www.editorialjuventud.es\/contes-de-patates-1-el-millor-del-mon-9788426148865\/\" \/>\n<meta property=\"og:locale\" content=\"ca_ES\" \/>\n<meta property=\"og:type\" content=\"article\" \/>\n<meta property=\"og:title\" content=\"Contes de Patates 1. El millor del m\u00f3n! - Editorial Juventud\" \/>\n<meta property=\"og:description\" content=\"El Rot \u00e9s una patata mutant i se sent molt b\u00e9. Fins i tot... el millor del m\u00f3n!El seu germ\u00e0, el Moc, tamb\u00e9 \u00e9s una patata mutant, per\u00f2 se sent empipat.\" \/>\n<meta property=\"og:url\" content=\"https:\/\/www.editorialjuventud.es\/contes-de-patates-1-el-millor-del-mon-9788426148865\/\" \/>\n<meta property=\"og:site_name\" content=\"Editorial Juventud\" \/>\n<meta property=\"article:modified_time\" content=\"2025-02-05T11:05:07+00:00\" \/>\n<meta property=\"og:image\" content=\"https:\/\/www.editorialjuventud.es\/wp-content\/uploads\/EL-MILLOR-DEL-MON_cover_CA_Web.jpg\" \/>\n\t<meta property=\"og:image:width\" content=\"705\" \/>\n\t<meta property=\"og:image:height\" content=\"980\" \/>\n\t<meta property=\"og:image:type\" content=\"image\/jpeg\" \/>\n<meta name=\"twitter:card\" content=\"summary_large_image\" \/>\n<meta name=\"twitter:label1\" content=\"Temps estimat de lectura\" \/>\n\t<meta name=\"twitter:data1\" content=\"2 minuts\" \/>\n<script type=\"application\/ld+json\" class=\"yoast-schema-graph\">{\"@context\":\"https:\\\/\\\/schema.org\",\"@graph\":[{\"@type\":\"WebPage\",\"@id\":\"https:\\\/\\\/www.editorialjuventud.es\\\/contes-de-patates-1-el-millor-del-mon-9788426148865\\\/\",\"url\":\"https:\\\/\\\/www.editorialjuventud.es\\\/contes-de-patates-1-el-millor-del-mon-9788426148865\\\/\",\"name\":\"Contes de Patates 1. El millor del m\u00f3n! - Editorial Juventud\",\"isPartOf\":{\"@id\":\"https:\\\/\\\/www.editorialjuventud.es\\\/#website\"},\"primaryImageOfPage\":{\"@id\":\"https:\\\/\\\/www.editorialjuventud.es\\\/contes-de-patates-1-el-millor-del-mon-9788426148865\\\/#primaryimage\"},\"image\":{\"@id\":\"https:\\\/\\\/www.editorialjuventud.es\\\/contes-de-patates-1-el-millor-del-mon-9788426148865\\\/#primaryimage\"},\"thumbnailUrl\":\"https:\\\/\\\/www.editorialjuventud.es\\\/wp-content\\\/uploads\\\/EL-MILLOR-DEL-MON_cover_CA_Web.jpg\",\"datePublished\":\"2024-03-08T12:45:12+00:00\",\"dateModified\":\"2025-02-05T11:05:07+00:00\",\"description\":\"El Rot \u00e9s una patata mutant i se sent molt b\u00e9. Fins i tot... el millor del m\u00f3n!El seu germ\u00e0, el Moc, tamb\u00e9 \u00e9s una patata mutant, per\u00f2 se sent empipat.\",\"breadcrumb\":{\"@id\":\"https:\\\/\\\/www.editorialjuventud.es\\\/contes-de-patates-1-el-millor-del-mon-9788426148865\\\/#breadcrumb\"},\"inLanguage\":\"ca\",\"potentialAction\":[{\"@type\":\"ReadAction\",\"target\":[\"https:\\\/\\\/www.editorialjuventud.es\\\/contes-de-patates-1-el-millor-del-mon-9788426148865\\\/\"]}]},{\"@type\":\"ImageObject\",\"inLanguage\":\"ca\",\"@id\":\"https:\\\/\\\/www.editorialjuventud.es\\\/contes-de-patates-1-el-millor-del-mon-9788426148865\\\/#primaryimage\",\"url\":\"https:\\\/\\\/www.editorialjuventud.es\\\/wp-content\\\/uploads\\\/EL-MILLOR-DEL-MON_cover_CA_Web.jpg\",\"contentUrl\":\"https:\\\/\\\/www.editorialjuventud.es\\\/wp-content\\\/uploads\\\/EL-MILLOR-DEL-MON_cover_CA_Web.jpg\",\"width\":705,\"height\":980},{\"@type\":\"BreadcrumbList\",\"@id\":\"https:\\\/\\\/www.editorialjuventud.es\\\/contes-de-patates-1-el-millor-del-mon-9788426148865\\\/#breadcrumb\",\"itemListElement\":[{\"@type\":\"ListItem\",\"position\":1,\"name\":\"Portada\",\"item\":\"https:\\\/\\\/www.editorialjuventud.es\\\/\"},{\"@type\":\"ListItem\",\"position\":2,\"name\":\"cat\u00e1logo\",\"item\":\"https:\\\/\\\/www.editorialjuventud.es\\\/coleccion\\\/catalogo\\\/\"},{\"@type\":\"ListItem\",\"position\":3,\"name\":\"catal\u00e0\",\"item\":\"https:\\\/\\\/www.editorialjuventud.es\\\/coleccion\\\/catala\\\/\"},{\"@type\":\"ListItem\",\"position\":4,\"name\":\"Joventut C\u00f2mic\",\"item\":\"https:\\\/\\\/www.editorialjuventud.es\\\/ca\\\/coleccion\\\/joventut-comic\\\/\"},{\"@type\":\"ListItem\",\"position\":5,\"name\":\"Contes de Patates\",\"item\":\"https:\\\/\\\/www.editorialjuventud.es\\\/ca\\\/coleccion\\\/contes-de-patates\\\/\"},{\"@type\":\"ListItem\",\"position\":6,\"name\":\"Contes de Patates 1. El millor del m\u00f3n!\"}]},{\"@type\":\"WebSite\",\"@id\":\"https:\\\/\\\/www.editorialjuventud.es\\\/#website\",\"url\":\"https:\\\/\\\/www.editorialjuventud.es\\\/\",\"name\":\"Editorial Juventud\",\"description\":\"\",\"potentialAction\":[{\"@type\":\"SearchAction\",\"target\":{\"@type\":\"EntryPoint\",\"urlTemplate\":\"https:\\\/\\\/www.editorialjuventud.es\\\/?s={search_term_string}\"},\"query-input\":{\"@type\":\"PropertyValueSpecification\",\"valueRequired\":true,\"valueName\":\"search_term_string\"}}],\"inLanguage\":\"ca\"}]}<\/script>\n<!-- \/ Yoast SEO plugin. -->","yoast_head_json":{"title":"Contes de Patates 1. El millor del m\u00f3n! - Editorial Juventud","description":"El Rot \u00e9s una patata mutant i se sent molt b\u00e9. Fins i tot... el millor del m\u00f3n!El seu germ\u00e0, el Moc, tamb\u00e9 \u00e9s una patata mutant, per\u00f2 se sent empipat.","robots":{"index":"index","follow":"follow","max-snippet":"max-snippet:-1","max-image-preview":"max-image-preview:large","max-video-preview":"max-video-preview:-1"},"canonical":"https:\/\/www.editorialjuventud.es\/contes-de-patates-1-el-millor-del-mon-9788426148865\/","og_locale":"ca_ES","og_type":"article","og_title":"Contes de Patates 1. El millor del m\u00f3n! - Editorial Juventud","og_description":"El Rot \u00e9s una patata mutant i se sent molt b\u00e9. Fins i tot... el millor del m\u00f3n!El seu germ\u00e0, el Moc, tamb\u00e9 \u00e9s una patata mutant, per\u00f2 se sent empipat.","og_url":"https:\/\/www.editorialjuventud.es\/contes-de-patates-1-el-millor-del-mon-9788426148865\/","og_site_name":"Editorial Juventud","article_modified_time":"2025-02-05T11:05:07+00:00","og_image":[{"width":705,"height":980,"url":"https:\/\/www.editorialjuventud.es\/wp-content\/uploads\/EL-MILLOR-DEL-MON_cover_CA_Web.jpg","type":"image\/jpeg"}],"twitter_card":"summary_large_image","twitter_misc":{"Temps estimat de lectura":"2 minuts"},"schema":{"@context":"https:\/\/schema.org","@graph":[{"@type":"WebPage","@id":"https:\/\/www.editorialjuventud.es\/contes-de-patates-1-el-millor-del-mon-9788426148865\/","url":"https:\/\/www.editorialjuventud.es\/contes-de-patates-1-el-millor-del-mon-9788426148865\/","name":"Contes de Patates 1. El millor del m\u00f3n! - Editorial Juventud","isPartOf":{"@id":"https:\/\/www.editorialjuventud.es\/#website"},"primaryImageOfPage":{"@id":"https:\/\/www.editorialjuventud.es\/contes-de-patates-1-el-millor-del-mon-9788426148865\/#primaryimage"},"image":{"@id":"https:\/\/www.editorialjuventud.es\/contes-de-patates-1-el-millor-del-mon-9788426148865\/#primaryimage"},"thumbnailUrl":"https:\/\/www.editorialjuventud.es\/wp-content\/uploads\/EL-MILLOR-DEL-MON_cover_CA_Web.jpg","datePublished":"2024-03-08T12:45:12+00:00","dateModified":"2025-02-05T11:05:07+00:00","description":"El Rot \u00e9s una patata mutant i se sent molt b\u00e9. Fins i tot... el millor del m\u00f3n!El seu germ\u00e0, el Moc, tamb\u00e9 \u00e9s una patata mutant, per\u00f2 se sent empipat.","breadcrumb":{"@id":"https:\/\/www.editorialjuventud.es\/contes-de-patates-1-el-millor-del-mon-9788426148865\/#breadcrumb"},"inLanguage":"ca","potentialAction":[{"@type":"ReadAction","target":["https:\/\/www.editorialjuventud.es\/contes-de-patates-1-el-millor-del-mon-9788426148865\/"]}]},{"@type":"ImageObject","inLanguage":"ca","@id":"https:\/\/www.editorialjuventud.es\/contes-de-patates-1-el-millor-del-mon-9788426148865\/#primaryimage","url":"https:\/\/www.editorialjuventud.es\/wp-content\/uploads\/EL-MILLOR-DEL-MON_cover_CA_Web.jpg","contentUrl":"https:\/\/www.editorialjuventud.es\/wp-content\/uploads\/EL-MILLOR-DEL-MON_cover_CA_Web.jpg","width":705,"height":980},{"@type":"BreadcrumbList","@id":"https:\/\/www.editorialjuventud.es\/contes-de-patates-1-el-millor-del-mon-9788426148865\/#breadcrumb","itemListElement":[{"@type":"ListItem","position":1,"name":"Portada","item":"https:\/\/www.editorialjuventud.es\/"},{"@type":"ListItem","position":2,"name":"cat\u00e1logo","item":"https:\/\/www.editorialjuventud.es\/coleccion\/catalogo\/"},{"@type":"ListItem","position":3,"name":"catal\u00e0","item":"https:\/\/www.editorialjuventud.es\/coleccion\/catala\/"},{"@type":"ListItem","position":4,"name":"Joventut C\u00f2mic","item":"https:\/\/www.editorialjuventud.es\/ca\/coleccion\/joventut-comic\/"},{"@type":"ListItem","position":5,"name":"Contes de Patates","item":"https:\/\/www.editorialjuventud.es\/ca\/coleccion\/contes-de-patates\/"},{"@type":"ListItem","position":6,"name":"Contes de Patates 1. El millor del m\u00f3n!"}]},{"@type":"WebSite","@id":"https:\/\/www.editorialjuventud.es\/#website","url":"https:\/\/www.editorialjuventud.es\/","name":"Editorial Juventud","description":"","potentialAction":[{"@type":"SearchAction","target":{"@type":"EntryPoint","urlTemplate":"https:\/\/www.editorialjuventud.es\/?s={search_term_string}"},"query-input":{"@type":"PropertyValueSpecification","valueRequired":true,"valueName":"search_term_string"}}],"inLanguage":"ca"}]}},"_links":{"self":[{"href":"https:\/\/www.editorialjuventud.es\/ca\/wp-json\/wp\/v2\/product\/78186","targetHints":{"allow":["GET"]}}],"collection":[{"href":"https:\/\/www.editorialjuventud.es\/ca\/wp-json\/wp\/v2\/product"}],"about":[{"href":"https:\/\/www.editorialjuventud.es\/ca\/wp-json\/wp\/v2\/types\/product"}],"wp:featuredmedia":[{"embeddable":true,"href":"https:\/\/www.editorialjuventud.es\/ca\/wp-json\/wp\/v2\/media\/78250"}],"wp:attachment":[{"href":"https:\/\/www.editorialjuventud.es\/ca\/wp-json\/wp\/v2\/media?parent=78186"}],"wp:term":[{"taxonomy":"product_brand","embeddable":true,"href":"https:\/\/www.editorialjuventud.es\/ca\/wp-json\/wp\/v2\/product_brand?post=78186"},{"taxonomy":"product_cat","embeddable":true,"href":"https:\/\/www.editorialjuventud.es\/ca\/wp-json\/wp\/v2\/product_cat?post=78186"},{"taxonomy":"product_tag","embeddable":true,"href":"https:\/\/www.editorialjuventud.es\/ca\/wp-json\/wp\/v2\/product_tag?post=78186"},{"taxonomy":"coleccion","embeddable":true,"href":"https:\/\/www.editorialjuventud.es\/ca\/wp-json\/wp\/v2\/coleccion?post=78186"}],"curies":[{"name":"wp","href":"https:\/\/api.w.org\/{rel}","templated":true}]}}