{"id":78185,"date":"2024-03-08T13:45:04","date_gmt":"2024-03-08T12:45:04","guid":{"rendered":"https:\/\/www.editorialjuventud.es\/cuentos-patateros-1-el-mejor-del-mundo-9788426148858\/"},"modified":"2025-03-18T13:54:56","modified_gmt":"2025-03-18T12:54:56","slug":"cuentos-patateros-1-el-mejor-del-mundo-9788426148858","status":"publish","type":"product","link":"https:\/\/www.editorialjuventud.es\/ca\/cuentos-patateros-1-el-mejor-del-mundo-9788426148858\/","title":{"rendered":"Cuentos Patateros 1 \u00a1El mejor del mundo!"},"content":{"rendered":"<p>Rot es una patata mutante y se siente muy bien, incluso&#8230; \u00a1el mejor del mundo!<\/p>\n<p>Su hermano, Moco, tambi\u00e9n es una patata mutante, pero siempre est\u00e1 enfadado. Probablemente\u2026, m\u00e1s enfadado que nadie. Se sientan bien o enfadadas, a la mayor\u00eda de las patatas mutantes les encanta el barro, cantar y, sobre todo, los CONCURSOS \u00c9PICOS. As\u00ed, cuando Moco desaf\u00eda a Rot a un concurso \u00e9pico para determinar qui\u00e9n es realmente el mejor del mundo, Rot acepta encantado.<\/p>\n<p>Pero a medida que Rot y Moco se enfrentan en una lodosa carrera de sacos, en el juego de la colina de la patata caliente y en un concurso de risas muy serio (cuya jueza es su superhermana, Tata), su rivalidad se va descontrolando.<\/p>\n<p>\u00bfPodr\u00e1 este tr\u00edo de patatas determinar qui\u00e9n es el mejor del mundo?<\/p>\n<p>La patata mutante Rot Pata Tero, que ya ha aparecido en dos \u00e1lbumes ilustrados, protagoniza ahora el primer volumen de una nueva serie con el sello inconfundible de Ben Clanton, autor de los Libros de Narval i Medu. Esta serie mezcla la novela gr\u00e1fica con los cuentos por cap\u00edtulos, cuyos di\u00e1logos est\u00e1n escritos en letras may\u00fasculas, un formato pensado para potenciar la lectura aut\u00f3noma. Adem\u00e1s, el carisma y la ternura de este tr\u00edo de patatas mutantes amantes del humor absurdo, del barro y de los concursos \u00e9picos, mantendr\u00e1 a los lectores riendo, cantando y anim\u00e1ndolos desde la primera p\u00e1gina hasta la \u00faltima.<\/p>\n<p><img loading=\"lazy\" decoding=\"async\" class=\"alignnone size-full wp-image-80020\" src=\"https:\/\/www.editorialjuventud.es\/wp-content\/uploads\/Logo_Suport_ICEC-1-e1740049385653.jpg\" alt=\"\" width=\"500\" height=\"131\" \/><\/p>\n","protected":false},"excerpt":{"rendered":"Rot es una patata mutante y se siente muy bien, incluso&#8230; \u00a1el mejor del mundo! Su hermano, Moco, tambi\u00e9n es una patata mutante, pero siempre est\u00e1 enfadado. Probablemente\u2026, m\u00e1s enfadado que nadie. Se sientan bien o enfadadas, a la mayor\u00eda [&hellip;]","protected":false},"featured_media":78222,"template":"","meta":{"_acf_changed":false,"_exactmetrics_skip_tracking":false,"_exactmetrics_sitenote_active":false,"_exactmetrics_sitenote_note":"","_exactmetrics_sitenote_category":0},"product_brand":[],"product_cat":[900,1136,1146,1127,1284,1182,1184,910],"product_tag":[],"coleccion":[1369],"class_list":{"0":"post-78185","1":"product","2":"type-product","3":"status-publish","4":"has-post-thumbnail","6":"product_cat-a-partir-de-5-anos","7":"product_cat-amistad","8":"product_cat-celos","9":"product_cat-comic","10":"product_cat-comic-tematica","11":"product_cat-hermanos","12":"product_cat-humor","13":"product_cat-ultimas-novedades","14":"coleccion-cuentos-patateros","16":"first","17":"instock","18":"taxable","19":"shipping-taxable","20":"purchasable","21":"product-type-simple"},"acf":{"indice":"","autor":"Clanton, Ben","codart":"4885","ediciones":"1","encuadernacion":"Carton\u00e9","fecha_de_publicacion":"01\/03\/2024","fecha_de_reimpresion":"","novedad":"0","paginas":"88","subtitulo":"","texto_web_adicional":"","autores-libros":[16284],"ilustradores-libros":"","texto_web_novedad":"","orden":"999","portada":"0","texto_web_resaltado":"","traductores-libros":[55227],"descripcion_corta":"","recomendamos":"","mas_vendido":"","idioma-libro":"","color":false,"formato":"","mas_informacion_del_producto":false,"premios":false,"deshabilitar_compra":[],"titulo-fr":"","texto-fr":"","texto_enlace_cubierta":"","enlace_cubierta":{"ID":78230,"id":78230,"title":"EL MEJOR DEL MUNDO_cover_ES","filename":"EL-MEJOR-DEL-MUNDO_cover_ES.tif","filesize":28068868,"url":"https:\/\/www.editorialjuventud.es\/wp-content\/uploads\/EL-MEJOR-DEL-MUNDO_cover_ES.tif","link":"https:\/\/www.editorialjuventud.es\/ca\/?attachment_id=78230","alt":"","author":"50","description":"","caption":"","name":"el-mejor-del-mundo_cover_es","status":"inherit","uploaded_to":78185,"date":"2024-03-13 17:08:34","modified":"2024-03-13 17:08:34","menu_order":0,"mime_type":"image\/tiff","type":"image","subtype":"tiff","icon":"https:\/\/www.editorialjuventud.es\/wp-includes\/images\/media\/default.png","width":0,"height":0,"sizes":{"thumbnail":"https:\/\/www.editorialjuventud.es\/wp-content\/uploads\/EL-MEJOR-DEL-MUNDO_cover_ES.tif","thumbnail-width":1,"thumbnail-height":1,"medium":"https:\/\/www.editorialjuventud.es\/wp-content\/uploads\/EL-MEJOR-DEL-MUNDO_cover_ES.tif","medium-width":0,"medium-height":0,"medium_large":"https:\/\/www.editorialjuventud.es\/wp-content\/uploads\/EL-MEJOR-DEL-MUNDO_cover_ES.tif","medium_large-width":1,"medium_large-height":1,"large":"https:\/\/www.editorialjuventud.es\/wp-content\/uploads\/EL-MEJOR-DEL-MUNDO_cover_ES.tif","large-width":0,"large-height":0,"1536x1536":"https:\/\/www.editorialjuventud.es\/wp-content\/uploads\/EL-MEJOR-DEL-MUNDO_cover_ES.tif","1536x1536-width":1,"1536x1536-height":1,"2048x2048":"https:\/\/www.editorialjuventud.es\/wp-content\/uploads\/EL-MEJOR-DEL-MUNDO_cover_ES.tif","2048x2048-width":1,"2048x2048-height":1,"woocommerce_thumbnail":"https:\/\/www.editorialjuventud.es\/wp-content\/uploads\/EL-MEJOR-DEL-MUNDO_cover_ES.tif","woocommerce_thumbnail-width":1,"woocommerce_thumbnail-height":1,"woocommerce_single":"https:\/\/www.editorialjuventud.es\/wp-content\/uploads\/EL-MEJOR-DEL-MUNDO_cover_ES.tif","woocommerce_single-width":1,"woocommerce_single-height":1,"woocommerce_gallery_thumbnail":"https:\/\/www.editorialjuventud.es\/wp-content\/uploads\/EL-MEJOR-DEL-MUNDO_cover_ES.tif","woocommerce_gallery_thumbnail-width":1,"woocommerce_gallery_thumbnail-height":1,"ppec_logo_image_size":"https:\/\/www.editorialjuventud.es\/wp-content\/uploads\/EL-MEJOR-DEL-MUNDO_cover_ES.tif","ppec_logo_image_size-width":1,"ppec_logo_image_size-height":1,"ppec_header_image_size":"https:\/\/www.editorialjuventud.es\/wp-content\/uploads\/EL-MEJOR-DEL-MUNDO_cover_ES.tif","ppec_header_image_size-width":1,"ppec_header_image_size-height":1}},"texto_enlace_ficha_tecnica":"","enlace_ficha_tecnica":{"ID":78279,"id":78279,"title":"EL MEJOR DEL MUNDO","filename":"EL-MEJOR-DEL-MUNDO.pdf","filesize":1237410,"url":"https:\/\/www.editorialjuventud.es\/wp-content\/uploads\/EL-MEJOR-DEL-MUNDO.pdf","link":"https:\/\/www.editorialjuventud.es\/ca\/?attachment_id=78279","alt":"","author":"50","description":"","caption":"","name":"el-mejor-del-mundo","status":"inherit","uploaded_to":78185,"date":"2024-03-18 14:13:28","modified":"2024-03-18 14:13:28","menu_order":0,"mime_type":"application\/pdf","type":"application","subtype":"pdf","icon":"https:\/\/www.editorialjuventud.es\/wp-includes\/images\/media\/document.png"},"ficheros":false},"yoast_head":"<!-- This site is optimized with the Yoast SEO plugin v27.5 - https:\/\/yoast.com\/product\/yoast-seo-wordpress\/ -->\n<title>Cuentos Patateros 1 \u00a1El mejor del mundo! - Editorial Juventud<\/title>\n<meta name=\"description\" content=\"Rot es una patata mutante y se siente muy bien, incluso... \u00a1el mejor del mundo! Su hermano, Moco, tambi\u00e9n es una patata mutante, pero siempre est\u00e1\" \/>\n<meta name=\"robots\" content=\"index, follow, max-snippet:-1, max-image-preview:large, max-video-preview:-1\" \/>\n<link rel=\"canonical\" href=\"https:\/\/www.editorialjuventud.es\/cuentos-patateros-1-el-mejor-del-mundo-9788426148858\/\" \/>\n<meta property=\"og:locale\" content=\"ca_ES\" \/>\n<meta property=\"og:type\" content=\"article\" \/>\n<meta property=\"og:title\" content=\"Cuentos Patateros 1 \u00a1El mejor del mundo! - Editorial Juventud\" \/>\n<meta property=\"og:description\" content=\"Rot es una patata mutante y se siente muy bien, incluso... \u00a1el mejor del mundo! Su hermano, Moco, tambi\u00e9n es una patata mutante, pero siempre est\u00e1\" \/>\n<meta property=\"og:url\" content=\"https:\/\/www.editorialjuventud.es\/cuentos-patateros-1-el-mejor-del-mundo-9788426148858\/\" \/>\n<meta property=\"og:site_name\" content=\"Editorial Juventud\" \/>\n<meta property=\"article:modified_time\" content=\"2025-03-18T12:54:56+00:00\" \/>\n<meta property=\"og:image\" content=\"https:\/\/www.editorialjuventud.es\/wp-content\/uploads\/EL-MEJOR-DEL-MUNDO_cover_ES_Web.jpg\" \/>\n\t<meta property=\"og:image:width\" content=\"705\" \/>\n\t<meta property=\"og:image:height\" content=\"980\" \/>\n\t<meta property=\"og:image:type\" content=\"image\/jpeg\" \/>\n<meta name=\"twitter:card\" content=\"summary_large_image\" \/>\n<meta name=\"twitter:label1\" content=\"Temps estimat de lectura\" \/>\n\t<meta name=\"twitter:data1\" content=\"2 minuts\" \/>\n<script type=\"application\/ld+json\" class=\"yoast-schema-graph\">{\"@context\":\"https:\\\/\\\/schema.org\",\"@graph\":[{\"@type\":\"WebPage\",\"@id\":\"https:\\\/\\\/www.editorialjuventud.es\\\/cuentos-patateros-1-el-mejor-del-mundo-9788426148858\\\/\",\"url\":\"https:\\\/\\\/www.editorialjuventud.es\\\/cuentos-patateros-1-el-mejor-del-mundo-9788426148858\\\/\",\"name\":\"Cuentos Patateros 1 \u00a1El mejor del mundo! - Editorial Juventud\",\"isPartOf\":{\"@id\":\"https:\\\/\\\/www.editorialjuventud.es\\\/#website\"},\"primaryImageOfPage\":{\"@id\":\"https:\\\/\\\/www.editorialjuventud.es\\\/cuentos-patateros-1-el-mejor-del-mundo-9788426148858\\\/#primaryimage\"},\"image\":{\"@id\":\"https:\\\/\\\/www.editorialjuventud.es\\\/cuentos-patateros-1-el-mejor-del-mundo-9788426148858\\\/#primaryimage\"},\"thumbnailUrl\":\"https:\\\/\\\/www.editorialjuventud.es\\\/wp-content\\\/uploads\\\/EL-MEJOR-DEL-MUNDO_cover_ES_Web.jpg\",\"datePublished\":\"2024-03-08T12:45:04+00:00\",\"dateModified\":\"2025-03-18T12:54:56+00:00\",\"description\":\"Rot es una patata mutante y se siente muy bien, incluso... \u00a1el mejor del mundo! Su hermano, Moco, tambi\u00e9n es una patata mutante, pero siempre est\u00e1\",\"breadcrumb\":{\"@id\":\"https:\\\/\\\/www.editorialjuventud.es\\\/cuentos-patateros-1-el-mejor-del-mundo-9788426148858\\\/#breadcrumb\"},\"inLanguage\":\"ca\",\"potentialAction\":[{\"@type\":\"ReadAction\",\"target\":[\"https:\\\/\\\/www.editorialjuventud.es\\\/cuentos-patateros-1-el-mejor-del-mundo-9788426148858\\\/\"]}]},{\"@type\":\"ImageObject\",\"inLanguage\":\"ca\",\"@id\":\"https:\\\/\\\/www.editorialjuventud.es\\\/cuentos-patateros-1-el-mejor-del-mundo-9788426148858\\\/#primaryimage\",\"url\":\"https:\\\/\\\/www.editorialjuventud.es\\\/wp-content\\\/uploads\\\/EL-MEJOR-DEL-MUNDO_cover_ES_Web.jpg\",\"contentUrl\":\"https:\\\/\\\/www.editorialjuventud.es\\\/wp-content\\\/uploads\\\/EL-MEJOR-DEL-MUNDO_cover_ES_Web.jpg\",\"width\":705,\"height\":980},{\"@type\":\"BreadcrumbList\",\"@id\":\"https:\\\/\\\/www.editorialjuventud.es\\\/cuentos-patateros-1-el-mejor-del-mundo-9788426148858\\\/#breadcrumb\",\"itemListElement\":[{\"@type\":\"ListItem\",\"position\":1,\"name\":\"Portada\",\"item\":\"https:\\\/\\\/www.editorialjuventud.es\\\/\"},{\"@type\":\"ListItem\",\"position\":2,\"name\":\"cat\u00e1logo\",\"item\":\"https:\\\/\\\/www.editorialjuventud.es\\\/coleccion\\\/catalogo\\\/\"},{\"@type\":\"ListItem\",\"position\":3,\"name\":\"castellano\",\"item\":\"https:\\\/\\\/www.editorialjuventud.es\\\/coleccion\\\/castellano\\\/\"},{\"@type\":\"ListItem\",\"position\":4,\"name\":\"Juventud C\u00f3mic\",\"item\":\"https:\\\/\\\/www.editorialjuventud.es\\\/coleccion\\\/juventud-comic\\\/\"},{\"@type\":\"ListItem\",\"position\":5,\"name\":\"Cuentos Patateros\",\"item\":\"https:\\\/\\\/www.editorialjuventud.es\\\/ca\\\/coleccion\\\/cuentos-patateros\\\/\"},{\"@type\":\"ListItem\",\"position\":6,\"name\":\"Cuentos Patateros 1 \u00a1El mejor del mundo!\"}]},{\"@type\":\"WebSite\",\"@id\":\"https:\\\/\\\/www.editorialjuventud.es\\\/#website\",\"url\":\"https:\\\/\\\/www.editorialjuventud.es\\\/\",\"name\":\"Editorial Juventud\",\"description\":\"\",\"potentialAction\":[{\"@type\":\"SearchAction\",\"target\":{\"@type\":\"EntryPoint\",\"urlTemplate\":\"https:\\\/\\\/www.editorialjuventud.es\\\/?s={search_term_string}\"},\"query-input\":{\"@type\":\"PropertyValueSpecification\",\"valueRequired\":true,\"valueName\":\"search_term_string\"}}],\"inLanguage\":\"ca\"}]}<\/script>\n<!-- \/ Yoast SEO plugin. -->","yoast_head_json":{"title":"Cuentos Patateros 1 \u00a1El mejor del mundo! - Editorial Juventud","description":"Rot es una patata mutante y se siente muy bien, incluso... \u00a1el mejor del mundo! Su hermano, Moco, tambi\u00e9n es una patata mutante, pero siempre est\u00e1","robots":{"index":"index","follow":"follow","max-snippet":"max-snippet:-1","max-image-preview":"max-image-preview:large","max-video-preview":"max-video-preview:-1"},"canonical":"https:\/\/www.editorialjuventud.es\/cuentos-patateros-1-el-mejor-del-mundo-9788426148858\/","og_locale":"ca_ES","og_type":"article","og_title":"Cuentos Patateros 1 \u00a1El mejor del mundo! - Editorial Juventud","og_description":"Rot es una patata mutante y se siente muy bien, incluso... \u00a1el mejor del mundo! Su hermano, Moco, tambi\u00e9n es una patata mutante, pero siempre est\u00e1","og_url":"https:\/\/www.editorialjuventud.es\/cuentos-patateros-1-el-mejor-del-mundo-9788426148858\/","og_site_name":"Editorial Juventud","article_modified_time":"2025-03-18T12:54:56+00:00","og_image":[{"width":705,"height":980,"url":"https:\/\/www.editorialjuventud.es\/wp-content\/uploads\/EL-MEJOR-DEL-MUNDO_cover_ES_Web.jpg","type":"image\/jpeg"}],"twitter_card":"summary_large_image","twitter_misc":{"Temps estimat de lectura":"2 minuts"},"schema":{"@context":"https:\/\/schema.org","@graph":[{"@type":"WebPage","@id":"https:\/\/www.editorialjuventud.es\/cuentos-patateros-1-el-mejor-del-mundo-9788426148858\/","url":"https:\/\/www.editorialjuventud.es\/cuentos-patateros-1-el-mejor-del-mundo-9788426148858\/","name":"Cuentos Patateros 1 \u00a1El mejor del mundo! - Editorial Juventud","isPartOf":{"@id":"https:\/\/www.editorialjuventud.es\/#website"},"primaryImageOfPage":{"@id":"https:\/\/www.editorialjuventud.es\/cuentos-patateros-1-el-mejor-del-mundo-9788426148858\/#primaryimage"},"image":{"@id":"https:\/\/www.editorialjuventud.es\/cuentos-patateros-1-el-mejor-del-mundo-9788426148858\/#primaryimage"},"thumbnailUrl":"https:\/\/www.editorialjuventud.es\/wp-content\/uploads\/EL-MEJOR-DEL-MUNDO_cover_ES_Web.jpg","datePublished":"2024-03-08T12:45:04+00:00","dateModified":"2025-03-18T12:54:56+00:00","description":"Rot es una patata mutante y se siente muy bien, incluso... \u00a1el mejor del mundo! Su hermano, Moco, tambi\u00e9n es una patata mutante, pero siempre est\u00e1","breadcrumb":{"@id":"https:\/\/www.editorialjuventud.es\/cuentos-patateros-1-el-mejor-del-mundo-9788426148858\/#breadcrumb"},"inLanguage":"ca","potentialAction":[{"@type":"ReadAction","target":["https:\/\/www.editorialjuventud.es\/cuentos-patateros-1-el-mejor-del-mundo-9788426148858\/"]}]},{"@type":"ImageObject","inLanguage":"ca","@id":"https:\/\/www.editorialjuventud.es\/cuentos-patateros-1-el-mejor-del-mundo-9788426148858\/#primaryimage","url":"https:\/\/www.editorialjuventud.es\/wp-content\/uploads\/EL-MEJOR-DEL-MUNDO_cover_ES_Web.jpg","contentUrl":"https:\/\/www.editorialjuventud.es\/wp-content\/uploads\/EL-MEJOR-DEL-MUNDO_cover_ES_Web.jpg","width":705,"height":980},{"@type":"BreadcrumbList","@id":"https:\/\/www.editorialjuventud.es\/cuentos-patateros-1-el-mejor-del-mundo-9788426148858\/#breadcrumb","itemListElement":[{"@type":"ListItem","position":1,"name":"Portada","item":"https:\/\/www.editorialjuventud.es\/"},{"@type":"ListItem","position":2,"name":"cat\u00e1logo","item":"https:\/\/www.editorialjuventud.es\/coleccion\/catalogo\/"},{"@type":"ListItem","position":3,"name":"castellano","item":"https:\/\/www.editorialjuventud.es\/coleccion\/castellano\/"},{"@type":"ListItem","position":4,"name":"Juventud C\u00f3mic","item":"https:\/\/www.editorialjuventud.es\/coleccion\/juventud-comic\/"},{"@type":"ListItem","position":5,"name":"Cuentos Patateros","item":"https:\/\/www.editorialjuventud.es\/ca\/coleccion\/cuentos-patateros\/"},{"@type":"ListItem","position":6,"name":"Cuentos Patateros 1 \u00a1El mejor del mundo!"}]},{"@type":"WebSite","@id":"https:\/\/www.editorialjuventud.es\/#website","url":"https:\/\/www.editorialjuventud.es\/","name":"Editorial Juventud","description":"","potentialAction":[{"@type":"SearchAction","target":{"@type":"EntryPoint","urlTemplate":"https:\/\/www.editorialjuventud.es\/?s={search_term_string}"},"query-input":{"@type":"PropertyValueSpecification","valueRequired":true,"valueName":"search_term_string"}}],"inLanguage":"ca"}]}},"_links":{"self":[{"href":"https:\/\/www.editorialjuventud.es\/ca\/wp-json\/wp\/v2\/product\/78185","targetHints":{"allow":["GET"]}}],"collection":[{"href":"https:\/\/www.editorialjuventud.es\/ca\/wp-json\/wp\/v2\/product"}],"about":[{"href":"https:\/\/www.editorialjuventud.es\/ca\/wp-json\/wp\/v2\/types\/product"}],"wp:featuredmedia":[{"embeddable":true,"href":"https:\/\/www.editorialjuventud.es\/ca\/wp-json\/wp\/v2\/media\/78222"}],"wp:attachment":[{"href":"https:\/\/www.editorialjuventud.es\/ca\/wp-json\/wp\/v2\/media?parent=78185"}],"wp:term":[{"taxonomy":"product_brand","embeddable":true,"href":"https:\/\/www.editorialjuventud.es\/ca\/wp-json\/wp\/v2\/product_brand?post=78185"},{"taxonomy":"product_cat","embeddable":true,"href":"https:\/\/www.editorialjuventud.es\/ca\/wp-json\/wp\/v2\/product_cat?post=78185"},{"taxonomy":"product_tag","embeddable":true,"href":"https:\/\/www.editorialjuventud.es\/ca\/wp-json\/wp\/v2\/product_tag?post=78185"},{"taxonomy":"coleccion","embeddable":true,"href":"https:\/\/www.editorialjuventud.es\/ca\/wp-json\/wp\/v2\/coleccion?post=78185"}],"curies":[{"name":"wp","href":"https:\/\/api.w.org\/{rel}","templated":true}]}}