{"id":78183,"date":"2024-03-08T13:44:26","date_gmt":"2024-03-08T12:44:26","guid":{"rendered":"https:\/\/www.editorialjuventud.es\/un-artista-es-9788426148667\/"},"modified":"2025-10-16T09:30:49","modified_gmt":"2025-10-16T07:30:49","slug":"un-artista-es-9788426148667","status":"publish","type":"product","link":"https:\/\/www.editorialjuventud.es\/ca\/un-artista-es-9788426148667\/","title":{"rendered":"Un artista es&#8230;"},"content":{"rendered":"<p>\u00bfQu\u00e9 es un artista? \u00bfQu\u00e9 inspira su creatividad?<br \/>\nQuiz\u00e1 no haya una sola respuesta, pero lo cierto es que todos y todas compartimos la capacidad de imaginar, de emocionarnos y \u00a1de crear cosas extraordinarias!<\/p>\n<p>Este \u00e1lbum es un peque\u00f1o manifiesto que pretende desmitificar las ideas preconcebidas sobre el arte, y nos hace sentir m\u00e1s cercanos a la figura del artista y a su manera de ver el mundo mediante la imaginaci\u00f3n y la libertad creativa&#8230;<\/p>\n","protected":false},"excerpt":{"rendered":"\u00bfQu\u00e9 es un artista? \u00bfQu\u00e9 inspira su creatividad? Quiz\u00e1 no haya una sola respuesta, pero lo cierto es que todos y todas compartimos la capacidad de imaginar, de emocionarnos y \u00a1de crear cosas extraordinarias! Este \u00e1lbum es un peque\u00f1o manifiesto [&hellip;]","protected":false},"featured_media":78210,"template":"","meta":{"_acf_changed":false,"_exactmetrics_skip_tracking":false,"_exactmetrics_sitenote_active":false,"_exactmetrics_sitenote_note":"","_exactmetrics_sitenote_category":0},"product_brand":[],"product_cat":[900,1121,1140,910],"product_tag":[],"coleccion":[986],"class_list":{"0":"post-78183","1":"product","2":"type-product","3":"status-publish","4":"has-post-thumbnail","6":"product_cat-a-partir-de-5-anos","7":"product_cat-albumes-ilustrados","8":"product_cat-arte-y-creatividad","9":"product_cat-ultimas-novedades","10":"coleccion-arte-y-creatividad","12":"first","13":"instock","14":"taxable","15":"shipping-taxable","16":"purchasable","17":"product-type-simple"},"acf":{"indice":"","autor":"Ardite , Marta","codart":"4866-7","ediciones":"1","encuadernacion":"Carton\u00e9","fecha_de_publicacion":"01\/03\/2024","fecha_de_reimpresion":"","novedad":"0","paginas":"32","subtitulo":"","texto_web_adicional":"","autores-libros":[64884],"ilustradores-libros":[78182],"texto_web_novedad":"","orden":"999","portada":"0","texto_web_resaltado":"","traductores-libros":"","descripcion_corta":"","recomendamos":"","mas_vendido":"","idioma-libro":"","color":false,"formato":"","mas_informacion_del_producto":false,"premios":[{"premio":"Seleccionado como uno de los mejores libros por la New York Public Library","anyo_del_premio":"2024","pais_del_premio":"Estados Unidos"},{"premio":"White Ravens Selection","anyo_del_premio":"2025","pais_del_premio":"Alemania"}],"deshabilitar_compra":[],"titulo-fr":"An artist is...","texto-fr":"<p>Do you want to know what an artist is? An artist is&#8230;<\/p>\n<p>Pablo goes to art school. When he grows up, he wants to be an artist. His little sister, Greta, asks him what it means to be an artist. \u201cWell, you see, an artist is someone with very original ideas. They like to explore and find other paths. They investigate, break rules, and get in touch with all kinds of emotions. Being an artist is fascinating and liberating\u201d. An album to delve deeper into the incredible figure of the artist, complex and seductive.<\/p>\n<p><span style=\"color: #008080;\"><em>\u203a Rights sold: Brazil and Simplified Chinese<\/em><\/span><\/p>\n","texto_enlace_cubierta":"","enlace_cubierta":{"ID":78220,"id":78220,"title":"UN ARTISTA ES_cover_ES","filename":"UN-ARTISTA-ES_cover_ES.tif","filesize":47336588,"url":"https:\/\/www.editorialjuventud.es\/wp-content\/uploads\/UN-ARTISTA-ES_cover_ES.tif","link":"https:\/\/www.editorialjuventud.es\/ca\/?attachment_id=78220","alt":"","author":"50","description":"","caption":"","name":"un-artista-es_cover_es","status":"inherit","uploaded_to":78183,"date":"2024-03-13 17:06:18","modified":"2024-03-13 17:06:18","menu_order":0,"mime_type":"image\/tiff","type":"image","subtype":"tiff","icon":"https:\/\/www.editorialjuventud.es\/wp-includes\/images\/media\/default.png","width":0,"height":0,"sizes":{"thumbnail":"https:\/\/www.editorialjuventud.es\/wp-content\/uploads\/UN-ARTISTA-ES_cover_ES.tif","thumbnail-width":1,"thumbnail-height":1,"medium":"https:\/\/www.editorialjuventud.es\/wp-content\/uploads\/UN-ARTISTA-ES_cover_ES.tif","medium-width":0,"medium-height":0,"medium_large":"https:\/\/www.editorialjuventud.es\/wp-content\/uploads\/UN-ARTISTA-ES_cover_ES.tif","medium_large-width":1,"medium_large-height":1,"large":"https:\/\/www.editorialjuventud.es\/wp-content\/uploads\/UN-ARTISTA-ES_cover_ES.tif","large-width":0,"large-height":0,"1536x1536":"https:\/\/www.editorialjuventud.es\/wp-content\/uploads\/UN-ARTISTA-ES_cover_ES.tif","1536x1536-width":1,"1536x1536-height":1,"2048x2048":"https:\/\/www.editorialjuventud.es\/wp-content\/uploads\/UN-ARTISTA-ES_cover_ES.tif","2048x2048-width":1,"2048x2048-height":1,"woocommerce_thumbnail":"https:\/\/www.editorialjuventud.es\/wp-content\/uploads\/UN-ARTISTA-ES_cover_ES.tif","woocommerce_thumbnail-width":1,"woocommerce_thumbnail-height":1,"woocommerce_single":"https:\/\/www.editorialjuventud.es\/wp-content\/uploads\/UN-ARTISTA-ES_cover_ES.tif","woocommerce_single-width":1,"woocommerce_single-height":1,"woocommerce_gallery_thumbnail":"https:\/\/www.editorialjuventud.es\/wp-content\/uploads\/UN-ARTISTA-ES_cover_ES.tif","woocommerce_gallery_thumbnail-width":1,"woocommerce_gallery_thumbnail-height":1,"ppec_logo_image_size":"https:\/\/www.editorialjuventud.es\/wp-content\/uploads\/UN-ARTISTA-ES_cover_ES.tif","ppec_logo_image_size-width":1,"ppec_logo_image_size-height":1,"ppec_header_image_size":"https:\/\/www.editorialjuventud.es\/wp-content\/uploads\/UN-ARTISTA-ES_cover_ES.tif","ppec_header_image_size-width":1,"ppec_header_image_size-height":1}},"texto_enlace_ficha_tecnica":"","enlace_ficha_tecnica":{"ID":78277,"id":78277,"title":"UN ARTISTA ES_ES","filename":"UN-ARTISTA-ES_ES.pdf","filesize":680710,"url":"https:\/\/www.editorialjuventud.es\/wp-content\/uploads\/UN-ARTISTA-ES_ES.pdf","link":"https:\/\/www.editorialjuventud.es\/ca\/?attachment_id=78277","alt":"","author":"50","description":"","caption":"","name":"un-artista-es_es","status":"inherit","uploaded_to":78183,"date":"2024-03-18 14:12:24","modified":"2024-03-18 14:12:24","menu_order":0,"mime_type":"application\/pdf","type":"application","subtype":"pdf","icon":"https:\/\/www.editorialjuventud.es\/wp-includes\/images\/media\/document.png"},"ficheros":false},"yoast_head":"<!-- This site is optimized with the Yoast SEO plugin v27.3 - https:\/\/yoast.com\/product\/yoast-seo-wordpress\/ -->\n<title>Un artista es... - Editorial Juventud<\/title>\n<meta name=\"description\" content=\"\u00bfQu\u00e9 es un artista? \u00bfQu\u00e9 inspira su creatividad? Quiz\u00e1 no haya una sola respuesta, pero lo cierto es que todos y todas compartimos la capacidad de\" \/>\n<meta name=\"robots\" content=\"index, follow, max-snippet:-1, max-image-preview:large, max-video-preview:-1\" \/>\n<link rel=\"canonical\" href=\"https:\/\/www.editorialjuventud.es\/un-artista-es-9788426148667\/\" \/>\n<meta property=\"og:locale\" content=\"ca_ES\" \/>\n<meta property=\"og:type\" content=\"article\" \/>\n<meta property=\"og:title\" content=\"Un artista es... - Editorial Juventud\" \/>\n<meta property=\"og:description\" content=\"\u00bfQu\u00e9 es un artista? \u00bfQu\u00e9 inspira su creatividad? Quiz\u00e1 no haya una sola respuesta, pero lo cierto es que todos y todas compartimos la capacidad de\" \/>\n<meta property=\"og:url\" content=\"https:\/\/www.editorialjuventud.es\/un-artista-es-9788426148667\/\" \/>\n<meta property=\"og:site_name\" content=\"Editorial Juventud\" \/>\n<meta property=\"article:modified_time\" content=\"2025-10-16T07:30:49+00:00\" \/>\n<meta property=\"og:image\" content=\"https:\/\/www.editorialjuventud.es\/wp-content\/uploads\/UN-ARTISTA-ES_cover_ES_Web.jpg\" \/>\n\t<meta property=\"og:image:width\" content=\"761\" \/>\n\t<meta property=\"og:image:height\" content=\"980\" \/>\n\t<meta property=\"og:image:type\" content=\"image\/jpeg\" \/>\n<meta name=\"twitter:card\" content=\"summary_large_image\" \/>\n<meta name=\"twitter:label1\" content=\"Temps estimat de lectura\" \/>\n\t<meta name=\"twitter:data1\" content=\"1 minut\" \/>\n<script type=\"application\/ld+json\" class=\"yoast-schema-graph\">{\"@context\":\"https:\\\/\\\/schema.org\",\"@graph\":[{\"@type\":\"WebPage\",\"@id\":\"https:\\\/\\\/www.editorialjuventud.es\\\/un-artista-es-9788426148667\\\/\",\"url\":\"https:\\\/\\\/www.editorialjuventud.es\\\/un-artista-es-9788426148667\\\/\",\"name\":\"Un artista es... - Editorial Juventud\",\"isPartOf\":{\"@id\":\"https:\\\/\\\/www.editorialjuventud.es\\\/#website\"},\"primaryImageOfPage\":{\"@id\":\"https:\\\/\\\/www.editorialjuventud.es\\\/un-artista-es-9788426148667\\\/#primaryimage\"},\"image\":{\"@id\":\"https:\\\/\\\/www.editorialjuventud.es\\\/un-artista-es-9788426148667\\\/#primaryimage\"},\"thumbnailUrl\":\"https:\\\/\\\/www.editorialjuventud.es\\\/wp-content\\\/uploads\\\/UN-ARTISTA-ES_cover_ES_Web.jpg\",\"datePublished\":\"2024-03-08T12:44:26+00:00\",\"dateModified\":\"2025-10-16T07:30:49+00:00\",\"description\":\"\u00bfQu\u00e9 es un artista? \u00bfQu\u00e9 inspira su creatividad? Quiz\u00e1 no haya una sola respuesta, pero lo cierto es que todos y todas compartimos la capacidad de\",\"breadcrumb\":{\"@id\":\"https:\\\/\\\/www.editorialjuventud.es\\\/un-artista-es-9788426148667\\\/#breadcrumb\"},\"inLanguage\":\"ca\",\"potentialAction\":[{\"@type\":\"ReadAction\",\"target\":[\"https:\\\/\\\/www.editorialjuventud.es\\\/un-artista-es-9788426148667\\\/\"]}]},{\"@type\":\"ImageObject\",\"inLanguage\":\"ca\",\"@id\":\"https:\\\/\\\/www.editorialjuventud.es\\\/un-artista-es-9788426148667\\\/#primaryimage\",\"url\":\"https:\\\/\\\/www.editorialjuventud.es\\\/wp-content\\\/uploads\\\/UN-ARTISTA-ES_cover_ES_Web.jpg\",\"contentUrl\":\"https:\\\/\\\/www.editorialjuventud.es\\\/wp-content\\\/uploads\\\/UN-ARTISTA-ES_cover_ES_Web.jpg\",\"width\":761,\"height\":980},{\"@type\":\"BreadcrumbList\",\"@id\":\"https:\\\/\\\/www.editorialjuventud.es\\\/un-artista-es-9788426148667\\\/#breadcrumb\",\"itemListElement\":[{\"@type\":\"ListItem\",\"position\":1,\"name\":\"Portada\",\"item\":\"https:\\\/\\\/www.editorialjuventud.es\\\/\"},{\"@type\":\"ListItem\",\"position\":2,\"name\":\"cat\u00e1logo\",\"item\":\"https:\\\/\\\/www.editorialjuventud.es\\\/coleccion\\\/catalogo\\\/\"},{\"@type\":\"ListItem\",\"position\":3,\"name\":\"castellano\",\"item\":\"https:\\\/\\\/www.editorialjuventud.es\\\/coleccion\\\/castellano\\\/\"},{\"@type\":\"ListItem\",\"position\":4,\"name\":\"\u00c1lbumes Ilustrados\",\"item\":\"https:\\\/\\\/www.editorialjuventud.es\\\/coleccion\\\/albumes-ilustrados\\\/\"},{\"@type\":\"ListItem\",\"position\":5,\"name\":\"Arte y Creatividad\",\"item\":\"https:\\\/\\\/www.editorialjuventud.es\\\/ca\\\/coleccion\\\/arte-y-creatividad\\\/\"},{\"@type\":\"ListItem\",\"position\":6,\"name\":\"Un artista es...\"}]},{\"@type\":\"WebSite\",\"@id\":\"https:\\\/\\\/www.editorialjuventud.es\\\/#website\",\"url\":\"https:\\\/\\\/www.editorialjuventud.es\\\/\",\"name\":\"Editorial Juventud\",\"description\":\"\",\"potentialAction\":[{\"@type\":\"SearchAction\",\"target\":{\"@type\":\"EntryPoint\",\"urlTemplate\":\"https:\\\/\\\/www.editorialjuventud.es\\\/?s={search_term_string}\"},\"query-input\":{\"@type\":\"PropertyValueSpecification\",\"valueRequired\":true,\"valueName\":\"search_term_string\"}}],\"inLanguage\":\"ca\"}]}<\/script>\n<!-- \/ Yoast SEO plugin. -->","yoast_head_json":{"title":"Un artista es... - Editorial Juventud","description":"\u00bfQu\u00e9 es un artista? \u00bfQu\u00e9 inspira su creatividad? Quiz\u00e1 no haya una sola respuesta, pero lo cierto es que todos y todas compartimos la capacidad de","robots":{"index":"index","follow":"follow","max-snippet":"max-snippet:-1","max-image-preview":"max-image-preview:large","max-video-preview":"max-video-preview:-1"},"canonical":"https:\/\/www.editorialjuventud.es\/un-artista-es-9788426148667\/","og_locale":"ca_ES","og_type":"article","og_title":"Un artista es... - Editorial Juventud","og_description":"\u00bfQu\u00e9 es un artista? \u00bfQu\u00e9 inspira su creatividad? Quiz\u00e1 no haya una sola respuesta, pero lo cierto es que todos y todas compartimos la capacidad de","og_url":"https:\/\/www.editorialjuventud.es\/un-artista-es-9788426148667\/","og_site_name":"Editorial Juventud","article_modified_time":"2025-10-16T07:30:49+00:00","og_image":[{"width":761,"height":980,"url":"https:\/\/www.editorialjuventud.es\/wp-content\/uploads\/UN-ARTISTA-ES_cover_ES_Web.jpg","type":"image\/jpeg"}],"twitter_card":"summary_large_image","twitter_misc":{"Temps estimat de lectura":"1 minut"},"schema":{"@context":"https:\/\/schema.org","@graph":[{"@type":"WebPage","@id":"https:\/\/www.editorialjuventud.es\/un-artista-es-9788426148667\/","url":"https:\/\/www.editorialjuventud.es\/un-artista-es-9788426148667\/","name":"Un artista es... - Editorial Juventud","isPartOf":{"@id":"https:\/\/www.editorialjuventud.es\/#website"},"primaryImageOfPage":{"@id":"https:\/\/www.editorialjuventud.es\/un-artista-es-9788426148667\/#primaryimage"},"image":{"@id":"https:\/\/www.editorialjuventud.es\/un-artista-es-9788426148667\/#primaryimage"},"thumbnailUrl":"https:\/\/www.editorialjuventud.es\/wp-content\/uploads\/UN-ARTISTA-ES_cover_ES_Web.jpg","datePublished":"2024-03-08T12:44:26+00:00","dateModified":"2025-10-16T07:30:49+00:00","description":"\u00bfQu\u00e9 es un artista? \u00bfQu\u00e9 inspira su creatividad? Quiz\u00e1 no haya una sola respuesta, pero lo cierto es que todos y todas compartimos la capacidad de","breadcrumb":{"@id":"https:\/\/www.editorialjuventud.es\/un-artista-es-9788426148667\/#breadcrumb"},"inLanguage":"ca","potentialAction":[{"@type":"ReadAction","target":["https:\/\/www.editorialjuventud.es\/un-artista-es-9788426148667\/"]}]},{"@type":"ImageObject","inLanguage":"ca","@id":"https:\/\/www.editorialjuventud.es\/un-artista-es-9788426148667\/#primaryimage","url":"https:\/\/www.editorialjuventud.es\/wp-content\/uploads\/UN-ARTISTA-ES_cover_ES_Web.jpg","contentUrl":"https:\/\/www.editorialjuventud.es\/wp-content\/uploads\/UN-ARTISTA-ES_cover_ES_Web.jpg","width":761,"height":980},{"@type":"BreadcrumbList","@id":"https:\/\/www.editorialjuventud.es\/un-artista-es-9788426148667\/#breadcrumb","itemListElement":[{"@type":"ListItem","position":1,"name":"Portada","item":"https:\/\/www.editorialjuventud.es\/"},{"@type":"ListItem","position":2,"name":"cat\u00e1logo","item":"https:\/\/www.editorialjuventud.es\/coleccion\/catalogo\/"},{"@type":"ListItem","position":3,"name":"castellano","item":"https:\/\/www.editorialjuventud.es\/coleccion\/castellano\/"},{"@type":"ListItem","position":4,"name":"\u00c1lbumes Ilustrados","item":"https:\/\/www.editorialjuventud.es\/coleccion\/albumes-ilustrados\/"},{"@type":"ListItem","position":5,"name":"Arte y Creatividad","item":"https:\/\/www.editorialjuventud.es\/ca\/coleccion\/arte-y-creatividad\/"},{"@type":"ListItem","position":6,"name":"Un artista es..."}]},{"@type":"WebSite","@id":"https:\/\/www.editorialjuventud.es\/#website","url":"https:\/\/www.editorialjuventud.es\/","name":"Editorial Juventud","description":"","potentialAction":[{"@type":"SearchAction","target":{"@type":"EntryPoint","urlTemplate":"https:\/\/www.editorialjuventud.es\/?s={search_term_string}"},"query-input":{"@type":"PropertyValueSpecification","valueRequired":true,"valueName":"search_term_string"}}],"inLanguage":"ca"}]}},"_links":{"self":[{"href":"https:\/\/www.editorialjuventud.es\/ca\/wp-json\/wp\/v2\/product\/78183","targetHints":{"allow":["GET"]}}],"collection":[{"href":"https:\/\/www.editorialjuventud.es\/ca\/wp-json\/wp\/v2\/product"}],"about":[{"href":"https:\/\/www.editorialjuventud.es\/ca\/wp-json\/wp\/v2\/types\/product"}],"wp:featuredmedia":[{"embeddable":true,"href":"https:\/\/www.editorialjuventud.es\/ca\/wp-json\/wp\/v2\/media\/78210"}],"wp:attachment":[{"href":"https:\/\/www.editorialjuventud.es\/ca\/wp-json\/wp\/v2\/media?parent=78183"}],"wp:term":[{"taxonomy":"product_brand","embeddable":true,"href":"https:\/\/www.editorialjuventud.es\/ca\/wp-json\/wp\/v2\/product_brand?post=78183"},{"taxonomy":"product_cat","embeddable":true,"href":"https:\/\/www.editorialjuventud.es\/ca\/wp-json\/wp\/v2\/product_cat?post=78183"},{"taxonomy":"product_tag","embeddable":true,"href":"https:\/\/www.editorialjuventud.es\/ca\/wp-json\/wp\/v2\/product_tag?post=78183"},{"taxonomy":"coleccion","embeddable":true,"href":"https:\/\/www.editorialjuventud.es\/ca\/wp-json\/wp\/v2\/coleccion?post=78183"}],"curies":[{"name":"wp","href":"https:\/\/api.w.org\/{rel}","templated":true}]}}