{"id":77901,"date":"2024-01-30T12:30:52","date_gmt":"2024-01-30T11:30:52","guid":{"rendered":"https:\/\/www.editorialjuventud.es\/belzi-el-sensebanyes-caos-a-la-fira-1-9788426148841\/"},"modified":"2026-03-25T12:25:18","modified_gmt":"2026-03-25T11:25:18","slug":"belzi-el-sensebanyes-1-caos-a-la-fira-9788426148841","status":"publish","type":"product","link":"https:\/\/www.editorialjuventud.es\/ca\/belzi-el-sensebanyes-1-caos-a-la-fira-9788426148841\/","title":{"rendered":"Belzi el Sensebanyes 1. Caos a la fira"},"content":{"rendered":"<p>Un petit dimoni anomenat Belzi apareix de sobte al m\u00f3n dels humans. No sap com hi ha arribat i, sobretot, no sap com tornar a l&#8217;infern. Per\u00f2 no est\u00e0 sol. Compta amb l&#8217;ajuda dels bessons Alex i Vera, i el seu amic Ross.<\/p>\n<p>Despr\u00e9s de moltes provatures fallides perqu\u00e8 li creixin les banyes i poder tornar a l&#8217;inframon, descobreixen que nom\u00e9s li creixeran si fa el mal. Per\u00f2 en Belzi \u00e9s un dimoni patol\u00f2gicament bo! Com s&#8217;ho far\u00e0? Est\u00e0 condemnat a passar la resta dels seus dies al m\u00f3n dels humans?<\/p>\n<p>Un c\u00f2mic sobre el poder de l&#8217;amistat i la import\u00e0ncia d&#8217;integrar aquells que s\u00f3n diferents. Perqu\u00e8, no importa el que la societat esperi de tu, has d&#8217;acceptar-te i estimar-te tal com ets! Primer volum d&#8217;aquesta nova s\u00e8rie de c\u00f2mic, ideal per a potenciar la lectura aut\u00f2noma, escrita amb lletra de pal i diversi\u00f3 a dojo.<\/p>\n","protected":false},"excerpt":{"rendered":"Un petit dimoni anomenat Belzi apareix de sobte al m\u00f3n dels humans. No sap com hi ha arribat i, sobretot, no sap com tornar a l&#8217;infern. Per\u00f2 no est\u00e0 sol. Compta amb l&#8217;ajuda dels bessons Alex i Vera, i el [&hellip;]","protected":false},"featured_media":78011,"template":"","meta":{"_acf_changed":false,"_exactmetrics_skip_tracking":false,"_exactmetrics_sitenote_active":false,"_exactmetrics_sitenote_note":"","_exactmetrics_sitenote_category":0},"product_brand":[],"product_cat":[902,1136,1141,1142,1127,1284,1285,892,1115,1184,1128,910],"product_tag":[],"coleccion":[1368,915,922],"class_list":{"0":"post-77901","1":"product","2":"type-product","3":"status-publish","4":"has-post-thumbnail","6":"product_cat-a-partir-de-7-anos","7":"product_cat-amistad","8":"product_cat-autoestima","9":"product_cat-aventura","10":"product_cat-comic","11":"product_cat-comic-tematica","12":"product_cat-diversidad-integracion","13":"product_cat-edades","14":"product_cat-generos","15":"product_cat-humor","16":"product_cat-tematica","17":"product_cat-ultimas-novedades","18":"coleccion-belzi-el-sensebanyes","19":"coleccion-catala","20":"coleccion-joventut-comic","22":"first","23":"instock","24":"taxable","25":"shipping-taxable","26":"purchasable","27":"product-type-simple"},"acf":{"indice":"","autor":"Brie, Gemma ; Richardson, Vincas","codart":"4884","ediciones":"2","encuadernacion":"Carton\u00e9","fecha_de_publicacion":"01\/02\/2024","fecha_de_reimpresion":"","novedad":"0","paginas":"144","subtitulo":"Les aventures d'un dimoni patol\u00f2gicament bo","texto_web_adicional":"","autores-libros":[77887,77888],"ilustradores-libros":[77889],"texto_web_novedad":"","orden":"999","portada":"0","texto_web_resaltado":"","traductores-libros":"","descripcion_corta":"","recomendamos":"","mas_vendido":"","idioma-libro":"","color":false,"formato":"","mas_informacion_del_producto":false,"premios":false,"deshabilitar_compra":[],"texto_enlace_cubierta":"","enlace_cubierta":{"ID":78015,"id":78015,"title":"OK cover BELZI.indd","filename":"BELZI_cover_CAT-1.jpg","filesize":428777,"url":"https:\/\/www.editorialjuventud.es\/wp-content\/uploads\/BELZI_cover_CAT-1.jpg","link":"https:\/\/www.editorialjuventud.es\/ca\/?attachment_id=78015","alt":"","author":"50","description":"","caption":"","name":"ok-cover-belzi-indd-8","status":"inherit","uploaded_to":77901,"date":"2024-02-07 12:20:16","modified":"2024-02-07 12:20:16","menu_order":0,"mime_type":"image\/jpeg","type":"image","subtype":"jpeg","icon":"https:\/\/www.editorialjuventud.es\/wp-includes\/images\/media\/default.png","width":1849,"height":2551,"sizes":{"thumbnail":"https:\/\/www.editorialjuventud.es\/wp-content\/uploads\/BELZI_cover_CAT-1-200x200.jpg","thumbnail-width":200,"thumbnail-height":200,"medium":"https:\/\/www.editorialjuventud.es\/wp-content\/uploads\/BELZI_cover_CAT-1.jpg","medium-width":1849,"medium-height":2551,"medium_large":"https:\/\/www.editorialjuventud.es\/wp-content\/uploads\/BELZI_cover_CAT-1-768x1060.jpg","medium_large-width":768,"medium_large-height":1060,"large":"https:\/\/www.editorialjuventud.es\/wp-content\/uploads\/BELZI_cover_CAT-1.jpg","large-width":1849,"large-height":2551,"1536x1536":"https:\/\/www.editorialjuventud.es\/wp-content\/uploads\/BELZI_cover_CAT-1-1113x1536.jpg","1536x1536-width":1113,"1536x1536-height":1536,"2048x2048":"https:\/\/www.editorialjuventud.es\/wp-content\/uploads\/BELZI_cover_CAT-1-1484x2048.jpg","2048x2048-width":1484,"2048x2048-height":2048,"woocommerce_thumbnail":"https:\/\/www.editorialjuventud.es\/wp-content\/uploads\/BELZI_cover_CAT-1-350x483.jpg","woocommerce_thumbnail-width":350,"woocommerce_thumbnail-height":483,"woocommerce_single":"https:\/\/www.editorialjuventud.es\/wp-content\/uploads\/BELZI_cover_CAT-1-900x1242.jpg","woocommerce_single-width":900,"woocommerce_single-height":1242,"woocommerce_gallery_thumbnail":"https:\/\/www.editorialjuventud.es\/wp-content\/uploads\/BELZI_cover_CAT-1-100x100.jpg","woocommerce_gallery_thumbnail-width":100,"woocommerce_gallery_thumbnail-height":100,"ppec_logo_image_size":"https:\/\/www.editorialjuventud.es\/wp-content\/uploads\/BELZI_cover_CAT-1-43x60.jpg","ppec_logo_image_size-width":43,"ppec_logo_image_size-height":60,"ppec_header_image_size":"https:\/\/www.editorialjuventud.es\/wp-content\/uploads\/BELZI_cover_CAT-1-65x90.jpg","ppec_header_image_size-width":65,"ppec_header_image_size-height":90}},"texto_enlace_ficha_tecnica":"","enlace_ficha_tecnica":{"ID":78017,"id":78017,"title":"BELZI EL SENSEBANYES","filename":"BELZI-EL-SENSEBANYES.pdf","filesize":711649,"url":"https:\/\/www.editorialjuventud.es\/wp-content\/uploads\/BELZI-EL-SENSEBANYES.pdf","link":"https:\/\/www.editorialjuventud.es\/ca\/?attachment_id=78017","alt":"","author":"50","description":"","caption":"","name":"belzi-el-sensebanyes","status":"inherit","uploaded_to":77901,"date":"2024-02-07 12:20:33","modified":"2024-02-07 12:20:33","menu_order":0,"mime_type":"application\/pdf","type":"application","subtype":"pdf","icon":"https:\/\/www.editorialjuventud.es\/wp-includes\/images\/media\/document.png"},"ficheros":false,"titulo-fr":"","texto-fr":""},"yoast_head":"<!-- This site is optimized with the Yoast SEO plugin v27.3 - https:\/\/yoast.com\/product\/yoast-seo-wordpress\/ -->\n<title>Belzi el Sensebanyes 1. Caos a la fira - Editorial Juventud<\/title>\n<meta name=\"description\" content=\"Un petit dimoni anomenat Belzi apareix de sobte al m\u00f3n dels humans. No sap com hi ha arribat i, sobretot, no sap com tornar a l&#039;infern. Per\u00f2 no est\u00e0 sol.\" \/>\n<meta name=\"robots\" content=\"index, follow, max-snippet:-1, max-image-preview:large, max-video-preview:-1\" \/>\n<link rel=\"canonical\" href=\"https:\/\/www.editorialjuventud.es\/belzi-el-sensebanyes-1-caos-a-la-fira-9788426148841\/\" \/>\n<meta property=\"og:locale\" content=\"ca_ES\" \/>\n<meta property=\"og:type\" content=\"article\" \/>\n<meta property=\"og:title\" content=\"Belzi el Sensebanyes 1. Caos a la fira - Editorial Juventud\" \/>\n<meta property=\"og:description\" content=\"Un petit dimoni anomenat Belzi apareix de sobte al m\u00f3n dels humans. No sap com hi ha arribat i, sobretot, no sap com tornar a l&#039;infern. Per\u00f2 no est\u00e0 sol.\" \/>\n<meta property=\"og:url\" content=\"https:\/\/www.editorialjuventud.es\/belzi-el-sensebanyes-1-caos-a-la-fira-9788426148841\/\" \/>\n<meta property=\"og:site_name\" content=\"Editorial Juventud\" \/>\n<meta property=\"article:modified_time\" content=\"2026-03-25T11:25:18+00:00\" \/>\n<meta property=\"og:image\" content=\"https:\/\/www.editorialjuventud.es\/wp-content\/uploads\/cover-BELZI_CA_WEB.jpg\" \/>\n\t<meta property=\"og:image:width\" content=\"700\" \/>\n\t<meta property=\"og:image:height\" content=\"966\" \/>\n\t<meta property=\"og:image:type\" content=\"image\/jpeg\" \/>\n<meta name=\"twitter:card\" content=\"summary_large_image\" \/>\n<meta name=\"twitter:label1\" content=\"Temps estimat de lectura\" \/>\n\t<meta name=\"twitter:data1\" content=\"1 minut\" \/>\n<script type=\"application\/ld+json\" class=\"yoast-schema-graph\">{\"@context\":\"https:\\\/\\\/schema.org\",\"@graph\":[{\"@type\":\"WebPage\",\"@id\":\"https:\\\/\\\/www.editorialjuventud.es\\\/belzi-el-sensebanyes-1-caos-a-la-fira-9788426148841\\\/\",\"url\":\"https:\\\/\\\/www.editorialjuventud.es\\\/belzi-el-sensebanyes-1-caos-a-la-fira-9788426148841\\\/\",\"name\":\"Belzi el Sensebanyes 1. Caos a la fira - Editorial Juventud\",\"isPartOf\":{\"@id\":\"https:\\\/\\\/www.editorialjuventud.es\\\/#website\"},\"primaryImageOfPage\":{\"@id\":\"https:\\\/\\\/www.editorialjuventud.es\\\/belzi-el-sensebanyes-1-caos-a-la-fira-9788426148841\\\/#primaryimage\"},\"image\":{\"@id\":\"https:\\\/\\\/www.editorialjuventud.es\\\/belzi-el-sensebanyes-1-caos-a-la-fira-9788426148841\\\/#primaryimage\"},\"thumbnailUrl\":\"https:\\\/\\\/www.editorialjuventud.es\\\/wp-content\\\/uploads\\\/cover-BELZI_CA_WEB.jpg\",\"datePublished\":\"2024-01-30T11:30:52+00:00\",\"dateModified\":\"2026-03-25T11:25:18+00:00\",\"description\":\"Un petit dimoni anomenat Belzi apareix de sobte al m\u00f3n dels humans. No sap com hi ha arribat i, sobretot, no sap com tornar a l'infern. Per\u00f2 no est\u00e0 sol.\",\"breadcrumb\":{\"@id\":\"https:\\\/\\\/www.editorialjuventud.es\\\/belzi-el-sensebanyes-1-caos-a-la-fira-9788426148841\\\/#breadcrumb\"},\"inLanguage\":\"ca\",\"potentialAction\":[{\"@type\":\"ReadAction\",\"target\":[\"https:\\\/\\\/www.editorialjuventud.es\\\/belzi-el-sensebanyes-1-caos-a-la-fira-9788426148841\\\/\"]}]},{\"@type\":\"ImageObject\",\"inLanguage\":\"ca\",\"@id\":\"https:\\\/\\\/www.editorialjuventud.es\\\/belzi-el-sensebanyes-1-caos-a-la-fira-9788426148841\\\/#primaryimage\",\"url\":\"https:\\\/\\\/www.editorialjuventud.es\\\/wp-content\\\/uploads\\\/cover-BELZI_CA_WEB.jpg\",\"contentUrl\":\"https:\\\/\\\/www.editorialjuventud.es\\\/wp-content\\\/uploads\\\/cover-BELZI_CA_WEB.jpg\",\"width\":700,\"height\":966},{\"@type\":\"BreadcrumbList\",\"@id\":\"https:\\\/\\\/www.editorialjuventud.es\\\/belzi-el-sensebanyes-1-caos-a-la-fira-9788426148841\\\/#breadcrumb\",\"itemListElement\":[{\"@type\":\"ListItem\",\"position\":1,\"name\":\"Portada\",\"item\":\"https:\\\/\\\/www.editorialjuventud.es\\\/\"},{\"@type\":\"ListItem\",\"position\":2,\"name\":\"cat\u00e1logo\",\"item\":\"https:\\\/\\\/www.editorialjuventud.es\\\/coleccion\\\/catalogo\\\/\"},{\"@type\":\"ListItem\",\"position\":3,\"name\":\"catal\u00e0\",\"item\":\"https:\\\/\\\/www.editorialjuventud.es\\\/coleccion\\\/catala\\\/\"},{\"@type\":\"ListItem\",\"position\":4,\"name\":\"Joventut C\u00f2mic\",\"item\":\"https:\\\/\\\/www.editorialjuventud.es\\\/ca\\\/coleccion\\\/joventut-comic\\\/\"},{\"@type\":\"ListItem\",\"position\":5,\"name\":\"Belzi el Sensebanyes\",\"item\":\"https:\\\/\\\/www.editorialjuventud.es\\\/ca\\\/coleccion\\\/belzi-el-sensebanyes\\\/\"},{\"@type\":\"ListItem\",\"position\":6,\"name\":\"Belzi el Sensebanyes 1. Caos a la fira\"}]},{\"@type\":\"WebSite\",\"@id\":\"https:\\\/\\\/www.editorialjuventud.es\\\/#website\",\"url\":\"https:\\\/\\\/www.editorialjuventud.es\\\/\",\"name\":\"Editorial Juventud\",\"description\":\"\",\"potentialAction\":[{\"@type\":\"SearchAction\",\"target\":{\"@type\":\"EntryPoint\",\"urlTemplate\":\"https:\\\/\\\/www.editorialjuventud.es\\\/?s={search_term_string}\"},\"query-input\":{\"@type\":\"PropertyValueSpecification\",\"valueRequired\":true,\"valueName\":\"search_term_string\"}}],\"inLanguage\":\"ca\"}]}<\/script>\n<!-- \/ Yoast SEO plugin. -->","yoast_head_json":{"title":"Belzi el Sensebanyes 1. Caos a la fira - Editorial Juventud","description":"Un petit dimoni anomenat Belzi apareix de sobte al m\u00f3n dels humans. No sap com hi ha arribat i, sobretot, no sap com tornar a l'infern. Per\u00f2 no est\u00e0 sol.","robots":{"index":"index","follow":"follow","max-snippet":"max-snippet:-1","max-image-preview":"max-image-preview:large","max-video-preview":"max-video-preview:-1"},"canonical":"https:\/\/www.editorialjuventud.es\/belzi-el-sensebanyes-1-caos-a-la-fira-9788426148841\/","og_locale":"ca_ES","og_type":"article","og_title":"Belzi el Sensebanyes 1. Caos a la fira - Editorial Juventud","og_description":"Un petit dimoni anomenat Belzi apareix de sobte al m\u00f3n dels humans. No sap com hi ha arribat i, sobretot, no sap com tornar a l'infern. Per\u00f2 no est\u00e0 sol.","og_url":"https:\/\/www.editorialjuventud.es\/belzi-el-sensebanyes-1-caos-a-la-fira-9788426148841\/","og_site_name":"Editorial Juventud","article_modified_time":"2026-03-25T11:25:18+00:00","og_image":[{"width":700,"height":966,"url":"https:\/\/www.editorialjuventud.es\/wp-content\/uploads\/cover-BELZI_CA_WEB.jpg","type":"image\/jpeg"}],"twitter_card":"summary_large_image","twitter_misc":{"Temps estimat de lectura":"1 minut"},"schema":{"@context":"https:\/\/schema.org","@graph":[{"@type":"WebPage","@id":"https:\/\/www.editorialjuventud.es\/belzi-el-sensebanyes-1-caos-a-la-fira-9788426148841\/","url":"https:\/\/www.editorialjuventud.es\/belzi-el-sensebanyes-1-caos-a-la-fira-9788426148841\/","name":"Belzi el Sensebanyes 1. Caos a la fira - Editorial Juventud","isPartOf":{"@id":"https:\/\/www.editorialjuventud.es\/#website"},"primaryImageOfPage":{"@id":"https:\/\/www.editorialjuventud.es\/belzi-el-sensebanyes-1-caos-a-la-fira-9788426148841\/#primaryimage"},"image":{"@id":"https:\/\/www.editorialjuventud.es\/belzi-el-sensebanyes-1-caos-a-la-fira-9788426148841\/#primaryimage"},"thumbnailUrl":"https:\/\/www.editorialjuventud.es\/wp-content\/uploads\/cover-BELZI_CA_WEB.jpg","datePublished":"2024-01-30T11:30:52+00:00","dateModified":"2026-03-25T11:25:18+00:00","description":"Un petit dimoni anomenat Belzi apareix de sobte al m\u00f3n dels humans. No sap com hi ha arribat i, sobretot, no sap com tornar a l'infern. Per\u00f2 no est\u00e0 sol.","breadcrumb":{"@id":"https:\/\/www.editorialjuventud.es\/belzi-el-sensebanyes-1-caos-a-la-fira-9788426148841\/#breadcrumb"},"inLanguage":"ca","potentialAction":[{"@type":"ReadAction","target":["https:\/\/www.editorialjuventud.es\/belzi-el-sensebanyes-1-caos-a-la-fira-9788426148841\/"]}]},{"@type":"ImageObject","inLanguage":"ca","@id":"https:\/\/www.editorialjuventud.es\/belzi-el-sensebanyes-1-caos-a-la-fira-9788426148841\/#primaryimage","url":"https:\/\/www.editorialjuventud.es\/wp-content\/uploads\/cover-BELZI_CA_WEB.jpg","contentUrl":"https:\/\/www.editorialjuventud.es\/wp-content\/uploads\/cover-BELZI_CA_WEB.jpg","width":700,"height":966},{"@type":"BreadcrumbList","@id":"https:\/\/www.editorialjuventud.es\/belzi-el-sensebanyes-1-caos-a-la-fira-9788426148841\/#breadcrumb","itemListElement":[{"@type":"ListItem","position":1,"name":"Portada","item":"https:\/\/www.editorialjuventud.es\/"},{"@type":"ListItem","position":2,"name":"cat\u00e1logo","item":"https:\/\/www.editorialjuventud.es\/coleccion\/catalogo\/"},{"@type":"ListItem","position":3,"name":"catal\u00e0","item":"https:\/\/www.editorialjuventud.es\/coleccion\/catala\/"},{"@type":"ListItem","position":4,"name":"Joventut C\u00f2mic","item":"https:\/\/www.editorialjuventud.es\/ca\/coleccion\/joventut-comic\/"},{"@type":"ListItem","position":5,"name":"Belzi el Sensebanyes","item":"https:\/\/www.editorialjuventud.es\/ca\/coleccion\/belzi-el-sensebanyes\/"},{"@type":"ListItem","position":6,"name":"Belzi el Sensebanyes 1. Caos a la fira"}]},{"@type":"WebSite","@id":"https:\/\/www.editorialjuventud.es\/#website","url":"https:\/\/www.editorialjuventud.es\/","name":"Editorial Juventud","description":"","potentialAction":[{"@type":"SearchAction","target":{"@type":"EntryPoint","urlTemplate":"https:\/\/www.editorialjuventud.es\/?s={search_term_string}"},"query-input":{"@type":"PropertyValueSpecification","valueRequired":true,"valueName":"search_term_string"}}],"inLanguage":"ca"}]}},"_links":{"self":[{"href":"https:\/\/www.editorialjuventud.es\/ca\/wp-json\/wp\/v2\/product\/77901","targetHints":{"allow":["GET"]}}],"collection":[{"href":"https:\/\/www.editorialjuventud.es\/ca\/wp-json\/wp\/v2\/product"}],"about":[{"href":"https:\/\/www.editorialjuventud.es\/ca\/wp-json\/wp\/v2\/types\/product"}],"wp:featuredmedia":[{"embeddable":true,"href":"https:\/\/www.editorialjuventud.es\/ca\/wp-json\/wp\/v2\/media\/78011"}],"wp:attachment":[{"href":"https:\/\/www.editorialjuventud.es\/ca\/wp-json\/wp\/v2\/media?parent=77901"}],"wp:term":[{"taxonomy":"product_brand","embeddable":true,"href":"https:\/\/www.editorialjuventud.es\/ca\/wp-json\/wp\/v2\/product_brand?post=77901"},{"taxonomy":"product_cat","embeddable":true,"href":"https:\/\/www.editorialjuventud.es\/ca\/wp-json\/wp\/v2\/product_cat?post=77901"},{"taxonomy":"product_tag","embeddable":true,"href":"https:\/\/www.editorialjuventud.es\/ca\/wp-json\/wp\/v2\/product_tag?post=77901"},{"taxonomy":"coleccion","embeddable":true,"href":"https:\/\/www.editorialjuventud.es\/ca\/wp-json\/wp\/v2\/coleccion?post=77901"}],"curies":[{"name":"wp","href":"https:\/\/api.w.org\/{rel}","templated":true}]}}