{"id":77830,"date":"2024-01-19T13:30:09","date_gmt":"2024-01-19T12:30:09","guid":{"rendered":"https:\/\/www.editorialjuventud.es\/la-fiesta-de-cumpleanos-9788426148773\/"},"modified":"2025-03-18T14:01:30","modified_gmt":"2025-03-18T13:01:30","slug":"la-fiesta-de-cumpleanos-9788426148773","status":"publish","type":"product","link":"https:\/\/www.editorialjuventud.es\/ca\/la-fiesta-de-cumpleanos-9788426148773\/","title":{"rendered":"La fiesta de cumplea\u00f1os"},"content":{"rendered":"<p>SNIF, CLIC, CLAP, \u00a1PUM! \u00a1OOH! CLIC, UM PA UM PA, \u00a1FELICIDADES!<br \/>\nEl peque\u00f1o Cocodrilo celebra su fiesta de cumplea\u00f1os con sus amigos: juegos, pastel y \u00a1muchos nuevos sonidos para descubrir!<\/p>\n<p>Acompa\u00f1a el Peque\u00f1o Cocodrilo durante la celebraci\u00f3n de su cumplea\u00f1os, en un libro lleno de onomatopeyas ideal para ser le\u00eddo en voz alta. Escrito en letras may\u00fasculas para introducir los m\u00e1s peque\u00f1os en la lectura, y con un c\u00f3digo QR en su interior que permitir\u00e1 disfrutar de su versi\u00f3n narrada en audiolibro.<\/p>\n<h3>\u00a1Escucha el audiolibro!<\/h3>\n<p>A continuaci\u00f3n pod\u00e9is reproducir la<em><strong>\u00a0narraci\u00f3n oral<\/strong><\/em>\u00a0de\u00a0<em><strong>Un d\u00eda lleno de sonidos<\/strong><\/em>\u00a0realizada por Natalia Espa\u00f1a y Jose Carlos Rodr\u00edguez:<\/p>\n<audio class=\"wp-audio-shortcode\" id=\"audio-77830-1\" preload=\"none\" style=\"width: 100%;\" controls=\"controls\"><source type=\"audio\/mpeg\" src=\"https:\/\/www.editorialjuventud.es\/wp-content\/uploads\/La-fiesta-de-cumpleanos.mp3?_=1\" \/><\/audio>\n<p>&nbsp;<\/p>\n<p><strong>Y si buscas una actividad del Peque\u00f1o Cocodrilo, la encontrar\u00e1s\u00a0<a href=\"https:\/\/www.editorialjuventud.es\/que-oye-el-cocodrilo\/\">AQU\u00cd<\/a>.<\/strong><\/p>\n<p><img loading=\"lazy\" decoding=\"async\" class=\"alignnone size-full wp-image-80020\" src=\"https:\/\/www.editorialjuventud.es\/wp-content\/uploads\/Logo_Suport_ICEC-1-e1740049385653.jpg\" alt=\"\" width=\"500\" height=\"131\" \/><\/p>\n","protected":false},"excerpt":{"rendered":"SNIF, CLIC, CLAP, \u00a1PUM! \u00a1OOH! CLIC, UM PA UM PA, \u00a1FELICIDADES! El peque\u00f1o Cocodrilo celebra su fiesta de cumplea\u00f1os con sus amigos: juegos, pastel y \u00a1muchos nuevos sonidos para descubrir! Acompa\u00f1a el Peque\u00f1o Cocodrilo durante la celebraci\u00f3n de su cumplea\u00f1os, [&hellip;]","protected":false},"featured_media":78396,"template":"","meta":{"_acf_changed":false,"_exactmetrics_skip_tracking":false,"_exactmetrics_sitenote_active":false,"_exactmetrics_sitenote_note":"","_exactmetrics_sitenote_category":0},"product_brand":[],"product_cat":[898,1121,1160,1213,910],"product_tag":[],"coleccion":[1313,916,1296],"class_list":{"0":"post-77830","1":"product","2":"type-product","3":"status-publish","4":"has-post-thumbnail","6":"product_cat-a-partir-de-2-anos","7":"product_cat-albumes-ilustrados","8":"product_cat-cumpleanos","9":"product_cat-primeros-conceptos","10":"product_cat-ultimas-novedades","11":"coleccion-que-hace-el-cocodrilo","12":"coleccion-castellano","13":"coleccion-mis-primeros-libros","15":"first","16":"instock","17":"taxable","18":"shipping-taxable","19":"purchasable","20":"product-type-simple"},"acf":{"indice":"","autor":"Montanari, Eva","codart":"4877","ediciones":"1","encuadernacion":"Cart\u00f3n","fecha_de_publicacion":"01\/04\/2024","fecha_de_reimpresion":"","novedad":"0","paginas":"36","subtitulo":"","texto_web_adicional":"","autores-libros":[38012],"ilustradores-libros":[38012],"texto_web_novedad":"","orden":"999","portada":"0","texto_web_resaltado":"","traductores-libros":[17430],"descripcion_corta":"","recomendamos":"","mas_vendido":"","idioma-libro":"","color":false,"formato":"","mas_informacion_del_producto":false,"premios":false,"deshabilitar_compra":[],"texto_enlace_cubierta":"","enlace_cubierta":{"ID":78424,"id":78424,"title":"FIESTA DE CUMPLEA\u00d1OS_cover_ES","filename":"FIESTA-DE-CUMPLEANOS_cover_ES.tif","filesize":24732232,"url":"https:\/\/www.editorialjuventud.es\/wp-content\/uploads\/FIESTA-DE-CUMPLEANOS_cover_ES.tif","link":"https:\/\/www.editorialjuventud.es\/ca\/?attachment_id=78424","alt":"","author":"50","description":"","caption":"","name":"fiesta-de-cumpleanos_cover_es","status":"inherit","uploaded_to":77830,"date":"2024-04-08 09:17:36","modified":"2024-04-08 09:17:36","menu_order":0,"mime_type":"image\/tiff","type":"image","subtype":"tiff","icon":"https:\/\/www.editorialjuventud.es\/wp-includes\/images\/media\/default.png","width":0,"height":0,"sizes":{"thumbnail":"https:\/\/www.editorialjuventud.es\/wp-content\/uploads\/FIESTA-DE-CUMPLEANOS_cover_ES.tif","thumbnail-width":1,"thumbnail-height":1,"medium":"https:\/\/www.editorialjuventud.es\/wp-content\/uploads\/FIESTA-DE-CUMPLEANOS_cover_ES.tif","medium-width":0,"medium-height":0,"medium_large":"https:\/\/www.editorialjuventud.es\/wp-content\/uploads\/FIESTA-DE-CUMPLEANOS_cover_ES.tif","medium_large-width":1,"medium_large-height":1,"large":"https:\/\/www.editorialjuventud.es\/wp-content\/uploads\/FIESTA-DE-CUMPLEANOS_cover_ES.tif","large-width":0,"large-height":0,"1536x1536":"https:\/\/www.editorialjuventud.es\/wp-content\/uploads\/FIESTA-DE-CUMPLEANOS_cover_ES.tif","1536x1536-width":1,"1536x1536-height":1,"2048x2048":"https:\/\/www.editorialjuventud.es\/wp-content\/uploads\/FIESTA-DE-CUMPLEANOS_cover_ES.tif","2048x2048-width":1,"2048x2048-height":1,"woocommerce_thumbnail":"https:\/\/www.editorialjuventud.es\/wp-content\/uploads\/FIESTA-DE-CUMPLEANOS_cover_ES.tif","woocommerce_thumbnail-width":1,"woocommerce_thumbnail-height":1,"woocommerce_single":"https:\/\/www.editorialjuventud.es\/wp-content\/uploads\/FIESTA-DE-CUMPLEANOS_cover_ES.tif","woocommerce_single-width":1,"woocommerce_single-height":1,"woocommerce_gallery_thumbnail":"https:\/\/www.editorialjuventud.es\/wp-content\/uploads\/FIESTA-DE-CUMPLEANOS_cover_ES.tif","woocommerce_gallery_thumbnail-width":1,"woocommerce_gallery_thumbnail-height":1,"ppec_logo_image_size":"https:\/\/www.editorialjuventud.es\/wp-content\/uploads\/FIESTA-DE-CUMPLEANOS_cover_ES.tif","ppec_logo_image_size-width":1,"ppec_logo_image_size-height":1,"ppec_header_image_size":"https:\/\/www.editorialjuventud.es\/wp-content\/uploads\/FIESTA-DE-CUMPLEANOS_cover_ES.tif","ppec_header_image_size-width":1,"ppec_header_image_size-height":1}},"texto_enlace_ficha_tecnica":"","enlace_ficha_tecnica":{"ID":78748,"id":78748,"title":"FIESTA DE CUMPLEA\u00d1OS","filename":"FIESTA-DE-CUMPLEANOS.pdf","filesize":543721,"url":"https:\/\/www.editorialjuventud.es\/wp-content\/uploads\/FIESTA-DE-CUMPLEANOS.pdf","link":"https:\/\/www.editorialjuventud.es\/ca\/?attachment_id=78748","alt":"","author":"50","description":"","caption":"","name":"fiesta-de-cumpleanos","status":"inherit","uploaded_to":77830,"date":"2024-05-13 12:08:56","modified":"2024-05-13 12:08:56","menu_order":0,"mime_type":"application\/pdf","type":"application","subtype":"pdf","icon":"https:\/\/www.editorialjuventud.es\/wp-includes\/images\/media\/document.png"},"ficheros":false,"titulo-fr":"","texto-fr":""},"yoast_head":"<!-- This site is optimized with the Yoast SEO plugin v27.5 - https:\/\/yoast.com\/product\/yoast-seo-wordpress\/ -->\n<title>La fiesta de cumplea\u00f1os - Editorial Juventud<\/title>\n<meta name=\"description\" content=\"SNIF, CLIC, CLAP, \u00a1PUM! \u00a1OOH! CLIC, UM PA UM PA, \u00a1FELICIDADES! El peque\u00f1o Cocodrilo celebra su fiesta de cumplea\u00f1os con sus amigos: juegos, pastel y\" \/>\n<meta name=\"robots\" content=\"index, follow, max-snippet:-1, max-image-preview:large, max-video-preview:-1\" \/>\n<link rel=\"canonical\" href=\"https:\/\/www.editorialjuventud.es\/la-fiesta-de-cumpleanos-9788426148773\/\" \/>\n<meta property=\"og:locale\" content=\"ca_ES\" \/>\n<meta property=\"og:type\" content=\"article\" \/>\n<meta property=\"og:title\" content=\"La fiesta de cumplea\u00f1os - Editorial Juventud\" \/>\n<meta property=\"og:description\" content=\"SNIF, CLIC, CLAP, \u00a1PUM! \u00a1OOH! CLIC, UM PA UM PA, \u00a1FELICIDADES! El peque\u00f1o Cocodrilo celebra su fiesta de cumplea\u00f1os con sus amigos: juegos, pastel y\" \/>\n<meta property=\"og:url\" content=\"https:\/\/www.editorialjuventud.es\/la-fiesta-de-cumpleanos-9788426148773\/\" \/>\n<meta property=\"og:site_name\" content=\"Editorial Juventud\" \/>\n<meta property=\"article:modified_time\" content=\"2025-03-18T13:01:30+00:00\" \/>\n<meta property=\"og:image\" content=\"https:\/\/www.editorialjuventud.es\/wp-content\/uploads\/9788426148773.png\" \/>\n\t<meta property=\"og:image:width\" content=\"950\" \/>\n\t<meta property=\"og:image:height\" content=\"627\" \/>\n\t<meta property=\"og:image:type\" content=\"image\/png\" \/>\n<meta name=\"twitter:card\" content=\"summary_large_image\" \/>\n<meta name=\"twitter:label1\" content=\"Temps estimat de lectura\" \/>\n\t<meta name=\"twitter:data1\" content=\"1 minut\" \/>\n<script type=\"application\/ld+json\" class=\"yoast-schema-graph\">{\"@context\":\"https:\\\/\\\/schema.org\",\"@graph\":[{\"@type\":\"WebPage\",\"@id\":\"https:\\\/\\\/www.editorialjuventud.es\\\/la-fiesta-de-cumpleanos-9788426148773\\\/\",\"url\":\"https:\\\/\\\/www.editorialjuventud.es\\\/la-fiesta-de-cumpleanos-9788426148773\\\/\",\"name\":\"La fiesta de cumplea\u00f1os - Editorial Juventud\",\"isPartOf\":{\"@id\":\"https:\\\/\\\/www.editorialjuventud.es\\\/#website\"},\"primaryImageOfPage\":{\"@id\":\"https:\\\/\\\/www.editorialjuventud.es\\\/la-fiesta-de-cumpleanos-9788426148773\\\/#primaryimage\"},\"image\":{\"@id\":\"https:\\\/\\\/www.editorialjuventud.es\\\/la-fiesta-de-cumpleanos-9788426148773\\\/#primaryimage\"},\"thumbnailUrl\":\"https:\\\/\\\/www.editorialjuventud.es\\\/wp-content\\\/uploads\\\/9788426148773.png\",\"datePublished\":\"2024-01-19T12:30:09+00:00\",\"dateModified\":\"2025-03-18T13:01:30+00:00\",\"description\":\"SNIF, CLIC, CLAP, \u00a1PUM! \u00a1OOH! CLIC, UM PA UM PA, \u00a1FELICIDADES! El peque\u00f1o Cocodrilo celebra su fiesta de cumplea\u00f1os con sus amigos: juegos, pastel y\",\"breadcrumb\":{\"@id\":\"https:\\\/\\\/www.editorialjuventud.es\\\/la-fiesta-de-cumpleanos-9788426148773\\\/#breadcrumb\"},\"inLanguage\":\"ca\",\"potentialAction\":[{\"@type\":\"ReadAction\",\"target\":[\"https:\\\/\\\/www.editorialjuventud.es\\\/la-fiesta-de-cumpleanos-9788426148773\\\/\"]}]},{\"@type\":\"ImageObject\",\"inLanguage\":\"ca\",\"@id\":\"https:\\\/\\\/www.editorialjuventud.es\\\/la-fiesta-de-cumpleanos-9788426148773\\\/#primaryimage\",\"url\":\"https:\\\/\\\/www.editorialjuventud.es\\\/wp-content\\\/uploads\\\/9788426148773.png\",\"contentUrl\":\"https:\\\/\\\/www.editorialjuventud.es\\\/wp-content\\\/uploads\\\/9788426148773.png\",\"width\":950,\"height\":627,\"caption\":\"9788426148773.png\"},{\"@type\":\"BreadcrumbList\",\"@id\":\"https:\\\/\\\/www.editorialjuventud.es\\\/la-fiesta-de-cumpleanos-9788426148773\\\/#breadcrumb\",\"itemListElement\":[{\"@type\":\"ListItem\",\"position\":1,\"name\":\"Portada\",\"item\":\"https:\\\/\\\/www.editorialjuventud.es\\\/\"},{\"@type\":\"ListItem\",\"position\":2,\"name\":\"cat\u00e1logo\",\"item\":\"https:\\\/\\\/www.editorialjuventud.es\\\/coleccion\\\/catalogo\\\/\"},{\"@type\":\"ListItem\",\"position\":3,\"name\":\"castellano\",\"item\":\"https:\\\/\\\/www.editorialjuventud.es\\\/coleccion\\\/castellano\\\/\"},{\"@type\":\"ListItem\",\"position\":4,\"name\":\"La fiesta de cumplea\u00f1os\"}]},{\"@type\":\"WebSite\",\"@id\":\"https:\\\/\\\/www.editorialjuventud.es\\\/#website\",\"url\":\"https:\\\/\\\/www.editorialjuventud.es\\\/\",\"name\":\"Editorial Juventud\",\"description\":\"\",\"potentialAction\":[{\"@type\":\"SearchAction\",\"target\":{\"@type\":\"EntryPoint\",\"urlTemplate\":\"https:\\\/\\\/www.editorialjuventud.es\\\/?s={search_term_string}\"},\"query-input\":{\"@type\":\"PropertyValueSpecification\",\"valueRequired\":true,\"valueName\":\"search_term_string\"}}],\"inLanguage\":\"ca\"}]}<\/script>\n<!-- \/ Yoast SEO plugin. -->","yoast_head_json":{"title":"La fiesta de cumplea\u00f1os - Editorial Juventud","description":"SNIF, CLIC, CLAP, \u00a1PUM! \u00a1OOH! CLIC, UM PA UM PA, \u00a1FELICIDADES! El peque\u00f1o Cocodrilo celebra su fiesta de cumplea\u00f1os con sus amigos: juegos, pastel y","robots":{"index":"index","follow":"follow","max-snippet":"max-snippet:-1","max-image-preview":"max-image-preview:large","max-video-preview":"max-video-preview:-1"},"canonical":"https:\/\/www.editorialjuventud.es\/la-fiesta-de-cumpleanos-9788426148773\/","og_locale":"ca_ES","og_type":"article","og_title":"La fiesta de cumplea\u00f1os - Editorial Juventud","og_description":"SNIF, CLIC, CLAP, \u00a1PUM! \u00a1OOH! CLIC, UM PA UM PA, \u00a1FELICIDADES! El peque\u00f1o Cocodrilo celebra su fiesta de cumplea\u00f1os con sus amigos: juegos, pastel y","og_url":"https:\/\/www.editorialjuventud.es\/la-fiesta-de-cumpleanos-9788426148773\/","og_site_name":"Editorial Juventud","article_modified_time":"2025-03-18T13:01:30+00:00","og_image":[{"width":950,"height":627,"url":"https:\/\/www.editorialjuventud.es\/wp-content\/uploads\/9788426148773.png","type":"image\/png"}],"twitter_card":"summary_large_image","twitter_misc":{"Temps estimat de lectura":"1 minut"},"schema":{"@context":"https:\/\/schema.org","@graph":[{"@type":"WebPage","@id":"https:\/\/www.editorialjuventud.es\/la-fiesta-de-cumpleanos-9788426148773\/","url":"https:\/\/www.editorialjuventud.es\/la-fiesta-de-cumpleanos-9788426148773\/","name":"La fiesta de cumplea\u00f1os - Editorial Juventud","isPartOf":{"@id":"https:\/\/www.editorialjuventud.es\/#website"},"primaryImageOfPage":{"@id":"https:\/\/www.editorialjuventud.es\/la-fiesta-de-cumpleanos-9788426148773\/#primaryimage"},"image":{"@id":"https:\/\/www.editorialjuventud.es\/la-fiesta-de-cumpleanos-9788426148773\/#primaryimage"},"thumbnailUrl":"https:\/\/www.editorialjuventud.es\/wp-content\/uploads\/9788426148773.png","datePublished":"2024-01-19T12:30:09+00:00","dateModified":"2025-03-18T13:01:30+00:00","description":"SNIF, CLIC, CLAP, \u00a1PUM! \u00a1OOH! CLIC, UM PA UM PA, \u00a1FELICIDADES! El peque\u00f1o Cocodrilo celebra su fiesta de cumplea\u00f1os con sus amigos: juegos, pastel y","breadcrumb":{"@id":"https:\/\/www.editorialjuventud.es\/la-fiesta-de-cumpleanos-9788426148773\/#breadcrumb"},"inLanguage":"ca","potentialAction":[{"@type":"ReadAction","target":["https:\/\/www.editorialjuventud.es\/la-fiesta-de-cumpleanos-9788426148773\/"]}]},{"@type":"ImageObject","inLanguage":"ca","@id":"https:\/\/www.editorialjuventud.es\/la-fiesta-de-cumpleanos-9788426148773\/#primaryimage","url":"https:\/\/www.editorialjuventud.es\/wp-content\/uploads\/9788426148773.png","contentUrl":"https:\/\/www.editorialjuventud.es\/wp-content\/uploads\/9788426148773.png","width":950,"height":627,"caption":"9788426148773.png"},{"@type":"BreadcrumbList","@id":"https:\/\/www.editorialjuventud.es\/la-fiesta-de-cumpleanos-9788426148773\/#breadcrumb","itemListElement":[{"@type":"ListItem","position":1,"name":"Portada","item":"https:\/\/www.editorialjuventud.es\/"},{"@type":"ListItem","position":2,"name":"cat\u00e1logo","item":"https:\/\/www.editorialjuventud.es\/coleccion\/catalogo\/"},{"@type":"ListItem","position":3,"name":"castellano","item":"https:\/\/www.editorialjuventud.es\/coleccion\/castellano\/"},{"@type":"ListItem","position":4,"name":"La fiesta de cumplea\u00f1os"}]},{"@type":"WebSite","@id":"https:\/\/www.editorialjuventud.es\/#website","url":"https:\/\/www.editorialjuventud.es\/","name":"Editorial Juventud","description":"","potentialAction":[{"@type":"SearchAction","target":{"@type":"EntryPoint","urlTemplate":"https:\/\/www.editorialjuventud.es\/?s={search_term_string}"},"query-input":{"@type":"PropertyValueSpecification","valueRequired":true,"valueName":"search_term_string"}}],"inLanguage":"ca"}]}},"_links":{"self":[{"href":"https:\/\/www.editorialjuventud.es\/ca\/wp-json\/wp\/v2\/product\/77830","targetHints":{"allow":["GET"]}}],"collection":[{"href":"https:\/\/www.editorialjuventud.es\/ca\/wp-json\/wp\/v2\/product"}],"about":[{"href":"https:\/\/www.editorialjuventud.es\/ca\/wp-json\/wp\/v2\/types\/product"}],"wp:featuredmedia":[{"embeddable":true,"href":"https:\/\/www.editorialjuventud.es\/ca\/wp-json\/wp\/v2\/media\/78396"}],"wp:attachment":[{"href":"https:\/\/www.editorialjuventud.es\/ca\/wp-json\/wp\/v2\/media?parent=77830"}],"wp:term":[{"taxonomy":"product_brand","embeddable":true,"href":"https:\/\/www.editorialjuventud.es\/ca\/wp-json\/wp\/v2\/product_brand?post=77830"},{"taxonomy":"product_cat","embeddable":true,"href":"https:\/\/www.editorialjuventud.es\/ca\/wp-json\/wp\/v2\/product_cat?post=77830"},{"taxonomy":"product_tag","embeddable":true,"href":"https:\/\/www.editorialjuventud.es\/ca\/wp-json\/wp\/v2\/product_tag?post=77830"},{"taxonomy":"coleccion","embeddable":true,"href":"https:\/\/www.editorialjuventud.es\/ca\/wp-json\/wp\/v2\/coleccion?post=77830"}],"curies":[{"name":"wp","href":"https:\/\/api.w.org\/{rel}","templated":true}]}}