{"id":77630,"date":"2024-01-03T11:09:18","date_gmt":"2024-01-03T10:09:18","guid":{"rendered":"https:\/\/www.editorialjuventud.es\/no-hi-ha-ningu-a-casa-9788426148643\/"},"modified":"2025-05-09T12:45:07","modified_gmt":"2025-05-09T10:45:07","slug":"no-hi-ha-ningu-a-casa-9788426148643","status":"publish","type":"product","link":"https:\/\/www.editorialjuventud.es\/ca\/no-hi-ha-ningu-a-casa-9788426148643\/","title":{"rendered":"No hi ha ning\u00fa a casa"},"content":{"rendered":"<p>Avui \u00e9s l&#8217;aniversari del Kimbo, i la Leo, la seva millor amiga, es disposa a anar a buscar-lo a casa i passar el dia amb ell. El Kimbo vol passar el dia amb la seva amiga, i surt de casa per anar a cercar-la. Els camins dels protagonistes s&#8217;emboliquen i els condueixen a llocs nous i desconeguts. La ciutat els arrossega a l&#8217;aventura. Podran trobar-se?<\/p>\n<p>Un \u00e0lbum que combina els llibres de buscar i trobar amb el c\u00f2mic. A cada doble p\u00e0gina trobar\u00e0s microescenes que faran encara m\u00e9s divertida la lectura. <\/p>\n","protected":false},"excerpt":{"rendered":"Avui \u00e9s l&#8217;aniversari del Kimbo, i la Leo, la seva millor amiga, es disposa a anar a buscar-lo a casa i passar el dia amb ell. El Kimbo vol passar el dia amb la seva amiga, i surt de casa [&hellip;]","protected":false},"featured_media":77649,"template":"","meta":{"_acf_changed":false,"_exactmetrics_skip_tracking":false,"_exactmetrics_sitenote_active":false,"_exactmetrics_sitenote_note":"","_exactmetrics_sitenote_category":0},"product_brand":[],"product_cat":[900,1121,1136,1142,892,1115,1184,893,1128,910],"product_tag":[],"coleccion":[917,915,960],"class_list":{"0":"post-77630","1":"product","2":"type-product","3":"status-publish","4":"has-post-thumbnail","6":"product_cat-a-partir-de-5-anos","7":"product_cat-albumes-ilustrados","8":"product_cat-amistad","9":"product_cat-aventura","10":"product_cat-edades","11":"product_cat-generos","12":"product_cat-humor","13":"product_cat-novedades","14":"product_cat-tematica","15":"product_cat-ultimas-novedades","16":"coleccion-albums-illustrats","17":"coleccion-catala","18":"coleccion-un-milio-damics","20":"first","21":"instock","22":"taxable","23":"shipping-taxable","24":"purchasable","25":"product-type-simple"},"acf":{"indice":"","autor":"Pasinski, Mikolaj","codart":"4864","ediciones":"1","encuadernacion":"Carton\u00e9","fecha_de_publicacion":"01\/01\/2024","fecha_de_reimpresion":"","novedad":"0","paginas":"40","subtitulo":"","texto_web_adicional":"","autores-libros":[71490],"ilustradores-libros":[71491],"texto_web_novedad":"","orden":"999","portada":"0","texto_web_resaltado":"","traductores-libros":[77626],"descripcion_corta":"","recomendamos":"","mas_vendido":"","idioma-libro":"","color":false,"formato":"","mas_informacion_del_producto":false,"premios":false,"deshabilitar_compra":[],"texto_enlace_cubierta":"","enlace_cubierta":{"ID":77647,"id":77647,"title":"nikogo nie ma w domu cover blank.indd","filename":"NO-HI-HA-NINGU-A-CASA_Cover_CAT-scaled.jpg","filesize":688208,"url":"https:\/\/www.editorialjuventud.es\/wp-content\/uploads\/NO-HI-HA-NINGU-A-CASA_Cover_CAT-scaled.jpg","link":"https:\/\/www.editorialjuventud.es\/ca\/?attachment_id=77647","alt":"","author":"50","description":"","caption":"","name":"nikogo-nie-ma-w-domu-cover-blank-indd-4","status":"inherit","uploaded_to":77630,"date":"2024-01-03 14:55:53","modified":"2024-01-03 14:55:53","menu_order":0,"mime_type":"image\/jpeg","type":"image","subtype":"jpeg","icon":"https:\/\/www.editorialjuventud.es\/wp-includes\/images\/media\/default.png","width":2104,"height":2560,"sizes":{"thumbnail":"https:\/\/www.editorialjuventud.es\/wp-content\/uploads\/NO-HI-HA-NINGU-A-CASA_Cover_CAT-200x200.jpg","thumbnail-width":200,"thumbnail-height":200,"medium":"https:\/\/www.editorialjuventud.es\/wp-content\/uploads\/NO-HI-HA-NINGU-A-CASA_Cover_CAT-scaled.jpg","medium-width":2104,"medium-height":2560,"medium_large":"https:\/\/www.editorialjuventud.es\/wp-content\/uploads\/NO-HI-HA-NINGU-A-CASA_Cover_CAT-768x934.jpg","medium_large-width":768,"medium_large-height":934,"large":"https:\/\/www.editorialjuventud.es\/wp-content\/uploads\/NO-HI-HA-NINGU-A-CASA_Cover_CAT-scaled.jpg","large-width":2104,"large-height":2560,"1536x1536":"https:\/\/www.editorialjuventud.es\/wp-content\/uploads\/NO-HI-HA-NINGU-A-CASA_Cover_CAT-1262x1536.jpg","1536x1536-width":1262,"1536x1536-height":1536,"2048x2048":"https:\/\/www.editorialjuventud.es\/wp-content\/uploads\/NO-HI-HA-NINGU-A-CASA_Cover_CAT-1683x2048.jpg","2048x2048-width":1683,"2048x2048-height":2048,"woocommerce_thumbnail":"https:\/\/www.editorialjuventud.es\/wp-content\/uploads\/NO-HI-HA-NINGU-A-CASA_Cover_CAT-350x426.jpg","woocommerce_thumbnail-width":350,"woocommerce_thumbnail-height":426,"woocommerce_single":"https:\/\/www.editorialjuventud.es\/wp-content\/uploads\/NO-HI-HA-NINGU-A-CASA_Cover_CAT-900x1095.jpg","woocommerce_single-width":900,"woocommerce_single-height":1095,"woocommerce_gallery_thumbnail":"https:\/\/www.editorialjuventud.es\/wp-content\/uploads\/NO-HI-HA-NINGU-A-CASA_Cover_CAT-100x100.jpg","woocommerce_gallery_thumbnail-width":100,"woocommerce_gallery_thumbnail-height":100,"ppec_logo_image_size":"https:\/\/www.editorialjuventud.es\/wp-content\/uploads\/NO-HI-HA-NINGU-A-CASA_Cover_CAT-49x60.jpg","ppec_logo_image_size-width":49,"ppec_logo_image_size-height":60,"ppec_header_image_size":"https:\/\/www.editorialjuventud.es\/wp-content\/uploads\/NO-HI-HA-NINGU-A-CASA_Cover_CAT-74x90.jpg","ppec_header_image_size-width":74,"ppec_header_image_size-height":90}},"texto_enlace_ficha_tecnica":"","enlace_ficha_tecnica":{"ID":77665,"id":77665,"title":"No hi ha ning\u00fa a casa","filename":"No-hi-ha-ningu-a-casa.pdf","filesize":749705,"url":"https:\/\/www.editorialjuventud.es\/wp-content\/uploads\/No-hi-ha-ningu-a-casa.pdf","link":"https:\/\/www.editorialjuventud.es\/ca\/?attachment_id=77665","alt":"","author":"50","description":"","caption":"","name":"no-hi-ha-ningu-a-casa","status":"inherit","uploaded_to":77630,"date":"2024-01-04 11:23:32","modified":"2024-01-04 11:23:32","menu_order":0,"mime_type":"application\/pdf","type":"application","subtype":"pdf","icon":"https:\/\/www.editorialjuventud.es\/wp-includes\/images\/media\/document.png"},"ficheros":false,"titulo-fr":"","texto-fr":""},"yoast_head":"<!-- This site is optimized with the Yoast SEO plugin v27.5 - https:\/\/yoast.com\/product\/yoast-seo-wordpress\/ -->\n<title>No hi ha ning\u00fa a casa - Editorial Juventud<\/title>\n<meta name=\"description\" content=\"Avui \u00e9s l&#039;aniversari del Kimbo, i la Leo, la seva millor amiga, es disposa a anar a buscar-lo a casa i passar el dia amb ell. El Kimbo vol passar el dia\" \/>\n<meta name=\"robots\" content=\"index, follow, max-snippet:-1, max-image-preview:large, max-video-preview:-1\" \/>\n<link rel=\"canonical\" href=\"https:\/\/www.editorialjuventud.es\/no-hi-ha-ningu-a-casa-9788426148643\/\" \/>\n<meta property=\"og:locale\" content=\"ca_ES\" \/>\n<meta property=\"og:type\" content=\"article\" \/>\n<meta property=\"og:title\" content=\"No hi ha ning\u00fa a casa - Editorial Juventud\" \/>\n<meta property=\"og:description\" content=\"Avui \u00e9s l&#039;aniversari del Kimbo, i la Leo, la seva millor amiga, es disposa a anar a buscar-lo a casa i passar el dia amb ell. El Kimbo vol passar el dia\" \/>\n<meta property=\"og:url\" content=\"https:\/\/www.editorialjuventud.es\/no-hi-ha-ningu-a-casa-9788426148643\/\" \/>\n<meta property=\"og:site_name\" content=\"Editorial Juventud\" \/>\n<meta property=\"article:modified_time\" content=\"2025-05-09T10:45:07+00:00\" \/>\n<meta property=\"og:image\" content=\"https:\/\/www.editorialjuventud.es\/wp-content\/uploads\/NO-HI-HA-NINGU-A-CASA_Cover_CAT_web.jpg\" \/>\n\t<meta property=\"og:image:width\" content=\"600\" \/>\n\t<meta property=\"og:image:height\" content=\"730\" \/>\n\t<meta property=\"og:image:type\" content=\"image\/jpeg\" \/>\n<meta name=\"twitter:card\" content=\"summary_large_image\" \/>\n<meta name=\"twitter:label1\" content=\"Temps estimat de lectura\" \/>\n\t<meta name=\"twitter:data1\" content=\"1 minut\" \/>\n<script type=\"application\/ld+json\" class=\"yoast-schema-graph\">{\"@context\":\"https:\\\/\\\/schema.org\",\"@graph\":[{\"@type\":\"WebPage\",\"@id\":\"https:\\\/\\\/www.editorialjuventud.es\\\/no-hi-ha-ningu-a-casa-9788426148643\\\/\",\"url\":\"https:\\\/\\\/www.editorialjuventud.es\\\/no-hi-ha-ningu-a-casa-9788426148643\\\/\",\"name\":\"No hi ha ning\u00fa a casa - Editorial Juventud\",\"isPartOf\":{\"@id\":\"https:\\\/\\\/www.editorialjuventud.es\\\/#website\"},\"primaryImageOfPage\":{\"@id\":\"https:\\\/\\\/www.editorialjuventud.es\\\/no-hi-ha-ningu-a-casa-9788426148643\\\/#primaryimage\"},\"image\":{\"@id\":\"https:\\\/\\\/www.editorialjuventud.es\\\/no-hi-ha-ningu-a-casa-9788426148643\\\/#primaryimage\"},\"thumbnailUrl\":\"https:\\\/\\\/www.editorialjuventud.es\\\/wp-content\\\/uploads\\\/NO-HI-HA-NINGU-A-CASA_Cover_CAT_web.jpg\",\"datePublished\":\"2024-01-03T10:09:18+00:00\",\"dateModified\":\"2025-05-09T10:45:07+00:00\",\"description\":\"Avui \u00e9s l'aniversari del Kimbo, i la Leo, la seva millor amiga, es disposa a anar a buscar-lo a casa i passar el dia amb ell. El Kimbo vol passar el dia\",\"breadcrumb\":{\"@id\":\"https:\\\/\\\/www.editorialjuventud.es\\\/no-hi-ha-ningu-a-casa-9788426148643\\\/#breadcrumb\"},\"inLanguage\":\"ca\",\"potentialAction\":[{\"@type\":\"ReadAction\",\"target\":[\"https:\\\/\\\/www.editorialjuventud.es\\\/no-hi-ha-ningu-a-casa-9788426148643\\\/\"]}]},{\"@type\":\"ImageObject\",\"inLanguage\":\"ca\",\"@id\":\"https:\\\/\\\/www.editorialjuventud.es\\\/no-hi-ha-ningu-a-casa-9788426148643\\\/#primaryimage\",\"url\":\"https:\\\/\\\/www.editorialjuventud.es\\\/wp-content\\\/uploads\\\/NO-HI-HA-NINGU-A-CASA_Cover_CAT_web.jpg\",\"contentUrl\":\"https:\\\/\\\/www.editorialjuventud.es\\\/wp-content\\\/uploads\\\/NO-HI-HA-NINGU-A-CASA_Cover_CAT_web.jpg\",\"width\":600,\"height\":730},{\"@type\":\"BreadcrumbList\",\"@id\":\"https:\\\/\\\/www.editorialjuventud.es\\\/no-hi-ha-ningu-a-casa-9788426148643\\\/#breadcrumb\",\"itemListElement\":[{\"@type\":\"ListItem\",\"position\":1,\"name\":\"Portada\",\"item\":\"https:\\\/\\\/www.editorialjuventud.es\\\/\"},{\"@type\":\"ListItem\",\"position\":2,\"name\":\"cat\u00e1logo\",\"item\":\"https:\\\/\\\/www.editorialjuventud.es\\\/coleccion\\\/catalogo\\\/\"},{\"@type\":\"ListItem\",\"position\":3,\"name\":\"catal\u00e0\",\"item\":\"https:\\\/\\\/www.editorialjuventud.es\\\/coleccion\\\/catala\\\/\"},{\"@type\":\"ListItem\",\"position\":4,\"name\":\"\u00c0lbums Il\u00b7lustrats\",\"item\":\"https:\\\/\\\/www.editorialjuventud.es\\\/coleccion\\\/albums-il%c2%b7lustrats\\\/\"},{\"@type\":\"ListItem\",\"position\":5,\"name\":\"Un Mili\u00f3 d'Amics\",\"item\":\"https:\\\/\\\/www.editorialjuventud.es\\\/coleccion\\\/un-milio-damics\\\/\"},{\"@type\":\"ListItem\",\"position\":6,\"name\":\"No hi ha ning\u00fa a casa\"}]},{\"@type\":\"WebSite\",\"@id\":\"https:\\\/\\\/www.editorialjuventud.es\\\/#website\",\"url\":\"https:\\\/\\\/www.editorialjuventud.es\\\/\",\"name\":\"Editorial Juventud\",\"description\":\"\",\"potentialAction\":[{\"@type\":\"SearchAction\",\"target\":{\"@type\":\"EntryPoint\",\"urlTemplate\":\"https:\\\/\\\/www.editorialjuventud.es\\\/?s={search_term_string}\"},\"query-input\":{\"@type\":\"PropertyValueSpecification\",\"valueRequired\":true,\"valueName\":\"search_term_string\"}}],\"inLanguage\":\"ca\"}]}<\/script>\n<!-- \/ Yoast SEO plugin. -->","yoast_head_json":{"title":"No hi ha ning\u00fa a casa - Editorial Juventud","description":"Avui \u00e9s l'aniversari del Kimbo, i la Leo, la seva millor amiga, es disposa a anar a buscar-lo a casa i passar el dia amb ell. El Kimbo vol passar el dia","robots":{"index":"index","follow":"follow","max-snippet":"max-snippet:-1","max-image-preview":"max-image-preview:large","max-video-preview":"max-video-preview:-1"},"canonical":"https:\/\/www.editorialjuventud.es\/no-hi-ha-ningu-a-casa-9788426148643\/","og_locale":"ca_ES","og_type":"article","og_title":"No hi ha ning\u00fa a casa - Editorial Juventud","og_description":"Avui \u00e9s l'aniversari del Kimbo, i la Leo, la seva millor amiga, es disposa a anar a buscar-lo a casa i passar el dia amb ell. El Kimbo vol passar el dia","og_url":"https:\/\/www.editorialjuventud.es\/no-hi-ha-ningu-a-casa-9788426148643\/","og_site_name":"Editorial Juventud","article_modified_time":"2025-05-09T10:45:07+00:00","og_image":[{"width":600,"height":730,"url":"https:\/\/www.editorialjuventud.es\/wp-content\/uploads\/NO-HI-HA-NINGU-A-CASA_Cover_CAT_web.jpg","type":"image\/jpeg"}],"twitter_card":"summary_large_image","twitter_misc":{"Temps estimat de lectura":"1 minut"},"schema":{"@context":"https:\/\/schema.org","@graph":[{"@type":"WebPage","@id":"https:\/\/www.editorialjuventud.es\/no-hi-ha-ningu-a-casa-9788426148643\/","url":"https:\/\/www.editorialjuventud.es\/no-hi-ha-ningu-a-casa-9788426148643\/","name":"No hi ha ning\u00fa a casa - Editorial Juventud","isPartOf":{"@id":"https:\/\/www.editorialjuventud.es\/#website"},"primaryImageOfPage":{"@id":"https:\/\/www.editorialjuventud.es\/no-hi-ha-ningu-a-casa-9788426148643\/#primaryimage"},"image":{"@id":"https:\/\/www.editorialjuventud.es\/no-hi-ha-ningu-a-casa-9788426148643\/#primaryimage"},"thumbnailUrl":"https:\/\/www.editorialjuventud.es\/wp-content\/uploads\/NO-HI-HA-NINGU-A-CASA_Cover_CAT_web.jpg","datePublished":"2024-01-03T10:09:18+00:00","dateModified":"2025-05-09T10:45:07+00:00","description":"Avui \u00e9s l'aniversari del Kimbo, i la Leo, la seva millor amiga, es disposa a anar a buscar-lo a casa i passar el dia amb ell. El Kimbo vol passar el dia","breadcrumb":{"@id":"https:\/\/www.editorialjuventud.es\/no-hi-ha-ningu-a-casa-9788426148643\/#breadcrumb"},"inLanguage":"ca","potentialAction":[{"@type":"ReadAction","target":["https:\/\/www.editorialjuventud.es\/no-hi-ha-ningu-a-casa-9788426148643\/"]}]},{"@type":"ImageObject","inLanguage":"ca","@id":"https:\/\/www.editorialjuventud.es\/no-hi-ha-ningu-a-casa-9788426148643\/#primaryimage","url":"https:\/\/www.editorialjuventud.es\/wp-content\/uploads\/NO-HI-HA-NINGU-A-CASA_Cover_CAT_web.jpg","contentUrl":"https:\/\/www.editorialjuventud.es\/wp-content\/uploads\/NO-HI-HA-NINGU-A-CASA_Cover_CAT_web.jpg","width":600,"height":730},{"@type":"BreadcrumbList","@id":"https:\/\/www.editorialjuventud.es\/no-hi-ha-ningu-a-casa-9788426148643\/#breadcrumb","itemListElement":[{"@type":"ListItem","position":1,"name":"Portada","item":"https:\/\/www.editorialjuventud.es\/"},{"@type":"ListItem","position":2,"name":"cat\u00e1logo","item":"https:\/\/www.editorialjuventud.es\/coleccion\/catalogo\/"},{"@type":"ListItem","position":3,"name":"catal\u00e0","item":"https:\/\/www.editorialjuventud.es\/coleccion\/catala\/"},{"@type":"ListItem","position":4,"name":"\u00c0lbums Il\u00b7lustrats","item":"https:\/\/www.editorialjuventud.es\/coleccion\/albums-il%c2%b7lustrats\/"},{"@type":"ListItem","position":5,"name":"Un Mili\u00f3 d'Amics","item":"https:\/\/www.editorialjuventud.es\/coleccion\/un-milio-damics\/"},{"@type":"ListItem","position":6,"name":"No hi ha ning\u00fa a casa"}]},{"@type":"WebSite","@id":"https:\/\/www.editorialjuventud.es\/#website","url":"https:\/\/www.editorialjuventud.es\/","name":"Editorial Juventud","description":"","potentialAction":[{"@type":"SearchAction","target":{"@type":"EntryPoint","urlTemplate":"https:\/\/www.editorialjuventud.es\/?s={search_term_string}"},"query-input":{"@type":"PropertyValueSpecification","valueRequired":true,"valueName":"search_term_string"}}],"inLanguage":"ca"}]}},"_links":{"self":[{"href":"https:\/\/www.editorialjuventud.es\/ca\/wp-json\/wp\/v2\/product\/77630","targetHints":{"allow":["GET"]}}],"collection":[{"href":"https:\/\/www.editorialjuventud.es\/ca\/wp-json\/wp\/v2\/product"}],"about":[{"href":"https:\/\/www.editorialjuventud.es\/ca\/wp-json\/wp\/v2\/types\/product"}],"wp:featuredmedia":[{"embeddable":true,"href":"https:\/\/www.editorialjuventud.es\/ca\/wp-json\/wp\/v2\/media\/77649"}],"wp:attachment":[{"href":"https:\/\/www.editorialjuventud.es\/ca\/wp-json\/wp\/v2\/media?parent=77630"}],"wp:term":[{"taxonomy":"product_brand","embeddable":true,"href":"https:\/\/www.editorialjuventud.es\/ca\/wp-json\/wp\/v2\/product_brand?post=77630"},{"taxonomy":"product_cat","embeddable":true,"href":"https:\/\/www.editorialjuventud.es\/ca\/wp-json\/wp\/v2\/product_cat?post=77630"},{"taxonomy":"product_tag","embeddable":true,"href":"https:\/\/www.editorialjuventud.es\/ca\/wp-json\/wp\/v2\/product_tag?post=77630"},{"taxonomy":"coleccion","embeddable":true,"href":"https:\/\/www.editorialjuventud.es\/ca\/wp-json\/wp\/v2\/coleccion?post=77630"}],"curies":[{"name":"wp","href":"https:\/\/api.w.org\/{rel}","templated":true}]}}