{"id":77128,"date":"2023-10-26T11:09:22","date_gmt":"2023-10-26T09:09:22","guid":{"rendered":"https:\/\/www.editorialjuventud.es\/un-dia-cada-un-9788426148520\/"},"modified":"2025-01-22T12:35:46","modified_gmt":"2025-01-22T11:35:46","slug":"un-dia-cada-un-9788426148520","status":"publish","type":"product","link":"https:\/\/www.editorialjuventud.es\/ca\/un-dia-cada-un-9788426148520\/","title":{"rendered":"Un dia cada un!"},"content":{"rendered":"<p>Una tarda, l&#8217;Os, la Tortuga, la Llebre i el Ratol\u00ed descobreixen un petit ou. Tots quatre volen endur-se&#8217;l a casa per tenir-ne cura, per\u00f2 l&#8217;ou proposa que facin torns i que comenci el Ratol\u00ed, que l&#8217;ha trobat. Dia rere dia, de casa en casa, l&#8217;Ou descobrir\u00e0 el m\u00f3n gr\u00e0cies als seus amics.<\/p>\n<p>Torna Marianne Dubuc, aquest cop amb un format h\u00edbrid a cavall entre el c\u00f2mic i l&#8217;\u00e0lbum. Una hist\u00f2ria deliciosa\/tendra que tracta temes com l&#8217;amistat, la cerca de la identitat i la independ\u00e8ncia. <\/p>\n","protected":false},"excerpt":{"rendered":"Una tarda, l&#8217;Os, la Tortuga, la Llebre i el Ratol\u00ed descobreixen un petit ou. Tots quatre volen endur-se&#8217;l a casa per tenir-ne cura, per\u00f2 l&#8217;ou proposa que facin torns i que comenci el Ratol\u00ed, que l&#8217;ha trobat. Dia rere dia, [&hellip;]","protected":false},"featured_media":77129,"template":"","meta":{"_acf_changed":false,"_exactmetrics_skip_tracking":false,"_exactmetrics_sitenote_active":false,"_exactmetrics_sitenote_note":"","_exactmetrics_sitenote_category":0},"product_brand":[],"product_cat":[900,1121,1136,1138,1284,1154,1156,1157,892,1115,893,1128,910],"product_tag":[],"coleccion":[917,944,915],"class_list":{"0":"post-77128","1":"product","2":"type-product","3":"status-publish","4":"has-post-thumbnail","6":"product_cat-a-partir-de-5-anos","7":"product_cat-albumes-ilustrados","8":"product_cat-amistad","9":"product_cat-animales","10":"product_cat-comic-tematica","11":"product_cat-comunicacion","12":"product_cat-cooperacion","13":"product_cat-crecer","14":"product_cat-edades","15":"product_cat-generos","16":"product_cat-novedades","17":"product_cat-tematica","18":"product_cat-ultimas-novedades","19":"coleccion-albums-illustrats","20":"coleccion-aprenent-a-llegir","21":"coleccion-catala","23":"first","24":"instock","25":"taxable","26":"shipping-taxable","27":"purchasable","28":"product-type-simple"},"acf":{"indice":"","autor":"Dubuc, Marianne","codart":"4852","ediciones":"1","encuadernacion":"Carton\u00e9","fecha_de_publicacion":"01\/11\/2023","fecha_de_reimpresion":"","novedad":"0","paginas":"60","subtitulo":"","texto_web_adicional":"","autores-libros":[16332],"ilustradores-libros":"","texto_web_novedad":"","orden":"999","portada":"0","texto_web_resaltado":"","traductores-libros":[58414],"descripcion_corta":"","recomendamos":"","mas_vendido":"","idioma-libro":"","color":false,"formato":"","mas_informacion_del_producto":false,"premios":false,"deshabilitar_compra":["deshabilitar"],"texto_enlace_cubierta":"","enlace_cubierta":{"ID":77227,"id":77227,"title":"cover (imagen) UN DIA CADA UNO.indd","filename":"UN-DIA-CADA-UN_Cover_CAT_-scaled.jpg","filesize":784930,"url":"https:\/\/www.editorialjuventud.es\/wp-content\/uploads\/UN-DIA-CADA-UN_Cover_CAT_-scaled.jpg","link":"https:\/\/www.editorialjuventud.es\/ca\/?attachment_id=77227","alt":"","author":"50","description":"","caption":"","name":"cover-imagen-un-dia-cada-uno-indd-2","status":"inherit","uploaded_to":77128,"date":"2023-11-06 10:51:44","modified":"2023-11-06 10:51:44","menu_order":0,"mime_type":"image\/jpeg","type":"image","subtype":"jpeg","icon":"https:\/\/www.editorialjuventud.es\/wp-includes\/images\/media\/default.png","width":1991,"height":2560,"sizes":{"thumbnail":"https:\/\/www.editorialjuventud.es\/wp-content\/uploads\/UN-DIA-CADA-UN_Cover_CAT_-200x200.jpg","thumbnail-width":200,"thumbnail-height":200,"medium":"https:\/\/www.editorialjuventud.es\/wp-content\/uploads\/UN-DIA-CADA-UN_Cover_CAT_-scaled.jpg","medium-width":1991,"medium-height":2560,"medium_large":"https:\/\/www.editorialjuventud.es\/wp-content\/uploads\/UN-DIA-CADA-UN_Cover_CAT_-768x988.jpg","medium_large-width":768,"medium_large-height":988,"large":"https:\/\/www.editorialjuventud.es\/wp-content\/uploads\/UN-DIA-CADA-UN_Cover_CAT_-scaled.jpg","large-width":1991,"large-height":2560,"1536x1536":"https:\/\/www.editorialjuventud.es\/wp-content\/uploads\/UN-DIA-CADA-UN_Cover_CAT_-1195x1536.jpg","1536x1536-width":1195,"1536x1536-height":1536,"2048x2048":"https:\/\/www.editorialjuventud.es\/wp-content\/uploads\/UN-DIA-CADA-UN_Cover_CAT_-1593x2048.jpg","2048x2048-width":1593,"2048x2048-height":2048,"woocommerce_thumbnail":"https:\/\/www.editorialjuventud.es\/wp-content\/uploads\/UN-DIA-CADA-UN_Cover_CAT_-350x450.jpg","woocommerce_thumbnail-width":350,"woocommerce_thumbnail-height":450,"woocommerce_single":"https:\/\/www.editorialjuventud.es\/wp-content\/uploads\/UN-DIA-CADA-UN_Cover_CAT_-900x1157.jpg","woocommerce_single-width":900,"woocommerce_single-height":1157,"woocommerce_gallery_thumbnail":"https:\/\/www.editorialjuventud.es\/wp-content\/uploads\/UN-DIA-CADA-UN_Cover_CAT_-100x100.jpg","woocommerce_gallery_thumbnail-width":100,"woocommerce_gallery_thumbnail-height":100,"ppec_logo_image_size":"https:\/\/www.editorialjuventud.es\/wp-content\/uploads\/UN-DIA-CADA-UN_Cover_CAT_-47x60.jpg","ppec_logo_image_size-width":47,"ppec_logo_image_size-height":60,"ppec_header_image_size":"https:\/\/www.editorialjuventud.es\/wp-content\/uploads\/UN-DIA-CADA-UN_Cover_CAT_-70x90.jpg","ppec_header_image_size-width":70,"ppec_header_image_size-height":90}},"texto_enlace_ficha_tecnica":"","enlace_ficha_tecnica":{"ID":77278,"id":77278,"title":"Un dia cada un","filename":"Un-dia-cada-un.pdf","filesize":514435,"url":"https:\/\/www.editorialjuventud.es\/wp-content\/uploads\/Un-dia-cada-un.pdf","link":"https:\/\/www.editorialjuventud.es\/ca\/?attachment_id=77278","alt":"","author":"50","description":"","caption":"","name":"un-dia-cada-un","status":"inherit","uploaded_to":77128,"date":"2023-11-14 08:59:18","modified":"2023-11-14 08:59:18","menu_order":0,"mime_type":"application\/pdf","type":"application","subtype":"pdf","icon":"https:\/\/www.editorialjuventud.es\/wp-includes\/images\/media\/document.png"},"ficheros":false,"titulo-fr":"","texto-fr":""},"yoast_head":"<!-- This site is optimized with the Yoast SEO plugin v27.3 - https:\/\/yoast.com\/product\/yoast-seo-wordpress\/ -->\n<title>Un dia cada un! - Editorial Juventud<\/title>\n<meta name=\"description\" content=\"Una tarda, l&#039;Os, la Tortuga, la Llebre i el Ratol\u00ed descobreixen un petit ou. Tots quatre volen endur-se&#039;l a casa per tenir-ne cura, per\u00f2 l&#039;ou proposa que\" \/>\n<meta name=\"robots\" content=\"index, follow, max-snippet:-1, max-image-preview:large, max-video-preview:-1\" \/>\n<link rel=\"canonical\" href=\"https:\/\/www.editorialjuventud.es\/un-dia-cada-un-9788426148520\/\" \/>\n<meta property=\"og:locale\" content=\"ca_ES\" \/>\n<meta property=\"og:type\" content=\"article\" \/>\n<meta property=\"og:title\" content=\"Un dia cada un! - Editorial Juventud\" \/>\n<meta property=\"og:description\" content=\"Una tarda, l&#039;Os, la Tortuga, la Llebre i el Ratol\u00ed descobreixen un petit ou. Tots quatre volen endur-se&#039;l a casa per tenir-ne cura, per\u00f2 l&#039;ou proposa que\" \/>\n<meta property=\"og:url\" content=\"https:\/\/www.editorialjuventud.es\/un-dia-cada-un-9788426148520\/\" \/>\n<meta property=\"og:site_name\" content=\"Editorial Juventud\" \/>\n<meta property=\"article:modified_time\" content=\"2025-01-22T11:35:46+00:00\" \/>\n<meta property=\"og:image\" content=\"https:\/\/www.editorialjuventud.es\/wp-content\/uploads\/9788426148520.jpg\" \/>\n\t<meta property=\"og:image:width\" content=\"500\" \/>\n\t<meta property=\"og:image:height\" content=\"643\" \/>\n\t<meta property=\"og:image:type\" content=\"image\/jpeg\" \/>\n<meta name=\"twitter:card\" content=\"summary_large_image\" \/>\n<meta name=\"twitter:label1\" content=\"Temps estimat de lectura\" \/>\n\t<meta name=\"twitter:data1\" content=\"1 minut\" \/>\n<script type=\"application\/ld+json\" class=\"yoast-schema-graph\">{\"@context\":\"https:\\\/\\\/schema.org\",\"@graph\":[{\"@type\":\"WebPage\",\"@id\":\"https:\\\/\\\/www.editorialjuventud.es\\\/un-dia-cada-un-9788426148520\\\/\",\"url\":\"https:\\\/\\\/www.editorialjuventud.es\\\/un-dia-cada-un-9788426148520\\\/\",\"name\":\"Un dia cada un! - Editorial Juventud\",\"isPartOf\":{\"@id\":\"https:\\\/\\\/www.editorialjuventud.es\\\/#website\"},\"primaryImageOfPage\":{\"@id\":\"https:\\\/\\\/www.editorialjuventud.es\\\/un-dia-cada-un-9788426148520\\\/#primaryimage\"},\"image\":{\"@id\":\"https:\\\/\\\/www.editorialjuventud.es\\\/un-dia-cada-un-9788426148520\\\/#primaryimage\"},\"thumbnailUrl\":\"https:\\\/\\\/www.editorialjuventud.es\\\/wp-content\\\/uploads\\\/9788426148520.jpg\",\"datePublished\":\"2023-10-26T09:09:22+00:00\",\"dateModified\":\"2025-01-22T11:35:46+00:00\",\"description\":\"Una tarda, l'Os, la Tortuga, la Llebre i el Ratol\u00ed descobreixen un petit ou. Tots quatre volen endur-se'l a casa per tenir-ne cura, per\u00f2 l'ou proposa que\",\"breadcrumb\":{\"@id\":\"https:\\\/\\\/www.editorialjuventud.es\\\/un-dia-cada-un-9788426148520\\\/#breadcrumb\"},\"inLanguage\":\"ca\",\"potentialAction\":[{\"@type\":\"ReadAction\",\"target\":[\"https:\\\/\\\/www.editorialjuventud.es\\\/un-dia-cada-un-9788426148520\\\/\"]}]},{\"@type\":\"ImageObject\",\"inLanguage\":\"ca\",\"@id\":\"https:\\\/\\\/www.editorialjuventud.es\\\/un-dia-cada-un-9788426148520\\\/#primaryimage\",\"url\":\"https:\\\/\\\/www.editorialjuventud.es\\\/wp-content\\\/uploads\\\/9788426148520.jpg\",\"contentUrl\":\"https:\\\/\\\/www.editorialjuventud.es\\\/wp-content\\\/uploads\\\/9788426148520.jpg\",\"width\":500,\"height\":643,\"caption\":\"9788426148520.jpg\"},{\"@type\":\"BreadcrumbList\",\"@id\":\"https:\\\/\\\/www.editorialjuventud.es\\\/un-dia-cada-un-9788426148520\\\/#breadcrumb\",\"itemListElement\":[{\"@type\":\"ListItem\",\"position\":1,\"name\":\"Portada\",\"item\":\"https:\\\/\\\/www.editorialjuventud.es\\\/\"},{\"@type\":\"ListItem\",\"position\":2,\"name\":\"cat\u00e1logo\",\"item\":\"https:\\\/\\\/www.editorialjuventud.es\\\/coleccion\\\/catalogo\\\/\"},{\"@type\":\"ListItem\",\"position\":3,\"name\":\"catal\u00e0\",\"item\":\"https:\\\/\\\/www.editorialjuventud.es\\\/coleccion\\\/catala\\\/\"},{\"@type\":\"ListItem\",\"position\":4,\"name\":\"\u00c0lbums Il\u00b7lustrats\",\"item\":\"https:\\\/\\\/www.editorialjuventud.es\\\/coleccion\\\/albums-il%c2%b7lustrats\\\/\"},{\"@type\":\"ListItem\",\"position\":5,\"name\":\"Aprenent a Llegir\",\"item\":\"https:\\\/\\\/www.editorialjuventud.es\\\/coleccion\\\/aprenent-a-llegir\\\/\"},{\"@type\":\"ListItem\",\"position\":6,\"name\":\"Un dia cada un!\"}]},{\"@type\":\"WebSite\",\"@id\":\"https:\\\/\\\/www.editorialjuventud.es\\\/#website\",\"url\":\"https:\\\/\\\/www.editorialjuventud.es\\\/\",\"name\":\"Editorial Juventud\",\"description\":\"\",\"potentialAction\":[{\"@type\":\"SearchAction\",\"target\":{\"@type\":\"EntryPoint\",\"urlTemplate\":\"https:\\\/\\\/www.editorialjuventud.es\\\/?s={search_term_string}\"},\"query-input\":{\"@type\":\"PropertyValueSpecification\",\"valueRequired\":true,\"valueName\":\"search_term_string\"}}],\"inLanguage\":\"ca\"}]}<\/script>\n<!-- \/ Yoast SEO plugin. -->","yoast_head_json":{"title":"Un dia cada un! - Editorial Juventud","description":"Una tarda, l'Os, la Tortuga, la Llebre i el Ratol\u00ed descobreixen un petit ou. Tots quatre volen endur-se'l a casa per tenir-ne cura, per\u00f2 l'ou proposa que","robots":{"index":"index","follow":"follow","max-snippet":"max-snippet:-1","max-image-preview":"max-image-preview:large","max-video-preview":"max-video-preview:-1"},"canonical":"https:\/\/www.editorialjuventud.es\/un-dia-cada-un-9788426148520\/","og_locale":"ca_ES","og_type":"article","og_title":"Un dia cada un! - Editorial Juventud","og_description":"Una tarda, l'Os, la Tortuga, la Llebre i el Ratol\u00ed descobreixen un petit ou. Tots quatre volen endur-se'l a casa per tenir-ne cura, per\u00f2 l'ou proposa que","og_url":"https:\/\/www.editorialjuventud.es\/un-dia-cada-un-9788426148520\/","og_site_name":"Editorial Juventud","article_modified_time":"2025-01-22T11:35:46+00:00","og_image":[{"width":500,"height":643,"url":"https:\/\/www.editorialjuventud.es\/wp-content\/uploads\/9788426148520.jpg","type":"image\/jpeg"}],"twitter_card":"summary_large_image","twitter_misc":{"Temps estimat de lectura":"1 minut"},"schema":{"@context":"https:\/\/schema.org","@graph":[{"@type":"WebPage","@id":"https:\/\/www.editorialjuventud.es\/un-dia-cada-un-9788426148520\/","url":"https:\/\/www.editorialjuventud.es\/un-dia-cada-un-9788426148520\/","name":"Un dia cada un! - Editorial Juventud","isPartOf":{"@id":"https:\/\/www.editorialjuventud.es\/#website"},"primaryImageOfPage":{"@id":"https:\/\/www.editorialjuventud.es\/un-dia-cada-un-9788426148520\/#primaryimage"},"image":{"@id":"https:\/\/www.editorialjuventud.es\/un-dia-cada-un-9788426148520\/#primaryimage"},"thumbnailUrl":"https:\/\/www.editorialjuventud.es\/wp-content\/uploads\/9788426148520.jpg","datePublished":"2023-10-26T09:09:22+00:00","dateModified":"2025-01-22T11:35:46+00:00","description":"Una tarda, l'Os, la Tortuga, la Llebre i el Ratol\u00ed descobreixen un petit ou. Tots quatre volen endur-se'l a casa per tenir-ne cura, per\u00f2 l'ou proposa que","breadcrumb":{"@id":"https:\/\/www.editorialjuventud.es\/un-dia-cada-un-9788426148520\/#breadcrumb"},"inLanguage":"ca","potentialAction":[{"@type":"ReadAction","target":["https:\/\/www.editorialjuventud.es\/un-dia-cada-un-9788426148520\/"]}]},{"@type":"ImageObject","inLanguage":"ca","@id":"https:\/\/www.editorialjuventud.es\/un-dia-cada-un-9788426148520\/#primaryimage","url":"https:\/\/www.editorialjuventud.es\/wp-content\/uploads\/9788426148520.jpg","contentUrl":"https:\/\/www.editorialjuventud.es\/wp-content\/uploads\/9788426148520.jpg","width":500,"height":643,"caption":"9788426148520.jpg"},{"@type":"BreadcrumbList","@id":"https:\/\/www.editorialjuventud.es\/un-dia-cada-un-9788426148520\/#breadcrumb","itemListElement":[{"@type":"ListItem","position":1,"name":"Portada","item":"https:\/\/www.editorialjuventud.es\/"},{"@type":"ListItem","position":2,"name":"cat\u00e1logo","item":"https:\/\/www.editorialjuventud.es\/coleccion\/catalogo\/"},{"@type":"ListItem","position":3,"name":"catal\u00e0","item":"https:\/\/www.editorialjuventud.es\/coleccion\/catala\/"},{"@type":"ListItem","position":4,"name":"\u00c0lbums Il\u00b7lustrats","item":"https:\/\/www.editorialjuventud.es\/coleccion\/albums-il%c2%b7lustrats\/"},{"@type":"ListItem","position":5,"name":"Aprenent a Llegir","item":"https:\/\/www.editorialjuventud.es\/coleccion\/aprenent-a-llegir\/"},{"@type":"ListItem","position":6,"name":"Un dia cada un!"}]},{"@type":"WebSite","@id":"https:\/\/www.editorialjuventud.es\/#website","url":"https:\/\/www.editorialjuventud.es\/","name":"Editorial Juventud","description":"","potentialAction":[{"@type":"SearchAction","target":{"@type":"EntryPoint","urlTemplate":"https:\/\/www.editorialjuventud.es\/?s={search_term_string}"},"query-input":{"@type":"PropertyValueSpecification","valueRequired":true,"valueName":"search_term_string"}}],"inLanguage":"ca"}]}},"_links":{"self":[{"href":"https:\/\/www.editorialjuventud.es\/ca\/wp-json\/wp\/v2\/product\/77128","targetHints":{"allow":["GET"]}}],"collection":[{"href":"https:\/\/www.editorialjuventud.es\/ca\/wp-json\/wp\/v2\/product"}],"about":[{"href":"https:\/\/www.editorialjuventud.es\/ca\/wp-json\/wp\/v2\/types\/product"}],"wp:featuredmedia":[{"embeddable":true,"href":"https:\/\/www.editorialjuventud.es\/ca\/wp-json\/wp\/v2\/media\/77129"}],"wp:attachment":[{"href":"https:\/\/www.editorialjuventud.es\/ca\/wp-json\/wp\/v2\/media?parent=77128"}],"wp:term":[{"taxonomy":"product_brand","embeddable":true,"href":"https:\/\/www.editorialjuventud.es\/ca\/wp-json\/wp\/v2\/product_brand?post=77128"},{"taxonomy":"product_cat","embeddable":true,"href":"https:\/\/www.editorialjuventud.es\/ca\/wp-json\/wp\/v2\/product_cat?post=77128"},{"taxonomy":"product_tag","embeddable":true,"href":"https:\/\/www.editorialjuventud.es\/ca\/wp-json\/wp\/v2\/product_tag?post=77128"},{"taxonomy":"coleccion","embeddable":true,"href":"https:\/\/www.editorialjuventud.es\/ca\/wp-json\/wp\/v2\/coleccion?post=77128"}],"curies":[{"name":"wp","href":"https:\/\/api.w.org\/{rel}","templated":true}]}}