{"id":76935,"date":"2023-09-26T10:49:52","date_gmt":"2023-09-26T08:49:52","guid":{"rendered":"https:\/\/www.editorialjuventud.es\/buenas-noches-cangrejo-9788426148476\/"},"modified":"2025-02-20T12:05:57","modified_gmt":"2025-02-20T11:05:57","slug":"buenas-noches-cangrejo-9788426148476","status":"publish","type":"product","link":"https:\/\/www.editorialjuventud.es\/ca\/buenas-noches-cangrejo-9788426148476\/","title":{"rendered":"Buenas noches, Cangrejo"},"content":{"rendered":"<p>Pez y Cangrejo son muy buenos amigos y siempre est\u00e1n ah\u00ed el uno para el otro. Cuando llega la hora de acostarse, Cangrejo est\u00e1 listo para dormir, pero Pez sigue bien despierto, y se pregunta: \u00bfQu\u00e9 es ese ruido? \u00bfY si los extraterrestres nos abducen mientras dormimos? \u00bfY si llueve ranas? \u00bfQu\u00e9 pasar\u00eda si . . . \u00a1muchas cosas!?<\/p>\n<p>Un libro ilustrado humor\u00edstico e inteligente sobre la importancia de compartir los miedos y las grandes emociones con alguien de confianza.<\/p>\n<p><img loading=\"lazy\" decoding=\"async\" class=\"alignnone size-full wp-image-80020\" src=\"https:\/\/www.editorialjuventud.es\/wp-content\/uploads\/Logo_Suport_ICEC-1-e1740049385653.jpg\" alt=\"\" width=\"500\" height=\"131\" \/><\/p>\n","protected":false},"excerpt":{"rendered":"Pez y Cangrejo son muy buenos amigos y siempre est\u00e1n ah\u00ed el uno para el otro. Cuando llega la hora de acostarse, Cangrejo est\u00e1 listo para dormir, pero Pez sigue bien despierto, y se pregunta: \u00bfQu\u00e9 es ese ruido? \u00bfY [&hellip;]","protected":false},"featured_media":76936,"template":"","meta":{"_acf_changed":false,"_exactmetrics_skip_tracking":false,"_exactmetrics_sitenote_active":false,"_exactmetrics_sitenote_note":"","_exactmetrics_sitenote_category":0},"product_brand":[],"product_cat":[900,1121,1136,1138,1154,1165,892,1115,1196,893,1128,910],"product_tag":[],"coleccion":[928,916,989],"class_list":{"0":"post-76935","1":"product","2":"type-product","3":"status-publish","4":"has-post-thumbnail","6":"product_cat-a-partir-de-5-anos","7":"product_cat-albumes-ilustrados","8":"product_cat-amistad","9":"product_cat-animales","10":"product_cat-comunicacion","11":"product_cat-dormir-sueno","12":"product_cat-edades","13":"product_cat-generos","14":"product_cat-miedo-valentia","15":"product_cat-novedades","16":"product_cat-tematica","17":"product_cat-ultimas-novedades","18":"coleccion-albumes-ilustrados","19":"coleccion-castellano","20":"coleccion-crecer-en-valores","22":"first","23":"instock","24":"taxable","25":"shipping-taxable","26":"purchasable","27":"product-type-simple"},"acf":{"indice":"","autor":"Coppo, Marianna","codart":"4847","ediciones":"1","encuadernacion":"Carton\u00e9","fecha_de_publicacion":"01\/10\/2023","fecha_de_reimpresion":"","novedad":"0","paginas":"48","subtitulo":"","texto_web_adicional":"","autores-libros":[31670],"ilustradores-libros":"","texto_web_novedad":"","orden":"999","portada":"0","texto_web_resaltado":"","traductores-libros":[17430],"descripcion_corta":"","recomendamos":"","mas_vendido":"","idioma-libro":"","color":false,"formato":"","mas_informacion_del_producto":false,"premios":false,"deshabilitar_compra":[],"texto_enlace_cubierta":"","enlace_cubierta":{"ID":76970,"id":76970,"title":"AAFF_cover BUENAS NOCHES CANGREJO_2","filename":"BUENAS-NOCHES-CANGREJO_cover_CAST-scaled.jpg","filesize":409317,"url":"https:\/\/www.editorialjuventud.es\/wp-content\/uploads\/BUENAS-NOCHES-CANGREJO_cover_CAST-scaled.jpg","link":"https:\/\/www.editorialjuventud.es\/ca\/?attachment_id=76970","alt":"","author":"50","description":"","caption":"","name":"aaff_cover-buenas-noches-cangrejo_2-2","status":"inherit","uploaded_to":76935,"date":"2023-09-26 12:33:24","modified":"2023-09-26 12:33:24","menu_order":0,"mime_type":"image\/jpeg","type":"image","subtype":"jpeg","icon":"https:\/\/www.editorialjuventud.es\/wp-includes\/images\/media\/default.png","width":2502,"height":2560,"sizes":{"thumbnail":"https:\/\/www.editorialjuventud.es\/wp-content\/uploads\/BUENAS-NOCHES-CANGREJO_cover_CAST-200x200.jpg","thumbnail-width":200,"thumbnail-height":200,"medium":"https:\/\/www.editorialjuventud.es\/wp-content\/uploads\/BUENAS-NOCHES-CANGREJO_cover_CAST-scaled.jpg","medium-width":2502,"medium-height":2560,"medium_large":"https:\/\/www.editorialjuventud.es\/wp-content\/uploads\/BUENAS-NOCHES-CANGREJO_cover_CAST-768x786.jpg","medium_large-width":768,"medium_large-height":786,"large":"https:\/\/www.editorialjuventud.es\/wp-content\/uploads\/BUENAS-NOCHES-CANGREJO_cover_CAST-scaled.jpg","large-width":2502,"large-height":2560,"1536x1536":"https:\/\/www.editorialjuventud.es\/wp-content\/uploads\/BUENAS-NOCHES-CANGREJO_cover_CAST-1501x1536.jpg","1536x1536-width":1501,"1536x1536-height":1536,"2048x2048":"https:\/\/www.editorialjuventud.es\/wp-content\/uploads\/BUENAS-NOCHES-CANGREJO_cover_CAST-2001x2048.jpg","2048x2048-width":2001,"2048x2048-height":2048,"woocommerce_thumbnail":"https:\/\/www.editorialjuventud.es\/wp-content\/uploads\/BUENAS-NOCHES-CANGREJO_cover_CAST-350x358.jpg","woocommerce_thumbnail-width":350,"woocommerce_thumbnail-height":358,"woocommerce_single":"https:\/\/www.editorialjuventud.es\/wp-content\/uploads\/BUENAS-NOCHES-CANGREJO_cover_CAST-900x921.jpg","woocommerce_single-width":900,"woocommerce_single-height":921,"woocommerce_gallery_thumbnail":"https:\/\/www.editorialjuventud.es\/wp-content\/uploads\/BUENAS-NOCHES-CANGREJO_cover_CAST-100x100.jpg","woocommerce_gallery_thumbnail-width":100,"woocommerce_gallery_thumbnail-height":100,"ppec_logo_image_size":"https:\/\/www.editorialjuventud.es\/wp-content\/uploads\/BUENAS-NOCHES-CANGREJO_cover_CAST-59x60.jpg","ppec_logo_image_size-width":59,"ppec_logo_image_size-height":60,"ppec_header_image_size":"https:\/\/www.editorialjuventud.es\/wp-content\/uploads\/BUENAS-NOCHES-CANGREJO_cover_CAST-88x90.jpg","ppec_header_image_size-width":88,"ppec_header_image_size-height":90}},"texto_enlace_ficha_tecnica":"","enlace_ficha_tecnica":{"ID":77058,"id":77058,"title":"BUENAS NOCHES","filename":"BUENAS-NOCHES.pdf","filesize":391851,"url":"https:\/\/www.editorialjuventud.es\/wp-content\/uploads\/BUENAS-NOCHES.pdf","link":"https:\/\/www.editorialjuventud.es\/ca\/?attachment_id=77058","alt":"","author":"50","description":"","caption":"","name":"buenas-noches","status":"inherit","uploaded_to":76935,"date":"2023-10-10 16:48:05","modified":"2023-10-10 16:48:05","menu_order":0,"mime_type":"application\/pdf","type":"application","subtype":"pdf","icon":"https:\/\/www.editorialjuventud.es\/wp-includes\/images\/media\/document.png"},"ficheros":false,"titulo-fr":"","texto-fr":""},"yoast_head":"<!-- This site is optimized with the Yoast SEO plugin v27.5 - https:\/\/yoast.com\/product\/yoast-seo-wordpress\/ -->\n<title>Buenas noches, Cangrejo - Editorial Juventud<\/title>\n<meta name=\"description\" content=\"Pez y Cangrejo son muy buenos amigos y siempre est\u00e1n ah\u00ed el uno para el otro. Cuando llega la hora de acostarse, Cangrejo est\u00e1 listo para dormir, pero Pez\" \/>\n<meta name=\"robots\" content=\"index, follow, max-snippet:-1, max-image-preview:large, max-video-preview:-1\" \/>\n<link rel=\"canonical\" href=\"https:\/\/www.editorialjuventud.es\/buenas-noches-cangrejo-9788426148476\/\" \/>\n<meta property=\"og:locale\" content=\"ca_ES\" \/>\n<meta property=\"og:type\" content=\"article\" \/>\n<meta property=\"og:title\" content=\"Buenas noches, Cangrejo - Editorial Juventud\" \/>\n<meta property=\"og:description\" content=\"Pez y Cangrejo son muy buenos amigos y siempre est\u00e1n ah\u00ed el uno para el otro. Cuando llega la hora de acostarse, Cangrejo est\u00e1 listo para dormir, pero Pez\" \/>\n<meta property=\"og:url\" content=\"https:\/\/www.editorialjuventud.es\/buenas-noches-cangrejo-9788426148476\/\" \/>\n<meta property=\"og:site_name\" content=\"Editorial Juventud\" \/>\n<meta property=\"article:modified_time\" content=\"2025-02-20T11:05:57+00:00\" \/>\n<meta property=\"og:image\" content=\"https:\/\/www.editorialjuventud.es\/wp-content\/uploads\/9788426148476.jpg\" \/>\n\t<meta property=\"og:image:width\" content=\"500\" \/>\n\t<meta property=\"og:image:height\" content=\"512\" \/>\n\t<meta property=\"og:image:type\" content=\"image\/jpeg\" \/>\n<meta name=\"twitter:card\" content=\"summary_large_image\" \/>\n<meta name=\"twitter:label1\" content=\"Temps estimat de lectura\" \/>\n\t<meta name=\"twitter:data1\" content=\"1 minut\" \/>\n<script type=\"application\/ld+json\" class=\"yoast-schema-graph\">{\"@context\":\"https:\\\/\\\/schema.org\",\"@graph\":[{\"@type\":\"WebPage\",\"@id\":\"https:\\\/\\\/www.editorialjuventud.es\\\/buenas-noches-cangrejo-9788426148476\\\/\",\"url\":\"https:\\\/\\\/www.editorialjuventud.es\\\/buenas-noches-cangrejo-9788426148476\\\/\",\"name\":\"Buenas noches, Cangrejo - Editorial Juventud\",\"isPartOf\":{\"@id\":\"https:\\\/\\\/www.editorialjuventud.es\\\/#website\"},\"primaryImageOfPage\":{\"@id\":\"https:\\\/\\\/www.editorialjuventud.es\\\/buenas-noches-cangrejo-9788426148476\\\/#primaryimage\"},\"image\":{\"@id\":\"https:\\\/\\\/www.editorialjuventud.es\\\/buenas-noches-cangrejo-9788426148476\\\/#primaryimage\"},\"thumbnailUrl\":\"https:\\\/\\\/www.editorialjuventud.es\\\/wp-content\\\/uploads\\\/9788426148476.jpg\",\"datePublished\":\"2023-09-26T08:49:52+00:00\",\"dateModified\":\"2025-02-20T11:05:57+00:00\",\"description\":\"Pez y Cangrejo son muy buenos amigos y siempre est\u00e1n ah\u00ed el uno para el otro. Cuando llega la hora de acostarse, Cangrejo est\u00e1 listo para dormir, pero Pez\",\"breadcrumb\":{\"@id\":\"https:\\\/\\\/www.editorialjuventud.es\\\/buenas-noches-cangrejo-9788426148476\\\/#breadcrumb\"},\"inLanguage\":\"ca\",\"potentialAction\":[{\"@type\":\"ReadAction\",\"target\":[\"https:\\\/\\\/www.editorialjuventud.es\\\/buenas-noches-cangrejo-9788426148476\\\/\"]}]},{\"@type\":\"ImageObject\",\"inLanguage\":\"ca\",\"@id\":\"https:\\\/\\\/www.editorialjuventud.es\\\/buenas-noches-cangrejo-9788426148476\\\/#primaryimage\",\"url\":\"https:\\\/\\\/www.editorialjuventud.es\\\/wp-content\\\/uploads\\\/9788426148476.jpg\",\"contentUrl\":\"https:\\\/\\\/www.editorialjuventud.es\\\/wp-content\\\/uploads\\\/9788426148476.jpg\",\"width\":500,\"height\":512,\"caption\":\"9788426148476.jpg\"},{\"@type\":\"BreadcrumbList\",\"@id\":\"https:\\\/\\\/www.editorialjuventud.es\\\/buenas-noches-cangrejo-9788426148476\\\/#breadcrumb\",\"itemListElement\":[{\"@type\":\"ListItem\",\"position\":1,\"name\":\"Portada\",\"item\":\"https:\\\/\\\/www.editorialjuventud.es\\\/\"},{\"@type\":\"ListItem\",\"position\":2,\"name\":\"cat\u00e1logo\",\"item\":\"https:\\\/\\\/www.editorialjuventud.es\\\/coleccion\\\/catalogo\\\/\"},{\"@type\":\"ListItem\",\"position\":3,\"name\":\"castellano\",\"item\":\"https:\\\/\\\/www.editorialjuventud.es\\\/coleccion\\\/castellano\\\/\"},{\"@type\":\"ListItem\",\"position\":4,\"name\":\"\u00c1lbumes Ilustrados\",\"item\":\"https:\\\/\\\/www.editorialjuventud.es\\\/coleccion\\\/albumes-ilustrados\\\/\"},{\"@type\":\"ListItem\",\"position\":5,\"name\":\"Crecer en Valores\",\"item\":\"https:\\\/\\\/www.editorialjuventud.es\\\/coleccion\\\/crecer-en-valores\\\/\"},{\"@type\":\"ListItem\",\"position\":6,\"name\":\"Buenas noches, Cangrejo\"}]},{\"@type\":\"WebSite\",\"@id\":\"https:\\\/\\\/www.editorialjuventud.es\\\/#website\",\"url\":\"https:\\\/\\\/www.editorialjuventud.es\\\/\",\"name\":\"Editorial Juventud\",\"description\":\"\",\"potentialAction\":[{\"@type\":\"SearchAction\",\"target\":{\"@type\":\"EntryPoint\",\"urlTemplate\":\"https:\\\/\\\/www.editorialjuventud.es\\\/?s={search_term_string}\"},\"query-input\":{\"@type\":\"PropertyValueSpecification\",\"valueRequired\":true,\"valueName\":\"search_term_string\"}}],\"inLanguage\":\"ca\"}]}<\/script>\n<!-- \/ Yoast SEO plugin. -->","yoast_head_json":{"title":"Buenas noches, Cangrejo - Editorial Juventud","description":"Pez y Cangrejo son muy buenos amigos y siempre est\u00e1n ah\u00ed el uno para el otro. Cuando llega la hora de acostarse, Cangrejo est\u00e1 listo para dormir, pero Pez","robots":{"index":"index","follow":"follow","max-snippet":"max-snippet:-1","max-image-preview":"max-image-preview:large","max-video-preview":"max-video-preview:-1"},"canonical":"https:\/\/www.editorialjuventud.es\/buenas-noches-cangrejo-9788426148476\/","og_locale":"ca_ES","og_type":"article","og_title":"Buenas noches, Cangrejo - Editorial Juventud","og_description":"Pez y Cangrejo son muy buenos amigos y siempre est\u00e1n ah\u00ed el uno para el otro. Cuando llega la hora de acostarse, Cangrejo est\u00e1 listo para dormir, pero Pez","og_url":"https:\/\/www.editorialjuventud.es\/buenas-noches-cangrejo-9788426148476\/","og_site_name":"Editorial Juventud","article_modified_time":"2025-02-20T11:05:57+00:00","og_image":[{"width":500,"height":512,"url":"https:\/\/www.editorialjuventud.es\/wp-content\/uploads\/9788426148476.jpg","type":"image\/jpeg"}],"twitter_card":"summary_large_image","twitter_misc":{"Temps estimat de lectura":"1 minut"},"schema":{"@context":"https:\/\/schema.org","@graph":[{"@type":"WebPage","@id":"https:\/\/www.editorialjuventud.es\/buenas-noches-cangrejo-9788426148476\/","url":"https:\/\/www.editorialjuventud.es\/buenas-noches-cangrejo-9788426148476\/","name":"Buenas noches, Cangrejo - Editorial Juventud","isPartOf":{"@id":"https:\/\/www.editorialjuventud.es\/#website"},"primaryImageOfPage":{"@id":"https:\/\/www.editorialjuventud.es\/buenas-noches-cangrejo-9788426148476\/#primaryimage"},"image":{"@id":"https:\/\/www.editorialjuventud.es\/buenas-noches-cangrejo-9788426148476\/#primaryimage"},"thumbnailUrl":"https:\/\/www.editorialjuventud.es\/wp-content\/uploads\/9788426148476.jpg","datePublished":"2023-09-26T08:49:52+00:00","dateModified":"2025-02-20T11:05:57+00:00","description":"Pez y Cangrejo son muy buenos amigos y siempre est\u00e1n ah\u00ed el uno para el otro. Cuando llega la hora de acostarse, Cangrejo est\u00e1 listo para dormir, pero Pez","breadcrumb":{"@id":"https:\/\/www.editorialjuventud.es\/buenas-noches-cangrejo-9788426148476\/#breadcrumb"},"inLanguage":"ca","potentialAction":[{"@type":"ReadAction","target":["https:\/\/www.editorialjuventud.es\/buenas-noches-cangrejo-9788426148476\/"]}]},{"@type":"ImageObject","inLanguage":"ca","@id":"https:\/\/www.editorialjuventud.es\/buenas-noches-cangrejo-9788426148476\/#primaryimage","url":"https:\/\/www.editorialjuventud.es\/wp-content\/uploads\/9788426148476.jpg","contentUrl":"https:\/\/www.editorialjuventud.es\/wp-content\/uploads\/9788426148476.jpg","width":500,"height":512,"caption":"9788426148476.jpg"},{"@type":"BreadcrumbList","@id":"https:\/\/www.editorialjuventud.es\/buenas-noches-cangrejo-9788426148476\/#breadcrumb","itemListElement":[{"@type":"ListItem","position":1,"name":"Portada","item":"https:\/\/www.editorialjuventud.es\/"},{"@type":"ListItem","position":2,"name":"cat\u00e1logo","item":"https:\/\/www.editorialjuventud.es\/coleccion\/catalogo\/"},{"@type":"ListItem","position":3,"name":"castellano","item":"https:\/\/www.editorialjuventud.es\/coleccion\/castellano\/"},{"@type":"ListItem","position":4,"name":"\u00c1lbumes Ilustrados","item":"https:\/\/www.editorialjuventud.es\/coleccion\/albumes-ilustrados\/"},{"@type":"ListItem","position":5,"name":"Crecer en Valores","item":"https:\/\/www.editorialjuventud.es\/coleccion\/crecer-en-valores\/"},{"@type":"ListItem","position":6,"name":"Buenas noches, Cangrejo"}]},{"@type":"WebSite","@id":"https:\/\/www.editorialjuventud.es\/#website","url":"https:\/\/www.editorialjuventud.es\/","name":"Editorial Juventud","description":"","potentialAction":[{"@type":"SearchAction","target":{"@type":"EntryPoint","urlTemplate":"https:\/\/www.editorialjuventud.es\/?s={search_term_string}"},"query-input":{"@type":"PropertyValueSpecification","valueRequired":true,"valueName":"search_term_string"}}],"inLanguage":"ca"}]}},"_links":{"self":[{"href":"https:\/\/www.editorialjuventud.es\/ca\/wp-json\/wp\/v2\/product\/76935","targetHints":{"allow":["GET"]}}],"collection":[{"href":"https:\/\/www.editorialjuventud.es\/ca\/wp-json\/wp\/v2\/product"}],"about":[{"href":"https:\/\/www.editorialjuventud.es\/ca\/wp-json\/wp\/v2\/types\/product"}],"wp:featuredmedia":[{"embeddable":true,"href":"https:\/\/www.editorialjuventud.es\/ca\/wp-json\/wp\/v2\/media\/76936"}],"wp:attachment":[{"href":"https:\/\/www.editorialjuventud.es\/ca\/wp-json\/wp\/v2\/media?parent=76935"}],"wp:term":[{"taxonomy":"product_brand","embeddable":true,"href":"https:\/\/www.editorialjuventud.es\/ca\/wp-json\/wp\/v2\/product_brand?post=76935"},{"taxonomy":"product_cat","embeddable":true,"href":"https:\/\/www.editorialjuventud.es\/ca\/wp-json\/wp\/v2\/product_cat?post=76935"},{"taxonomy":"product_tag","embeddable":true,"href":"https:\/\/www.editorialjuventud.es\/ca\/wp-json\/wp\/v2\/product_tag?post=76935"},{"taxonomy":"coleccion","embeddable":true,"href":"https:\/\/www.editorialjuventud.es\/ca\/wp-json\/wp\/v2\/coleccion?post=76935"}],"curies":[{"name":"wp","href":"https:\/\/api.w.org\/{rel}","templated":true}]}}