{"id":76692,"date":"2023-07-28T11:30:10","date_gmt":"2023-07-28T09:30:10","guid":{"rendered":"https:\/\/www.editorialjuventud.es\/un-narvalloween-de-por-9788426148544\/"},"modified":"2025-01-31T10:56:19","modified_gmt":"2025-01-31T09:56:19","slug":"un-narvalloween-de-por-9788426148544","status":"publish","type":"product","link":"https:\/\/www.editorialjuventud.es\/ca\/un-narvalloween-de-por-9788426148544\/","title":{"rendered":"Un Narvalloween de por"},"content":{"rendered":"<p>Ha arribat una de les festes que m\u00e9s li agraden a en Narval: Halloween. Hi ha tantes disfresses possibles: platagat, panotxacorn&#8230; totes elles narval\u00e0stiques! A la Medu, en canvi, aix\u00f2 de Halloween l&#8217;espanta i prefereix amagar-se a esperar que passi. Per\u00f2 quan un monstre mar\u00ed es cruspeix a en Narval, podr\u00e0 la Medu reunir a la supercolla i armar-se de coratge per salvar el seu millor amic?<\/p>\n<p>Una nova aventura d&#8217;aquesta parella aqu\u00e0tica. Tan divertida i narval\u00e0stica com sempre, i amb una missi\u00f3 clara i determinant: que t&#8217;ho passis de por! <\/p>\n","protected":false},"excerpt":{"rendered":"Ha arribat una de les festes que m\u00e9s li agraden a en Narval: Halloween. Hi ha tantes disfresses possibles: platagat, panotxacorn&#8230; totes elles narval\u00e0stiques! A la Medu, en canvi, aix\u00f2 de Halloween l&#8217;espanta i prefereix amagar-se a esperar que passi. [&hellip;]","protected":false},"featured_media":76693,"template":"","meta":{"_acf_changed":false,"_exactmetrics_skip_tracking":false,"_exactmetrics_sitenote_active":false,"_exactmetrics_sitenote_note":"","_exactmetrics_sitenote_category":0},"product_brand":[],"product_cat":[900,1138,1142,1127,892,1115,1184,1193,1196,893,1128,910],"product_tag":[],"coleccion":[915,922,977],"class_list":{"0":"post-76692","1":"product","2":"type-product","3":"status-publish","4":"has-post-thumbnail","6":"product_cat-a-partir-de-5-anos","7":"product_cat-animales","8":"product_cat-aventura","9":"product_cat-comic","10":"product_cat-edades","11":"product_cat-generos","12":"product_cat-humor","13":"product_cat-mar-oceano","14":"product_cat-miedo-valentia","15":"product_cat-novedades","16":"product_cat-tematica","17":"product_cat-ultimas-novedades","18":"coleccion-catala","19":"coleccion-joventut-comic","20":"coleccion-llibres-de-narval-i-medu","22":"first","23":"instock","24":"taxable","25":"shipping-taxable","26":"purchasable","27":"product-type-simple"},"acf":{"indice":"","autor":"Clanton, Ben","codart":"4854","ediciones":"2","encuadernacion":"Carton\u00e9","fecha_de_publicacion":"01\/09\/2023","fecha_de_reimpresion":"01\/10\/2024","novedad":"0","paginas":"76","subtitulo":"","texto_web_adicional":"","autores-libros":[16284],"ilustradores-libros":"","texto_web_novedad":"","orden":"999","portada":"0","texto_web_resaltado":"","traductores-libros":[17378],"descripcion_corta":"","recomendamos":"","mas_vendido":"","idioma-libro":"","color":false,"formato":"","mas_informacion_del_producto":false,"premios":false,"deshabilitar_compra":[],"texto_enlace_cubierta":"","enlace_cubierta":{"ID":76732,"id":76732,"title":"cover NARVALLOWEEN DE MIEDO.indd","filename":"NARVALLOWEEN_CAT.jpg","filesize":703779,"url":"https:\/\/www.editorialjuventud.es\/wp-content\/uploads\/NARVALLOWEEN_CAT.jpg","link":"https:\/\/www.editorialjuventud.es\/ca\/?attachment_id=76732","alt":"","author":"50","description":"","caption":"","name":"cover-narvalloween-de-miedo-indd-4","status":"inherit","uploaded_to":76692,"date":"2023-07-31 18:45:29","modified":"2023-07-31 18:45:29","menu_order":0,"mime_type":"image\/jpeg","type":"image","subtype":"jpeg","icon":"https:\/\/www.editorialjuventud.es\/wp-includes\/images\/media\/default.png","width":1874,"height":2545,"sizes":{"thumbnail":"https:\/\/www.editorialjuventud.es\/wp-content\/uploads\/NARVALLOWEEN_CAT-200x200.jpg","thumbnail-width":200,"thumbnail-height":200,"medium":"https:\/\/www.editorialjuventud.es\/wp-content\/uploads\/NARVALLOWEEN_CAT.jpg","medium-width":1874,"medium-height":2545,"medium_large":"https:\/\/www.editorialjuventud.es\/wp-content\/uploads\/NARVALLOWEEN_CAT-768x1043.jpg","medium_large-width":768,"medium_large-height":1043,"large":"https:\/\/www.editorialjuventud.es\/wp-content\/uploads\/NARVALLOWEEN_CAT.jpg","large-width":1874,"large-height":2545,"1536x1536":"https:\/\/www.editorialjuventud.es\/wp-content\/uploads\/NARVALLOWEEN_CAT-1131x1536.jpg","1536x1536-width":1131,"1536x1536-height":1536,"2048x2048":"https:\/\/www.editorialjuventud.es\/wp-content\/uploads\/NARVALLOWEEN_CAT-1508x2048.jpg","2048x2048-width":1508,"2048x2048-height":2048,"woocommerce_thumbnail":"https:\/\/www.editorialjuventud.es\/wp-content\/uploads\/NARVALLOWEEN_CAT-350x475.jpg","woocommerce_thumbnail-width":350,"woocommerce_thumbnail-height":475,"woocommerce_single":"https:\/\/www.editorialjuventud.es\/wp-content\/uploads\/NARVALLOWEEN_CAT-900x1222.jpg","woocommerce_single-width":900,"woocommerce_single-height":1222,"woocommerce_gallery_thumbnail":"https:\/\/www.editorialjuventud.es\/wp-content\/uploads\/NARVALLOWEEN_CAT-100x100.jpg","woocommerce_gallery_thumbnail-width":100,"woocommerce_gallery_thumbnail-height":100,"ppec_logo_image_size":"https:\/\/www.editorialjuventud.es\/wp-content\/uploads\/NARVALLOWEEN_CAT-44x60.jpg","ppec_logo_image_size-width":44,"ppec_logo_image_size-height":60,"ppec_header_image_size":"https:\/\/www.editorialjuventud.es\/wp-content\/uploads\/NARVALLOWEEN_CAT-66x90.jpg","ppec_header_image_size-width":66,"ppec_header_image_size-height":90}},"texto_enlace_ficha_tecnica":"","enlace_ficha_tecnica":{"ID":76734,"id":76734,"title":"NARVALLOWEEN_CAT","filename":"NARVALLOWEEN_CAT.pdf","filesize":496884,"url":"https:\/\/www.editorialjuventud.es\/wp-content\/uploads\/NARVALLOWEEN_CAT.pdf","link":"https:\/\/www.editorialjuventud.es\/ca\/?attachment_id=76734","alt":"","author":"50","description":"","caption":"","name":"narvalloween_cat","status":"inherit","uploaded_to":76692,"date":"2023-08-01 07:22:11","modified":"2023-08-01 07:22:11","menu_order":0,"mime_type":"application\/pdf","type":"application","subtype":"pdf","icon":"https:\/\/www.editorialjuventud.es\/wp-includes\/images\/media\/document.png"},"ficheros":false,"titulo-fr":"","texto-fr":""},"yoast_head":"<!-- This site is optimized with the Yoast SEO plugin v27.5 - https:\/\/yoast.com\/product\/yoast-seo-wordpress\/ -->\n<title>Un Narvalloween de por - Editorial Juventud<\/title>\n<meta name=\"description\" content=\"Ha arribat una de les festes que m\u00e9s li agraden a en Narval: Halloween. Hi ha tantes disfresses possibles: platagat, panotxacorn... totes elles\" \/>\n<meta name=\"robots\" content=\"index, follow, max-snippet:-1, max-image-preview:large, max-video-preview:-1\" \/>\n<link rel=\"canonical\" href=\"https:\/\/www.editorialjuventud.es\/un-narvalloween-de-por-9788426148544\/\" \/>\n<meta property=\"og:locale\" content=\"ca_ES\" \/>\n<meta property=\"og:type\" content=\"article\" \/>\n<meta property=\"og:title\" content=\"Un Narvalloween de por - Editorial Juventud\" \/>\n<meta property=\"og:description\" content=\"Ha arribat una de les festes que m\u00e9s li agraden a en Narval: Halloween. Hi ha tantes disfresses possibles: platagat, panotxacorn... totes elles\" \/>\n<meta property=\"og:url\" content=\"https:\/\/www.editorialjuventud.es\/un-narvalloween-de-por-9788426148544\/\" \/>\n<meta property=\"og:site_name\" content=\"Editorial Juventud\" \/>\n<meta property=\"article:modified_time\" content=\"2025-01-31T09:56:19+00:00\" \/>\n<meta property=\"og:image\" content=\"https:\/\/www.editorialjuventud.es\/wp-content\/uploads\/9788426148544.jpg\" \/>\n\t<meta property=\"og:image:width\" content=\"450\" \/>\n\t<meta property=\"og:image:height\" content=\"611\" \/>\n\t<meta property=\"og:image:type\" content=\"image\/jpeg\" \/>\n<meta name=\"twitter:card\" content=\"summary_large_image\" \/>\n<meta name=\"twitter:label1\" content=\"Temps estimat de lectura\" \/>\n\t<meta name=\"twitter:data1\" content=\"1 minut\" \/>\n<script type=\"application\/ld+json\" class=\"yoast-schema-graph\">{\"@context\":\"https:\\\/\\\/schema.org\",\"@graph\":[{\"@type\":\"WebPage\",\"@id\":\"https:\\\/\\\/www.editorialjuventud.es\\\/un-narvalloween-de-por-9788426148544\\\/\",\"url\":\"https:\\\/\\\/www.editorialjuventud.es\\\/un-narvalloween-de-por-9788426148544\\\/\",\"name\":\"Un Narvalloween de por - Editorial Juventud\",\"isPartOf\":{\"@id\":\"https:\\\/\\\/www.editorialjuventud.es\\\/#website\"},\"primaryImageOfPage\":{\"@id\":\"https:\\\/\\\/www.editorialjuventud.es\\\/un-narvalloween-de-por-9788426148544\\\/#primaryimage\"},\"image\":{\"@id\":\"https:\\\/\\\/www.editorialjuventud.es\\\/un-narvalloween-de-por-9788426148544\\\/#primaryimage\"},\"thumbnailUrl\":\"https:\\\/\\\/www.editorialjuventud.es\\\/wp-content\\\/uploads\\\/9788426148544.jpg\",\"datePublished\":\"2023-07-28T09:30:10+00:00\",\"dateModified\":\"2025-01-31T09:56:19+00:00\",\"description\":\"Ha arribat una de les festes que m\u00e9s li agraden a en Narval: Halloween. Hi ha tantes disfresses possibles: platagat, panotxacorn... totes elles\",\"breadcrumb\":{\"@id\":\"https:\\\/\\\/www.editorialjuventud.es\\\/un-narvalloween-de-por-9788426148544\\\/#breadcrumb\"},\"inLanguage\":\"ca\",\"potentialAction\":[{\"@type\":\"ReadAction\",\"target\":[\"https:\\\/\\\/www.editorialjuventud.es\\\/un-narvalloween-de-por-9788426148544\\\/\"]}]},{\"@type\":\"ImageObject\",\"inLanguage\":\"ca\",\"@id\":\"https:\\\/\\\/www.editorialjuventud.es\\\/un-narvalloween-de-por-9788426148544\\\/#primaryimage\",\"url\":\"https:\\\/\\\/www.editorialjuventud.es\\\/wp-content\\\/uploads\\\/9788426148544.jpg\",\"contentUrl\":\"https:\\\/\\\/www.editorialjuventud.es\\\/wp-content\\\/uploads\\\/9788426148544.jpg\",\"width\":450,\"height\":611,\"caption\":\"9788426148544.jpg\"},{\"@type\":\"BreadcrumbList\",\"@id\":\"https:\\\/\\\/www.editorialjuventud.es\\\/un-narvalloween-de-por-9788426148544\\\/#breadcrumb\",\"itemListElement\":[{\"@type\":\"ListItem\",\"position\":1,\"name\":\"Portada\",\"item\":\"https:\\\/\\\/www.editorialjuventud.es\\\/\"},{\"@type\":\"ListItem\",\"position\":2,\"name\":\"cat\u00e1logo\",\"item\":\"https:\\\/\\\/www.editorialjuventud.es\\\/coleccion\\\/catalogo\\\/\"},{\"@type\":\"ListItem\",\"position\":3,\"name\":\"catal\u00e0\",\"item\":\"https:\\\/\\\/www.editorialjuventud.es\\\/coleccion\\\/catala\\\/\"},{\"@type\":\"ListItem\",\"position\":4,\"name\":\"Joventut C\u00f2mic\",\"item\":\"https:\\\/\\\/www.editorialjuventud.es\\\/ca\\\/coleccion\\\/joventut-comic\\\/\"},{\"@type\":\"ListItem\",\"position\":5,\"name\":\"Llibres de Narval i Medu\",\"item\":\"https:\\\/\\\/www.editorialjuventud.es\\\/ca\\\/coleccion\\\/llibres-de-narval-i-medu\\\/\"},{\"@type\":\"ListItem\",\"position\":6,\"name\":\"Un Narvalloween de por\"}]},{\"@type\":\"WebSite\",\"@id\":\"https:\\\/\\\/www.editorialjuventud.es\\\/#website\",\"url\":\"https:\\\/\\\/www.editorialjuventud.es\\\/\",\"name\":\"Editorial Juventud\",\"description\":\"\",\"potentialAction\":[{\"@type\":\"SearchAction\",\"target\":{\"@type\":\"EntryPoint\",\"urlTemplate\":\"https:\\\/\\\/www.editorialjuventud.es\\\/?s={search_term_string}\"},\"query-input\":{\"@type\":\"PropertyValueSpecification\",\"valueRequired\":true,\"valueName\":\"search_term_string\"}}],\"inLanguage\":\"ca\"}]}<\/script>\n<!-- \/ Yoast SEO plugin. -->","yoast_head_json":{"title":"Un Narvalloween de por - Editorial Juventud","description":"Ha arribat una de les festes que m\u00e9s li agraden a en Narval: Halloween. Hi ha tantes disfresses possibles: platagat, panotxacorn... totes elles","robots":{"index":"index","follow":"follow","max-snippet":"max-snippet:-1","max-image-preview":"max-image-preview:large","max-video-preview":"max-video-preview:-1"},"canonical":"https:\/\/www.editorialjuventud.es\/un-narvalloween-de-por-9788426148544\/","og_locale":"ca_ES","og_type":"article","og_title":"Un Narvalloween de por - Editorial Juventud","og_description":"Ha arribat una de les festes que m\u00e9s li agraden a en Narval: Halloween. Hi ha tantes disfresses possibles: platagat, panotxacorn... totes elles","og_url":"https:\/\/www.editorialjuventud.es\/un-narvalloween-de-por-9788426148544\/","og_site_name":"Editorial Juventud","article_modified_time":"2025-01-31T09:56:19+00:00","og_image":[{"width":450,"height":611,"url":"https:\/\/www.editorialjuventud.es\/wp-content\/uploads\/9788426148544.jpg","type":"image\/jpeg"}],"twitter_card":"summary_large_image","twitter_misc":{"Temps estimat de lectura":"1 minut"},"schema":{"@context":"https:\/\/schema.org","@graph":[{"@type":"WebPage","@id":"https:\/\/www.editorialjuventud.es\/un-narvalloween-de-por-9788426148544\/","url":"https:\/\/www.editorialjuventud.es\/un-narvalloween-de-por-9788426148544\/","name":"Un Narvalloween de por - Editorial Juventud","isPartOf":{"@id":"https:\/\/www.editorialjuventud.es\/#website"},"primaryImageOfPage":{"@id":"https:\/\/www.editorialjuventud.es\/un-narvalloween-de-por-9788426148544\/#primaryimage"},"image":{"@id":"https:\/\/www.editorialjuventud.es\/un-narvalloween-de-por-9788426148544\/#primaryimage"},"thumbnailUrl":"https:\/\/www.editorialjuventud.es\/wp-content\/uploads\/9788426148544.jpg","datePublished":"2023-07-28T09:30:10+00:00","dateModified":"2025-01-31T09:56:19+00:00","description":"Ha arribat una de les festes que m\u00e9s li agraden a en Narval: Halloween. Hi ha tantes disfresses possibles: platagat, panotxacorn... totes elles","breadcrumb":{"@id":"https:\/\/www.editorialjuventud.es\/un-narvalloween-de-por-9788426148544\/#breadcrumb"},"inLanguage":"ca","potentialAction":[{"@type":"ReadAction","target":["https:\/\/www.editorialjuventud.es\/un-narvalloween-de-por-9788426148544\/"]}]},{"@type":"ImageObject","inLanguage":"ca","@id":"https:\/\/www.editorialjuventud.es\/un-narvalloween-de-por-9788426148544\/#primaryimage","url":"https:\/\/www.editorialjuventud.es\/wp-content\/uploads\/9788426148544.jpg","contentUrl":"https:\/\/www.editorialjuventud.es\/wp-content\/uploads\/9788426148544.jpg","width":450,"height":611,"caption":"9788426148544.jpg"},{"@type":"BreadcrumbList","@id":"https:\/\/www.editorialjuventud.es\/un-narvalloween-de-por-9788426148544\/#breadcrumb","itemListElement":[{"@type":"ListItem","position":1,"name":"Portada","item":"https:\/\/www.editorialjuventud.es\/"},{"@type":"ListItem","position":2,"name":"cat\u00e1logo","item":"https:\/\/www.editorialjuventud.es\/coleccion\/catalogo\/"},{"@type":"ListItem","position":3,"name":"catal\u00e0","item":"https:\/\/www.editorialjuventud.es\/coleccion\/catala\/"},{"@type":"ListItem","position":4,"name":"Joventut C\u00f2mic","item":"https:\/\/www.editorialjuventud.es\/ca\/coleccion\/joventut-comic\/"},{"@type":"ListItem","position":5,"name":"Llibres de Narval i Medu","item":"https:\/\/www.editorialjuventud.es\/ca\/coleccion\/llibres-de-narval-i-medu\/"},{"@type":"ListItem","position":6,"name":"Un Narvalloween de por"}]},{"@type":"WebSite","@id":"https:\/\/www.editorialjuventud.es\/#website","url":"https:\/\/www.editorialjuventud.es\/","name":"Editorial Juventud","description":"","potentialAction":[{"@type":"SearchAction","target":{"@type":"EntryPoint","urlTemplate":"https:\/\/www.editorialjuventud.es\/?s={search_term_string}"},"query-input":{"@type":"PropertyValueSpecification","valueRequired":true,"valueName":"search_term_string"}}],"inLanguage":"ca"}]}},"_links":{"self":[{"href":"https:\/\/www.editorialjuventud.es\/ca\/wp-json\/wp\/v2\/product\/76692","targetHints":{"allow":["GET"]}}],"collection":[{"href":"https:\/\/www.editorialjuventud.es\/ca\/wp-json\/wp\/v2\/product"}],"about":[{"href":"https:\/\/www.editorialjuventud.es\/ca\/wp-json\/wp\/v2\/types\/product"}],"wp:featuredmedia":[{"embeddable":true,"href":"https:\/\/www.editorialjuventud.es\/ca\/wp-json\/wp\/v2\/media\/76693"}],"wp:attachment":[{"href":"https:\/\/www.editorialjuventud.es\/ca\/wp-json\/wp\/v2\/media?parent=76692"}],"wp:term":[{"taxonomy":"product_brand","embeddable":true,"href":"https:\/\/www.editorialjuventud.es\/ca\/wp-json\/wp\/v2\/product_brand?post=76692"},{"taxonomy":"product_cat","embeddable":true,"href":"https:\/\/www.editorialjuventud.es\/ca\/wp-json\/wp\/v2\/product_cat?post=76692"},{"taxonomy":"product_tag","embeddable":true,"href":"https:\/\/www.editorialjuventud.es\/ca\/wp-json\/wp\/v2\/product_tag?post=76692"},{"taxonomy":"coleccion","embeddable":true,"href":"https:\/\/www.editorialjuventud.es\/ca\/wp-json\/wp\/v2\/coleccion?post=76692"}],"curies":[{"name":"wp","href":"https:\/\/api.w.org\/{rel}","templated":true}]}}