{"id":76328,"date":"2023-05-31T11:11:19","date_gmt":"2023-05-31T09:11:19","guid":{"rendered":"https:\/\/www.editorialjuventud.es\/tuneles-9788426148414\/"},"modified":"2025-09-22T07:45:06","modified_gmt":"2025-09-22T05:45:06","slug":"tuneles-9788426148414","status":"publish","type":"product","link":"https:\/\/www.editorialjuventud.es\/ca\/tuneles-9788426148414\/","title":{"rendered":"T\u00faneles"},"content":{"rendered":"<p>\u00bfSab\u00edas que bajo la Casa Blanca hay un t\u00fanel secreto? \u00bfY que los sovi\u00e9ticos construyeron un t\u00fanel para intentar llegar al n\u00facleo de la Tierra, y que todav\u00eda hoy es el m\u00e1s profundo jam\u00e1s excavado?<\/p>\n<p>Desde la antig\u00fcedad, la humanidad ha cavado t\u00faneles para sortear obst\u00e1culos o distancias. En cuevas, en las monta\u00f1as, bajo las grandes ciudades&#8230; Con este original \u00e1lbum nos adentraremos en los t\u00faneles m\u00e1s sorprendentes que han existido a trav\u00e9s de la historia.<\/p>\n<p>Descubre los t\u00faneles m\u00e1s fascinantes que se han realizado, desde las primeras galer\u00edas de la prehistoria hasta el Gran Colisionador de Hadrones, pasando por la red de metro m\u00e1s grande del mundo y otros prodigios de la construcci\u00f3n.<\/p>\n","protected":false},"excerpt":{"rendered":"\u00bfSab\u00edas que bajo la Casa Blanca hay un t\u00fanel secreto? \u00bfY que los sovi\u00e9ticos construyeron un t\u00fanel para intentar llegar al n\u00facleo de la Tierra, y que todav\u00eda hoy es el m\u00e1s profundo jam\u00e1s excavado? Desde la antig\u00fcedad, la humanidad [&hellip;]","protected":false},"featured_media":76329,"template":"","meta":{"_acf_changed":false,"_exactmetrics_skip_tracking":false,"_exactmetrics_sitenote_active":false,"_exactmetrics_sitenote_note":"","_exactmetrics_sitenote_category":0},"product_brand":[],"product_cat":[903,1121,1139,892,1177,1115,1178,1183,893,1293,1128,1227],"product_tag":[],"coleccion":[928,916,987],"class_list":{"0":"post-76328","1":"product","2":"type-product","3":"status-publish","4":"has-post-thumbnail","6":"product_cat-a-partir-de-8-anos","7":"product_cat-albumes-ilustrados","8":"product_cat-arquitectura","9":"product_cat-edades","10":"product_cat-funcionamiento-de-las-cosas","11":"product_cat-generos","12":"product_cat-geografia","13":"product_cat-historia","14":"product_cat-novedades","15":"product_cat-tecnologia","16":"product_cat-tematica","17":"product_cat-transportes","18":"coleccion-albumes-ilustrados","19":"coleccion-castellano","20":"coleccion-conocer-y-comprender","22":"first","23":"instock","24":"taxable","25":"shipping-taxable","26":"purchasable","27":"product-type-simple"},"acf":{"indice":"","autor":"S\u00e1nchez, Kiko","codart":"4841","ediciones":"1","encuadernacion":"Carton\u00e9","fecha_de_publicacion":"01\/06\/2023","fecha_de_reimpresion":"","novedad":"0","paginas":"48","subtitulo":"Construcciones incre\u00edbles de aqu\u00ed y de all\u00e1.","texto_web_adicional":"","autores-libros":[76320],"ilustradores-libros":"","texto_web_novedad":"","orden":"999","portada":"0","texto_web_resaltado":"","traductores-libros":"","descripcion_corta":"","recomendamos":"","mas_vendido":"","idioma-libro":"","color":false,"formato":"","mas_informacion_del_producto":false,"premios":false,"deshabilitar_compra":[],"texto_enlace_cubierta":"","enlace_cubierta":{"ID":76443,"id":76443,"title":"DEF_ EJ_tuneles_TAPAS (CASTELLANO y CATALAN).indd","filename":"TUNELES_Cover_CAST-scaled.jpg","filesize":2055580,"url":"https:\/\/www.editorialjuventud.es\/wp-content\/uploads\/TUNELES_Cover_CAST-scaled.jpg","link":"https:\/\/www.editorialjuventud.es\/ca\/?attachment_id=76443","alt":"","author":"50","description":"","caption":"","name":"def_-ej_tuneles_tapas-castellano-y-catalan-indd-3","status":"inherit","uploaded_to":76328,"date":"2023-06-12 13:42:39","modified":"2023-06-12 13:42:39","menu_order":0,"mime_type":"image\/jpeg","type":"image","subtype":"jpeg","icon":"https:\/\/www.editorialjuventud.es\/wp-includes\/images\/media\/default.png","width":1741,"height":2560,"sizes":{"thumbnail":"https:\/\/www.editorialjuventud.es\/wp-content\/uploads\/TUNELES_Cover_CAST-200x200.jpg","thumbnail-width":200,"thumbnail-height":200,"medium":"https:\/\/www.editorialjuventud.es\/wp-content\/uploads\/TUNELES_Cover_CAST-scaled.jpg","medium-width":1741,"medium-height":2560,"medium_large":"https:\/\/www.editorialjuventud.es\/wp-content\/uploads\/TUNELES_Cover_CAST-768x1129.jpg","medium_large-width":768,"medium_large-height":1129,"large":"https:\/\/www.editorialjuventud.es\/wp-content\/uploads\/TUNELES_Cover_CAST-scaled.jpg","large-width":1741,"large-height":2560,"1536x1536":"https:\/\/www.editorialjuventud.es\/wp-content\/uploads\/TUNELES_Cover_CAST-1045x1536.jpg","1536x1536-width":1045,"1536x1536-height":1536,"2048x2048":"https:\/\/www.editorialjuventud.es\/wp-content\/uploads\/TUNELES_Cover_CAST-1393x2048.jpg","2048x2048-width":1393,"2048x2048-height":2048,"woocommerce_thumbnail":"https:\/\/www.editorialjuventud.es\/wp-content\/uploads\/TUNELES_Cover_CAST-350x515.jpg","woocommerce_thumbnail-width":350,"woocommerce_thumbnail-height":515,"woocommerce_single":"https:\/\/www.editorialjuventud.es\/wp-content\/uploads\/TUNELES_Cover_CAST-900x1323.jpg","woocommerce_single-width":900,"woocommerce_single-height":1323,"woocommerce_gallery_thumbnail":"https:\/\/www.editorialjuventud.es\/wp-content\/uploads\/TUNELES_Cover_CAST-100x100.jpg","woocommerce_gallery_thumbnail-width":100,"woocommerce_gallery_thumbnail-height":100,"ppec_logo_image_size":"https:\/\/www.editorialjuventud.es\/wp-content\/uploads\/TUNELES_Cover_CAST-41x60.jpg","ppec_logo_image_size-width":41,"ppec_logo_image_size-height":60,"ppec_header_image_size":"https:\/\/www.editorialjuventud.es\/wp-content\/uploads\/TUNELES_Cover_CAST-61x90.jpg","ppec_header_image_size-width":61,"ppec_header_image_size-height":90}},"texto_enlace_ficha_tecnica":"","enlace_ficha_tecnica":{"ID":76445,"id":76445,"title":"Tuneles_CAST","filename":"Tuneles_CAST.pdf","filesize":608275,"url":"https:\/\/www.editorialjuventud.es\/wp-content\/uploads\/Tuneles_CAST.pdf","link":"https:\/\/www.editorialjuventud.es\/ca\/?attachment_id=76445","alt":"","author":"50","description":"","caption":"","name":"tuneles_cast","status":"inherit","uploaded_to":76328,"date":"2023-06-12 13:43:08","modified":"2023-06-12 13:43:08","menu_order":0,"mime_type":"application\/pdf","type":"application","subtype":"pdf","icon":"https:\/\/www.editorialjuventud.es\/wp-includes\/images\/media\/document.png"},"ficheros":false,"titulo-fr":"Tunnels","texto-fr":"<p>Since ancient times, humanity has dug tunnels to overcome obstacles or distances. In caves, in the mountains, under the big cities&#8230; With this original picture book, we will enter the most amazing tunnels throughout history.<\/p>\n<p><span style=\"color: #008080;\"><em>\u203a Rights sold: French, Korean, Chinese (simplified), and German<\/em><\/span><\/p>\n<p>For inquiries, contact:<\/p>\n<p>AGENCIA TORMENTA: <a href=\"mailto:pablo.reyna@tormentalibros.com\">pablo.reyna@tormentalibros.com<\/a><\/p>\n<p>&nbsp;<\/p>\n"},"yoast_head":"<!-- This site is optimized with the Yoast SEO plugin v27.3 - https:\/\/yoast.com\/product\/yoast-seo-wordpress\/ -->\n<title>T\u00faneles - Editorial Juventud<\/title>\n<meta name=\"description\" content=\"\u00bfSab\u00edas que bajo la Casa Blanca hay un t\u00fanel secreto? \u00bfY que los sovi\u00e9ticos construyeron un t\u00fanel para intentar llegar al n\u00facleo de la Tierra, y que\" \/>\n<meta name=\"robots\" content=\"index, follow, max-snippet:-1, max-image-preview:large, max-video-preview:-1\" \/>\n<link rel=\"canonical\" href=\"https:\/\/www.editorialjuventud.es\/tuneles-9788426148414\/\" \/>\n<meta property=\"og:locale\" content=\"ca_ES\" \/>\n<meta property=\"og:type\" content=\"article\" \/>\n<meta property=\"og:title\" content=\"T\u00faneles - Editorial Juventud\" \/>\n<meta property=\"og:description\" content=\"\u00bfSab\u00edas que bajo la Casa Blanca hay un t\u00fanel secreto? \u00bfY que los sovi\u00e9ticos construyeron un t\u00fanel para intentar llegar al n\u00facleo de la Tierra, y que\" \/>\n<meta property=\"og:url\" content=\"https:\/\/www.editorialjuventud.es\/tuneles-9788426148414\/\" \/>\n<meta property=\"og:site_name\" content=\"Editorial Juventud\" \/>\n<meta property=\"article:modified_time\" content=\"2025-09-22T05:45:06+00:00\" \/>\n<meta property=\"og:image\" content=\"https:\/\/www.editorialjuventud.es\/wp-content\/uploads\/9788426148414.jpg\" \/>\n\t<meta property=\"og:image:width\" content=\"665\" \/>\n\t<meta property=\"og:image:height\" content=\"978\" \/>\n\t<meta property=\"og:image:type\" content=\"image\/jpeg\" \/>\n<meta name=\"twitter:card\" content=\"summary_large_image\" \/>\n<meta name=\"twitter:label1\" content=\"Temps estimat de lectura\" \/>\n\t<meta name=\"twitter:data1\" content=\"1 minut\" \/>\n<script type=\"application\/ld+json\" class=\"yoast-schema-graph\">{\"@context\":\"https:\\\/\\\/schema.org\",\"@graph\":[{\"@type\":\"WebPage\",\"@id\":\"https:\\\/\\\/www.editorialjuventud.es\\\/tuneles-9788426148414\\\/\",\"url\":\"https:\\\/\\\/www.editorialjuventud.es\\\/tuneles-9788426148414\\\/\",\"name\":\"T\u00faneles - Editorial Juventud\",\"isPartOf\":{\"@id\":\"https:\\\/\\\/www.editorialjuventud.es\\\/#website\"},\"primaryImageOfPage\":{\"@id\":\"https:\\\/\\\/www.editorialjuventud.es\\\/tuneles-9788426148414\\\/#primaryimage\"},\"image\":{\"@id\":\"https:\\\/\\\/www.editorialjuventud.es\\\/tuneles-9788426148414\\\/#primaryimage\"},\"thumbnailUrl\":\"https:\\\/\\\/www.editorialjuventud.es\\\/wp-content\\\/uploads\\\/9788426148414.jpg\",\"datePublished\":\"2023-05-31T09:11:19+00:00\",\"dateModified\":\"2025-09-22T05:45:06+00:00\",\"description\":\"\u00bfSab\u00edas que bajo la Casa Blanca hay un t\u00fanel secreto? \u00bfY que los sovi\u00e9ticos construyeron un t\u00fanel para intentar llegar al n\u00facleo de la Tierra, y que\",\"breadcrumb\":{\"@id\":\"https:\\\/\\\/www.editorialjuventud.es\\\/tuneles-9788426148414\\\/#breadcrumb\"},\"inLanguage\":\"ca\",\"potentialAction\":[{\"@type\":\"ReadAction\",\"target\":[\"https:\\\/\\\/www.editorialjuventud.es\\\/tuneles-9788426148414\\\/\"]}]},{\"@type\":\"ImageObject\",\"inLanguage\":\"ca\",\"@id\":\"https:\\\/\\\/www.editorialjuventud.es\\\/tuneles-9788426148414\\\/#primaryimage\",\"url\":\"https:\\\/\\\/www.editorialjuventud.es\\\/wp-content\\\/uploads\\\/9788426148414.jpg\",\"contentUrl\":\"https:\\\/\\\/www.editorialjuventud.es\\\/wp-content\\\/uploads\\\/9788426148414.jpg\",\"width\":665,\"height\":978,\"caption\":\"9788426148414.jpg\"},{\"@type\":\"BreadcrumbList\",\"@id\":\"https:\\\/\\\/www.editorialjuventud.es\\\/tuneles-9788426148414\\\/#breadcrumb\",\"itemListElement\":[{\"@type\":\"ListItem\",\"position\":1,\"name\":\"Portada\",\"item\":\"https:\\\/\\\/www.editorialjuventud.es\\\/\"},{\"@type\":\"ListItem\",\"position\":2,\"name\":\"cat\u00e1logo\",\"item\":\"https:\\\/\\\/www.editorialjuventud.es\\\/coleccion\\\/catalogo\\\/\"},{\"@type\":\"ListItem\",\"position\":3,\"name\":\"castellano\",\"item\":\"https:\\\/\\\/www.editorialjuventud.es\\\/coleccion\\\/castellano\\\/\"},{\"@type\":\"ListItem\",\"position\":4,\"name\":\"\u00c1lbumes Ilustrados\",\"item\":\"https:\\\/\\\/www.editorialjuventud.es\\\/coleccion\\\/albumes-ilustrados\\\/\"},{\"@type\":\"ListItem\",\"position\":5,\"name\":\"Conocer y Comprender\",\"item\":\"https:\\\/\\\/www.editorialjuventud.es\\\/coleccion\\\/conocer-y-comprender\\\/\"},{\"@type\":\"ListItem\",\"position\":6,\"name\":\"T\u00faneles\"}]},{\"@type\":\"WebSite\",\"@id\":\"https:\\\/\\\/www.editorialjuventud.es\\\/#website\",\"url\":\"https:\\\/\\\/www.editorialjuventud.es\\\/\",\"name\":\"Editorial Juventud\",\"description\":\"\",\"potentialAction\":[{\"@type\":\"SearchAction\",\"target\":{\"@type\":\"EntryPoint\",\"urlTemplate\":\"https:\\\/\\\/www.editorialjuventud.es\\\/?s={search_term_string}\"},\"query-input\":{\"@type\":\"PropertyValueSpecification\",\"valueRequired\":true,\"valueName\":\"search_term_string\"}}],\"inLanguage\":\"ca\"}]}<\/script>\n<!-- \/ Yoast SEO plugin. -->","yoast_head_json":{"title":"T\u00faneles - Editorial Juventud","description":"\u00bfSab\u00edas que bajo la Casa Blanca hay un t\u00fanel secreto? \u00bfY que los sovi\u00e9ticos construyeron un t\u00fanel para intentar llegar al n\u00facleo de la Tierra, y que","robots":{"index":"index","follow":"follow","max-snippet":"max-snippet:-1","max-image-preview":"max-image-preview:large","max-video-preview":"max-video-preview:-1"},"canonical":"https:\/\/www.editorialjuventud.es\/tuneles-9788426148414\/","og_locale":"ca_ES","og_type":"article","og_title":"T\u00faneles - Editorial Juventud","og_description":"\u00bfSab\u00edas que bajo la Casa Blanca hay un t\u00fanel secreto? \u00bfY que los sovi\u00e9ticos construyeron un t\u00fanel para intentar llegar al n\u00facleo de la Tierra, y que","og_url":"https:\/\/www.editorialjuventud.es\/tuneles-9788426148414\/","og_site_name":"Editorial Juventud","article_modified_time":"2025-09-22T05:45:06+00:00","og_image":[{"width":665,"height":978,"url":"https:\/\/www.editorialjuventud.es\/wp-content\/uploads\/9788426148414.jpg","type":"image\/jpeg"}],"twitter_card":"summary_large_image","twitter_misc":{"Temps estimat de lectura":"1 minut"},"schema":{"@context":"https:\/\/schema.org","@graph":[{"@type":"WebPage","@id":"https:\/\/www.editorialjuventud.es\/tuneles-9788426148414\/","url":"https:\/\/www.editorialjuventud.es\/tuneles-9788426148414\/","name":"T\u00faneles - Editorial Juventud","isPartOf":{"@id":"https:\/\/www.editorialjuventud.es\/#website"},"primaryImageOfPage":{"@id":"https:\/\/www.editorialjuventud.es\/tuneles-9788426148414\/#primaryimage"},"image":{"@id":"https:\/\/www.editorialjuventud.es\/tuneles-9788426148414\/#primaryimage"},"thumbnailUrl":"https:\/\/www.editorialjuventud.es\/wp-content\/uploads\/9788426148414.jpg","datePublished":"2023-05-31T09:11:19+00:00","dateModified":"2025-09-22T05:45:06+00:00","description":"\u00bfSab\u00edas que bajo la Casa Blanca hay un t\u00fanel secreto? \u00bfY que los sovi\u00e9ticos construyeron un t\u00fanel para intentar llegar al n\u00facleo de la Tierra, y que","breadcrumb":{"@id":"https:\/\/www.editorialjuventud.es\/tuneles-9788426148414\/#breadcrumb"},"inLanguage":"ca","potentialAction":[{"@type":"ReadAction","target":["https:\/\/www.editorialjuventud.es\/tuneles-9788426148414\/"]}]},{"@type":"ImageObject","inLanguage":"ca","@id":"https:\/\/www.editorialjuventud.es\/tuneles-9788426148414\/#primaryimage","url":"https:\/\/www.editorialjuventud.es\/wp-content\/uploads\/9788426148414.jpg","contentUrl":"https:\/\/www.editorialjuventud.es\/wp-content\/uploads\/9788426148414.jpg","width":665,"height":978,"caption":"9788426148414.jpg"},{"@type":"BreadcrumbList","@id":"https:\/\/www.editorialjuventud.es\/tuneles-9788426148414\/#breadcrumb","itemListElement":[{"@type":"ListItem","position":1,"name":"Portada","item":"https:\/\/www.editorialjuventud.es\/"},{"@type":"ListItem","position":2,"name":"cat\u00e1logo","item":"https:\/\/www.editorialjuventud.es\/coleccion\/catalogo\/"},{"@type":"ListItem","position":3,"name":"castellano","item":"https:\/\/www.editorialjuventud.es\/coleccion\/castellano\/"},{"@type":"ListItem","position":4,"name":"\u00c1lbumes Ilustrados","item":"https:\/\/www.editorialjuventud.es\/coleccion\/albumes-ilustrados\/"},{"@type":"ListItem","position":5,"name":"Conocer y Comprender","item":"https:\/\/www.editorialjuventud.es\/coleccion\/conocer-y-comprender\/"},{"@type":"ListItem","position":6,"name":"T\u00faneles"}]},{"@type":"WebSite","@id":"https:\/\/www.editorialjuventud.es\/#website","url":"https:\/\/www.editorialjuventud.es\/","name":"Editorial Juventud","description":"","potentialAction":[{"@type":"SearchAction","target":{"@type":"EntryPoint","urlTemplate":"https:\/\/www.editorialjuventud.es\/?s={search_term_string}"},"query-input":{"@type":"PropertyValueSpecification","valueRequired":true,"valueName":"search_term_string"}}],"inLanguage":"ca"}]}},"_links":{"self":[{"href":"https:\/\/www.editorialjuventud.es\/ca\/wp-json\/wp\/v2\/product\/76328","targetHints":{"allow":["GET"]}}],"collection":[{"href":"https:\/\/www.editorialjuventud.es\/ca\/wp-json\/wp\/v2\/product"}],"about":[{"href":"https:\/\/www.editorialjuventud.es\/ca\/wp-json\/wp\/v2\/types\/product"}],"wp:featuredmedia":[{"embeddable":true,"href":"https:\/\/www.editorialjuventud.es\/ca\/wp-json\/wp\/v2\/media\/76329"}],"wp:attachment":[{"href":"https:\/\/www.editorialjuventud.es\/ca\/wp-json\/wp\/v2\/media?parent=76328"}],"wp:term":[{"taxonomy":"product_brand","embeddable":true,"href":"https:\/\/www.editorialjuventud.es\/ca\/wp-json\/wp\/v2\/product_brand?post=76328"},{"taxonomy":"product_cat","embeddable":true,"href":"https:\/\/www.editorialjuventud.es\/ca\/wp-json\/wp\/v2\/product_cat?post=76328"},{"taxonomy":"product_tag","embeddable":true,"href":"https:\/\/www.editorialjuventud.es\/ca\/wp-json\/wp\/v2\/product_tag?post=76328"},{"taxonomy":"coleccion","embeddable":true,"href":"https:\/\/www.editorialjuventud.es\/ca\/wp-json\/wp\/v2\/coleccion?post=76328"}],"curies":[{"name":"wp","href":"https:\/\/api.w.org\/{rel}","templated":true}]}}