{"id":76325,"date":"2023-05-31T11:11:11","date_gmt":"2023-05-31T09:11:11","guid":{"rendered":"https:\/\/www.editorialjuventud.es\/el-mon-de-max-9788426148131\/"},"modified":"2025-01-22T12:39:14","modified_gmt":"2025-01-22T11:39:14","slug":"el-mon-de-max-9788426148131","status":"publish","type":"product","link":"https:\/\/www.editorialjuventud.es\/ca\/el-mon-de-max-9788426148131\/","title":{"rendered":"El m\u00f3n de Max"},"content":{"rendered":"<p>Max t\u00e9 10 anys, i el que m\u00e9s li agrada s\u00f3n els llibres i els gats. Com Matilda, l&#8217;hero\u00efna del seu llibre preferit, se sent diferent de la resta dels nens, per aix\u00f2 els seus amics s\u00f3n els personatges dels llibres. Un dia descobrir\u00e0 unes menjadores per a gats dissimulades als racons del carrer\u00f3. Intrigada, s&#8217;embarca en una investigaci\u00f3 emocionant que la dur\u00e0 a con\u00e8ixer una persona molt especial.<\/p>\n<p>Una emotiva i tendre hist\u00f2ria sobre com, a vegades, quan obrim el nostre cor, sorgeixen amistats inesperades. L&#8217;\u00e0lbum ideal per als amants dels gats i dels llibres! Una altra fant\u00e0stica obra del premiat il\u00b7lustrador d&#8217;Els estels. <\/p>\n","protected":false},"excerpt":{"rendered":"Max t\u00e9 10 anys, i el que m\u00e9s li agrada s\u00f3n els llibres i els gats. Com Matilda, l&#8217;hero\u00efna del seu llibre preferit, se sent diferent de la resta dels nens, per aix\u00f2 els seus amics s\u00f3n els personatges dels [&hellip;]","protected":false},"featured_media":76326,"template":"","meta":{"_acf_changed":false,"_exactmetrics_skip_tracking":false,"_exactmetrics_sitenote_active":false,"_exactmetrics_sitenote_note":"","_exactmetrics_sitenote_category":0},"product_brand":[],"product_cat":[904,1121,1136,1138,1142,1144,892,1115,893,1128],"product_tag":[],"coleccion":[917,915,955],"class_list":{"0":"post-76325","1":"product","2":"type-product","3":"status-publish","4":"has-post-thumbnail","6":"product_cat-a-partir-de-9-anos","7":"product_cat-albumes-ilustrados","8":"product_cat-amistad","9":"product_cat-animales","10":"product_cat-aventura","11":"product_cat-bibliotecas-libros-sobre-libros","12":"product_cat-edades","13":"product_cat-generos","14":"product_cat-novedades","15":"product_cat-tematica","16":"coleccion-albums-illustrats","17":"coleccion-catala","18":"coleccion-llibres-i-biblioteques","20":"first","21":"instock","22":"taxable","23":"shipping-taxable","24":"purchasable","25":"product-type-simple"},"acf":{"indice":"","autor":"de Peslo\u00fcan, L. \/ Goldstyn, J.","codart":"4813","ediciones":"1","encuadernacion":"Carton\u00e9","fecha_de_publicacion":"01\/06\/2023","fecha_de_reimpresion":"","novedad":"0","paginas":"104","subtitulo":"","texto_web_adicional":"","autores-libros":[76321],"ilustradores-libros":[16371],"texto_web_novedad":"","orden":"999","portada":"0","texto_web_resaltado":"","traductores-libros":"","descripcion_corta":"","recomendamos":"","mas_vendido":"","idioma-libro":"","color":false,"formato":"","mas_informacion_del_producto":false,"premios":false,"deshabilitar_compra":[],"texto_enlace_cubierta":"","enlace_cubierta":{"ID":76450,"id":76450,"title":"cover LOS MUNDOS DE MAX.indd","filename":"EL-MON-DE-LA-MAX_Cover_CAT-scaled.jpg","filesize":2347502,"url":"https:\/\/www.editorialjuventud.es\/wp-content\/uploads\/EL-MON-DE-LA-MAX_Cover_CAT-scaled.jpg","link":"https:\/\/www.editorialjuventud.es\/ca\/?attachment_id=76450","alt":"","author":"50","description":"","caption":"","name":"cover-los-mundos-de-max-indd-4","status":"inherit","uploaded_to":76325,"date":"2023-06-12 14:33:45","modified":"2023-06-12 14:33:45","menu_order":0,"mime_type":"image\/jpeg","type":"image","subtype":"jpeg","icon":"https:\/\/www.editorialjuventud.es\/wp-includes\/images\/media\/default.png","width":2018,"height":2560,"sizes":{"thumbnail":"https:\/\/www.editorialjuventud.es\/wp-content\/uploads\/EL-MON-DE-LA-MAX_Cover_CAT-200x200.jpg","thumbnail-width":200,"thumbnail-height":200,"medium":"https:\/\/www.editorialjuventud.es\/wp-content\/uploads\/EL-MON-DE-LA-MAX_Cover_CAT-scaled.jpg","medium-width":2018,"medium-height":2560,"medium_large":"https:\/\/www.editorialjuventud.es\/wp-content\/uploads\/EL-MON-DE-LA-MAX_Cover_CAT-768x974.jpg","medium_large-width":768,"medium_large-height":974,"large":"https:\/\/www.editorialjuventud.es\/wp-content\/uploads\/EL-MON-DE-LA-MAX_Cover_CAT-scaled.jpg","large-width":2018,"large-height":2560,"1536x1536":"https:\/\/www.editorialjuventud.es\/wp-content\/uploads\/EL-MON-DE-LA-MAX_Cover_CAT-1211x1536.jpg","1536x1536-width":1211,"1536x1536-height":1536,"2048x2048":"https:\/\/www.editorialjuventud.es\/wp-content\/uploads\/EL-MON-DE-LA-MAX_Cover_CAT-1614x2048.jpg","2048x2048-width":1614,"2048x2048-height":2048,"woocommerce_thumbnail":"https:\/\/www.editorialjuventud.es\/wp-content\/uploads\/EL-MON-DE-LA-MAX_Cover_CAT-350x444.jpg","woocommerce_thumbnail-width":350,"woocommerce_thumbnail-height":444,"woocommerce_single":"https:\/\/www.editorialjuventud.es\/wp-content\/uploads\/EL-MON-DE-LA-MAX_Cover_CAT-900x1142.jpg","woocommerce_single-width":900,"woocommerce_single-height":1142,"woocommerce_gallery_thumbnail":"https:\/\/www.editorialjuventud.es\/wp-content\/uploads\/EL-MON-DE-LA-MAX_Cover_CAT-100x100.jpg","woocommerce_gallery_thumbnail-width":100,"woocommerce_gallery_thumbnail-height":100,"ppec_logo_image_size":"https:\/\/www.editorialjuventud.es\/wp-content\/uploads\/EL-MON-DE-LA-MAX_Cover_CAT-47x60.jpg","ppec_logo_image_size-width":47,"ppec_logo_image_size-height":60,"ppec_header_image_size":"https:\/\/www.editorialjuventud.es\/wp-content\/uploads\/EL-MON-DE-LA-MAX_Cover_CAT-71x90.jpg","ppec_header_image_size-width":71,"ppec_header_image_size-height":90}},"texto_enlace_ficha_tecnica":"","enlace_ficha_tecnica":{"ID":76452,"id":76452,"title":"El M\u00f3n de la Max_CAT","filename":"El-Mon-de-la-Max_CAT.pdf","filesize":482878,"url":"https:\/\/www.editorialjuventud.es\/wp-content\/uploads\/El-Mon-de-la-Max_CAT.pdf","link":"https:\/\/www.editorialjuventud.es\/ca\/?attachment_id=76452","alt":"","author":"50","description":"","caption":"","name":"el-mon-de-la-max_cat","status":"inherit","uploaded_to":76325,"date":"2023-06-12 14:34:25","modified":"2023-06-12 14:34:25","menu_order":0,"mime_type":"application\/pdf","type":"application","subtype":"pdf","icon":"https:\/\/www.editorialjuventud.es\/wp-includes\/images\/media\/document.png"},"ficheros":false,"titulo-fr":"","texto-fr":""},"yoast_head":"<!-- This site is optimized with the Yoast SEO plugin v27.5 - https:\/\/yoast.com\/product\/yoast-seo-wordpress\/ -->\n<title>El m\u00f3n de Max - Editorial Juventud<\/title>\n<meta name=\"description\" content=\"Max t\u00e9 10 anys, i el que m\u00e9s li agrada s\u00f3n els llibres i els gats. Com Matilda, l&#039;hero\u00efna del seu llibre preferit, se sent diferent de la resta dels nens,\" \/>\n<meta name=\"robots\" content=\"index, follow, max-snippet:-1, max-image-preview:large, max-video-preview:-1\" \/>\n<link rel=\"canonical\" href=\"https:\/\/www.editorialjuventud.es\/el-mon-de-max-9788426148131\/\" \/>\n<meta property=\"og:locale\" content=\"ca_ES\" \/>\n<meta property=\"og:type\" content=\"article\" \/>\n<meta property=\"og:title\" content=\"El m\u00f3n de Max - Editorial Juventud\" \/>\n<meta property=\"og:description\" content=\"Max t\u00e9 10 anys, i el que m\u00e9s li agrada s\u00f3n els llibres i els gats. Com Matilda, l&#039;hero\u00efna del seu llibre preferit, se sent diferent de la resta dels nens,\" \/>\n<meta property=\"og:url\" content=\"https:\/\/www.editorialjuventud.es\/el-mon-de-max-9788426148131\/\" \/>\n<meta property=\"og:site_name\" content=\"Editorial Juventud\" \/>\n<meta property=\"article:modified_time\" content=\"2025-01-22T11:39:14+00:00\" \/>\n<meta property=\"og:image\" content=\"https:\/\/www.editorialjuventud.es\/wp-content\/uploads\/9788426148131.jpg\" \/>\n\t<meta property=\"og:image:width\" content=\"552\" \/>\n\t<meta property=\"og:image:height\" content=\"700\" \/>\n\t<meta property=\"og:image:type\" content=\"image\/jpeg\" \/>\n<meta name=\"twitter:card\" content=\"summary_large_image\" \/>\n<meta name=\"twitter:label1\" content=\"Temps estimat de lectura\" \/>\n\t<meta name=\"twitter:data1\" content=\"1 minut\" \/>\n<script type=\"application\/ld+json\" class=\"yoast-schema-graph\">{\"@context\":\"https:\\\/\\\/schema.org\",\"@graph\":[{\"@type\":\"WebPage\",\"@id\":\"https:\\\/\\\/www.editorialjuventud.es\\\/el-mon-de-max-9788426148131\\\/\",\"url\":\"https:\\\/\\\/www.editorialjuventud.es\\\/el-mon-de-max-9788426148131\\\/\",\"name\":\"El m\u00f3n de Max - Editorial Juventud\",\"isPartOf\":{\"@id\":\"https:\\\/\\\/www.editorialjuventud.es\\\/#website\"},\"primaryImageOfPage\":{\"@id\":\"https:\\\/\\\/www.editorialjuventud.es\\\/el-mon-de-max-9788426148131\\\/#primaryimage\"},\"image\":{\"@id\":\"https:\\\/\\\/www.editorialjuventud.es\\\/el-mon-de-max-9788426148131\\\/#primaryimage\"},\"thumbnailUrl\":\"https:\\\/\\\/www.editorialjuventud.es\\\/wp-content\\\/uploads\\\/9788426148131.jpg\",\"datePublished\":\"2023-05-31T09:11:11+00:00\",\"dateModified\":\"2025-01-22T11:39:14+00:00\",\"description\":\"Max t\u00e9 10 anys, i el que m\u00e9s li agrada s\u00f3n els llibres i els gats. Com Matilda, l'hero\u00efna del seu llibre preferit, se sent diferent de la resta dels nens,\",\"breadcrumb\":{\"@id\":\"https:\\\/\\\/www.editorialjuventud.es\\\/el-mon-de-max-9788426148131\\\/#breadcrumb\"},\"inLanguage\":\"ca\",\"potentialAction\":[{\"@type\":\"ReadAction\",\"target\":[\"https:\\\/\\\/www.editorialjuventud.es\\\/el-mon-de-max-9788426148131\\\/\"]}]},{\"@type\":\"ImageObject\",\"inLanguage\":\"ca\",\"@id\":\"https:\\\/\\\/www.editorialjuventud.es\\\/el-mon-de-max-9788426148131\\\/#primaryimage\",\"url\":\"https:\\\/\\\/www.editorialjuventud.es\\\/wp-content\\\/uploads\\\/9788426148131.jpg\",\"contentUrl\":\"https:\\\/\\\/www.editorialjuventud.es\\\/wp-content\\\/uploads\\\/9788426148131.jpg\",\"width\":552,\"height\":700,\"caption\":\"9788426148131.jpg\"},{\"@type\":\"BreadcrumbList\",\"@id\":\"https:\\\/\\\/www.editorialjuventud.es\\\/el-mon-de-max-9788426148131\\\/#breadcrumb\",\"itemListElement\":[{\"@type\":\"ListItem\",\"position\":1,\"name\":\"Portada\",\"item\":\"https:\\\/\\\/www.editorialjuventud.es\\\/\"},{\"@type\":\"ListItem\",\"position\":2,\"name\":\"cat\u00e1logo\",\"item\":\"https:\\\/\\\/www.editorialjuventud.es\\\/coleccion\\\/catalogo\\\/\"},{\"@type\":\"ListItem\",\"position\":3,\"name\":\"catal\u00e0\",\"item\":\"https:\\\/\\\/www.editorialjuventud.es\\\/coleccion\\\/catala\\\/\"},{\"@type\":\"ListItem\",\"position\":4,\"name\":\"\u00c0lbums Il\u00b7lustrats\",\"item\":\"https:\\\/\\\/www.editorialjuventud.es\\\/coleccion\\\/albums-il%c2%b7lustrats\\\/\"},{\"@type\":\"ListItem\",\"position\":5,\"name\":\"Llibres i Biblioteques\",\"item\":\"https:\\\/\\\/www.editorialjuventud.es\\\/coleccion\\\/llibres-i-biblioteques\\\/\"},{\"@type\":\"ListItem\",\"position\":6,\"name\":\"El m\u00f3n de Max\"}]},{\"@type\":\"WebSite\",\"@id\":\"https:\\\/\\\/www.editorialjuventud.es\\\/#website\",\"url\":\"https:\\\/\\\/www.editorialjuventud.es\\\/\",\"name\":\"Editorial Juventud\",\"description\":\"\",\"potentialAction\":[{\"@type\":\"SearchAction\",\"target\":{\"@type\":\"EntryPoint\",\"urlTemplate\":\"https:\\\/\\\/www.editorialjuventud.es\\\/?s={search_term_string}\"},\"query-input\":{\"@type\":\"PropertyValueSpecification\",\"valueRequired\":true,\"valueName\":\"search_term_string\"}}],\"inLanguage\":\"ca\"}]}<\/script>\n<!-- \/ Yoast SEO plugin. -->","yoast_head_json":{"title":"El m\u00f3n de Max - Editorial Juventud","description":"Max t\u00e9 10 anys, i el que m\u00e9s li agrada s\u00f3n els llibres i els gats. Com Matilda, l'hero\u00efna del seu llibre preferit, se sent diferent de la resta dels nens,","robots":{"index":"index","follow":"follow","max-snippet":"max-snippet:-1","max-image-preview":"max-image-preview:large","max-video-preview":"max-video-preview:-1"},"canonical":"https:\/\/www.editorialjuventud.es\/el-mon-de-max-9788426148131\/","og_locale":"ca_ES","og_type":"article","og_title":"El m\u00f3n de Max - Editorial Juventud","og_description":"Max t\u00e9 10 anys, i el que m\u00e9s li agrada s\u00f3n els llibres i els gats. Com Matilda, l'hero\u00efna del seu llibre preferit, se sent diferent de la resta dels nens,","og_url":"https:\/\/www.editorialjuventud.es\/el-mon-de-max-9788426148131\/","og_site_name":"Editorial Juventud","article_modified_time":"2025-01-22T11:39:14+00:00","og_image":[{"width":552,"height":700,"url":"https:\/\/www.editorialjuventud.es\/wp-content\/uploads\/9788426148131.jpg","type":"image\/jpeg"}],"twitter_card":"summary_large_image","twitter_misc":{"Temps estimat de lectura":"1 minut"},"schema":{"@context":"https:\/\/schema.org","@graph":[{"@type":"WebPage","@id":"https:\/\/www.editorialjuventud.es\/el-mon-de-max-9788426148131\/","url":"https:\/\/www.editorialjuventud.es\/el-mon-de-max-9788426148131\/","name":"El m\u00f3n de Max - Editorial Juventud","isPartOf":{"@id":"https:\/\/www.editorialjuventud.es\/#website"},"primaryImageOfPage":{"@id":"https:\/\/www.editorialjuventud.es\/el-mon-de-max-9788426148131\/#primaryimage"},"image":{"@id":"https:\/\/www.editorialjuventud.es\/el-mon-de-max-9788426148131\/#primaryimage"},"thumbnailUrl":"https:\/\/www.editorialjuventud.es\/wp-content\/uploads\/9788426148131.jpg","datePublished":"2023-05-31T09:11:11+00:00","dateModified":"2025-01-22T11:39:14+00:00","description":"Max t\u00e9 10 anys, i el que m\u00e9s li agrada s\u00f3n els llibres i els gats. Com Matilda, l'hero\u00efna del seu llibre preferit, se sent diferent de la resta dels nens,","breadcrumb":{"@id":"https:\/\/www.editorialjuventud.es\/el-mon-de-max-9788426148131\/#breadcrumb"},"inLanguage":"ca","potentialAction":[{"@type":"ReadAction","target":["https:\/\/www.editorialjuventud.es\/el-mon-de-max-9788426148131\/"]}]},{"@type":"ImageObject","inLanguage":"ca","@id":"https:\/\/www.editorialjuventud.es\/el-mon-de-max-9788426148131\/#primaryimage","url":"https:\/\/www.editorialjuventud.es\/wp-content\/uploads\/9788426148131.jpg","contentUrl":"https:\/\/www.editorialjuventud.es\/wp-content\/uploads\/9788426148131.jpg","width":552,"height":700,"caption":"9788426148131.jpg"},{"@type":"BreadcrumbList","@id":"https:\/\/www.editorialjuventud.es\/el-mon-de-max-9788426148131\/#breadcrumb","itemListElement":[{"@type":"ListItem","position":1,"name":"Portada","item":"https:\/\/www.editorialjuventud.es\/"},{"@type":"ListItem","position":2,"name":"cat\u00e1logo","item":"https:\/\/www.editorialjuventud.es\/coleccion\/catalogo\/"},{"@type":"ListItem","position":3,"name":"catal\u00e0","item":"https:\/\/www.editorialjuventud.es\/coleccion\/catala\/"},{"@type":"ListItem","position":4,"name":"\u00c0lbums Il\u00b7lustrats","item":"https:\/\/www.editorialjuventud.es\/coleccion\/albums-il%c2%b7lustrats\/"},{"@type":"ListItem","position":5,"name":"Llibres i Biblioteques","item":"https:\/\/www.editorialjuventud.es\/coleccion\/llibres-i-biblioteques\/"},{"@type":"ListItem","position":6,"name":"El m\u00f3n de Max"}]},{"@type":"WebSite","@id":"https:\/\/www.editorialjuventud.es\/#website","url":"https:\/\/www.editorialjuventud.es\/","name":"Editorial Juventud","description":"","potentialAction":[{"@type":"SearchAction","target":{"@type":"EntryPoint","urlTemplate":"https:\/\/www.editorialjuventud.es\/?s={search_term_string}"},"query-input":{"@type":"PropertyValueSpecification","valueRequired":true,"valueName":"search_term_string"}}],"inLanguage":"ca"}]}},"_links":{"self":[{"href":"https:\/\/www.editorialjuventud.es\/ca\/wp-json\/wp\/v2\/product\/76325","targetHints":{"allow":["GET"]}}],"collection":[{"href":"https:\/\/www.editorialjuventud.es\/ca\/wp-json\/wp\/v2\/product"}],"about":[{"href":"https:\/\/www.editorialjuventud.es\/ca\/wp-json\/wp\/v2\/types\/product"}],"wp:featuredmedia":[{"embeddable":true,"href":"https:\/\/www.editorialjuventud.es\/ca\/wp-json\/wp\/v2\/media\/76326"}],"wp:attachment":[{"href":"https:\/\/www.editorialjuventud.es\/ca\/wp-json\/wp\/v2\/media?parent=76325"}],"wp:term":[{"taxonomy":"product_brand","embeddable":true,"href":"https:\/\/www.editorialjuventud.es\/ca\/wp-json\/wp\/v2\/product_brand?post=76325"},{"taxonomy":"product_cat","embeddable":true,"href":"https:\/\/www.editorialjuventud.es\/ca\/wp-json\/wp\/v2\/product_cat?post=76325"},{"taxonomy":"product_tag","embeddable":true,"href":"https:\/\/www.editorialjuventud.es\/ca\/wp-json\/wp\/v2\/product_tag?post=76325"},{"taxonomy":"coleccion","embeddable":true,"href":"https:\/\/www.editorialjuventud.es\/ca\/wp-json\/wp\/v2\/coleccion?post=76325"}],"curies":[{"name":"wp","href":"https:\/\/api.w.org\/{rel}","templated":true}]}}