{"id":76058,"date":"2023-05-05T12:24:47","date_gmt":"2023-05-05T10:24:47","guid":{"rendered":"https:\/\/www.editorialjuventud.es\/gaudi-un-ete-inoubliable-9788426148391\/"},"modified":"2025-01-22T12:36:48","modified_gmt":"2025-01-22T11:36:48","slug":"gaudi-un-ete-inoubliable-9788426148391","status":"publish","type":"product","link":"https:\/\/www.editorialjuventud.es\/ca\/gaudi-un-ete-inoubliable-9788426148391\/","title":{"rendered":"Gaud\u00ed, un \u00e9t\u00e9 inoubliable"},"content":{"rendered":"<p>Dans sa jeunesse Gaud\u00ed dessine sur un calepin les formes que la nature lui sugg\u00e8re : un escargot devient un escalier en colima\u00e7on, une for\u00eat se m\u00e9tamorphose en une \u00e9glise et une toile d\u2019araign\u00e9e perl\u00e9e de gouttes d\u2019eau \u00e9voque des cercles et des traits a\u00e9riens. . . L\u2019architecture de la nature a le pouvoir de le fasciner!<\/p>\n<p>Gaud\u00ed puise son inspiration dans tous les aspects offerts par la nature et la puissance de son imagination n&#8217;a pas del imite. \u00c0 onze ans il ne se doute pas que son g\u00e9nie fera de lui un des architectes les plus r\u00e9volutionnaires de tous les temps.<\/p>\n","protected":false},"excerpt":{"rendered":"Dans sa jeunesse Gaud\u00ed dessine sur un calepin les formes que la nature lui sugg\u00e8re : un escargot devient un escalier en colima\u00e7on, une for\u00eat se m\u00e9tamorphose en une \u00e9glise et une toile d\u2019araign\u00e9e perl\u00e9e de gouttes d\u2019eau \u00e9voque des [&hellip;]","protected":false},"featured_media":76059,"template":"","meta":{"_acf_changed":false,"_exactmetrics_skip_tracking":false,"_exactmetrics_sitenote_active":false,"_exactmetrics_sitenote_note":"","_exactmetrics_sitenote_category":0},"product_brand":[],"product_cat":[900,1121,1140,1157,892,1115,1348,1201,1207],"product_tag":[],"coleccion":[],"class_list":{"0":"post-76058","1":"product","2":"type-product","3":"status-publish","4":"has-post-thumbnail","6":"product_cat-a-partir-de-5-anos","7":"product_cat-albumes-ilustrados","8":"product_cat-arte-y-creatividad","9":"product_cat-crecer","10":"product_cat-edades","11":"product_cat-generos","12":"product_cat-imaginacion","13":"product_cat-naturaleza-biodiversidad","14":"product_cat-personajes-reales","16":"first","17":"instock","18":"taxable","19":"shipping-taxable","20":"purchasable","21":"product-type-simple"},"acf":{"indice":"","autor":"Tabora, Carla; Far\u00eda, Rosana ","codart":"4839","ediciones":"1","encuadernacion":"Carton\u00e9","fecha_de_publicacion":"01\/05\/2023","fecha_de_reimpresion":"","novedad":"0","paginas":"48","subtitulo":"","texto_web_adicional":"","autores-libros":[59453,59454],"ilustradores-libros":"","texto_web_novedad":"","orden":"999","portada":"0","texto_web_resaltado":"","traductores-libros":[76022],"descripcion_corta":"","recomendamos":"","mas_vendido":"","idioma-libro":"","color":false,"formato":"","mas_informacion_del_producto":false,"premios":false,"deshabilitar_compra":[],"texto_enlace_cubierta":"","enlace_cubierta":false,"texto_enlace_ficha_tecnica":"","enlace_ficha_tecnica":false,"ficheros":false,"titulo-fr":"","texto-fr":""},"yoast_head":"<!-- This site is optimized with the Yoast SEO plugin v27.5 - https:\/\/yoast.com\/product\/yoast-seo-wordpress\/ -->\n<title>Gaud\u00ed, un \u00e9t\u00e9 inoubliable - Editorial Juventud<\/title>\n<meta name=\"description\" content=\"Dans sa jeunesse Gaud\u00ed dessine sur un calepin les formes que la nature lui sugg\u00e8re : un escargot devient un escalier en colima\u00e7on, une for\u00eat se\" \/>\n<meta name=\"robots\" content=\"index, follow, max-snippet:-1, max-image-preview:large, max-video-preview:-1\" \/>\n<link rel=\"canonical\" href=\"https:\/\/www.editorialjuventud.es\/gaudi-un-ete-inoubliable-9788426148391\/\" \/>\n<meta property=\"og:locale\" content=\"ca_ES\" \/>\n<meta property=\"og:type\" content=\"article\" \/>\n<meta property=\"og:title\" content=\"Gaud\u00ed, un \u00e9t\u00e9 inoubliable - Editorial Juventud\" \/>\n<meta property=\"og:description\" content=\"Dans sa jeunesse Gaud\u00ed dessine sur un calepin les formes que la nature lui sugg\u00e8re : un escargot devient un escalier en colima\u00e7on, une for\u00eat se\" \/>\n<meta property=\"og:url\" content=\"https:\/\/www.editorialjuventud.es\/gaudi-un-ete-inoubliable-9788426148391\/\" \/>\n<meta property=\"og:site_name\" content=\"Editorial Juventud\" \/>\n<meta property=\"article:modified_time\" content=\"2025-01-22T11:36:48+00:00\" \/>\n<meta property=\"og:image\" content=\"https:\/\/www.editorialjuventud.es\/wp-content\/uploads\/9788426148391.jpg\" \/>\n\t<meta property=\"og:image:width\" content=\"400\" \/>\n\t<meta property=\"og:image:height\" content=\"538\" \/>\n\t<meta property=\"og:image:type\" content=\"image\/jpeg\" \/>\n<meta name=\"twitter:card\" content=\"summary_large_image\" \/>\n<meta name=\"twitter:label1\" content=\"Temps estimat de lectura\" \/>\n\t<meta name=\"twitter:data1\" content=\"1 minut\" \/>\n<script type=\"application\/ld+json\" class=\"yoast-schema-graph\">{\"@context\":\"https:\\\/\\\/schema.org\",\"@graph\":[{\"@type\":\"WebPage\",\"@id\":\"https:\\\/\\\/www.editorialjuventud.es\\\/gaudi-un-ete-inoubliable-9788426148391\\\/\",\"url\":\"https:\\\/\\\/www.editorialjuventud.es\\\/gaudi-un-ete-inoubliable-9788426148391\\\/\",\"name\":\"Gaud\u00ed, un \u00e9t\u00e9 inoubliable - Editorial Juventud\",\"isPartOf\":{\"@id\":\"https:\\\/\\\/www.editorialjuventud.es\\\/#website\"},\"primaryImageOfPage\":{\"@id\":\"https:\\\/\\\/www.editorialjuventud.es\\\/gaudi-un-ete-inoubliable-9788426148391\\\/#primaryimage\"},\"image\":{\"@id\":\"https:\\\/\\\/www.editorialjuventud.es\\\/gaudi-un-ete-inoubliable-9788426148391\\\/#primaryimage\"},\"thumbnailUrl\":\"https:\\\/\\\/www.editorialjuventud.es\\\/wp-content\\\/uploads\\\/9788426148391.jpg\",\"datePublished\":\"2023-05-05T10:24:47+00:00\",\"dateModified\":\"2025-01-22T11:36:48+00:00\",\"description\":\"Dans sa jeunesse Gaud\u00ed dessine sur un calepin les formes que la nature lui sugg\u00e8re : un escargot devient un escalier en colima\u00e7on, une for\u00eat se\",\"breadcrumb\":{\"@id\":\"https:\\\/\\\/www.editorialjuventud.es\\\/gaudi-un-ete-inoubliable-9788426148391\\\/#breadcrumb\"},\"inLanguage\":\"ca\",\"potentialAction\":[{\"@type\":\"ReadAction\",\"target\":[\"https:\\\/\\\/www.editorialjuventud.es\\\/gaudi-un-ete-inoubliable-9788426148391\\\/\"]}]},{\"@type\":\"ImageObject\",\"inLanguage\":\"ca\",\"@id\":\"https:\\\/\\\/www.editorialjuventud.es\\\/gaudi-un-ete-inoubliable-9788426148391\\\/#primaryimage\",\"url\":\"https:\\\/\\\/www.editorialjuventud.es\\\/wp-content\\\/uploads\\\/9788426148391.jpg\",\"contentUrl\":\"https:\\\/\\\/www.editorialjuventud.es\\\/wp-content\\\/uploads\\\/9788426148391.jpg\",\"width\":400,\"height\":538,\"caption\":\"9788426148391.jpg\"},{\"@type\":\"BreadcrumbList\",\"@id\":\"https:\\\/\\\/www.editorialjuventud.es\\\/gaudi-un-ete-inoubliable-9788426148391\\\/#breadcrumb\",\"itemListElement\":[{\"@type\":\"ListItem\",\"position\":1,\"name\":\"Portada\",\"item\":\"https:\\\/\\\/www.editorialjuventud.es\\\/\"},{\"@type\":\"ListItem\",\"position\":2,\"name\":\"Gaud\u00ed, un \u00e9t\u00e9 inoubliable\"}]},{\"@type\":\"WebSite\",\"@id\":\"https:\\\/\\\/www.editorialjuventud.es\\\/#website\",\"url\":\"https:\\\/\\\/www.editorialjuventud.es\\\/\",\"name\":\"Editorial Juventud\",\"description\":\"\",\"potentialAction\":[{\"@type\":\"SearchAction\",\"target\":{\"@type\":\"EntryPoint\",\"urlTemplate\":\"https:\\\/\\\/www.editorialjuventud.es\\\/?s={search_term_string}\"},\"query-input\":{\"@type\":\"PropertyValueSpecification\",\"valueRequired\":true,\"valueName\":\"search_term_string\"}}],\"inLanguage\":\"ca\"}]}<\/script>\n<!-- \/ Yoast SEO plugin. -->","yoast_head_json":{"title":"Gaud\u00ed, un \u00e9t\u00e9 inoubliable - Editorial Juventud","description":"Dans sa jeunesse Gaud\u00ed dessine sur un calepin les formes que la nature lui sugg\u00e8re : un escargot devient un escalier en colima\u00e7on, une for\u00eat se","robots":{"index":"index","follow":"follow","max-snippet":"max-snippet:-1","max-image-preview":"max-image-preview:large","max-video-preview":"max-video-preview:-1"},"canonical":"https:\/\/www.editorialjuventud.es\/gaudi-un-ete-inoubliable-9788426148391\/","og_locale":"ca_ES","og_type":"article","og_title":"Gaud\u00ed, un \u00e9t\u00e9 inoubliable - Editorial Juventud","og_description":"Dans sa jeunesse Gaud\u00ed dessine sur un calepin les formes que la nature lui sugg\u00e8re : un escargot devient un escalier en colima\u00e7on, une for\u00eat se","og_url":"https:\/\/www.editorialjuventud.es\/gaudi-un-ete-inoubliable-9788426148391\/","og_site_name":"Editorial Juventud","article_modified_time":"2025-01-22T11:36:48+00:00","og_image":[{"width":400,"height":538,"url":"https:\/\/www.editorialjuventud.es\/wp-content\/uploads\/9788426148391.jpg","type":"image\/jpeg"}],"twitter_card":"summary_large_image","twitter_misc":{"Temps estimat de lectura":"1 minut"},"schema":{"@context":"https:\/\/schema.org","@graph":[{"@type":"WebPage","@id":"https:\/\/www.editorialjuventud.es\/gaudi-un-ete-inoubliable-9788426148391\/","url":"https:\/\/www.editorialjuventud.es\/gaudi-un-ete-inoubliable-9788426148391\/","name":"Gaud\u00ed, un \u00e9t\u00e9 inoubliable - Editorial Juventud","isPartOf":{"@id":"https:\/\/www.editorialjuventud.es\/#website"},"primaryImageOfPage":{"@id":"https:\/\/www.editorialjuventud.es\/gaudi-un-ete-inoubliable-9788426148391\/#primaryimage"},"image":{"@id":"https:\/\/www.editorialjuventud.es\/gaudi-un-ete-inoubliable-9788426148391\/#primaryimage"},"thumbnailUrl":"https:\/\/www.editorialjuventud.es\/wp-content\/uploads\/9788426148391.jpg","datePublished":"2023-05-05T10:24:47+00:00","dateModified":"2025-01-22T11:36:48+00:00","description":"Dans sa jeunesse Gaud\u00ed dessine sur un calepin les formes que la nature lui sugg\u00e8re : un escargot devient un escalier en colima\u00e7on, une for\u00eat se","breadcrumb":{"@id":"https:\/\/www.editorialjuventud.es\/gaudi-un-ete-inoubliable-9788426148391\/#breadcrumb"},"inLanguage":"ca","potentialAction":[{"@type":"ReadAction","target":["https:\/\/www.editorialjuventud.es\/gaudi-un-ete-inoubliable-9788426148391\/"]}]},{"@type":"ImageObject","inLanguage":"ca","@id":"https:\/\/www.editorialjuventud.es\/gaudi-un-ete-inoubliable-9788426148391\/#primaryimage","url":"https:\/\/www.editorialjuventud.es\/wp-content\/uploads\/9788426148391.jpg","contentUrl":"https:\/\/www.editorialjuventud.es\/wp-content\/uploads\/9788426148391.jpg","width":400,"height":538,"caption":"9788426148391.jpg"},{"@type":"BreadcrumbList","@id":"https:\/\/www.editorialjuventud.es\/gaudi-un-ete-inoubliable-9788426148391\/#breadcrumb","itemListElement":[{"@type":"ListItem","position":1,"name":"Portada","item":"https:\/\/www.editorialjuventud.es\/"},{"@type":"ListItem","position":2,"name":"Gaud\u00ed, un \u00e9t\u00e9 inoubliable"}]},{"@type":"WebSite","@id":"https:\/\/www.editorialjuventud.es\/#website","url":"https:\/\/www.editorialjuventud.es\/","name":"Editorial Juventud","description":"","potentialAction":[{"@type":"SearchAction","target":{"@type":"EntryPoint","urlTemplate":"https:\/\/www.editorialjuventud.es\/?s={search_term_string}"},"query-input":{"@type":"PropertyValueSpecification","valueRequired":true,"valueName":"search_term_string"}}],"inLanguage":"ca"}]}},"_links":{"self":[{"href":"https:\/\/www.editorialjuventud.es\/ca\/wp-json\/wp\/v2\/product\/76058","targetHints":{"allow":["GET"]}}],"collection":[{"href":"https:\/\/www.editorialjuventud.es\/ca\/wp-json\/wp\/v2\/product"}],"about":[{"href":"https:\/\/www.editorialjuventud.es\/ca\/wp-json\/wp\/v2\/types\/product"}],"wp:featuredmedia":[{"embeddable":true,"href":"https:\/\/www.editorialjuventud.es\/ca\/wp-json\/wp\/v2\/media\/76059"}],"wp:attachment":[{"href":"https:\/\/www.editorialjuventud.es\/ca\/wp-json\/wp\/v2\/media?parent=76058"}],"wp:term":[{"taxonomy":"product_brand","embeddable":true,"href":"https:\/\/www.editorialjuventud.es\/ca\/wp-json\/wp\/v2\/product_brand?post=76058"},{"taxonomy":"product_cat","embeddable":true,"href":"https:\/\/www.editorialjuventud.es\/ca\/wp-json\/wp\/v2\/product_cat?post=76058"},{"taxonomy":"product_tag","embeddable":true,"href":"https:\/\/www.editorialjuventud.es\/ca\/wp-json\/wp\/v2\/product_tag?post=76058"},{"taxonomy":"coleccion","embeddable":true,"href":"https:\/\/www.editorialjuventud.es\/ca\/wp-json\/wp\/v2\/coleccion?post=76058"}],"curies":[{"name":"wp","href":"https:\/\/api.w.org\/{rel}","templated":true}]}}