{"id":76055,"date":"2023-05-05T12:24:34","date_gmt":"2023-05-05T10:24:34","guid":{"rendered":"https:\/\/www.editorialjuventud.es\/gaudi-un-estiu-inoblidable-9788426148384\/"},"modified":"2025-01-22T12:36:43","modified_gmt":"2025-01-22T11:36:43","slug":"gaudi-un-estiu-inoblidable-9788426148384","status":"publish","type":"product","link":"https:\/\/www.editorialjuventud.es\/ca\/gaudi-un-estiu-inoblidable-9788426148384\/","title":{"rendered":"Gaud\u00ed, un estiu inoblidable"},"content":{"rendered":"<p>Gaud\u00ed troba inspiraci\u00f3 en cada element de la natura i la seva capacitat imaginativa no coneix l\u00edmits. Als onze anys no pot saber que la seva genialitat el portar\u00e0 a ser un dels arquitectes m\u00e9s revolucionaris de tots els temps.<\/p>\n<p>Un preci\u00f3s \u00e0lbum que ens endinsar\u00e0 en els anys m\u00e9s importants de la vida de Gaud\u00ed, en qu\u00e8 trobar\u00e0 el seu singular estil a trav\u00e9s del contacte amb la natura. Per dues autores tot terreny en el camp de la LIJ com s\u00f3n Tabora i Far\u00eda. <\/p>\n","protected":false},"excerpt":{"rendered":"Gaud\u00ed troba inspiraci\u00f3 en cada element de la natura i la seva capacitat imaginativa no coneix l\u00edmits. Als onze anys no pot saber que la seva genialitat el portar\u00e0 a ser un dels arquitectes m\u00e9s revolucionaris de tots els temps. [&hellip;]","protected":false},"featured_media":76056,"template":"","meta":{"_acf_changed":false,"_exactmetrics_skip_tracking":false,"_exactmetrics_sitenote_active":false,"_exactmetrics_sitenote_note":"","_exactmetrics_sitenote_category":0},"product_brand":[],"product_cat":[900,1121,1140,1157,892,1115,1348,1201,893,1207,1128],"product_tag":[],"coleccion":[917,945,915],"class_list":{"0":"post-76055","1":"product","2":"type-product","3":"status-publish","4":"has-post-thumbnail","6":"product_cat-a-partir-de-5-anos","7":"product_cat-albumes-ilustrados","8":"product_cat-arte-y-creatividad","9":"product_cat-crecer","10":"product_cat-edades","11":"product_cat-generos","12":"product_cat-imaginacion","13":"product_cat-naturaleza-biodiversidad","14":"product_cat-novedades","15":"product_cat-personajes-reales","16":"product_cat-tematica","17":"coleccion-albums-illustrats","18":"coleccion-art-i-creativitat","19":"coleccion-catala","21":"first","22":"instock","23":"taxable","24":"shipping-taxable","25":"purchasable","26":"product-type-simple"},"acf":{"indice":"","autor":"Tabora, Carla; Far\u00eda, Rosana ","codart":"4838","ediciones":"1","encuadernacion":"Carton\u00e9","fecha_de_publicacion":"01\/05\/2023","fecha_de_reimpresion":"","novedad":"0","paginas":"48","subtitulo":"","texto_web_adicional":"","autores-libros":[59453,59454],"ilustradores-libros":"","texto_web_novedad":"","orden":"999","portada":"0","texto_web_resaltado":"","traductores-libros":[58414],"descripcion_corta":"","recomendamos":"","mas_vendido":"","idioma-libro":"","color":false,"formato":"","mas_informacion_del_producto":false,"premios":false,"deshabilitar_compra":[],"texto_enlace_cubierta":"","enlace_cubierta":{"ID":76201,"id":76201,"title":"(anotaciones 21-03-2023) nuevacover verano inolvidable_capas tex","filename":"GAUDI_Estiu-inolvidable_Cat-scaled.jpg","filesize":681681,"url":"https:\/\/www.editorialjuventud.es\/wp-content\/uploads\/GAUDI_Estiu-inolvidable_Cat-scaled.jpg","link":"https:\/\/www.editorialjuventud.es\/ca\/?attachment_id=76201","alt":"","author":"50","description":"","caption":"","name":"anotaciones-21-03-2023-nuevacover-verano-inolvidable_capas-tex-6","status":"inherit","uploaded_to":76055,"date":"2023-05-12 12:25:58","modified":"2023-05-12 12:25:58","menu_order":0,"mime_type":"image\/jpeg","type":"image","subtype":"jpeg","icon":"https:\/\/www.editorialjuventud.es\/wp-includes\/images\/media\/default.png","width":1983,"height":2560,"sizes":{"thumbnail":"https:\/\/www.editorialjuventud.es\/wp-content\/uploads\/GAUDI_Estiu-inolvidable_Cat-200x200.jpg","thumbnail-width":200,"thumbnail-height":200,"medium":"https:\/\/www.editorialjuventud.es\/wp-content\/uploads\/GAUDI_Estiu-inolvidable_Cat-scaled.jpg","medium-width":1983,"medium-height":2560,"medium_large":"https:\/\/www.editorialjuventud.es\/wp-content\/uploads\/GAUDI_Estiu-inolvidable_Cat-768x992.jpg","medium_large-width":768,"medium_large-height":992,"large":"https:\/\/www.editorialjuventud.es\/wp-content\/uploads\/GAUDI_Estiu-inolvidable_Cat-scaled.jpg","large-width":1983,"large-height":2560,"1536x1536":"https:\/\/www.editorialjuventud.es\/wp-content\/uploads\/GAUDI_Estiu-inolvidable_Cat-1190x1536.jpg","1536x1536-width":1190,"1536x1536-height":1536,"2048x2048":"https:\/\/www.editorialjuventud.es\/wp-content\/uploads\/GAUDI_Estiu-inolvidable_Cat-1586x2048.jpg","2048x2048-width":1586,"2048x2048-height":2048,"woocommerce_thumbnail":"https:\/\/www.editorialjuventud.es\/wp-content\/uploads\/GAUDI_Estiu-inolvidable_Cat-350x452.jpg","woocommerce_thumbnail-width":350,"woocommerce_thumbnail-height":452,"woocommerce_single":"https:\/\/www.editorialjuventud.es\/wp-content\/uploads\/GAUDI_Estiu-inolvidable_Cat-900x1162.jpg","woocommerce_single-width":900,"woocommerce_single-height":1162,"woocommerce_gallery_thumbnail":"https:\/\/www.editorialjuventud.es\/wp-content\/uploads\/GAUDI_Estiu-inolvidable_Cat-100x100.jpg","woocommerce_gallery_thumbnail-width":100,"woocommerce_gallery_thumbnail-height":100,"ppec_logo_image_size":"https:\/\/www.editorialjuventud.es\/wp-content\/uploads\/GAUDI_Estiu-inolvidable_Cat-46x60.jpg","ppec_logo_image_size-width":46,"ppec_logo_image_size-height":60,"ppec_header_image_size":"https:\/\/www.editorialjuventud.es\/wp-content\/uploads\/GAUDI_Estiu-inolvidable_Cat-70x90.jpg","ppec_header_image_size-width":70,"ppec_header_image_size-height":90}},"texto_enlace_ficha_tecnica":"","enlace_ficha_tecnica":{"ID":76270,"id":76270,"title":"Gaud\u00ed_CAT","filename":"Gaudi_CAT.pdf","filesize":625283,"url":"https:\/\/www.editorialjuventud.es\/wp-content\/uploads\/Gaudi_CAT.pdf","link":"https:\/\/www.editorialjuventud.es\/ca\/?attachment_id=76270","alt":"","author":"50","description":"","caption":"","name":"gaudi_cat","status":"inherit","uploaded_to":76055,"date":"2023-05-29 07:39:18","modified":"2023-05-29 07:39:18","menu_order":0,"mime_type":"application\/pdf","type":"application","subtype":"pdf","icon":"https:\/\/www.editorialjuventud.es\/wp-includes\/images\/media\/document.png"},"ficheros":false,"titulo-fr":"","texto-fr":""},"yoast_head":"<!-- This site is optimized with the Yoast SEO plugin v27.5 - https:\/\/yoast.com\/product\/yoast-seo-wordpress\/ -->\n<title>Gaud\u00ed, un estiu inoblidable - Editorial Juventud<\/title>\n<meta name=\"description\" content=\"Gaud\u00ed troba inspiraci\u00f3 en cada element de la natura i la seva capacitat imaginativa no coneix l\u00edmits. Als onze anys no pot saber que la seva genialitat el\" \/>\n<meta name=\"robots\" content=\"index, follow, max-snippet:-1, max-image-preview:large, max-video-preview:-1\" \/>\n<link rel=\"canonical\" href=\"https:\/\/www.editorialjuventud.es\/gaudi-un-estiu-inoblidable-9788426148384\/\" \/>\n<meta property=\"og:locale\" content=\"ca_ES\" \/>\n<meta property=\"og:type\" content=\"article\" \/>\n<meta property=\"og:title\" content=\"Gaud\u00ed, un estiu inoblidable - Editorial Juventud\" \/>\n<meta property=\"og:description\" content=\"Gaud\u00ed troba inspiraci\u00f3 en cada element de la natura i la seva capacitat imaginativa no coneix l\u00edmits. Als onze anys no pot saber que la seva genialitat el\" \/>\n<meta property=\"og:url\" content=\"https:\/\/www.editorialjuventud.es\/gaudi-un-estiu-inoblidable-9788426148384\/\" \/>\n<meta property=\"og:site_name\" content=\"Editorial Juventud\" \/>\n<meta property=\"article:modified_time\" content=\"2025-01-22T11:36:43+00:00\" \/>\n<meta property=\"og:image\" content=\"https:\/\/www.editorialjuventud.es\/wp-content\/uploads\/9788426148384.jpg\" \/>\n\t<meta property=\"og:image:width\" content=\"400\" \/>\n\t<meta property=\"og:image:height\" content=\"517\" \/>\n\t<meta property=\"og:image:type\" content=\"image\/jpeg\" \/>\n<meta name=\"twitter:card\" content=\"summary_large_image\" \/>\n<script type=\"application\/ld+json\" class=\"yoast-schema-graph\">{\"@context\":\"https:\\\/\\\/schema.org\",\"@graph\":[{\"@type\":\"WebPage\",\"@id\":\"https:\\\/\\\/www.editorialjuventud.es\\\/gaudi-un-estiu-inoblidable-9788426148384\\\/\",\"url\":\"https:\\\/\\\/www.editorialjuventud.es\\\/gaudi-un-estiu-inoblidable-9788426148384\\\/\",\"name\":\"Gaud\u00ed, un estiu inoblidable - Editorial Juventud\",\"isPartOf\":{\"@id\":\"https:\\\/\\\/www.editorialjuventud.es\\\/#website\"},\"primaryImageOfPage\":{\"@id\":\"https:\\\/\\\/www.editorialjuventud.es\\\/gaudi-un-estiu-inoblidable-9788426148384\\\/#primaryimage\"},\"image\":{\"@id\":\"https:\\\/\\\/www.editorialjuventud.es\\\/gaudi-un-estiu-inoblidable-9788426148384\\\/#primaryimage\"},\"thumbnailUrl\":\"https:\\\/\\\/www.editorialjuventud.es\\\/wp-content\\\/uploads\\\/9788426148384.jpg\",\"datePublished\":\"2023-05-05T10:24:34+00:00\",\"dateModified\":\"2025-01-22T11:36:43+00:00\",\"description\":\"Gaud\u00ed troba inspiraci\u00f3 en cada element de la natura i la seva capacitat imaginativa no coneix l\u00edmits. Als onze anys no pot saber que la seva genialitat el\",\"breadcrumb\":{\"@id\":\"https:\\\/\\\/www.editorialjuventud.es\\\/gaudi-un-estiu-inoblidable-9788426148384\\\/#breadcrumb\"},\"inLanguage\":\"ca\",\"potentialAction\":[{\"@type\":\"ReadAction\",\"target\":[\"https:\\\/\\\/www.editorialjuventud.es\\\/gaudi-un-estiu-inoblidable-9788426148384\\\/\"]}]},{\"@type\":\"ImageObject\",\"inLanguage\":\"ca\",\"@id\":\"https:\\\/\\\/www.editorialjuventud.es\\\/gaudi-un-estiu-inoblidable-9788426148384\\\/#primaryimage\",\"url\":\"https:\\\/\\\/www.editorialjuventud.es\\\/wp-content\\\/uploads\\\/9788426148384.jpg\",\"contentUrl\":\"https:\\\/\\\/www.editorialjuventud.es\\\/wp-content\\\/uploads\\\/9788426148384.jpg\",\"width\":400,\"height\":517,\"caption\":\"9788426148384.jpg\"},{\"@type\":\"BreadcrumbList\",\"@id\":\"https:\\\/\\\/www.editorialjuventud.es\\\/gaudi-un-estiu-inoblidable-9788426148384\\\/#breadcrumb\",\"itemListElement\":[{\"@type\":\"ListItem\",\"position\":1,\"name\":\"Portada\",\"item\":\"https:\\\/\\\/www.editorialjuventud.es\\\/\"},{\"@type\":\"ListItem\",\"position\":2,\"name\":\"cat\u00e1logo\",\"item\":\"https:\\\/\\\/www.editorialjuventud.es\\\/coleccion\\\/catalogo\\\/\"},{\"@type\":\"ListItem\",\"position\":3,\"name\":\"catal\u00e0\",\"item\":\"https:\\\/\\\/www.editorialjuventud.es\\\/coleccion\\\/catala\\\/\"},{\"@type\":\"ListItem\",\"position\":4,\"name\":\"\u00c0lbums Il\u00b7lustrats\",\"item\":\"https:\\\/\\\/www.editorialjuventud.es\\\/coleccion\\\/albums-il%c2%b7lustrats\\\/\"},{\"@type\":\"ListItem\",\"position\":5,\"name\":\"Art i Creativitat\",\"item\":\"https:\\\/\\\/www.editorialjuventud.es\\\/ca\\\/coleccion\\\/art-i-creativitat\\\/\"},{\"@type\":\"ListItem\",\"position\":6,\"name\":\"Gaud\u00ed, un estiu inoblidable\"}]},{\"@type\":\"WebSite\",\"@id\":\"https:\\\/\\\/www.editorialjuventud.es\\\/#website\",\"url\":\"https:\\\/\\\/www.editorialjuventud.es\\\/\",\"name\":\"Editorial Juventud\",\"description\":\"\",\"potentialAction\":[{\"@type\":\"SearchAction\",\"target\":{\"@type\":\"EntryPoint\",\"urlTemplate\":\"https:\\\/\\\/www.editorialjuventud.es\\\/?s={search_term_string}\"},\"query-input\":{\"@type\":\"PropertyValueSpecification\",\"valueRequired\":true,\"valueName\":\"search_term_string\"}}],\"inLanguage\":\"ca\"}]}<\/script>\n<!-- \/ Yoast SEO plugin. -->","yoast_head_json":{"title":"Gaud\u00ed, un estiu inoblidable - Editorial Juventud","description":"Gaud\u00ed troba inspiraci\u00f3 en cada element de la natura i la seva capacitat imaginativa no coneix l\u00edmits. Als onze anys no pot saber que la seva genialitat el","robots":{"index":"index","follow":"follow","max-snippet":"max-snippet:-1","max-image-preview":"max-image-preview:large","max-video-preview":"max-video-preview:-1"},"canonical":"https:\/\/www.editorialjuventud.es\/gaudi-un-estiu-inoblidable-9788426148384\/","og_locale":"ca_ES","og_type":"article","og_title":"Gaud\u00ed, un estiu inoblidable - Editorial Juventud","og_description":"Gaud\u00ed troba inspiraci\u00f3 en cada element de la natura i la seva capacitat imaginativa no coneix l\u00edmits. Als onze anys no pot saber que la seva genialitat el","og_url":"https:\/\/www.editorialjuventud.es\/gaudi-un-estiu-inoblidable-9788426148384\/","og_site_name":"Editorial Juventud","article_modified_time":"2025-01-22T11:36:43+00:00","og_image":[{"width":400,"height":517,"url":"https:\/\/www.editorialjuventud.es\/wp-content\/uploads\/9788426148384.jpg","type":"image\/jpeg"}],"twitter_card":"summary_large_image","schema":{"@context":"https:\/\/schema.org","@graph":[{"@type":"WebPage","@id":"https:\/\/www.editorialjuventud.es\/gaudi-un-estiu-inoblidable-9788426148384\/","url":"https:\/\/www.editorialjuventud.es\/gaudi-un-estiu-inoblidable-9788426148384\/","name":"Gaud\u00ed, un estiu inoblidable - Editorial Juventud","isPartOf":{"@id":"https:\/\/www.editorialjuventud.es\/#website"},"primaryImageOfPage":{"@id":"https:\/\/www.editorialjuventud.es\/gaudi-un-estiu-inoblidable-9788426148384\/#primaryimage"},"image":{"@id":"https:\/\/www.editorialjuventud.es\/gaudi-un-estiu-inoblidable-9788426148384\/#primaryimage"},"thumbnailUrl":"https:\/\/www.editorialjuventud.es\/wp-content\/uploads\/9788426148384.jpg","datePublished":"2023-05-05T10:24:34+00:00","dateModified":"2025-01-22T11:36:43+00:00","description":"Gaud\u00ed troba inspiraci\u00f3 en cada element de la natura i la seva capacitat imaginativa no coneix l\u00edmits. Als onze anys no pot saber que la seva genialitat el","breadcrumb":{"@id":"https:\/\/www.editorialjuventud.es\/gaudi-un-estiu-inoblidable-9788426148384\/#breadcrumb"},"inLanguage":"ca","potentialAction":[{"@type":"ReadAction","target":["https:\/\/www.editorialjuventud.es\/gaudi-un-estiu-inoblidable-9788426148384\/"]}]},{"@type":"ImageObject","inLanguage":"ca","@id":"https:\/\/www.editorialjuventud.es\/gaudi-un-estiu-inoblidable-9788426148384\/#primaryimage","url":"https:\/\/www.editorialjuventud.es\/wp-content\/uploads\/9788426148384.jpg","contentUrl":"https:\/\/www.editorialjuventud.es\/wp-content\/uploads\/9788426148384.jpg","width":400,"height":517,"caption":"9788426148384.jpg"},{"@type":"BreadcrumbList","@id":"https:\/\/www.editorialjuventud.es\/gaudi-un-estiu-inoblidable-9788426148384\/#breadcrumb","itemListElement":[{"@type":"ListItem","position":1,"name":"Portada","item":"https:\/\/www.editorialjuventud.es\/"},{"@type":"ListItem","position":2,"name":"cat\u00e1logo","item":"https:\/\/www.editorialjuventud.es\/coleccion\/catalogo\/"},{"@type":"ListItem","position":3,"name":"catal\u00e0","item":"https:\/\/www.editorialjuventud.es\/coleccion\/catala\/"},{"@type":"ListItem","position":4,"name":"\u00c0lbums Il\u00b7lustrats","item":"https:\/\/www.editorialjuventud.es\/coleccion\/albums-il%c2%b7lustrats\/"},{"@type":"ListItem","position":5,"name":"Art i Creativitat","item":"https:\/\/www.editorialjuventud.es\/ca\/coleccion\/art-i-creativitat\/"},{"@type":"ListItem","position":6,"name":"Gaud\u00ed, un estiu inoblidable"}]},{"@type":"WebSite","@id":"https:\/\/www.editorialjuventud.es\/#website","url":"https:\/\/www.editorialjuventud.es\/","name":"Editorial Juventud","description":"","potentialAction":[{"@type":"SearchAction","target":{"@type":"EntryPoint","urlTemplate":"https:\/\/www.editorialjuventud.es\/?s={search_term_string}"},"query-input":{"@type":"PropertyValueSpecification","valueRequired":true,"valueName":"search_term_string"}}],"inLanguage":"ca"}]}},"_links":{"self":[{"href":"https:\/\/www.editorialjuventud.es\/ca\/wp-json\/wp\/v2\/product\/76055","targetHints":{"allow":["GET"]}}],"collection":[{"href":"https:\/\/www.editorialjuventud.es\/ca\/wp-json\/wp\/v2\/product"}],"about":[{"href":"https:\/\/www.editorialjuventud.es\/ca\/wp-json\/wp\/v2\/types\/product"}],"wp:featuredmedia":[{"embeddable":true,"href":"https:\/\/www.editorialjuventud.es\/ca\/wp-json\/wp\/v2\/media\/76056"}],"wp:attachment":[{"href":"https:\/\/www.editorialjuventud.es\/ca\/wp-json\/wp\/v2\/media?parent=76055"}],"wp:term":[{"taxonomy":"product_brand","embeddable":true,"href":"https:\/\/www.editorialjuventud.es\/ca\/wp-json\/wp\/v2\/product_brand?post=76055"},{"taxonomy":"product_cat","embeddable":true,"href":"https:\/\/www.editorialjuventud.es\/ca\/wp-json\/wp\/v2\/product_cat?post=76055"},{"taxonomy":"product_tag","embeddable":true,"href":"https:\/\/www.editorialjuventud.es\/ca\/wp-json\/wp\/v2\/product_tag?post=76055"},{"taxonomy":"coleccion","embeddable":true,"href":"https:\/\/www.editorialjuventud.es\/ca\/wp-json\/wp\/v2\/coleccion?post=76055"}],"curies":[{"name":"wp","href":"https:\/\/api.w.org\/{rel}","templated":true}]}}