{"id":76052,"date":"2023-05-05T12:24:22","date_gmt":"2023-05-05T10:24:22","guid":{"rendered":"https:\/\/www.editorialjuventud.es\/gaudi-un-verano-inolvidable-9788426148360\/"},"modified":"2025-05-16T13:57:17","modified_gmt":"2025-05-16T11:57:17","slug":"gaudi-un-verano-inolvidable-9788426148360","status":"publish","type":"product","link":"https:\/\/www.editorialjuventud.es\/ca\/gaudi-un-verano-inolvidable-9788426148360\/","title":{"rendered":"Gaud\u00ed, un verano inolvidable"},"content":{"rendered":"<p>Gaud\u00ed encuentra inspiraci\u00f3n en cada elemento de la naturaleza y su imaginaci\u00f3n no conoce l\u00edmites. A sus once a\u00f1os ignora que su genialidad lo llevar\u00e1 a ser uno de los arquitectos m\u00e1s revolucionarios de todos los tiempos.<\/p>\n<p>Un precioso \u00e1lbum que nos adentrar\u00e1 en los a\u00f1os m\u00e1s importante de la vida de Gaud\u00ed, en los que encontrar\u00e1 su caracter\u00edstico estilo a trav\u00e9s del contacto con la naturaleza. Por dos autoras todoterreno en el campo de la LIJ como son Tabora y Far\u00eda.<\/p>\n","protected":false},"excerpt":{"rendered":"Gaud\u00ed encuentra inspiraci\u00f3n en cada elemento de la naturaleza y su imaginaci\u00f3n no conoce l\u00edmites. A sus once a\u00f1os ignora que su genialidad lo llevar\u00e1 a ser uno de los arquitectos m\u00e1s revolucionarios de todos los tiempos. Un precioso \u00e1lbum [&hellip;]","protected":false},"featured_media":76053,"template":"","meta":{"_acf_changed":false,"_exactmetrics_skip_tracking":false,"_exactmetrics_sitenote_active":false,"_exactmetrics_sitenote_note":"","_exactmetrics_sitenote_category":0},"product_brand":[],"product_cat":[900,1121,1140,1157,892,1115,1348,1201,893,1207,1128],"product_tag":[],"coleccion":[928,986,916],"class_list":{"0":"post-76052","1":"product","2":"type-product","3":"status-publish","4":"has-post-thumbnail","6":"product_cat-a-partir-de-5-anos","7":"product_cat-albumes-ilustrados","8":"product_cat-arte-y-creatividad","9":"product_cat-crecer","10":"product_cat-edades","11":"product_cat-generos","12":"product_cat-imaginacion","13":"product_cat-naturaleza-biodiversidad","14":"product_cat-novedades","15":"product_cat-personajes-reales","16":"product_cat-tematica","17":"coleccion-albumes-ilustrados","18":"coleccion-arte-y-creatividad","19":"coleccion-castellano","21":"first","22":"instock","23":"taxable","24":"shipping-taxable","25":"purchasable","26":"product-type-simple"},"acf":{"indice":"","autor":"Tabora, Carla; Far\u00eda, Rosana ","codart":"4836","ediciones":"1","encuadernacion":"Carton\u00e9","fecha_de_publicacion":"01\/05\/2023","fecha_de_reimpresion":"","novedad":"0","paginas":"48","subtitulo":"","texto_web_adicional":"","autores-libros":[59453,59454],"ilustradores-libros":"","texto_web_novedad":"","orden":"999","portada":"0","texto_web_resaltado":"","traductores-libros":"","descripcion_corta":"","recomendamos":"","mas_vendido":"","idioma-libro":"","color":false,"formato":"","mas_informacion_del_producto":false,"premios":false,"deshabilitar_compra":[],"texto_enlace_cubierta":"","enlace_cubierta":{"ID":76155,"id":76155,"title":"(anotaciones 21-03-2023) nuevacover verano inolvidable_capas tex","filename":"GAUDI_Verano-inolvidable_Cast-scaled.jpg","filesize":679844,"url":"https:\/\/www.editorialjuventud.es\/wp-content\/uploads\/GAUDI_Verano-inolvidable_Cast-scaled.jpg","link":"https:\/\/www.editorialjuventud.es\/ca\/?attachment_id=76155","alt":"","author":"50","description":"","caption":"","name":"anotaciones-21-03-2023-nuevacover-verano-inolvidable_capas-tex-5","status":"inherit","uploaded_to":76052,"date":"2023-05-12 11:53:09","modified":"2023-05-12 11:53:09","menu_order":0,"mime_type":"image\/jpeg","type":"image","subtype":"jpeg","icon":"https:\/\/www.editorialjuventud.es\/wp-includes\/images\/media\/default.png","width":1979,"height":2560,"sizes":{"thumbnail":"https:\/\/www.editorialjuventud.es\/wp-content\/uploads\/GAUDI_Verano-inolvidable_Cast-200x200.jpg","thumbnail-width":200,"thumbnail-height":200,"medium":"https:\/\/www.editorialjuventud.es\/wp-content\/uploads\/GAUDI_Verano-inolvidable_Cast-scaled.jpg","medium-width":1979,"medium-height":2560,"medium_large":"https:\/\/www.editorialjuventud.es\/wp-content\/uploads\/GAUDI_Verano-inolvidable_Cast-768x993.jpg","medium_large-width":768,"medium_large-height":993,"large":"https:\/\/www.editorialjuventud.es\/wp-content\/uploads\/GAUDI_Verano-inolvidable_Cast-scaled.jpg","large-width":1979,"large-height":2560,"1536x1536":"https:\/\/www.editorialjuventud.es\/wp-content\/uploads\/GAUDI_Verano-inolvidable_Cast-1188x1536.jpg","1536x1536-width":1188,"1536x1536-height":1536,"2048x2048":"https:\/\/www.editorialjuventud.es\/wp-content\/uploads\/GAUDI_Verano-inolvidable_Cast-1584x2048.jpg","2048x2048-width":1584,"2048x2048-height":2048,"woocommerce_thumbnail":"https:\/\/www.editorialjuventud.es\/wp-content\/uploads\/GAUDI_Verano-inolvidable_Cast-350x453.jpg","woocommerce_thumbnail-width":350,"woocommerce_thumbnail-height":453,"woocommerce_single":"https:\/\/www.editorialjuventud.es\/wp-content\/uploads\/GAUDI_Verano-inolvidable_Cast-900x1164.jpg","woocommerce_single-width":900,"woocommerce_single-height":1164,"woocommerce_gallery_thumbnail":"https:\/\/www.editorialjuventud.es\/wp-content\/uploads\/GAUDI_Verano-inolvidable_Cast-100x100.jpg","woocommerce_gallery_thumbnail-width":100,"woocommerce_gallery_thumbnail-height":100,"ppec_logo_image_size":"https:\/\/www.editorialjuventud.es\/wp-content\/uploads\/GAUDI_Verano-inolvidable_Cast-46x60.jpg","ppec_logo_image_size-width":46,"ppec_logo_image_size-height":60,"ppec_header_image_size":"https:\/\/www.editorialjuventud.es\/wp-content\/uploads\/GAUDI_Verano-inolvidable_Cast-70x90.jpg","ppec_header_image_size-width":70,"ppec_header_image_size-height":90}},"texto_enlace_ficha_tecnica":"","enlace_ficha_tecnica":{"ID":76264,"id":76264,"title":"Gaud\u00ed_CAST","filename":"Gaudi_CAST.pdf","filesize":622082,"url":"https:\/\/www.editorialjuventud.es\/wp-content\/uploads\/Gaudi_CAST.pdf","link":"https:\/\/www.editorialjuventud.es\/ca\/?attachment_id=76264","alt":"","author":"50","description":"","caption":"","name":"gaudi_cast","status":"inherit","uploaded_to":76052,"date":"2023-05-29 07:27:19","modified":"2023-05-29 07:27:19","menu_order":0,"mime_type":"application\/pdf","type":"application","subtype":"pdf","icon":"https:\/\/www.editorialjuventud.es\/wp-includes\/images\/media\/document.png"},"ficheros":false,"titulo-fr":"Gaud\u00ed, a summer to remember","texto-fr":"<p>In his notebook, young Gaud\u00ed draws shapes inspired by nature: a snail becomes a spiral staircase, a forest turns into a church, and a spider\u2019s web heavy with drops of water changes into segments and circles. . . Nature\u2019s architecture is fascinating!<\/p>\n<p>Gaud\u00ed is inspired by every element of nature and his imagination knows no bounds. Only eleven years old, he does not yet realize that his genius will make him one of the most revolutionary architects of all time.<\/p>\n<p><span style=\"color: #008080;\"><em>\u203a Published by Editorial Juventud in French and English<\/em><\/span><\/p>\n<p><span style=\"color: #008080;\"><em>\u203a Rights sold: Korean and Japanese<\/em><\/span><\/p>\n"},"yoast_head":"<!-- This site is optimized with the Yoast SEO plugin v27.5 - https:\/\/yoast.com\/product\/yoast-seo-wordpress\/ -->\n<title>Gaud\u00ed, un verano inolvidable - Editorial Juventud<\/title>\n<meta name=\"description\" content=\"Gaud\u00ed encuentra inspiraci\u00f3n en cada elemento de la naturaleza y su imaginaci\u00f3n no conoce l\u00edmites. A sus once a\u00f1os ignora que su genialidad lo llevar\u00e1 a\" \/>\n<meta name=\"robots\" content=\"index, follow, max-snippet:-1, max-image-preview:large, max-video-preview:-1\" \/>\n<link rel=\"canonical\" href=\"https:\/\/www.editorialjuventud.es\/gaudi-un-verano-inolvidable-9788426148360\/\" \/>\n<meta property=\"og:locale\" content=\"ca_ES\" \/>\n<meta property=\"og:type\" content=\"article\" \/>\n<meta property=\"og:title\" content=\"Gaud\u00ed, un verano inolvidable - Editorial Juventud\" \/>\n<meta property=\"og:description\" content=\"Gaud\u00ed encuentra inspiraci\u00f3n en cada elemento de la naturaleza y su imaginaci\u00f3n no conoce l\u00edmites. A sus once a\u00f1os ignora que su genialidad lo llevar\u00e1 a\" \/>\n<meta property=\"og:url\" content=\"https:\/\/www.editorialjuventud.es\/gaudi-un-verano-inolvidable-9788426148360\/\" \/>\n<meta property=\"og:site_name\" content=\"Editorial Juventud\" \/>\n<meta property=\"article:modified_time\" content=\"2025-05-16T11:57:17+00:00\" \/>\n<meta property=\"og:image\" content=\"https:\/\/www.editorialjuventud.es\/wp-content\/uploads\/9788426148360.jpg\" \/>\n\t<meta property=\"og:image:width\" content=\"400\" \/>\n\t<meta property=\"og:image:height\" content=\"518\" \/>\n\t<meta property=\"og:image:type\" content=\"image\/jpeg\" \/>\n<meta name=\"twitter:card\" content=\"summary_large_image\" \/>\n<meta name=\"twitter:label1\" content=\"Temps estimat de lectura\" \/>\n\t<meta name=\"twitter:data1\" content=\"1 minut\" \/>\n<script type=\"application\/ld+json\" class=\"yoast-schema-graph\">{\"@context\":\"https:\\\/\\\/schema.org\",\"@graph\":[{\"@type\":\"WebPage\",\"@id\":\"https:\\\/\\\/www.editorialjuventud.es\\\/gaudi-un-verano-inolvidable-9788426148360\\\/\",\"url\":\"https:\\\/\\\/www.editorialjuventud.es\\\/gaudi-un-verano-inolvidable-9788426148360\\\/\",\"name\":\"Gaud\u00ed, un verano inolvidable - Editorial Juventud\",\"isPartOf\":{\"@id\":\"https:\\\/\\\/www.editorialjuventud.es\\\/#website\"},\"primaryImageOfPage\":{\"@id\":\"https:\\\/\\\/www.editorialjuventud.es\\\/gaudi-un-verano-inolvidable-9788426148360\\\/#primaryimage\"},\"image\":{\"@id\":\"https:\\\/\\\/www.editorialjuventud.es\\\/gaudi-un-verano-inolvidable-9788426148360\\\/#primaryimage\"},\"thumbnailUrl\":\"https:\\\/\\\/www.editorialjuventud.es\\\/wp-content\\\/uploads\\\/9788426148360.jpg\",\"datePublished\":\"2023-05-05T10:24:22+00:00\",\"dateModified\":\"2025-05-16T11:57:17+00:00\",\"description\":\"Gaud\u00ed encuentra inspiraci\u00f3n en cada elemento de la naturaleza y su imaginaci\u00f3n no conoce l\u00edmites. A sus once a\u00f1os ignora que su genialidad lo llevar\u00e1 a\",\"breadcrumb\":{\"@id\":\"https:\\\/\\\/www.editorialjuventud.es\\\/gaudi-un-verano-inolvidable-9788426148360\\\/#breadcrumb\"},\"inLanguage\":\"ca\",\"potentialAction\":[{\"@type\":\"ReadAction\",\"target\":[\"https:\\\/\\\/www.editorialjuventud.es\\\/gaudi-un-verano-inolvidable-9788426148360\\\/\"]}]},{\"@type\":\"ImageObject\",\"inLanguage\":\"ca\",\"@id\":\"https:\\\/\\\/www.editorialjuventud.es\\\/gaudi-un-verano-inolvidable-9788426148360\\\/#primaryimage\",\"url\":\"https:\\\/\\\/www.editorialjuventud.es\\\/wp-content\\\/uploads\\\/9788426148360.jpg\",\"contentUrl\":\"https:\\\/\\\/www.editorialjuventud.es\\\/wp-content\\\/uploads\\\/9788426148360.jpg\",\"width\":400,\"height\":518,\"caption\":\"9788426148360.jpg\"},{\"@type\":\"BreadcrumbList\",\"@id\":\"https:\\\/\\\/www.editorialjuventud.es\\\/gaudi-un-verano-inolvidable-9788426148360\\\/#breadcrumb\",\"itemListElement\":[{\"@type\":\"ListItem\",\"position\":1,\"name\":\"Portada\",\"item\":\"https:\\\/\\\/www.editorialjuventud.es\\\/\"},{\"@type\":\"ListItem\",\"position\":2,\"name\":\"cat\u00e1logo\",\"item\":\"https:\\\/\\\/www.editorialjuventud.es\\\/coleccion\\\/catalogo\\\/\"},{\"@type\":\"ListItem\",\"position\":3,\"name\":\"castellano\",\"item\":\"https:\\\/\\\/www.editorialjuventud.es\\\/coleccion\\\/castellano\\\/\"},{\"@type\":\"ListItem\",\"position\":4,\"name\":\"\u00c1lbumes Ilustrados\",\"item\":\"https:\\\/\\\/www.editorialjuventud.es\\\/coleccion\\\/albumes-ilustrados\\\/\"},{\"@type\":\"ListItem\",\"position\":5,\"name\":\"Arte y Creatividad\",\"item\":\"https:\\\/\\\/www.editorialjuventud.es\\\/ca\\\/coleccion\\\/arte-y-creatividad\\\/\"},{\"@type\":\"ListItem\",\"position\":6,\"name\":\"Gaud\u00ed, un verano inolvidable\"}]},{\"@type\":\"WebSite\",\"@id\":\"https:\\\/\\\/www.editorialjuventud.es\\\/#website\",\"url\":\"https:\\\/\\\/www.editorialjuventud.es\\\/\",\"name\":\"Editorial Juventud\",\"description\":\"\",\"potentialAction\":[{\"@type\":\"SearchAction\",\"target\":{\"@type\":\"EntryPoint\",\"urlTemplate\":\"https:\\\/\\\/www.editorialjuventud.es\\\/?s={search_term_string}\"},\"query-input\":{\"@type\":\"PropertyValueSpecification\",\"valueRequired\":true,\"valueName\":\"search_term_string\"}}],\"inLanguage\":\"ca\"}]}<\/script>\n<!-- \/ Yoast SEO plugin. -->","yoast_head_json":{"title":"Gaud\u00ed, un verano inolvidable - Editorial Juventud","description":"Gaud\u00ed encuentra inspiraci\u00f3n en cada elemento de la naturaleza y su imaginaci\u00f3n no conoce l\u00edmites. A sus once a\u00f1os ignora que su genialidad lo llevar\u00e1 a","robots":{"index":"index","follow":"follow","max-snippet":"max-snippet:-1","max-image-preview":"max-image-preview:large","max-video-preview":"max-video-preview:-1"},"canonical":"https:\/\/www.editorialjuventud.es\/gaudi-un-verano-inolvidable-9788426148360\/","og_locale":"ca_ES","og_type":"article","og_title":"Gaud\u00ed, un verano inolvidable - Editorial Juventud","og_description":"Gaud\u00ed encuentra inspiraci\u00f3n en cada elemento de la naturaleza y su imaginaci\u00f3n no conoce l\u00edmites. A sus once a\u00f1os ignora que su genialidad lo llevar\u00e1 a","og_url":"https:\/\/www.editorialjuventud.es\/gaudi-un-verano-inolvidable-9788426148360\/","og_site_name":"Editorial Juventud","article_modified_time":"2025-05-16T11:57:17+00:00","og_image":[{"width":400,"height":518,"url":"https:\/\/www.editorialjuventud.es\/wp-content\/uploads\/9788426148360.jpg","type":"image\/jpeg"}],"twitter_card":"summary_large_image","twitter_misc":{"Temps estimat de lectura":"1 minut"},"schema":{"@context":"https:\/\/schema.org","@graph":[{"@type":"WebPage","@id":"https:\/\/www.editorialjuventud.es\/gaudi-un-verano-inolvidable-9788426148360\/","url":"https:\/\/www.editorialjuventud.es\/gaudi-un-verano-inolvidable-9788426148360\/","name":"Gaud\u00ed, un verano inolvidable - Editorial Juventud","isPartOf":{"@id":"https:\/\/www.editorialjuventud.es\/#website"},"primaryImageOfPage":{"@id":"https:\/\/www.editorialjuventud.es\/gaudi-un-verano-inolvidable-9788426148360\/#primaryimage"},"image":{"@id":"https:\/\/www.editorialjuventud.es\/gaudi-un-verano-inolvidable-9788426148360\/#primaryimage"},"thumbnailUrl":"https:\/\/www.editorialjuventud.es\/wp-content\/uploads\/9788426148360.jpg","datePublished":"2023-05-05T10:24:22+00:00","dateModified":"2025-05-16T11:57:17+00:00","description":"Gaud\u00ed encuentra inspiraci\u00f3n en cada elemento de la naturaleza y su imaginaci\u00f3n no conoce l\u00edmites. A sus once a\u00f1os ignora que su genialidad lo llevar\u00e1 a","breadcrumb":{"@id":"https:\/\/www.editorialjuventud.es\/gaudi-un-verano-inolvidable-9788426148360\/#breadcrumb"},"inLanguage":"ca","potentialAction":[{"@type":"ReadAction","target":["https:\/\/www.editorialjuventud.es\/gaudi-un-verano-inolvidable-9788426148360\/"]}]},{"@type":"ImageObject","inLanguage":"ca","@id":"https:\/\/www.editorialjuventud.es\/gaudi-un-verano-inolvidable-9788426148360\/#primaryimage","url":"https:\/\/www.editorialjuventud.es\/wp-content\/uploads\/9788426148360.jpg","contentUrl":"https:\/\/www.editorialjuventud.es\/wp-content\/uploads\/9788426148360.jpg","width":400,"height":518,"caption":"9788426148360.jpg"},{"@type":"BreadcrumbList","@id":"https:\/\/www.editorialjuventud.es\/gaudi-un-verano-inolvidable-9788426148360\/#breadcrumb","itemListElement":[{"@type":"ListItem","position":1,"name":"Portada","item":"https:\/\/www.editorialjuventud.es\/"},{"@type":"ListItem","position":2,"name":"cat\u00e1logo","item":"https:\/\/www.editorialjuventud.es\/coleccion\/catalogo\/"},{"@type":"ListItem","position":3,"name":"castellano","item":"https:\/\/www.editorialjuventud.es\/coleccion\/castellano\/"},{"@type":"ListItem","position":4,"name":"\u00c1lbumes Ilustrados","item":"https:\/\/www.editorialjuventud.es\/coleccion\/albumes-ilustrados\/"},{"@type":"ListItem","position":5,"name":"Arte y Creatividad","item":"https:\/\/www.editorialjuventud.es\/ca\/coleccion\/arte-y-creatividad\/"},{"@type":"ListItem","position":6,"name":"Gaud\u00ed, un verano inolvidable"}]},{"@type":"WebSite","@id":"https:\/\/www.editorialjuventud.es\/#website","url":"https:\/\/www.editorialjuventud.es\/","name":"Editorial Juventud","description":"","potentialAction":[{"@type":"SearchAction","target":{"@type":"EntryPoint","urlTemplate":"https:\/\/www.editorialjuventud.es\/?s={search_term_string}"},"query-input":{"@type":"PropertyValueSpecification","valueRequired":true,"valueName":"search_term_string"}}],"inLanguage":"ca"}]}},"_links":{"self":[{"href":"https:\/\/www.editorialjuventud.es\/ca\/wp-json\/wp\/v2\/product\/76052","targetHints":{"allow":["GET"]}}],"collection":[{"href":"https:\/\/www.editorialjuventud.es\/ca\/wp-json\/wp\/v2\/product"}],"about":[{"href":"https:\/\/www.editorialjuventud.es\/ca\/wp-json\/wp\/v2\/types\/product"}],"wp:featuredmedia":[{"embeddable":true,"href":"https:\/\/www.editorialjuventud.es\/ca\/wp-json\/wp\/v2\/media\/76053"}],"wp:attachment":[{"href":"https:\/\/www.editorialjuventud.es\/ca\/wp-json\/wp\/v2\/media?parent=76052"}],"wp:term":[{"taxonomy":"product_brand","embeddable":true,"href":"https:\/\/www.editorialjuventud.es\/ca\/wp-json\/wp\/v2\/product_brand?post=76052"},{"taxonomy":"product_cat","embeddable":true,"href":"https:\/\/www.editorialjuventud.es\/ca\/wp-json\/wp\/v2\/product_cat?post=76052"},{"taxonomy":"product_tag","embeddable":true,"href":"https:\/\/www.editorialjuventud.es\/ca\/wp-json\/wp\/v2\/product_tag?post=76052"},{"taxonomy":"coleccion","embeddable":true,"href":"https:\/\/www.editorialjuventud.es\/ca\/wp-json\/wp\/v2\/coleccion?post=76052"}],"curies":[{"name":"wp","href":"https:\/\/api.w.org\/{rel}","templated":true}]}}