{"id":76037,"date":"2023-05-05T12:23:22","date_gmt":"2023-05-05T10:23:22","guid":{"rendered":"https:\/\/www.editorialjuventud.es\/groc-9788426148278\/"},"modified":"2025-01-22T12:38:26","modified_gmt":"2025-01-22T11:38:26","slug":"groc-9788426148278","status":"publish","type":"product","link":"https:\/\/www.editorialjuventud.es\/ca\/groc-9788426148278\/","title":{"rendered":"Groc"},"content":{"rendered":"<p>Digues, mare, com \u00e9s el color groc?<br \/>Mmm, doncs&#8230;, el groc \u00e9s&#8230; Ardent i llumin\u00f3s, com l&#8217;estrella m\u00e9s propera. <br \/>Daurat i rug\u00f3s, com un ventall mil\u00b7lenari&#8230;<\/p>\n<p>Una evocadora i po\u00e8tica col\u00b7lecci\u00f3 de llibres que ens far\u00e0 sentir els colors com mai abans: amb tots els sentits. Una pe\u00e7a d&#8217;art gestada des de tots dos costats de l&#8217;espectre art\u00edstic; el de la Marta Ardite, com a gestora i historiadora de l&#8217;art, i el de la Mariona Cabassa, com a artista. Una obra amb l&#8217;estil caracter\u00edstic i colorit de Cabassa. <\/p>\n","protected":false},"excerpt":{"rendered":"Digues, mare, com \u00e9s el color groc?Mmm, doncs&#8230;, el groc \u00e9s&#8230; Ardent i llumin\u00f3s, com l&#8217;estrella m\u00e9s propera. Daurat i rug\u00f3s, com un ventall mil\u00b7lenari&#8230; Una evocadora i po\u00e8tica col\u00b7lecci\u00f3 de llibres que ens far\u00e0 sentir els colors com mai [&hellip;]","protected":false},"featured_media":76038,"template":"","meta":{"_acf_changed":false,"_exactmetrics_skip_tracking":false,"_exactmetrics_sitenote_active":false,"_exactmetrics_sitenote_note":"","_exactmetrics_sitenote_category":0},"product_brand":[],"product_cat":[899,1121,1152,1154,892,1172,1115,893,1213,1128],"product_tag":[],"coleccion":[1356,915,920],"class_list":{"0":"post-76037","1":"product","2":"type-product","3":"status-publish","4":"has-post-thumbnail","6":"product_cat-a-partir-de-3-anos","7":"product_cat-albumes-ilustrados","8":"product_cat-colores","9":"product_cat-comunicacion","10":"product_cat-edades","11":"product_cat-emociones","12":"product_cat-generos","13":"product_cat-novedades","14":"product_cat-primeros-conceptos","15":"product_cat-tematica","16":"coleccion-arc-iris","17":"coleccion-catala","18":"coleccion-els-meus-primers-llibres","20":"first","21":"instock","22":"taxable","23":"shipping-taxable","24":"purchasable","25":"product-type-simple"},"acf":{"indice":"","autor":"Ardite , Marta","codart":"4827","ediciones":"1","encuadernacion":"Carton\u00e9","fecha_de_publicacion":"01\/05\/2023","fecha_de_reimpresion":"","novedad":"0","paginas":"32","subtitulo":"","texto_web_adicional":"","autores-libros":[64884],"ilustradores-libros":[64885],"texto_web_novedad":"","orden":"999","portada":"0","texto_web_resaltado":"","traductores-libros":"","descripcion_corta":"","recomendamos":"","mas_vendido":"","idioma-libro":"","color":false,"formato":"","mas_informacion_del_producto":false,"premios":false,"deshabilitar_compra":[],"texto_enlace_cubierta":"","enlace_cubierta":{"ID":76185,"id":76185,"title":"cover BLANC_VIOLETA_BLAU_VERD_CA +taronja+groc+vermell.indd","filename":"GROC_Cat.jpg","filesize":841971,"url":"https:\/\/www.editorialjuventud.es\/wp-content\/uploads\/GROC_Cat.jpg","link":"https:\/\/www.editorialjuventud.es\/ca\/?attachment_id=76185","alt":"","author":"50","description":"","caption":"","name":"cover-blanc_violeta_blau_verd_ca-taronjagrocvermell-indd-5","status":"inherit","uploaded_to":76037,"date":"2023-05-12 12:17:42","modified":"2023-05-12 12:17:42","menu_order":0,"mime_type":"image\/jpeg","type":"image","subtype":"jpeg","icon":"https:\/\/www.editorialjuventud.es\/wp-includes\/images\/media\/default.png","width":2363,"height":2480,"sizes":{"thumbnail":"https:\/\/www.editorialjuventud.es\/wp-content\/uploads\/GROC_Cat-200x200.jpg","thumbnail-width":200,"thumbnail-height":200,"medium":"https:\/\/www.editorialjuventud.es\/wp-content\/uploads\/GROC_Cat.jpg","medium-width":2363,"medium-height":2480,"medium_large":"https:\/\/www.editorialjuventud.es\/wp-content\/uploads\/GROC_Cat-768x806.jpg","medium_large-width":768,"medium_large-height":806,"large":"https:\/\/www.editorialjuventud.es\/wp-content\/uploads\/GROC_Cat.jpg","large-width":2363,"large-height":2480,"1536x1536":"https:\/\/www.editorialjuventud.es\/wp-content\/uploads\/GROC_Cat-1464x1536.jpg","1536x1536-width":1464,"1536x1536-height":1536,"2048x2048":"https:\/\/www.editorialjuventud.es\/wp-content\/uploads\/GROC_Cat-1951x2048.jpg","2048x2048-width":1951,"2048x2048-height":2048,"woocommerce_thumbnail":"https:\/\/www.editorialjuventud.es\/wp-content\/uploads\/GROC_Cat-350x367.jpg","woocommerce_thumbnail-width":350,"woocommerce_thumbnail-height":367,"woocommerce_single":"https:\/\/www.editorialjuventud.es\/wp-content\/uploads\/GROC_Cat-900x945.jpg","woocommerce_single-width":900,"woocommerce_single-height":945,"woocommerce_gallery_thumbnail":"https:\/\/www.editorialjuventud.es\/wp-content\/uploads\/GROC_Cat-100x100.jpg","woocommerce_gallery_thumbnail-width":100,"woocommerce_gallery_thumbnail-height":100,"ppec_logo_image_size":"https:\/\/www.editorialjuventud.es\/wp-content\/uploads\/GROC_Cat-57x60.jpg","ppec_logo_image_size-width":57,"ppec_logo_image_size-height":60,"ppec_header_image_size":"https:\/\/www.editorialjuventud.es\/wp-content\/uploads\/GROC_Cat-86x90.jpg","ppec_header_image_size-width":86,"ppec_header_image_size-height":90}},"texto_enlace_ficha_tecnica":"","enlace_ficha_tecnica":{"ID":76272,"id":76272,"title":"S\u00e8rie Arc Iris_CAT","filename":"Serie-Arc-Iris_CAT.pdf","filesize":467582,"url":"https:\/\/www.editorialjuventud.es\/wp-content\/uploads\/Serie-Arc-Iris_CAT.pdf","link":"https:\/\/www.editorialjuventud.es\/ca\/?attachment_id=76272","alt":"","author":"50","description":"","caption":"","name":"serie-arc-iris_cat","status":"inherit","uploaded_to":76037,"date":"2023-05-29 07:40:43","modified":"2023-05-29 07:40:43","menu_order":0,"mime_type":"application\/pdf","type":"application","subtype":"pdf","icon":"https:\/\/www.editorialjuventud.es\/wp-includes\/images\/media\/document.png"},"ficheros":false,"titulo-fr":"","texto-fr":""},"yoast_head":"<!-- This site is optimized with the Yoast SEO plugin v27.5 - https:\/\/yoast.com\/product\/yoast-seo-wordpress\/ -->\n<title>Groc - Editorial Juventud<\/title>\n<meta name=\"description\" content=\"Digues, mare, com \u00e9s el color groc?Mmm, doncs..., el groc \u00e9s... Ardent i llumin\u00f3s, com l&#039;estrella m\u00e9s propera. Daurat i rug\u00f3s, com un ventall\" \/>\n<meta name=\"robots\" content=\"index, follow, max-snippet:-1, max-image-preview:large, max-video-preview:-1\" \/>\n<link rel=\"canonical\" href=\"https:\/\/www.editorialjuventud.es\/groc-9788426148278\/\" \/>\n<meta property=\"og:locale\" content=\"ca_ES\" \/>\n<meta property=\"og:type\" content=\"article\" \/>\n<meta property=\"og:title\" content=\"Groc - Editorial Juventud\" \/>\n<meta property=\"og:description\" content=\"Digues, mare, com \u00e9s el color groc?Mmm, doncs..., el groc \u00e9s... Ardent i llumin\u00f3s, com l&#039;estrella m\u00e9s propera. Daurat i rug\u00f3s, com un ventall\" \/>\n<meta property=\"og:url\" content=\"https:\/\/www.editorialjuventud.es\/groc-9788426148278\/\" \/>\n<meta property=\"og:site_name\" content=\"Editorial Juventud\" \/>\n<meta property=\"article:modified_time\" content=\"2025-01-22T11:38:26+00:00\" \/>\n<meta property=\"og:image\" content=\"https:\/\/www.editorialjuventud.es\/wp-content\/uploads\/9788426148278.jpg\" \/>\n\t<meta property=\"og:image:width\" content=\"400\" \/>\n\t<meta property=\"og:image:height\" content=\"420\" \/>\n\t<meta property=\"og:image:type\" content=\"image\/jpeg\" \/>\n<meta name=\"twitter:card\" content=\"summary_large_image\" \/>\n<meta name=\"twitter:label1\" content=\"Temps estimat de lectura\" \/>\n\t<meta name=\"twitter:data1\" content=\"1 minut\" \/>\n<script type=\"application\/ld+json\" class=\"yoast-schema-graph\">{\"@context\":\"https:\\\/\\\/schema.org\",\"@graph\":[{\"@type\":\"WebPage\",\"@id\":\"https:\\\/\\\/www.editorialjuventud.es\\\/groc-9788426148278\\\/\",\"url\":\"https:\\\/\\\/www.editorialjuventud.es\\\/groc-9788426148278\\\/\",\"name\":\"Groc - Editorial Juventud\",\"isPartOf\":{\"@id\":\"https:\\\/\\\/www.editorialjuventud.es\\\/#website\"},\"primaryImageOfPage\":{\"@id\":\"https:\\\/\\\/www.editorialjuventud.es\\\/groc-9788426148278\\\/#primaryimage\"},\"image\":{\"@id\":\"https:\\\/\\\/www.editorialjuventud.es\\\/groc-9788426148278\\\/#primaryimage\"},\"thumbnailUrl\":\"https:\\\/\\\/www.editorialjuventud.es\\\/wp-content\\\/uploads\\\/9788426148278.jpg\",\"datePublished\":\"2023-05-05T10:23:22+00:00\",\"dateModified\":\"2025-01-22T11:38:26+00:00\",\"description\":\"Digues, mare, com \u00e9s el color groc?Mmm, doncs..., el groc \u00e9s... Ardent i llumin\u00f3s, com l'estrella m\u00e9s propera. Daurat i rug\u00f3s, com un ventall\",\"breadcrumb\":{\"@id\":\"https:\\\/\\\/www.editorialjuventud.es\\\/groc-9788426148278\\\/#breadcrumb\"},\"inLanguage\":\"ca\",\"potentialAction\":[{\"@type\":\"ReadAction\",\"target\":[\"https:\\\/\\\/www.editorialjuventud.es\\\/groc-9788426148278\\\/\"]}]},{\"@type\":\"ImageObject\",\"inLanguage\":\"ca\",\"@id\":\"https:\\\/\\\/www.editorialjuventud.es\\\/groc-9788426148278\\\/#primaryimage\",\"url\":\"https:\\\/\\\/www.editorialjuventud.es\\\/wp-content\\\/uploads\\\/9788426148278.jpg\",\"contentUrl\":\"https:\\\/\\\/www.editorialjuventud.es\\\/wp-content\\\/uploads\\\/9788426148278.jpg\",\"width\":400,\"height\":420,\"caption\":\"9788426148278.jpg\"},{\"@type\":\"BreadcrumbList\",\"@id\":\"https:\\\/\\\/www.editorialjuventud.es\\\/groc-9788426148278\\\/#breadcrumb\",\"itemListElement\":[{\"@type\":\"ListItem\",\"position\":1,\"name\":\"Portada\",\"item\":\"https:\\\/\\\/www.editorialjuventud.es\\\/\"},{\"@type\":\"ListItem\",\"position\":2,\"name\":\"cat\u00e1logo\",\"item\":\"https:\\\/\\\/www.editorialjuventud.es\\\/coleccion\\\/catalogo\\\/\"},{\"@type\":\"ListItem\",\"position\":3,\"name\":\"catal\u00e0\",\"item\":\"https:\\\/\\\/www.editorialjuventud.es\\\/coleccion\\\/catala\\\/\"},{\"@type\":\"ListItem\",\"position\":4,\"name\":\"Els Meus Primers Llibres\",\"item\":\"https:\\\/\\\/www.editorialjuventud.es\\\/ca\\\/coleccion\\\/els-meus-primers-llibres\\\/\"},{\"@type\":\"ListItem\",\"position\":5,\"name\":\"Arc \u00cdris\",\"item\":\"https:\\\/\\\/www.editorialjuventud.es\\\/ca\\\/coleccion\\\/arc-iris\\\/\"},{\"@type\":\"ListItem\",\"position\":6,\"name\":\"Groc\"}]},{\"@type\":\"WebSite\",\"@id\":\"https:\\\/\\\/www.editorialjuventud.es\\\/#website\",\"url\":\"https:\\\/\\\/www.editorialjuventud.es\\\/\",\"name\":\"Editorial Juventud\",\"description\":\"\",\"potentialAction\":[{\"@type\":\"SearchAction\",\"target\":{\"@type\":\"EntryPoint\",\"urlTemplate\":\"https:\\\/\\\/www.editorialjuventud.es\\\/?s={search_term_string}\"},\"query-input\":{\"@type\":\"PropertyValueSpecification\",\"valueRequired\":true,\"valueName\":\"search_term_string\"}}],\"inLanguage\":\"ca\"}]}<\/script>\n<!-- \/ Yoast SEO plugin. -->","yoast_head_json":{"title":"Groc - Editorial Juventud","description":"Digues, mare, com \u00e9s el color groc?Mmm, doncs..., el groc \u00e9s... Ardent i llumin\u00f3s, com l'estrella m\u00e9s propera. Daurat i rug\u00f3s, com un ventall","robots":{"index":"index","follow":"follow","max-snippet":"max-snippet:-1","max-image-preview":"max-image-preview:large","max-video-preview":"max-video-preview:-1"},"canonical":"https:\/\/www.editorialjuventud.es\/groc-9788426148278\/","og_locale":"ca_ES","og_type":"article","og_title":"Groc - Editorial Juventud","og_description":"Digues, mare, com \u00e9s el color groc?Mmm, doncs..., el groc \u00e9s... Ardent i llumin\u00f3s, com l'estrella m\u00e9s propera. Daurat i rug\u00f3s, com un ventall","og_url":"https:\/\/www.editorialjuventud.es\/groc-9788426148278\/","og_site_name":"Editorial Juventud","article_modified_time":"2025-01-22T11:38:26+00:00","og_image":[{"width":400,"height":420,"url":"https:\/\/www.editorialjuventud.es\/wp-content\/uploads\/9788426148278.jpg","type":"image\/jpeg"}],"twitter_card":"summary_large_image","twitter_misc":{"Temps estimat de lectura":"1 minut"},"schema":{"@context":"https:\/\/schema.org","@graph":[{"@type":"WebPage","@id":"https:\/\/www.editorialjuventud.es\/groc-9788426148278\/","url":"https:\/\/www.editorialjuventud.es\/groc-9788426148278\/","name":"Groc - Editorial Juventud","isPartOf":{"@id":"https:\/\/www.editorialjuventud.es\/#website"},"primaryImageOfPage":{"@id":"https:\/\/www.editorialjuventud.es\/groc-9788426148278\/#primaryimage"},"image":{"@id":"https:\/\/www.editorialjuventud.es\/groc-9788426148278\/#primaryimage"},"thumbnailUrl":"https:\/\/www.editorialjuventud.es\/wp-content\/uploads\/9788426148278.jpg","datePublished":"2023-05-05T10:23:22+00:00","dateModified":"2025-01-22T11:38:26+00:00","description":"Digues, mare, com \u00e9s el color groc?Mmm, doncs..., el groc \u00e9s... Ardent i llumin\u00f3s, com l'estrella m\u00e9s propera. Daurat i rug\u00f3s, com un ventall","breadcrumb":{"@id":"https:\/\/www.editorialjuventud.es\/groc-9788426148278\/#breadcrumb"},"inLanguage":"ca","potentialAction":[{"@type":"ReadAction","target":["https:\/\/www.editorialjuventud.es\/groc-9788426148278\/"]}]},{"@type":"ImageObject","inLanguage":"ca","@id":"https:\/\/www.editorialjuventud.es\/groc-9788426148278\/#primaryimage","url":"https:\/\/www.editorialjuventud.es\/wp-content\/uploads\/9788426148278.jpg","contentUrl":"https:\/\/www.editorialjuventud.es\/wp-content\/uploads\/9788426148278.jpg","width":400,"height":420,"caption":"9788426148278.jpg"},{"@type":"BreadcrumbList","@id":"https:\/\/www.editorialjuventud.es\/groc-9788426148278\/#breadcrumb","itemListElement":[{"@type":"ListItem","position":1,"name":"Portada","item":"https:\/\/www.editorialjuventud.es\/"},{"@type":"ListItem","position":2,"name":"cat\u00e1logo","item":"https:\/\/www.editorialjuventud.es\/coleccion\/catalogo\/"},{"@type":"ListItem","position":3,"name":"catal\u00e0","item":"https:\/\/www.editorialjuventud.es\/coleccion\/catala\/"},{"@type":"ListItem","position":4,"name":"Els Meus Primers Llibres","item":"https:\/\/www.editorialjuventud.es\/ca\/coleccion\/els-meus-primers-llibres\/"},{"@type":"ListItem","position":5,"name":"Arc \u00cdris","item":"https:\/\/www.editorialjuventud.es\/ca\/coleccion\/arc-iris\/"},{"@type":"ListItem","position":6,"name":"Groc"}]},{"@type":"WebSite","@id":"https:\/\/www.editorialjuventud.es\/#website","url":"https:\/\/www.editorialjuventud.es\/","name":"Editorial Juventud","description":"","potentialAction":[{"@type":"SearchAction","target":{"@type":"EntryPoint","urlTemplate":"https:\/\/www.editorialjuventud.es\/?s={search_term_string}"},"query-input":{"@type":"PropertyValueSpecification","valueRequired":true,"valueName":"search_term_string"}}],"inLanguage":"ca"}]}},"_links":{"self":[{"href":"https:\/\/www.editorialjuventud.es\/ca\/wp-json\/wp\/v2\/product\/76037","targetHints":{"allow":["GET"]}}],"collection":[{"href":"https:\/\/www.editorialjuventud.es\/ca\/wp-json\/wp\/v2\/product"}],"about":[{"href":"https:\/\/www.editorialjuventud.es\/ca\/wp-json\/wp\/v2\/types\/product"}],"wp:featuredmedia":[{"embeddable":true,"href":"https:\/\/www.editorialjuventud.es\/ca\/wp-json\/wp\/v2\/media\/76038"}],"wp:attachment":[{"href":"https:\/\/www.editorialjuventud.es\/ca\/wp-json\/wp\/v2\/media?parent=76037"}],"wp:term":[{"taxonomy":"product_brand","embeddable":true,"href":"https:\/\/www.editorialjuventud.es\/ca\/wp-json\/wp\/v2\/product_brand?post=76037"},{"taxonomy":"product_cat","embeddable":true,"href":"https:\/\/www.editorialjuventud.es\/ca\/wp-json\/wp\/v2\/product_cat?post=76037"},{"taxonomy":"product_tag","embeddable":true,"href":"https:\/\/www.editorialjuventud.es\/ca\/wp-json\/wp\/v2\/product_tag?post=76037"},{"taxonomy":"coleccion","embeddable":true,"href":"https:\/\/www.editorialjuventud.es\/ca\/wp-json\/wp\/v2\/coleccion?post=76037"}],"curies":[{"name":"wp","href":"https:\/\/api.w.org\/{rel}","templated":true}]}}