{"id":75768,"date":"2023-04-03T12:58:22","date_gmt":"2023-04-03T10:58:22","guid":{"rendered":"https:\/\/www.editorialjuventud.es\/una-ciutat-a-mart-9788426148353\/"},"modified":"2025-01-22T12:37:25","modified_gmt":"2025-01-22T11:37:25","slug":"una-ciutat-a-mart-9788426148353","status":"publish","type":"product","link":"https:\/\/www.editorialjuventud.es\/ca\/una-ciutat-a-mart-9788426148353\/","title":{"rendered":"Una ciutat a Mart"},"content":{"rendered":"<p>Els humans som animals curiosos. Les ganes de con\u00e8ixer i la cerca de nous recursos ens han emp\u00e8s a escalar muntanyes, conquerir els pols o creuar immensos mars. Aquesta recerca incansable ens ha portat a l&#8217;espai. M\u00e9s enll\u00e0, ens espera l&#8217;\u00faltima frontera: Mart.<\/p>\n<p>La ci\u00e8ncia, la tecnologia i la imaginaci\u00f3 ens acompanyen en un espectacular viatge per con\u00e8ixer el Planeta Vermell i saber com ser\u00e0 la vida dels seus primers habitants. Mart ens ofereix l&#8217;oportunitat de comen\u00e7ar de zero. A punt per al llan\u00e7ament? Un \u00e0lbum escrit per emin\u00e8ncies en la mat\u00e8ria.   <\/p>\n","protected":false},"excerpt":{"rendered":"Els humans som animals curiosos. Les ganes de con\u00e8ixer i la cerca de nous recursos ens han emp\u00e8s a escalar muntanyes, conquerir els pols o creuar immensos mars. Aquesta recerca incansable ens ha portat a l&#8217;espai. M\u00e9s enll\u00e0, ens espera [&hellip;]","protected":false},"featured_media":75769,"template":"","meta":{"_acf_changed":false,"_exactmetrics_skip_tracking":false,"_exactmetrics_sitenote_active":false,"_exactmetrics_sitenote_note":"","_exactmetrics_sitenote_category":0},"product_brand":[],"product_cat":[894,1121,1139,1142,1149,892,1115,1288,893,1223,1293,1128,1228],"product_tag":[],"coleccion":[917,915,946],"class_list":{"0":"post-75768","1":"product","2":"type-product","3":"status-publish","4":"has-post-thumbnail","6":"product_cat-a-partir-de-10-anos","7":"product_cat-albumes-ilustrados","8":"product_cat-arquitectura","9":"product_cat-aventura","10":"product_cat-ciencia","11":"product_cat-edades","12":"product_cat-generos","13":"product_cat-inventores","14":"product_cat-novedades","15":"product_cat-supervivencia","16":"product_cat-tecnologia","17":"product_cat-tematica","18":"product_cat-universo-espacio","19":"coleccion-albums-illustrats","20":"coleccion-catala","21":"coleccion-com-i-per-que","23":"first","24":"instock","25":"taxable","26":"shipping-taxable","27":"purchasable","28":"product-type-simple"},"acf":{"indice":"","autor":"Kaid-Salah Ferr\u00f3n, Sheddad; Anglada-Escud\u00e9 , Guillem; Sureda Anfres, Miquel","codart":"4835","ediciones":"1","encuadernacion":"Carton\u00e9","fecha_de_publicacion":"01\/04\/2023","fecha_de_reimpresion":"","novedad":"0","paginas":"56","subtitulo":"","texto_web_adicional":"","autores-libros":[75752,75753,16442],"ilustradores-libros":[17344],"texto_web_novedad":"","orden":"999","portada":"0","texto_web_resaltado":"","traductores-libros":"","descripcion_corta":"","recomendamos":"","mas_vendido":"","idioma-libro":"","color":false,"formato":"","mas_informacion_del_producto":false,"premios":false,"deshabilitar_compra":[],"texto_enlace_cubierta":"","enlace_cubierta":{"ID":75802,"id":75802,"title":"covers UNA CIUDAD EN MARTE (2 idiomas)_mercedes.indd","filename":"UNA-CIUTAT-A-MART_CA_Cover-scaled.jpg","filesize":1138922,"url":"https:\/\/www.editorialjuventud.es\/wp-content\/uploads\/UNA-CIUTAT-A-MART_CA_Cover-scaled.jpg","link":"https:\/\/www.editorialjuventud.es\/ca\/?attachment_id=75802","alt":"","author":"50","description":"","caption":"","name":"covers-una-ciudad-en-marte-2-idiomas_mercedes-indd-4","status":"inherit","uploaded_to":75768,"date":"2023-04-04 09:39:04","modified":"2023-04-04 09:39:04","menu_order":0,"mime_type":"image\/jpeg","type":"image","subtype":"jpeg","icon":"https:\/\/www.editorialjuventud.es\/wp-includes\/images\/media\/default.png","width":2002,"height":2560,"sizes":{"thumbnail":"https:\/\/www.editorialjuventud.es\/wp-content\/uploads\/UNA-CIUTAT-A-MART_CA_Cover-200x200.jpg","thumbnail-width":200,"thumbnail-height":200,"medium":"https:\/\/www.editorialjuventud.es\/wp-content\/uploads\/UNA-CIUTAT-A-MART_CA_Cover-scaled.jpg","medium-width":2002,"medium-height":2560,"medium_large":"https:\/\/www.editorialjuventud.es\/wp-content\/uploads\/UNA-CIUTAT-A-MART_CA_Cover-768x982.jpg","medium_large-width":768,"medium_large-height":982,"large":"https:\/\/www.editorialjuventud.es\/wp-content\/uploads\/UNA-CIUTAT-A-MART_CA_Cover-scaled.jpg","large-width":2002,"large-height":2560,"1536x1536":"https:\/\/www.editorialjuventud.es\/wp-content\/uploads\/UNA-CIUTAT-A-MART_CA_Cover-1201x1536.jpg","1536x1536-width":1201,"1536x1536-height":1536,"2048x2048":"https:\/\/www.editorialjuventud.es\/wp-content\/uploads\/UNA-CIUTAT-A-MART_CA_Cover-1602x2048.jpg","2048x2048-width":1602,"2048x2048-height":2048,"woocommerce_thumbnail":"https:\/\/www.editorialjuventud.es\/wp-content\/uploads\/UNA-CIUTAT-A-MART_CA_Cover-350x448.jpg","woocommerce_thumbnail-width":350,"woocommerce_thumbnail-height":448,"woocommerce_single":"https:\/\/www.editorialjuventud.es\/wp-content\/uploads\/UNA-CIUTAT-A-MART_CA_Cover-900x1151.jpg","woocommerce_single-width":900,"woocommerce_single-height":1151,"woocommerce_gallery_thumbnail":"https:\/\/www.editorialjuventud.es\/wp-content\/uploads\/UNA-CIUTAT-A-MART_CA_Cover-100x100.jpg","woocommerce_gallery_thumbnail-width":100,"woocommerce_gallery_thumbnail-height":100,"ppec_logo_image_size":"https:\/\/www.editorialjuventud.es\/wp-content\/uploads\/UNA-CIUTAT-A-MART_CA_Cover-47x60.jpg","ppec_logo_image_size-width":47,"ppec_logo_image_size-height":60,"ppec_header_image_size":"https:\/\/www.editorialjuventud.es\/wp-content\/uploads\/UNA-CIUTAT-A-MART_CA_Cover-70x90.jpg","ppec_header_image_size-width":70,"ppec_header_image_size-height":90}},"texto_enlace_ficha_tecnica":"","enlace_ficha_tecnica":{"ID":75998,"id":75998,"title":"UNA CIUTATA MART_CAT","filename":"UNA-CIUTATA-MART_CAT.pdf","filesize":501249,"url":"https:\/\/www.editorialjuventud.es\/wp-content\/uploads\/UNA-CIUTATA-MART_CAT.pdf","link":"https:\/\/www.editorialjuventud.es\/ca\/?attachment_id=75998","alt":"","author":"50","description":"","caption":"","name":"una-ciutata-mart_cat","status":"inherit","uploaded_to":75768,"date":"2023-05-03 10:17:29","modified":"2023-05-03 10:17:29","menu_order":0,"mime_type":"application\/pdf","type":"application","subtype":"pdf","icon":"https:\/\/www.editorialjuventud.es\/wp-includes\/images\/media\/document.png"},"ficheros":false,"titulo-fr":"","texto-fr":""},"yoast_head":"<!-- This site is optimized with the Yoast SEO plugin v27.5 - https:\/\/yoast.com\/product\/yoast-seo-wordpress\/ -->\n<title>Una ciutat a Mart - Editorial Juventud<\/title>\n<meta name=\"description\" content=\"Els humans som animals curiosos. Les ganes de con\u00e8ixer i la cerca de nous recursos ens han emp\u00e8s a escalar muntanyes, conquerir els pols o creuar immensos\" \/>\n<meta name=\"robots\" content=\"index, follow, max-snippet:-1, max-image-preview:large, max-video-preview:-1\" \/>\n<link rel=\"canonical\" href=\"https:\/\/www.editorialjuventud.es\/una-ciutat-a-mart-9788426148353\/\" \/>\n<meta property=\"og:locale\" content=\"ca_ES\" \/>\n<meta property=\"og:type\" content=\"article\" \/>\n<meta property=\"og:title\" content=\"Una ciutat a Mart - Editorial Juventud\" \/>\n<meta property=\"og:description\" content=\"Els humans som animals curiosos. Les ganes de con\u00e8ixer i la cerca de nous recursos ens han emp\u00e8s a escalar muntanyes, conquerir els pols o creuar immensos\" \/>\n<meta property=\"og:url\" content=\"https:\/\/www.editorialjuventud.es\/una-ciutat-a-mart-9788426148353\/\" \/>\n<meta property=\"og:site_name\" content=\"Editorial Juventud\" \/>\n<meta property=\"article:modified_time\" content=\"2025-01-22T11:37:25+00:00\" \/>\n<meta property=\"og:image\" content=\"https:\/\/www.editorialjuventud.es\/wp-content\/uploads\/9788426148353.jpg\" \/>\n\t<meta property=\"og:image:width\" content=\"450\" \/>\n\t<meta property=\"og:image:height\" content=\"576\" \/>\n\t<meta property=\"og:image:type\" content=\"image\/jpeg\" \/>\n<meta name=\"twitter:card\" content=\"summary_large_image\" \/>\n<meta name=\"twitter:label1\" content=\"Temps estimat de lectura\" \/>\n\t<meta name=\"twitter:data1\" content=\"1 minut\" \/>\n<script type=\"application\/ld+json\" class=\"yoast-schema-graph\">{\"@context\":\"https:\\\/\\\/schema.org\",\"@graph\":[{\"@type\":\"WebPage\",\"@id\":\"https:\\\/\\\/www.editorialjuventud.es\\\/una-ciutat-a-mart-9788426148353\\\/\",\"url\":\"https:\\\/\\\/www.editorialjuventud.es\\\/una-ciutat-a-mart-9788426148353\\\/\",\"name\":\"Una ciutat a Mart - Editorial Juventud\",\"isPartOf\":{\"@id\":\"https:\\\/\\\/www.editorialjuventud.es\\\/#website\"},\"primaryImageOfPage\":{\"@id\":\"https:\\\/\\\/www.editorialjuventud.es\\\/una-ciutat-a-mart-9788426148353\\\/#primaryimage\"},\"image\":{\"@id\":\"https:\\\/\\\/www.editorialjuventud.es\\\/una-ciutat-a-mart-9788426148353\\\/#primaryimage\"},\"thumbnailUrl\":\"https:\\\/\\\/www.editorialjuventud.es\\\/wp-content\\\/uploads\\\/9788426148353.jpg\",\"datePublished\":\"2023-04-03T10:58:22+00:00\",\"dateModified\":\"2025-01-22T11:37:25+00:00\",\"description\":\"Els humans som animals curiosos. Les ganes de con\u00e8ixer i la cerca de nous recursos ens han emp\u00e8s a escalar muntanyes, conquerir els pols o creuar immensos\",\"breadcrumb\":{\"@id\":\"https:\\\/\\\/www.editorialjuventud.es\\\/una-ciutat-a-mart-9788426148353\\\/#breadcrumb\"},\"inLanguage\":\"ca\",\"potentialAction\":[{\"@type\":\"ReadAction\",\"target\":[\"https:\\\/\\\/www.editorialjuventud.es\\\/una-ciutat-a-mart-9788426148353\\\/\"]}]},{\"@type\":\"ImageObject\",\"inLanguage\":\"ca\",\"@id\":\"https:\\\/\\\/www.editorialjuventud.es\\\/una-ciutat-a-mart-9788426148353\\\/#primaryimage\",\"url\":\"https:\\\/\\\/www.editorialjuventud.es\\\/wp-content\\\/uploads\\\/9788426148353.jpg\",\"contentUrl\":\"https:\\\/\\\/www.editorialjuventud.es\\\/wp-content\\\/uploads\\\/9788426148353.jpg\",\"width\":450,\"height\":576,\"caption\":\"9788426148353.jpg\"},{\"@type\":\"BreadcrumbList\",\"@id\":\"https:\\\/\\\/www.editorialjuventud.es\\\/una-ciutat-a-mart-9788426148353\\\/#breadcrumb\",\"itemListElement\":[{\"@type\":\"ListItem\",\"position\":1,\"name\":\"Portada\",\"item\":\"https:\\\/\\\/www.editorialjuventud.es\\\/\"},{\"@type\":\"ListItem\",\"position\":2,\"name\":\"cat\u00e1logo\",\"item\":\"https:\\\/\\\/www.editorialjuventud.es\\\/coleccion\\\/catalogo\\\/\"},{\"@type\":\"ListItem\",\"position\":3,\"name\":\"catal\u00e0\",\"item\":\"https:\\\/\\\/www.editorialjuventud.es\\\/coleccion\\\/catala\\\/\"},{\"@type\":\"ListItem\",\"position\":4,\"name\":\"\u00c0lbums Il\u00b7lustrats\",\"item\":\"https:\\\/\\\/www.editorialjuventud.es\\\/coleccion\\\/albums-il%c2%b7lustrats\\\/\"},{\"@type\":\"ListItem\",\"position\":5,\"name\":\"Com i Per qu\u00e8\",\"item\":\"https:\\\/\\\/www.editorialjuventud.es\\\/coleccion\\\/com-i-per-que\\\/\"},{\"@type\":\"ListItem\",\"position\":6,\"name\":\"Una ciutat a Mart\"}]},{\"@type\":\"WebSite\",\"@id\":\"https:\\\/\\\/www.editorialjuventud.es\\\/#website\",\"url\":\"https:\\\/\\\/www.editorialjuventud.es\\\/\",\"name\":\"Editorial Juventud\",\"description\":\"\",\"potentialAction\":[{\"@type\":\"SearchAction\",\"target\":{\"@type\":\"EntryPoint\",\"urlTemplate\":\"https:\\\/\\\/www.editorialjuventud.es\\\/?s={search_term_string}\"},\"query-input\":{\"@type\":\"PropertyValueSpecification\",\"valueRequired\":true,\"valueName\":\"search_term_string\"}}],\"inLanguage\":\"ca\"}]}<\/script>\n<!-- \/ Yoast SEO plugin. -->","yoast_head_json":{"title":"Una ciutat a Mart - Editorial Juventud","description":"Els humans som animals curiosos. Les ganes de con\u00e8ixer i la cerca de nous recursos ens han emp\u00e8s a escalar muntanyes, conquerir els pols o creuar immensos","robots":{"index":"index","follow":"follow","max-snippet":"max-snippet:-1","max-image-preview":"max-image-preview:large","max-video-preview":"max-video-preview:-1"},"canonical":"https:\/\/www.editorialjuventud.es\/una-ciutat-a-mart-9788426148353\/","og_locale":"ca_ES","og_type":"article","og_title":"Una ciutat a Mart - Editorial Juventud","og_description":"Els humans som animals curiosos. Les ganes de con\u00e8ixer i la cerca de nous recursos ens han emp\u00e8s a escalar muntanyes, conquerir els pols o creuar immensos","og_url":"https:\/\/www.editorialjuventud.es\/una-ciutat-a-mart-9788426148353\/","og_site_name":"Editorial Juventud","article_modified_time":"2025-01-22T11:37:25+00:00","og_image":[{"width":450,"height":576,"url":"https:\/\/www.editorialjuventud.es\/wp-content\/uploads\/9788426148353.jpg","type":"image\/jpeg"}],"twitter_card":"summary_large_image","twitter_misc":{"Temps estimat de lectura":"1 minut"},"schema":{"@context":"https:\/\/schema.org","@graph":[{"@type":"WebPage","@id":"https:\/\/www.editorialjuventud.es\/una-ciutat-a-mart-9788426148353\/","url":"https:\/\/www.editorialjuventud.es\/una-ciutat-a-mart-9788426148353\/","name":"Una ciutat a Mart - Editorial Juventud","isPartOf":{"@id":"https:\/\/www.editorialjuventud.es\/#website"},"primaryImageOfPage":{"@id":"https:\/\/www.editorialjuventud.es\/una-ciutat-a-mart-9788426148353\/#primaryimage"},"image":{"@id":"https:\/\/www.editorialjuventud.es\/una-ciutat-a-mart-9788426148353\/#primaryimage"},"thumbnailUrl":"https:\/\/www.editorialjuventud.es\/wp-content\/uploads\/9788426148353.jpg","datePublished":"2023-04-03T10:58:22+00:00","dateModified":"2025-01-22T11:37:25+00:00","description":"Els humans som animals curiosos. Les ganes de con\u00e8ixer i la cerca de nous recursos ens han emp\u00e8s a escalar muntanyes, conquerir els pols o creuar immensos","breadcrumb":{"@id":"https:\/\/www.editorialjuventud.es\/una-ciutat-a-mart-9788426148353\/#breadcrumb"},"inLanguage":"ca","potentialAction":[{"@type":"ReadAction","target":["https:\/\/www.editorialjuventud.es\/una-ciutat-a-mart-9788426148353\/"]}]},{"@type":"ImageObject","inLanguage":"ca","@id":"https:\/\/www.editorialjuventud.es\/una-ciutat-a-mart-9788426148353\/#primaryimage","url":"https:\/\/www.editorialjuventud.es\/wp-content\/uploads\/9788426148353.jpg","contentUrl":"https:\/\/www.editorialjuventud.es\/wp-content\/uploads\/9788426148353.jpg","width":450,"height":576,"caption":"9788426148353.jpg"},{"@type":"BreadcrumbList","@id":"https:\/\/www.editorialjuventud.es\/una-ciutat-a-mart-9788426148353\/#breadcrumb","itemListElement":[{"@type":"ListItem","position":1,"name":"Portada","item":"https:\/\/www.editorialjuventud.es\/"},{"@type":"ListItem","position":2,"name":"cat\u00e1logo","item":"https:\/\/www.editorialjuventud.es\/coleccion\/catalogo\/"},{"@type":"ListItem","position":3,"name":"catal\u00e0","item":"https:\/\/www.editorialjuventud.es\/coleccion\/catala\/"},{"@type":"ListItem","position":4,"name":"\u00c0lbums Il\u00b7lustrats","item":"https:\/\/www.editorialjuventud.es\/coleccion\/albums-il%c2%b7lustrats\/"},{"@type":"ListItem","position":5,"name":"Com i Per qu\u00e8","item":"https:\/\/www.editorialjuventud.es\/coleccion\/com-i-per-que\/"},{"@type":"ListItem","position":6,"name":"Una ciutat a Mart"}]},{"@type":"WebSite","@id":"https:\/\/www.editorialjuventud.es\/#website","url":"https:\/\/www.editorialjuventud.es\/","name":"Editorial Juventud","description":"","potentialAction":[{"@type":"SearchAction","target":{"@type":"EntryPoint","urlTemplate":"https:\/\/www.editorialjuventud.es\/?s={search_term_string}"},"query-input":{"@type":"PropertyValueSpecification","valueRequired":true,"valueName":"search_term_string"}}],"inLanguage":"ca"}]}},"_links":{"self":[{"href":"https:\/\/www.editorialjuventud.es\/ca\/wp-json\/wp\/v2\/product\/75768","targetHints":{"allow":["GET"]}}],"collection":[{"href":"https:\/\/www.editorialjuventud.es\/ca\/wp-json\/wp\/v2\/product"}],"about":[{"href":"https:\/\/www.editorialjuventud.es\/ca\/wp-json\/wp\/v2\/types\/product"}],"wp:featuredmedia":[{"embeddable":true,"href":"https:\/\/www.editorialjuventud.es\/ca\/wp-json\/wp\/v2\/media\/75769"}],"wp:attachment":[{"href":"https:\/\/www.editorialjuventud.es\/ca\/wp-json\/wp\/v2\/media?parent=75768"}],"wp:term":[{"taxonomy":"product_brand","embeddable":true,"href":"https:\/\/www.editorialjuventud.es\/ca\/wp-json\/wp\/v2\/product_brand?post=75768"},{"taxonomy":"product_cat","embeddable":true,"href":"https:\/\/www.editorialjuventud.es\/ca\/wp-json\/wp\/v2\/product_cat?post=75768"},{"taxonomy":"product_tag","embeddable":true,"href":"https:\/\/www.editorialjuventud.es\/ca\/wp-json\/wp\/v2\/product_tag?post=75768"},{"taxonomy":"coleccion","embeddable":true,"href":"https:\/\/www.editorialjuventud.es\/ca\/wp-json\/wp\/v2\/coleccion?post=75768"}],"curies":[{"name":"wp","href":"https:\/\/api.w.org\/{rel}","templated":true}]}}