{"id":75765,"date":"2023-04-03T12:57:53","date_gmt":"2023-04-03T10:57:53","guid":{"rendered":"https:\/\/www.editorialjuventud.es\/una-ciudad-en-marte-9788426148346\/"},"modified":"2025-04-30T11:47:14","modified_gmt":"2025-04-30T09:47:14","slug":"una-ciudad-en-marte-9788426148346","status":"publish","type":"product","link":"https:\/\/www.editorialjuventud.es\/ca\/una-ciudad-en-marte-9788426148346\/","title":{"rendered":"Una ciudad en Marte"},"content":{"rendered":"<p>Los humanos somos animales curiosos. Las ganas de conocer y la b\u00fasqueda de nuevos recursos nos han empujado a escalar monta\u00f1as, conquistar los polos o cruzar inmensos mares. Esta b\u00fasqueda incansable nos ha llevado hasta el espacio. M\u00e1s all\u00e1, nos espera la \u00faltima frontera: Marte.<\/p>\n<p>La ciencia, la tecnolog\u00eda y la imaginaci\u00f3n nos acompa\u00f1an en un espectacular viaje para conocer el Planeta Rojo y descubrir c\u00f3mo ser\u00e1 la vida de sus primeros habitantes. Marte nos brinda la oportunidad de empezar de cero&#8230; \u00bfA punto para el lanzamiento? Un libro escrito por eminencias en la materia.<\/p>\n","protected":false},"excerpt":{"rendered":"Los humanos somos animales curiosos. Las ganas de conocer y la b\u00fasqueda de nuevos recursos nos han empujado a escalar monta\u00f1as, conquistar los polos o cruzar inmensos mares. Esta b\u00fasqueda incansable nos ha llevado hasta el espacio. M\u00e1s all\u00e1, nos [&hellip;]","protected":false},"featured_media":75766,"template":"","meta":{"_acf_changed":false,"_exactmetrics_skip_tracking":false,"_exactmetrics_sitenote_active":false,"_exactmetrics_sitenote_note":"","_exactmetrics_sitenote_category":0},"product_brand":[],"product_cat":[894,1121,1139,1142,1149,892,1115,1288,893,1223,1293,1128,1228],"product_tag":[],"coleccion":[928,916,987],"class_list":{"0":"post-75765","1":"product","2":"type-product","3":"status-publish","4":"has-post-thumbnail","6":"product_cat-a-partir-de-10-anos","7":"product_cat-albumes-ilustrados","8":"product_cat-arquitectura","9":"product_cat-aventura","10":"product_cat-ciencia","11":"product_cat-edades","12":"product_cat-generos","13":"product_cat-inventores","14":"product_cat-novedades","15":"product_cat-supervivencia","16":"product_cat-tecnologia","17":"product_cat-tematica","18":"product_cat-universo-espacio","19":"coleccion-albumes-ilustrados","20":"coleccion-castellano","21":"coleccion-conocer-y-comprender","23":"first","24":"instock","25":"taxable","26":"shipping-taxable","27":"purchasable","28":"product-type-simple"},"acf":{"indice":"","autor":"Kaid-Salah Ferr\u00f3n, Sheddad; Sureda Anfres, Miquel; Anglada-Escud\u00e9 , Guillem","codart":"4834","ediciones":"1","encuadernacion":"Carton\u00e9","fecha_de_publicacion":"01\/04\/2023","fecha_de_reimpresion":"","novedad":"0","paginas":"56","subtitulo":"","texto_web_adicional":"","autores-libros":[75752,75753,16442],"ilustradores-libros":[17344],"texto_web_novedad":"","orden":"999","portada":"0","texto_web_resaltado":"","traductores-libros":"","descripcion_corta":"","recomendamos":"","mas_vendido":"","idioma-libro":"","color":false,"formato":"","mas_informacion_del_producto":false,"premios":false,"deshabilitar_compra":[],"texto_enlace_cubierta":"","enlace_cubierta":{"ID":75786,"id":75786,"title":"covers UNA CIUDAD EN MARTE (2 idiomas)_mercedes.indd","filename":"UNA-CIUDAD-EN-MARTE_ES_Cover-scaled.jpg","filesize":1156238,"url":"https:\/\/www.editorialjuventud.es\/wp-content\/uploads\/UNA-CIUDAD-EN-MARTE_ES_Cover-scaled.jpg","link":"https:\/\/www.editorialjuventud.es\/ca\/?attachment_id=75786","alt":"","author":"50","description":"","caption":"","name":"covers-una-ciudad-en-marte-2-idiomas_mercedes-indd-3","status":"inherit","uploaded_to":75765,"date":"2023-04-04 09:34:11","modified":"2023-04-04 09:34:11","menu_order":0,"mime_type":"image\/jpeg","type":"image","subtype":"jpeg","icon":"https:\/\/www.editorialjuventud.es\/wp-includes\/images\/media\/default.png","width":2001,"height":2560,"sizes":{"thumbnail":"https:\/\/www.editorialjuventud.es\/wp-content\/uploads\/UNA-CIUDAD-EN-MARTE_ES_Cover-200x200.jpg","thumbnail-width":200,"thumbnail-height":200,"medium":"https:\/\/www.editorialjuventud.es\/wp-content\/uploads\/UNA-CIUDAD-EN-MARTE_ES_Cover-scaled.jpg","medium-width":2001,"medium-height":2560,"medium_large":"https:\/\/www.editorialjuventud.es\/wp-content\/uploads\/UNA-CIUDAD-EN-MARTE_ES_Cover-768x983.jpg","medium_large-width":768,"medium_large-height":983,"large":"https:\/\/www.editorialjuventud.es\/wp-content\/uploads\/UNA-CIUDAD-EN-MARTE_ES_Cover-scaled.jpg","large-width":2001,"large-height":2560,"1536x1536":"https:\/\/www.editorialjuventud.es\/wp-content\/uploads\/UNA-CIUDAD-EN-MARTE_ES_Cover-1201x1536.jpg","1536x1536-width":1201,"1536x1536-height":1536,"2048x2048":"https:\/\/www.editorialjuventud.es\/wp-content\/uploads\/UNA-CIUDAD-EN-MARTE_ES_Cover-1601x2048.jpg","2048x2048-width":1601,"2048x2048-height":2048,"woocommerce_thumbnail":"https:\/\/www.editorialjuventud.es\/wp-content\/uploads\/UNA-CIUDAD-EN-MARTE_ES_Cover-350x448.jpg","woocommerce_thumbnail-width":350,"woocommerce_thumbnail-height":448,"woocommerce_single":"https:\/\/www.editorialjuventud.es\/wp-content\/uploads\/UNA-CIUDAD-EN-MARTE_ES_Cover-900x1152.jpg","woocommerce_single-width":900,"woocommerce_single-height":1152,"woocommerce_gallery_thumbnail":"https:\/\/www.editorialjuventud.es\/wp-content\/uploads\/UNA-CIUDAD-EN-MARTE_ES_Cover-100x100.jpg","woocommerce_gallery_thumbnail-width":100,"woocommerce_gallery_thumbnail-height":100,"ppec_logo_image_size":"https:\/\/www.editorialjuventud.es\/wp-content\/uploads\/UNA-CIUDAD-EN-MARTE_ES_Cover-47x60.jpg","ppec_logo_image_size-width":47,"ppec_logo_image_size-height":60,"ppec_header_image_size":"https:\/\/www.editorialjuventud.es\/wp-content\/uploads\/UNA-CIUDAD-EN-MARTE_ES_Cover-70x90.jpg","ppec_header_image_size-width":70,"ppec_header_image_size-height":90}},"texto_enlace_ficha_tecnica":"","enlace_ficha_tecnica":{"ID":75994,"id":75994,"title":"UNA CIUDAD EN MARTE_CAST","filename":"UNA-CIUDAD-EN-MARTE_CAST.pdf","filesize":508673,"url":"https:\/\/www.editorialjuventud.es\/wp-content\/uploads\/UNA-CIUDAD-EN-MARTE_CAST.pdf","link":"https:\/\/www.editorialjuventud.es\/ca\/?attachment_id=75994","alt":"","author":"50","description":"","caption":"","name":"una-ciudad-en-marte_cast","status":"inherit","uploaded_to":75765,"date":"2023-05-03 10:13:13","modified":"2023-05-03 10:13:13","menu_order":0,"mime_type":"application\/pdf","type":"application","subtype":"pdf","icon":"https:\/\/www.editorialjuventud.es\/wp-includes\/images\/media\/document.png"},"ficheros":false,"titulo-fr":"A city on Mars ","texto-fr":"<p>Science, technology, and imagination accompany us on this spectacular journey to discover the Red Planet and explore the lives of its first inhabitants. Mars offers us the opportunity to start anew\u2026 Ready for liftoff?<\/p>\n<p>An exciting and informative illustrated book created by experts in planetary bases\u2026<\/p>\n<p><span style=\"color: #008080;\"><em>\u203a Rights sold: English (Worldwide), Korean, German, Czech, Chinese (Simplified) and French<\/em><\/span><\/p>\n"},"yoast_head":"<!-- This site is optimized with the Yoast SEO plugin v27.3 - https:\/\/yoast.com\/product\/yoast-seo-wordpress\/ -->\n<title>Una ciudad en Marte - Editorial Juventud<\/title>\n<meta name=\"description\" content=\"Los humanos somos animales curiosos. Las ganas de conocer y la b\u00fasqueda de nuevos recursos nos han empujado a escalar monta\u00f1as, conquistar los polos o\" \/>\n<meta name=\"robots\" content=\"index, follow, max-snippet:-1, max-image-preview:large, max-video-preview:-1\" \/>\n<link rel=\"canonical\" href=\"https:\/\/www.editorialjuventud.es\/una-ciudad-en-marte-9788426148346\/\" \/>\n<meta property=\"og:locale\" content=\"ca_ES\" \/>\n<meta property=\"og:type\" content=\"article\" \/>\n<meta property=\"og:title\" content=\"Una ciudad en Marte - Editorial Juventud\" \/>\n<meta property=\"og:description\" content=\"Los humanos somos animales curiosos. Las ganas de conocer y la b\u00fasqueda de nuevos recursos nos han empujado a escalar monta\u00f1as, conquistar los polos o\" \/>\n<meta property=\"og:url\" content=\"https:\/\/www.editorialjuventud.es\/una-ciudad-en-marte-9788426148346\/\" \/>\n<meta property=\"og:site_name\" content=\"Editorial Juventud\" \/>\n<meta property=\"article:modified_time\" content=\"2025-04-30T09:47:14+00:00\" \/>\n<meta property=\"og:image\" content=\"https:\/\/www.editorialjuventud.es\/wp-content\/uploads\/9788426148346.jpg\" \/>\n\t<meta property=\"og:image:width\" content=\"450\" \/>\n\t<meta property=\"og:image:height\" content=\"576\" \/>\n\t<meta property=\"og:image:type\" content=\"image\/jpeg\" \/>\n<meta name=\"twitter:card\" content=\"summary_large_image\" \/>\n<meta name=\"twitter:label1\" content=\"Temps estimat de lectura\" \/>\n\t<meta name=\"twitter:data1\" content=\"1 minut\" \/>\n<script type=\"application\/ld+json\" class=\"yoast-schema-graph\">{\"@context\":\"https:\\\/\\\/schema.org\",\"@graph\":[{\"@type\":\"WebPage\",\"@id\":\"https:\\\/\\\/www.editorialjuventud.es\\\/una-ciudad-en-marte-9788426148346\\\/\",\"url\":\"https:\\\/\\\/www.editorialjuventud.es\\\/una-ciudad-en-marte-9788426148346\\\/\",\"name\":\"Una ciudad en Marte - Editorial Juventud\",\"isPartOf\":{\"@id\":\"https:\\\/\\\/www.editorialjuventud.es\\\/#website\"},\"primaryImageOfPage\":{\"@id\":\"https:\\\/\\\/www.editorialjuventud.es\\\/una-ciudad-en-marte-9788426148346\\\/#primaryimage\"},\"image\":{\"@id\":\"https:\\\/\\\/www.editorialjuventud.es\\\/una-ciudad-en-marte-9788426148346\\\/#primaryimage\"},\"thumbnailUrl\":\"https:\\\/\\\/www.editorialjuventud.es\\\/wp-content\\\/uploads\\\/9788426148346.jpg\",\"datePublished\":\"2023-04-03T10:57:53+00:00\",\"dateModified\":\"2025-04-30T09:47:14+00:00\",\"description\":\"Los humanos somos animales curiosos. Las ganas de conocer y la b\u00fasqueda de nuevos recursos nos han empujado a escalar monta\u00f1as, conquistar los polos o\",\"breadcrumb\":{\"@id\":\"https:\\\/\\\/www.editorialjuventud.es\\\/una-ciudad-en-marte-9788426148346\\\/#breadcrumb\"},\"inLanguage\":\"ca\",\"potentialAction\":[{\"@type\":\"ReadAction\",\"target\":[\"https:\\\/\\\/www.editorialjuventud.es\\\/una-ciudad-en-marte-9788426148346\\\/\"]}]},{\"@type\":\"ImageObject\",\"inLanguage\":\"ca\",\"@id\":\"https:\\\/\\\/www.editorialjuventud.es\\\/una-ciudad-en-marte-9788426148346\\\/#primaryimage\",\"url\":\"https:\\\/\\\/www.editorialjuventud.es\\\/wp-content\\\/uploads\\\/9788426148346.jpg\",\"contentUrl\":\"https:\\\/\\\/www.editorialjuventud.es\\\/wp-content\\\/uploads\\\/9788426148346.jpg\",\"width\":450,\"height\":576,\"caption\":\"9788426148346.jpg\"},{\"@type\":\"BreadcrumbList\",\"@id\":\"https:\\\/\\\/www.editorialjuventud.es\\\/una-ciudad-en-marte-9788426148346\\\/#breadcrumb\",\"itemListElement\":[{\"@type\":\"ListItem\",\"position\":1,\"name\":\"Portada\",\"item\":\"https:\\\/\\\/www.editorialjuventud.es\\\/\"},{\"@type\":\"ListItem\",\"position\":2,\"name\":\"cat\u00e1logo\",\"item\":\"https:\\\/\\\/www.editorialjuventud.es\\\/coleccion\\\/catalogo\\\/\"},{\"@type\":\"ListItem\",\"position\":3,\"name\":\"castellano\",\"item\":\"https:\\\/\\\/www.editorialjuventud.es\\\/coleccion\\\/castellano\\\/\"},{\"@type\":\"ListItem\",\"position\":4,\"name\":\"\u00c1lbumes Ilustrados\",\"item\":\"https:\\\/\\\/www.editorialjuventud.es\\\/coleccion\\\/albumes-ilustrados\\\/\"},{\"@type\":\"ListItem\",\"position\":5,\"name\":\"Conocer y Comprender\",\"item\":\"https:\\\/\\\/www.editorialjuventud.es\\\/coleccion\\\/conocer-y-comprender\\\/\"},{\"@type\":\"ListItem\",\"position\":6,\"name\":\"Una ciudad en Marte\"}]},{\"@type\":\"WebSite\",\"@id\":\"https:\\\/\\\/www.editorialjuventud.es\\\/#website\",\"url\":\"https:\\\/\\\/www.editorialjuventud.es\\\/\",\"name\":\"Editorial Juventud\",\"description\":\"\",\"potentialAction\":[{\"@type\":\"SearchAction\",\"target\":{\"@type\":\"EntryPoint\",\"urlTemplate\":\"https:\\\/\\\/www.editorialjuventud.es\\\/?s={search_term_string}\"},\"query-input\":{\"@type\":\"PropertyValueSpecification\",\"valueRequired\":true,\"valueName\":\"search_term_string\"}}],\"inLanguage\":\"ca\"}]}<\/script>\n<!-- \/ Yoast SEO plugin. -->","yoast_head_json":{"title":"Una ciudad en Marte - Editorial Juventud","description":"Los humanos somos animales curiosos. Las ganas de conocer y la b\u00fasqueda de nuevos recursos nos han empujado a escalar monta\u00f1as, conquistar los polos o","robots":{"index":"index","follow":"follow","max-snippet":"max-snippet:-1","max-image-preview":"max-image-preview:large","max-video-preview":"max-video-preview:-1"},"canonical":"https:\/\/www.editorialjuventud.es\/una-ciudad-en-marte-9788426148346\/","og_locale":"ca_ES","og_type":"article","og_title":"Una ciudad en Marte - Editorial Juventud","og_description":"Los humanos somos animales curiosos. Las ganas de conocer y la b\u00fasqueda de nuevos recursos nos han empujado a escalar monta\u00f1as, conquistar los polos o","og_url":"https:\/\/www.editorialjuventud.es\/una-ciudad-en-marte-9788426148346\/","og_site_name":"Editorial Juventud","article_modified_time":"2025-04-30T09:47:14+00:00","og_image":[{"width":450,"height":576,"url":"https:\/\/www.editorialjuventud.es\/wp-content\/uploads\/9788426148346.jpg","type":"image\/jpeg"}],"twitter_card":"summary_large_image","twitter_misc":{"Temps estimat de lectura":"1 minut"},"schema":{"@context":"https:\/\/schema.org","@graph":[{"@type":"WebPage","@id":"https:\/\/www.editorialjuventud.es\/una-ciudad-en-marte-9788426148346\/","url":"https:\/\/www.editorialjuventud.es\/una-ciudad-en-marte-9788426148346\/","name":"Una ciudad en Marte - Editorial Juventud","isPartOf":{"@id":"https:\/\/www.editorialjuventud.es\/#website"},"primaryImageOfPage":{"@id":"https:\/\/www.editorialjuventud.es\/una-ciudad-en-marte-9788426148346\/#primaryimage"},"image":{"@id":"https:\/\/www.editorialjuventud.es\/una-ciudad-en-marte-9788426148346\/#primaryimage"},"thumbnailUrl":"https:\/\/www.editorialjuventud.es\/wp-content\/uploads\/9788426148346.jpg","datePublished":"2023-04-03T10:57:53+00:00","dateModified":"2025-04-30T09:47:14+00:00","description":"Los humanos somos animales curiosos. Las ganas de conocer y la b\u00fasqueda de nuevos recursos nos han empujado a escalar monta\u00f1as, conquistar los polos o","breadcrumb":{"@id":"https:\/\/www.editorialjuventud.es\/una-ciudad-en-marte-9788426148346\/#breadcrumb"},"inLanguage":"ca","potentialAction":[{"@type":"ReadAction","target":["https:\/\/www.editorialjuventud.es\/una-ciudad-en-marte-9788426148346\/"]}]},{"@type":"ImageObject","inLanguage":"ca","@id":"https:\/\/www.editorialjuventud.es\/una-ciudad-en-marte-9788426148346\/#primaryimage","url":"https:\/\/www.editorialjuventud.es\/wp-content\/uploads\/9788426148346.jpg","contentUrl":"https:\/\/www.editorialjuventud.es\/wp-content\/uploads\/9788426148346.jpg","width":450,"height":576,"caption":"9788426148346.jpg"},{"@type":"BreadcrumbList","@id":"https:\/\/www.editorialjuventud.es\/una-ciudad-en-marte-9788426148346\/#breadcrumb","itemListElement":[{"@type":"ListItem","position":1,"name":"Portada","item":"https:\/\/www.editorialjuventud.es\/"},{"@type":"ListItem","position":2,"name":"cat\u00e1logo","item":"https:\/\/www.editorialjuventud.es\/coleccion\/catalogo\/"},{"@type":"ListItem","position":3,"name":"castellano","item":"https:\/\/www.editorialjuventud.es\/coleccion\/castellano\/"},{"@type":"ListItem","position":4,"name":"\u00c1lbumes Ilustrados","item":"https:\/\/www.editorialjuventud.es\/coleccion\/albumes-ilustrados\/"},{"@type":"ListItem","position":5,"name":"Conocer y Comprender","item":"https:\/\/www.editorialjuventud.es\/coleccion\/conocer-y-comprender\/"},{"@type":"ListItem","position":6,"name":"Una ciudad en Marte"}]},{"@type":"WebSite","@id":"https:\/\/www.editorialjuventud.es\/#website","url":"https:\/\/www.editorialjuventud.es\/","name":"Editorial Juventud","description":"","potentialAction":[{"@type":"SearchAction","target":{"@type":"EntryPoint","urlTemplate":"https:\/\/www.editorialjuventud.es\/?s={search_term_string}"},"query-input":{"@type":"PropertyValueSpecification","valueRequired":true,"valueName":"search_term_string"}}],"inLanguage":"ca"}]}},"_links":{"self":[{"href":"https:\/\/www.editorialjuventud.es\/ca\/wp-json\/wp\/v2\/product\/75765","targetHints":{"allow":["GET"]}}],"collection":[{"href":"https:\/\/www.editorialjuventud.es\/ca\/wp-json\/wp\/v2\/product"}],"about":[{"href":"https:\/\/www.editorialjuventud.es\/ca\/wp-json\/wp\/v2\/types\/product"}],"wp:featuredmedia":[{"embeddable":true,"href":"https:\/\/www.editorialjuventud.es\/ca\/wp-json\/wp\/v2\/media\/75766"}],"wp:attachment":[{"href":"https:\/\/www.editorialjuventud.es\/ca\/wp-json\/wp\/v2\/media?parent=75765"}],"wp:term":[{"taxonomy":"product_brand","embeddable":true,"href":"https:\/\/www.editorialjuventud.es\/ca\/wp-json\/wp\/v2\/product_brand?post=75765"},{"taxonomy":"product_cat","embeddable":true,"href":"https:\/\/www.editorialjuventud.es\/ca\/wp-json\/wp\/v2\/product_cat?post=75765"},{"taxonomy":"product_tag","embeddable":true,"href":"https:\/\/www.editorialjuventud.es\/ca\/wp-json\/wp\/v2\/product_tag?post=75765"},{"taxonomy":"coleccion","embeddable":true,"href":"https:\/\/www.editorialjuventud.es\/ca\/wp-json\/wp\/v2\/coleccion?post=75765"}],"curies":[{"name":"wp","href":"https:\/\/api.w.org\/{rel}","templated":true}]}}