{"id":75759,"date":"2023-04-03T12:57:06","date_gmt":"2023-04-03T10:57:06","guid":{"rendered":"https:\/\/www.editorialjuventud.es\/la-genetica-9788426148322\/"},"modified":"2025-07-22T14:43:37","modified_gmt":"2025-07-22T12:43:37","slug":"la-genetica-explicada-por-dra-barbara-mcclintock-9788426148322","status":"publish","type":"product","link":"https:\/\/www.editorialjuventud.es\/ca\/la-genetica-explicada-por-dra-barbara-mcclintock-9788426148322\/","title":{"rendered":"La gen\u00e9tica. Explicada por Dra. Barbara McClintock"},"content":{"rendered":"<p>La premio Nobel en Medicina, la Dra. Barbara McClintock, nos habla del complejo, pero interesant\u00edsimo, mundo de la gen\u00e9tica.<\/p>\n<p>Descubre si es posible clonar un dinosaurio y sorpr\u00e9ndete con los secretos del manual de instrucciones que siguen todos los seres vivos: el genoma. Aprender\u00e1s por qu\u00e9 nos parecemos a nuestros padres, qu\u00e9 es un mutante o c\u00f3mo los cient\u00edficos est\u00e1n utilizando sus conocimientos gen\u00e9ticos para curar enfermedades. \u00a1Tambi\u00e9n conocer\u00e1s a grandes referentes de la ciencia como la gran investigadora Rosalind Franklin o a Gregor Mendel, el padre de la gen\u00e9tica!<\/p>\n<p>Segundo libro de los autores de El cerebro humano. Explicado por Dr. Santiago Ram\u00f3n y Cajal.<\/p>\n","protected":false},"excerpt":{"rendered":"La premio Nobel en Medicina, la Dra. Barbara McClintock, nos habla del complejo, pero interesant\u00edsimo, mundo de la gen\u00e9tica. Descubre si es posible clonar un dinosaurio y sorpr\u00e9ndete con los secretos del manual de instrucciones que siguen todos los seres [&hellip;]","protected":false},"featured_media":75760,"template":"","meta":{"_acf_changed":false,"_exactmetrics_skip_tracking":false,"_exactmetrics_sitenote_active":false,"_exactmetrics_sitenote_note":"","_exactmetrics_sitenote_category":0},"product_brand":[],"product_cat":[896,1121,1149,1159,892,1115,1183,893,1207,1128],"product_tag":[],"coleccion":[928,916,987],"class_list":{"0":"post-75759","1":"product","2":"type-product","3":"status-publish","4":"has-post-thumbnail","6":"product_cat-a-partir-de-12-anos","7":"product_cat-albumes-ilustrados","8":"product_cat-ciencia","9":"product_cat-cuerpo-humano-anatomia","10":"product_cat-edades","11":"product_cat-generos","12":"product_cat-historia","13":"product_cat-novedades","14":"product_cat-personajes-reales","15":"product_cat-tematica","16":"coleccion-albumes-ilustrados","17":"coleccion-castellano","18":"coleccion-conocer-y-comprender","20":"first","21":"instock","22":"taxable","23":"shipping-taxable","24":"purchasable","25":"product-type-simple"},"acf":{"indice":"","autor":"Barrecheguren, Pablo","codart":"4832","ediciones":"1","encuadernacion":"Carton\u00e9","fecha_de_publicacion":"01\/04\/2023","fecha_de_reimpresion":"","novedad":"0","paginas":"48","subtitulo":"","texto_web_adicional":"","autores-libros":[52223],"ilustradores-libros":[52224],"texto_web_novedad":"","orden":"999","portada":"0","texto_web_resaltado":"","traductores-libros":"","descripcion_corta":"","recomendamos":"","mas_vendido":"","idioma-libro":"","color":false,"formato":"","mas_informacion_del_producto":false,"premios":[{"premio":"Finalista en el 3r Premi de Divulgaci\u00f3 Cient\u00edfica ACCC ","anyo_del_premio":"2023","pais_del_premio":"Espa\u00f1a"},{"premio":"","anyo_del_premio":"","pais_del_premio":""}],"deshabilitar_compra":["deshabilitar"],"texto_enlace_cubierta":"","enlace_cubierta":{"ID":75794,"id":75794,"title":"ES_PORTADA_LA GENETICA.indd","filename":"LA-GENETICA_ES_Cover-scaled.jpg","filesize":2221970,"url":"https:\/\/www.editorialjuventud.es\/wp-content\/uploads\/LA-GENETICA_ES_Cover-scaled.jpg","link":"https:\/\/www.editorialjuventud.es\/ca\/?attachment_id=75794","alt":"","author":"50","description":"","caption":"","name":"es_portada_la-genetica-indd-2","status":"inherit","uploaded_to":75759,"date":"2023-04-04 09:36:14","modified":"2023-04-04 09:36:14","menu_order":0,"mime_type":"image\/jpeg","type":"image","subtype":"jpeg","icon":"https:\/\/www.editorialjuventud.es\/wp-includes\/images\/media\/default.png","width":2438,"height":2560,"sizes":{"thumbnail":"https:\/\/www.editorialjuventud.es\/wp-content\/uploads\/LA-GENETICA_ES_Cover-200x200.jpg","thumbnail-width":200,"thumbnail-height":200,"medium":"https:\/\/www.editorialjuventud.es\/wp-content\/uploads\/LA-GENETICA_ES_Cover-scaled.jpg","medium-width":2438,"medium-height":2560,"medium_large":"https:\/\/www.editorialjuventud.es\/wp-content\/uploads\/LA-GENETICA_ES_Cover-768x806.jpg","medium_large-width":768,"medium_large-height":806,"large":"https:\/\/www.editorialjuventud.es\/wp-content\/uploads\/LA-GENETICA_ES_Cover-scaled.jpg","large-width":2438,"large-height":2560,"1536x1536":"https:\/\/www.editorialjuventud.es\/wp-content\/uploads\/LA-GENETICA_ES_Cover-1463x1536.jpg","1536x1536-width":1463,"1536x1536-height":1536,"2048x2048":"https:\/\/www.editorialjuventud.es\/wp-content\/uploads\/LA-GENETICA_ES_Cover-1950x2048.jpg","2048x2048-width":1950,"2048x2048-height":2048,"woocommerce_thumbnail":"https:\/\/www.editorialjuventud.es\/wp-content\/uploads\/LA-GENETICA_ES_Cover-350x368.jpg","woocommerce_thumbnail-width":350,"woocommerce_thumbnail-height":368,"woocommerce_single":"https:\/\/www.editorialjuventud.es\/wp-content\/uploads\/LA-GENETICA_ES_Cover-900x945.jpg","woocommerce_single-width":900,"woocommerce_single-height":945,"woocommerce_gallery_thumbnail":"https:\/\/www.editorialjuventud.es\/wp-content\/uploads\/LA-GENETICA_ES_Cover-100x100.jpg","woocommerce_gallery_thumbnail-width":100,"woocommerce_gallery_thumbnail-height":100,"ppec_logo_image_size":"https:\/\/www.editorialjuventud.es\/wp-content\/uploads\/LA-GENETICA_ES_Cover-57x60.jpg","ppec_logo_image_size-width":57,"ppec_logo_image_size-height":60,"ppec_header_image_size":"https:\/\/www.editorialjuventud.es\/wp-content\/uploads\/LA-GENETICA_ES_Cover-86x90.jpg","ppec_header_image_size-width":86,"ppec_header_image_size-height":90}},"texto_enlace_ficha_tecnica":"","enlace_ficha_tecnica":{"ID":75992,"id":75992,"title":"LA_GENETICA_CAST","filename":"LA_GENETICA_CAST.pdf","filesize":656365,"url":"https:\/\/www.editorialjuventud.es\/wp-content\/uploads\/LA_GENETICA_CAST.pdf","link":"https:\/\/www.editorialjuventud.es\/ca\/?attachment_id=75992","alt":"","author":"50","description":"","caption":"","name":"la_genetica_cast","status":"inherit","uploaded_to":75759,"date":"2023-05-03 10:11:32","modified":"2023-05-03 10:11:32","menu_order":0,"mime_type":"application\/pdf","type":"application","subtype":"pdf","icon":"https:\/\/www.editorialjuventud.es\/wp-includes\/images\/media\/document.png"},"ficheros":false,"titulo-fr":"Genetics. Explained by Barbara McClintock","texto-fr":"<p>Prepare to be amazed by the secrets contained in the instruction manual that we all living creatures have: the genome. You will discover whether it\u2019s possible or not to clone a dinosaur, and you will learn why we look alike our parents, what a mutant is, and how Scientifics are using their genetic knowledge to cure illness.<\/p>\n<p>You will also read about science referents, such as the great researcher Rosalind Franklin or the European monk Gregor Mendel.<\/p>\n<p><span style=\"color: #008080;\"><em>\u203a Rights sold: Korean and Czech<\/em><\/span><\/p>\n"},"yoast_head":"<!-- This site is optimized with the Yoast SEO plugin v27.3 - https:\/\/yoast.com\/product\/yoast-seo-wordpress\/ -->\n<title>La gen\u00e9tica. Explicada por Dra. Barbara McClintock - Editorial Juventud<\/title>\n<meta name=\"description\" content=\"La premio Nobel en Medicina, la Dra. Barbara McClintock, nos habla del complejo, pero interesant\u00edsimo, mundo de la gen\u00e9tica. Descubre si es posible clonar\" \/>\n<meta name=\"robots\" content=\"index, follow, max-snippet:-1, max-image-preview:large, max-video-preview:-1\" \/>\n<link rel=\"canonical\" href=\"https:\/\/www.editorialjuventud.es\/la-genetica-explicada-por-dra-barbara-mcclintock-9788426148322\/\" \/>\n<meta property=\"og:locale\" content=\"ca_ES\" \/>\n<meta property=\"og:type\" content=\"article\" \/>\n<meta property=\"og:title\" content=\"La gen\u00e9tica. Explicada por Dra. Barbara McClintock - Editorial Juventud\" \/>\n<meta property=\"og:description\" content=\"La premio Nobel en Medicina, la Dra. Barbara McClintock, nos habla del complejo, pero interesant\u00edsimo, mundo de la gen\u00e9tica. Descubre si es posible clonar\" \/>\n<meta property=\"og:url\" content=\"https:\/\/www.editorialjuventud.es\/la-genetica-explicada-por-dra-barbara-mcclintock-9788426148322\/\" \/>\n<meta property=\"og:site_name\" content=\"Editorial Juventud\" \/>\n<meta property=\"article:modified_time\" content=\"2025-07-22T12:43:37+00:00\" \/>\n<meta property=\"og:image\" content=\"https:\/\/www.editorialjuventud.es\/wp-content\/uploads\/9788426148322.jpg\" \/>\n\t<meta property=\"og:image:width\" content=\"450\" \/>\n\t<meta property=\"og:image:height\" content=\"472\" \/>\n\t<meta property=\"og:image:type\" content=\"image\/jpeg\" \/>\n<meta name=\"twitter:card\" content=\"summary_large_image\" \/>\n<meta name=\"twitter:label1\" content=\"Temps estimat de lectura\" \/>\n\t<meta name=\"twitter:data1\" content=\"1 minut\" \/>\n<script type=\"application\/ld+json\" class=\"yoast-schema-graph\">{\"@context\":\"https:\\\/\\\/schema.org\",\"@graph\":[{\"@type\":\"WebPage\",\"@id\":\"https:\\\/\\\/www.editorialjuventud.es\\\/la-genetica-explicada-por-dra-barbara-mcclintock-9788426148322\\\/\",\"url\":\"https:\\\/\\\/www.editorialjuventud.es\\\/la-genetica-explicada-por-dra-barbara-mcclintock-9788426148322\\\/\",\"name\":\"La gen\u00e9tica. Explicada por Dra. Barbara McClintock - Editorial Juventud\",\"isPartOf\":{\"@id\":\"https:\\\/\\\/www.editorialjuventud.es\\\/#website\"},\"primaryImageOfPage\":{\"@id\":\"https:\\\/\\\/www.editorialjuventud.es\\\/la-genetica-explicada-por-dra-barbara-mcclintock-9788426148322\\\/#primaryimage\"},\"image\":{\"@id\":\"https:\\\/\\\/www.editorialjuventud.es\\\/la-genetica-explicada-por-dra-barbara-mcclintock-9788426148322\\\/#primaryimage\"},\"thumbnailUrl\":\"https:\\\/\\\/www.editorialjuventud.es\\\/wp-content\\\/uploads\\\/9788426148322.jpg\",\"datePublished\":\"2023-04-03T10:57:06+00:00\",\"dateModified\":\"2025-07-22T12:43:37+00:00\",\"description\":\"La premio Nobel en Medicina, la Dra. Barbara McClintock, nos habla del complejo, pero interesant\u00edsimo, mundo de la gen\u00e9tica. Descubre si es posible clonar\",\"breadcrumb\":{\"@id\":\"https:\\\/\\\/www.editorialjuventud.es\\\/la-genetica-explicada-por-dra-barbara-mcclintock-9788426148322\\\/#breadcrumb\"},\"inLanguage\":\"ca\",\"potentialAction\":[{\"@type\":\"ReadAction\",\"target\":[\"https:\\\/\\\/www.editorialjuventud.es\\\/la-genetica-explicada-por-dra-barbara-mcclintock-9788426148322\\\/\"]}]},{\"@type\":\"ImageObject\",\"inLanguage\":\"ca\",\"@id\":\"https:\\\/\\\/www.editorialjuventud.es\\\/la-genetica-explicada-por-dra-barbara-mcclintock-9788426148322\\\/#primaryimage\",\"url\":\"https:\\\/\\\/www.editorialjuventud.es\\\/wp-content\\\/uploads\\\/9788426148322.jpg\",\"contentUrl\":\"https:\\\/\\\/www.editorialjuventud.es\\\/wp-content\\\/uploads\\\/9788426148322.jpg\",\"width\":450,\"height\":472,\"caption\":\"9788426148322.jpg\"},{\"@type\":\"BreadcrumbList\",\"@id\":\"https:\\\/\\\/www.editorialjuventud.es\\\/la-genetica-explicada-por-dra-barbara-mcclintock-9788426148322\\\/#breadcrumb\",\"itemListElement\":[{\"@type\":\"ListItem\",\"position\":1,\"name\":\"Portada\",\"item\":\"https:\\\/\\\/www.editorialjuventud.es\\\/\"},{\"@type\":\"ListItem\",\"position\":2,\"name\":\"cat\u00e1logo\",\"item\":\"https:\\\/\\\/www.editorialjuventud.es\\\/coleccion\\\/catalogo\\\/\"},{\"@type\":\"ListItem\",\"position\":3,\"name\":\"castellano\",\"item\":\"https:\\\/\\\/www.editorialjuventud.es\\\/coleccion\\\/castellano\\\/\"},{\"@type\":\"ListItem\",\"position\":4,\"name\":\"\u00c1lbumes Ilustrados\",\"item\":\"https:\\\/\\\/www.editorialjuventud.es\\\/coleccion\\\/albumes-ilustrados\\\/\"},{\"@type\":\"ListItem\",\"position\":5,\"name\":\"Conocer y Comprender\",\"item\":\"https:\\\/\\\/www.editorialjuventud.es\\\/coleccion\\\/conocer-y-comprender\\\/\"},{\"@type\":\"ListItem\",\"position\":6,\"name\":\"La gen\u00e9tica. Explicada por Dra. Barbara McClintock\"}]},{\"@type\":\"WebSite\",\"@id\":\"https:\\\/\\\/www.editorialjuventud.es\\\/#website\",\"url\":\"https:\\\/\\\/www.editorialjuventud.es\\\/\",\"name\":\"Editorial Juventud\",\"description\":\"\",\"potentialAction\":[{\"@type\":\"SearchAction\",\"target\":{\"@type\":\"EntryPoint\",\"urlTemplate\":\"https:\\\/\\\/www.editorialjuventud.es\\\/?s={search_term_string}\"},\"query-input\":{\"@type\":\"PropertyValueSpecification\",\"valueRequired\":true,\"valueName\":\"search_term_string\"}}],\"inLanguage\":\"ca\"}]}<\/script>\n<!-- \/ Yoast SEO plugin. -->","yoast_head_json":{"title":"La gen\u00e9tica. Explicada por Dra. Barbara McClintock - Editorial Juventud","description":"La premio Nobel en Medicina, la Dra. Barbara McClintock, nos habla del complejo, pero interesant\u00edsimo, mundo de la gen\u00e9tica. Descubre si es posible clonar","robots":{"index":"index","follow":"follow","max-snippet":"max-snippet:-1","max-image-preview":"max-image-preview:large","max-video-preview":"max-video-preview:-1"},"canonical":"https:\/\/www.editorialjuventud.es\/la-genetica-explicada-por-dra-barbara-mcclintock-9788426148322\/","og_locale":"ca_ES","og_type":"article","og_title":"La gen\u00e9tica. Explicada por Dra. Barbara McClintock - Editorial Juventud","og_description":"La premio Nobel en Medicina, la Dra. Barbara McClintock, nos habla del complejo, pero interesant\u00edsimo, mundo de la gen\u00e9tica. Descubre si es posible clonar","og_url":"https:\/\/www.editorialjuventud.es\/la-genetica-explicada-por-dra-barbara-mcclintock-9788426148322\/","og_site_name":"Editorial Juventud","article_modified_time":"2025-07-22T12:43:37+00:00","og_image":[{"width":450,"height":472,"url":"https:\/\/www.editorialjuventud.es\/wp-content\/uploads\/9788426148322.jpg","type":"image\/jpeg"}],"twitter_card":"summary_large_image","twitter_misc":{"Temps estimat de lectura":"1 minut"},"schema":{"@context":"https:\/\/schema.org","@graph":[{"@type":"WebPage","@id":"https:\/\/www.editorialjuventud.es\/la-genetica-explicada-por-dra-barbara-mcclintock-9788426148322\/","url":"https:\/\/www.editorialjuventud.es\/la-genetica-explicada-por-dra-barbara-mcclintock-9788426148322\/","name":"La gen\u00e9tica. Explicada por Dra. Barbara McClintock - Editorial Juventud","isPartOf":{"@id":"https:\/\/www.editorialjuventud.es\/#website"},"primaryImageOfPage":{"@id":"https:\/\/www.editorialjuventud.es\/la-genetica-explicada-por-dra-barbara-mcclintock-9788426148322\/#primaryimage"},"image":{"@id":"https:\/\/www.editorialjuventud.es\/la-genetica-explicada-por-dra-barbara-mcclintock-9788426148322\/#primaryimage"},"thumbnailUrl":"https:\/\/www.editorialjuventud.es\/wp-content\/uploads\/9788426148322.jpg","datePublished":"2023-04-03T10:57:06+00:00","dateModified":"2025-07-22T12:43:37+00:00","description":"La premio Nobel en Medicina, la Dra. Barbara McClintock, nos habla del complejo, pero interesant\u00edsimo, mundo de la gen\u00e9tica. Descubre si es posible clonar","breadcrumb":{"@id":"https:\/\/www.editorialjuventud.es\/la-genetica-explicada-por-dra-barbara-mcclintock-9788426148322\/#breadcrumb"},"inLanguage":"ca","potentialAction":[{"@type":"ReadAction","target":["https:\/\/www.editorialjuventud.es\/la-genetica-explicada-por-dra-barbara-mcclintock-9788426148322\/"]}]},{"@type":"ImageObject","inLanguage":"ca","@id":"https:\/\/www.editorialjuventud.es\/la-genetica-explicada-por-dra-barbara-mcclintock-9788426148322\/#primaryimage","url":"https:\/\/www.editorialjuventud.es\/wp-content\/uploads\/9788426148322.jpg","contentUrl":"https:\/\/www.editorialjuventud.es\/wp-content\/uploads\/9788426148322.jpg","width":450,"height":472,"caption":"9788426148322.jpg"},{"@type":"BreadcrumbList","@id":"https:\/\/www.editorialjuventud.es\/la-genetica-explicada-por-dra-barbara-mcclintock-9788426148322\/#breadcrumb","itemListElement":[{"@type":"ListItem","position":1,"name":"Portada","item":"https:\/\/www.editorialjuventud.es\/"},{"@type":"ListItem","position":2,"name":"cat\u00e1logo","item":"https:\/\/www.editorialjuventud.es\/coleccion\/catalogo\/"},{"@type":"ListItem","position":3,"name":"castellano","item":"https:\/\/www.editorialjuventud.es\/coleccion\/castellano\/"},{"@type":"ListItem","position":4,"name":"\u00c1lbumes Ilustrados","item":"https:\/\/www.editorialjuventud.es\/coleccion\/albumes-ilustrados\/"},{"@type":"ListItem","position":5,"name":"Conocer y Comprender","item":"https:\/\/www.editorialjuventud.es\/coleccion\/conocer-y-comprender\/"},{"@type":"ListItem","position":6,"name":"La gen\u00e9tica. Explicada por Dra. Barbara McClintock"}]},{"@type":"WebSite","@id":"https:\/\/www.editorialjuventud.es\/#website","url":"https:\/\/www.editorialjuventud.es\/","name":"Editorial Juventud","description":"","potentialAction":[{"@type":"SearchAction","target":{"@type":"EntryPoint","urlTemplate":"https:\/\/www.editorialjuventud.es\/?s={search_term_string}"},"query-input":{"@type":"PropertyValueSpecification","valueRequired":true,"valueName":"search_term_string"}}],"inLanguage":"ca"}]}},"_links":{"self":[{"href":"https:\/\/www.editorialjuventud.es\/ca\/wp-json\/wp\/v2\/product\/75759","targetHints":{"allow":["GET"]}}],"collection":[{"href":"https:\/\/www.editorialjuventud.es\/ca\/wp-json\/wp\/v2\/product"}],"about":[{"href":"https:\/\/www.editorialjuventud.es\/ca\/wp-json\/wp\/v2\/types\/product"}],"wp:featuredmedia":[{"embeddable":true,"href":"https:\/\/www.editorialjuventud.es\/ca\/wp-json\/wp\/v2\/media\/75760"}],"wp:attachment":[{"href":"https:\/\/www.editorialjuventud.es\/ca\/wp-json\/wp\/v2\/media?parent=75759"}],"wp:term":[{"taxonomy":"product_brand","embeddable":true,"href":"https:\/\/www.editorialjuventud.es\/ca\/wp-json\/wp\/v2\/product_brand?post=75759"},{"taxonomy":"product_cat","embeddable":true,"href":"https:\/\/www.editorialjuventud.es\/ca\/wp-json\/wp\/v2\/product_cat?post=75759"},{"taxonomy":"product_tag","embeddable":true,"href":"https:\/\/www.editorialjuventud.es\/ca\/wp-json\/wp\/v2\/product_tag?post=75759"},{"taxonomy":"coleccion","embeddable":true,"href":"https:\/\/www.editorialjuventud.es\/ca\/wp-json\/wp\/v2\/coleccion?post=75759"}],"curies":[{"name":"wp","href":"https:\/\/api.w.org\/{rel}","templated":true}]}}