{"id":75299,"date":"2023-03-01T22:19:35","date_gmt":"2023-03-01T21:19:35","guid":{"rendered":"https:\/\/www.editorialjuventud.es\/auxili-foc-9788426148209\/"},"modified":"2025-01-22T12:38:44","modified_gmt":"2025-01-22T11:38:44","slug":"auxili-foc-9788426148209","status":"publish","type":"product","link":"https:\/\/www.editorialjuventud.es\/ca\/auxili-foc-9788426148209\/","title":{"rendered":"Auxili! Foc!"},"content":{"rendered":"<p>Auxili! Ajuda! La casa del gos est\u00e0 en flames! NI-NO NI-NO Aqu\u00ed arriba l&#8217;ajuda per apagar l&#8217;incendi. Oh! Un altre av\u00eds? Llestos! Anem cap al bosc!<\/p>\n<p>Un tendre \u00e0lbum il\u00b7lustrat de cartr\u00f3 que far\u00e0 les del\u00edcies dels petits de la casa amb les seves senzilles per\u00f2 fascinants il\u00b7lustracions. A m\u00e9s a m\u00e9s, el llibre t\u00e9 un sorprenent gir final&#8230; De qu\u00e8 es tractar\u00e0?<br \/>Una obra del fant\u00e0stic t\u00e0ndem creatiu, Micha\u00ebl Escoffier i Matthieu Maudet, autors de dilatada traject\u00f2ria dins de l&#8217;univers LIJ. <\/p>\n","protected":false},"excerpt":{"rendered":"Auxili! Ajuda! La casa del gos est\u00e0 en flames! NI-NO NI-NO Aqu\u00ed arriba l&#8217;ajuda per apagar l&#8217;incendi. Oh! Un altre av\u00eds? Llestos! Anem cap al bosc! Un tendre \u00e0lbum il\u00b7lustrat de cartr\u00f3 que far\u00e0 les del\u00edcies dels petits de la [&hellip;]","protected":false},"featured_media":75300,"template":"","meta":{"_acf_changed":false,"_exactmetrics_skip_tracking":false,"_exactmetrics_sitenote_active":false,"_exactmetrics_sitenote_note":"","_exactmetrics_sitenote_category":0},"product_brand":[],"product_cat":[1351,1121,1136,1156,892,1115,1185,1215],"product_tag":[],"coleccion":[915,920],"class_list":{"0":"post-75299","1":"product","2":"type-product","3":"status-publish","4":"has-post-thumbnail","6":"product_cat-a-partir-de-18-meses","7":"product_cat-albumes-ilustrados","8":"product_cat-amistad","9":"product_cat-cooperacion","10":"product_cat-edades","11":"product_cat-generos","12":"product_cat-igualdad-de-genero","13":"product_cat-profesiones-trabajo","14":"coleccion-catala","15":"coleccion-els-meus-primers-llibres","17":"first","18":"instock","19":"taxable","20":"shipping-taxable","21":"purchasable","22":"product-type-simple"},"acf":{"indice":"","autor":"Escoffier, Micha\u00ebl","codart":"4820","ediciones":"1","encuadernacion":"Cart\u00f3n","fecha_de_publicacion":"01\/03\/2023","fecha_de_reimpresion":"","novedad":"0","paginas":"30","subtitulo":"","texto_web_adicional":"","autores-libros":[75249],"ilustradores-libros":[75250],"texto_web_novedad":"","orden":"999","portada":"0","texto_web_resaltado":"","traductores-libros":[58416],"descripcion_corta":"","recomendamos":"","mas_vendido":"","idioma-libro":"","color":false,"formato":"","mas_informacion_del_producto":false,"premios":false,"deshabilitar_compra":[],"texto_enlace_cubierta":"","enlace_cubierta":{"ID":75401,"id":75401,"title":"cover FUEGO FUEGO (2 idiomas).indd","filename":"Auxili-foc_Cover.jpg","filesize":389349,"url":"https:\/\/www.editorialjuventud.es\/wp-content\/uploads\/Auxili-foc_Cover.jpg","link":"https:\/\/www.editorialjuventud.es\/ca\/?attachment_id=75401","alt":"","author":"50","description":"","caption":"","name":"cover-fuego-fuego-2-idiomas-indd-2","status":"inherit","uploaded_to":75299,"date":"2023-03-03 15:15:23","modified":"2023-03-03 15:15:23","menu_order":0,"mime_type":"image\/jpeg","type":"image","subtype":"jpeg","icon":"https:\/\/www.editorialjuventud.es\/wp-includes\/images\/media\/default.png","width":2240,"height":2241,"sizes":{"thumbnail":"https:\/\/www.editorialjuventud.es\/wp-content\/uploads\/Auxili-foc_Cover-200x200.jpg","thumbnail-width":200,"thumbnail-height":200,"medium":"https:\/\/www.editorialjuventud.es\/wp-content\/uploads\/Auxili-foc_Cover.jpg","medium-width":2240,"medium-height":2241,"medium_large":"https:\/\/www.editorialjuventud.es\/wp-content\/uploads\/Auxili-foc_Cover-768x768.jpg","medium_large-width":768,"medium_large-height":768,"large":"https:\/\/www.editorialjuventud.es\/wp-content\/uploads\/Auxili-foc_Cover.jpg","large-width":2240,"large-height":2241,"1536x1536":"https:\/\/www.editorialjuventud.es\/wp-content\/uploads\/Auxili-foc_Cover-1536x1536.jpg","1536x1536-width":1536,"1536x1536-height":1536,"2048x2048":"https:\/\/www.editorialjuventud.es\/wp-content\/uploads\/Auxili-foc_Cover-2048x2048.jpg","2048x2048-width":2048,"2048x2048-height":2048,"woocommerce_thumbnail":"https:\/\/www.editorialjuventud.es\/wp-content\/uploads\/Auxili-foc_Cover-350x350.jpg","woocommerce_thumbnail-width":350,"woocommerce_thumbnail-height":350,"woocommerce_single":"https:\/\/www.editorialjuventud.es\/wp-content\/uploads\/Auxili-foc_Cover-900x900.jpg","woocommerce_single-width":900,"woocommerce_single-height":900,"woocommerce_gallery_thumbnail":"https:\/\/www.editorialjuventud.es\/wp-content\/uploads\/Auxili-foc_Cover-100x100.jpg","woocommerce_gallery_thumbnail-width":100,"woocommerce_gallery_thumbnail-height":100,"ppec_logo_image_size":"https:\/\/www.editorialjuventud.es\/wp-content\/uploads\/Auxili-foc_Cover-60x60.jpg","ppec_logo_image_size-width":60,"ppec_logo_image_size-height":60,"ppec_header_image_size":"https:\/\/www.editorialjuventud.es\/wp-content\/uploads\/Auxili-foc_Cover-90x90.jpg","ppec_header_image_size-width":90,"ppec_header_image_size-height":90}},"texto_enlace_ficha_tecnica":"","enlace_ficha_tecnica":{"ID":75872,"id":75872,"title":"Auxili, foc_CAT","filename":"Auxili-foc_CAT.pdf","filesize":355914,"url":"https:\/\/www.editorialjuventud.es\/wp-content\/uploads\/Auxili-foc_CAT.pdf","link":"https:\/\/www.editorialjuventud.es\/ca\/?attachment_id=75872","alt":"","author":"50","description":"","caption":"","name":"auxili-foc_cat","status":"inherit","uploaded_to":75299,"date":"2023-04-14 10:46:34","modified":"2023-04-14 10:46:34","menu_order":0,"mime_type":"application\/pdf","type":"application","subtype":"pdf","icon":"https:\/\/www.editorialjuventud.es\/wp-includes\/images\/media\/document.png"},"ficheros":false,"titulo-fr":"","texto-fr":""},"yoast_head":"<!-- This site is optimized with the Yoast SEO plugin v27.5 - https:\/\/yoast.com\/product\/yoast-seo-wordpress\/ -->\n<title>Auxili! Foc! - Editorial Juventud<\/title>\n<meta name=\"description\" content=\"Auxili! Ajuda! La casa del gos est\u00e0 en flames! NI-NO NI-NO Aqu\u00ed arriba l&#039;ajuda per apagar l&#039;incendi. Oh! Un altre av\u00eds? Llestos! Anem cap al bosc!Un\" \/>\n<meta name=\"robots\" content=\"index, follow, max-snippet:-1, max-image-preview:large, max-video-preview:-1\" \/>\n<link rel=\"canonical\" href=\"https:\/\/www.editorialjuventud.es\/auxili-foc-9788426148209\/\" \/>\n<meta property=\"og:locale\" content=\"ca_ES\" \/>\n<meta property=\"og:type\" content=\"article\" \/>\n<meta property=\"og:title\" content=\"Auxili! Foc! - Editorial Juventud\" \/>\n<meta property=\"og:description\" content=\"Auxili! Ajuda! La casa del gos est\u00e0 en flames! NI-NO NI-NO Aqu\u00ed arriba l&#039;ajuda per apagar l&#039;incendi. Oh! Un altre av\u00eds? Llestos! Anem cap al bosc!Un\" \/>\n<meta property=\"og:url\" content=\"https:\/\/www.editorialjuventud.es\/auxili-foc-9788426148209\/\" \/>\n<meta property=\"og:site_name\" content=\"Editorial Juventud\" \/>\n<meta property=\"article:modified_time\" content=\"2025-01-22T11:38:44+00:00\" \/>\n<meta property=\"og:image\" content=\"https:\/\/www.editorialjuventud.es\/wp-content\/uploads\/9788426148209.jpg\" \/>\n\t<meta property=\"og:image:width\" content=\"400\" \/>\n\t<meta property=\"og:image:height\" content=\"400\" \/>\n\t<meta property=\"og:image:type\" content=\"image\/jpeg\" \/>\n<meta name=\"twitter:card\" content=\"summary_large_image\" \/>\n<meta name=\"twitter:label1\" content=\"Temps estimat de lectura\" \/>\n\t<meta name=\"twitter:data1\" content=\"1 minut\" \/>\n<script type=\"application\/ld+json\" class=\"yoast-schema-graph\">{\"@context\":\"https:\\\/\\\/schema.org\",\"@graph\":[{\"@type\":\"WebPage\",\"@id\":\"https:\\\/\\\/www.editorialjuventud.es\\\/auxili-foc-9788426148209\\\/\",\"url\":\"https:\\\/\\\/www.editorialjuventud.es\\\/auxili-foc-9788426148209\\\/\",\"name\":\"Auxili! Foc! - Editorial Juventud\",\"isPartOf\":{\"@id\":\"https:\\\/\\\/www.editorialjuventud.es\\\/#website\"},\"primaryImageOfPage\":{\"@id\":\"https:\\\/\\\/www.editorialjuventud.es\\\/auxili-foc-9788426148209\\\/#primaryimage\"},\"image\":{\"@id\":\"https:\\\/\\\/www.editorialjuventud.es\\\/auxili-foc-9788426148209\\\/#primaryimage\"},\"thumbnailUrl\":\"https:\\\/\\\/www.editorialjuventud.es\\\/wp-content\\\/uploads\\\/9788426148209.jpg\",\"datePublished\":\"2023-03-01T21:19:35+00:00\",\"dateModified\":\"2025-01-22T11:38:44+00:00\",\"description\":\"Auxili! Ajuda! La casa del gos est\u00e0 en flames! NI-NO NI-NO Aqu\u00ed arriba l'ajuda per apagar l'incendi. Oh! Un altre av\u00eds? Llestos! Anem cap al bosc!Un\",\"breadcrumb\":{\"@id\":\"https:\\\/\\\/www.editorialjuventud.es\\\/auxili-foc-9788426148209\\\/#breadcrumb\"},\"inLanguage\":\"ca\",\"potentialAction\":[{\"@type\":\"ReadAction\",\"target\":[\"https:\\\/\\\/www.editorialjuventud.es\\\/auxili-foc-9788426148209\\\/\"]}]},{\"@type\":\"ImageObject\",\"inLanguage\":\"ca\",\"@id\":\"https:\\\/\\\/www.editorialjuventud.es\\\/auxili-foc-9788426148209\\\/#primaryimage\",\"url\":\"https:\\\/\\\/www.editorialjuventud.es\\\/wp-content\\\/uploads\\\/9788426148209.jpg\",\"contentUrl\":\"https:\\\/\\\/www.editorialjuventud.es\\\/wp-content\\\/uploads\\\/9788426148209.jpg\",\"width\":400,\"height\":400,\"caption\":\"9788426148209.jpg\"},{\"@type\":\"BreadcrumbList\",\"@id\":\"https:\\\/\\\/www.editorialjuventud.es\\\/auxili-foc-9788426148209\\\/#breadcrumb\",\"itemListElement\":[{\"@type\":\"ListItem\",\"position\":1,\"name\":\"Portada\",\"item\":\"https:\\\/\\\/www.editorialjuventud.es\\\/\"},{\"@type\":\"ListItem\",\"position\":2,\"name\":\"cat\u00e1logo\",\"item\":\"https:\\\/\\\/www.editorialjuventud.es\\\/coleccion\\\/catalogo\\\/\"},{\"@type\":\"ListItem\",\"position\":3,\"name\":\"catal\u00e0\",\"item\":\"https:\\\/\\\/www.editorialjuventud.es\\\/coleccion\\\/catala\\\/\"},{\"@type\":\"ListItem\",\"position\":4,\"name\":\"Els Meus Primers Llibres\",\"item\":\"https:\\\/\\\/www.editorialjuventud.es\\\/ca\\\/coleccion\\\/els-meus-primers-llibres\\\/\"},{\"@type\":\"ListItem\",\"position\":5,\"name\":\"Auxili! Foc!\"}]},{\"@type\":\"WebSite\",\"@id\":\"https:\\\/\\\/www.editorialjuventud.es\\\/#website\",\"url\":\"https:\\\/\\\/www.editorialjuventud.es\\\/\",\"name\":\"Editorial Juventud\",\"description\":\"\",\"potentialAction\":[{\"@type\":\"SearchAction\",\"target\":{\"@type\":\"EntryPoint\",\"urlTemplate\":\"https:\\\/\\\/www.editorialjuventud.es\\\/?s={search_term_string}\"},\"query-input\":{\"@type\":\"PropertyValueSpecification\",\"valueRequired\":true,\"valueName\":\"search_term_string\"}}],\"inLanguage\":\"ca\"}]}<\/script>\n<!-- \/ Yoast SEO plugin. -->","yoast_head_json":{"title":"Auxili! Foc! - Editorial Juventud","description":"Auxili! Ajuda! La casa del gos est\u00e0 en flames! NI-NO NI-NO Aqu\u00ed arriba l'ajuda per apagar l'incendi. Oh! Un altre av\u00eds? Llestos! Anem cap al bosc!Un","robots":{"index":"index","follow":"follow","max-snippet":"max-snippet:-1","max-image-preview":"max-image-preview:large","max-video-preview":"max-video-preview:-1"},"canonical":"https:\/\/www.editorialjuventud.es\/auxili-foc-9788426148209\/","og_locale":"ca_ES","og_type":"article","og_title":"Auxili! Foc! - Editorial Juventud","og_description":"Auxili! Ajuda! La casa del gos est\u00e0 en flames! NI-NO NI-NO Aqu\u00ed arriba l'ajuda per apagar l'incendi. Oh! Un altre av\u00eds? Llestos! Anem cap al bosc!Un","og_url":"https:\/\/www.editorialjuventud.es\/auxili-foc-9788426148209\/","og_site_name":"Editorial Juventud","article_modified_time":"2025-01-22T11:38:44+00:00","og_image":[{"width":400,"height":400,"url":"https:\/\/www.editorialjuventud.es\/wp-content\/uploads\/9788426148209.jpg","type":"image\/jpeg"}],"twitter_card":"summary_large_image","twitter_misc":{"Temps estimat de lectura":"1 minut"},"schema":{"@context":"https:\/\/schema.org","@graph":[{"@type":"WebPage","@id":"https:\/\/www.editorialjuventud.es\/auxili-foc-9788426148209\/","url":"https:\/\/www.editorialjuventud.es\/auxili-foc-9788426148209\/","name":"Auxili! Foc! - Editorial Juventud","isPartOf":{"@id":"https:\/\/www.editorialjuventud.es\/#website"},"primaryImageOfPage":{"@id":"https:\/\/www.editorialjuventud.es\/auxili-foc-9788426148209\/#primaryimage"},"image":{"@id":"https:\/\/www.editorialjuventud.es\/auxili-foc-9788426148209\/#primaryimage"},"thumbnailUrl":"https:\/\/www.editorialjuventud.es\/wp-content\/uploads\/9788426148209.jpg","datePublished":"2023-03-01T21:19:35+00:00","dateModified":"2025-01-22T11:38:44+00:00","description":"Auxili! Ajuda! La casa del gos est\u00e0 en flames! NI-NO NI-NO Aqu\u00ed arriba l'ajuda per apagar l'incendi. Oh! Un altre av\u00eds? Llestos! Anem cap al bosc!Un","breadcrumb":{"@id":"https:\/\/www.editorialjuventud.es\/auxili-foc-9788426148209\/#breadcrumb"},"inLanguage":"ca","potentialAction":[{"@type":"ReadAction","target":["https:\/\/www.editorialjuventud.es\/auxili-foc-9788426148209\/"]}]},{"@type":"ImageObject","inLanguage":"ca","@id":"https:\/\/www.editorialjuventud.es\/auxili-foc-9788426148209\/#primaryimage","url":"https:\/\/www.editorialjuventud.es\/wp-content\/uploads\/9788426148209.jpg","contentUrl":"https:\/\/www.editorialjuventud.es\/wp-content\/uploads\/9788426148209.jpg","width":400,"height":400,"caption":"9788426148209.jpg"},{"@type":"BreadcrumbList","@id":"https:\/\/www.editorialjuventud.es\/auxili-foc-9788426148209\/#breadcrumb","itemListElement":[{"@type":"ListItem","position":1,"name":"Portada","item":"https:\/\/www.editorialjuventud.es\/"},{"@type":"ListItem","position":2,"name":"cat\u00e1logo","item":"https:\/\/www.editorialjuventud.es\/coleccion\/catalogo\/"},{"@type":"ListItem","position":3,"name":"catal\u00e0","item":"https:\/\/www.editorialjuventud.es\/coleccion\/catala\/"},{"@type":"ListItem","position":4,"name":"Els Meus Primers Llibres","item":"https:\/\/www.editorialjuventud.es\/ca\/coleccion\/els-meus-primers-llibres\/"},{"@type":"ListItem","position":5,"name":"Auxili! Foc!"}]},{"@type":"WebSite","@id":"https:\/\/www.editorialjuventud.es\/#website","url":"https:\/\/www.editorialjuventud.es\/","name":"Editorial Juventud","description":"","potentialAction":[{"@type":"SearchAction","target":{"@type":"EntryPoint","urlTemplate":"https:\/\/www.editorialjuventud.es\/?s={search_term_string}"},"query-input":{"@type":"PropertyValueSpecification","valueRequired":true,"valueName":"search_term_string"}}],"inLanguage":"ca"}]}},"_links":{"self":[{"href":"https:\/\/www.editorialjuventud.es\/ca\/wp-json\/wp\/v2\/product\/75299","targetHints":{"allow":["GET"]}}],"collection":[{"href":"https:\/\/www.editorialjuventud.es\/ca\/wp-json\/wp\/v2\/product"}],"about":[{"href":"https:\/\/www.editorialjuventud.es\/ca\/wp-json\/wp\/v2\/types\/product"}],"wp:featuredmedia":[{"embeddable":true,"href":"https:\/\/www.editorialjuventud.es\/ca\/wp-json\/wp\/v2\/media\/75300"}],"wp:attachment":[{"href":"https:\/\/www.editorialjuventud.es\/ca\/wp-json\/wp\/v2\/media?parent=75299"}],"wp:term":[{"taxonomy":"product_brand","embeddable":true,"href":"https:\/\/www.editorialjuventud.es\/ca\/wp-json\/wp\/v2\/product_brand?post=75299"},{"taxonomy":"product_cat","embeddable":true,"href":"https:\/\/www.editorialjuventud.es\/ca\/wp-json\/wp\/v2\/product_cat?post=75299"},{"taxonomy":"product_tag","embeddable":true,"href":"https:\/\/www.editorialjuventud.es\/ca\/wp-json\/wp\/v2\/product_tag?post=75299"},{"taxonomy":"coleccion","embeddable":true,"href":"https:\/\/www.editorialjuventud.es\/ca\/wp-json\/wp\/v2\/coleccion?post=75299"}],"curies":[{"name":"wp","href":"https:\/\/api.w.org\/{rel}","templated":true}]}}