{"id":75296,"date":"2023-03-01T22:19:24","date_gmt":"2023-03-01T21:19:24","guid":{"rendered":"https:\/\/www.editorialjuventud.es\/fuego-fuego-9788426148193\/"},"modified":"2025-01-22T12:38:37","modified_gmt":"2025-01-22T11:38:37","slug":"fuego-fuego-9788426148193","status":"publish","type":"product","link":"https:\/\/www.editorialjuventud.es\/ca\/fuego-fuego-9788426148193\/","title":{"rendered":"\u00a1Fuego! \u00a1Fuego!"},"content":{"rendered":"<p>\u00a1Socorro! La casa del perro est\u00e1 en llamas. NINO NINO. Aqu\u00ed llega la ayuda necesaria para apagar el incendio. \u00a1Oh! \u00bfOtro aviso? \u00a1Todo listo! \u00a1Corramos al bosque!<br \/>Un tierno \u00e1lbum de cart\u00f3n que har\u00e1 las delicias de los peque\u00f1os de la casa con sus sencillas pero fascinantes ilustraciones. Adem\u00e1s, el libro tiene un sorprendente giro final&#8230; \u00bfQu\u00e9 podr\u00e1 ser?<\/p>\n<p>Una obra del fant\u00e1stico t\u00e1ndem creativo, Micha\u00ebl Escoffier y Matthieu Maudet, autores de dilatada carrera dentro del universo LIJ.  <\/p>\n","protected":false},"excerpt":{"rendered":"\u00a1Socorro! La casa del perro est\u00e1 en llamas. NINO NINO. Aqu\u00ed llega la ayuda necesaria para apagar el incendio. \u00a1Oh! \u00bfOtro aviso? \u00a1Todo listo! \u00a1Corramos al bosque!Un tierno \u00e1lbum de cart\u00f3n que har\u00e1 las delicias de los peque\u00f1os de la [&hellip;]","protected":false},"featured_media":75297,"template":"","meta":{"_acf_changed":false,"_exactmetrics_skip_tracking":false,"_exactmetrics_sitenote_active":false,"_exactmetrics_sitenote_note":"","_exactmetrics_sitenote_category":0},"product_brand":[],"product_cat":[1351,1121,1136,1156,892,1115,1185,1215,1128],"product_tag":[],"coleccion":[916,1296],"class_list":{"0":"post-75296","1":"product","2":"type-product","3":"status-publish","4":"has-post-thumbnail","6":"product_cat-a-partir-de-18-meses","7":"product_cat-albumes-ilustrados","8":"product_cat-amistad","9":"product_cat-cooperacion","10":"product_cat-edades","11":"product_cat-generos","12":"product_cat-igualdad-de-genero","13":"product_cat-profesiones-trabajo","14":"product_cat-tematica","15":"coleccion-castellano","16":"coleccion-mis-primeros-libros","18":"first","19":"instock","20":"taxable","21":"shipping-taxable","22":"purchasable","23":"product-type-simple"},"acf":{"indice":"","autor":"Escoffier, Micha\u00ebl","codart":"4819","ediciones":"1","encuadernacion":"Cart\u00f3n","fecha_de_publicacion":"01\/03\/2023","fecha_de_reimpresion":"","novedad":"0","paginas":"30","subtitulo":"","texto_web_adicional":"","autores-libros":[75249],"ilustradores-libros":[75250],"texto_web_novedad":"","orden":"999","portada":"0","texto_web_resaltado":"","traductores-libros":[17430],"descripcion_corta":"\u00a1Socorro! La casa del perro est\u00e1 en llamas. NINO NINO","recomendamos":"","mas_vendido":"","idioma-libro":"","color":false,"formato":"","mas_informacion_del_producto":false,"premios":false,"deshabilitar_compra":[],"texto_enlace_cubierta":"","enlace_cubierta":{"ID":75361,"id":75361,"title":"cover SOCORRO FUEGO_es.indd","filename":"FUEGO-FUEGO_Cover.jpg","filesize":69938,"url":"https:\/\/www.editorialjuventud.es\/wp-content\/uploads\/FUEGO-FUEGO_Cover.jpg","link":"https:\/\/www.editorialjuventud.es\/ca\/?attachment_id=75361","alt":"","author":"50","description":"","caption":"","name":"cover-socorro-fuego_es-indd-2","status":"inherit","uploaded_to":75296,"date":"2023-03-03 13:19:05","modified":"2023-03-03 13:19:05","menu_order":0,"mime_type":"image\/jpeg","type":"image","subtype":"jpeg","icon":"https:\/\/www.editorialjuventud.es\/wp-includes\/images\/media\/default.png","width":1120,"height":1117,"sizes":{"thumbnail":"https:\/\/www.editorialjuventud.es\/wp-content\/uploads\/FUEGO-FUEGO_Cover-200x200.jpg","thumbnail-width":200,"thumbnail-height":200,"medium":"https:\/\/www.editorialjuventud.es\/wp-content\/uploads\/FUEGO-FUEGO_Cover.jpg","medium-width":1120,"medium-height":1117,"medium_large":"https:\/\/www.editorialjuventud.es\/wp-content\/uploads\/FUEGO-FUEGO_Cover-768x766.jpg","medium_large-width":768,"medium_large-height":766,"large":"https:\/\/www.editorialjuventud.es\/wp-content\/uploads\/FUEGO-FUEGO_Cover.jpg","large-width":1120,"large-height":1117,"1536x1536":"https:\/\/www.editorialjuventud.es\/wp-content\/uploads\/FUEGO-FUEGO_Cover.jpg","1536x1536-width":1120,"1536x1536-height":1117,"2048x2048":"https:\/\/www.editorialjuventud.es\/wp-content\/uploads\/FUEGO-FUEGO_Cover.jpg","2048x2048-width":1120,"2048x2048-height":1117,"woocommerce_thumbnail":"https:\/\/www.editorialjuventud.es\/wp-content\/uploads\/FUEGO-FUEGO_Cover-350x349.jpg","woocommerce_thumbnail-width":350,"woocommerce_thumbnail-height":349,"woocommerce_single":"https:\/\/www.editorialjuventud.es\/wp-content\/uploads\/FUEGO-FUEGO_Cover-900x898.jpg","woocommerce_single-width":900,"woocommerce_single-height":898,"woocommerce_gallery_thumbnail":"https:\/\/www.editorialjuventud.es\/wp-content\/uploads\/FUEGO-FUEGO_Cover-100x100.jpg","woocommerce_gallery_thumbnail-width":100,"woocommerce_gallery_thumbnail-height":100,"ppec_logo_image_size":"https:\/\/www.editorialjuventud.es\/wp-content\/uploads\/FUEGO-FUEGO_Cover-60x60.jpg","ppec_logo_image_size-width":60,"ppec_logo_image_size-height":60,"ppec_header_image_size":"https:\/\/www.editorialjuventud.es\/wp-content\/uploads\/FUEGO-FUEGO_Cover-90x90.jpg","ppec_header_image_size-width":90,"ppec_header_image_size-height":90}},"texto_enlace_ficha_tecnica":"","enlace_ficha_tecnica":{"ID":75862,"id":75862,"title":"FUEGO FUEGO_CAST","filename":"FUEGO-FUEGO_CAST.pdf","filesize":320829,"url":"https:\/\/www.editorialjuventud.es\/wp-content\/uploads\/FUEGO-FUEGO_CAST.pdf","link":"https:\/\/www.editorialjuventud.es\/ca\/?attachment_id=75862","alt":"","author":"50","description":"","caption":"","name":"fuego-fuego_cast","status":"inherit","uploaded_to":75296,"date":"2023-04-14 10:39:36","modified":"2023-04-14 10:39:36","menu_order":0,"mime_type":"application\/pdf","type":"application","subtype":"pdf","icon":"https:\/\/www.editorialjuventud.es\/wp-includes\/images\/media\/document.png"},"ficheros":false,"titulo-fr":"","texto-fr":""},"yoast_head":"<!-- This site is optimized with the Yoast SEO plugin v27.5 - https:\/\/yoast.com\/product\/yoast-seo-wordpress\/ -->\n<title>\u00a1Fuego! \u00a1Fuego! - Editorial Juventud<\/title>\n<meta name=\"description\" content=\"\u00a1Socorro! La casa del perro est\u00e1 en llamas. NINO NINO. Aqu\u00ed llega la ayuda necesaria para apagar el incendio. \u00a1Oh! \u00bfOtro aviso? \u00a1Todo listo! \u00a1Corramos al\" \/>\n<meta name=\"robots\" content=\"index, follow, max-snippet:-1, max-image-preview:large, max-video-preview:-1\" \/>\n<link rel=\"canonical\" href=\"https:\/\/www.editorialjuventud.es\/fuego-fuego-9788426148193\/\" \/>\n<meta property=\"og:locale\" content=\"ca_ES\" \/>\n<meta property=\"og:type\" content=\"article\" \/>\n<meta property=\"og:title\" content=\"\u00a1Fuego! \u00a1Fuego! - Editorial Juventud\" \/>\n<meta property=\"og:description\" content=\"\u00a1Socorro! La casa del perro est\u00e1 en llamas. NINO NINO. Aqu\u00ed llega la ayuda necesaria para apagar el incendio. \u00a1Oh! \u00bfOtro aviso? \u00a1Todo listo! \u00a1Corramos al\" \/>\n<meta property=\"og:url\" content=\"https:\/\/www.editorialjuventud.es\/fuego-fuego-9788426148193\/\" \/>\n<meta property=\"og:site_name\" content=\"Editorial Juventud\" \/>\n<meta property=\"article:modified_time\" content=\"2025-01-22T11:38:37+00:00\" \/>\n<meta property=\"og:image\" content=\"https:\/\/www.editorialjuventud.es\/wp-content\/uploads\/9788426148193-e1681848100786.jpg\" \/>\n\t<meta property=\"og:image:width\" content=\"400\" \/>\n\t<meta property=\"og:image:height\" content=\"399\" \/>\n\t<meta property=\"og:image:type\" content=\"image\/jpeg\" \/>\n<meta name=\"twitter:card\" content=\"summary_large_image\" \/>\n<meta name=\"twitter:label1\" content=\"Temps estimat de lectura\" \/>\n\t<meta name=\"twitter:data1\" content=\"1 minut\" \/>\n<script type=\"application\/ld+json\" class=\"yoast-schema-graph\">{\"@context\":\"https:\\\/\\\/schema.org\",\"@graph\":[{\"@type\":\"WebPage\",\"@id\":\"https:\\\/\\\/www.editorialjuventud.es\\\/fuego-fuego-9788426148193\\\/\",\"url\":\"https:\\\/\\\/www.editorialjuventud.es\\\/fuego-fuego-9788426148193\\\/\",\"name\":\"\u00a1Fuego! \u00a1Fuego! - Editorial Juventud\",\"isPartOf\":{\"@id\":\"https:\\\/\\\/www.editorialjuventud.es\\\/#website\"},\"primaryImageOfPage\":{\"@id\":\"https:\\\/\\\/www.editorialjuventud.es\\\/fuego-fuego-9788426148193\\\/#primaryimage\"},\"image\":{\"@id\":\"https:\\\/\\\/www.editorialjuventud.es\\\/fuego-fuego-9788426148193\\\/#primaryimage\"},\"thumbnailUrl\":\"https:\\\/\\\/www.editorialjuventud.es\\\/wp-content\\\/uploads\\\/9788426148193-e1681848100786.jpg\",\"datePublished\":\"2023-03-01T21:19:24+00:00\",\"dateModified\":\"2025-01-22T11:38:37+00:00\",\"description\":\"\u00a1Socorro! La casa del perro est\u00e1 en llamas. NINO NINO. Aqu\u00ed llega la ayuda necesaria para apagar el incendio. \u00a1Oh! \u00bfOtro aviso? \u00a1Todo listo! \u00a1Corramos al\",\"breadcrumb\":{\"@id\":\"https:\\\/\\\/www.editorialjuventud.es\\\/fuego-fuego-9788426148193\\\/#breadcrumb\"},\"inLanguage\":\"ca\",\"potentialAction\":[{\"@type\":\"ReadAction\",\"target\":[\"https:\\\/\\\/www.editorialjuventud.es\\\/fuego-fuego-9788426148193\\\/\"]}]},{\"@type\":\"ImageObject\",\"inLanguage\":\"ca\",\"@id\":\"https:\\\/\\\/www.editorialjuventud.es\\\/fuego-fuego-9788426148193\\\/#primaryimage\",\"url\":\"https:\\\/\\\/www.editorialjuventud.es\\\/wp-content\\\/uploads\\\/9788426148193-e1681848100786.jpg\",\"contentUrl\":\"https:\\\/\\\/www.editorialjuventud.es\\\/wp-content\\\/uploads\\\/9788426148193-e1681848100786.jpg\",\"width\":400,\"height\":399,\"caption\":\"9788426148193.jpg\"},{\"@type\":\"BreadcrumbList\",\"@id\":\"https:\\\/\\\/www.editorialjuventud.es\\\/fuego-fuego-9788426148193\\\/#breadcrumb\",\"itemListElement\":[{\"@type\":\"ListItem\",\"position\":1,\"name\":\"Portada\",\"item\":\"https:\\\/\\\/www.editorialjuventud.es\\\/\"},{\"@type\":\"ListItem\",\"position\":2,\"name\":\"cat\u00e1logo\",\"item\":\"https:\\\/\\\/www.editorialjuventud.es\\\/coleccion\\\/catalogo\\\/\"},{\"@type\":\"ListItem\",\"position\":3,\"name\":\"castellano\",\"item\":\"https:\\\/\\\/www.editorialjuventud.es\\\/coleccion\\\/castellano\\\/\"},{\"@type\":\"ListItem\",\"position\":4,\"name\":\"\u00a1Fuego! \u00a1Fuego!\"}]},{\"@type\":\"WebSite\",\"@id\":\"https:\\\/\\\/www.editorialjuventud.es\\\/#website\",\"url\":\"https:\\\/\\\/www.editorialjuventud.es\\\/\",\"name\":\"Editorial Juventud\",\"description\":\"\",\"potentialAction\":[{\"@type\":\"SearchAction\",\"target\":{\"@type\":\"EntryPoint\",\"urlTemplate\":\"https:\\\/\\\/www.editorialjuventud.es\\\/?s={search_term_string}\"},\"query-input\":{\"@type\":\"PropertyValueSpecification\",\"valueRequired\":true,\"valueName\":\"search_term_string\"}}],\"inLanguage\":\"ca\"}]}<\/script>\n<!-- \/ Yoast SEO plugin. -->","yoast_head_json":{"title":"\u00a1Fuego! \u00a1Fuego! - Editorial Juventud","description":"\u00a1Socorro! La casa del perro est\u00e1 en llamas. NINO NINO. Aqu\u00ed llega la ayuda necesaria para apagar el incendio. \u00a1Oh! \u00bfOtro aviso? \u00a1Todo listo! \u00a1Corramos al","robots":{"index":"index","follow":"follow","max-snippet":"max-snippet:-1","max-image-preview":"max-image-preview:large","max-video-preview":"max-video-preview:-1"},"canonical":"https:\/\/www.editorialjuventud.es\/fuego-fuego-9788426148193\/","og_locale":"ca_ES","og_type":"article","og_title":"\u00a1Fuego! \u00a1Fuego! - Editorial Juventud","og_description":"\u00a1Socorro! La casa del perro est\u00e1 en llamas. NINO NINO. Aqu\u00ed llega la ayuda necesaria para apagar el incendio. \u00a1Oh! \u00bfOtro aviso? \u00a1Todo listo! \u00a1Corramos al","og_url":"https:\/\/www.editorialjuventud.es\/fuego-fuego-9788426148193\/","og_site_name":"Editorial Juventud","article_modified_time":"2025-01-22T11:38:37+00:00","og_image":[{"width":400,"height":399,"url":"https:\/\/www.editorialjuventud.es\/wp-content\/uploads\/9788426148193-e1681848100786.jpg","type":"image\/jpeg"}],"twitter_card":"summary_large_image","twitter_misc":{"Temps estimat de lectura":"1 minut"},"schema":{"@context":"https:\/\/schema.org","@graph":[{"@type":"WebPage","@id":"https:\/\/www.editorialjuventud.es\/fuego-fuego-9788426148193\/","url":"https:\/\/www.editorialjuventud.es\/fuego-fuego-9788426148193\/","name":"\u00a1Fuego! \u00a1Fuego! - Editorial Juventud","isPartOf":{"@id":"https:\/\/www.editorialjuventud.es\/#website"},"primaryImageOfPage":{"@id":"https:\/\/www.editorialjuventud.es\/fuego-fuego-9788426148193\/#primaryimage"},"image":{"@id":"https:\/\/www.editorialjuventud.es\/fuego-fuego-9788426148193\/#primaryimage"},"thumbnailUrl":"https:\/\/www.editorialjuventud.es\/wp-content\/uploads\/9788426148193-e1681848100786.jpg","datePublished":"2023-03-01T21:19:24+00:00","dateModified":"2025-01-22T11:38:37+00:00","description":"\u00a1Socorro! La casa del perro est\u00e1 en llamas. NINO NINO. Aqu\u00ed llega la ayuda necesaria para apagar el incendio. \u00a1Oh! \u00bfOtro aviso? \u00a1Todo listo! \u00a1Corramos al","breadcrumb":{"@id":"https:\/\/www.editorialjuventud.es\/fuego-fuego-9788426148193\/#breadcrumb"},"inLanguage":"ca","potentialAction":[{"@type":"ReadAction","target":["https:\/\/www.editorialjuventud.es\/fuego-fuego-9788426148193\/"]}]},{"@type":"ImageObject","inLanguage":"ca","@id":"https:\/\/www.editorialjuventud.es\/fuego-fuego-9788426148193\/#primaryimage","url":"https:\/\/www.editorialjuventud.es\/wp-content\/uploads\/9788426148193-e1681848100786.jpg","contentUrl":"https:\/\/www.editorialjuventud.es\/wp-content\/uploads\/9788426148193-e1681848100786.jpg","width":400,"height":399,"caption":"9788426148193.jpg"},{"@type":"BreadcrumbList","@id":"https:\/\/www.editorialjuventud.es\/fuego-fuego-9788426148193\/#breadcrumb","itemListElement":[{"@type":"ListItem","position":1,"name":"Portada","item":"https:\/\/www.editorialjuventud.es\/"},{"@type":"ListItem","position":2,"name":"cat\u00e1logo","item":"https:\/\/www.editorialjuventud.es\/coleccion\/catalogo\/"},{"@type":"ListItem","position":3,"name":"castellano","item":"https:\/\/www.editorialjuventud.es\/coleccion\/castellano\/"},{"@type":"ListItem","position":4,"name":"\u00a1Fuego! \u00a1Fuego!"}]},{"@type":"WebSite","@id":"https:\/\/www.editorialjuventud.es\/#website","url":"https:\/\/www.editorialjuventud.es\/","name":"Editorial Juventud","description":"","potentialAction":[{"@type":"SearchAction","target":{"@type":"EntryPoint","urlTemplate":"https:\/\/www.editorialjuventud.es\/?s={search_term_string}"},"query-input":{"@type":"PropertyValueSpecification","valueRequired":true,"valueName":"search_term_string"}}],"inLanguage":"ca"}]}},"_links":{"self":[{"href":"https:\/\/www.editorialjuventud.es\/ca\/wp-json\/wp\/v2\/product\/75296","targetHints":{"allow":["GET"]}}],"collection":[{"href":"https:\/\/www.editorialjuventud.es\/ca\/wp-json\/wp\/v2\/product"}],"about":[{"href":"https:\/\/www.editorialjuventud.es\/ca\/wp-json\/wp\/v2\/types\/product"}],"wp:featuredmedia":[{"embeddable":true,"href":"https:\/\/www.editorialjuventud.es\/ca\/wp-json\/wp\/v2\/media\/75297"}],"wp:attachment":[{"href":"https:\/\/www.editorialjuventud.es\/ca\/wp-json\/wp\/v2\/media?parent=75296"}],"wp:term":[{"taxonomy":"product_brand","embeddable":true,"href":"https:\/\/www.editorialjuventud.es\/ca\/wp-json\/wp\/v2\/product_brand?post=75296"},{"taxonomy":"product_cat","embeddable":true,"href":"https:\/\/www.editorialjuventud.es\/ca\/wp-json\/wp\/v2\/product_cat?post=75296"},{"taxonomy":"product_tag","embeddable":true,"href":"https:\/\/www.editorialjuventud.es\/ca\/wp-json\/wp\/v2\/product_tag?post=75296"},{"taxonomy":"coleccion","embeddable":true,"href":"https:\/\/www.editorialjuventud.es\/ca\/wp-json\/wp\/v2\/coleccion?post=75296"}],"curies":[{"name":"wp","href":"https:\/\/api.w.org\/{rel}","templated":true}]}}