{"id":75293,"date":"2023-03-01T22:19:00","date_gmt":"2023-03-01T21:19:00","guid":{"rendered":"https:\/\/www.editorialjuventud.es\/narvalicorn-i-medu-9788426148100\/"},"modified":"2025-01-31T10:55:32","modified_gmt":"2025-01-31T09:55:32","slug":"narvalicorn-i-medu-9788426148100","status":"publish","type":"product","link":"https:\/\/www.editorialjuventud.es\/ca\/narvalicorn-i-medu-9788426148100\/","title":{"rendered":"Narvalicorn i Medu"},"content":{"rendered":"<p>Narval s&#8217;autoanomena unicorn mar\u00ed&#8230; Per\u00f2&#8230; qu\u00e8 \u00e9s un unicorn? Un narval terrestre! En aquest cas hauran d&#8217;anar a terra ferma a trobar-ne un! Amb l&#8217;ajuda de l&#8217;Estrella, i el seu poder per convertir tots els desitjos en realitat, aquesta parella d&#8217;amics es disposa a deixar enrere l&#8217;aigua per endinsar-se a la terra. B\u00e9, a la Medu la idea no sembla fer-li gaire gr\u00e0cia&#8230; <\/p>\n<p>Una nova aventura d&#8217;aquesta parella aqu\u00e0tica. Tan divertida i narval\u00e0stica com sempre, i amb una missi\u00f3 clara i determinant: trobar un unicorn. <\/p>\n","protected":false},"excerpt":{"rendered":"Narval s&#8217;autoanomena unicorn mar\u00ed&#8230; Per\u00f2&#8230; qu\u00e8 \u00e9s un unicorn? Un narval terrestre! En aquest cas hauran d&#8217;anar a terra ferma a trobar-ne un! Amb l&#8217;ajuda de l&#8217;Estrella, i el seu poder per convertir tots els desitjos en realitat, aquesta parella [&hellip;]","protected":false},"featured_media":75294,"template":"","meta":{"_acf_changed":false,"_exactmetrics_skip_tracking":false,"_exactmetrics_sitenote_active":false,"_exactmetrics_sitenote_note":"","_exactmetrics_sitenote_category":0},"product_brand":[],"product_cat":[900,1136,1142,1127,892,1115,1184,1193,1128],"product_tag":[],"coleccion":[915,922,977],"class_list":{"0":"post-75293","1":"product","2":"type-product","3":"status-publish","4":"has-post-thumbnail","6":"product_cat-a-partir-de-5-anos","7":"product_cat-amistad","8":"product_cat-aventura","9":"product_cat-comic","10":"product_cat-edades","11":"product_cat-generos","12":"product_cat-humor","13":"product_cat-mar-oceano","14":"product_cat-tematica","15":"coleccion-catala","16":"coleccion-joventut-comic","17":"coleccion-llibres-de-narval-i-medu","19":"first","20":"instock","21":"taxable","22":"shipping-taxable","23":"purchasable","24":"product-type-simple"},"acf":{"indice":"","autor":"Clanton, Ben","codart":"4810","ediciones":"2","encuadernacion":"Carton\u00e9","fecha_de_publicacion":"01\/03\/2023","fecha_de_reimpresion":"01\/09\/2024","novedad":"0","paginas":"72","subtitulo":"","texto_web_adicional":"","autores-libros":[16284],"ilustradores-libros":"","texto_web_novedad":"","orden":"999","portada":"0","texto_web_resaltado":"","traductores-libros":[17378],"descripcion_corta":"","recomendamos":"","mas_vendido":"","idioma-libro":"","color":false,"formato":"","mas_informacion_del_producto":false,"premios":false,"deshabilitar_compra":[],"texto_enlace_cubierta":"","enlace_cubierta":{"ID":75409,"id":75409,"title":"cover NARVALICORNIO vol.7_ES.indd","filename":"NARVALICORN_Cover.jpg","filesize":217849,"url":"https:\/\/www.editorialjuventud.es\/wp-content\/uploads\/NARVALICORN_Cover.jpg","link":"https:\/\/www.editorialjuventud.es\/ca\/?attachment_id=75409","alt":"","author":"50","description":"","caption":"","name":"cover-narvalicornio-vol-7_es-indd-4","status":"inherit","uploaded_to":75293,"date":"2023-03-03 15:19:53","modified":"2023-03-03 15:19:53","menu_order":0,"mime_type":"image\/jpeg","type":"image","subtype":"jpeg","icon":"https:\/\/www.editorialjuventud.es\/wp-includes\/images\/media\/default.png","width":936,"height":1275,"sizes":{"thumbnail":"https:\/\/www.editorialjuventud.es\/wp-content\/uploads\/NARVALICORN_Cover-200x200.jpg","thumbnail-width":200,"thumbnail-height":200,"medium":"https:\/\/www.editorialjuventud.es\/wp-content\/uploads\/NARVALICORN_Cover.jpg","medium-width":936,"medium-height":1275,"medium_large":"https:\/\/www.editorialjuventud.es\/wp-content\/uploads\/NARVALICORN_Cover-768x1046.jpg","medium_large-width":768,"medium_large-height":1046,"large":"https:\/\/www.editorialjuventud.es\/wp-content\/uploads\/NARVALICORN_Cover.jpg","large-width":936,"large-height":1275,"1536x1536":"https:\/\/www.editorialjuventud.es\/wp-content\/uploads\/NARVALICORN_Cover.jpg","1536x1536-width":936,"1536x1536-height":1275,"2048x2048":"https:\/\/www.editorialjuventud.es\/wp-content\/uploads\/NARVALICORN_Cover.jpg","2048x2048-width":936,"2048x2048-height":1275,"woocommerce_thumbnail":"https:\/\/www.editorialjuventud.es\/wp-content\/uploads\/NARVALICORN_Cover-350x477.jpg","woocommerce_thumbnail-width":350,"woocommerce_thumbnail-height":477,"woocommerce_single":"https:\/\/www.editorialjuventud.es\/wp-content\/uploads\/NARVALICORN_Cover-900x1226.jpg","woocommerce_single-width":900,"woocommerce_single-height":1226,"woocommerce_gallery_thumbnail":"https:\/\/www.editorialjuventud.es\/wp-content\/uploads\/NARVALICORN_Cover-100x100.jpg","woocommerce_gallery_thumbnail-width":100,"woocommerce_gallery_thumbnail-height":100,"ppec_logo_image_size":"https:\/\/www.editorialjuventud.es\/wp-content\/uploads\/NARVALICORN_Cover-44x60.jpg","ppec_logo_image_size-width":44,"ppec_logo_image_size-height":60,"ppec_header_image_size":"https:\/\/www.editorialjuventud.es\/wp-content\/uploads\/NARVALICORN_Cover-66x90.jpg","ppec_header_image_size-width":66,"ppec_header_image_size-height":90}},"texto_enlace_ficha_tecnica":"","enlace_ficha_tecnica":{"ID":75870,"id":75870,"title":"NARVALICORN_CAT","filename":"NARVALICORN_CAT.pdf","filesize":806643,"url":"https:\/\/www.editorialjuventud.es\/wp-content\/uploads\/NARVALICORN_CAT.pdf","link":"https:\/\/www.editorialjuventud.es\/ca\/?attachment_id=75870","alt":"","author":"50","description":"","caption":"","name":"narvalicorn_cat","status":"inherit","uploaded_to":75293,"date":"2023-04-14 10:45:38","modified":"2023-04-14 10:45:38","menu_order":0,"mime_type":"application\/pdf","type":"application","subtype":"pdf","icon":"https:\/\/www.editorialjuventud.es\/wp-includes\/images\/media\/document.png"},"ficheros":false,"titulo-fr":"","texto-fr":""},"yoast_head":"<!-- This site is optimized with the Yoast SEO plugin v27.3 - https:\/\/yoast.com\/product\/yoast-seo-wordpress\/ -->\n<title>Narvalicorn i Medu - Editorial Juventud<\/title>\n<meta name=\"description\" content=\"Narval s&#039;autoanomena unicorn mar\u00ed... Per\u00f2... qu\u00e8 \u00e9s un unicorn? Un narval terrestre! En aquest cas hauran d&#039;anar a terra ferma a trobar-ne un! Amb l&#039;ajuda\" \/>\n<meta name=\"robots\" content=\"index, follow, max-snippet:-1, max-image-preview:large, max-video-preview:-1\" \/>\n<link rel=\"canonical\" href=\"https:\/\/www.editorialjuventud.es\/narvalicorn-i-medu-9788426148100\/\" \/>\n<meta property=\"og:locale\" content=\"ca_ES\" \/>\n<meta property=\"og:type\" content=\"article\" \/>\n<meta property=\"og:title\" content=\"Narvalicorn i Medu - Editorial Juventud\" \/>\n<meta property=\"og:description\" content=\"Narval s&#039;autoanomena unicorn mar\u00ed... Per\u00f2... qu\u00e8 \u00e9s un unicorn? Un narval terrestre! En aquest cas hauran d&#039;anar a terra ferma a trobar-ne un! Amb l&#039;ajuda\" \/>\n<meta property=\"og:url\" content=\"https:\/\/www.editorialjuventud.es\/narvalicorn-i-medu-9788426148100\/\" \/>\n<meta property=\"og:site_name\" content=\"Editorial Juventud\" \/>\n<meta property=\"article:modified_time\" content=\"2025-01-31T09:55:32+00:00\" \/>\n<meta property=\"og:image\" content=\"https:\/\/www.editorialjuventud.es\/wp-content\/uploads\/9788426148100.jpg\" \/>\n\t<meta property=\"og:image:width\" content=\"400\" \/>\n\t<meta property=\"og:image:height\" content=\"545\" \/>\n\t<meta property=\"og:image:type\" content=\"image\/jpeg\" \/>\n<meta name=\"twitter:card\" content=\"summary_large_image\" \/>\n<meta name=\"twitter:label1\" content=\"Temps estimat de lectura\" \/>\n\t<meta name=\"twitter:data1\" content=\"1 minut\" \/>\n<script type=\"application\/ld+json\" class=\"yoast-schema-graph\">{\"@context\":\"https:\\\/\\\/schema.org\",\"@graph\":[{\"@type\":\"WebPage\",\"@id\":\"https:\\\/\\\/www.editorialjuventud.es\\\/narvalicorn-i-medu-9788426148100\\\/\",\"url\":\"https:\\\/\\\/www.editorialjuventud.es\\\/narvalicorn-i-medu-9788426148100\\\/\",\"name\":\"Narvalicorn i Medu - Editorial Juventud\",\"isPartOf\":{\"@id\":\"https:\\\/\\\/www.editorialjuventud.es\\\/#website\"},\"primaryImageOfPage\":{\"@id\":\"https:\\\/\\\/www.editorialjuventud.es\\\/narvalicorn-i-medu-9788426148100\\\/#primaryimage\"},\"image\":{\"@id\":\"https:\\\/\\\/www.editorialjuventud.es\\\/narvalicorn-i-medu-9788426148100\\\/#primaryimage\"},\"thumbnailUrl\":\"https:\\\/\\\/www.editorialjuventud.es\\\/wp-content\\\/uploads\\\/9788426148100.jpg\",\"datePublished\":\"2023-03-01T21:19:00+00:00\",\"dateModified\":\"2025-01-31T09:55:32+00:00\",\"description\":\"Narval s'autoanomena unicorn mar\u00ed... Per\u00f2... qu\u00e8 \u00e9s un unicorn? Un narval terrestre! En aquest cas hauran d'anar a terra ferma a trobar-ne un! Amb l'ajuda\",\"breadcrumb\":{\"@id\":\"https:\\\/\\\/www.editorialjuventud.es\\\/narvalicorn-i-medu-9788426148100\\\/#breadcrumb\"},\"inLanguage\":\"ca\",\"potentialAction\":[{\"@type\":\"ReadAction\",\"target\":[\"https:\\\/\\\/www.editorialjuventud.es\\\/narvalicorn-i-medu-9788426148100\\\/\"]}]},{\"@type\":\"ImageObject\",\"inLanguage\":\"ca\",\"@id\":\"https:\\\/\\\/www.editorialjuventud.es\\\/narvalicorn-i-medu-9788426148100\\\/#primaryimage\",\"url\":\"https:\\\/\\\/www.editorialjuventud.es\\\/wp-content\\\/uploads\\\/9788426148100.jpg\",\"contentUrl\":\"https:\\\/\\\/www.editorialjuventud.es\\\/wp-content\\\/uploads\\\/9788426148100.jpg\",\"width\":400,\"height\":545,\"caption\":\"9788426148100.jpg\"},{\"@type\":\"BreadcrumbList\",\"@id\":\"https:\\\/\\\/www.editorialjuventud.es\\\/narvalicorn-i-medu-9788426148100\\\/#breadcrumb\",\"itemListElement\":[{\"@type\":\"ListItem\",\"position\":1,\"name\":\"Portada\",\"item\":\"https:\\\/\\\/www.editorialjuventud.es\\\/\"},{\"@type\":\"ListItem\",\"position\":2,\"name\":\"cat\u00e1logo\",\"item\":\"https:\\\/\\\/www.editorialjuventud.es\\\/coleccion\\\/catalogo\\\/\"},{\"@type\":\"ListItem\",\"position\":3,\"name\":\"catal\u00e0\",\"item\":\"https:\\\/\\\/www.editorialjuventud.es\\\/coleccion\\\/catala\\\/\"},{\"@type\":\"ListItem\",\"position\":4,\"name\":\"Joventut C\u00f2mic\",\"item\":\"https:\\\/\\\/www.editorialjuventud.es\\\/ca\\\/coleccion\\\/joventut-comic\\\/\"},{\"@type\":\"ListItem\",\"position\":5,\"name\":\"Llibres de Narval i Medu\",\"item\":\"https:\\\/\\\/www.editorialjuventud.es\\\/ca\\\/coleccion\\\/llibres-de-narval-i-medu\\\/\"},{\"@type\":\"ListItem\",\"position\":6,\"name\":\"Narvalicorn i Medu\"}]},{\"@type\":\"WebSite\",\"@id\":\"https:\\\/\\\/www.editorialjuventud.es\\\/#website\",\"url\":\"https:\\\/\\\/www.editorialjuventud.es\\\/\",\"name\":\"Editorial Juventud\",\"description\":\"\",\"potentialAction\":[{\"@type\":\"SearchAction\",\"target\":{\"@type\":\"EntryPoint\",\"urlTemplate\":\"https:\\\/\\\/www.editorialjuventud.es\\\/?s={search_term_string}\"},\"query-input\":{\"@type\":\"PropertyValueSpecification\",\"valueRequired\":true,\"valueName\":\"search_term_string\"}}],\"inLanguage\":\"ca\"}]}<\/script>\n<!-- \/ Yoast SEO plugin. -->","yoast_head_json":{"title":"Narvalicorn i Medu - Editorial Juventud","description":"Narval s'autoanomena unicorn mar\u00ed... Per\u00f2... qu\u00e8 \u00e9s un unicorn? Un narval terrestre! En aquest cas hauran d'anar a terra ferma a trobar-ne un! Amb l'ajuda","robots":{"index":"index","follow":"follow","max-snippet":"max-snippet:-1","max-image-preview":"max-image-preview:large","max-video-preview":"max-video-preview:-1"},"canonical":"https:\/\/www.editorialjuventud.es\/narvalicorn-i-medu-9788426148100\/","og_locale":"ca_ES","og_type":"article","og_title":"Narvalicorn i Medu - Editorial Juventud","og_description":"Narval s'autoanomena unicorn mar\u00ed... Per\u00f2... qu\u00e8 \u00e9s un unicorn? Un narval terrestre! En aquest cas hauran d'anar a terra ferma a trobar-ne un! Amb l'ajuda","og_url":"https:\/\/www.editorialjuventud.es\/narvalicorn-i-medu-9788426148100\/","og_site_name":"Editorial Juventud","article_modified_time":"2025-01-31T09:55:32+00:00","og_image":[{"width":400,"height":545,"url":"https:\/\/www.editorialjuventud.es\/wp-content\/uploads\/9788426148100.jpg","type":"image\/jpeg"}],"twitter_card":"summary_large_image","twitter_misc":{"Temps estimat de lectura":"1 minut"},"schema":{"@context":"https:\/\/schema.org","@graph":[{"@type":"WebPage","@id":"https:\/\/www.editorialjuventud.es\/narvalicorn-i-medu-9788426148100\/","url":"https:\/\/www.editorialjuventud.es\/narvalicorn-i-medu-9788426148100\/","name":"Narvalicorn i Medu - Editorial Juventud","isPartOf":{"@id":"https:\/\/www.editorialjuventud.es\/#website"},"primaryImageOfPage":{"@id":"https:\/\/www.editorialjuventud.es\/narvalicorn-i-medu-9788426148100\/#primaryimage"},"image":{"@id":"https:\/\/www.editorialjuventud.es\/narvalicorn-i-medu-9788426148100\/#primaryimage"},"thumbnailUrl":"https:\/\/www.editorialjuventud.es\/wp-content\/uploads\/9788426148100.jpg","datePublished":"2023-03-01T21:19:00+00:00","dateModified":"2025-01-31T09:55:32+00:00","description":"Narval s'autoanomena unicorn mar\u00ed... Per\u00f2... qu\u00e8 \u00e9s un unicorn? Un narval terrestre! En aquest cas hauran d'anar a terra ferma a trobar-ne un! Amb l'ajuda","breadcrumb":{"@id":"https:\/\/www.editorialjuventud.es\/narvalicorn-i-medu-9788426148100\/#breadcrumb"},"inLanguage":"ca","potentialAction":[{"@type":"ReadAction","target":["https:\/\/www.editorialjuventud.es\/narvalicorn-i-medu-9788426148100\/"]}]},{"@type":"ImageObject","inLanguage":"ca","@id":"https:\/\/www.editorialjuventud.es\/narvalicorn-i-medu-9788426148100\/#primaryimage","url":"https:\/\/www.editorialjuventud.es\/wp-content\/uploads\/9788426148100.jpg","contentUrl":"https:\/\/www.editorialjuventud.es\/wp-content\/uploads\/9788426148100.jpg","width":400,"height":545,"caption":"9788426148100.jpg"},{"@type":"BreadcrumbList","@id":"https:\/\/www.editorialjuventud.es\/narvalicorn-i-medu-9788426148100\/#breadcrumb","itemListElement":[{"@type":"ListItem","position":1,"name":"Portada","item":"https:\/\/www.editorialjuventud.es\/"},{"@type":"ListItem","position":2,"name":"cat\u00e1logo","item":"https:\/\/www.editorialjuventud.es\/coleccion\/catalogo\/"},{"@type":"ListItem","position":3,"name":"catal\u00e0","item":"https:\/\/www.editorialjuventud.es\/coleccion\/catala\/"},{"@type":"ListItem","position":4,"name":"Joventut C\u00f2mic","item":"https:\/\/www.editorialjuventud.es\/ca\/coleccion\/joventut-comic\/"},{"@type":"ListItem","position":5,"name":"Llibres de Narval i Medu","item":"https:\/\/www.editorialjuventud.es\/ca\/coleccion\/llibres-de-narval-i-medu\/"},{"@type":"ListItem","position":6,"name":"Narvalicorn i Medu"}]},{"@type":"WebSite","@id":"https:\/\/www.editorialjuventud.es\/#website","url":"https:\/\/www.editorialjuventud.es\/","name":"Editorial Juventud","description":"","potentialAction":[{"@type":"SearchAction","target":{"@type":"EntryPoint","urlTemplate":"https:\/\/www.editorialjuventud.es\/?s={search_term_string}"},"query-input":{"@type":"PropertyValueSpecification","valueRequired":true,"valueName":"search_term_string"}}],"inLanguage":"ca"}]}},"_links":{"self":[{"href":"https:\/\/www.editorialjuventud.es\/ca\/wp-json\/wp\/v2\/product\/75293","targetHints":{"allow":["GET"]}}],"collection":[{"href":"https:\/\/www.editorialjuventud.es\/ca\/wp-json\/wp\/v2\/product"}],"about":[{"href":"https:\/\/www.editorialjuventud.es\/ca\/wp-json\/wp\/v2\/types\/product"}],"wp:featuredmedia":[{"embeddable":true,"href":"https:\/\/www.editorialjuventud.es\/ca\/wp-json\/wp\/v2\/media\/75294"}],"wp:attachment":[{"href":"https:\/\/www.editorialjuventud.es\/ca\/wp-json\/wp\/v2\/media?parent=75293"}],"wp:term":[{"taxonomy":"product_brand","embeddable":true,"href":"https:\/\/www.editorialjuventud.es\/ca\/wp-json\/wp\/v2\/product_brand?post=75293"},{"taxonomy":"product_cat","embeddable":true,"href":"https:\/\/www.editorialjuventud.es\/ca\/wp-json\/wp\/v2\/product_cat?post=75293"},{"taxonomy":"product_tag","embeddable":true,"href":"https:\/\/www.editorialjuventud.es\/ca\/wp-json\/wp\/v2\/product_tag?post=75293"},{"taxonomy":"coleccion","embeddable":true,"href":"https:\/\/www.editorialjuventud.es\/ca\/wp-json\/wp\/v2\/coleccion?post=75293"}],"curies":[{"name":"wp","href":"https:\/\/api.w.org\/{rel}","templated":true}]}}