{"id":74406,"date":"2023-02-02T12:59:24","date_gmt":"2023-02-02T11:59:24","guid":{"rendered":"https:\/\/www.editorialjuventud.es\/neixer-nena-9788426148186\/"},"modified":"2025-10-06T13:55:06","modified_gmt":"2025-10-06T11:55:06","slug":"neixer-nena-9788426148186","status":"publish","type":"product","link":"https:\/\/www.editorialjuventud.es\/ca\/neixer-nena-9788426148186\/","title":{"rendered":"N\u00e9ixer nena"},"content":{"rendered":"<p>De M\u00e8xic a l&#8217;Iran passant per K\u00e8nia o el Nepal, aquest llibre ens dona a con\u00e8ixer a cinc noies. Cadascuna explica la seva hist\u00f2ria i destaca un tema social relacionat amb el lloc i els drets de les dones al seu pa\u00eds. Cada relat va acompanyat d&#8217;unes p\u00e0gines documentals a fi d&#8217;ampliar i aportar elements concrets.<\/p>\n<p>L&#8217;autora ens explica com n&#8217;\u00e9s de dur suportar el pes de les tradicions, les prohibicions i les humiliacions, i amb les seves enlluernadores il\u00b7lustracions aconsegueix posar una mica de llum en la foscor. El llibre inclou un inspirador prefaci de Cl\u00e9mentine Beauvais, escriptora i investigadora docent.  <\/p>\n","protected":false},"excerpt":{"rendered":"De M\u00e8xic a l&#8217;Iran passant per K\u00e8nia o el Nepal, aquest llibre ens dona a con\u00e8ixer a cinc noies. Cadascuna explica la seva hist\u00f2ria i destaca un tema social relacionat amb el lloc i els drets de les dones al [&hellip;]","protected":false},"featured_media":74407,"template":"","meta":{"_acf_changed":false,"_exactmetrics_skip_tracking":false,"_exactmetrics_sitenote_active":false,"_exactmetrics_sitenote_note":"","_exactmetrics_sitenote_category":0},"product_brand":[],"product_cat":[894,1121,1141,1157,1161,892,1115,1185,1196,893,1222,1128],"product_tag":[],"coleccion":[917,915,946],"class_list":{"0":"post-74406","1":"product","2":"type-product","3":"status-publish","4":"has-post-thumbnail","6":"product_cat-a-partir-de-10-anos","7":"product_cat-albumes-ilustrados","8":"product_cat-autoestima","9":"product_cat-crecer","10":"product_cat-derechos-humanos","11":"product_cat-edades","12":"product_cat-generos","13":"product_cat-igualdad-de-genero","14":"product_cat-miedo-valentia","15":"product_cat-novedades","16":"product_cat-superacion","17":"product_cat-tematica","18":"coleccion-albums-illustrats","19":"coleccion-catala","20":"coleccion-com-i-per-que","22":"first","23":"instock","24":"taxable","25":"shipping-taxable","26":"purchasable","27":"product-type-simple"},"acf":{"indice":"","autor":"Dussutour, Alice","codart":"4818","ediciones":"1","encuadernacion":"R\u00fastica","fecha_de_publicacion":"01\/02\/2023","fecha_de_reimpresion":"","novedad":"0","paginas":"174","subtitulo":"","texto_web_adicional":"","autores-libros":[74362],"ilustradores-libros":"","texto_web_novedad":"","orden":"999","portada":"0","texto_web_resaltado":"","traductores-libros":[58414],"descripcion_corta":"Els drets de les dones al seu pa\u00eds","recomendamos":"","mas_vendido":"","idioma-libro":"","color":false,"formato":"","mas_informacion_del_producto":false,"premios":false,"deshabilitar_compra":[],"titulo-fr":"","texto-fr":"","texto_enlace_cubierta":"","enlace_cubierta":{"ID":74425,"id":74425,"title":"cover NACIDA NIN\u0303A_CAPAS (2 idiomas).indd","filename":"NEIXER-NENA_Cover_CAT-scaled.jpg","filesize":339639,"url":"https:\/\/www.editorialjuventud.es\/wp-content\/uploads\/NEIXER-NENA_Cover_CAT-scaled.jpg","link":"https:\/\/www.editorialjuventud.es\/ca\/?attachment_id=74425","alt":"","author":"50","description":"","caption":"","name":"cover-nacida-nin%cc%83a_capas-2-idiomas-indd-2","status":"inherit","uploaded_to":74406,"date":"2023-02-02 13:30:11","modified":"2023-02-02 13:30:11","menu_order":0,"mime_type":"image\/jpeg","type":"image","subtype":"jpeg","icon":"https:\/\/www.editorialjuventud.es\/wp-includes\/images\/media\/default.png","width":1811,"height":2560,"sizes":{"thumbnail":"https:\/\/www.editorialjuventud.es\/wp-content\/uploads\/NEIXER-NENA_Cover_CAT-200x200.jpg","thumbnail-width":200,"thumbnail-height":200,"medium":"https:\/\/www.editorialjuventud.es\/wp-content\/uploads\/NEIXER-NENA_Cover_CAT-scaled.jpg","medium-width":1811,"medium-height":2560,"medium_large":"https:\/\/www.editorialjuventud.es\/wp-content\/uploads\/NEIXER-NENA_Cover_CAT-768x1086.jpg","medium_large-width":768,"medium_large-height":1086,"large":"https:\/\/www.editorialjuventud.es\/wp-content\/uploads\/NEIXER-NENA_Cover_CAT-scaled.jpg","large-width":1811,"large-height":2560,"1536x1536":"https:\/\/www.editorialjuventud.es\/wp-content\/uploads\/NEIXER-NENA_Cover_CAT-1087x1536.jpg","1536x1536-width":1087,"1536x1536-height":1536,"2048x2048":"https:\/\/www.editorialjuventud.es\/wp-content\/uploads\/NEIXER-NENA_Cover_CAT-1449x2048.jpg","2048x2048-width":1449,"2048x2048-height":2048,"woocommerce_thumbnail":"https:\/\/www.editorialjuventud.es\/wp-content\/uploads\/NEIXER-NENA_Cover_CAT-350x495.jpg","woocommerce_thumbnail-width":350,"woocommerce_thumbnail-height":495,"woocommerce_single":"https:\/\/www.editorialjuventud.es\/wp-content\/uploads\/NEIXER-NENA_Cover_CAT-900x1272.jpg","woocommerce_single-width":900,"woocommerce_single-height":1272,"woocommerce_gallery_thumbnail":"https:\/\/www.editorialjuventud.es\/wp-content\/uploads\/NEIXER-NENA_Cover_CAT-100x100.jpg","woocommerce_gallery_thumbnail-width":100,"woocommerce_gallery_thumbnail-height":100,"ppec_logo_image_size":"https:\/\/www.editorialjuventud.es\/wp-content\/uploads\/NEIXER-NENA_Cover_CAT-42x60.jpg","ppec_logo_image_size-width":42,"ppec_logo_image_size-height":60,"ppec_header_image_size":"https:\/\/www.editorialjuventud.es\/wp-content\/uploads\/NEIXER-NENA_Cover_CAT-64x90.jpg","ppec_header_image_size-width":64,"ppec_header_image_size-height":90}},"texto_enlace_ficha_tecnica":"","enlace_ficha_tecnica":{"ID":74453,"id":74453,"title":"NeixerNena_CAT","filename":"NeixerNena_CAT.pdf","filesize":594443,"url":"https:\/\/www.editorialjuventud.es\/wp-content\/uploads\/NeixerNena_CAT.pdf","link":"https:\/\/www.editorialjuventud.es\/ca\/?attachment_id=74453","alt":"","author":"50","description":"","caption":"","name":"neixernena_cat","status":"inherit","uploaded_to":74406,"date":"2023-02-03 09:23:59","modified":"2023-02-03 09:23:59","menu_order":0,"mime_type":"application\/pdf","type":"application","subtype":"pdf","icon":"https:\/\/www.editorialjuventud.es\/wp-includes\/images\/media\/document.png"},"ficheros":false},"yoast_head":"<!-- This site is optimized with the Yoast SEO plugin v27.5 - https:\/\/yoast.com\/product\/yoast-seo-wordpress\/ -->\n<title>N\u00e9ixer nena - Editorial Juventud<\/title>\n<meta name=\"description\" content=\"De M\u00e8xic a l&#039;Iran passant per K\u00e8nia o el Nepal, aquest llibre ens dona a con\u00e8ixer a cinc noies. Cadascuna explica la seva hist\u00f2ria i destaca un tema\" \/>\n<meta name=\"robots\" content=\"index, follow, max-snippet:-1, max-image-preview:large, max-video-preview:-1\" \/>\n<link rel=\"canonical\" href=\"https:\/\/www.editorialjuventud.es\/neixer-nena-9788426148186\/\" \/>\n<meta property=\"og:locale\" content=\"ca_ES\" \/>\n<meta property=\"og:type\" content=\"article\" \/>\n<meta property=\"og:title\" content=\"N\u00e9ixer nena - Editorial Juventud\" \/>\n<meta property=\"og:description\" content=\"De M\u00e8xic a l&#039;Iran passant per K\u00e8nia o el Nepal, aquest llibre ens dona a con\u00e8ixer a cinc noies. Cadascuna explica la seva hist\u00f2ria i destaca un tema\" \/>\n<meta property=\"og:url\" content=\"https:\/\/www.editorialjuventud.es\/neixer-nena-9788426148186\/\" \/>\n<meta property=\"og:site_name\" content=\"Editorial Juventud\" \/>\n<meta property=\"article:modified_time\" content=\"2025-10-06T11:55:06+00:00\" \/>\n<meta property=\"og:image\" content=\"https:\/\/www.editorialjuventud.es\/wp-content\/uploads\/9788426148186.jpg\" \/>\n\t<meta property=\"og:image:width\" content=\"345\" \/>\n\t<meta property=\"og:image:height\" content=\"486\" \/>\n\t<meta property=\"og:image:type\" content=\"image\/jpeg\" \/>\n<meta name=\"twitter:card\" content=\"summary_large_image\" \/>\n<meta name=\"twitter:label1\" content=\"Temps estimat de lectura\" \/>\n\t<meta name=\"twitter:data1\" content=\"1 minut\" \/>\n<script type=\"application\/ld+json\" class=\"yoast-schema-graph\">{\"@context\":\"https:\\\/\\\/schema.org\",\"@graph\":[{\"@type\":\"WebPage\",\"@id\":\"https:\\\/\\\/www.editorialjuventud.es\\\/neixer-nena-9788426148186\\\/\",\"url\":\"https:\\\/\\\/www.editorialjuventud.es\\\/neixer-nena-9788426148186\\\/\",\"name\":\"N\u00e9ixer nena - Editorial Juventud\",\"isPartOf\":{\"@id\":\"https:\\\/\\\/www.editorialjuventud.es\\\/#website\"},\"primaryImageOfPage\":{\"@id\":\"https:\\\/\\\/www.editorialjuventud.es\\\/neixer-nena-9788426148186\\\/#primaryimage\"},\"image\":{\"@id\":\"https:\\\/\\\/www.editorialjuventud.es\\\/neixer-nena-9788426148186\\\/#primaryimage\"},\"thumbnailUrl\":\"https:\\\/\\\/www.editorialjuventud.es\\\/wp-content\\\/uploads\\\/9788426148186.jpg\",\"datePublished\":\"2023-02-02T11:59:24+00:00\",\"dateModified\":\"2025-10-06T11:55:06+00:00\",\"description\":\"De M\u00e8xic a l'Iran passant per K\u00e8nia o el Nepal, aquest llibre ens dona a con\u00e8ixer a cinc noies. Cadascuna explica la seva hist\u00f2ria i destaca un tema\",\"breadcrumb\":{\"@id\":\"https:\\\/\\\/www.editorialjuventud.es\\\/neixer-nena-9788426148186\\\/#breadcrumb\"},\"inLanguage\":\"ca\",\"potentialAction\":[{\"@type\":\"ReadAction\",\"target\":[\"https:\\\/\\\/www.editorialjuventud.es\\\/neixer-nena-9788426148186\\\/\"]}]},{\"@type\":\"ImageObject\",\"inLanguage\":\"ca\",\"@id\":\"https:\\\/\\\/www.editorialjuventud.es\\\/neixer-nena-9788426148186\\\/#primaryimage\",\"url\":\"https:\\\/\\\/www.editorialjuventud.es\\\/wp-content\\\/uploads\\\/9788426148186.jpg\",\"contentUrl\":\"https:\\\/\\\/www.editorialjuventud.es\\\/wp-content\\\/uploads\\\/9788426148186.jpg\",\"width\":345,\"height\":486,\"caption\":\"9788426148186.jpg\"},{\"@type\":\"BreadcrumbList\",\"@id\":\"https:\\\/\\\/www.editorialjuventud.es\\\/neixer-nena-9788426148186\\\/#breadcrumb\",\"itemListElement\":[{\"@type\":\"ListItem\",\"position\":1,\"name\":\"Portada\",\"item\":\"https:\\\/\\\/www.editorialjuventud.es\\\/\"},{\"@type\":\"ListItem\",\"position\":2,\"name\":\"cat\u00e1logo\",\"item\":\"https:\\\/\\\/www.editorialjuventud.es\\\/coleccion\\\/catalogo\\\/\"},{\"@type\":\"ListItem\",\"position\":3,\"name\":\"catal\u00e0\",\"item\":\"https:\\\/\\\/www.editorialjuventud.es\\\/coleccion\\\/catala\\\/\"},{\"@type\":\"ListItem\",\"position\":4,\"name\":\"\u00c0lbums Il\u00b7lustrats\",\"item\":\"https:\\\/\\\/www.editorialjuventud.es\\\/coleccion\\\/albums-il%c2%b7lustrats\\\/\"},{\"@type\":\"ListItem\",\"position\":5,\"name\":\"Per Parlar en Fam\u00edlia\",\"item\":\"https:\\\/\\\/www.editorialjuventud.es\\\/ca\\\/coleccion\\\/per-parlar-en-familia\\\/\"},{\"@type\":\"ListItem\",\"position\":6,\"name\":\"N\u00e9ixer nena\"}]},{\"@type\":\"WebSite\",\"@id\":\"https:\\\/\\\/www.editorialjuventud.es\\\/#website\",\"url\":\"https:\\\/\\\/www.editorialjuventud.es\\\/\",\"name\":\"Editorial Juventud\",\"description\":\"\",\"potentialAction\":[{\"@type\":\"SearchAction\",\"target\":{\"@type\":\"EntryPoint\",\"urlTemplate\":\"https:\\\/\\\/www.editorialjuventud.es\\\/?s={search_term_string}\"},\"query-input\":{\"@type\":\"PropertyValueSpecification\",\"valueRequired\":true,\"valueName\":\"search_term_string\"}}],\"inLanguage\":\"ca\"}]}<\/script>\n<!-- \/ Yoast SEO plugin. -->","yoast_head_json":{"title":"N\u00e9ixer nena - Editorial Juventud","description":"De M\u00e8xic a l'Iran passant per K\u00e8nia o el Nepal, aquest llibre ens dona a con\u00e8ixer a cinc noies. Cadascuna explica la seva hist\u00f2ria i destaca un tema","robots":{"index":"index","follow":"follow","max-snippet":"max-snippet:-1","max-image-preview":"max-image-preview:large","max-video-preview":"max-video-preview:-1"},"canonical":"https:\/\/www.editorialjuventud.es\/neixer-nena-9788426148186\/","og_locale":"ca_ES","og_type":"article","og_title":"N\u00e9ixer nena - Editorial Juventud","og_description":"De M\u00e8xic a l'Iran passant per K\u00e8nia o el Nepal, aquest llibre ens dona a con\u00e8ixer a cinc noies. Cadascuna explica la seva hist\u00f2ria i destaca un tema","og_url":"https:\/\/www.editorialjuventud.es\/neixer-nena-9788426148186\/","og_site_name":"Editorial Juventud","article_modified_time":"2025-10-06T11:55:06+00:00","og_image":[{"width":345,"height":486,"url":"https:\/\/www.editorialjuventud.es\/wp-content\/uploads\/9788426148186.jpg","type":"image\/jpeg"}],"twitter_card":"summary_large_image","twitter_misc":{"Temps estimat de lectura":"1 minut"},"schema":{"@context":"https:\/\/schema.org","@graph":[{"@type":"WebPage","@id":"https:\/\/www.editorialjuventud.es\/neixer-nena-9788426148186\/","url":"https:\/\/www.editorialjuventud.es\/neixer-nena-9788426148186\/","name":"N\u00e9ixer nena - Editorial Juventud","isPartOf":{"@id":"https:\/\/www.editorialjuventud.es\/#website"},"primaryImageOfPage":{"@id":"https:\/\/www.editorialjuventud.es\/neixer-nena-9788426148186\/#primaryimage"},"image":{"@id":"https:\/\/www.editorialjuventud.es\/neixer-nena-9788426148186\/#primaryimage"},"thumbnailUrl":"https:\/\/www.editorialjuventud.es\/wp-content\/uploads\/9788426148186.jpg","datePublished":"2023-02-02T11:59:24+00:00","dateModified":"2025-10-06T11:55:06+00:00","description":"De M\u00e8xic a l'Iran passant per K\u00e8nia o el Nepal, aquest llibre ens dona a con\u00e8ixer a cinc noies. Cadascuna explica la seva hist\u00f2ria i destaca un tema","breadcrumb":{"@id":"https:\/\/www.editorialjuventud.es\/neixer-nena-9788426148186\/#breadcrumb"},"inLanguage":"ca","potentialAction":[{"@type":"ReadAction","target":["https:\/\/www.editorialjuventud.es\/neixer-nena-9788426148186\/"]}]},{"@type":"ImageObject","inLanguage":"ca","@id":"https:\/\/www.editorialjuventud.es\/neixer-nena-9788426148186\/#primaryimage","url":"https:\/\/www.editorialjuventud.es\/wp-content\/uploads\/9788426148186.jpg","contentUrl":"https:\/\/www.editorialjuventud.es\/wp-content\/uploads\/9788426148186.jpg","width":345,"height":486,"caption":"9788426148186.jpg"},{"@type":"BreadcrumbList","@id":"https:\/\/www.editorialjuventud.es\/neixer-nena-9788426148186\/#breadcrumb","itemListElement":[{"@type":"ListItem","position":1,"name":"Portada","item":"https:\/\/www.editorialjuventud.es\/"},{"@type":"ListItem","position":2,"name":"cat\u00e1logo","item":"https:\/\/www.editorialjuventud.es\/coleccion\/catalogo\/"},{"@type":"ListItem","position":3,"name":"catal\u00e0","item":"https:\/\/www.editorialjuventud.es\/coleccion\/catala\/"},{"@type":"ListItem","position":4,"name":"\u00c0lbums Il\u00b7lustrats","item":"https:\/\/www.editorialjuventud.es\/coleccion\/albums-il%c2%b7lustrats\/"},{"@type":"ListItem","position":5,"name":"Per Parlar en Fam\u00edlia","item":"https:\/\/www.editorialjuventud.es\/ca\/coleccion\/per-parlar-en-familia\/"},{"@type":"ListItem","position":6,"name":"N\u00e9ixer nena"}]},{"@type":"WebSite","@id":"https:\/\/www.editorialjuventud.es\/#website","url":"https:\/\/www.editorialjuventud.es\/","name":"Editorial Juventud","description":"","potentialAction":[{"@type":"SearchAction","target":{"@type":"EntryPoint","urlTemplate":"https:\/\/www.editorialjuventud.es\/?s={search_term_string}"},"query-input":{"@type":"PropertyValueSpecification","valueRequired":true,"valueName":"search_term_string"}}],"inLanguage":"ca"}]}},"_links":{"self":[{"href":"https:\/\/www.editorialjuventud.es\/ca\/wp-json\/wp\/v2\/product\/74406","targetHints":{"allow":["GET"]}}],"collection":[{"href":"https:\/\/www.editorialjuventud.es\/ca\/wp-json\/wp\/v2\/product"}],"about":[{"href":"https:\/\/www.editorialjuventud.es\/ca\/wp-json\/wp\/v2\/types\/product"}],"wp:featuredmedia":[{"embeddable":true,"href":"https:\/\/www.editorialjuventud.es\/ca\/wp-json\/wp\/v2\/media\/74407"}],"wp:attachment":[{"href":"https:\/\/www.editorialjuventud.es\/ca\/wp-json\/wp\/v2\/media?parent=74406"}],"wp:term":[{"taxonomy":"product_brand","embeddable":true,"href":"https:\/\/www.editorialjuventud.es\/ca\/wp-json\/wp\/v2\/product_brand?post=74406"},{"taxonomy":"product_cat","embeddable":true,"href":"https:\/\/www.editorialjuventud.es\/ca\/wp-json\/wp\/v2\/product_cat?post=74406"},{"taxonomy":"product_tag","embeddable":true,"href":"https:\/\/www.editorialjuventud.es\/ca\/wp-json\/wp\/v2\/product_tag?post=74406"},{"taxonomy":"coleccion","embeddable":true,"href":"https:\/\/www.editorialjuventud.es\/ca\/wp-json\/wp\/v2\/coleccion?post=74406"}],"curies":[{"name":"wp","href":"https:\/\/api.w.org\/{rel}","templated":true}]}}