{"id":74403,"date":"2023-02-02T12:59:13","date_gmt":"2023-02-02T11:59:13","guid":{"rendered":"https:\/\/www.editorialjuventud.es\/nacer-nina-9788426148179\/"},"modified":"2025-10-01T11:35:07","modified_gmt":"2025-10-01T09:35:07","slug":"nacer-nina-9788426148179","status":"publish","type":"product","link":"https:\/\/www.editorialjuventud.es\/ca\/nacer-nina-9788426148179\/","title":{"rendered":"Nacer ni\u00f1a"},"content":{"rendered":"<p>De M\u00e9xico a Ir\u00e1n pasando por Kenia o Nepal, este libro nos lleva a conocer a cinco chicas. Cada una nos cuenta su historia y destaca un tema social relacionado con el lugar y los derechos de la mujer en su pa\u00eds. Cada relato va acompa\u00f1ado de p\u00e1ginas documentales con el fin de ampliar el debate y aportar elementos concretos.<\/p>\n<p>La autora nos relata lo duro que es soportar el peso de las tradiciones, las prohibiciones y las humillaciones, y usa sus coloridas ilustraciones para poner luz en la oscuridad. El libro incluye un inspirador prefacio de Cl\u00e9mentine Beauvais. <\/p>\n","protected":false},"excerpt":{"rendered":"De M\u00e9xico a Ir\u00e1n pasando por Kenia o Nepal, este libro nos lleva a conocer a cinco chicas. Cada una nos cuenta su historia y destaca un tema social relacionado con el lugar y los derechos de la mujer en [&hellip;]","protected":false},"featured_media":74404,"template":"","meta":{"_acf_changed":false,"_exactmetrics_skip_tracking":false,"_exactmetrics_sitenote_active":false,"_exactmetrics_sitenote_note":"","_exactmetrics_sitenote_category":0},"product_brand":[],"product_cat":[894,1121,1141,1157,1161,892,1115,1185,1196,893,1222,1128],"product_tag":[],"coleccion":[928,916,987],"class_list":{"0":"post-74403","1":"product","2":"type-product","3":"status-publish","4":"has-post-thumbnail","6":"product_cat-a-partir-de-10-anos","7":"product_cat-albumes-ilustrados","8":"product_cat-autoestima","9":"product_cat-crecer","10":"product_cat-derechos-humanos","11":"product_cat-edades","12":"product_cat-generos","13":"product_cat-igualdad-de-genero","14":"product_cat-miedo-valentia","15":"product_cat-novedades","16":"product_cat-superacion","17":"product_cat-tematica","18":"coleccion-albumes-ilustrados","19":"coleccion-castellano","20":"coleccion-conocer-y-comprender","22":"first","23":"instock","24":"taxable","25":"shipping-taxable","26":"purchasable","27":"product-type-simple"},"acf":{"indice":"","autor":"Dussutour, Alice","codart":"4817","ediciones":"1","encuadernacion":"R\u00fastica","fecha_de_publicacion":"01\/02\/2023","fecha_de_reimpresion":"","novedad":"0","paginas":"174","subtitulo":"","texto_web_adicional":"","autores-libros":[74362],"ilustradores-libros":"","texto_web_novedad":"","orden":"999","portada":"0","texto_web_resaltado":"","traductores-libros":[58414],"descripcion_corta":"Derechos de la mujer en su pa\u00eds","recomendamos":"","mas_vendido":"","idioma-libro":"","color":false,"formato":"","mas_informacion_del_producto":false,"premios":false,"deshabilitar_compra":[],"titulo-fr":"","texto-fr":"","texto_enlace_cubierta":"","enlace_cubierta":{"ID":74417,"id":74417,"title":"NACIDA NI\u00d1A_Cover_CAST","filename":"NACIDA-NINA_Cover_CAST-scaled.jpg","filesize":334511,"url":"https:\/\/www.editorialjuventud.es\/wp-content\/uploads\/NACIDA-NINA_Cover_CAST-scaled.jpg","link":"https:\/\/www.editorialjuventud.es\/ca\/?attachment_id=74417","alt":"","author":"50","description":"","caption":"","name":"nacida-nina_cover_cast","status":"inherit","uploaded_to":74403,"date":"2023-02-02 13:26:30","modified":"2023-02-02 13:26:30","menu_order":0,"mime_type":"image\/jpeg","type":"image","subtype":"jpeg","icon":"https:\/\/www.editorialjuventud.es\/wp-includes\/images\/media\/default.png","width":1808,"height":2560,"sizes":{"thumbnail":"https:\/\/www.editorialjuventud.es\/wp-content\/uploads\/NACIDA-NINA_Cover_CAST-200x200.jpg","thumbnail-width":200,"thumbnail-height":200,"medium":"https:\/\/www.editorialjuventud.es\/wp-content\/uploads\/NACIDA-NINA_Cover_CAST-scaled.jpg","medium-width":1808,"medium-height":2560,"medium_large":"https:\/\/www.editorialjuventud.es\/wp-content\/uploads\/NACIDA-NINA_Cover_CAST-768x1087.jpg","medium_large-width":768,"medium_large-height":1087,"large":"https:\/\/www.editorialjuventud.es\/wp-content\/uploads\/NACIDA-NINA_Cover_CAST-scaled.jpg","large-width":1808,"large-height":2560,"1536x1536":"https:\/\/www.editorialjuventud.es\/wp-content\/uploads\/NACIDA-NINA_Cover_CAST-1085x1536.jpg","1536x1536-width":1085,"1536x1536-height":1536,"2048x2048":"https:\/\/www.editorialjuventud.es\/wp-content\/uploads\/NACIDA-NINA_Cover_CAST-1447x2048.jpg","2048x2048-width":1447,"2048x2048-height":2048,"woocommerce_thumbnail":"https:\/\/www.editorialjuventud.es\/wp-content\/uploads\/NACIDA-NINA_Cover_CAST-350x495.jpg","woocommerce_thumbnail-width":350,"woocommerce_thumbnail-height":495,"woocommerce_single":"https:\/\/www.editorialjuventud.es\/wp-content\/uploads\/NACIDA-NINA_Cover_CAST-900x1274.jpg","woocommerce_single-width":900,"woocommerce_single-height":1274,"woocommerce_gallery_thumbnail":"https:\/\/www.editorialjuventud.es\/wp-content\/uploads\/NACIDA-NINA_Cover_CAST-100x100.jpg","woocommerce_gallery_thumbnail-width":100,"woocommerce_gallery_thumbnail-height":100,"ppec_logo_image_size":"https:\/\/www.editorialjuventud.es\/wp-content\/uploads\/NACIDA-NINA_Cover_CAST-42x60.jpg","ppec_logo_image_size-width":42,"ppec_logo_image_size-height":60,"ppec_header_image_size":"https:\/\/www.editorialjuventud.es\/wp-content\/uploads\/NACIDA-NINA_Cover_CAST-64x90.jpg","ppec_header_image_size-width":64,"ppec_header_image_size-height":90}},"texto_enlace_ficha_tecnica":"","enlace_ficha_tecnica":{"ID":74455,"id":74455,"title":"NacerNi\u00f1a_CAST","filename":"NacerNina_CAST.pdf","filesize":585705,"url":"https:\/\/www.editorialjuventud.es\/wp-content\/uploads\/NacerNina_CAST.pdf","link":"https:\/\/www.editorialjuventud.es\/ca\/?attachment_id=74455","alt":"","author":"50","description":"","caption":"","name":"nacernina_cast","status":"inherit","uploaded_to":74403,"date":"2023-02-03 09:25:15","modified":"2023-02-03 09:25:15","menu_order":0,"mime_type":"application\/pdf","type":"application","subtype":"pdf","icon":"https:\/\/www.editorialjuventud.es\/wp-includes\/images\/media\/document.png"},"ficheros":false},"yoast_head":"<!-- This site is optimized with the Yoast SEO plugin v27.5 - https:\/\/yoast.com\/product\/yoast-seo-wordpress\/ -->\n<title>Nacer ni\u00f1a - Editorial Juventud<\/title>\n<meta name=\"description\" content=\"De M\u00e9xico a Ir\u00e1n pasando por Kenia o Nepal, este libro nos lleva a conocer a cinco chicas. Cada una nos cuenta su historia y destaca un tema social\" \/>\n<meta name=\"robots\" content=\"index, follow, max-snippet:-1, max-image-preview:large, max-video-preview:-1\" \/>\n<link rel=\"canonical\" href=\"https:\/\/www.editorialjuventud.es\/nacer-nina-9788426148179\/\" \/>\n<meta property=\"og:locale\" content=\"ca_ES\" \/>\n<meta property=\"og:type\" content=\"article\" \/>\n<meta property=\"og:title\" content=\"Nacer ni\u00f1a - Editorial Juventud\" \/>\n<meta property=\"og:description\" content=\"De M\u00e9xico a Ir\u00e1n pasando por Kenia o Nepal, este libro nos lleva a conocer a cinco chicas. Cada una nos cuenta su historia y destaca un tema social\" \/>\n<meta property=\"og:url\" content=\"https:\/\/www.editorialjuventud.es\/nacer-nina-9788426148179\/\" \/>\n<meta property=\"og:site_name\" content=\"Editorial Juventud\" \/>\n<meta property=\"article:modified_time\" content=\"2025-10-01T09:35:07+00:00\" \/>\n<meta property=\"og:image\" content=\"https:\/\/www.editorialjuventud.es\/wp-content\/uploads\/9788426148179-e1681848257644.jpg\" \/>\n\t<meta property=\"og:image:width\" content=\"339\" \/>\n\t<meta property=\"og:image:height\" content=\"478\" \/>\n\t<meta property=\"og:image:type\" content=\"image\/jpeg\" \/>\n<meta name=\"twitter:card\" content=\"summary_large_image\" \/>\n<meta name=\"twitter:label1\" content=\"Temps estimat de lectura\" \/>\n\t<meta name=\"twitter:data1\" content=\"1 minut\" \/>\n<script type=\"application\/ld+json\" class=\"yoast-schema-graph\">{\"@context\":\"https:\\\/\\\/schema.org\",\"@graph\":[{\"@type\":\"WebPage\",\"@id\":\"https:\\\/\\\/www.editorialjuventud.es\\\/nacer-nina-9788426148179\\\/\",\"url\":\"https:\\\/\\\/www.editorialjuventud.es\\\/nacer-nina-9788426148179\\\/\",\"name\":\"Nacer ni\u00f1a - Editorial Juventud\",\"isPartOf\":{\"@id\":\"https:\\\/\\\/www.editorialjuventud.es\\\/#website\"},\"primaryImageOfPage\":{\"@id\":\"https:\\\/\\\/www.editorialjuventud.es\\\/nacer-nina-9788426148179\\\/#primaryimage\"},\"image\":{\"@id\":\"https:\\\/\\\/www.editorialjuventud.es\\\/nacer-nina-9788426148179\\\/#primaryimage\"},\"thumbnailUrl\":\"https:\\\/\\\/www.editorialjuventud.es\\\/wp-content\\\/uploads\\\/9788426148179-e1681848257644.jpg\",\"datePublished\":\"2023-02-02T11:59:13+00:00\",\"dateModified\":\"2025-10-01T09:35:07+00:00\",\"description\":\"De M\u00e9xico a Ir\u00e1n pasando por Kenia o Nepal, este libro nos lleva a conocer a cinco chicas. Cada una nos cuenta su historia y destaca un tema social\",\"breadcrumb\":{\"@id\":\"https:\\\/\\\/www.editorialjuventud.es\\\/nacer-nina-9788426148179\\\/#breadcrumb\"},\"inLanguage\":\"ca\",\"potentialAction\":[{\"@type\":\"ReadAction\",\"target\":[\"https:\\\/\\\/www.editorialjuventud.es\\\/nacer-nina-9788426148179\\\/\"]}]},{\"@type\":\"ImageObject\",\"inLanguage\":\"ca\",\"@id\":\"https:\\\/\\\/www.editorialjuventud.es\\\/nacer-nina-9788426148179\\\/#primaryimage\",\"url\":\"https:\\\/\\\/www.editorialjuventud.es\\\/wp-content\\\/uploads\\\/9788426148179-e1681848257644.jpg\",\"contentUrl\":\"https:\\\/\\\/www.editorialjuventud.es\\\/wp-content\\\/uploads\\\/9788426148179-e1681848257644.jpg\",\"width\":339,\"height\":478,\"caption\":\"9788426148179.jpg\"},{\"@type\":\"BreadcrumbList\",\"@id\":\"https:\\\/\\\/www.editorialjuventud.es\\\/nacer-nina-9788426148179\\\/#breadcrumb\",\"itemListElement\":[{\"@type\":\"ListItem\",\"position\":1,\"name\":\"Portada\",\"item\":\"https:\\\/\\\/www.editorialjuventud.es\\\/\"},{\"@type\":\"ListItem\",\"position\":2,\"name\":\"cat\u00e1logo\",\"item\":\"https:\\\/\\\/www.editorialjuventud.es\\\/coleccion\\\/catalogo\\\/\"},{\"@type\":\"ListItem\",\"position\":3,\"name\":\"castellano\",\"item\":\"https:\\\/\\\/www.editorialjuventud.es\\\/coleccion\\\/castellano\\\/\"},{\"@type\":\"ListItem\",\"position\":4,\"name\":\"\u00c1lbumes Ilustrados\",\"item\":\"https:\\\/\\\/www.editorialjuventud.es\\\/coleccion\\\/albumes-ilustrados\\\/\"},{\"@type\":\"ListItem\",\"position\":5,\"name\":\"Para Hablar en Familia\",\"item\":\"https:\\\/\\\/www.editorialjuventud.es\\\/coleccion\\\/para-hablar-en-familia\\\/\"},{\"@type\":\"ListItem\",\"position\":6,\"name\":\"Nacer ni\u00f1a\"}]},{\"@type\":\"WebSite\",\"@id\":\"https:\\\/\\\/www.editorialjuventud.es\\\/#website\",\"url\":\"https:\\\/\\\/www.editorialjuventud.es\\\/\",\"name\":\"Editorial Juventud\",\"description\":\"\",\"potentialAction\":[{\"@type\":\"SearchAction\",\"target\":{\"@type\":\"EntryPoint\",\"urlTemplate\":\"https:\\\/\\\/www.editorialjuventud.es\\\/?s={search_term_string}\"},\"query-input\":{\"@type\":\"PropertyValueSpecification\",\"valueRequired\":true,\"valueName\":\"search_term_string\"}}],\"inLanguage\":\"ca\"}]}<\/script>\n<!-- \/ Yoast SEO plugin. -->","yoast_head_json":{"title":"Nacer ni\u00f1a - Editorial Juventud","description":"De M\u00e9xico a Ir\u00e1n pasando por Kenia o Nepal, este libro nos lleva a conocer a cinco chicas. Cada una nos cuenta su historia y destaca un tema social","robots":{"index":"index","follow":"follow","max-snippet":"max-snippet:-1","max-image-preview":"max-image-preview:large","max-video-preview":"max-video-preview:-1"},"canonical":"https:\/\/www.editorialjuventud.es\/nacer-nina-9788426148179\/","og_locale":"ca_ES","og_type":"article","og_title":"Nacer ni\u00f1a - Editorial Juventud","og_description":"De M\u00e9xico a Ir\u00e1n pasando por Kenia o Nepal, este libro nos lleva a conocer a cinco chicas. Cada una nos cuenta su historia y destaca un tema social","og_url":"https:\/\/www.editorialjuventud.es\/nacer-nina-9788426148179\/","og_site_name":"Editorial Juventud","article_modified_time":"2025-10-01T09:35:07+00:00","og_image":[{"width":339,"height":478,"url":"https:\/\/www.editorialjuventud.es\/wp-content\/uploads\/9788426148179-e1681848257644.jpg","type":"image\/jpeg"}],"twitter_card":"summary_large_image","twitter_misc":{"Temps estimat de lectura":"1 minut"},"schema":{"@context":"https:\/\/schema.org","@graph":[{"@type":"WebPage","@id":"https:\/\/www.editorialjuventud.es\/nacer-nina-9788426148179\/","url":"https:\/\/www.editorialjuventud.es\/nacer-nina-9788426148179\/","name":"Nacer ni\u00f1a - Editorial Juventud","isPartOf":{"@id":"https:\/\/www.editorialjuventud.es\/#website"},"primaryImageOfPage":{"@id":"https:\/\/www.editorialjuventud.es\/nacer-nina-9788426148179\/#primaryimage"},"image":{"@id":"https:\/\/www.editorialjuventud.es\/nacer-nina-9788426148179\/#primaryimage"},"thumbnailUrl":"https:\/\/www.editorialjuventud.es\/wp-content\/uploads\/9788426148179-e1681848257644.jpg","datePublished":"2023-02-02T11:59:13+00:00","dateModified":"2025-10-01T09:35:07+00:00","description":"De M\u00e9xico a Ir\u00e1n pasando por Kenia o Nepal, este libro nos lleva a conocer a cinco chicas. Cada una nos cuenta su historia y destaca un tema social","breadcrumb":{"@id":"https:\/\/www.editorialjuventud.es\/nacer-nina-9788426148179\/#breadcrumb"},"inLanguage":"ca","potentialAction":[{"@type":"ReadAction","target":["https:\/\/www.editorialjuventud.es\/nacer-nina-9788426148179\/"]}]},{"@type":"ImageObject","inLanguage":"ca","@id":"https:\/\/www.editorialjuventud.es\/nacer-nina-9788426148179\/#primaryimage","url":"https:\/\/www.editorialjuventud.es\/wp-content\/uploads\/9788426148179-e1681848257644.jpg","contentUrl":"https:\/\/www.editorialjuventud.es\/wp-content\/uploads\/9788426148179-e1681848257644.jpg","width":339,"height":478,"caption":"9788426148179.jpg"},{"@type":"BreadcrumbList","@id":"https:\/\/www.editorialjuventud.es\/nacer-nina-9788426148179\/#breadcrumb","itemListElement":[{"@type":"ListItem","position":1,"name":"Portada","item":"https:\/\/www.editorialjuventud.es\/"},{"@type":"ListItem","position":2,"name":"cat\u00e1logo","item":"https:\/\/www.editorialjuventud.es\/coleccion\/catalogo\/"},{"@type":"ListItem","position":3,"name":"castellano","item":"https:\/\/www.editorialjuventud.es\/coleccion\/castellano\/"},{"@type":"ListItem","position":4,"name":"\u00c1lbumes Ilustrados","item":"https:\/\/www.editorialjuventud.es\/coleccion\/albumes-ilustrados\/"},{"@type":"ListItem","position":5,"name":"Para Hablar en Familia","item":"https:\/\/www.editorialjuventud.es\/coleccion\/para-hablar-en-familia\/"},{"@type":"ListItem","position":6,"name":"Nacer ni\u00f1a"}]},{"@type":"WebSite","@id":"https:\/\/www.editorialjuventud.es\/#website","url":"https:\/\/www.editorialjuventud.es\/","name":"Editorial Juventud","description":"","potentialAction":[{"@type":"SearchAction","target":{"@type":"EntryPoint","urlTemplate":"https:\/\/www.editorialjuventud.es\/?s={search_term_string}"},"query-input":{"@type":"PropertyValueSpecification","valueRequired":true,"valueName":"search_term_string"}}],"inLanguage":"ca"}]}},"_links":{"self":[{"href":"https:\/\/www.editorialjuventud.es\/ca\/wp-json\/wp\/v2\/product\/74403","targetHints":{"allow":["GET"]}}],"collection":[{"href":"https:\/\/www.editorialjuventud.es\/ca\/wp-json\/wp\/v2\/product"}],"about":[{"href":"https:\/\/www.editorialjuventud.es\/ca\/wp-json\/wp\/v2\/types\/product"}],"wp:featuredmedia":[{"embeddable":true,"href":"https:\/\/www.editorialjuventud.es\/ca\/wp-json\/wp\/v2\/media\/74404"}],"wp:attachment":[{"href":"https:\/\/www.editorialjuventud.es\/ca\/wp-json\/wp\/v2\/media?parent=74403"}],"wp:term":[{"taxonomy":"product_brand","embeddable":true,"href":"https:\/\/www.editorialjuventud.es\/ca\/wp-json\/wp\/v2\/product_brand?post=74403"},{"taxonomy":"product_cat","embeddable":true,"href":"https:\/\/www.editorialjuventud.es\/ca\/wp-json\/wp\/v2\/product_cat?post=74403"},{"taxonomy":"product_tag","embeddable":true,"href":"https:\/\/www.editorialjuventud.es\/ca\/wp-json\/wp\/v2\/product_tag?post=74403"},{"taxonomy":"coleccion","embeddable":true,"href":"https:\/\/www.editorialjuventud.es\/ca\/wp-json\/wp\/v2\/coleccion?post=74403"}],"curies":[{"name":"wp","href":"https:\/\/api.w.org\/{rel}","templated":true}]}}