{"id":73688,"date":"2023-01-13T16:50:46","date_gmt":"2023-01-13T15:50:46","guid":{"rendered":"https:\/\/www.editorialjuventud.es\/?post_type=product&#038;p=73688"},"modified":"2025-01-22T12:40:46","modified_gmt":"2025-01-22T11:40:46","slug":"les-llicons-del-professor-pocasolta-llico-2-salut-9788426147974","status":"publish","type":"product","link":"https:\/\/www.editorialjuventud.es\/ca\/les-llicons-del-professor-pocasolta-llico-2-salut-9788426147974\/","title":{"rendered":"Les lli\u00e7ons del professor Poca-solta. Lli\u00e7\u00f3 2: Salut"},"content":{"rendered":"<p>El professor Poca-solta \u00e9s un expert en totologia, i en aquesta nova edici\u00f3 ens ensenyar\u00e0 tot el que sap sobre la salut. Acompanyat del seu ajudant, N\u00famero 13, ens donar\u00e0 alguns consells per mantenir-nos sans, com ara fer quinze \u00e0pats copiosos al dia, no apropar-se mai a una fruita o verdura, i tenir sempre les mans brutes.<\/p>\n<p>Un llibre que actua com una psicologia inversa terriblement efectiva per als infants. Perqu\u00e8 funcioni, \u00e9s necessari que els lectors s\u00e0piguen captar la ironia rere les paraules del professor, per aix\u00f2 el recomanem per a nens i nenes de m\u00e9s de 6 anys.  <\/p>\n","protected":false},"excerpt":{"rendered":"El professor Poca-solta \u00e9s un expert en totologia, i en aquesta nova edici\u00f3 ens ensenyar\u00e0 tot el que sap sobre la salut. Acompanyat del seu ajudant, N\u00famero 13, ens donar\u00e0 alguns consells per mantenir-nos sans, com ara fer quinze \u00e0pats [&hellip;]","protected":false},"featured_media":73689,"template":"","meta":{"_acf_changed":false,"_exactmetrics_skip_tracking":false,"_exactmetrics_sitenote_active":false,"_exactmetrics_sitenote_note":"","_exactmetrics_sitenote_category":0},"product_brand":[],"product_cat":[902,1127,892,1115,1181,1184,893,1213,1128],"product_tag":[],"coleccion":[915,922],"class_list":{"0":"post-73688","1":"product","2":"type-product","3":"status-publish","4":"has-post-thumbnail","6":"product_cat-a-partir-de-7-anos","7":"product_cat-comic","8":"product_cat-edades","9":"product_cat-generos","10":"product_cat-habitos","11":"product_cat-humor","12":"product_cat-novedades","13":"product_cat-primeros-conceptos","14":"product_cat-tematica","15":"coleccion-catala","16":"coleccion-joventut-comic","18":"first","19":"instock","20":"taxable","21":"shipping-taxable","22":"purchasable","23":"product-type-simple"},"acf":{"descripcion_corta":"","portada":"0","orden":"999","novedad":"0","codart":"4797","recomendamos":"","mas_vendido":"","subtitulo":"","indice":"","autor":"Gravel, Elise","autores-libros":[51051],"ilustradores-libros":[51052],"traductores-libros":[58414],"idioma-libro":"","fecha_de_publicacion":"01\/01\/2023","fecha_de_reimpresion":"","color":false,"paginas":"48","encuadernacion":"R\u00fastica","ediciones":"1","formato":"","mas_informacion_del_producto":false,"premios":false,"texto_web_resaltado":"","texto_web_novedad":"","texto_web_adicional":"","deshabilitar_compra":[],"texto_enlace_cubierta":"","enlace_cubierta":{"ID":73962,"id":73962,"title":"cover TARAMBANA vol.2 (2 IDIOMAS).indd","filename":"PocaSolta2_la-salut_cover_CAT.jpg","filesize":647612,"url":"https:\/\/www.editorialjuventud.es\/wp-content\/uploads\/PocaSolta2_la-salut_cover_CAT.jpg","link":"https:\/\/www.editorialjuventud.es\/ca\/?attachment_id=73962","alt":"","author":"50","description":"","caption":"","name":"cover-tarambana-vol-2-2-idiomas-indd-5","status":"inherit","uploaded_to":73688,"date":"2023-01-19 08:11:10","modified":"2023-01-19 08:11:10","menu_order":0,"mime_type":"image\/jpeg","type":"image","subtype":"jpeg","icon":"https:\/\/www.editorialjuventud.es\/wp-includes\/images\/media\/default.png","width":1821,"height":2550,"sizes":{"thumbnail":"https:\/\/www.editorialjuventud.es\/wp-content\/uploads\/PocaSolta2_la-salut_cover_CAT-200x200.jpg","thumbnail-width":200,"thumbnail-height":200,"medium":"https:\/\/www.editorialjuventud.es\/wp-content\/uploads\/PocaSolta2_la-salut_cover_CAT.jpg","medium-width":1821,"medium-height":2550,"medium_large":"https:\/\/www.editorialjuventud.es\/wp-content\/uploads\/PocaSolta2_la-salut_cover_CAT-768x1075.jpg","medium_large-width":768,"medium_large-height":1075,"large":"https:\/\/www.editorialjuventud.es\/wp-content\/uploads\/PocaSolta2_la-salut_cover_CAT.jpg","large-width":1821,"large-height":2550,"1536x1536":"https:\/\/www.editorialjuventud.es\/wp-content\/uploads\/PocaSolta2_la-salut_cover_CAT-1097x1536.jpg","1536x1536-width":1097,"1536x1536-height":1536,"2048x2048":"https:\/\/www.editorialjuventud.es\/wp-content\/uploads\/PocaSolta2_la-salut_cover_CAT-1463x2048.jpg","2048x2048-width":1463,"2048x2048-height":2048,"woocommerce_thumbnail":"https:\/\/www.editorialjuventud.es\/wp-content\/uploads\/PocaSolta2_la-salut_cover_CAT-350x490.jpg","woocommerce_thumbnail-width":350,"woocommerce_thumbnail-height":490,"woocommerce_single":"https:\/\/www.editorialjuventud.es\/wp-content\/uploads\/PocaSolta2_la-salut_cover_CAT-900x1260.jpg","woocommerce_single-width":900,"woocommerce_single-height":1260,"woocommerce_gallery_thumbnail":"https:\/\/www.editorialjuventud.es\/wp-content\/uploads\/PocaSolta2_la-salut_cover_CAT-100x100.jpg","woocommerce_gallery_thumbnail-width":100,"woocommerce_gallery_thumbnail-height":100,"ppec_logo_image_size":"https:\/\/www.editorialjuventud.es\/wp-content\/uploads\/PocaSolta2_la-salut_cover_CAT-43x60.jpg","ppec_logo_image_size-width":43,"ppec_logo_image_size-height":60,"ppec_header_image_size":"https:\/\/www.editorialjuventud.es\/wp-content\/uploads\/PocaSolta2_la-salut_cover_CAT-64x90.jpg","ppec_header_image_size-width":64,"ppec_header_image_size-height":90}},"texto_enlace_ficha_tecnica":"","enlace_ficha_tecnica":{"ID":73964,"id":73964,"title":"PROFESSOR POCA-SOLTA_CAT","filename":"PROFESSOR-POCA-SOLTA_CAT.pdf","filesize":739623,"url":"https:\/\/www.editorialjuventud.es\/wp-content\/uploads\/PROFESSOR-POCA-SOLTA_CAT.pdf","link":"https:\/\/www.editorialjuventud.es\/ca\/?attachment_id=73964","alt":"","author":"50","description":"","caption":"","name":"professor-poca-solta_cat","status":"inherit","uploaded_to":73688,"date":"2023-01-19 08:11:54","modified":"2023-01-19 08:11:54","menu_order":0,"mime_type":"application\/pdf","type":"application","subtype":"pdf","icon":"https:\/\/www.editorialjuventud.es\/wp-includes\/images\/media\/document.png"},"ficheros":false,"titulo-fr":"","texto-fr":""},"yoast_head":"<!-- This site is optimized with the Yoast SEO plugin v27.3 - https:\/\/yoast.com\/product\/yoast-seo-wordpress\/ -->\n<title>Les lli\u00e7ons del professor Poca-solta. Lli\u00e7\u00f3 2: Salut - Editorial Juventud<\/title>\n<meta name=\"description\" content=\"El professor Poca-solta \u00e9s un expert en totologia, i en aquesta nova edici\u00f3 ens ensenyar\u00e0 tot el que sap sobre la salut. Acompanyat del seu ajudant,\" \/>\n<meta name=\"robots\" content=\"index, follow, max-snippet:-1, max-image-preview:large, max-video-preview:-1\" \/>\n<link rel=\"canonical\" href=\"https:\/\/www.editorialjuventud.es\/les-llicons-del-professor-pocasolta-llico-2-salut-9788426147974\/\" \/>\n<meta property=\"og:locale\" content=\"ca_ES\" \/>\n<meta property=\"og:type\" content=\"article\" \/>\n<meta property=\"og:title\" content=\"Les lli\u00e7ons del professor Poca-solta. Lli\u00e7\u00f3 2: Salut - Editorial Juventud\" \/>\n<meta property=\"og:description\" content=\"El professor Poca-solta \u00e9s un expert en totologia, i en aquesta nova edici\u00f3 ens ensenyar\u00e0 tot el que sap sobre la salut. Acompanyat del seu ajudant,\" \/>\n<meta property=\"og:url\" content=\"https:\/\/www.editorialjuventud.es\/les-llicons-del-professor-pocasolta-llico-2-salut-9788426147974\/\" \/>\n<meta property=\"og:site_name\" content=\"Editorial Juventud\" \/>\n<meta property=\"article:modified_time\" content=\"2025-01-22T11:40:46+00:00\" \/>\n<meta property=\"og:image\" content=\"https:\/\/www.editorialjuventud.es\/wp-content\/uploads\/9788426147974.jpg\" \/>\n\t<meta property=\"og:image:width\" content=\"437\" \/>\n\t<meta property=\"og:image:height\" content=\"612\" \/>\n\t<meta property=\"og:image:type\" content=\"image\/jpeg\" \/>\n<meta name=\"twitter:card\" content=\"summary_large_image\" \/>\n<meta name=\"twitter:label1\" content=\"Temps estimat de lectura\" \/>\n\t<meta name=\"twitter:data1\" content=\"1 minut\" \/>\n<script type=\"application\/ld+json\" class=\"yoast-schema-graph\">{\"@context\":\"https:\\\/\\\/schema.org\",\"@graph\":[{\"@type\":\"WebPage\",\"@id\":\"https:\\\/\\\/www.editorialjuventud.es\\\/les-llicons-del-professor-pocasolta-llico-2-salut-9788426147974\\\/\",\"url\":\"https:\\\/\\\/www.editorialjuventud.es\\\/les-llicons-del-professor-pocasolta-llico-2-salut-9788426147974\\\/\",\"name\":\"Les lli\u00e7ons del professor Poca-solta. Lli\u00e7\u00f3 2: Salut - Editorial Juventud\",\"isPartOf\":{\"@id\":\"https:\\\/\\\/www.editorialjuventud.es\\\/#website\"},\"primaryImageOfPage\":{\"@id\":\"https:\\\/\\\/www.editorialjuventud.es\\\/les-llicons-del-professor-pocasolta-llico-2-salut-9788426147974\\\/#primaryimage\"},\"image\":{\"@id\":\"https:\\\/\\\/www.editorialjuventud.es\\\/les-llicons-del-professor-pocasolta-llico-2-salut-9788426147974\\\/#primaryimage\"},\"thumbnailUrl\":\"https:\\\/\\\/www.editorialjuventud.es\\\/wp-content\\\/uploads\\\/9788426147974.jpg\",\"datePublished\":\"2023-01-13T15:50:46+00:00\",\"dateModified\":\"2025-01-22T11:40:46+00:00\",\"description\":\"El professor Poca-solta \u00e9s un expert en totologia, i en aquesta nova edici\u00f3 ens ensenyar\u00e0 tot el que sap sobre la salut. Acompanyat del seu ajudant,\",\"breadcrumb\":{\"@id\":\"https:\\\/\\\/www.editorialjuventud.es\\\/les-llicons-del-professor-pocasolta-llico-2-salut-9788426147974\\\/#breadcrumb\"},\"inLanguage\":\"ca\",\"potentialAction\":[{\"@type\":\"ReadAction\",\"target\":[\"https:\\\/\\\/www.editorialjuventud.es\\\/les-llicons-del-professor-pocasolta-llico-2-salut-9788426147974\\\/\"]}]},{\"@type\":\"ImageObject\",\"inLanguage\":\"ca\",\"@id\":\"https:\\\/\\\/www.editorialjuventud.es\\\/les-llicons-del-professor-pocasolta-llico-2-salut-9788426147974\\\/#primaryimage\",\"url\":\"https:\\\/\\\/www.editorialjuventud.es\\\/wp-content\\\/uploads\\\/9788426147974.jpg\",\"contentUrl\":\"https:\\\/\\\/www.editorialjuventud.es\\\/wp-content\\\/uploads\\\/9788426147974.jpg\",\"width\":437,\"height\":612},{\"@type\":\"BreadcrumbList\",\"@id\":\"https:\\\/\\\/www.editorialjuventud.es\\\/les-llicons-del-professor-pocasolta-llico-2-salut-9788426147974\\\/#breadcrumb\",\"itemListElement\":[{\"@type\":\"ListItem\",\"position\":1,\"name\":\"Portada\",\"item\":\"https:\\\/\\\/www.editorialjuventud.es\\\/\"},{\"@type\":\"ListItem\",\"position\":2,\"name\":\"cat\u00e1logo\",\"item\":\"https:\\\/\\\/www.editorialjuventud.es\\\/coleccion\\\/catalogo\\\/\"},{\"@type\":\"ListItem\",\"position\":3,\"name\":\"catal\u00e0\",\"item\":\"https:\\\/\\\/www.editorialjuventud.es\\\/coleccion\\\/catala\\\/\"},{\"@type\":\"ListItem\",\"position\":4,\"name\":\"Les lli\u00e7ons del professor Poca-solta. Lli\u00e7\u00f3 2: Salut\"}]},{\"@type\":\"WebSite\",\"@id\":\"https:\\\/\\\/www.editorialjuventud.es\\\/#website\",\"url\":\"https:\\\/\\\/www.editorialjuventud.es\\\/\",\"name\":\"Editorial Juventud\",\"description\":\"\",\"potentialAction\":[{\"@type\":\"SearchAction\",\"target\":{\"@type\":\"EntryPoint\",\"urlTemplate\":\"https:\\\/\\\/www.editorialjuventud.es\\\/?s={search_term_string}\"},\"query-input\":{\"@type\":\"PropertyValueSpecification\",\"valueRequired\":true,\"valueName\":\"search_term_string\"}}],\"inLanguage\":\"ca\"}]}<\/script>\n<!-- \/ Yoast SEO plugin. -->","yoast_head_json":{"title":"Les lli\u00e7ons del professor Poca-solta. Lli\u00e7\u00f3 2: Salut - Editorial Juventud","description":"El professor Poca-solta \u00e9s un expert en totologia, i en aquesta nova edici\u00f3 ens ensenyar\u00e0 tot el que sap sobre la salut. Acompanyat del seu ajudant,","robots":{"index":"index","follow":"follow","max-snippet":"max-snippet:-1","max-image-preview":"max-image-preview:large","max-video-preview":"max-video-preview:-1"},"canonical":"https:\/\/www.editorialjuventud.es\/les-llicons-del-professor-pocasolta-llico-2-salut-9788426147974\/","og_locale":"ca_ES","og_type":"article","og_title":"Les lli\u00e7ons del professor Poca-solta. Lli\u00e7\u00f3 2: Salut - Editorial Juventud","og_description":"El professor Poca-solta \u00e9s un expert en totologia, i en aquesta nova edici\u00f3 ens ensenyar\u00e0 tot el que sap sobre la salut. Acompanyat del seu ajudant,","og_url":"https:\/\/www.editorialjuventud.es\/les-llicons-del-professor-pocasolta-llico-2-salut-9788426147974\/","og_site_name":"Editorial Juventud","article_modified_time":"2025-01-22T11:40:46+00:00","og_image":[{"width":437,"height":612,"url":"https:\/\/www.editorialjuventud.es\/wp-content\/uploads\/9788426147974.jpg","type":"image\/jpeg"}],"twitter_card":"summary_large_image","twitter_misc":{"Temps estimat de lectura":"1 minut"},"schema":{"@context":"https:\/\/schema.org","@graph":[{"@type":"WebPage","@id":"https:\/\/www.editorialjuventud.es\/les-llicons-del-professor-pocasolta-llico-2-salut-9788426147974\/","url":"https:\/\/www.editorialjuventud.es\/les-llicons-del-professor-pocasolta-llico-2-salut-9788426147974\/","name":"Les lli\u00e7ons del professor Poca-solta. Lli\u00e7\u00f3 2: Salut - Editorial Juventud","isPartOf":{"@id":"https:\/\/www.editorialjuventud.es\/#website"},"primaryImageOfPage":{"@id":"https:\/\/www.editorialjuventud.es\/les-llicons-del-professor-pocasolta-llico-2-salut-9788426147974\/#primaryimage"},"image":{"@id":"https:\/\/www.editorialjuventud.es\/les-llicons-del-professor-pocasolta-llico-2-salut-9788426147974\/#primaryimage"},"thumbnailUrl":"https:\/\/www.editorialjuventud.es\/wp-content\/uploads\/9788426147974.jpg","datePublished":"2023-01-13T15:50:46+00:00","dateModified":"2025-01-22T11:40:46+00:00","description":"El professor Poca-solta \u00e9s un expert en totologia, i en aquesta nova edici\u00f3 ens ensenyar\u00e0 tot el que sap sobre la salut. Acompanyat del seu ajudant,","breadcrumb":{"@id":"https:\/\/www.editorialjuventud.es\/les-llicons-del-professor-pocasolta-llico-2-salut-9788426147974\/#breadcrumb"},"inLanguage":"ca","potentialAction":[{"@type":"ReadAction","target":["https:\/\/www.editorialjuventud.es\/les-llicons-del-professor-pocasolta-llico-2-salut-9788426147974\/"]}]},{"@type":"ImageObject","inLanguage":"ca","@id":"https:\/\/www.editorialjuventud.es\/les-llicons-del-professor-pocasolta-llico-2-salut-9788426147974\/#primaryimage","url":"https:\/\/www.editorialjuventud.es\/wp-content\/uploads\/9788426147974.jpg","contentUrl":"https:\/\/www.editorialjuventud.es\/wp-content\/uploads\/9788426147974.jpg","width":437,"height":612},{"@type":"BreadcrumbList","@id":"https:\/\/www.editorialjuventud.es\/les-llicons-del-professor-pocasolta-llico-2-salut-9788426147974\/#breadcrumb","itemListElement":[{"@type":"ListItem","position":1,"name":"Portada","item":"https:\/\/www.editorialjuventud.es\/"},{"@type":"ListItem","position":2,"name":"cat\u00e1logo","item":"https:\/\/www.editorialjuventud.es\/coleccion\/catalogo\/"},{"@type":"ListItem","position":3,"name":"catal\u00e0","item":"https:\/\/www.editorialjuventud.es\/coleccion\/catala\/"},{"@type":"ListItem","position":4,"name":"Les lli\u00e7ons del professor Poca-solta. Lli\u00e7\u00f3 2: Salut"}]},{"@type":"WebSite","@id":"https:\/\/www.editorialjuventud.es\/#website","url":"https:\/\/www.editorialjuventud.es\/","name":"Editorial Juventud","description":"","potentialAction":[{"@type":"SearchAction","target":{"@type":"EntryPoint","urlTemplate":"https:\/\/www.editorialjuventud.es\/?s={search_term_string}"},"query-input":{"@type":"PropertyValueSpecification","valueRequired":true,"valueName":"search_term_string"}}],"inLanguage":"ca"}]}},"_links":{"self":[{"href":"https:\/\/www.editorialjuventud.es\/ca\/wp-json\/wp\/v2\/product\/73688","targetHints":{"allow":["GET"]}}],"collection":[{"href":"https:\/\/www.editorialjuventud.es\/ca\/wp-json\/wp\/v2\/product"}],"about":[{"href":"https:\/\/www.editorialjuventud.es\/ca\/wp-json\/wp\/v2\/types\/product"}],"wp:featuredmedia":[{"embeddable":true,"href":"https:\/\/www.editorialjuventud.es\/ca\/wp-json\/wp\/v2\/media\/73689"}],"wp:attachment":[{"href":"https:\/\/www.editorialjuventud.es\/ca\/wp-json\/wp\/v2\/media?parent=73688"}],"wp:term":[{"taxonomy":"product_brand","embeddable":true,"href":"https:\/\/www.editorialjuventud.es\/ca\/wp-json\/wp\/v2\/product_brand?post=73688"},{"taxonomy":"product_cat","embeddable":true,"href":"https:\/\/www.editorialjuventud.es\/ca\/wp-json\/wp\/v2\/product_cat?post=73688"},{"taxonomy":"product_tag","embeddable":true,"href":"https:\/\/www.editorialjuventud.es\/ca\/wp-json\/wp\/v2\/product_tag?post=73688"},{"taxonomy":"coleccion","embeddable":true,"href":"https:\/\/www.editorialjuventud.es\/ca\/wp-json\/wp\/v2\/coleccion?post=73688"}],"curies":[{"name":"wp","href":"https:\/\/api.w.org\/{rel}","templated":true}]}}