{"id":71504,"date":"2022-11-07T09:56:18","date_gmt":"2022-11-07T08:56:18","guid":{"rendered":"https:\/\/www.editorialjuventud.es\/azul-9788426148070\/"},"modified":"2025-04-30T11:08:56","modified_gmt":"2025-04-30T09:08:56","slug":"azul-9788426148070","status":"publish","type":"product","link":"https:\/\/www.editorialjuventud.es\/ca\/azul-9788426148070\/","title":{"rendered":"Azul"},"content":{"rendered":"<p>Dime, mam\u00e1, \u00bfc\u00f3mo es el color azul?<br \/>\nMmm, bueno&#8230;, el azul es&#8230; Fragante y sutil, como una muestra de amor.<br \/>\nGr\u00e1cil y hermoso, como una flor alada.<\/p>\n<p>Una evocadora y po\u00e9tica colecci\u00f3n de libros que nos har\u00e1 sentir los colores como nunca antes: con todos los sentidos. Una pieza de arte gestada desde ambos lados del espectro art\u00edstico; el de Marta Ardite, como gestora e historiadora del arte, y el de Mariona Cabassa, como artista. Una obra con el reconocible y colorido estilo de Cabassa.<\/p>\n","protected":false},"excerpt":{"rendered":"Dime, mam\u00e1, \u00bfc\u00f3mo es el color azul? Mmm, bueno&#8230;, el azul es&#8230; Fragante y sutil, como una muestra de amor. Gr\u00e1cil y hermoso, como una flor alada. Una evocadora y po\u00e9tica colecci\u00f3n de libros que nos har\u00e1 sentir los colores [&hellip;]","protected":false},"featured_media":71505,"template":"","meta":{"_acf_changed":false,"_exactmetrics_skip_tracking":false,"_exactmetrics_sitenote_active":false,"_exactmetrics_sitenote_note":"","_exactmetrics_sitenote_category":0},"product_brand":[],"product_cat":[899,1121,1152,1154,1172,893,1213],"product_tag":[],"coleccion":[1354,916,1296],"class_list":{"0":"post-71504","1":"product","2":"type-product","3":"status-publish","4":"has-post-thumbnail","6":"product_cat-a-partir-de-3-anos","7":"product_cat-albumes-ilustrados","8":"product_cat-colores","9":"product_cat-comunicacion","10":"product_cat-emociones","11":"product_cat-novedades","12":"product_cat-primeros-conceptos","13":"coleccion-arcoiris","14":"coleccion-castellano","15":"coleccion-mis-primeros-libros","17":"first","18":"instock","19":"taxable","20":"shipping-taxable","21":"purchasable","22":"product-type-simple"},"acf":{"indice":"","autor":"Ardite , Marta","codart":"4807","ediciones":"1","encuadernacion":"Carton\u00e9","fecha_de_publicacion":"01\/11\/2022","fecha_de_reimpresion":"","novedad":"0","paginas":"32","subtitulo":"","texto_web_adicional":"","autores-libros":[64884],"ilustradores-libros":[64885],"texto_web_novedad":"","orden":"999","portada":"0","texto_web_resaltado":"","traductores-libros":"","descripcion_corta":"","recomendamos":"","mas_vendido":"","idioma-libro":"","color":false,"formato":"","mas_informacion_del_producto":false,"premios":false,"deshabilitar_compra":[],"texto_enlace_cubierta":"","enlace_cubierta":{"ID":71566,"id":71566,"title":"cover BLANCO_VIOLETA_AZUL_VERDE_ES.indd","filename":"AZUL_Cover_CAST.jpg","filesize":692493,"url":"https:\/\/www.editorialjuventud.es\/wp-content\/uploads\/AZUL_Cover_CAST.jpg","link":"https:\/\/www.editorialjuventud.es\/ca\/?attachment_id=71566","alt":"","author":"50","description":"","caption":"","name":"cover-blanco_violeta_azul_verde_es-indd-3","status":"inherit","uploaded_to":71504,"date":"2022-11-08 10:48:09","modified":"2022-11-08 10:48:09","menu_order":0,"mime_type":"image\/jpeg","type":"image","subtype":"jpeg","icon":"https:\/\/www.editorialjuventud.es\/wp-includes\/images\/media\/default.png","width":2364,"height":2481,"sizes":{"thumbnail":"https:\/\/www.editorialjuventud.es\/wp-content\/uploads\/AZUL_Cover_CAST-200x200.jpg","thumbnail-width":200,"thumbnail-height":200,"medium":"https:\/\/www.editorialjuventud.es\/wp-content\/uploads\/AZUL_Cover_CAST.jpg","medium-width":2364,"medium-height":2481,"medium_large":"https:\/\/www.editorialjuventud.es\/wp-content\/uploads\/AZUL_Cover_CAST-768x806.jpg","medium_large-width":768,"medium_large-height":806,"large":"https:\/\/www.editorialjuventud.es\/wp-content\/uploads\/AZUL_Cover_CAST.jpg","large-width":2364,"large-height":2481,"1536x1536":"https:\/\/www.editorialjuventud.es\/wp-content\/uploads\/AZUL_Cover_CAST-1464x1536.jpg","1536x1536-width":1464,"1536x1536-height":1536,"2048x2048":"https:\/\/www.editorialjuventud.es\/wp-content\/uploads\/AZUL_Cover_CAST-1951x2048.jpg","2048x2048-width":1951,"2048x2048-height":2048,"woocommerce_thumbnail":"https:\/\/www.editorialjuventud.es\/wp-content\/uploads\/AZUL_Cover_CAST-350x367.jpg","woocommerce_thumbnail-width":350,"woocommerce_thumbnail-height":367,"woocommerce_single":"https:\/\/www.editorialjuventud.es\/wp-content\/uploads\/AZUL_Cover_CAST-900x945.jpg","woocommerce_single-width":900,"woocommerce_single-height":945,"woocommerce_gallery_thumbnail":"https:\/\/www.editorialjuventud.es\/wp-content\/uploads\/AZUL_Cover_CAST-100x100.jpg","woocommerce_gallery_thumbnail-width":100,"woocommerce_gallery_thumbnail-height":100,"ppec_logo_image_size":"https:\/\/www.editorialjuventud.es\/wp-content\/uploads\/AZUL_Cover_CAST-57x60.jpg","ppec_logo_image_size-width":57,"ppec_logo_image_size-height":60,"ppec_header_image_size":"https:\/\/www.editorialjuventud.es\/wp-content\/uploads\/AZUL_Cover_CAST-86x90.jpg","ppec_header_image_size-width":86,"ppec_header_image_size-height":90}},"texto_enlace_ficha_tecnica":"","enlace_ficha_tecnica":{"ID":72291,"id":72291,"title":"AZUL VERDE_CAST","filename":"AZUL-VERDE_CAST.pdf","filesize":1725602,"url":"https:\/\/www.editorialjuventud.es\/wp-content\/uploads\/AZUL-VERDE_CAST.pdf","link":"https:\/\/www.editorialjuventud.es\/ca\/?attachment_id=72291","alt":"","author":"50","description":"","caption":"","name":"azul-verde_cast","status":"inherit","uploaded_to":71504,"date":"2022-11-28 16:19:02","modified":"2022-11-28 16:19:02","menu_order":0,"mime_type":"application\/pdf","type":"application","subtype":"pdf","icon":"https:\/\/www.editorialjuventud.es\/wp-includes\/images\/media\/document.png"},"ficheros":false,"titulo-fr":"Blue","texto-fr":"<p>Tell me, mom, what is the color BLUE like?<\/p>\n<p>Mmm, so, the color blue is\u2026<\/p>\n<p>Fragrant and subtle as a token of love.<\/p>\n<p>Graceful and beautiful as a winged flower.<\/p>\n<p>Immerse yourself in this poetic universe and explore the COLORS through your senses. In this book, you can see, listen, smell, touch, taste, and above all, imagine them.<\/p>\n<p><span style=\"color: #008080;\"><em>\u203a Rights sold: Korean and Brazil<\/em><\/span><\/p>\n"},"yoast_head":"<!-- This site is optimized with the Yoast SEO plugin v27.5 - https:\/\/yoast.com\/product\/yoast-seo-wordpress\/ -->\n<title>Azul - Editorial Juventud<\/title>\n<meta name=\"description\" content=\"Dime, mam\u00e1, \u00bfc\u00f3mo es el color azul? Mmm, bueno..., el azul es... Fragante y sutil, como una muestra de amor. Gr\u00e1cil y hermoso, como una flor alada. Una\" \/>\n<meta name=\"robots\" content=\"index, follow, max-snippet:-1, max-image-preview:large, max-video-preview:-1\" \/>\n<link rel=\"canonical\" href=\"https:\/\/www.editorialjuventud.es\/azul-9788426148070\/\" \/>\n<meta property=\"og:locale\" content=\"ca_ES\" \/>\n<meta property=\"og:type\" content=\"article\" \/>\n<meta property=\"og:title\" content=\"Azul - Editorial Juventud\" \/>\n<meta property=\"og:description\" content=\"Dime, mam\u00e1, \u00bfc\u00f3mo es el color azul? Mmm, bueno..., el azul es... Fragante y sutil, como una muestra de amor. Gr\u00e1cil y hermoso, como una flor alada. Una\" \/>\n<meta property=\"og:url\" content=\"https:\/\/www.editorialjuventud.es\/azul-9788426148070\/\" \/>\n<meta property=\"og:site_name\" content=\"Editorial Juventud\" \/>\n<meta property=\"article:modified_time\" content=\"2025-04-30T09:08:56+00:00\" \/>\n<meta property=\"og:image\" content=\"https:\/\/www.editorialjuventud.es\/wp-content\/uploads\/9788426148070.jpg\" \/>\n\t<meta property=\"og:image:width\" content=\"567\" \/>\n\t<meta property=\"og:image:height\" content=\"596\" \/>\n\t<meta property=\"og:image:type\" content=\"image\/jpeg\" \/>\n<meta name=\"twitter:card\" content=\"summary_large_image\" \/>\n<meta name=\"twitter:label1\" content=\"Temps estimat de lectura\" \/>\n\t<meta name=\"twitter:data1\" content=\"1 minut\" \/>\n<script type=\"application\/ld+json\" class=\"yoast-schema-graph\">{\"@context\":\"https:\\\/\\\/schema.org\",\"@graph\":[{\"@type\":\"WebPage\",\"@id\":\"https:\\\/\\\/www.editorialjuventud.es\\\/azul-9788426148070\\\/\",\"url\":\"https:\\\/\\\/www.editorialjuventud.es\\\/azul-9788426148070\\\/\",\"name\":\"Azul - Editorial Juventud\",\"isPartOf\":{\"@id\":\"https:\\\/\\\/www.editorialjuventud.es\\\/#website\"},\"primaryImageOfPage\":{\"@id\":\"https:\\\/\\\/www.editorialjuventud.es\\\/azul-9788426148070\\\/#primaryimage\"},\"image\":{\"@id\":\"https:\\\/\\\/www.editorialjuventud.es\\\/azul-9788426148070\\\/#primaryimage\"},\"thumbnailUrl\":\"https:\\\/\\\/www.editorialjuventud.es\\\/wp-content\\\/uploads\\\/9788426148070.jpg\",\"datePublished\":\"2022-11-07T08:56:18+00:00\",\"dateModified\":\"2025-04-30T09:08:56+00:00\",\"description\":\"Dime, mam\u00e1, \u00bfc\u00f3mo es el color azul? Mmm, bueno..., el azul es... Fragante y sutil, como una muestra de amor. Gr\u00e1cil y hermoso, como una flor alada. Una\",\"breadcrumb\":{\"@id\":\"https:\\\/\\\/www.editorialjuventud.es\\\/azul-9788426148070\\\/#breadcrumb\"},\"inLanguage\":\"ca\",\"potentialAction\":[{\"@type\":\"ReadAction\",\"target\":[\"https:\\\/\\\/www.editorialjuventud.es\\\/azul-9788426148070\\\/\"]}]},{\"@type\":\"ImageObject\",\"inLanguage\":\"ca\",\"@id\":\"https:\\\/\\\/www.editorialjuventud.es\\\/azul-9788426148070\\\/#primaryimage\",\"url\":\"https:\\\/\\\/www.editorialjuventud.es\\\/wp-content\\\/uploads\\\/9788426148070.jpg\",\"contentUrl\":\"https:\\\/\\\/www.editorialjuventud.es\\\/wp-content\\\/uploads\\\/9788426148070.jpg\",\"width\":567,\"height\":596,\"caption\":\"9788426148070.jpg\"},{\"@type\":\"BreadcrumbList\",\"@id\":\"https:\\\/\\\/www.editorialjuventud.es\\\/azul-9788426148070\\\/#breadcrumb\",\"itemListElement\":[{\"@type\":\"ListItem\",\"position\":1,\"name\":\"Portada\",\"item\":\"https:\\\/\\\/www.editorialjuventud.es\\\/\"},{\"@type\":\"ListItem\",\"position\":2,\"name\":\"cat\u00e1logo\",\"item\":\"https:\\\/\\\/www.editorialjuventud.es\\\/coleccion\\\/catalogo\\\/\"},{\"@type\":\"ListItem\",\"position\":3,\"name\":\"castellano\",\"item\":\"https:\\\/\\\/www.editorialjuventud.es\\\/coleccion\\\/castellano\\\/\"},{\"@type\":\"ListItem\",\"position\":4,\"name\":\"Mis Primeros Libros\",\"item\":\"https:\\\/\\\/www.editorialjuventud.es\\\/coleccion\\\/mis-primeros-libros\\\/\"},{\"@type\":\"ListItem\",\"position\":5,\"name\":\"Arco\u00edris\",\"item\":\"https:\\\/\\\/www.editorialjuventud.es\\\/coleccion\\\/arcoiris\\\/\"},{\"@type\":\"ListItem\",\"position\":6,\"name\":\"Azul\"}]},{\"@type\":\"WebSite\",\"@id\":\"https:\\\/\\\/www.editorialjuventud.es\\\/#website\",\"url\":\"https:\\\/\\\/www.editorialjuventud.es\\\/\",\"name\":\"Editorial Juventud\",\"description\":\"\",\"potentialAction\":[{\"@type\":\"SearchAction\",\"target\":{\"@type\":\"EntryPoint\",\"urlTemplate\":\"https:\\\/\\\/www.editorialjuventud.es\\\/?s={search_term_string}\"},\"query-input\":{\"@type\":\"PropertyValueSpecification\",\"valueRequired\":true,\"valueName\":\"search_term_string\"}}],\"inLanguage\":\"ca\"}]}<\/script>\n<!-- \/ Yoast SEO plugin. -->","yoast_head_json":{"title":"Azul - Editorial Juventud","description":"Dime, mam\u00e1, \u00bfc\u00f3mo es el color azul? Mmm, bueno..., el azul es... Fragante y sutil, como una muestra de amor. Gr\u00e1cil y hermoso, como una flor alada. Una","robots":{"index":"index","follow":"follow","max-snippet":"max-snippet:-1","max-image-preview":"max-image-preview:large","max-video-preview":"max-video-preview:-1"},"canonical":"https:\/\/www.editorialjuventud.es\/azul-9788426148070\/","og_locale":"ca_ES","og_type":"article","og_title":"Azul - Editorial Juventud","og_description":"Dime, mam\u00e1, \u00bfc\u00f3mo es el color azul? Mmm, bueno..., el azul es... Fragante y sutil, como una muestra de amor. Gr\u00e1cil y hermoso, como una flor alada. Una","og_url":"https:\/\/www.editorialjuventud.es\/azul-9788426148070\/","og_site_name":"Editorial Juventud","article_modified_time":"2025-04-30T09:08:56+00:00","og_image":[{"width":567,"height":596,"url":"https:\/\/www.editorialjuventud.es\/wp-content\/uploads\/9788426148070.jpg","type":"image\/jpeg"}],"twitter_card":"summary_large_image","twitter_misc":{"Temps estimat de lectura":"1 minut"},"schema":{"@context":"https:\/\/schema.org","@graph":[{"@type":"WebPage","@id":"https:\/\/www.editorialjuventud.es\/azul-9788426148070\/","url":"https:\/\/www.editorialjuventud.es\/azul-9788426148070\/","name":"Azul - Editorial Juventud","isPartOf":{"@id":"https:\/\/www.editorialjuventud.es\/#website"},"primaryImageOfPage":{"@id":"https:\/\/www.editorialjuventud.es\/azul-9788426148070\/#primaryimage"},"image":{"@id":"https:\/\/www.editorialjuventud.es\/azul-9788426148070\/#primaryimage"},"thumbnailUrl":"https:\/\/www.editorialjuventud.es\/wp-content\/uploads\/9788426148070.jpg","datePublished":"2022-11-07T08:56:18+00:00","dateModified":"2025-04-30T09:08:56+00:00","description":"Dime, mam\u00e1, \u00bfc\u00f3mo es el color azul? Mmm, bueno..., el azul es... Fragante y sutil, como una muestra de amor. Gr\u00e1cil y hermoso, como una flor alada. Una","breadcrumb":{"@id":"https:\/\/www.editorialjuventud.es\/azul-9788426148070\/#breadcrumb"},"inLanguage":"ca","potentialAction":[{"@type":"ReadAction","target":["https:\/\/www.editorialjuventud.es\/azul-9788426148070\/"]}]},{"@type":"ImageObject","inLanguage":"ca","@id":"https:\/\/www.editorialjuventud.es\/azul-9788426148070\/#primaryimage","url":"https:\/\/www.editorialjuventud.es\/wp-content\/uploads\/9788426148070.jpg","contentUrl":"https:\/\/www.editorialjuventud.es\/wp-content\/uploads\/9788426148070.jpg","width":567,"height":596,"caption":"9788426148070.jpg"},{"@type":"BreadcrumbList","@id":"https:\/\/www.editorialjuventud.es\/azul-9788426148070\/#breadcrumb","itemListElement":[{"@type":"ListItem","position":1,"name":"Portada","item":"https:\/\/www.editorialjuventud.es\/"},{"@type":"ListItem","position":2,"name":"cat\u00e1logo","item":"https:\/\/www.editorialjuventud.es\/coleccion\/catalogo\/"},{"@type":"ListItem","position":3,"name":"castellano","item":"https:\/\/www.editorialjuventud.es\/coleccion\/castellano\/"},{"@type":"ListItem","position":4,"name":"Mis Primeros Libros","item":"https:\/\/www.editorialjuventud.es\/coleccion\/mis-primeros-libros\/"},{"@type":"ListItem","position":5,"name":"Arco\u00edris","item":"https:\/\/www.editorialjuventud.es\/coleccion\/arcoiris\/"},{"@type":"ListItem","position":6,"name":"Azul"}]},{"@type":"WebSite","@id":"https:\/\/www.editorialjuventud.es\/#website","url":"https:\/\/www.editorialjuventud.es\/","name":"Editorial Juventud","description":"","potentialAction":[{"@type":"SearchAction","target":{"@type":"EntryPoint","urlTemplate":"https:\/\/www.editorialjuventud.es\/?s={search_term_string}"},"query-input":{"@type":"PropertyValueSpecification","valueRequired":true,"valueName":"search_term_string"}}],"inLanguage":"ca"}]}},"_links":{"self":[{"href":"https:\/\/www.editorialjuventud.es\/ca\/wp-json\/wp\/v2\/product\/71504","targetHints":{"allow":["GET"]}}],"collection":[{"href":"https:\/\/www.editorialjuventud.es\/ca\/wp-json\/wp\/v2\/product"}],"about":[{"href":"https:\/\/www.editorialjuventud.es\/ca\/wp-json\/wp\/v2\/types\/product"}],"wp:featuredmedia":[{"embeddable":true,"href":"https:\/\/www.editorialjuventud.es\/ca\/wp-json\/wp\/v2\/media\/71505"}],"wp:attachment":[{"href":"https:\/\/www.editorialjuventud.es\/ca\/wp-json\/wp\/v2\/media?parent=71504"}],"wp:term":[{"taxonomy":"product_brand","embeddable":true,"href":"https:\/\/www.editorialjuventud.es\/ca\/wp-json\/wp\/v2\/product_brand?post=71504"},{"taxonomy":"product_cat","embeddable":true,"href":"https:\/\/www.editorialjuventud.es\/ca\/wp-json\/wp\/v2\/product_cat?post=71504"},{"taxonomy":"product_tag","embeddable":true,"href":"https:\/\/www.editorialjuventud.es\/ca\/wp-json\/wp\/v2\/product_tag?post=71504"},{"taxonomy":"coleccion","embeddable":true,"href":"https:\/\/www.editorialjuventud.es\/ca\/wp-json\/wp\/v2\/coleccion?post=71504"}],"curies":[{"name":"wp","href":"https:\/\/api.w.org\/{rel}","templated":true}]}}